{"id":98124,"date":"2024-08-08T10:00:37","date_gmt":"2024-08-08T08:00:37","guid":{"rendered":"https:\/\/shop.bjerring-sales.dk\/sv\/produkt\/upis1-stand-up-pall-2\/"},"modified":"2024-10-25T16:34:06","modified_gmt":"2024-10-25T14:34:06","slug":"upis1-stand-up-pall","status":"publish","type":"product","link":"https:\/\/shop.bjerring-sales.dk\/en\/product\/upis1-stand-up-pall\/","title":{"rendered":"UPis1 Stand-Up \u2013 Stool"},"content":{"rendered":"<div class=\"wpb-content-wrapper\"><div class=\"vc_row wpb_row vc_row-fluid\"><div class=\"wpb_column vc_column_container vc_col-sm-12\"><div class=\"vc_column-inner\"><div class=\"wpb_wrapper\">\n\t<div class=\"wpb_text_column wpb_content_element\" >\n\t\t<div class=\"wpb_wrapper\">\n\t\t\t<p><span style=\"font-size: 24pt\">UPis1 Stand-Up 110U is an ergonomic standing stool from Interstuhl<br \/>\n<\/span>With the UPis1 Stand-Up from Interstuhl, you can easily introduce more movement into your everyday life. The standing ergonomic stool can be used for many purposes, in spontaneous meetings, in workshops or during brainstorming. The UPis1 Stand-Up is an exciting alternative to the classic swivel chair.<\/p>\n\n\t\t<\/div>\n\t<\/div>\n<\/div><\/div><\/div><\/div><div class=\"vc_row wpb_row vc_row-fluid\"><div class=\"wpb_column vc_column_container vc_col-sm-4\"><div class=\"vc_column-inner\"><div class=\"wpb_wrapper\">\n\t<div  class=\"wpb_single_image wpb_content_element vc_align_center\">\n\t\t\n\t\t<figure class=\"wpb_wrapper vc_figure\">\n\t\t\t<div class=\"vc_single_image-wrapper vc_box_shadow_border  vc_box_border_grey\"><img loading=\"lazy\" decoding=\"async\" width=\"800\" height=\"550\" src=\"https:\/\/shop.bjerring-sales.dk\/wp-content\/uploads\/2024\/08\/UPis1-standup_2.jpg\" class=\"vc_single_image-img attachment-full\" alt=\"\" title=\"UPis1-standup_2\" srcset=\"https:\/\/shop.bjerring-sales.dk\/wp-content\/uploads\/2024\/08\/UPis1-standup_2.jpg 800w, https:\/\/shop.bjerring-sales.dk\/wp-content\/uploads\/2024\/08\/UPis1-standup_2-150x103.jpg 150w, https:\/\/shop.bjerring-sales.dk\/wp-content\/uploads\/2024\/08\/UPis1-standup_2-600x413.jpg 600w, https:\/\/shop.bjerring-sales.dk\/wp-content\/uploads\/2024\/08\/UPis1-standup_2-300x206.jpg 300w, https:\/\/shop.bjerring-sales.dk\/wp-content\/uploads\/2024\/08\/UPis1-standup_2-768x528.jpg 768w, https:\/\/shop.bjerring-sales.dk\/wp-content\/uploads\/2024\/08\/UPis1-standup_2-18x12.jpg 18w\" sizes=\"auto, (max-width: 800px) 100vw, 800px\" \/><\/div>\n\t\t<\/figure>\n\t<\/div>\n<\/div><\/div><\/div><div class=\"wpb_column vc_column_container vc_col-sm-4\"><div class=\"vc_column-inner\"><div class=\"wpb_wrapper\">\n\t<div  class=\"wpb_single_image wpb_content_element vc_align_center\">\n\t\t\n\t\t<figure class=\"wpb_wrapper vc_figure\">\n\t\t\t<div class=\"vc_single_image-wrapper vc_box_shadow_border  vc_box_border_grey\"><img loading=\"lazy\" decoding=\"async\" width=\"800\" height=\"550\" src=\"https:\/\/shop.bjerring-sales.dk\/wp-content\/uploads\/2024\/08\/UPis1-standup_1.jpg\" class=\"vc_single_image-img attachment-full\" alt=\"\" title=\"UPis1-standup_1\" srcset=\"https:\/\/shop.bjerring-sales.dk\/wp-content\/uploads\/2024\/08\/UPis1-standup_1.jpg 800w, https:\/\/shop.bjerring-sales.dk\/wp-content\/uploads\/2024\/08\/UPis1-standup_1-150x103.jpg 150w, https:\/\/shop.bjerring-sales.dk\/wp-content\/uploads\/2024\/08\/UPis1-standup_1-600x413.jpg 600w, https:\/\/shop.bjerring-sales.dk\/wp-content\/uploads\/2024\/08\/UPis1-standup_1-300x206.jpg 300w, https:\/\/shop.bjerring-sales.dk\/wp-content\/uploads\/2024\/08\/UPis1-standup_1-768x528.jpg 768w, https:\/\/shop.bjerring-sales.dk\/wp-content\/uploads\/2024\/08\/UPis1-standup_1-18x12.jpg 18w\" sizes=\"auto, (max-width: 800px) 100vw, 800px\" \/><\/div>\n\t\t<\/figure>\n\t<\/div>\n<\/div><\/div><\/div><div class=\"wpb_column vc_column_container vc_col-sm-4\"><div class=\"vc_column-inner\"><div class=\"wpb_wrapper\">\n\t<div  class=\"wpb_single_image wpb_content_element vc_align_center\">\n\t\t\n\t\t<figure class=\"wpb_wrapper vc_figure\">\n\t\t\t<div class=\"vc_single_image-wrapper vc_box_shadow_border  vc_box_border_grey\"><img loading=\"lazy\" decoding=\"async\" width=\"800\" height=\"550\" src=\"https:\/\/shop.bjerring-sales.dk\/wp-content\/uploads\/2024\/08\/Milieu_Up3.jpg\" class=\"vc_single_image-img attachment-full\" alt=\"\" title=\"Milieu_Up3\" srcset=\"https:\/\/shop.bjerring-sales.dk\/wp-content\/uploads\/2024\/08\/Milieu_Up3.jpg 800w, https:\/\/shop.bjerring-sales.dk\/wp-content\/uploads\/2024\/08\/Milieu_Up3-150x103.jpg 150w, https:\/\/shop.bjerring-sales.dk\/wp-content\/uploads\/2024\/08\/Milieu_Up3-600x413.jpg 600w, https:\/\/shop.bjerring-sales.dk\/wp-content\/uploads\/2024\/08\/Milieu_Up3-300x206.jpg 300w, https:\/\/shop.bjerring-sales.dk\/wp-content\/uploads\/2024\/08\/Milieu_Up3-768x528.jpg 768w, https:\/\/shop.bjerring-sales.dk\/wp-content\/uploads\/2024\/08\/Milieu_Up3-18x12.jpg 18w\" sizes=\"auto, (max-width: 800px) 100vw, 800px\" \/><\/div>\n\t\t<\/figure>\n\t<\/div>\n<\/div><\/div><\/div><\/div><div class=\"vc_row wpb_row vc_row-fluid\"><div class=\"wpb_column vc_column_container vc_col-sm-6\"><div class=\"vc_column-inner\"><div class=\"wpb_wrapper\">\n\t<div class=\"wpb_text_column wpb_content_element\" >\n\t\t<div class=\"wpb_wrapper\">\n\t\t\t<p><span style=\"font-size: 18pt\">Interstuhl \u2013 With pioneering spirit to success<\/span><\/p>\n<p>The company was founded in 1930 by Wilhelm Link as a farrier in Tieringen (Baden-W\u00fcrttemberg). Due to the decline in horse keeping after the end of World War II, Link and his son Werner developed a new business idea: due to the lack of comfortable seating for seamstresses in the textile industry, the duo invented suitable chairs for the workers in 1961 and began manufacturing industrial work chairs. The interstuhl brand was launched in 1967. The company, which is still family-owned today, is now one of the leading suppliers of industrial and office chairs and still traditionally manufactures in Germany. By using the latest technology, always together with a sustainable awareness, excellent design products are created with the highest quality standards.<\/p>\n<p><span style=\"font-size: 18pt\">Specifications<\/span><\/p>\n<ul>\n<li>Continuous seat height adjustment via wrist strap from 590 \u2013 845 mm (safety gas spring). Swivel top. Flexible standing support. Practical and stylish strap for both height adjustment and transport.<\/li>\n<li>The surface of the seat consists of a soft seat insert with non-slip protection, basalt gray RAL 7012<\/li>\n<li>The frame is made of Polyamide<\/li>\n<li>All materials are clean and recyclable. The product is not suitable for outdoor areas.<\/li>\n<li>Environmentally friendly<\/li>\n<\/ul>\n<p><span style=\"font-size: 18pt\">Colors<\/span><\/p>\n<ul>\n<li>The UPis1 Stand-Up is stocked in black, red, turquoise, yellow, off-white and salmon pink<\/li>\n<\/ul>\n<p><span style=\"font-size: 18pt\">Measure<\/span><\/p>\n<ul>\n<li>Height: 590 \u2013 845 mm<\/li>\n<li>Width: 330 mm<\/li>\n<\/ul>\n\n\t\t<\/div>\n\t<\/div>\n<\/div><\/div><\/div><div class=\"wpb_column vc_column_container vc_col-sm-6\"><div class=\"vc_column-inner\"><div class=\"wpb_wrapper\">\n\t<div class=\"wpb_text_column wpb_content_element\" >\n\t\t<div class=\"wpb_wrapper\">\n\t\t\t<p><span style=\"font-size: 18pt\">Weight<\/span><\/p>\n<ul>\n<li>Weight: 5kg<\/li>\n<\/ul>\n<p><span style=\"font-size: 18pt\">Standards &amp; certifications<\/span><\/p>\n<ul>\n<li>Standards GS-Symbol for tested safety. LEVEL\u00ae 3 \u2013 platinum certification in conformance to ANSI\/BIFMA e3 Furniture Sustainability Standard.<\/li>\n<li>Quality management system DIN EN ISO 9001:2015, Regulation (EC) no. 1221\/2009 (EMAS), Environmental Management System DIN EN ISO 14001:2015, Health and Safety Management System DIN ISO 45001:2018, Energy management system DIN EN ISO 50001:2018, EcoVadis gold, Commitment to sustainability. Blue Angel.<\/li>\n<\/ul>\n<p><span style=\"font-size: 18pt\">Guarantee<\/span><\/p>\n<ul>\n<li>10 year warranty<\/li>\n<\/ul>\n<p><a href=\"https:\/\/shop.bjerring-sales.dk\/wp-content\/uploads\/2024\/08\/Kollektionsuebersicht_UP.jpg\"><img loading=\"lazy\" decoding=\"async\" class=\"alignnone size-full wp-image-100219\" src=\"https:\/\/shop.bjerring-sales.dk\/wp-content\/uploads\/2024\/08\/Kollektionsuebersicht_UP.jpg\" alt=\"\" width=\"1000\" height=\"438\" srcset=\"https:\/\/shop.bjerring-sales.dk\/wp-content\/uploads\/2024\/08\/Kollektionsuebersicht_UP.jpg 1000w, https:\/\/shop.bjerring-sales.dk\/wp-content\/uploads\/2024\/08\/Kollektionsuebersicht_UP-150x66.jpg 150w, https:\/\/shop.bjerring-sales.dk\/wp-content\/uploads\/2024\/08\/Kollektionsuebersicht_UP-600x263.jpg 600w, https:\/\/shop.bjerring-sales.dk\/wp-content\/uploads\/2024\/08\/Kollektionsuebersicht_UP-300x131.jpg 300w, https:\/\/shop.bjerring-sales.dk\/wp-content\/uploads\/2024\/08\/Kollektionsuebersicht_UP-768x336.jpg 768w, https:\/\/shop.bjerring-sales.dk\/wp-content\/uploads\/2024\/08\/Kollektionsuebersicht_UP-18x8.jpg 18w\" sizes=\"auto, (max-width: 1000px) 100vw, 1000px\" \/><\/a><\/p>\n\n\t\t<\/div>\n\t<\/div>\n<\/div><\/div><\/div><\/div>\n<\/div>","protected":false},"excerpt":{"rendered":"<p>With the UPis1 Stand-Up from Interstuhl, you can easily introduce more movement into your everyday life. The standing ergonomic stool can be used for many purposes, in spontaneous meetings, in workshops or during brainstorming. The UPis1 Stand-Up is an exciting alternative to the classic swivel chair. Black colour<\/p>","protected":false},"featured_media":98122,"template":"","meta":{"iawp_total_views":6},"product_brand":[],"product_cat":[5785,5826,6025,5896,6349],"product_tag":[5876,5950,6031,6319,6320,6321],"class_list":{"0":"post-98124","1":"product","2":"type-product","3":"status-publish","4":"has-post-thumbnail","6":"product_cat-hemmakontor","7":"product_cat-skrivbordsstolar","8":"product_cat-ergonomiskt-sittande","9":"product_cat-barstolar","10":"product_cat-interstuhl","11":"product_tag-interstuhl","12":"product_tag-balanspall","13":"product_tag-ergonomiskt-sittande","14":"product_tag-upis1-stand-up","15":"product_tag-pall","16":"product_tag-upis1-110u","18":"first","19":"instock","20":"taxable","21":"shipping-taxable","22":"purchasable","23":"product-type-variable"},"yoast_head":"<!-- This site is optimized with the Yoast SEO plugin v27.0 - https:\/\/yoast.com\/product\/yoast-seo-wordpress\/ -->\n<title>UPis1 Stand-Up - Pall - Bjerring-Sales<\/title>\n<meta name=\"description\" content=\"Med UPis1 Stand-Up fr\u00e5n Interstuhl kan du p\u00e5 ett enkelt s\u00e4tt f\u00f6ra in mer r\u00f6relse i din vardag. Den st\u00e5ende ergonomiska st\u00e5pallen kan anv\u00e4ndas till m\u00e5nga \u00e4ndam\u00e5l, vid spontana m\u00f6ten, i workshops eller vid brainstorming.\" \/>\n<meta name=\"robots\" content=\"index, follow, max-snippet:-1, max-image-preview:large, max-video-preview:-1\" \/>\n<link rel=\"canonical\" href=\"https:\/\/shop.bjerring-sales.dk\/en\/product\/upis1-stand-up-pall\/\" \/>\n<meta property=\"og:locale\" content=\"en_GB\" \/>\n<meta property=\"og:type\" content=\"article\" \/>\n<meta property=\"og:title\" content=\"UPis1 Stand-Up \u00e4r en ergonomisk st\u00e5pall\" \/>\n<meta property=\"og:description\" content=\"Med UPis1 Stand-Up fr\u00e5n Interstuhl kan du p\u00e5 ett enkelt s\u00e4tt f\u00f6ra in mer r\u00f6relse i din vardag. Den st\u00e5ende ergonomiska st\u00e5pallen kan anv\u00e4ndas till m\u00e5nga \u00e4ndam\u00e5l, vid spontana m\u00f6ten, i workshops eller vid brainstorming.\" \/>\n<meta property=\"og:url\" content=\"https:\/\/shop.bjerring-sales.dk\/en\/product\/upis1-stand-up-pall\/\" \/>\n<meta property=\"og:site_name\" content=\"Bjerring-Sales\" \/>\n<meta property=\"article:modified_time\" content=\"2024-10-25T14:34:06+00:00\" \/>\n<meta property=\"og:image\" content=\"https:\/\/shop.bjerring-sales.dk\/wp-content\/uploads\/2024\/08\/UPis1-standup_2.jpg\" \/>\n\t<meta property=\"og:image:width\" content=\"800\" \/>\n\t<meta property=\"og:image:height\" content=\"550\" \/>\n\t<meta property=\"og:image:type\" content=\"image\/jpeg\" \/>\n<meta name=\"twitter:card\" content=\"summary_large_image\" \/>\n<meta name=\"twitter:title\" content=\"UPis1 Stand-Up \u00e4r en ergonomisk st\u00e5pall\" \/>\n<meta name=\"twitter:description\" content=\"Med UPis1 Stand-Up fr\u00e5n Interstuhl kan du p\u00e5 ett enkelt s\u00e4tt f\u00f6ra in mer r\u00f6relse i din vardag. Den st\u00e5ende ergonomiska st\u00e5pallen kan anv\u00e4ndas till m\u00e5nga \u00e4ndam\u00e5l, vid spontana m\u00f6ten, i workshops eller vid brainstorming.\" \/>\n<meta name=\"twitter:image\" content=\"https:\/\/shop.bjerring-sales.dk\/wp-content\/uploads\/2024\/08\/UPis1-standup_2.jpg\" \/>\n<meta name=\"twitter:label1\" content=\"Estimated reading time\" \/>\n\t<meta name=\"twitter:data1\" content=\"2 minutes\" \/>\n<script type=\"application\/ld+json\" class=\"yoast-schema-graph\">{\"@context\":\"https:\/\/schema.org\",\"@graph\":[{\"@type\":\"WebPage\",\"@id\":\"https:\/\/shop.bjerring-sales.dk\/sv\/produkt\/upis1-stand-up-pall\/\",\"url\":\"https:\/\/shop.bjerring-sales.dk\/sv\/produkt\/upis1-stand-up-pall\/\",\"name\":\"UPis1 Stand-Up - Pall - Bjerring-Sales\",\"isPartOf\":{\"@id\":\"https:\/\/shop.bjerring-sales.dk\/#website\"},\"primaryImageOfPage\":{\"@id\":\"https:\/\/shop.bjerring-sales.dk\/sv\/produkt\/upis1-stand-up-pall\/#primaryimage\"},\"image\":{\"@id\":\"https:\/\/shop.bjerring-sales.dk\/sv\/produkt\/upis1-stand-up-pall\/#primaryimage\"},\"thumbnailUrl\":\"https:\/\/shop.bjerring-sales.dk\/wp-content\/uploads\/2024\/08\/UPis1_110U_SMART-WHITE.jpg\",\"datePublished\":\"2024-08-08T08:00:37+00:00\",\"dateModified\":\"2024-10-25T14:34:06+00:00\",\"description\":\"Med UPis1 Stand-Up fr\u00e5n Interstuhl kan du p\u00e5 ett enkelt s\u00e4tt f\u00f6ra in mer r\u00f6relse i din vardag. Den st\u00e5ende ergonomiska st\u00e5pallen kan anv\u00e4ndas till m\u00e5nga \u00e4ndam\u00e5l, vid spontana m\u00f6ten, i workshops eller vid brainstorming.\",\"breadcrumb\":{\"@id\":\"https:\/\/shop.bjerring-sales.dk\/sv\/produkt\/upis1-stand-up-pall\/#breadcrumb\"},\"inLanguage\":\"en-GB\",\"potentialAction\":[{\"@type\":\"ReadAction\",\"target\":[\"https:\/\/shop.bjerring-sales.dk\/sv\/produkt\/upis1-stand-up-pall\/\"]}]},{\"@type\":\"ImageObject\",\"inLanguage\":\"en-GB\",\"@id\":\"https:\/\/shop.bjerring-sales.dk\/sv\/produkt\/upis1-stand-up-pall\/#primaryimage\",\"url\":\"https:\/\/shop.bjerring-sales.dk\/wp-content\/uploads\/2024\/08\/UPis1_110U_SMART-WHITE.jpg\",\"contentUrl\":\"https:\/\/shop.bjerring-sales.dk\/wp-content\/uploads\/2024\/08\/UPis1_110U_SMART-WHITE.jpg\",\"width\":800,\"height\":800},{\"@type\":\"BreadcrumbList\",\"@id\":\"https:\/\/shop.bjerring-sales.dk\/sv\/produkt\/upis1-stand-up-pall\/#breadcrumb\",\"itemListElement\":[{\"@type\":\"ListItem\",\"position\":1,\"name\":\"Hem\",\"item\":\"https:\/\/shop.bjerring-sales.dk\/\"},{\"@type\":\"ListItem\",\"position\":2,\"name\":\"Webbutik\",\"item\":\"https:\/\/shop.bjerring-sales.dk\/butik\/\"},{\"@type\":\"ListItem\",\"position\":3,\"name\":\"UPis1 Stand-Up &#8211; Pall\"}]},{\"@type\":\"WebSite\",\"@id\":\"https:\/\/shop.bjerring-sales.dk\/#website\",\"url\":\"https:\/\/shop.bjerring-sales.dk\/\",\"name\":\"Bjerring-Sales\",\"description\":\"M\u00f6bler f\u00f6r teatrar, skolor, kontor och k\u00f6pcentrum\",\"publisher\":{\"@id\":\"https:\/\/shop.bjerring-sales.dk\/#organization\"},\"potentialAction\":[{\"@type\":\"SearchAction\",\"target\":{\"@type\":\"EntryPoint\",\"urlTemplate\":\"https:\/\/shop.bjerring-sales.dk\/?s={search_term_string}\"},\"query-input\":{\"@type\":\"PropertyValueSpecification\",\"valueRequired\":true,\"valueName\":\"search_term_string\"}}],\"inLanguage\":\"en-GB\"},{\"@type\":\"Organization\",\"@id\":\"https:\/\/shop.bjerring-sales.dk\/#organization\",\"name\":\"Bjerring-Sales\",\"url\":\"https:\/\/shop.bjerring-sales.dk\/\",\"logo\":{\"@type\":\"ImageObject\",\"inLanguage\":\"en-GB\",\"@id\":\"https:\/\/shop.bjerring-sales.dk\/#\/schema\/logo\/image\/\",\"url\":\"https:\/\/shop.bjerring-sales.dk\/wp-content\/uploads\/2023\/01\/logo_sv.png\",\"contentUrl\":\"https:\/\/shop.bjerring-sales.dk\/wp-content\/uploads\/2023\/01\/logo_sv.png\",\"width\":195,\"height\":68,\"caption\":\"Bjerring-Sales\"},\"image\":{\"@id\":\"https:\/\/shop.bjerring-sales.dk\/#\/schema\/logo\/image\/\"}}]}<\/script>\n<!-- \/ Yoast SEO plugin. -->","yoast_head_json":{"title":"UPis1 Stand-Up - Pall - Bjerring-Sales","description":"Med UPis1 Stand-Up fr\u00e5n Interstuhl kan du p\u00e5 ett enkelt s\u00e4tt f\u00f6ra in mer r\u00f6relse i din vardag. Den st\u00e5ende ergonomiska st\u00e5pallen kan anv\u00e4ndas till m\u00e5nga \u00e4ndam\u00e5l, vid spontana m\u00f6ten, i workshops eller vid brainstorming.","robots":{"index":"index","follow":"follow","max-snippet":"max-snippet:-1","max-image-preview":"max-image-preview:large","max-video-preview":"max-video-preview:-1"},"canonical":"https:\/\/shop.bjerring-sales.dk\/en\/product\/upis1-stand-up-pall\/","og_locale":"en_GB","og_type":"article","og_title":"UPis1 Stand-Up \u00e4r en ergonomisk st\u00e5pall","og_description":"Med UPis1 Stand-Up fr\u00e5n Interstuhl kan du p\u00e5 ett enkelt s\u00e4tt f\u00f6ra in mer r\u00f6relse i din vardag. Den st\u00e5ende ergonomiska st\u00e5pallen kan anv\u00e4ndas till m\u00e5nga \u00e4ndam\u00e5l, vid spontana m\u00f6ten, i workshops eller vid brainstorming.","og_url":"https:\/\/shop.bjerring-sales.dk\/en\/product\/upis1-stand-up-pall\/","og_site_name":"Bjerring-Sales","article_modified_time":"2024-10-25T14:34:06+00:00","og_image":[{"width":800,"height":550,"url":"https:\/\/shop.bjerring-sales.dk\/wp-content\/uploads\/2024\/08\/UPis1-standup_2.jpg","type":"image\/jpeg"}],"twitter_card":"summary_large_image","twitter_title":"UPis1 Stand-Up \u00e4r en ergonomisk st\u00e5pall","twitter_description":"Med UPis1 Stand-Up fr\u00e5n Interstuhl kan du p\u00e5 ett enkelt s\u00e4tt f\u00f6ra in mer r\u00f6relse i din vardag. Den st\u00e5ende ergonomiska st\u00e5pallen kan anv\u00e4ndas till m\u00e5nga \u00e4ndam\u00e5l, vid spontana m\u00f6ten, i workshops eller vid brainstorming.","twitter_image":"https:\/\/shop.bjerring-sales.dk\/wp-content\/uploads\/2024\/08\/UPis1-standup_2.jpg","twitter_misc":{"Estimated reading time":"2 minutes"},"schema":{"@context":"https:\/\/schema.org","@graph":[{"@type":"WebPage","@id":"https:\/\/shop.bjerring-sales.dk\/sv\/produkt\/upis1-stand-up-pall\/","url":"https:\/\/shop.bjerring-sales.dk\/sv\/produkt\/upis1-stand-up-pall\/","name":"UPis1 Stand-Up - Pall - Bjerring-Sales","isPartOf":{"@id":"https:\/\/shop.bjerring-sales.dk\/#website"},"primaryImageOfPage":{"@id":"https:\/\/shop.bjerring-sales.dk\/sv\/produkt\/upis1-stand-up-pall\/#primaryimage"},"image":{"@id":"https:\/\/shop.bjerring-sales.dk\/sv\/produkt\/upis1-stand-up-pall\/#primaryimage"},"thumbnailUrl":"https:\/\/shop.bjerring-sales.dk\/wp-content\/uploads\/2024\/08\/UPis1_110U_SMART-WHITE.jpg","datePublished":"2024-08-08T08:00:37+00:00","dateModified":"2024-10-25T14:34:06+00:00","description":"Med UPis1 Stand-Up fr\u00e5n Interstuhl kan du p\u00e5 ett enkelt s\u00e4tt f\u00f6ra in mer r\u00f6relse i din vardag. Den st\u00e5ende ergonomiska st\u00e5pallen kan anv\u00e4ndas till m\u00e5nga \u00e4ndam\u00e5l, vid spontana m\u00f6ten, i workshops eller vid brainstorming.","breadcrumb":{"@id":"https:\/\/shop.bjerring-sales.dk\/sv\/produkt\/upis1-stand-up-pall\/#breadcrumb"},"inLanguage":"en-GB","potentialAction":[{"@type":"ReadAction","target":["https:\/\/shop.bjerring-sales.dk\/sv\/produkt\/upis1-stand-up-pall\/"]}]},{"@type":"ImageObject","inLanguage":"en-GB","@id":"https:\/\/shop.bjerring-sales.dk\/sv\/produkt\/upis1-stand-up-pall\/#primaryimage","url":"https:\/\/shop.bjerring-sales.dk\/wp-content\/uploads\/2024\/08\/UPis1_110U_SMART-WHITE.jpg","contentUrl":"https:\/\/shop.bjerring-sales.dk\/wp-content\/uploads\/2024\/08\/UPis1_110U_SMART-WHITE.jpg","width":800,"height":800},{"@type":"BreadcrumbList","@id":"https:\/\/shop.bjerring-sales.dk\/sv\/produkt\/upis1-stand-up-pall\/#breadcrumb","itemListElement":[{"@type":"ListItem","position":1,"name":"Hem","item":"https:\/\/shop.bjerring-sales.dk\/"},{"@type":"ListItem","position":2,"name":"Webbutik","item":"https:\/\/shop.bjerring-sales.dk\/butik\/"},{"@type":"ListItem","position":3,"name":"UPis1 Stand-Up &#8211; Pall"}]},{"@type":"WebSite","@id":"https:\/\/shop.bjerring-sales.dk\/#website","url":"https:\/\/shop.bjerring-sales.dk\/","name":"Bjerring Sales","description":"Furniture for theatres, schools, offices and shopping centres","publisher":{"@id":"https:\/\/shop.bjerring-sales.dk\/#organization"},"potentialAction":[{"@type":"SearchAction","target":{"@type":"EntryPoint","urlTemplate":"https:\/\/shop.bjerring-sales.dk\/?s={search_term_string}"},"query-input":{"@type":"PropertyValueSpecification","valueRequired":true,"valueName":"search_term_string"}}],"inLanguage":"en-GB"},{"@type":"Organization","@id":"https:\/\/shop.bjerring-sales.dk\/#organization","name":"Bjerring Sales","url":"https:\/\/shop.bjerring-sales.dk\/","logo":{"@type":"ImageObject","inLanguage":"en-GB","@id":"https:\/\/shop.bjerring-sales.dk\/#\/schema\/logo\/image\/","url":"https:\/\/shop.bjerring-sales.dk\/wp-content\/uploads\/2023\/01\/logo_sv.png","contentUrl":"https:\/\/shop.bjerring-sales.dk\/wp-content\/uploads\/2023\/01\/logo_sv.png","width":195,"height":68,"caption":"Bjerring-Sales"},"image":{"@id":"https:\/\/shop.bjerring-sales.dk\/#\/schema\/logo\/image\/"}}]}},"_links":{"self":[{"href":"https:\/\/shop.bjerring-sales.dk\/en\/wp-json\/wp\/v2\/product\/98124","targetHints":{"allow":["GET"]}}],"collection":[{"href":"https:\/\/shop.bjerring-sales.dk\/en\/wp-json\/wp\/v2\/product"}],"about":[{"href":"https:\/\/shop.bjerring-sales.dk\/en\/wp-json\/wp\/v2\/types\/product"}],"wp:featuredmedia":[{"embeddable":true,"href":"https:\/\/shop.bjerring-sales.dk\/en\/wp-json\/wp\/v2\/media\/98122"}],"wp:attachment":[{"href":"https:\/\/shop.bjerring-sales.dk\/en\/wp-json\/wp\/v2\/media?parent=98124"}],"wp:term":[{"taxonomy":"product_brand","embeddable":true,"href":"https:\/\/shop.bjerring-sales.dk\/en\/wp-json\/wp\/v2\/product_brand?post=98124"},{"taxonomy":"product_cat","embeddable":true,"href":"https:\/\/shop.bjerring-sales.dk\/en\/wp-json\/wp\/v2\/product_cat?post=98124"},{"taxonomy":"product_tag","embeddable":true,"href":"https:\/\/shop.bjerring-sales.dk\/en\/wp-json\/wp\/v2\/product_tag?post=98124"}],"curies":[{"name":"wp","href":"https:\/\/api.w.org\/{rel}","templated":true}]}}