{"id":97927,"date":"2024-06-28T11:33:11","date_gmt":"2024-06-28T09:33:11","guid":{"rendered":"https:\/\/shop.bjerring-sales.dk\/sv\/?post_type=product&#038;p=97927"},"modified":"2026-03-16T15:40:22","modified_gmt":"2026-03-16T14:40:22","slug":"up-down-ergo-stativ-med-2-motorer","status":"publish","type":"product","link":"https:\/\/shop.bjerring-sales.dk\/en\/product\/up-down-ergo-stativ-med-2-motorer\/","title":{"rendered":"Up &amp; Down Ergo \u2013 Stand with 2 motors"},"content":{"rendered":"<div class=\"wpb-content-wrapper\"><div class=\"vc_row wpb_row vc_row-fluid\"><div class=\"wpb_column vc_column_container vc_col-sm-12\"><div class=\"vc_column-inner\"><div class=\"wpb_wrapper\">\n\t<div class=\"wpb_text_column wpb_content_element\" >\n\t\t<div class=\"wpb_wrapper\">\n\t\t\t<p><span style=\"font-size: 24pt\">Up &amp; Down Ergo \u2013 An adjustable stand with 2 motors<br \/>\n<\/span>Up &amp; Down Ergo is an affordable table stand that can be raised and lowered, equipped with dual motors. It is easy to adjust the height to switch between sitting and standing working positions, which promotes an ergonomic work environment. The stand is stocked in white, black or silver grey.<\/p>\n\n\t\t<\/div>\n\t<\/div>\n<\/div><\/div><\/div><\/div><div class=\"vc_row wpb_row vc_row-fluid\"><div class=\"wpb_column vc_column_container vc_col-sm-4\"><div class=\"vc_column-inner\"><div class=\"wpb_wrapper\">\n\t<div  class=\"wpb_single_image wpb_content_element vc_align_center\">\n\t\t\n\t\t<figure class=\"wpb_wrapper vc_figure\">\n\t\t\t<div class=\"vc_single_image-wrapper vc_box_shadow_border  vc_box_border_grey\"><img loading=\"lazy\" decoding=\"async\" width=\"800\" height=\"550\" src=\"https:\/\/shop.bjerring-sales.dk\/wp-content\/uploads\/2024\/06\/updown_ergo_15.jpg\" class=\"vc_single_image-img attachment-full\" alt=\"\" title=\"updown_ergo_15\" srcset=\"https:\/\/shop.bjerring-sales.dk\/wp-content\/uploads\/2024\/06\/updown_ergo_15.jpg 800w, https:\/\/shop.bjerring-sales.dk\/wp-content\/uploads\/2024\/06\/updown_ergo_15-150x103.jpg 150w, https:\/\/shop.bjerring-sales.dk\/wp-content\/uploads\/2024\/06\/updown_ergo_15-600x413.jpg 600w, https:\/\/shop.bjerring-sales.dk\/wp-content\/uploads\/2024\/06\/updown_ergo_15-300x206.jpg 300w, https:\/\/shop.bjerring-sales.dk\/wp-content\/uploads\/2024\/06\/updown_ergo_15-768x528.jpg 768w, https:\/\/shop.bjerring-sales.dk\/wp-content\/uploads\/2024\/06\/updown_ergo_15-18x12.jpg 18w\" sizes=\"auto, (max-width: 800px) 100vw, 800px\" \/><\/div>\n\t\t<\/figure>\n\t<\/div>\n<\/div><\/div><\/div><div class=\"wpb_column vc_column_container vc_col-sm-4\"><div class=\"vc_column-inner\"><div class=\"wpb_wrapper\">\n\t<div  class=\"wpb_single_image wpb_content_element vc_align_center\">\n\t\t\n\t\t<figure class=\"wpb_wrapper vc_figure\">\n\t\t\t<div class=\"vc_single_image-wrapper vc_box_shadow_border  vc_box_border_grey\"><img loading=\"lazy\" decoding=\"async\" width=\"800\" height=\"550\" src=\"https:\/\/shop.bjerring-sales.dk\/wp-content\/uploads\/2024\/06\/updown_ergo_14.jpg\" class=\"vc_single_image-img attachment-full\" alt=\"\" title=\"updown_ergo_14\" srcset=\"https:\/\/shop.bjerring-sales.dk\/wp-content\/uploads\/2024\/06\/updown_ergo_14.jpg 800w, https:\/\/shop.bjerring-sales.dk\/wp-content\/uploads\/2024\/06\/updown_ergo_14-150x103.jpg 150w, https:\/\/shop.bjerring-sales.dk\/wp-content\/uploads\/2024\/06\/updown_ergo_14-600x413.jpg 600w, https:\/\/shop.bjerring-sales.dk\/wp-content\/uploads\/2024\/06\/updown_ergo_14-300x206.jpg 300w, https:\/\/shop.bjerring-sales.dk\/wp-content\/uploads\/2024\/06\/updown_ergo_14-768x528.jpg 768w, https:\/\/shop.bjerring-sales.dk\/wp-content\/uploads\/2024\/06\/updown_ergo_14-18x12.jpg 18w\" sizes=\"auto, (max-width: 800px) 100vw, 800px\" \/><\/div>\n\t\t<\/figure>\n\t<\/div>\n<\/div><\/div><\/div><div class=\"wpb_column vc_column_container vc_col-sm-4\"><div class=\"vc_column-inner\"><div class=\"wpb_wrapper\">\n\t<div  class=\"wpb_single_image wpb_content_element vc_align_center\">\n\t\t\n\t\t<figure class=\"wpb_wrapper vc_figure\">\n\t\t\t<div class=\"vc_single_image-wrapper vc_box_shadow_border  vc_box_border_grey\"><img loading=\"lazy\" decoding=\"async\" width=\"800\" height=\"550\" src=\"https:\/\/shop.bjerring-sales.dk\/wp-content\/uploads\/2024\/06\/updown_ergo_13.jpg\" class=\"vc_single_image-img attachment-full\" alt=\"\" title=\"updown_ergo_13\" srcset=\"https:\/\/shop.bjerring-sales.dk\/wp-content\/uploads\/2024\/06\/updown_ergo_13.jpg 800w, https:\/\/shop.bjerring-sales.dk\/wp-content\/uploads\/2024\/06\/updown_ergo_13-150x103.jpg 150w, https:\/\/shop.bjerring-sales.dk\/wp-content\/uploads\/2024\/06\/updown_ergo_13-600x413.jpg 600w, https:\/\/shop.bjerring-sales.dk\/wp-content\/uploads\/2024\/06\/updown_ergo_13-300x206.jpg 300w, https:\/\/shop.bjerring-sales.dk\/wp-content\/uploads\/2024\/06\/updown_ergo_13-768x528.jpg 768w, https:\/\/shop.bjerring-sales.dk\/wp-content\/uploads\/2024\/06\/updown_ergo_13-18x12.jpg 18w\" sizes=\"auto, (max-width: 800px) 100vw, 800px\" \/><\/div>\n\t\t<\/figure>\n\t<\/div>\n<\/div><\/div><\/div><\/div><div class=\"vc_row wpb_row vc_row-fluid\"><div class=\"wpb_column vc_column_container vc_col-sm-6\"><div class=\"vc_column-inner\"><div class=\"wpb_wrapper\">\n\t<div class=\"wpb_text_column wpb_content_element\" >\n\t\t<div class=\"wpb_wrapper\">\n\t\t\t<p><span style=\"font-size: 24pt\"><span style=\"font-size: 18pt\">Areas of use<\/span><\/span><\/p>\n<p><strong>Office<\/strong><br \/>\nPerfect for office environments where employees can switch between sitting and standing working positions during the working day. This helps to reduce the strain on the back and improve blood circulation.<\/p>\n<p><strong>Home office<\/strong><br \/>\nFor those who work from home, a height-adjustable desk provides flexibility to adapt the workplace to different needs and work situations, which can improve productivity and ergonomics.<\/p>\n<p><strong>Meeting room<\/strong><br \/>\nIn meeting rooms, a height-adjustable desk can be used for standing meetings, which can lead to shorter and more efficient meetings.<\/p>\n<p><strong>Schools\/University<\/strong><br \/>\nUseful in classrooms and libraries to create a dynamic and adaptive learning environment. Pupils and students can benefit from standing and working during longer study sessions.<\/p>\n<p><span style=\"font-size: 18pt\">Stand<\/span><br \/>\nThe stand has a stylish design, which means that the desk fits into all different types of office premises. The table stand has rectangular legs that are powder coated in white, black or silver grey. The stand has a rack. maximum load of 100 kg, which is good enough for most people. The cut usually has 2-3 screens, docking station, documents etc.<\/p>\n<p><span style=\"font-size: 18pt\">Certifications<\/span><\/p>\n<ul>\n<li>AS\/NZS Report on National Differences<\/li>\n<li>CE<\/li>\n<li>FCC<\/li>\n<li>RoHS<\/li>\n<\/ul>\n\n\t\t<\/div>\n\t<\/div>\n<\/div><\/div><\/div><div class=\"wpb_column vc_column_container vc_col-sm-6\"><div class=\"vc_column-inner\"><div class=\"wpb_wrapper\">\n\t<div class=\"wpb_text_column wpb_content_element\" >\n\t\t<div class=\"wpb_wrapper\">\n\t\t\t<p><span style=\"font-size: 18pt\">Specifications<\/span><\/p>\n<ul>\n<li>Type of stand: Rectangular<\/li>\n<li>Length of stand: 1000-1700mm<\/li>\n<li>Width of stand: 600-800mm<\/li>\n<li>Height of stand: 710-1210mm<\/li>\n<li>Height with disc: 740-1220mm<\/li>\n<li>Size of foot: 600\u00d770 mm<\/li>\n<li>Stroke length: 480 mm<\/li>\n<li>Adjustable Feet: Yes<\/li>\n<li>Number of Engines: 2<\/li>\n<li>Cord length: 1.8m<\/li>\n<li>Max. Speed: 25mm\/s<\/li>\n<li>Digital keypad with memory function and USB input<\/li>\n<li>Reminder function<\/li>\n<li>Rec. max. load: 100kg<\/li>\n<\/ul>\n<p><span style=\"font-size: 18pt\">Weight<\/span><\/p>\n<ul>\n<li>19.7 kg<\/li>\n<\/ul>\n<p><span style=\"font-size: 18pt\">Manuals<br \/>\n<\/span><a href=\"https:\/\/shop.bjerring-sales.dk\/wp-content\/uploads\/2021\/03\/PDF-doc-16.png\"><img loading=\"lazy\" decoding=\"async\" class=\"alignnone size-full wp-image-72653\" src=\"https:\/\/shop.bjerring-sales.dk\/wp-content\/uploads\/2021\/03\/PDF-doc-16.png\" alt=\"\" width=\"16\" height=\"16\" \/><\/a> <a href=\"https:\/\/elj.se\/wp-content\/uploads\/2024\/12\/Up-Down-ERGO-manual.pdf\" target=\"_blank\" rel=\"noopener\">Manual<\/a><br \/>\n<a href=\"https:\/\/shop.bjerring-sales.dk\/wp-content\/uploads\/2021\/03\/PDF-doc-16.png\"><img loading=\"lazy\" decoding=\"async\" class=\"alignnone size-full wp-image-72653\" src=\"https:\/\/shop.bjerring-sales.dk\/wp-content\/uploads\/2021\/03\/PDF-doc-16.png\" alt=\"\" width=\"16\" height=\"16\" \/><\/a> <a href=\"https:\/\/elj.se\/wp-content\/uploads\/2024\/12\/Up-Down-Ergo-controller-manual.pdf\" target=\"_blank\" rel=\"noopener\">Controller Manual<\/a><\/p>\n\n\t\t<\/div>\n\t<\/div>\n<\/div><\/div><\/div><\/div><div class=\"vc_row wpb_row vc_row-fluid\"><div class=\"wpb_column vc_column_container vc_col-sm-4\"><div class=\"vc_column-inner\"><div class=\"wpb_wrapper\">\n\t<div  class=\"wpb_single_image wpb_content_element vc_align_center\">\n\t\t\n\t\t<figure class=\"wpb_wrapper vc_figure\">\n\t\t\t<div class=\"vc_single_image-wrapper vc_box_shadow_border  vc_box_border_grey\"><img loading=\"lazy\" decoding=\"async\" width=\"800\" height=\"550\" src=\"https:\/\/shop.bjerring-sales.dk\/wp-content\/uploads\/2024\/06\/updown_ergo_9.jpg\" class=\"vc_single_image-img attachment-full\" alt=\"\" title=\"updown_ergo_9\" srcset=\"https:\/\/shop.bjerring-sales.dk\/wp-content\/uploads\/2024\/06\/updown_ergo_9.jpg 800w, https:\/\/shop.bjerring-sales.dk\/wp-content\/uploads\/2024\/06\/updown_ergo_9-150x103.jpg 150w, https:\/\/shop.bjerring-sales.dk\/wp-content\/uploads\/2024\/06\/updown_ergo_9-600x413.jpg 600w, https:\/\/shop.bjerring-sales.dk\/wp-content\/uploads\/2024\/06\/updown_ergo_9-300x206.jpg 300w, https:\/\/shop.bjerring-sales.dk\/wp-content\/uploads\/2024\/06\/updown_ergo_9-768x528.jpg 768w, https:\/\/shop.bjerring-sales.dk\/wp-content\/uploads\/2024\/06\/updown_ergo_9-18x12.jpg 18w\" sizes=\"auto, (max-width: 800px) 100vw, 800px\" \/><\/div>\n\t\t<\/figure>\n\t<\/div>\n<\/div><\/div><\/div><div class=\"wpb_column vc_column_container vc_col-sm-4\"><div class=\"vc_column-inner\"><div class=\"wpb_wrapper\">\n\t<div  class=\"wpb_single_image wpb_content_element vc_align_center\">\n\t\t\n\t\t<figure class=\"wpb_wrapper vc_figure\">\n\t\t\t<div class=\"vc_single_image-wrapper vc_box_shadow_border  vc_box_border_grey\"><img loading=\"lazy\" decoding=\"async\" width=\"800\" height=\"550\" src=\"https:\/\/shop.bjerring-sales.dk\/wp-content\/uploads\/2024\/06\/updown_ergo_7.jpg\" class=\"vc_single_image-img attachment-full\" alt=\"\" title=\"updown_ergo_7\" srcset=\"https:\/\/shop.bjerring-sales.dk\/wp-content\/uploads\/2024\/06\/updown_ergo_7.jpg 800w, https:\/\/shop.bjerring-sales.dk\/wp-content\/uploads\/2024\/06\/updown_ergo_7-150x103.jpg 150w, https:\/\/shop.bjerring-sales.dk\/wp-content\/uploads\/2024\/06\/updown_ergo_7-600x413.jpg 600w, https:\/\/shop.bjerring-sales.dk\/wp-content\/uploads\/2024\/06\/updown_ergo_7-300x206.jpg 300w, https:\/\/shop.bjerring-sales.dk\/wp-content\/uploads\/2024\/06\/updown_ergo_7-768x528.jpg 768w, https:\/\/shop.bjerring-sales.dk\/wp-content\/uploads\/2024\/06\/updown_ergo_7-18x12.jpg 18w\" sizes=\"auto, (max-width: 800px) 100vw, 800px\" \/><\/div>\n\t\t<\/figure>\n\t<\/div>\n<\/div><\/div><\/div><div class=\"wpb_column vc_column_container vc_col-sm-4\"><div class=\"vc_column-inner\"><div class=\"wpb_wrapper\">\n\t<div  class=\"wpb_single_image wpb_content_element vc_align_center\">\n\t\t\n\t\t<figure class=\"wpb_wrapper vc_figure\">\n\t\t\t<div class=\"vc_single_image-wrapper vc_box_shadow_border  vc_box_border_grey\"><img loading=\"lazy\" decoding=\"async\" width=\"800\" height=\"550\" src=\"https:\/\/shop.bjerring-sales.dk\/wp-content\/uploads\/2024\/06\/updown_ergo_4.jpg\" class=\"vc_single_image-img attachment-full\" alt=\"\" title=\"updown_ergo_4\" srcset=\"https:\/\/shop.bjerring-sales.dk\/wp-content\/uploads\/2024\/06\/updown_ergo_4.jpg 800w, https:\/\/shop.bjerring-sales.dk\/wp-content\/uploads\/2024\/06\/updown_ergo_4-150x103.jpg 150w, https:\/\/shop.bjerring-sales.dk\/wp-content\/uploads\/2024\/06\/updown_ergo_4-600x413.jpg 600w, https:\/\/shop.bjerring-sales.dk\/wp-content\/uploads\/2024\/06\/updown_ergo_4-300x206.jpg 300w, https:\/\/shop.bjerring-sales.dk\/wp-content\/uploads\/2024\/06\/updown_ergo_4-768x528.jpg 768w, https:\/\/shop.bjerring-sales.dk\/wp-content\/uploads\/2024\/06\/updown_ergo_4-18x12.jpg 18w\" sizes=\"auto, (max-width: 800px) 100vw, 800px\" \/><\/div>\n\t\t<\/figure>\n\t<\/div>\n<\/div><\/div><\/div><\/div>\n<\/div>","protected":false},"excerpt":{"rendered":"<p><span style=\"color: #ff0000\">The Ergo stand is temporarily out of stock in all colors, tentatively expected to be back in stock at the end of April.<\/span> The stand has a stylish design, which means that the desk fits into all different types of office premises. The table stand has rectangular legs that are powder coated in white, black or silver grey. The stand has a rack. maximum load of 100 kg<\/p>","protected":false},"featured_media":98040,"template":"","meta":{"iawp_total_views":3},"product_brand":[],"product_cat":[6462,5819],"product_tag":[5985,6413],"class_list":{"0":"post-97927","1":"product","2":"type-product","3":"status-publish","4":"has-post-thumbnail","6":"product_cat-up-down-ergo","7":"product_cat-bordsstativ","8":"product_tag-hoj-och-sankbara-stativ","9":"product_tag-el-stativ","11":"first","12":"instock","13":"taxable","14":"shipping-taxable","15":"purchasable","16":"product-type-variable"},"yoast_head":"<!-- This site is optimized with the Yoast SEO plugin v27.0 - https:\/\/yoast.com\/product\/yoast-seo-wordpress\/ -->\n<title>Up &amp; Down Ergo - Stativ med 2 motorer - Bjerring-Sales<\/title>\n<meta name=\"description\" content=\"Stativet har en snygg design vilket g\u00f6r att skrivbordet passar in i alla olika typer av kontorslokaler. Bordsstativet har rektangul\u00e4ra ben som pulverlackerats i vit, svart eller silvergr\u00e5 kul\u00f6r.\" \/>\n<meta name=\"robots\" content=\"index, follow, max-snippet:-1, max-image-preview:large, max-video-preview:-1\" \/>\n<link rel=\"canonical\" href=\"https:\/\/shop.bjerring-sales.dk\/en\/product\/up-down-ergo-stativ-med-2-motorer\/\" \/>\n<meta property=\"og:locale\" content=\"en_GB\" \/>\n<meta property=\"og:type\" content=\"article\" \/>\n<meta property=\"og:title\" content=\"Up &amp; Down Ergo \u2013 Ett h\u00f6j- s\u00e4nkbart stativ med 2 motorer\" \/>\n<meta property=\"og:description\" content=\"Stativet har en snygg design vilket g\u00f6r att skrivbordet passar in i alla olika typer av kontorslokaler. Bordsstativet har rektangul\u00e4ra ben som pulverlackerats i vit, svart eller silvergr\u00e5 kul\u00f6r.\" \/>\n<meta property=\"og:url\" content=\"https:\/\/shop.bjerring-sales.dk\/en\/product\/up-down-ergo-stativ-med-2-motorer\/\" \/>\n<meta property=\"og:site_name\" content=\"Bjerring-Sales\" \/>\n<meta property=\"article:modified_time\" content=\"2026-03-16T14:40:22+00:00\" \/>\n<meta property=\"og:image\" content=\"https:\/\/shop.bjerring-sales.dk\/wp-content\/uploads\/2024\/06\/updown_ergo_9.jpg\" \/>\n\t<meta property=\"og:image:width\" content=\"800\" \/>\n\t<meta property=\"og:image:height\" content=\"550\" \/>\n\t<meta property=\"og:image:type\" content=\"image\/jpeg\" \/>\n<meta name=\"twitter:card\" content=\"summary_large_image\" \/>\n<meta name=\"twitter:title\" content=\"Up &amp; Down Ergo \u2013 Ett h\u00f6j- s\u00e4nkbart stativ med 2 motorer\" \/>\n<meta name=\"twitter:description\" content=\"Stativet har en snygg design vilket g\u00f6r att skrivbordet passar in i alla olika typer av kontorslokaler. Bordsstativet har rektangul\u00e4ra ben som pulverlackerats i vit, svart eller silvergr\u00e5 kul\u00f6r.\" \/>\n<meta name=\"twitter:image\" content=\"https:\/\/shop.bjerring-sales.dk\/wp-content\/uploads\/2024\/06\/updown_ergo_9.jpg\" \/>\n<meta name=\"twitter:label1\" content=\"Estimated reading time\" \/>\n\t<meta name=\"twitter:data1\" content=\"2 minutes\" \/>\n<script type=\"application\/ld+json\" class=\"yoast-schema-graph\">{\"@context\":\"https:\/\/schema.org\",\"@graph\":[{\"@type\":\"WebPage\",\"@id\":\"https:\/\/shop.bjerring-sales.dk\/sv\/produkt\/up-down-ergo-stativ-med-2-motorer\/\",\"url\":\"https:\/\/shop.bjerring-sales.dk\/sv\/produkt\/up-down-ergo-stativ-med-2-motorer\/\",\"name\":\"Up &amp; Down Ergo - Stativ med 2 motorer - Bjerring-Sales\",\"isPartOf\":{\"@id\":\"https:\/\/shop.bjerring-sales.dk\/#website\"},\"primaryImageOfPage\":{\"@id\":\"https:\/\/shop.bjerring-sales.dk\/sv\/produkt\/up-down-ergo-stativ-med-2-motorer\/#primaryimage\"},\"image\":{\"@id\":\"https:\/\/shop.bjerring-sales.dk\/sv\/produkt\/up-down-ergo-stativ-med-2-motorer\/#primaryimage\"},\"thumbnailUrl\":\"https:\/\/shop.bjerring-sales.dk\/wp-content\/uploads\/2024\/06\/Ergo_stativ_vit.jpg\",\"datePublished\":\"2024-06-28T09:33:11+00:00\",\"dateModified\":\"2026-03-16T14:40:22+00:00\",\"description\":\"Stativet har en snygg design vilket g\u00f6r att skrivbordet passar in i alla olika typer av kontorslokaler. Bordsstativet har rektangul\u00e4ra ben som pulverlackerats i vit, svart eller silvergr\u00e5 kul\u00f6r.\",\"breadcrumb\":{\"@id\":\"https:\/\/shop.bjerring-sales.dk\/sv\/produkt\/up-down-ergo-stativ-med-2-motorer\/#breadcrumb\"},\"inLanguage\":\"en-GB\",\"potentialAction\":[{\"@type\":\"ReadAction\",\"target\":[\"https:\/\/shop.bjerring-sales.dk\/sv\/produkt\/up-down-ergo-stativ-med-2-motorer\/\"]}]},{\"@type\":\"ImageObject\",\"inLanguage\":\"en-GB\",\"@id\":\"https:\/\/shop.bjerring-sales.dk\/sv\/produkt\/up-down-ergo-stativ-med-2-motorer\/#primaryimage\",\"url\":\"https:\/\/shop.bjerring-sales.dk\/wp-content\/uploads\/2024\/06\/Ergo_stativ_vit.jpg\",\"contentUrl\":\"https:\/\/shop.bjerring-sales.dk\/wp-content\/uploads\/2024\/06\/Ergo_stativ_vit.jpg\",\"width\":800,\"height\":800},{\"@type\":\"BreadcrumbList\",\"@id\":\"https:\/\/shop.bjerring-sales.dk\/sv\/produkt\/up-down-ergo-stativ-med-2-motorer\/#breadcrumb\",\"itemListElement\":[{\"@type\":\"ListItem\",\"position\":1,\"name\":\"Hem\",\"item\":\"https:\/\/shop.bjerring-sales.dk\/\"},{\"@type\":\"ListItem\",\"position\":2,\"name\":\"Webbutik\",\"item\":\"https:\/\/shop.bjerring-sales.dk\/butik\/\"},{\"@type\":\"ListItem\",\"position\":3,\"name\":\"Up &amp; Down Ergo &#8211; Stativ med 2 motorer\"}]},{\"@type\":\"WebSite\",\"@id\":\"https:\/\/shop.bjerring-sales.dk\/#website\",\"url\":\"https:\/\/shop.bjerring-sales.dk\/\",\"name\":\"Bjerring-Sales\",\"description\":\"M\u00f6bler f\u00f6r teatrar, skolor, kontor och k\u00f6pcentrum\",\"publisher\":{\"@id\":\"https:\/\/shop.bjerring-sales.dk\/#organization\"},\"potentialAction\":[{\"@type\":\"SearchAction\",\"target\":{\"@type\":\"EntryPoint\",\"urlTemplate\":\"https:\/\/shop.bjerring-sales.dk\/?s={search_term_string}\"},\"query-input\":{\"@type\":\"PropertyValueSpecification\",\"valueRequired\":true,\"valueName\":\"search_term_string\"}}],\"inLanguage\":\"en-GB\"},{\"@type\":\"Organization\",\"@id\":\"https:\/\/shop.bjerring-sales.dk\/#organization\",\"name\":\"Bjerring-Sales\",\"url\":\"https:\/\/shop.bjerring-sales.dk\/\",\"logo\":{\"@type\":\"ImageObject\",\"inLanguage\":\"en-GB\",\"@id\":\"https:\/\/shop.bjerring-sales.dk\/#\/schema\/logo\/image\/\",\"url\":\"https:\/\/shop.bjerring-sales.dk\/wp-content\/uploads\/2023\/01\/logo_sv.png\",\"contentUrl\":\"https:\/\/shop.bjerring-sales.dk\/wp-content\/uploads\/2023\/01\/logo_sv.png\",\"width\":195,\"height\":68,\"caption\":\"Bjerring-Sales\"},\"image\":{\"@id\":\"https:\/\/shop.bjerring-sales.dk\/#\/schema\/logo\/image\/\"}}]}<\/script>\n<!-- \/ Yoast SEO plugin. -->","yoast_head_json":{"title":"Up &amp; Down Ergo - Stativ med 2 motorer - Bjerring-Sales","description":"Stativet har en snygg design vilket g\u00f6r att skrivbordet passar in i alla olika typer av kontorslokaler. Bordsstativet har rektangul\u00e4ra ben som pulverlackerats i vit, svart eller silvergr\u00e5 kul\u00f6r.","robots":{"index":"index","follow":"follow","max-snippet":"max-snippet:-1","max-image-preview":"max-image-preview:large","max-video-preview":"max-video-preview:-1"},"canonical":"https:\/\/shop.bjerring-sales.dk\/en\/product\/up-down-ergo-stativ-med-2-motorer\/","og_locale":"en_GB","og_type":"article","og_title":"Up & Down Ergo \u2013 Ett h\u00f6j- s\u00e4nkbart stativ med 2 motorer","og_description":"Stativet har en snygg design vilket g\u00f6r att skrivbordet passar in i alla olika typer av kontorslokaler. Bordsstativet har rektangul\u00e4ra ben som pulverlackerats i vit, svart eller silvergr\u00e5 kul\u00f6r.","og_url":"https:\/\/shop.bjerring-sales.dk\/en\/product\/up-down-ergo-stativ-med-2-motorer\/","og_site_name":"Bjerring-Sales","article_modified_time":"2026-03-16T14:40:22+00:00","og_image":[{"width":800,"height":550,"url":"https:\/\/shop.bjerring-sales.dk\/wp-content\/uploads\/2024\/06\/updown_ergo_9.jpg","type":"image\/jpeg"}],"twitter_card":"summary_large_image","twitter_title":"Up & Down Ergo \u2013 Ett h\u00f6j- s\u00e4nkbart stativ med 2 motorer","twitter_description":"Stativet har en snygg design vilket g\u00f6r att skrivbordet passar in i alla olika typer av kontorslokaler. Bordsstativet har rektangul\u00e4ra ben som pulverlackerats i vit, svart eller silvergr\u00e5 kul\u00f6r.","twitter_image":"https:\/\/shop.bjerring-sales.dk\/wp-content\/uploads\/2024\/06\/updown_ergo_9.jpg","twitter_misc":{"Estimated reading time":"2 minutes"},"schema":{"@context":"https:\/\/schema.org","@graph":[{"@type":"WebPage","@id":"https:\/\/shop.bjerring-sales.dk\/sv\/produkt\/up-down-ergo-stativ-med-2-motorer\/","url":"https:\/\/shop.bjerring-sales.dk\/sv\/produkt\/up-down-ergo-stativ-med-2-motorer\/","name":"Up &amp; Down Ergo - Stativ med 2 motorer - Bjerring-Sales","isPartOf":{"@id":"https:\/\/shop.bjerring-sales.dk\/#website"},"primaryImageOfPage":{"@id":"https:\/\/shop.bjerring-sales.dk\/sv\/produkt\/up-down-ergo-stativ-med-2-motorer\/#primaryimage"},"image":{"@id":"https:\/\/shop.bjerring-sales.dk\/sv\/produkt\/up-down-ergo-stativ-med-2-motorer\/#primaryimage"},"thumbnailUrl":"https:\/\/shop.bjerring-sales.dk\/wp-content\/uploads\/2024\/06\/Ergo_stativ_vit.jpg","datePublished":"2024-06-28T09:33:11+00:00","dateModified":"2026-03-16T14:40:22+00:00","description":"Stativet har en snygg design vilket g\u00f6r att skrivbordet passar in i alla olika typer av kontorslokaler. Bordsstativet har rektangul\u00e4ra ben som pulverlackerats i vit, svart eller silvergr\u00e5 kul\u00f6r.","breadcrumb":{"@id":"https:\/\/shop.bjerring-sales.dk\/sv\/produkt\/up-down-ergo-stativ-med-2-motorer\/#breadcrumb"},"inLanguage":"en-GB","potentialAction":[{"@type":"ReadAction","target":["https:\/\/shop.bjerring-sales.dk\/sv\/produkt\/up-down-ergo-stativ-med-2-motorer\/"]}]},{"@type":"ImageObject","inLanguage":"en-GB","@id":"https:\/\/shop.bjerring-sales.dk\/sv\/produkt\/up-down-ergo-stativ-med-2-motorer\/#primaryimage","url":"https:\/\/shop.bjerring-sales.dk\/wp-content\/uploads\/2024\/06\/Ergo_stativ_vit.jpg","contentUrl":"https:\/\/shop.bjerring-sales.dk\/wp-content\/uploads\/2024\/06\/Ergo_stativ_vit.jpg","width":800,"height":800},{"@type":"BreadcrumbList","@id":"https:\/\/shop.bjerring-sales.dk\/sv\/produkt\/up-down-ergo-stativ-med-2-motorer\/#breadcrumb","itemListElement":[{"@type":"ListItem","position":1,"name":"Hem","item":"https:\/\/shop.bjerring-sales.dk\/"},{"@type":"ListItem","position":2,"name":"Webbutik","item":"https:\/\/shop.bjerring-sales.dk\/butik\/"},{"@type":"ListItem","position":3,"name":"Up &amp; Down Ergo &#8211; Stativ med 2 motorer"}]},{"@type":"WebSite","@id":"https:\/\/shop.bjerring-sales.dk\/#website","url":"https:\/\/shop.bjerring-sales.dk\/","name":"Bjerring Sales","description":"Furniture for theatres, schools, offices and shopping centres","publisher":{"@id":"https:\/\/shop.bjerring-sales.dk\/#organization"},"potentialAction":[{"@type":"SearchAction","target":{"@type":"EntryPoint","urlTemplate":"https:\/\/shop.bjerring-sales.dk\/?s={search_term_string}"},"query-input":{"@type":"PropertyValueSpecification","valueRequired":true,"valueName":"search_term_string"}}],"inLanguage":"en-GB"},{"@type":"Organization","@id":"https:\/\/shop.bjerring-sales.dk\/#organization","name":"Bjerring Sales","url":"https:\/\/shop.bjerring-sales.dk\/","logo":{"@type":"ImageObject","inLanguage":"en-GB","@id":"https:\/\/shop.bjerring-sales.dk\/#\/schema\/logo\/image\/","url":"https:\/\/shop.bjerring-sales.dk\/wp-content\/uploads\/2023\/01\/logo_sv.png","contentUrl":"https:\/\/shop.bjerring-sales.dk\/wp-content\/uploads\/2023\/01\/logo_sv.png","width":195,"height":68,"caption":"Bjerring-Sales"},"image":{"@id":"https:\/\/shop.bjerring-sales.dk\/#\/schema\/logo\/image\/"}}]}},"_links":{"self":[{"href":"https:\/\/shop.bjerring-sales.dk\/en\/wp-json\/wp\/v2\/product\/97927","targetHints":{"allow":["GET"]}}],"collection":[{"href":"https:\/\/shop.bjerring-sales.dk\/en\/wp-json\/wp\/v2\/product"}],"about":[{"href":"https:\/\/shop.bjerring-sales.dk\/en\/wp-json\/wp\/v2\/types\/product"}],"wp:featuredmedia":[{"embeddable":true,"href":"https:\/\/shop.bjerring-sales.dk\/en\/wp-json\/wp\/v2\/media\/98040"}],"wp:attachment":[{"href":"https:\/\/shop.bjerring-sales.dk\/en\/wp-json\/wp\/v2\/media?parent=97927"}],"wp:term":[{"taxonomy":"product_brand","embeddable":true,"href":"https:\/\/shop.bjerring-sales.dk\/en\/wp-json\/wp\/v2\/product_brand?post=97927"},{"taxonomy":"product_cat","embeddable":true,"href":"https:\/\/shop.bjerring-sales.dk\/en\/wp-json\/wp\/v2\/product_cat?post=97927"},{"taxonomy":"product_tag","embeddable":true,"href":"https:\/\/shop.bjerring-sales.dk\/en\/wp-json\/wp\/v2\/product_tag?post=97927"}],"curies":[{"name":"wp","href":"https:\/\/api.w.org\/{rel}","templated":true}]}}