{"id":94922,"date":"2024-01-11T13:03:16","date_gmt":"2024-01-11T12:03:16","guid":{"rendered":"https:\/\/shop.bjerring-sales.dk\/sv\/produkt\/balanspall-svampen-lag\/"},"modified":"2024-03-19T20:21:17","modified_gmt":"2024-03-19T19:21:17","slug":"balanspall-svampen-lag","status":"publish","type":"product","link":"https:\/\/shop.bjerring-sales.dk\/en\/product\/balanspall-svampen-lag\/","title":{"rendered":"Balance stool Svampen \u2013 Low model"},"content":{"rendered":"<div class=\"wpb-content-wrapper\"><div class=\"vc_row wpb_row vc_row-fluid wd-rs-644307f7be0da\"><div class=\"wpb_column vc_column_container vc_col-sm-12\"><div class=\"vc_column-inner\"><div class=\"wpb_wrapper\">\n\t<div class=\"wpb_text_column wpb_content_element\" >\n\t\t<div class=\"wpb_wrapper\">\n\t\t\t<p><span style=\"font-size: 24pt\">The balance stool offers an active working day with variety!<br \/>\n<\/span>Discover Balanspall Svampen, a stylish, ergonomic and height-adjustable balance stool that is stocked in 2 different heights. The low model has an adjustable seat height of 43-50 cm, The tall model has an adjustable seat height of 53-78 cm. The balance stool is the ultimate solution for ergonomic, sustainable and healthy sitting. Balance stool The mushroom is an active option for use together with height-adjustable desks.<\/p>\n\n\t\t<\/div>\n\t<\/div>\n<\/div><\/div><\/div><\/div><div class=\"vc_row wpb_row vc_row-fluid wd-rs-644307f7be0da\"><div class=\"wpb_column vc_column_container vc_col-sm-12\"><div class=\"vc_column-inner\"><div class=\"wpb_wrapper\"><div class=\"vc_separator wpb_content_element vc_separator_align_center vc_sep_width_100 vc_sep_pos_align_center vc_separator_no_text vc_sep_color_grey\" ><span class=\"vc_sep_holder vc_sep_holder_l\"><span class=\"vc_sep_line\"><\/span><\/span><span class=\"vc_sep_holder vc_sep_holder_r\"><span class=\"vc_sep_line\"><\/span><\/span>\n<\/div><\/div><\/div><\/div><\/div><div class=\"vc_row wpb_row vc_row-fluid wd-rs-65bf7f7acbdbe\"><div class=\"wpb_column vc_column_container vc_col-sm-12\"><div class=\"vc_column-inner\"><div class=\"wpb_wrapper\">\n\t<div class=\"wpb_text_column wpb_content_element\" >\n\t\t<div class=\"wpb_wrapper\">\n\t\t\t<p><span style=\"font-size: 18pt\">Area of use<br \/>\n<\/span>Explore complete freedom of movement and exceptional flexibility with the Sponge Balance Stool. Balance stool Svampen gives you the opportunity to easily switch between sitting and semi-sitting positions during the working day. Below we list some examples of how the Sponge can be used in the workplace.<\/p>\n\n\t\t<\/div>\n\t<\/div>\n<\/div><\/div><\/div><\/div><div class=\"vc_row wpb_row vc_row-fluid wd-rs-65bf7fbc7e773\"><div class=\"wpb_column vc_column_container vc_col-sm-6\"><div class=\"vc_column-inner\"><div class=\"wpb_wrapper\">\n\t<div class=\"wpb_text_column wpb_content_element\" >\n\t\t<div class=\"wpb_wrapper\">\n\t\t\t<ul>\n<li>Adjust the seat height and working position according to your needs<\/li>\n<li>Active sitting activates muscle groups in the legs, trunk and back<\/li>\n<li>Less risk of back, neck and shoulder injuries through an active working position<\/li>\n<\/ul>\n\n\t\t<\/div>\n\t<\/div>\n<\/div><\/div><\/div><div class=\"wpb_column vc_column_container vc_col-sm-6\"><div class=\"vc_column-inner\"><div class=\"wpb_wrapper\">\n\t<div class=\"wpb_text_column wpb_content_element\" >\n\t\t<div class=\"wpb_wrapper\">\n\t\t\t<ul>\n<li>The upper part of the stool is movable and adapts to your movements<\/li>\n<li>Equipped with a stable base that stands firmly on the floor with anti-slip<\/li>\n<li>Fabric-covered seat for increased comfort during long work shifts<\/li>\n<\/ul>\n\n\t\t<\/div>\n\t<\/div>\n<\/div><\/div><\/div><\/div><div class=\"vc_row wpb_row vc_row-fluid wd-rs-644307f7be0da\"><div class=\"wpb_column vc_column_container vc_col-sm-12\"><div class=\"vc_column-inner\"><div class=\"wpb_wrapper\"><div class=\"vc_separator wpb_content_element vc_separator_align_center vc_sep_width_100 vc_sep_pos_align_center vc_separator_no_text vc_sep_color_grey\" ><span class=\"vc_sep_holder vc_sep_holder_l\"><span class=\"vc_sep_line\"><\/span><\/span><span class=\"vc_sep_holder vc_sep_holder_r\"><span class=\"vc_sep_line\"><\/span><\/span>\n<\/div><\/div><\/div><\/div><\/div><div class=\"vc_row wpb_row vc_row-fluid wd-rs-65bf7fe7e71e6\"><div class=\"wpb_column vc_column_container vc_col-sm-6\"><div class=\"vc_column-inner\"><div class=\"wpb_wrapper\">\n\t<div class=\"wpb_text_column wpb_content_element\" >\n\t\t<div class=\"wpb_wrapper\">\n\t\t\t<p><span style=\"font-size: 18pt\">Specifications<\/span><\/p>\n<ul>\n<li>Height-adjustable balance stool<\/li>\n<li>ABS tube and bottom frame<\/li>\n<li>TPE pad underneath (non-slip)<\/li>\n<li>TB-CA117 (molded foam)<\/li>\n<li>Height adjustable button under seat<\/li>\n<\/ul>\n<p><span style=\"font-size: 18pt\">Measure<\/span><\/p>\n<ul>\n<li>Height: 430-500 mm<\/li>\n<li>Width: 355 mm<\/li>\n<\/ul>\n<p><span style=\"font-size: 18pt\">Weight<\/span><\/p>\n<ul>\n<li>Weight: 5.3 kg<\/li>\n<\/ul>\n<p><span style=\"font-size: 18pt\">Colors<\/span><\/p>\n<ul>\n<li>Black<\/li>\n<li>Grayish white<\/li>\n<\/ul>\n\n\t\t<\/div>\n\t<\/div>\n<\/div><\/div><\/div><div class=\"wpb_column vc_column_container vc_col-sm-6\"><div class=\"vc_column-inner\"><div class=\"wpb_wrapper\">\n\t<div class=\"wpb_text_column wpb_content_element\" >\n\t\t<div class=\"wpb_wrapper\">\n\t\t\t<p><span style=\"font-size: 18pt\">Guarantee<\/span><\/p>\n<ul>\n<li>2 year warranty<\/li>\n<\/ul>\n<p><span style=\"font-size: 18pt\">Certifications<\/span><\/p>\n<ul>\n<li>REACH<\/li>\n<li>SVHC<\/li>\n<li>RoHs<\/li>\n<li>PAHs<\/li>\n<\/ul>\n<p><a href=\"https:\/\/shop.bjerring-sales.dk\/wp-content\/uploads\/2024\/01\/balanspallhog.jpg\"><img loading=\"lazy\" decoding=\"async\" class=\"alignnone size-full wp-image-95041\" src=\"https:\/\/shop.bjerring-sales.dk\/wp-content\/uploads\/2024\/01\/balanspallhog.jpg\" alt=\"\" width=\"743\" height=\"283\" srcset=\"https:\/\/shop.bjerring-sales.dk\/wp-content\/uploads\/2024\/01\/balanspallhog.jpg 743w, https:\/\/shop.bjerring-sales.dk\/wp-content\/uploads\/2024\/01\/balanspallhog-150x57.jpg 150w, https:\/\/shop.bjerring-sales.dk\/wp-content\/uploads\/2024\/01\/balanspallhog-600x229.jpg 600w, https:\/\/shop.bjerring-sales.dk\/wp-content\/uploads\/2024\/01\/balanspallhog-300x114.jpg 300w, https:\/\/shop.bjerring-sales.dk\/wp-content\/uploads\/2024\/01\/balanspallhog-18x7.jpg 18w\" sizes=\"auto, (max-width: 743px) 100vw, 743px\" \/><\/a><\/p>\n\n\t\t<\/div>\n\t<\/div>\n<\/div><\/div><\/div><\/div>\n<\/div>","protected":false},"excerpt":{"rendered":"<p>Discover Balanspall Svampen, a stylish, ergonomic and height-adjustable balance stool that is stocked in 2 different heights. The low model has an adjustable seat height of 43-50 cm, The tall model has an adjustable seat height of 53-78 cm.<\/p>","protected":false},"featured_media":94920,"template":"","meta":{"iawp_total_views":1},"product_brand":[],"product_cat":[6300,5785,5791,5629,5826,6025],"product_tag":[5793,6024,6026,6031,6407],"class_list":{"0":"post-94922","1":"product","2":"type-product","3":"status-publish","4":"has-post-thumbnail","6":"product_cat-arbetsstolar","7":"product_cat-hemmakontor","8":"product_cat-stolar","9":"product_cat-kontorsmobler","10":"product_cat-skrivbordsstolar","11":"product_cat-ergonomiskt-sittande","12":"product_tag-ergonomi","13":"product_tag-aktivt-sittande","14":"product_tag-sittpall","15":"product_tag-ergonomiskt-sittande","16":"product_tag-balanspall-svampen","18":"first","19":"instock","20":"taxable","21":"shipping-taxable","22":"purchasable","23":"product-type-variable"},"yoast_head":"<!-- This site is optimized with the Yoast SEO plugin v27.0 - https:\/\/yoast.com\/product\/yoast-seo-wordpress\/ -->\n<title>Balanspall Svampen - L\u00e5g modell - Bjerring-Sales<\/title>\n<meta name=\"description\" content=\"Uppt\u00e4ck Balanspall Svampen, en stilren, ergonomisk och h\u00f6jdjusterbar balanspall som lagerh\u00e5lls i 2 olika h\u00f6jder. Den l\u00e5ga modellen har en justerbar sitth\u00f6jd p\u00e5 43-50 cm.\" \/>\n<meta name=\"robots\" content=\"index, follow, max-snippet:-1, max-image-preview:large, max-video-preview:-1\" \/>\n<link rel=\"canonical\" href=\"https:\/\/shop.bjerring-sales.dk\/en\/product\/balanspall-svampen-lag\/\" \/>\n<meta property=\"og:locale\" content=\"en_GB\" \/>\n<meta property=\"og:type\" content=\"article\" \/>\n<meta property=\"og:title\" content=\"Balanspallen bjuder p\u00e5 en aktiv arbetsdag med variation!\" \/>\n<meta property=\"og:description\" content=\"Uppt\u00e4ck Balanspall Svampen, en stilren, ergonomisk och h\u00f6jdjusterbar balanspall som lagerh\u00e5lls i 2 olika h\u00f6jder. Den l\u00e5ga modellen har en justerbar sitth\u00f6jd p\u00e5 43-50 cm.\" \/>\n<meta property=\"og:url\" content=\"https:\/\/shop.bjerring-sales.dk\/en\/product\/balanspall-svampen-lag\/\" \/>\n<meta property=\"og:site_name\" content=\"Bjerring-Sales\" \/>\n<meta property=\"article:modified_time\" content=\"2024-03-19T19:21:17+00:00\" \/>\n<meta property=\"og:image\" content=\"https:\/\/shop.bjerring-sales.dk\/wp-content\/uploads\/2024\/01\/Balanspall_svampen_vit_1.jpg\" \/>\n\t<meta property=\"og:image:width\" content=\"800\" \/>\n\t<meta property=\"og:image:height\" content=\"800\" \/>\n\t<meta property=\"og:image:type\" content=\"image\/jpeg\" \/>\n<meta name=\"twitter:card\" content=\"summary_large_image\" \/>\n<meta name=\"twitter:title\" content=\"Balanspallen bjuder p\u00e5 en aktiv arbetsdag med variation!\" \/>\n<meta name=\"twitter:description\" content=\"Uppt\u00e4ck Balanspall Svampen, en stilren, ergonomisk och h\u00f6jdjusterbar balanspall som lagerh\u00e5lls i 2 olika h\u00f6jder. Den l\u00e5ga modellen har en justerbar sitth\u00f6jd p\u00e5 43-50 cm.\" \/>\n<meta name=\"twitter:image\" content=\"https:\/\/shop.bjerring-sales.dk\/wp-content\/uploads\/2024\/01\/Balanspall_svampen_vit_1.jpg\" \/>\n<meta name=\"twitter:label1\" content=\"Estimated reading time\" \/>\n\t<meta name=\"twitter:data1\" content=\"2 minutes\" \/>\n<script type=\"application\/ld+json\" class=\"yoast-schema-graph\">{\"@context\":\"https:\/\/schema.org\",\"@graph\":[{\"@type\":\"WebPage\",\"@id\":\"https:\/\/shop.bjerring-sales.dk\/sv\/produkt\/balanspall-svampen-lag\/\",\"url\":\"https:\/\/shop.bjerring-sales.dk\/sv\/produkt\/balanspall-svampen-lag\/\",\"name\":\"Balanspall Svampen - L\u00e5g modell - Bjerring-Sales\",\"isPartOf\":{\"@id\":\"https:\/\/shop.bjerring-sales.dk\/#website\"},\"primaryImageOfPage\":{\"@id\":\"https:\/\/shop.bjerring-sales.dk\/sv\/produkt\/balanspall-svampen-lag\/#primaryimage\"},\"image\":{\"@id\":\"https:\/\/shop.bjerring-sales.dk\/sv\/produkt\/balanspall-svampen-lag\/#primaryimage\"},\"thumbnailUrl\":\"https:\/\/shop.bjerring-sales.dk\/wp-content\/uploads\/2024\/01\/Balanspall_svampen_vit_1.jpg\",\"datePublished\":\"2024-01-11T12:03:16+00:00\",\"dateModified\":\"2024-03-19T19:21:17+00:00\",\"description\":\"Uppt\u00e4ck Balanspall Svampen, en stilren, ergonomisk och h\u00f6jdjusterbar balanspall som lagerh\u00e5lls i 2 olika h\u00f6jder. Den l\u00e5ga modellen har en justerbar sitth\u00f6jd p\u00e5 43-50 cm.\",\"breadcrumb\":{\"@id\":\"https:\/\/shop.bjerring-sales.dk\/sv\/produkt\/balanspall-svampen-lag\/#breadcrumb\"},\"inLanguage\":\"en-GB\",\"potentialAction\":[{\"@type\":\"ReadAction\",\"target\":[\"https:\/\/shop.bjerring-sales.dk\/sv\/produkt\/balanspall-svampen-lag\/\"]}]},{\"@type\":\"ImageObject\",\"inLanguage\":\"en-GB\",\"@id\":\"https:\/\/shop.bjerring-sales.dk\/sv\/produkt\/balanspall-svampen-lag\/#primaryimage\",\"url\":\"https:\/\/shop.bjerring-sales.dk\/wp-content\/uploads\/2024\/01\/Balanspall_svampen_vit_1.jpg\",\"contentUrl\":\"https:\/\/shop.bjerring-sales.dk\/wp-content\/uploads\/2024\/01\/Balanspall_svampen_vit_1.jpg\",\"width\":800,\"height\":800},{\"@type\":\"BreadcrumbList\",\"@id\":\"https:\/\/shop.bjerring-sales.dk\/sv\/produkt\/balanspall-svampen-lag\/#breadcrumb\",\"itemListElement\":[{\"@type\":\"ListItem\",\"position\":1,\"name\":\"Hem\",\"item\":\"https:\/\/shop.bjerring-sales.dk\/\"},{\"@type\":\"ListItem\",\"position\":2,\"name\":\"Webbutik\",\"item\":\"https:\/\/shop.bjerring-sales.dk\/butik\/\"},{\"@type\":\"ListItem\",\"position\":3,\"name\":\"Balanspall Svampen &#8211; L\u00e5g modell\"}]},{\"@type\":\"WebSite\",\"@id\":\"https:\/\/shop.bjerring-sales.dk\/#website\",\"url\":\"https:\/\/shop.bjerring-sales.dk\/\",\"name\":\"Bjerring-Sales\",\"description\":\"M\u00f6bler f\u00f6r teatrar, skolor, kontor och k\u00f6pcentrum\",\"publisher\":{\"@id\":\"https:\/\/shop.bjerring-sales.dk\/#organization\"},\"potentialAction\":[{\"@type\":\"SearchAction\",\"target\":{\"@type\":\"EntryPoint\",\"urlTemplate\":\"https:\/\/shop.bjerring-sales.dk\/?s={search_term_string}\"},\"query-input\":{\"@type\":\"PropertyValueSpecification\",\"valueRequired\":true,\"valueName\":\"search_term_string\"}}],\"inLanguage\":\"en-GB\"},{\"@type\":\"Organization\",\"@id\":\"https:\/\/shop.bjerring-sales.dk\/#organization\",\"name\":\"Bjerring-Sales\",\"url\":\"https:\/\/shop.bjerring-sales.dk\/\",\"logo\":{\"@type\":\"ImageObject\",\"inLanguage\":\"en-GB\",\"@id\":\"https:\/\/shop.bjerring-sales.dk\/#\/schema\/logo\/image\/\",\"url\":\"https:\/\/shop.bjerring-sales.dk\/wp-content\/uploads\/2023\/01\/logo_sv.png\",\"contentUrl\":\"https:\/\/shop.bjerring-sales.dk\/wp-content\/uploads\/2023\/01\/logo_sv.png\",\"width\":195,\"height\":68,\"caption\":\"Bjerring-Sales\"},\"image\":{\"@id\":\"https:\/\/shop.bjerring-sales.dk\/#\/schema\/logo\/image\/\"}}]}<\/script>\n<!-- \/ Yoast SEO plugin. -->","yoast_head_json":{"title":"Balanspall Svampen - L\u00e5g modell - Bjerring-Sales","description":"Uppt\u00e4ck Balanspall Svampen, en stilren, ergonomisk och h\u00f6jdjusterbar balanspall som lagerh\u00e5lls i 2 olika h\u00f6jder. Den l\u00e5ga modellen har en justerbar sitth\u00f6jd p\u00e5 43-50 cm.","robots":{"index":"index","follow":"follow","max-snippet":"max-snippet:-1","max-image-preview":"max-image-preview:large","max-video-preview":"max-video-preview:-1"},"canonical":"https:\/\/shop.bjerring-sales.dk\/en\/product\/balanspall-svampen-lag\/","og_locale":"en_GB","og_type":"article","og_title":"Balanspallen bjuder p\u00e5 en aktiv arbetsdag med variation!","og_description":"Uppt\u00e4ck Balanspall Svampen, en stilren, ergonomisk och h\u00f6jdjusterbar balanspall som lagerh\u00e5lls i 2 olika h\u00f6jder. Den l\u00e5ga modellen har en justerbar sitth\u00f6jd p\u00e5 43-50 cm.","og_url":"https:\/\/shop.bjerring-sales.dk\/en\/product\/balanspall-svampen-lag\/","og_site_name":"Bjerring-Sales","article_modified_time":"2024-03-19T19:21:17+00:00","og_image":[{"width":800,"height":800,"url":"https:\/\/shop.bjerring-sales.dk\/wp-content\/uploads\/2024\/01\/Balanspall_svampen_vit_1.jpg","type":"image\/jpeg"}],"twitter_card":"summary_large_image","twitter_title":"Balanspallen bjuder p\u00e5 en aktiv arbetsdag med variation!","twitter_description":"Uppt\u00e4ck Balanspall Svampen, en stilren, ergonomisk och h\u00f6jdjusterbar balanspall som lagerh\u00e5lls i 2 olika h\u00f6jder. Den l\u00e5ga modellen har en justerbar sitth\u00f6jd p\u00e5 43-50 cm.","twitter_image":"https:\/\/shop.bjerring-sales.dk\/wp-content\/uploads\/2024\/01\/Balanspall_svampen_vit_1.jpg","twitter_misc":{"Estimated reading time":"2 minutes"},"schema":{"@context":"https:\/\/schema.org","@graph":[{"@type":"WebPage","@id":"https:\/\/shop.bjerring-sales.dk\/sv\/produkt\/balanspall-svampen-lag\/","url":"https:\/\/shop.bjerring-sales.dk\/sv\/produkt\/balanspall-svampen-lag\/","name":"Balanspall Svampen - L\u00e5g modell - Bjerring-Sales","isPartOf":{"@id":"https:\/\/shop.bjerring-sales.dk\/#website"},"primaryImageOfPage":{"@id":"https:\/\/shop.bjerring-sales.dk\/sv\/produkt\/balanspall-svampen-lag\/#primaryimage"},"image":{"@id":"https:\/\/shop.bjerring-sales.dk\/sv\/produkt\/balanspall-svampen-lag\/#primaryimage"},"thumbnailUrl":"https:\/\/shop.bjerring-sales.dk\/wp-content\/uploads\/2024\/01\/Balanspall_svampen_vit_1.jpg","datePublished":"2024-01-11T12:03:16+00:00","dateModified":"2024-03-19T19:21:17+00:00","description":"Uppt\u00e4ck Balanspall Svampen, en stilren, ergonomisk och h\u00f6jdjusterbar balanspall som lagerh\u00e5lls i 2 olika h\u00f6jder. Den l\u00e5ga modellen har en justerbar sitth\u00f6jd p\u00e5 43-50 cm.","breadcrumb":{"@id":"https:\/\/shop.bjerring-sales.dk\/sv\/produkt\/balanspall-svampen-lag\/#breadcrumb"},"inLanguage":"en-GB","potentialAction":[{"@type":"ReadAction","target":["https:\/\/shop.bjerring-sales.dk\/sv\/produkt\/balanspall-svampen-lag\/"]}]},{"@type":"ImageObject","inLanguage":"en-GB","@id":"https:\/\/shop.bjerring-sales.dk\/sv\/produkt\/balanspall-svampen-lag\/#primaryimage","url":"https:\/\/shop.bjerring-sales.dk\/wp-content\/uploads\/2024\/01\/Balanspall_svampen_vit_1.jpg","contentUrl":"https:\/\/shop.bjerring-sales.dk\/wp-content\/uploads\/2024\/01\/Balanspall_svampen_vit_1.jpg","width":800,"height":800},{"@type":"BreadcrumbList","@id":"https:\/\/shop.bjerring-sales.dk\/sv\/produkt\/balanspall-svampen-lag\/#breadcrumb","itemListElement":[{"@type":"ListItem","position":1,"name":"Hem","item":"https:\/\/shop.bjerring-sales.dk\/"},{"@type":"ListItem","position":2,"name":"Webbutik","item":"https:\/\/shop.bjerring-sales.dk\/butik\/"},{"@type":"ListItem","position":3,"name":"Balanspall Svampen &#8211; L\u00e5g modell"}]},{"@type":"WebSite","@id":"https:\/\/shop.bjerring-sales.dk\/#website","url":"https:\/\/shop.bjerring-sales.dk\/","name":"Bjerring Sales","description":"Furniture for theatres, schools, offices and shopping centres","publisher":{"@id":"https:\/\/shop.bjerring-sales.dk\/#organization"},"potentialAction":[{"@type":"SearchAction","target":{"@type":"EntryPoint","urlTemplate":"https:\/\/shop.bjerring-sales.dk\/?s={search_term_string}"},"query-input":{"@type":"PropertyValueSpecification","valueRequired":true,"valueName":"search_term_string"}}],"inLanguage":"en-GB"},{"@type":"Organization","@id":"https:\/\/shop.bjerring-sales.dk\/#organization","name":"Bjerring Sales","url":"https:\/\/shop.bjerring-sales.dk\/","logo":{"@type":"ImageObject","inLanguage":"en-GB","@id":"https:\/\/shop.bjerring-sales.dk\/#\/schema\/logo\/image\/","url":"https:\/\/shop.bjerring-sales.dk\/wp-content\/uploads\/2023\/01\/logo_sv.png","contentUrl":"https:\/\/shop.bjerring-sales.dk\/wp-content\/uploads\/2023\/01\/logo_sv.png","width":195,"height":68,"caption":"Bjerring-Sales"},"image":{"@id":"https:\/\/shop.bjerring-sales.dk\/#\/schema\/logo\/image\/"}}]}},"_links":{"self":[{"href":"https:\/\/shop.bjerring-sales.dk\/en\/wp-json\/wp\/v2\/product\/94922","targetHints":{"allow":["GET"]}}],"collection":[{"href":"https:\/\/shop.bjerring-sales.dk\/en\/wp-json\/wp\/v2\/product"}],"about":[{"href":"https:\/\/shop.bjerring-sales.dk\/en\/wp-json\/wp\/v2\/types\/product"}],"wp:featuredmedia":[{"embeddable":true,"href":"https:\/\/shop.bjerring-sales.dk\/en\/wp-json\/wp\/v2\/media\/94920"}],"wp:attachment":[{"href":"https:\/\/shop.bjerring-sales.dk\/en\/wp-json\/wp\/v2\/media?parent=94922"}],"wp:term":[{"taxonomy":"product_brand","embeddable":true,"href":"https:\/\/shop.bjerring-sales.dk\/en\/wp-json\/wp\/v2\/product_brand?post=94922"},{"taxonomy":"product_cat","embeddable":true,"href":"https:\/\/shop.bjerring-sales.dk\/en\/wp-json\/wp\/v2\/product_cat?post=94922"},{"taxonomy":"product_tag","embeddable":true,"href":"https:\/\/shop.bjerring-sales.dk\/en\/wp-json\/wp\/v2\/product_tag?post=94922"}],"curies":[{"name":"wp","href":"https:\/\/api.w.org\/{rel}","templated":true}]}}