{"id":94918,"date":"2024-01-11T09:25:56","date_gmt":"2024-01-11T08:25:56","guid":{"rendered":"https:\/\/shop.bjerring-sales.dk\/sv\/?post_type=product&#038;p=94918"},"modified":"2024-04-22T12:45:16","modified_gmt":"2024-04-22T10:45:16","slug":"balanspall-ergo","status":"publish","type":"product","link":"https:\/\/shop.bjerring-sales.dk\/en\/product\/balanspall-ergo\/","title":{"rendered":"Balance stool Ergo"},"content":{"rendered":"<div class=\"wpb-content-wrapper\"><div class=\"vc_row wpb_row vc_row-fluid\"><div class=\"wpb_column vc_column_container vc_col-sm-12\"><div class=\"vc_column-inner\"><div class=\"wpb_wrapper\">\n\t<div class=\"wpb_text_column wpb_content_element\" >\n\t\t<div class=\"wpb_wrapper\">\n\t\t\t<p><span style=\"font-size: 24pt;\">A height-adjustable step stool for offices and other work environments<br \/>\n<\/span>Discover the comfort and innovation with Ergo, our ergonomic height-adjustable balance stool. The balance stool Ergo is the ultimate solution for ergonomic, durable and healthy sitting. This stool transforms the way we sit, it not only creates a more comfortable and pleasant sitting, but also provides an active alternative for use with adjustable desks.<\/p>\n\n\t\t<\/div>\n\t<\/div>\n<\/div><\/div><\/div><\/div><div class=\"vc_row wpb_row vc_row-fluid\"><div class=\"wpb_column vc_column_container vc_col-sm-6\"><div class=\"vc_column-inner\"><div class=\"wpb_wrapper\">\n\t<div  class=\"wpb_single_image wpb_content_element vc_align_center\">\n\t\t\n\t\t<figure class=\"wpb_wrapper vc_figure\">\n\t\t\t<div class=\"vc_single_image-wrapper vc_box_shadow_border  vc_box_border_grey\"><img loading=\"lazy\" decoding=\"async\" width=\"800\" height=\"800\" src=\"https:\/\/shop.bjerring-sales.dk\/wp-content\/uploads\/2024\/01\/Balanspall_ergo_skrivbord.jpg.pagespeed.ic_.1WuFD0kCdr.webp\" class=\"vc_single_image-img attachment-full\" alt=\"\" title=\"Balance pallet_ergo_skrivbord.jpg.pagespeed.ic.1WuFD0kCdr\" srcset=\"https:\/\/shop.bjerring-sales.dk\/wp-content\/uploads\/2024\/01\/Balanspall_ergo_skrivbord.jpg.pagespeed.ic_.1WuFD0kCdr.webp 800w, https:\/\/shop.bjerring-sales.dk\/wp-content\/uploads\/2024\/01\/Balanspall_ergo_skrivbord.jpg.pagespeed.ic_.1WuFD0kCdr-300x300.webp 300w, https:\/\/shop.bjerring-sales.dk\/wp-content\/uploads\/2024\/01\/Balanspall_ergo_skrivbord.jpg.pagespeed.ic_.1WuFD0kCdr-150x150.webp 150w, https:\/\/shop.bjerring-sales.dk\/wp-content\/uploads\/2024\/01\/Balanspall_ergo_skrivbord.jpg.pagespeed.ic_.1WuFD0kCdr-600x600.webp 600w, https:\/\/shop.bjerring-sales.dk\/wp-content\/uploads\/2024\/01\/Balanspall_ergo_skrivbord.jpg.pagespeed.ic_.1WuFD0kCdr-768x768.webp 768w, https:\/\/shop.bjerring-sales.dk\/wp-content\/uploads\/2024\/01\/Balanspall_ergo_skrivbord.jpg.pagespeed.ic_.1WuFD0kCdr-12x12.webp 12w\" sizes=\"auto, (max-width: 800px) 100vw, 800px\" \/><\/div>\n\t\t<\/figure>\n\t<\/div>\n<\/div><\/div><\/div><div class=\"wpb_column vc_column_container vc_col-sm-6\"><div class=\"vc_column-inner\"><div class=\"wpb_wrapper\">\n\t<div  class=\"wpb_single_image wpb_content_element vc_align_center\">\n\t\t\n\t\t<figure class=\"wpb_wrapper vc_figure\">\n\t\t\t<div class=\"vc_single_image-wrapper vc_box_shadow_border  vc_box_border_grey\"><img loading=\"lazy\" decoding=\"async\" width=\"800\" height=\"800\" src=\"https:\/\/shop.bjerring-sales.dk\/wp-content\/uploads\/2024\/01\/Balanspall_ergo_miljo_1.jpg.pagespeed.ic_.9UDGkV0Tlj.webp\" class=\"vc_single_image-img attachment-full\" alt=\"\" title=\"Balance pallet_ergo_miljo_1.jpg.pagespeed.ic.9UDGkV0Tlj\" srcset=\"https:\/\/shop.bjerring-sales.dk\/wp-content\/uploads\/2024\/01\/Balanspall_ergo_miljo_1.jpg.pagespeed.ic_.9UDGkV0Tlj.webp 800w, https:\/\/shop.bjerring-sales.dk\/wp-content\/uploads\/2024\/01\/Balanspall_ergo_miljo_1.jpg.pagespeed.ic_.9UDGkV0Tlj-300x300.webp 300w, https:\/\/shop.bjerring-sales.dk\/wp-content\/uploads\/2024\/01\/Balanspall_ergo_miljo_1.jpg.pagespeed.ic_.9UDGkV0Tlj-150x150.webp 150w, https:\/\/shop.bjerring-sales.dk\/wp-content\/uploads\/2024\/01\/Balanspall_ergo_miljo_1.jpg.pagespeed.ic_.9UDGkV0Tlj-600x600.webp 600w, https:\/\/shop.bjerring-sales.dk\/wp-content\/uploads\/2024\/01\/Balanspall_ergo_miljo_1.jpg.pagespeed.ic_.9UDGkV0Tlj-768x768.webp 768w, https:\/\/shop.bjerring-sales.dk\/wp-content\/uploads\/2024\/01\/Balanspall_ergo_miljo_1.jpg.pagespeed.ic_.9UDGkV0Tlj-12x12.webp 12w\" sizes=\"auto, (max-width: 800px) 100vw, 800px\" \/><\/div>\n\t\t<\/figure>\n\t<\/div>\n<\/div><\/div><\/div><\/div><div class=\"vc_row wpb_row vc_row-fluid\"><div class=\"wpb_column vc_column_container vc_col-sm-6\"><div class=\"vc_column-inner\"><div class=\"wpb_wrapper\">\n\t<div class=\"wpb_text_column wpb_content_element\" >\n\t\t<div class=\"wpb_wrapper\">\n\t\t\t<p><span style=\"font-size: 18pt;\">Area of use<br \/>\n<\/span>Our ergonomic rocking stool is versatile and adaptable, making it perfect for creating an active and healthy sitting culture regardless of workplace or environment. Take the step towards a more mobile and well-being working life with this innovative seating solution.<\/p>\n<ul>\n<li>Promote engaging and active meetings<\/li>\n<li>Transform your home office into a place for dynamic sitting<\/li>\n<li>Create a comfortable work environment that supports a healthy work style<\/li>\n<li>Encourage an active work style with height-adjustable desks<\/li>\n<li>Reduce the load on the legs and back during longer work shifts<\/li>\n<li>Create a welcoming atmosphere in various public environments<\/li>\n<\/ul>\n<p><span style=\"font-size: 18pt;\">Specifications<\/span><\/p>\n<ul>\n<li>100,000 martindales<\/li>\n<li>15 degree slope<\/li>\n<li>Smooth lever on the right side for height adjustment<\/li>\n<li>Handle for easy movement<\/li>\n<li>Anti-slip in PVC that makes it stand stable<\/li>\n<\/ul>\n<p><span style=\"font-size: 18pt;\">Weight<\/span><\/p>\n<ul>\n<li>Weight: 8kg<\/li>\n<\/ul>\n\n\t\t<\/div>\n\t<\/div>\n<\/div><\/div><\/div><div class=\"wpb_column vc_column_container vc_col-sm-6\"><div class=\"vc_column-inner\"><div class=\"wpb_wrapper\">\n\t<div class=\"wpb_text_column wpb_content_element\" >\n\t\t<div class=\"wpb_wrapper\">\n\t\t\t<p><span style=\"font-size: 18pt;\">Measure<\/span><\/p>\n<ul>\n<li>Total height: 650-840 mm<\/li>\n<li>Seat height: 560-730 mm<\/li>\n<li>Seat width: 380 mm<\/li>\n<li>Width of foot: \u00d8400 mm<\/li>\n<li>Total width (with anti-slip plate on foot): \u00d8410 mm<\/li>\n<\/ul>\n<p><span style=\"font-size: 18pt;\"><a href=\"https:\/\/shop.bjerring-sales.dk\/wp-content\/uploads\/2024\/01\/Balanspall_ergo_matt-300x242-1.jpg\"><img loading=\"lazy\" decoding=\"async\" class=\"alignnone size-full wp-image-95042\" src=\"https:\/\/shop.bjerring-sales.dk\/wp-content\/uploads\/2024\/01\/Balanspall_ergo_matt-300x242-1.jpg\" alt=\"\" width=\"300\" height=\"242\" srcset=\"https:\/\/shop.bjerring-sales.dk\/wp-content\/uploads\/2024\/01\/Balanspall_ergo_matt-300x242-1.jpg 300w, https:\/\/shop.bjerring-sales.dk\/wp-content\/uploads\/2024\/01\/Balanspall_ergo_matt-300x242-1-150x121.jpg 150w, https:\/\/shop.bjerring-sales.dk\/wp-content\/uploads\/2024\/01\/Balanspall_ergo_matt-300x242-1-15x12.jpg 15w\" sizes=\"auto, (max-width: 300px) 100vw, 300px\" \/><\/a><\/span><\/p>\n<p><span style=\"font-size: 18pt;\">Certifications<\/span><\/p>\n<ul>\n<li>Fabric upholstery is manufactured in accordance with the CA117-2013 standard<\/li>\n<\/ul>\n<p><span style=\"font-size: 18pt;\">Guarantee<\/span><\/p>\n<ul>\n<li>2 year warranty<\/li>\n<\/ul>\n\n\t\t<\/div>\n\t<\/div>\n<\/div><\/div><\/div><\/div>\n<\/div>","protected":false},"excerpt":{"rendered":"<p>Discover the comfort and innovation with Ergo, our ergonomic height-adjustable balance stool. The balance stool Ergo is the ultimate solution for ergonomic, durable and healthy sitting.<\/p>","protected":false},"featured_media":94916,"template":"","meta":{"iawp_total_views":4},"product_brand":[],"product_cat":[6300,5791,5785,5826,5629,5827,6025],"product_tag":[6406,5793,6031],"class_list":{"0":"post-94918","1":"product","2":"type-product","3":"status-publish","4":"has-post-thumbnail","6":"product_cat-arbetsstolar","7":"product_cat-stolar","8":"product_cat-hemmakontor","9":"product_cat-skrivbordsstolar","10":"product_cat-kontorsmobler","11":"product_cat-kontorsstolar","12":"product_cat-ergonomiskt-sittande","13":"product_tag-balanspall-ergo","14":"product_tag-ergonomi","15":"product_tag-ergonomiskt-sittande","17":"first","18":"instock","19":"taxable","20":"shipping-taxable","21":"purchasable","22":"product-type-simple"},"yoast_head":"<!-- This site is optimized with the Yoast SEO plugin v27.0 - https:\/\/yoast.com\/product\/yoast-seo-wordpress\/ -->\n<title>Balanspall Ergo - Bjerring-Sales<\/title>\n<meta name=\"description\" content=\"Uppt\u00e4ck komforten och innovationen med Ergo, v\u00e5r ergonomiska h\u00f6jdjusterbara balanspall. Balanspallen Ergo \u00e4r den ultimata l\u00f6sningen f\u00f6r ett ergonomiskt, h\u00e5llbart och h\u00e4lsosamt sittande.\" \/>\n<meta name=\"robots\" content=\"index, follow, max-snippet:-1, max-image-preview:large, max-video-preview:-1\" \/>\n<link rel=\"canonical\" href=\"https:\/\/shop.bjerring-sales.dk\/en\/product\/balanspall-ergo\/\" \/>\n<meta property=\"og:locale\" content=\"en_GB\" \/>\n<meta property=\"og:type\" content=\"article\" \/>\n<meta property=\"og:title\" content=\"Balanspall Ergo - En h\u00f6j- s\u00e4nkbar balanspall f\u00f6r kontor och andra arbetsmilj\u00f6er\" \/>\n<meta property=\"og:description\" content=\"Uppt\u00e4ck komforten och innovationen med Ergo, v\u00e5r ergonomiska h\u00f6jdjusterbara balanspall. Balanspallen Ergo \u00e4r den ultimata l\u00f6sningen f\u00f6r ett ergonomiskt, h\u00e5llbart och h\u00e4lsosamt sittande.\" \/>\n<meta property=\"og:url\" content=\"https:\/\/shop.bjerring-sales.dk\/en\/product\/balanspall-ergo\/\" \/>\n<meta property=\"og:site_name\" content=\"Bjerring-Sales\" \/>\n<meta property=\"article:modified_time\" content=\"2024-04-22T10:45:16+00:00\" \/>\n<meta property=\"og:image\" content=\"https:\/\/shop.bjerring-sales.dk\/wp-content\/uploads\/2024\/01\/Balanspall_ergo_skrivbord.jpg.pagespeed.ic_.1WuFD0kCdr.webp\" \/>\n\t<meta property=\"og:image:width\" content=\"800\" \/>\n\t<meta property=\"og:image:height\" content=\"800\" \/>\n\t<meta property=\"og:image:type\" content=\"image\/webp\" \/>\n<meta name=\"twitter:card\" content=\"summary_large_image\" \/>\n<meta name=\"twitter:title\" content=\"Balanspall Ergo - En h\u00f6j- s\u00e4nkbar balanspall f\u00f6r kontor och andra arbetsmilj\u00f6er\" \/>\n<meta name=\"twitter:description\" content=\"Uppt\u00e4ck komforten och innovationen med Ergo, v\u00e5r ergonomiska h\u00f6jdjusterbara balanspall. Balanspallen Ergo \u00e4r den ultimata l\u00f6sningen f\u00f6r ett ergonomiskt, h\u00e5llbart och h\u00e4lsosamt sittande.\" \/>\n<meta name=\"twitter:image\" content=\"https:\/\/shop.bjerring-sales.dk\/wp-content\/uploads\/2024\/01\/Balanspall_ergo_skrivbord.jpg.pagespeed.ic_.1WuFD0kCdr.webp\" \/>\n<meta name=\"twitter:label1\" content=\"Estimated reading time\" \/>\n\t<meta name=\"twitter:data1\" content=\"2 minutes\" \/>\n<script type=\"application\/ld+json\" class=\"yoast-schema-graph\">{\"@context\":\"https:\/\/schema.org\",\"@graph\":[{\"@type\":\"WebPage\",\"@id\":\"https:\/\/shop.bjerring-sales.dk\/product\/balanspall-ergo\/\",\"url\":\"https:\/\/shop.bjerring-sales.dk\/product\/balanspall-ergo\/\",\"name\":\"Balanspall Ergo - Bjerring-Sales\",\"isPartOf\":{\"@id\":\"https:\/\/shop.bjerring-sales.dk\/#website\"},\"primaryImageOfPage\":{\"@id\":\"https:\/\/shop.bjerring-sales.dk\/product\/balanspall-ergo\/#primaryimage\"},\"image\":{\"@id\":\"https:\/\/shop.bjerring-sales.dk\/product\/balanspall-ergo\/#primaryimage\"},\"thumbnailUrl\":\"https:\/\/shop.bjerring-sales.dk\/wp-content\/uploads\/2024\/01\/Balanspall_Ergo_svart_1.jpg\",\"datePublished\":\"2024-01-11T08:25:56+00:00\",\"dateModified\":\"2024-04-22T10:45:16+00:00\",\"description\":\"Uppt\u00e4ck komforten och innovationen med Ergo, v\u00e5r ergonomiska h\u00f6jdjusterbara balanspall. Balanspallen Ergo \u00e4r den ultimata l\u00f6sningen f\u00f6r ett ergonomiskt, h\u00e5llbart och h\u00e4lsosamt sittande.\",\"breadcrumb\":{\"@id\":\"https:\/\/shop.bjerring-sales.dk\/product\/balanspall-ergo\/#breadcrumb\"},\"inLanguage\":\"en-GB\",\"potentialAction\":[{\"@type\":\"ReadAction\",\"target\":[\"https:\/\/shop.bjerring-sales.dk\/product\/balanspall-ergo\/\"]}]},{\"@type\":\"ImageObject\",\"inLanguage\":\"en-GB\",\"@id\":\"https:\/\/shop.bjerring-sales.dk\/product\/balanspall-ergo\/#primaryimage\",\"url\":\"https:\/\/shop.bjerring-sales.dk\/wp-content\/uploads\/2024\/01\/Balanspall_Ergo_svart_1.jpg\",\"contentUrl\":\"https:\/\/shop.bjerring-sales.dk\/wp-content\/uploads\/2024\/01\/Balanspall_Ergo_svart_1.jpg\",\"width\":800,\"height\":800},{\"@type\":\"BreadcrumbList\",\"@id\":\"https:\/\/shop.bjerring-sales.dk\/product\/balanspall-ergo\/#breadcrumb\",\"itemListElement\":[{\"@type\":\"ListItem\",\"position\":1,\"name\":\"Hem\",\"item\":\"https:\/\/shop.bjerring-sales.dk\/\"},{\"@type\":\"ListItem\",\"position\":2,\"name\":\"Webbutik\",\"item\":\"https:\/\/shop.bjerring-sales.dk\/butik\/\"},{\"@type\":\"ListItem\",\"position\":3,\"name\":\"Balanspall Ergo\"}]},{\"@type\":\"WebSite\",\"@id\":\"https:\/\/shop.bjerring-sales.dk\/#website\",\"url\":\"https:\/\/shop.bjerring-sales.dk\/\",\"name\":\"Bjerring-Sales\",\"description\":\"M\u00f6bler f\u00f6r teatrar, skolor, kontor och k\u00f6pcentrum\",\"publisher\":{\"@id\":\"https:\/\/shop.bjerring-sales.dk\/#organization\"},\"potentialAction\":[{\"@type\":\"SearchAction\",\"target\":{\"@type\":\"EntryPoint\",\"urlTemplate\":\"https:\/\/shop.bjerring-sales.dk\/?s={search_term_string}\"},\"query-input\":{\"@type\":\"PropertyValueSpecification\",\"valueRequired\":true,\"valueName\":\"search_term_string\"}}],\"inLanguage\":\"en-GB\"},{\"@type\":\"Organization\",\"@id\":\"https:\/\/shop.bjerring-sales.dk\/#organization\",\"name\":\"Bjerring-Sales\",\"url\":\"https:\/\/shop.bjerring-sales.dk\/\",\"logo\":{\"@type\":\"ImageObject\",\"inLanguage\":\"en-GB\",\"@id\":\"https:\/\/shop.bjerring-sales.dk\/#\/schema\/logo\/image\/\",\"url\":\"https:\/\/shop.bjerring-sales.dk\/wp-content\/uploads\/2023\/01\/logo_sv.png\",\"contentUrl\":\"https:\/\/shop.bjerring-sales.dk\/wp-content\/uploads\/2023\/01\/logo_sv.png\",\"width\":195,\"height\":68,\"caption\":\"Bjerring-Sales\"},\"image\":{\"@id\":\"https:\/\/shop.bjerring-sales.dk\/#\/schema\/logo\/image\/\"}}]}<\/script>\n<!-- \/ Yoast SEO plugin. -->","yoast_head_json":{"title":"Balanspall Ergo - Bjerring-Sales","description":"Discover the comfort and innovation with Ergo, our ergonomic height-adjustable balance stool. The balance stool Ergo is the ultimate solution for ergonomic, durable and healthy sitting.","robots":{"index":"index","follow":"follow","max-snippet":"max-snippet:-1","max-image-preview":"max-image-preview:large","max-video-preview":"max-video-preview:-1"},"canonical":"https:\/\/shop.bjerring-sales.dk\/en\/product\/balanspall-ergo\/","og_locale":"en_GB","og_type":"article","og_title":"Balanspall Ergo - En h\u00f6j- s\u00e4nkbar balanspall f\u00f6r kontor och andra arbetsmilj\u00f6er","og_description":"Uppt\u00e4ck komforten och innovationen med Ergo, v\u00e5r ergonomiska h\u00f6jdjusterbara balanspall. Balanspallen Ergo \u00e4r den ultimata l\u00f6sningen f\u00f6r ett ergonomiskt, h\u00e5llbart och h\u00e4lsosamt sittande.","og_url":"https:\/\/shop.bjerring-sales.dk\/en\/product\/balanspall-ergo\/","og_site_name":"Bjerring-Sales","article_modified_time":"2024-04-22T10:45:16+00:00","og_image":[{"width":800,"height":800,"url":"https:\/\/shop.bjerring-sales.dk\/wp-content\/uploads\/2024\/01\/Balanspall_ergo_skrivbord.jpg.pagespeed.ic_.1WuFD0kCdr.webp","type":"image\/webp"}],"twitter_card":"summary_large_image","twitter_title":"Balanspall Ergo - En h\u00f6j- s\u00e4nkbar balanspall f\u00f6r kontor och andra arbetsmilj\u00f6er","twitter_description":"Uppt\u00e4ck komforten och innovationen med Ergo, v\u00e5r ergonomiska h\u00f6jdjusterbara balanspall. Balanspallen Ergo \u00e4r den ultimata l\u00f6sningen f\u00f6r ett ergonomiskt, h\u00e5llbart och h\u00e4lsosamt sittande.","twitter_image":"https:\/\/shop.bjerring-sales.dk\/wp-content\/uploads\/2024\/01\/Balanspall_ergo_skrivbord.jpg.pagespeed.ic_.1WuFD0kCdr.webp","twitter_misc":{"Estimated reading time":"2 minutes"},"schema":{"@context":"https:\/\/schema.org","@graph":[{"@type":"WebPage","@id":"https:\/\/shop.bjerring-sales.dk\/product\/balanspall-ergo\/","url":"https:\/\/shop.bjerring-sales.dk\/product\/balanspall-ergo\/","name":"Balanspall Ergo - Bjerring-Sales","isPartOf":{"@id":"https:\/\/shop.bjerring-sales.dk\/#website"},"primaryImageOfPage":{"@id":"https:\/\/shop.bjerring-sales.dk\/product\/balanspall-ergo\/#primaryimage"},"image":{"@id":"https:\/\/shop.bjerring-sales.dk\/product\/balanspall-ergo\/#primaryimage"},"thumbnailUrl":"https:\/\/shop.bjerring-sales.dk\/wp-content\/uploads\/2024\/01\/Balanspall_Ergo_svart_1.jpg","datePublished":"2024-01-11T08:25:56+00:00","dateModified":"2024-04-22T10:45:16+00:00","description":"Discover the comfort and innovation with Ergo, our ergonomic height-adjustable balance stool. The balance stool Ergo is the ultimate solution for ergonomic, durable and healthy sitting.","breadcrumb":{"@id":"https:\/\/shop.bjerring-sales.dk\/product\/balanspall-ergo\/#breadcrumb"},"inLanguage":"en-GB","potentialAction":[{"@type":"ReadAction","target":["https:\/\/shop.bjerring-sales.dk\/product\/balanspall-ergo\/"]}]},{"@type":"ImageObject","inLanguage":"en-GB","@id":"https:\/\/shop.bjerring-sales.dk\/product\/balanspall-ergo\/#primaryimage","url":"https:\/\/shop.bjerring-sales.dk\/wp-content\/uploads\/2024\/01\/Balanspall_Ergo_svart_1.jpg","contentUrl":"https:\/\/shop.bjerring-sales.dk\/wp-content\/uploads\/2024\/01\/Balanspall_Ergo_svart_1.jpg","width":800,"height":800},{"@type":"BreadcrumbList","@id":"https:\/\/shop.bjerring-sales.dk\/product\/balanspall-ergo\/#breadcrumb","itemListElement":[{"@type":"ListItem","position":1,"name":"Hem","item":"https:\/\/shop.bjerring-sales.dk\/"},{"@type":"ListItem","position":2,"name":"Webbutik","item":"https:\/\/shop.bjerring-sales.dk\/butik\/"},{"@type":"ListItem","position":3,"name":"Balanspall Ergo"}]},{"@type":"WebSite","@id":"https:\/\/shop.bjerring-sales.dk\/#website","url":"https:\/\/shop.bjerring-sales.dk\/","name":"Bjerring Sales","description":"Furniture for theatres, schools, offices and shopping centres","publisher":{"@id":"https:\/\/shop.bjerring-sales.dk\/#organization"},"potentialAction":[{"@type":"SearchAction","target":{"@type":"EntryPoint","urlTemplate":"https:\/\/shop.bjerring-sales.dk\/?s={search_term_string}"},"query-input":{"@type":"PropertyValueSpecification","valueRequired":true,"valueName":"search_term_string"}}],"inLanguage":"en-GB"},{"@type":"Organization","@id":"https:\/\/shop.bjerring-sales.dk\/#organization","name":"Bjerring Sales","url":"https:\/\/shop.bjerring-sales.dk\/","logo":{"@type":"ImageObject","inLanguage":"en-GB","@id":"https:\/\/shop.bjerring-sales.dk\/#\/schema\/logo\/image\/","url":"https:\/\/shop.bjerring-sales.dk\/wp-content\/uploads\/2023\/01\/logo_sv.png","contentUrl":"https:\/\/shop.bjerring-sales.dk\/wp-content\/uploads\/2023\/01\/logo_sv.png","width":195,"height":68,"caption":"Bjerring-Sales"},"image":{"@id":"https:\/\/shop.bjerring-sales.dk\/#\/schema\/logo\/image\/"}}]}},"_links":{"self":[{"href":"https:\/\/shop.bjerring-sales.dk\/en\/wp-json\/wp\/v2\/product\/94918","targetHints":{"allow":["GET"]}}],"collection":[{"href":"https:\/\/shop.bjerring-sales.dk\/en\/wp-json\/wp\/v2\/product"}],"about":[{"href":"https:\/\/shop.bjerring-sales.dk\/en\/wp-json\/wp\/v2\/types\/product"}],"wp:featuredmedia":[{"embeddable":true,"href":"https:\/\/shop.bjerring-sales.dk\/en\/wp-json\/wp\/v2\/media\/94916"}],"wp:attachment":[{"href":"https:\/\/shop.bjerring-sales.dk\/en\/wp-json\/wp\/v2\/media?parent=94918"}],"wp:term":[{"taxonomy":"product_brand","embeddable":true,"href":"https:\/\/shop.bjerring-sales.dk\/en\/wp-json\/wp\/v2\/product_brand?post=94918"},{"taxonomy":"product_cat","embeddable":true,"href":"https:\/\/shop.bjerring-sales.dk\/en\/wp-json\/wp\/v2\/product_cat?post=94918"},{"taxonomy":"product_tag","embeddable":true,"href":"https:\/\/shop.bjerring-sales.dk\/en\/wp-json\/wp\/v2\/product_tag?post=94918"}],"curies":[{"name":"wp","href":"https:\/\/api.w.org\/{rel}","templated":true}]}}