{"id":94753,"date":"2024-01-10T14:41:34","date_gmt":"2024-01-10T13:41:34","guid":{"rendered":"https:\/\/shop.bjerring-sales.dk\/sv\/?post_type=product&#038;p=94753"},"modified":"2026-01-04T13:54:50","modified_gmt":"2026-01-04T12:54:50","slug":"sittpuff-basic","status":"publish","type":"product","link":"https:\/\/shop.bjerring-sales.dk\/en\/product\/sittpuff-basic\/","title":{"rendered":"Pouf Basic"},"content":{"rendered":"<div class=\"wpb-content-wrapper\"><div class=\"vc_row wpb_row vc_row-fluid\"><div class=\"wpb_column vc_column_container vc_col-sm-12\"><div class=\"vc_column-inner\"><div class=\"wpb_wrapper\">\n\t<div class=\"wpb_text_column wpb_content_element\" >\n\t\t<div class=\"wpb_wrapper\">\n\t\t\t<p><span style=\"font-size: 24pt;\">A comfortable and affordable stool for the workplace<br \/>\n<\/span>Pouf Basic from our basic segment is the perfect solution for a flexible work environment and also at a very affordable price. The pouf gives you not only healthy sitting but also basic comfort for daily use in the office.<\/p>\n\n\t\t<\/div>\n\t<\/div>\n<\/div><\/div><\/div><\/div><div class=\"vc_row wpb_row vc_row-fluid\"><div class=\"wpb_column vc_column_container vc_col-sm-4\"><div class=\"vc_column-inner\"><div class=\"wpb_wrapper\">\n\t<div  class=\"wpb_single_image wpb_content_element vc_align_center\">\n\t\t\n\t\t<figure class=\"wpb_wrapper vc_figure\">\n\t\t\t<div class=\"vc_single_image-wrapper vc_box_shadow_border  vc_box_border_grey\"><img loading=\"lazy\" decoding=\"async\" width=\"400\" height=\"400\" src=\"https:\/\/shop.bjerring-sales.dk\/wp-content\/uploads\/2024\/01\/3x2_Post_3-400x400.jpg.pagespeed.ic_.77qAj7xctx.webp\" class=\"vc_single_image-img attachment-full\" alt=\"\" title=\"3x2_Post_3-400x400.jpg.pagespeed.ic.77qAj7xctx\" srcset=\"https:\/\/shop.bjerring-sales.dk\/wp-content\/uploads\/2024\/01\/3x2_Post_3-400x400.jpg.pagespeed.ic_.77qAj7xctx.webp 400w, https:\/\/shop.bjerring-sales.dk\/wp-content\/uploads\/2024\/01\/3x2_Post_3-400x400.jpg.pagespeed.ic_.77qAj7xctx-300x300.webp 300w, https:\/\/shop.bjerring-sales.dk\/wp-content\/uploads\/2024\/01\/3x2_Post_3-400x400.jpg.pagespeed.ic_.77qAj7xctx-150x150.webp 150w, https:\/\/shop.bjerring-sales.dk\/wp-content\/uploads\/2024\/01\/3x2_Post_3-400x400.jpg.pagespeed.ic_.77qAj7xctx-12x12.webp 12w\" sizes=\"auto, (max-width: 400px) 100vw, 400px\" \/><\/div>\n\t\t<\/figure>\n\t<\/div>\n<\/div><\/div><\/div><div class=\"wpb_column vc_column_container vc_col-sm-4\"><div class=\"vc_column-inner\"><div class=\"wpb_wrapper\">\n\t<div  class=\"wpb_single_image wpb_content_element vc_align_center\">\n\t\t\n\t\t<figure class=\"wpb_wrapper vc_figure\">\n\t\t\t<div class=\"vc_single_image-wrapper vc_box_shadow_border  vc_box_border_grey\"><img loading=\"lazy\" decoding=\"async\" width=\"300\" height=\"300\" src=\"https:\/\/shop.bjerring-sales.dk\/wp-content\/uploads\/2024\/01\/2_Post-300x300-1.jpg\" class=\"vc_single_image-img attachment-full\" alt=\"\" title=\"2_Post-300x300\" srcset=\"https:\/\/shop.bjerring-sales.dk\/wp-content\/uploads\/2024\/01\/2_Post-300x300-1.jpg 300w, https:\/\/shop.bjerring-sales.dk\/wp-content\/uploads\/2024\/01\/2_Post-300x300-1-150x150.jpg 150w, https:\/\/shop.bjerring-sales.dk\/wp-content\/uploads\/2024\/01\/2_Post-300x300-1-12x12.jpg 12w\" sizes=\"auto, (max-width: 300px) 100vw, 300px\" \/><\/div>\n\t\t<\/figure>\n\t<\/div>\n<\/div><\/div><\/div><div class=\"wpb_column vc_column_container vc_col-sm-4\"><div class=\"vc_column-inner\"><div class=\"wpb_wrapper\">\n\t<div  class=\"wpb_single_image wpb_content_element vc_align_center\">\n\t\t\n\t\t<figure class=\"wpb_wrapper vc_figure\">\n\t\t\t<div class=\"vc_single_image-wrapper vc_box_shadow_border  vc_box_border_grey\"><img loading=\"lazy\" decoding=\"async\" width=\"300\" height=\"300\" src=\"https:\/\/shop.bjerring-sales.dk\/wp-content\/uploads\/2024\/01\/1_Post_1-300x300-1.jpg\" class=\"vc_single_image-img attachment-full\" alt=\"\" title=\"1_Post_1-300x300\" srcset=\"https:\/\/shop.bjerring-sales.dk\/wp-content\/uploads\/2024\/01\/1_Post_1-300x300-1.jpg 300w, https:\/\/shop.bjerring-sales.dk\/wp-content\/uploads\/2024\/01\/1_Post_1-300x300-1-150x150.jpg 150w, https:\/\/shop.bjerring-sales.dk\/wp-content\/uploads\/2024\/01\/1_Post_1-300x300-1-12x12.jpg 12w\" sizes=\"auto, (max-width: 300px) 100vw, 300px\" \/><\/div>\n\t\t<\/figure>\n\t<\/div>\n<\/div><\/div><\/div><\/div><div class=\"vc_row wpb_row vc_row-fluid\"><div class=\"wpb_column vc_column_container vc_col-sm-6\"><div class=\"vc_column-inner\"><div class=\"wpb_wrapper\">\n\t<div class=\"wpb_text_column wpb_content_element\" >\n\t\t<div class=\"wpb_wrapper\">\n\t\t\t<p><span style=\"font-size: 18pt;\">Area of use<br \/>\n<\/span>With the stable PP base and the comfortable upholstered seat, Sittuff Basic keeps you moving in all modern office, conference and waiting room areas. The pouf has a compact design that makes it easy to carry everywhere.<\/p>\n<p><span style=\"font-size: 18pt;\">Colors<br \/>\n<\/span>Pouffe Basic is stocked in the colors below, if you would like a special color, please contact customer service.<\/p>\n<ul>\n<li>Blue<\/li>\n<li>Dark gray<\/li>\n<li>Light gray<\/li>\n<\/ul>\n<p><span style=\"font-size: 18pt;\">Measure<\/span><\/p>\n<ul>\n<li>Height: 455 mm<\/li>\n<li>Seat circumference: \u00d8410 mm<\/li>\n<li>Circumference base: \u00d8450 mm<\/li>\n<\/ul>\n<p><a href=\"https:\/\/shop.bjerring-sales.dk\/wp-content\/uploads\/2024\/01\/4_Post_1-300x300-1.jpg\"><img loading=\"lazy\" decoding=\"async\" class=\"alignnone size-full wp-image-95048\" src=\"https:\/\/shop.bjerring-sales.dk\/wp-content\/uploads\/2024\/01\/4_Post_1-300x300-1.jpg\" alt=\"\" width=\"300\" height=\"300\" srcset=\"https:\/\/shop.bjerring-sales.dk\/wp-content\/uploads\/2024\/01\/4_Post_1-300x300-1.jpg 300w, https:\/\/shop.bjerring-sales.dk\/wp-content\/uploads\/2024\/01\/4_Post_1-300x300-1-150x150.jpg 150w, https:\/\/shop.bjerring-sales.dk\/wp-content\/uploads\/2024\/01\/4_Post_1-300x300-1-12x12.jpg 12w\" sizes=\"auto, (max-width: 300px) 100vw, 300px\" \/><\/a><\/p>\n\n\t\t<\/div>\n\t<\/div>\n<\/div><\/div><\/div><div class=\"wpb_column vc_column_container vc_col-sm-6\"><div class=\"vc_column-inner\"><div class=\"wpb_wrapper\">\n\t<div class=\"wpb_text_column wpb_content_element\" >\n\t\t<div class=\"wpb_wrapper\">\n\t\t\t<p><span style=\"font-size: 18pt;\">Weight<\/span><\/p>\n<ul>\n<li>Weight: 4.7 kg<\/li>\n<li>Rec. maximum load: 115 kg<\/li>\n<\/ul>\n<p><span style=\"font-size: 18pt;\">Certifications<\/span><\/p>\n<ul>\n<li>BIFMA\/EN standard requirements<\/li>\n<\/ul>\n<p><span style=\"font-size: 18pt;\">Item number<\/span><\/p>\n<ul>\n<li>SPB001 - Pouf Basic - Black<\/li>\n<li>SPB003 \u2013 Pouf Basic \u2013 Blue<\/li>\n<li>SPB012 \u2013 Bean bag Basic \u2013 Dark grey<\/li>\n<li>SPB015 \u2013 Bean bag Basic \u2013 Light grey<\/li>\n<\/ul>\n\n\t\t<\/div>\n\t<\/div>\n<\/div><\/div><\/div><\/div>\n<\/div>","protected":false},"excerpt":{"rendered":"<p>Pouf Basic from our basic segment is the perfect solution for a flexible work environment and also at a very affordable price<\/p>","protected":false},"featured_media":100912,"template":"","meta":{"iawp_total_views":3},"product_brand":[],"product_cat":[5785,5791,5629,6025],"product_tag":[6405,5793,6026,6031],"class_list":{"0":"post-94753","1":"product","2":"type-product","3":"status-publish","4":"has-post-thumbnail","6":"product_cat-hemmakontor","7":"product_cat-stolar","8":"product_cat-kontorsmobler","9":"product_cat-ergonomiskt-sittande","10":"product_tag-sittpuff-basic","11":"product_tag-ergonomi","12":"product_tag-sittpall","13":"product_tag-ergonomiskt-sittande","15":"first","16":"instock","17":"taxable","18":"shipping-taxable","19":"purchasable","20":"product-type-variable"},"yoast_head":"<!-- This site is optimized with the Yoast SEO plugin v27.0 - https:\/\/yoast.com\/product\/yoast-seo-wordpress\/ -->\n<title>Sittpuff Basic - Bjerring-Sales<\/title>\n<meta name=\"description\" content=\"Sittpuff Basic fr\u00e5n v\u00e5rt basic segment \u00e4r den perfekta l\u00f6sningen f\u00f6r en smidig arbetsmilj\u00f6 och \u00e4ven till ett v\u00e4ldigt \u00f6verkomligt pris.\" \/>\n<meta name=\"robots\" content=\"index, follow, max-snippet:-1, max-image-preview:large, max-video-preview:-1\" \/>\n<link rel=\"canonical\" href=\"https:\/\/shop.bjerring-sales.dk\/en\/product\/sittpuff-basic\/\" \/>\n<meta property=\"og:locale\" content=\"en_GB\" \/>\n<meta property=\"og:type\" content=\"article\" \/>\n<meta property=\"og:title\" content=\"Sittpuff Basic - En komfortabel och prisv\u00e4rd pall f\u00f6r arbetsplatsen\" \/>\n<meta property=\"og:description\" content=\"Sittpuff Basic fr\u00e5n v\u00e5rt basic segment \u00e4r den perfekta l\u00f6sningen f\u00f6r en smidig arbetsmilj\u00f6 och \u00e4ven till ett v\u00e4ldigt \u00f6verkomligt pris.\" \/>\n<meta property=\"og:url\" content=\"https:\/\/shop.bjerring-sales.dk\/en\/product\/sittpuff-basic\/\" \/>\n<meta property=\"og:site_name\" content=\"Bjerring-Sales\" \/>\n<meta property=\"article:modified_time\" content=\"2026-01-04T12:54:50+00:00\" \/>\n<meta property=\"og:image\" content=\"https:\/\/shop.bjerring-sales.dk\/wp-content\/uploads\/2024\/01\/3x2_Post_3-400x400.jpg.pagespeed.ic_.77qAj7xctx.webp\" \/>\n\t<meta property=\"og:image:width\" content=\"400\" \/>\n\t<meta property=\"og:image:height\" content=\"400\" \/>\n\t<meta property=\"og:image:type\" content=\"image\/webp\" \/>\n<meta name=\"twitter:card\" content=\"summary_large_image\" \/>\n<meta name=\"twitter:title\" content=\"Sittpuff Basic - En komfortabel och prisv\u00e4rd pall f\u00f6r arbetsplatsen\" \/>\n<meta name=\"twitter:description\" content=\"Sittpuff Basic fr\u00e5n v\u00e5rt basic segment \u00e4r den perfekta l\u00f6sningen f\u00f6r en smidig arbetsmilj\u00f6 och \u00e4ven till ett v\u00e4ldigt \u00f6verkomligt pris.\" \/>\n<meta name=\"twitter:image\" content=\"https:\/\/shop.bjerring-sales.dk\/wp-content\/uploads\/2024\/01\/3x2_Post_3-400x400.jpg.pagespeed.ic_.77qAj7xctx.webp\" \/>\n<meta name=\"twitter:label1\" content=\"Estimated reading time\" \/>\n\t<meta name=\"twitter:data1\" content=\"2 minutes\" \/>\n<script type=\"application\/ld+json\" class=\"yoast-schema-graph\">{\"@context\":\"https:\/\/schema.org\",\"@graph\":[{\"@type\":\"WebPage\",\"@id\":\"https:\/\/shop.bjerring-sales.dk\/product\/sittpuff-basic\/\",\"url\":\"https:\/\/shop.bjerring-sales.dk\/product\/sittpuff-basic\/\",\"name\":\"Sittpuff Basic - Bjerring-Sales\",\"isPartOf\":{\"@id\":\"https:\/\/shop.bjerring-sales.dk\/#website\"},\"primaryImageOfPage\":{\"@id\":\"https:\/\/shop.bjerring-sales.dk\/product\/sittpuff-basic\/#primaryimage\"},\"image\":{\"@id\":\"https:\/\/shop.bjerring-sales.dk\/product\/sittpuff-basic\/#primaryimage\"},\"thumbnailUrl\":\"https:\/\/shop.bjerring-sales.dk\/wp-content\/uploads\/2025\/10\/elj-sittpuff-basic-ljusgra-synligt-handtag.jpg\",\"datePublished\":\"2024-01-10T13:41:34+00:00\",\"dateModified\":\"2026-01-04T12:54:50+00:00\",\"description\":\"Sittpuff Basic fr\u00e5n v\u00e5rt basic segment \u00e4r den perfekta l\u00f6sningen f\u00f6r en smidig arbetsmilj\u00f6 och \u00e4ven till ett v\u00e4ldigt \u00f6verkomligt pris.\",\"breadcrumb\":{\"@id\":\"https:\/\/shop.bjerring-sales.dk\/product\/sittpuff-basic\/#breadcrumb\"},\"inLanguage\":\"en-GB\",\"potentialAction\":[{\"@type\":\"ReadAction\",\"target\":[\"https:\/\/shop.bjerring-sales.dk\/product\/sittpuff-basic\/\"]}]},{\"@type\":\"ImageObject\",\"inLanguage\":\"en-GB\",\"@id\":\"https:\/\/shop.bjerring-sales.dk\/product\/sittpuff-basic\/#primaryimage\",\"url\":\"https:\/\/shop.bjerring-sales.dk\/wp-content\/uploads\/2025\/10\/elj-sittpuff-basic-ljusgra-synligt-handtag.jpg\",\"contentUrl\":\"https:\/\/shop.bjerring-sales.dk\/wp-content\/uploads\/2025\/10\/elj-sittpuff-basic-ljusgra-synligt-handtag.jpg\",\"width\":800,\"height\":800},{\"@type\":\"BreadcrumbList\",\"@id\":\"https:\/\/shop.bjerring-sales.dk\/product\/sittpuff-basic\/#breadcrumb\",\"itemListElement\":[{\"@type\":\"ListItem\",\"position\":1,\"name\":\"Hem\",\"item\":\"https:\/\/shop.bjerring-sales.dk\/\"},{\"@type\":\"ListItem\",\"position\":2,\"name\":\"Webbutik\",\"item\":\"https:\/\/shop.bjerring-sales.dk\/butik\/\"},{\"@type\":\"ListItem\",\"position\":3,\"name\":\"Sittpuff Basic\"}]},{\"@type\":\"WebSite\",\"@id\":\"https:\/\/shop.bjerring-sales.dk\/#website\",\"url\":\"https:\/\/shop.bjerring-sales.dk\/\",\"name\":\"Bjerring-Sales\",\"description\":\"M\u00f6bler f\u00f6r teatrar, skolor, kontor och k\u00f6pcentrum\",\"publisher\":{\"@id\":\"https:\/\/shop.bjerring-sales.dk\/#organization\"},\"potentialAction\":[{\"@type\":\"SearchAction\",\"target\":{\"@type\":\"EntryPoint\",\"urlTemplate\":\"https:\/\/shop.bjerring-sales.dk\/?s={search_term_string}\"},\"query-input\":{\"@type\":\"PropertyValueSpecification\",\"valueRequired\":true,\"valueName\":\"search_term_string\"}}],\"inLanguage\":\"en-GB\"},{\"@type\":\"Organization\",\"@id\":\"https:\/\/shop.bjerring-sales.dk\/#organization\",\"name\":\"Bjerring-Sales\",\"url\":\"https:\/\/shop.bjerring-sales.dk\/\",\"logo\":{\"@type\":\"ImageObject\",\"inLanguage\":\"en-GB\",\"@id\":\"https:\/\/shop.bjerring-sales.dk\/#\/schema\/logo\/image\/\",\"url\":\"https:\/\/shop.bjerring-sales.dk\/wp-content\/uploads\/2023\/01\/logo_sv.png\",\"contentUrl\":\"https:\/\/shop.bjerring-sales.dk\/wp-content\/uploads\/2023\/01\/logo_sv.png\",\"width\":195,\"height\":68,\"caption\":\"Bjerring-Sales\"},\"image\":{\"@id\":\"https:\/\/shop.bjerring-sales.dk\/#\/schema\/logo\/image\/\"}}]}<\/script>\n<!-- \/ Yoast SEO plugin. -->","yoast_head_json":{"title":"Sittpuff Basic - Bjerring-Sales","description":"Sittpuff Basic fr\u00e5n v\u00e5rt basic segment \u00e4r den perfekta l\u00f6sningen f\u00f6r en smidig arbetsmilj\u00f6 och \u00e4ven till ett v\u00e4ldigt \u00f6verkomligt pris.","robots":{"index":"index","follow":"follow","max-snippet":"max-snippet:-1","max-image-preview":"max-image-preview:large","max-video-preview":"max-video-preview:-1"},"canonical":"https:\/\/shop.bjerring-sales.dk\/en\/product\/sittpuff-basic\/","og_locale":"en_GB","og_type":"article","og_title":"Sittpuff Basic - En komfortabel och prisv\u00e4rd pall f\u00f6r arbetsplatsen","og_description":"Sittpuff Basic fr\u00e5n v\u00e5rt basic segment \u00e4r den perfekta l\u00f6sningen f\u00f6r en smidig arbetsmilj\u00f6 och \u00e4ven till ett v\u00e4ldigt \u00f6verkomligt pris.","og_url":"https:\/\/shop.bjerring-sales.dk\/en\/product\/sittpuff-basic\/","og_site_name":"Bjerring-Sales","article_modified_time":"2026-01-04T12:54:50+00:00","og_image":[{"width":400,"height":400,"url":"https:\/\/shop.bjerring-sales.dk\/wp-content\/uploads\/2024\/01\/3x2_Post_3-400x400.jpg.pagespeed.ic_.77qAj7xctx.webp","type":"image\/webp"}],"twitter_card":"summary_large_image","twitter_title":"Sittpuff Basic - En komfortabel och prisv\u00e4rd pall f\u00f6r arbetsplatsen","twitter_description":"Sittpuff Basic fr\u00e5n v\u00e5rt basic segment \u00e4r den perfekta l\u00f6sningen f\u00f6r en smidig arbetsmilj\u00f6 och \u00e4ven till ett v\u00e4ldigt \u00f6verkomligt pris.","twitter_image":"https:\/\/shop.bjerring-sales.dk\/wp-content\/uploads\/2024\/01\/3x2_Post_3-400x400.jpg.pagespeed.ic_.77qAj7xctx.webp","twitter_misc":{"Estimated reading time":"2 minutes"},"schema":{"@context":"https:\/\/schema.org","@graph":[{"@type":"WebPage","@id":"https:\/\/shop.bjerring-sales.dk\/product\/sittpuff-basic\/","url":"https:\/\/shop.bjerring-sales.dk\/product\/sittpuff-basic\/","name":"Sittpuff Basic - Bjerring-Sales","isPartOf":{"@id":"https:\/\/shop.bjerring-sales.dk\/#website"},"primaryImageOfPage":{"@id":"https:\/\/shop.bjerring-sales.dk\/product\/sittpuff-basic\/#primaryimage"},"image":{"@id":"https:\/\/shop.bjerring-sales.dk\/product\/sittpuff-basic\/#primaryimage"},"thumbnailUrl":"https:\/\/shop.bjerring-sales.dk\/wp-content\/uploads\/2025\/10\/elj-sittpuff-basic-ljusgra-synligt-handtag.jpg","datePublished":"2024-01-10T13:41:34+00:00","dateModified":"2026-01-04T12:54:50+00:00","description":"Sittpuff Basic fr\u00e5n v\u00e5rt basic segment \u00e4r den perfekta l\u00f6sningen f\u00f6r en smidig arbetsmilj\u00f6 och \u00e4ven till ett v\u00e4ldigt \u00f6verkomligt pris.","breadcrumb":{"@id":"https:\/\/shop.bjerring-sales.dk\/product\/sittpuff-basic\/#breadcrumb"},"inLanguage":"en-GB","potentialAction":[{"@type":"ReadAction","target":["https:\/\/shop.bjerring-sales.dk\/product\/sittpuff-basic\/"]}]},{"@type":"ImageObject","inLanguage":"en-GB","@id":"https:\/\/shop.bjerring-sales.dk\/product\/sittpuff-basic\/#primaryimage","url":"https:\/\/shop.bjerring-sales.dk\/wp-content\/uploads\/2025\/10\/elj-sittpuff-basic-ljusgra-synligt-handtag.jpg","contentUrl":"https:\/\/shop.bjerring-sales.dk\/wp-content\/uploads\/2025\/10\/elj-sittpuff-basic-ljusgra-synligt-handtag.jpg","width":800,"height":800},{"@type":"BreadcrumbList","@id":"https:\/\/shop.bjerring-sales.dk\/product\/sittpuff-basic\/#breadcrumb","itemListElement":[{"@type":"ListItem","position":1,"name":"Hem","item":"https:\/\/shop.bjerring-sales.dk\/"},{"@type":"ListItem","position":2,"name":"Webbutik","item":"https:\/\/shop.bjerring-sales.dk\/butik\/"},{"@type":"ListItem","position":3,"name":"Sittpuff Basic"}]},{"@type":"WebSite","@id":"https:\/\/shop.bjerring-sales.dk\/#website","url":"https:\/\/shop.bjerring-sales.dk\/","name":"Bjerring Sales","description":"Furniture for theatres, schools, offices and shopping centres","publisher":{"@id":"https:\/\/shop.bjerring-sales.dk\/#organization"},"potentialAction":[{"@type":"SearchAction","target":{"@type":"EntryPoint","urlTemplate":"https:\/\/shop.bjerring-sales.dk\/?s={search_term_string}"},"query-input":{"@type":"PropertyValueSpecification","valueRequired":true,"valueName":"search_term_string"}}],"inLanguage":"en-GB"},{"@type":"Organization","@id":"https:\/\/shop.bjerring-sales.dk\/#organization","name":"Bjerring Sales","url":"https:\/\/shop.bjerring-sales.dk\/","logo":{"@type":"ImageObject","inLanguage":"en-GB","@id":"https:\/\/shop.bjerring-sales.dk\/#\/schema\/logo\/image\/","url":"https:\/\/shop.bjerring-sales.dk\/wp-content\/uploads\/2023\/01\/logo_sv.png","contentUrl":"https:\/\/shop.bjerring-sales.dk\/wp-content\/uploads\/2023\/01\/logo_sv.png","width":195,"height":68,"caption":"Bjerring-Sales"},"image":{"@id":"https:\/\/shop.bjerring-sales.dk\/#\/schema\/logo\/image\/"}}]}},"_links":{"self":[{"href":"https:\/\/shop.bjerring-sales.dk\/en\/wp-json\/wp\/v2\/product\/94753","targetHints":{"allow":["GET"]}}],"collection":[{"href":"https:\/\/shop.bjerring-sales.dk\/en\/wp-json\/wp\/v2\/product"}],"about":[{"href":"https:\/\/shop.bjerring-sales.dk\/en\/wp-json\/wp\/v2\/types\/product"}],"wp:featuredmedia":[{"embeddable":true,"href":"https:\/\/shop.bjerring-sales.dk\/en\/wp-json\/wp\/v2\/media\/100912"}],"wp:attachment":[{"href":"https:\/\/shop.bjerring-sales.dk\/en\/wp-json\/wp\/v2\/media?parent=94753"}],"wp:term":[{"taxonomy":"product_brand","embeddable":true,"href":"https:\/\/shop.bjerring-sales.dk\/en\/wp-json\/wp\/v2\/product_brand?post=94753"},{"taxonomy":"product_cat","embeddable":true,"href":"https:\/\/shop.bjerring-sales.dk\/en\/wp-json\/wp\/v2\/product_cat?post=94753"},{"taxonomy":"product_tag","embeddable":true,"href":"https:\/\/shop.bjerring-sales.dk\/en\/wp-json\/wp\/v2\/product_tag?post=94753"}],"curies":[{"name":"wp","href":"https:\/\/api.w.org\/{rel}","templated":true}]}}