{"id":94607,"date":"2023-11-14T16:27:46","date_gmt":"2023-11-14T15:27:46","guid":{"rendered":"https:\/\/shop.bjerring-sales.dk\/sv\/?post_type=product&#038;p=94607"},"modified":"2026-03-26T08:43:28","modified_gmt":"2026-03-26T07:43:28","slug":"caen-kontorsstol","status":"publish","type":"product","link":"https:\/\/shop.bjerring-sales.dk\/en\/product\/caen-kontorsstol\/","title":{"rendered":"Caen office chair"},"content":{"rendered":"<div class=\"wpb-content-wrapper\"><div class=\"vc_row wpb_row vc_row-fluid\"><div class=\"wpb_column vc_column_container vc_col-sm-12\"><div class=\"vc_column-inner\"><div class=\"wpb_wrapper\">\n\t<div class=\"wpb_text_column wpb_content_element\" >\n\t\t<div class=\"wpb_wrapper\">\n\t\t\t<p><span style=\"font-size: 24pt\">A comfortable and affordable office chair for the workplace<br \/>\n<\/span>The Caen office chair in the basic segment is the perfect solution for a comfortable working environment at an affordable price. With a focus on functionality and simplicity, this chair offers reliable and basic comfort for daily use in the office.Made with a focus on durability, this office chair has a robust construction that ensures long-term use and reliable performance over time.<\/p>\n\n\t\t<\/div>\n\t<\/div>\n<\/div><\/div><\/div><\/div><div class=\"vc_row wpb_row vc_row-fluid\"><div class=\"wpb_column vc_column_container vc_col-sm-6\"><div class=\"vc_column-inner\"><div class=\"wpb_wrapper\">\n\t<div  class=\"wpb_single_image wpb_content_element vc_align_center\">\n\t\t\n\t\t<figure class=\"wpb_wrapper vc_figure\">\n\t\t\t<div class=\"vc_single_image-wrapper vc_box_shadow_border  vc_box_border_grey\"><img loading=\"lazy\" decoding=\"async\" width=\"800\" height=\"550\" src=\"https:\/\/shop.bjerring-sales.dk\/wp-content\/uploads\/2023\/11\/caen_kontorsstol_miljo_2.jpg\" class=\"vc_single_image-img attachment-full\" alt=\"\" title=\"caen_office chair_miljo_2\" srcset=\"https:\/\/shop.bjerring-sales.dk\/wp-content\/uploads\/2023\/11\/caen_kontorsstol_miljo_2.jpg 800w, https:\/\/shop.bjerring-sales.dk\/wp-content\/uploads\/2023\/11\/caen_kontorsstol_miljo_2-150x103.jpg 150w, https:\/\/shop.bjerring-sales.dk\/wp-content\/uploads\/2023\/11\/caen_kontorsstol_miljo_2-600x413.jpg 600w, https:\/\/shop.bjerring-sales.dk\/wp-content\/uploads\/2023\/11\/caen_kontorsstol_miljo_2-300x206.jpg 300w, https:\/\/shop.bjerring-sales.dk\/wp-content\/uploads\/2023\/11\/caen_kontorsstol_miljo_2-768x528.jpg 768w, https:\/\/shop.bjerring-sales.dk\/wp-content\/uploads\/2023\/11\/caen_kontorsstol_miljo_2-18x12.jpg 18w\" sizes=\"auto, (max-width: 800px) 100vw, 800px\" \/><\/div>\n\t\t<\/figure>\n\t<\/div>\n<\/div><\/div><\/div><div class=\"wpb_column vc_column_container vc_col-sm-6\"><div class=\"vc_column-inner\"><div class=\"wpb_wrapper\">\n\t<div  class=\"wpb_single_image wpb_content_element vc_align_center\">\n\t\t\n\t\t<figure class=\"wpb_wrapper vc_figure\">\n\t\t\t<div class=\"vc_single_image-wrapper vc_box_shadow_border  vc_box_border_grey\"><img loading=\"lazy\" decoding=\"async\" width=\"800\" height=\"550\" src=\"https:\/\/shop.bjerring-sales.dk\/wp-content\/uploads\/2023\/11\/caen_kontorsstol_miljo_1.jpg\" class=\"vc_single_image-img attachment-full\" alt=\"\" title=\"caen_office chair_miljo_1\" srcset=\"https:\/\/shop.bjerring-sales.dk\/wp-content\/uploads\/2023\/11\/caen_kontorsstol_miljo_1.jpg 800w, https:\/\/shop.bjerring-sales.dk\/wp-content\/uploads\/2023\/11\/caen_kontorsstol_miljo_1-150x103.jpg 150w, https:\/\/shop.bjerring-sales.dk\/wp-content\/uploads\/2023\/11\/caen_kontorsstol_miljo_1-600x413.jpg 600w, https:\/\/shop.bjerring-sales.dk\/wp-content\/uploads\/2023\/11\/caen_kontorsstol_miljo_1-300x206.jpg 300w, https:\/\/shop.bjerring-sales.dk\/wp-content\/uploads\/2023\/11\/caen_kontorsstol_miljo_1-768x528.jpg 768w, https:\/\/shop.bjerring-sales.dk\/wp-content\/uploads\/2023\/11\/caen_kontorsstol_miljo_1-18x12.jpg 18w\" sizes=\"auto, (max-width: 800px) 100vw, 800px\" \/><\/div>\n\t\t<\/figure>\n\t<\/div>\n<\/div><\/div><\/div><\/div><div class=\"vc_row wpb_row vc_row-fluid\"><div class=\"wpb_column vc_column_container vc_col-sm-6\"><div class=\"vc_column-inner\"><div class=\"wpb_wrapper\">\n\t<div class=\"wpb_text_column wpb_content_element\" >\n\t\t<div class=\"wpb_wrapper\">\n\t\t\t<p><span style=\"font-size: 18pt\">Area of use<br \/>\n<\/span>The Caen office chair is the perfect choice for those looking for a reliable and affordable solution for their daily work needs. The office chair has ergonomic properties that promote a comfortable sitting position during long work shifts. It is designed to support your back and minimize fatigue. Simple adjustability allows you to adapt the chair to your personal needs. Adjust the height of the seat to achieve the optimal working position that suits you best.<\/p>\n<p><span style=\"font-size: 18pt\">Benefits<br \/>\n<\/span><strong>Fast installation<\/strong> - A total of 5 screws to be installed, the entire assembly is completed in 10 minutes, which increases efficiency.<br \/>\n<strong>Comfortable seat<\/strong> - Molded foam seat with seat shell without wood material, this meets the demand for an environmentally friendly alternative.<br \/>\n<strong>Versatile use<\/strong> - Perfect for use in offices, home offices or smaller workspaces where the need for a basic, reliable office chair is essential.<\/p>\n<p><span style=\"font-size: 18pt\">Specifications<\/span><\/p>\n<ul>\n<li>Tilt function on the backrest to the side and forward\/backward<\/li>\n<li>Silent wheels that prevent damage to the floor<\/li>\n<li>100,000 martindales<\/li>\n<li>Chair back in dark gray or black mesh<\/li>\n<li>Chair seat in dark gray or black fabric upholstery<\/li>\n<li>Undercarriage in black or white<\/li>\n<\/ul>\n<p><span style=\"font-size: 18pt\">Packaging<\/span><\/p>\n<ul>\n<li>680x320x610 mm<\/li>\n<li>Weight: 10.5 kg<\/li>\n<\/ul>\n\n\t\t<\/div>\n\t<\/div>\n<\/div><\/div><\/div><div class=\"wpb_column vc_column_container vc_col-sm-6\"><div class=\"vc_column-inner\"><div class=\"wpb_wrapper\">\n\t<div class=\"wpb_text_column wpb_content_element\" >\n\t\t<div class=\"wpb_wrapper\">\n\t\t\t<p><span style=\"font-size: 18pt\">Certifications<\/span><\/p>\n<ul>\n<li>BIFMA report<\/li>\n<li>ISO9001<\/li>\n<\/ul>\n<p><span style=\"font-size: 18pt\">Dimensions\/weight<\/span><\/p>\n<ul>\n<li>Total height: 950-1040 mm<\/li>\n<li>Total width: 690 mm<\/li>\n<li>Total depth: 610 mm<\/li>\n<li>Seat height: 450-540 mm<\/li>\n<li>Height to armrest: 650-750 mm<\/li>\n<li>Height of backrest: 500 mm<\/li>\n<li>8.5 kg<\/li>\n<\/ul>\n<p><span style=\"font-size: 18pt\">Guarantee<\/span><\/p>\n<ul>\n<li>2 year warranty<\/li>\n<\/ul>\n<p><a href=\"https:\/\/shop.bjerring-sales.dk\/wp-content\/uploads\/2023\/11\/caenvinklar.jpg\"><img loading=\"lazy\" decoding=\"async\" class=\"alignnone size-full wp-image-94761\" src=\"https:\/\/shop.bjerring-sales.dk\/wp-content\/uploads\/2023\/11\/caenvinklar.jpg\" alt=\"\" width=\"1153\" height=\"400\" srcset=\"https:\/\/shop.bjerring-sales.dk\/wp-content\/uploads\/2023\/11\/caenvinklar.jpg 1153w, https:\/\/shop.bjerring-sales.dk\/wp-content\/uploads\/2023\/11\/caenvinklar-150x52.jpg 150w, https:\/\/shop.bjerring-sales.dk\/wp-content\/uploads\/2023\/11\/caenvinklar-600x208.jpg 600w, https:\/\/shop.bjerring-sales.dk\/wp-content\/uploads\/2023\/11\/caenvinklar-300x104.jpg 300w, https:\/\/shop.bjerring-sales.dk\/wp-content\/uploads\/2023\/11\/caenvinklar-1024x355.jpg 1024w, https:\/\/shop.bjerring-sales.dk\/wp-content\/uploads\/2023\/11\/caenvinklar-768x266.jpg 768w, https:\/\/shop.bjerring-sales.dk\/wp-content\/uploads\/2023\/11\/caenvinklar-18x6.jpg 18w\" sizes=\"auto, (max-width: 1153px) 100vw, 1153px\" \/><\/a><\/p>\n\n\t\t<\/div>\n\t<\/div>\n<\/div><\/div><\/div><\/div>\n<\/div>","protected":false},"excerpt":{"rendered":"<p>The Caen office chair is the perfect choice for those looking for a reliable and affordable solution for their daily work needs. The office chair has ergonomic properties that promote a comfortable sitting position during long work shifts. It is designed to support your back and minimize fatigue.<\/p>","protected":false},"featured_media":98918,"template":"","meta":{"iawp_total_views":42},"product_brand":[],"product_cat":[5785,5826,5827],"product_tag":[5875,6031,6032,6074,6399,6400],"class_list":{"0":"post-94607","1":"product","2":"type-product","3":"status-publish","4":"has-post-thumbnail","6":"product_cat-hemmakontor","7":"product_cat-skrivbordsstolar","8":"product_cat-kontorsstolar","9":"product_tag-kontorsstol","10":"product_tag-ergonomiskt-sittande","11":"product_tag-skrivbordsstol","12":"product_tag-stol-med-meshkladsel","13":"product_tag-kontorsstol-med-meshrygg","14":"product_tag-skrivbordsstol-med-tygsits","16":"first","17":"instock","18":"featured","19":"taxable","20":"shipping-taxable","21":"purchasable","22":"product-type-variable"},"yoast_head":"<!-- This site is optimized with the Yoast SEO plugin v27.0 - https:\/\/yoast.com\/product\/yoast-seo-wordpress\/ -->\n<title>Caen kontorsstol - Bjerring-Sales<\/title>\n<meta name=\"description\" content=\"Caen kontorsstol \u00e4r det perfekta valet f\u00f6r dem som s\u00f6ker en p\u00e5litlig och prisv\u00e4rd l\u00f6sning f\u00f6r sina dagliga arbetsbehov.\" \/>\n<meta name=\"robots\" content=\"index, follow, max-snippet:-1, max-image-preview:large, max-video-preview:-1\" \/>\n<link rel=\"canonical\" href=\"https:\/\/shop.bjerring-sales.dk\/en\/product\/caen-kontorsstol\/\" \/>\n<meta property=\"og:locale\" content=\"en_GB\" \/>\n<meta property=\"og:type\" content=\"article\" \/>\n<meta property=\"og:title\" content=\"Caen - En komfortabel och prisv\u00e4rd kontorsstol f\u00f6r arbetsplatsen\" \/>\n<meta property=\"og:description\" content=\"Caen kontorsstol \u00e4r det perfekta valet f\u00f6r dem som s\u00f6ker en p\u00e5litlig och prisv\u00e4rd l\u00f6sning f\u00f6r sina dagliga arbetsbehov.\" \/>\n<meta property=\"og:url\" content=\"https:\/\/shop.bjerring-sales.dk\/en\/product\/caen-kontorsstol\/\" \/>\n<meta property=\"og:site_name\" content=\"Bjerring-Sales\" \/>\n<meta property=\"article:modified_time\" content=\"2026-03-26T07:43:28+00:00\" \/>\n<meta property=\"og:image\" content=\"https:\/\/shop.bjerring-sales.dk\/wp-content\/uploads\/2023\/11\/caen_kontorsstol_miljo_2.jpg\" \/>\n\t<meta property=\"og:image:width\" content=\"800\" \/>\n\t<meta property=\"og:image:height\" content=\"550\" \/>\n\t<meta property=\"og:image:type\" content=\"image\/jpeg\" \/>\n<meta name=\"twitter:card\" content=\"summary_large_image\" \/>\n<meta name=\"twitter:title\" content=\"Caen - En komfortabel och prisv\u00e4rd kontorsstol f\u00f6r arbetsplatsen\" \/>\n<meta name=\"twitter:description\" content=\"Caen kontorsstol \u00e4r det perfekta valet f\u00f6r dem som s\u00f6ker en p\u00e5litlig och prisv\u00e4rd l\u00f6sning f\u00f6r sina dagliga arbetsbehov.\" \/>\n<meta name=\"twitter:image\" content=\"https:\/\/shop.bjerring-sales.dk\/wp-content\/uploads\/2023\/11\/caen_kontorsstol_miljo_2.jpg\" \/>\n<meta name=\"twitter:label1\" content=\"Estimated reading time\" \/>\n\t<meta name=\"twitter:data1\" content=\"3 minutes\" \/>\n<script type=\"application\/ld+json\" class=\"yoast-schema-graph\">{\"@context\":\"https:\/\/schema.org\",\"@graph\":[{\"@type\":\"WebPage\",\"@id\":\"https:\/\/shop.bjerring-sales.dk\/sv\/produkt\/caen-kontorsstol\/\",\"url\":\"https:\/\/shop.bjerring-sales.dk\/sv\/produkt\/caen-kontorsstol\/\",\"name\":\"Caen kontorsstol - Bjerring-Sales\",\"isPartOf\":{\"@id\":\"https:\/\/shop.bjerring-sales.dk\/#website\"},\"primaryImageOfPage\":{\"@id\":\"https:\/\/shop.bjerring-sales.dk\/sv\/produkt\/caen-kontorsstol\/#primaryimage\"},\"image\":{\"@id\":\"https:\/\/shop.bjerring-sales.dk\/sv\/produkt\/caen-kontorsstol\/#primaryimage\"},\"thumbnailUrl\":\"https:\/\/shop.bjerring-sales.dk\/wp-content\/uploads\/2024\/10\/caen_vit_4.jpg\",\"datePublished\":\"2023-11-14T15:27:46+00:00\",\"dateModified\":\"2026-03-26T07:43:28+00:00\",\"description\":\"Caen kontorsstol \u00e4r det perfekta valet f\u00f6r dem som s\u00f6ker en p\u00e5litlig och prisv\u00e4rd l\u00f6sning f\u00f6r sina dagliga arbetsbehov.\",\"breadcrumb\":{\"@id\":\"https:\/\/shop.bjerring-sales.dk\/sv\/produkt\/caen-kontorsstol\/#breadcrumb\"},\"inLanguage\":\"en-GB\",\"potentialAction\":[{\"@type\":\"ReadAction\",\"target\":[\"https:\/\/shop.bjerring-sales.dk\/sv\/produkt\/caen-kontorsstol\/\"]}]},{\"@type\":\"ImageObject\",\"inLanguage\":\"en-GB\",\"@id\":\"https:\/\/shop.bjerring-sales.dk\/sv\/produkt\/caen-kontorsstol\/#primaryimage\",\"url\":\"https:\/\/shop.bjerring-sales.dk\/wp-content\/uploads\/2024\/10\/caen_vit_4.jpg\",\"contentUrl\":\"https:\/\/shop.bjerring-sales.dk\/wp-content\/uploads\/2024\/10\/caen_vit_4.jpg\",\"width\":800,\"height\":800},{\"@type\":\"BreadcrumbList\",\"@id\":\"https:\/\/shop.bjerring-sales.dk\/sv\/produkt\/caen-kontorsstol\/#breadcrumb\",\"itemListElement\":[{\"@type\":\"ListItem\",\"position\":1,\"name\":\"Hem\",\"item\":\"https:\/\/shop.bjerring-sales.dk\/\"},{\"@type\":\"ListItem\",\"position\":2,\"name\":\"Webbutik\",\"item\":\"https:\/\/shop.bjerring-sales.dk\/butik\/\"},{\"@type\":\"ListItem\",\"position\":3,\"name\":\"Caen kontorsstol\"}]},{\"@type\":\"WebSite\",\"@id\":\"https:\/\/shop.bjerring-sales.dk\/#website\",\"url\":\"https:\/\/shop.bjerring-sales.dk\/\",\"name\":\"Bjerring-Sales\",\"description\":\"M\u00f6bler f\u00f6r teatrar, skolor, kontor och k\u00f6pcentrum\",\"publisher\":{\"@id\":\"https:\/\/shop.bjerring-sales.dk\/#organization\"},\"potentialAction\":[{\"@type\":\"SearchAction\",\"target\":{\"@type\":\"EntryPoint\",\"urlTemplate\":\"https:\/\/shop.bjerring-sales.dk\/?s={search_term_string}\"},\"query-input\":{\"@type\":\"PropertyValueSpecification\",\"valueRequired\":true,\"valueName\":\"search_term_string\"}}],\"inLanguage\":\"en-GB\"},{\"@type\":\"Organization\",\"@id\":\"https:\/\/shop.bjerring-sales.dk\/#organization\",\"name\":\"Bjerring-Sales\",\"url\":\"https:\/\/shop.bjerring-sales.dk\/\",\"logo\":{\"@type\":\"ImageObject\",\"inLanguage\":\"en-GB\",\"@id\":\"https:\/\/shop.bjerring-sales.dk\/#\/schema\/logo\/image\/\",\"url\":\"https:\/\/shop.bjerring-sales.dk\/wp-content\/uploads\/2023\/01\/logo_sv.png\",\"contentUrl\":\"https:\/\/shop.bjerring-sales.dk\/wp-content\/uploads\/2023\/01\/logo_sv.png\",\"width\":195,\"height\":68,\"caption\":\"Bjerring-Sales\"},\"image\":{\"@id\":\"https:\/\/shop.bjerring-sales.dk\/#\/schema\/logo\/image\/\"}}]}<\/script>\n<!-- \/ Yoast SEO plugin. -->","yoast_head_json":{"title":"Caen office chair - Bjerring-Sales","description":"The Caen office chair is the perfect choice for those looking for a reliable and affordable solution for their daily work needs.","robots":{"index":"index","follow":"follow","max-snippet":"max-snippet:-1","max-image-preview":"max-image-preview:large","max-video-preview":"max-video-preview:-1"},"canonical":"https:\/\/shop.bjerring-sales.dk\/en\/product\/caen-kontorsstol\/","og_locale":"en_GB","og_type":"article","og_title":"Caen - En komfortabel och prisv\u00e4rd kontorsstol f\u00f6r arbetsplatsen","og_description":"Caen kontorsstol \u00e4r det perfekta valet f\u00f6r dem som s\u00f6ker en p\u00e5litlig och prisv\u00e4rd l\u00f6sning f\u00f6r sina dagliga arbetsbehov.","og_url":"https:\/\/shop.bjerring-sales.dk\/en\/product\/caen-kontorsstol\/","og_site_name":"Bjerring-Sales","article_modified_time":"2026-03-26T07:43:28+00:00","og_image":[{"width":800,"height":550,"url":"https:\/\/shop.bjerring-sales.dk\/wp-content\/uploads\/2023\/11\/caen_kontorsstol_miljo_2.jpg","type":"image\/jpeg"}],"twitter_card":"summary_large_image","twitter_title":"Caen - En komfortabel och prisv\u00e4rd kontorsstol f\u00f6r arbetsplatsen","twitter_description":"Caen kontorsstol \u00e4r det perfekta valet f\u00f6r dem som s\u00f6ker en p\u00e5litlig och prisv\u00e4rd l\u00f6sning f\u00f6r sina dagliga arbetsbehov.","twitter_image":"https:\/\/shop.bjerring-sales.dk\/wp-content\/uploads\/2023\/11\/caen_kontorsstol_miljo_2.jpg","twitter_misc":{"Estimated reading time":"3 minutes"},"schema":{"@context":"https:\/\/schema.org","@graph":[{"@type":"WebPage","@id":"https:\/\/shop.bjerring-sales.dk\/sv\/produkt\/caen-kontorsstol\/","url":"https:\/\/shop.bjerring-sales.dk\/sv\/produkt\/caen-kontorsstol\/","name":"Caen office chair - Bjerring-Sales","isPartOf":{"@id":"https:\/\/shop.bjerring-sales.dk\/#website"},"primaryImageOfPage":{"@id":"https:\/\/shop.bjerring-sales.dk\/sv\/produkt\/caen-kontorsstol\/#primaryimage"},"image":{"@id":"https:\/\/shop.bjerring-sales.dk\/sv\/produkt\/caen-kontorsstol\/#primaryimage"},"thumbnailUrl":"https:\/\/shop.bjerring-sales.dk\/wp-content\/uploads\/2024\/10\/caen_vit_4.jpg","datePublished":"2023-11-14T15:27:46+00:00","dateModified":"2026-03-26T07:43:28+00:00","description":"The Caen office chair is the perfect choice for those looking for a reliable and affordable solution for their daily work needs.","breadcrumb":{"@id":"https:\/\/shop.bjerring-sales.dk\/sv\/produkt\/caen-kontorsstol\/#breadcrumb"},"inLanguage":"en-GB","potentialAction":[{"@type":"ReadAction","target":["https:\/\/shop.bjerring-sales.dk\/sv\/produkt\/caen-kontorsstol\/"]}]},{"@type":"ImageObject","inLanguage":"en-GB","@id":"https:\/\/shop.bjerring-sales.dk\/sv\/produkt\/caen-kontorsstol\/#primaryimage","url":"https:\/\/shop.bjerring-sales.dk\/wp-content\/uploads\/2024\/10\/caen_vit_4.jpg","contentUrl":"https:\/\/shop.bjerring-sales.dk\/wp-content\/uploads\/2024\/10\/caen_vit_4.jpg","width":800,"height":800},{"@type":"BreadcrumbList","@id":"https:\/\/shop.bjerring-sales.dk\/sv\/produkt\/caen-kontorsstol\/#breadcrumb","itemListElement":[{"@type":"ListItem","position":1,"name":"Hem","item":"https:\/\/shop.bjerring-sales.dk\/"},{"@type":"ListItem","position":2,"name":"Webbutik","item":"https:\/\/shop.bjerring-sales.dk\/butik\/"},{"@type":"ListItem","position":3,"name":"Caen kontorsstol"}]},{"@type":"WebSite","@id":"https:\/\/shop.bjerring-sales.dk\/#website","url":"https:\/\/shop.bjerring-sales.dk\/","name":"Bjerring Sales","description":"Furniture for theatres, schools, offices and shopping centres","publisher":{"@id":"https:\/\/shop.bjerring-sales.dk\/#organization"},"potentialAction":[{"@type":"SearchAction","target":{"@type":"EntryPoint","urlTemplate":"https:\/\/shop.bjerring-sales.dk\/?s={search_term_string}"},"query-input":{"@type":"PropertyValueSpecification","valueRequired":true,"valueName":"search_term_string"}}],"inLanguage":"en-GB"},{"@type":"Organization","@id":"https:\/\/shop.bjerring-sales.dk\/#organization","name":"Bjerring Sales","url":"https:\/\/shop.bjerring-sales.dk\/","logo":{"@type":"ImageObject","inLanguage":"en-GB","@id":"https:\/\/shop.bjerring-sales.dk\/#\/schema\/logo\/image\/","url":"https:\/\/shop.bjerring-sales.dk\/wp-content\/uploads\/2023\/01\/logo_sv.png","contentUrl":"https:\/\/shop.bjerring-sales.dk\/wp-content\/uploads\/2023\/01\/logo_sv.png","width":195,"height":68,"caption":"Bjerring-Sales"},"image":{"@id":"https:\/\/shop.bjerring-sales.dk\/#\/schema\/logo\/image\/"}}]}},"_links":{"self":[{"href":"https:\/\/shop.bjerring-sales.dk\/en\/wp-json\/wp\/v2\/product\/94607","targetHints":{"allow":["GET"]}}],"collection":[{"href":"https:\/\/shop.bjerring-sales.dk\/en\/wp-json\/wp\/v2\/product"}],"about":[{"href":"https:\/\/shop.bjerring-sales.dk\/en\/wp-json\/wp\/v2\/types\/product"}],"wp:featuredmedia":[{"embeddable":true,"href":"https:\/\/shop.bjerring-sales.dk\/en\/wp-json\/wp\/v2\/media\/98918"}],"wp:attachment":[{"href":"https:\/\/shop.bjerring-sales.dk\/en\/wp-json\/wp\/v2\/media?parent=94607"}],"wp:term":[{"taxonomy":"product_brand","embeddable":true,"href":"https:\/\/shop.bjerring-sales.dk\/en\/wp-json\/wp\/v2\/product_brand?post=94607"},{"taxonomy":"product_cat","embeddable":true,"href":"https:\/\/shop.bjerring-sales.dk\/en\/wp-json\/wp\/v2\/product_cat?post=94607"},{"taxonomy":"product_tag","embeddable":true,"href":"https:\/\/shop.bjerring-sales.dk\/en\/wp-json\/wp\/v2\/product_tag?post=94607"}],"curies":[{"name":"wp","href":"https:\/\/api.w.org\/{rel}","templated":true}]}}