{"id":94334,"date":"2023-08-31T11:35:34","date_gmt":"2023-08-31T09:35:34","guid":{"rendered":"https:\/\/shop.bjerring-sales.dk\/sv\/produkt\/studio-bord-50cm-skiva\/"},"modified":"2026-04-16T16:02:41","modified_gmt":"2026-04-16T14:02:41","slug":"studio-bord-50cm-skiva","status":"publish","type":"product","link":"https:\/\/shop.bjerring-sales.dk\/en\/product\/studio-bord-50cm-skiva\/","title":{"rendered":"Studio table with \u00d850 cm top"},"content":{"rendered":"<div class=\"wpb-content-wrapper\"><div class=\"vc_row wpb_row vc_row-fluid\"><div class=\"wpb_column vc_column_container vc_col-sm-12\"><div class=\"vc_column-inner\"><div class=\"wpb_wrapper\">\n\t<div class=\"wpb_text_column wpb_content_element\" >\n\t\t<div class=\"wpb_wrapper\">\n\t\t\t<p><span style=\"font-size: 24pt\">Studio table with round table top \u00d850 cm - Available in 4 heights<br \/>\n<\/span>The studio table with a round \u00d850 cm table top is available with a range of options. The studio table is available in different heights and with different color choices. The stand is made of high-quality powder-coated steel, which guarantees durability and a stylish aesthetic. To meet your needs for stability, we have equipped the stand with adjustable feet. The studio tables can also be expanded with the possibility of creating, for example, conference tables, dining tables and meeting tables.<\/p>\n\n\t\t<\/div>\n\t<\/div>\n<\/div><\/div><\/div><\/div><div class=\"vc_row wpb_row vc_row-fluid\"><div class=\"wpb_column vc_column_container vc_col-sm-4\"><div class=\"vc_column-inner\"><div class=\"wpb_wrapper\">\n\t<div  class=\"wpb_single_image wpb_content_element vc_align_center\">\n\t\t\n\t\t<figure class=\"wpb_wrapper vc_figure\">\n\t\t\t<div class=\"vc_single_image-wrapper vc_box_shadow_border  vc_box_border_grey\"><img loading=\"lazy\" decoding=\"async\" width=\"800\" height=\"550\" src=\"https:\/\/shop.bjerring-sales.dk\/wp-content\/uploads\/2023\/08\/Studio-Table-Choice-9X.jpg\" class=\"vc_single_image-img attachment-full\" alt=\"\" title=\"Studio-Table-Choice-9X\" srcset=\"https:\/\/shop.bjerring-sales.dk\/wp-content\/uploads\/2023\/08\/Studio-Table-Choice-9X.jpg 800w, https:\/\/shop.bjerring-sales.dk\/wp-content\/uploads\/2023\/08\/Studio-Table-Choice-9X-150x103.jpg 150w, https:\/\/shop.bjerring-sales.dk\/wp-content\/uploads\/2023\/08\/Studio-Table-Choice-9X-600x413.jpg 600w, https:\/\/shop.bjerring-sales.dk\/wp-content\/uploads\/2023\/08\/Studio-Table-Choice-9X-300x206.jpg 300w, https:\/\/shop.bjerring-sales.dk\/wp-content\/uploads\/2023\/08\/Studio-Table-Choice-9X-768x528.jpg 768w, https:\/\/shop.bjerring-sales.dk\/wp-content\/uploads\/2023\/08\/Studio-Table-Choice-9X-18x12.jpg 18w\" sizes=\"auto, (max-width: 800px) 100vw, 800px\" \/><\/div>\n\t\t<\/figure>\n\t<\/div>\n<\/div><\/div><\/div><div class=\"wpb_column vc_column_container vc_col-sm-4\"><div class=\"vc_column-inner\"><div class=\"wpb_wrapper\">\n\t<div  class=\"wpb_single_image wpb_content_element vc_align_center\">\n\t\t\n\t\t<figure class=\"wpb_wrapper vc_figure\">\n\t\t\t<div class=\"vc_single_image-wrapper vc_box_shadow_border  vc_box_border_grey\"><img loading=\"lazy\" decoding=\"async\" width=\"800\" height=\"550\" src=\"https:\/\/shop.bjerring-sales.dk\/wp-content\/uploads\/2023\/08\/Studio-Table-Choice-8X.jpg\" class=\"vc_single_image-img attachment-full\" alt=\"\" title=\"Studio-Table-Choice-8X\" srcset=\"https:\/\/shop.bjerring-sales.dk\/wp-content\/uploads\/2023\/08\/Studio-Table-Choice-8X.jpg 800w, https:\/\/shop.bjerring-sales.dk\/wp-content\/uploads\/2023\/08\/Studio-Table-Choice-8X-150x103.jpg 150w, https:\/\/shop.bjerring-sales.dk\/wp-content\/uploads\/2023\/08\/Studio-Table-Choice-8X-600x413.jpg 600w, https:\/\/shop.bjerring-sales.dk\/wp-content\/uploads\/2023\/08\/Studio-Table-Choice-8X-300x206.jpg 300w, https:\/\/shop.bjerring-sales.dk\/wp-content\/uploads\/2023\/08\/Studio-Table-Choice-8X-768x528.jpg 768w, https:\/\/shop.bjerring-sales.dk\/wp-content\/uploads\/2023\/08\/Studio-Table-Choice-8X-18x12.jpg 18w\" sizes=\"auto, (max-width: 800px) 100vw, 800px\" \/><\/div>\n\t\t<\/figure>\n\t<\/div>\n<\/div><\/div><\/div><div class=\"wpb_column vc_column_container vc_col-sm-4\"><div class=\"vc_column-inner\"><div class=\"wpb_wrapper\">\n\t<div  class=\"wpb_single_image wpb_content_element vc_align_center\">\n\t\t\n\t\t<figure class=\"wpb_wrapper vc_figure\">\n\t\t\t<div class=\"vc_single_image-wrapper vc_box_shadow_border  vc_box_border_grey\"><img loading=\"lazy\" decoding=\"async\" width=\"800\" height=\"550\" src=\"https:\/\/shop.bjerring-sales.dk\/wp-content\/uploads\/2023\/08\/Studio-Table-Choice-7.jpg\" class=\"vc_single_image-img attachment-full\" alt=\"\" title=\"Studio-Table-Choice-7\" srcset=\"https:\/\/shop.bjerring-sales.dk\/wp-content\/uploads\/2023\/08\/Studio-Table-Choice-7.jpg 800w, https:\/\/shop.bjerring-sales.dk\/wp-content\/uploads\/2023\/08\/Studio-Table-Choice-7-150x103.jpg 150w, https:\/\/shop.bjerring-sales.dk\/wp-content\/uploads\/2023\/08\/Studio-Table-Choice-7-600x413.jpg 600w, https:\/\/shop.bjerring-sales.dk\/wp-content\/uploads\/2023\/08\/Studio-Table-Choice-7-300x206.jpg 300w, https:\/\/shop.bjerring-sales.dk\/wp-content\/uploads\/2023\/08\/Studio-Table-Choice-7-768x528.jpg 768w, https:\/\/shop.bjerring-sales.dk\/wp-content\/uploads\/2023\/08\/Studio-Table-Choice-7-18x12.jpg 18w\" sizes=\"auto, (max-width: 800px) 100vw, 800px\" \/><\/div>\n\t\t<\/figure>\n\t<\/div>\n<\/div><\/div><\/div><\/div><div class=\"vc_row wpb_row vc_row-fluid\"><div class=\"wpb_column vc_column_container vc_col-sm-6\"><div class=\"vc_column-inner\"><div class=\"wpb_wrapper\">\n\t<div class=\"wpb_text_column wpb_content_element\" >\n\t\t<div class=\"wpb_wrapper\">\n\t\t\t<p><span style=\"font-size: 24pt\"><span style=\"font-size: 18pt\">Area of use<br \/>\n<\/span><\/span>Regardless of whether you are furnishing a conference room, a coffee corner or a dining area, the Studio series is the perfect solution for creating a functional and aesthetically pleasing environment. Explore our various options and create the table that suits your needs and style preferences. As the Studio tables are available in 4 different heights, they fit from cafe table height up to standing table height.<\/p>\n<p><span style=\"font-size: 18pt\">Colors<\/span><\/p>\n<ul>\n<li>The pillar stand is stocked in black, silver gray and polished stainless steel<\/li>\n<li>The table tops are stocked in white, gray and urban oak<\/li>\n<\/ul>\n<p><span style=\"font-size: 18pt\">Specifications<\/span><\/p>\n<ul>\n<li>The tube for the \u00d845 and X50 stand is \u00d863 mm<\/li>\n<li>The table top is attached with 8 screws<\/li>\n<li>Mounted rack feet under the stand<\/li>\n<li>Table tops in 19 mm laminate<\/li>\n<\/ul>\n\n\t\t<\/div>\n\t<\/div>\n<\/div><\/div><\/div><div class=\"wpb_column vc_column_container vc_col-sm-6\"><div class=\"vc_column-inner\"><div class=\"wpb_wrapper\">\n\t<div class=\"wpb_text_column wpb_content_element\" >\n\t\t<div class=\"wpb_wrapper\">\n\t\t\t<p><span style=\"font-size: 18pt;color: #000000\">Dimensions\/Weight \u2013 Studio table with round base<\/span><\/p>\n<ul>\n<li>Foot: \u00d845 cm | Table top: \u00d850 cm | Height: 50 cm | Weight: 14.5 kg<\/li>\n<li>Foot: \u00d845 cm | Table top: \u00d850 cm | Height: 74 cm | Weight: 15.2 kg<\/li>\n<li>Foot: \u00d845 cm | Table top: \u00d850 cm | Height: 90 cm | Weight: 16 kg<\/li>\n<li>Foot: \u00d845 cm | Table top: \u00d850 cm | Height: 110 cm | Weight: 16 kg<\/li>\n<\/ul>\n<p><span style=\"color: #000000;font-size: 18pt\">Dimensions\/weight \u2013 Studio table with cross foot<\/span><\/p>\n<ul>\n<li>Foot: X50 cm | Table top: \u00d850 cm | Height: 50 cm | Weight: 11 kg<\/li>\n<li>Foot: X50 cm | Table top: \u00d850 cm | Height: 74 cm | Weight: 11.7 kg<\/li>\n<li>Foot: X50 cm | Table top: \u00d850 cm | Height: 90 cm | Weight: 12.5 kg<\/li>\n<li>Foot: X50 cm | Table top: \u00d850 cm | Height: 110 cm | Weight: 12.5 kg<\/li>\n<\/ul>\n\n\t\t<\/div>\n\t<\/div>\n<\/div><\/div><\/div><\/div><div class=\"vc_row wpb_row vc_row-fluid\"><div class=\"wpb_column vc_column_container vc_col-sm-4\"><div class=\"vc_column-inner\"><div class=\"wpb_wrapper\">\n\t<div  class=\"wpb_single_image wpb_content_element vc_align_center\">\n\t\t\n\t\t<figure class=\"wpb_wrapper vc_figure\">\n\t\t\t<div class=\"vc_single_image-wrapper vc_box_shadow_border  vc_box_border_grey\"><img loading=\"lazy\" decoding=\"async\" width=\"800\" height=\"550\" src=\"https:\/\/shop.bjerring-sales.dk\/wp-content\/uploads\/2023\/08\/Studio-Table-Choice-6.jpg\" class=\"vc_single_image-img attachment-full\" alt=\"\" title=\"Studio-Table-Choice-6\" srcset=\"https:\/\/shop.bjerring-sales.dk\/wp-content\/uploads\/2023\/08\/Studio-Table-Choice-6.jpg 800w, https:\/\/shop.bjerring-sales.dk\/wp-content\/uploads\/2023\/08\/Studio-Table-Choice-6-150x103.jpg 150w, https:\/\/shop.bjerring-sales.dk\/wp-content\/uploads\/2023\/08\/Studio-Table-Choice-6-600x413.jpg 600w, https:\/\/shop.bjerring-sales.dk\/wp-content\/uploads\/2023\/08\/Studio-Table-Choice-6-300x206.jpg 300w, https:\/\/shop.bjerring-sales.dk\/wp-content\/uploads\/2023\/08\/Studio-Table-Choice-6-768x528.jpg 768w, https:\/\/shop.bjerring-sales.dk\/wp-content\/uploads\/2023\/08\/Studio-Table-Choice-6-18x12.jpg 18w\" sizes=\"auto, (max-width: 800px) 100vw, 800px\" \/><\/div>\n\t\t<\/figure>\n\t<\/div>\n<\/div><\/div><\/div><div class=\"wpb_column vc_column_container vc_col-sm-4\"><div class=\"vc_column-inner\"><div class=\"wpb_wrapper\">\n\t<div  class=\"wpb_single_image wpb_content_element vc_align_center\">\n\t\t\n\t\t<figure class=\"wpb_wrapper vc_figure\">\n\t\t\t<div class=\"vc_single_image-wrapper vc_box_shadow_border  vc_box_border_grey\"><img loading=\"lazy\" decoding=\"async\" width=\"800\" height=\"550\" src=\"https:\/\/shop.bjerring-sales.dk\/wp-content\/uploads\/2023\/08\/Studio-Table-Choice-4X.jpg\" class=\"vc_single_image-img attachment-full\" alt=\"\" title=\"Studio-Table-Choice-4X\" srcset=\"https:\/\/shop.bjerring-sales.dk\/wp-content\/uploads\/2023\/08\/Studio-Table-Choice-4X.jpg 800w, https:\/\/shop.bjerring-sales.dk\/wp-content\/uploads\/2023\/08\/Studio-Table-Choice-4X-150x103.jpg 150w, https:\/\/shop.bjerring-sales.dk\/wp-content\/uploads\/2023\/08\/Studio-Table-Choice-4X-600x413.jpg 600w, https:\/\/shop.bjerring-sales.dk\/wp-content\/uploads\/2023\/08\/Studio-Table-Choice-4X-300x206.jpg 300w, https:\/\/shop.bjerring-sales.dk\/wp-content\/uploads\/2023\/08\/Studio-Table-Choice-4X-768x528.jpg 768w, https:\/\/shop.bjerring-sales.dk\/wp-content\/uploads\/2023\/08\/Studio-Table-Choice-4X-18x12.jpg 18w\" sizes=\"auto, (max-width: 800px) 100vw, 800px\" \/><\/div>\n\t\t<\/figure>\n\t<\/div>\n<\/div><\/div><\/div><div class=\"wpb_column vc_column_container vc_col-sm-4\"><div class=\"vc_column-inner\"><div class=\"wpb_wrapper\">\n\t<div  class=\"wpb_single_image wpb_content_element vc_align_center\">\n\t\t\n\t\t<figure class=\"wpb_wrapper vc_figure\">\n\t\t\t<div class=\"vc_single_image-wrapper vc_box_shadow_border  vc_box_border_grey\"><img loading=\"lazy\" decoding=\"async\" width=\"800\" height=\"550\" src=\"https:\/\/shop.bjerring-sales.dk\/wp-content\/uploads\/2023\/08\/Studio-Table-Choice-2.jpg\" class=\"vc_single_image-img attachment-full\" alt=\"\" title=\"Studio-Table-Choice-2\" srcset=\"https:\/\/shop.bjerring-sales.dk\/wp-content\/uploads\/2023\/08\/Studio-Table-Choice-2.jpg 800w, https:\/\/shop.bjerring-sales.dk\/wp-content\/uploads\/2023\/08\/Studio-Table-Choice-2-150x103.jpg 150w, https:\/\/shop.bjerring-sales.dk\/wp-content\/uploads\/2023\/08\/Studio-Table-Choice-2-600x413.jpg 600w, https:\/\/shop.bjerring-sales.dk\/wp-content\/uploads\/2023\/08\/Studio-Table-Choice-2-300x206.jpg 300w, https:\/\/shop.bjerring-sales.dk\/wp-content\/uploads\/2023\/08\/Studio-Table-Choice-2-768x528.jpg 768w, https:\/\/shop.bjerring-sales.dk\/wp-content\/uploads\/2023\/08\/Studio-Table-Choice-2-18x12.jpg 18w\" sizes=\"auto, (max-width: 800px) 100vw, 800px\" \/><\/div>\n\t\t<\/figure>\n\t<\/div>\n<\/div><\/div><\/div><\/div>\n<\/div>","protected":false},"excerpt":{"rendered":"<p>The studio table with a round \u00d850 cm table top is available with a range of options. The pillar stand can also be expanded with the possibility of creating, for example, conference tables, dining tables and meeting tables. The studio table is available in different heights and with different color choices.<\/p>","protected":false},"featured_media":102360,"template":"","meta":{"iawp_total_views":1},"product_brand":[],"product_cat":[5787,5897,5911],"product_tag":[6008,6013,6185,6390,6391,6398],"class_list":{"0":"post-94334","1":"product","2":"type-product","3":"status-publish","4":"has-post-thumbnail","6":"product_cat-bord","7":"product_cat-barbord","8":"product_cat-cafebord","9":"product_tag-barbord","10":"product_tag-stabord","11":"product_tag-runt-bord","12":"product_tag-studio-bord","13":"product_tag-bord-med-rund-fot","14":"product_tag-bord-med-o50-cm-skiva","16":"first","17":"outofstock","18":"taxable","19":"shipping-taxable","20":"purchasable","21":"product-type-variable"},"yoast_head":"<!-- This site is optimized with the Yoast SEO plugin v27.0 - https:\/\/yoast.com\/product\/yoast-seo-wordpress\/ -->\n<title>Studio bord med \u00d850 cm skiva - Bjerring-Sales<\/title>\n<meta name=\"description\" content=\"Oavsett om du inreder ett konferensrum, en fikah\u00f6rna eller en matplats, \u00e4r Studio serien den perfekta l\u00f6sningen f\u00f6r att skapa en funktionell och estetiskt tilltalande milj\u00f6.\" \/>\n<meta name=\"robots\" content=\"index, follow, max-snippet:-1, max-image-preview:large, max-video-preview:-1\" \/>\n<link rel=\"canonical\" href=\"https:\/\/shop.bjerring-sales.dk\/en\/product\/studio-bord-50cm-skiva\/\" \/>\n<meta property=\"og:locale\" content=\"en_GB\" \/>\n<meta property=\"og:type\" content=\"article\" \/>\n<meta property=\"og:title\" content=\"Studio bord med rund bordsskiva \u00d850 cm \u2013 Finns i 4 h\u00f6jder\" \/>\n<meta property=\"og:description\" content=\"Oavsett om du inreder ett konferensrum, en fikah\u00f6rna eller en matplats, \u00e4r Studio serien den perfekta l\u00f6sningen f\u00f6r att skapa en funktionell och estetiskt tilltalande milj\u00f6.\" \/>\n<meta property=\"og:url\" content=\"https:\/\/shop.bjerring-sales.dk\/en\/product\/studio-bord-50cm-skiva\/\" \/>\n<meta property=\"og:site_name\" content=\"Bjerring-Sales\" \/>\n<meta property=\"article:modified_time\" content=\"2026-04-16T14:02:41+00:00\" \/>\n<meta property=\"og:image\" content=\"https:\/\/shop.bjerring-sales.dk\/wp-content\/uploads\/2023\/08\/Studio-Table-Choice-8X.jpg\" \/>\n\t<meta property=\"og:image:width\" content=\"800\" \/>\n\t<meta property=\"og:image:height\" content=\"550\" \/>\n\t<meta property=\"og:image:type\" content=\"image\/jpeg\" \/>\n<meta name=\"twitter:card\" content=\"summary_large_image\" \/>\n<meta name=\"twitter:title\" content=\"Studio bord med rund bordsskiva \u00d850 cm \u2013 Finns i 4 h\u00f6jder\" \/>\n<meta name=\"twitter:description\" content=\"Oavsett om du inreder ett konferensrum, en fikah\u00f6rna eller en matplats, \u00e4r Studio serien den perfekta l\u00f6sningen f\u00f6r att skapa en funktionell och estetiskt tilltalande milj\u00f6.\" \/>\n<meta name=\"twitter:image\" content=\"https:\/\/shop.bjerring-sales.dk\/wp-content\/uploads\/2023\/08\/Studio-Table-Choice-8X.jpg\" \/>\n<meta name=\"twitter:label1\" content=\"Estimated reading time\" \/>\n\t<meta name=\"twitter:data1\" content=\"3 minutes\" \/>\n<script type=\"application\/ld+json\" class=\"yoast-schema-graph\">{\"@context\":\"https:\/\/schema.org\",\"@graph\":[{\"@type\":\"WebPage\",\"@id\":\"https:\/\/shop.bjerring-sales.dk\/sv\/produkt\/studio-bord-50cm-skiva\/\",\"url\":\"https:\/\/shop.bjerring-sales.dk\/sv\/produkt\/studio-bord-50cm-skiva\/\",\"name\":\"Studio bord med \u00d850 cm skiva - Bjerring-Sales\",\"isPartOf\":{\"@id\":\"https:\/\/shop.bjerring-sales.dk\/#website\"},\"primaryImageOfPage\":{\"@id\":\"https:\/\/shop.bjerring-sales.dk\/sv\/produkt\/studio-bord-50cm-skiva\/#primaryimage\"},\"image\":{\"@id\":\"https:\/\/shop.bjerring-sales.dk\/sv\/produkt\/studio-bord-50cm-skiva\/#primaryimage\"},\"thumbnailUrl\":\"https:\/\/shop.bjerring-sales.dk\/wp-content\/uploads\/2026\/03\/45xH48-50mm-gray_wood-tabletop.jpg\",\"datePublished\":\"2023-08-31T09:35:34+00:00\",\"dateModified\":\"2026-04-16T14:02:41+00:00\",\"description\":\"Oavsett om du inreder ett konferensrum, en fikah\u00f6rna eller en matplats, \u00e4r Studio serien den perfekta l\u00f6sningen f\u00f6r att skapa en funktionell och estetiskt tilltalande milj\u00f6.\",\"breadcrumb\":{\"@id\":\"https:\/\/shop.bjerring-sales.dk\/sv\/produkt\/studio-bord-50cm-skiva\/#breadcrumb\"},\"inLanguage\":\"en-GB\",\"potentialAction\":[{\"@type\":\"ReadAction\",\"target\":[\"https:\/\/shop.bjerring-sales.dk\/sv\/produkt\/studio-bord-50cm-skiva\/\"]}]},{\"@type\":\"ImageObject\",\"inLanguage\":\"en-GB\",\"@id\":\"https:\/\/shop.bjerring-sales.dk\/sv\/produkt\/studio-bord-50cm-skiva\/#primaryimage\",\"url\":\"https:\/\/shop.bjerring-sales.dk\/wp-content\/uploads\/2026\/03\/45xH48-50mm-gray_wood-tabletop.jpg\",\"contentUrl\":\"https:\/\/shop.bjerring-sales.dk\/wp-content\/uploads\/2026\/03\/45xH48-50mm-gray_wood-tabletop.jpg\",\"width\":800,\"height\":800},{\"@type\":\"BreadcrumbList\",\"@id\":\"https:\/\/shop.bjerring-sales.dk\/sv\/produkt\/studio-bord-50cm-skiva\/#breadcrumb\",\"itemListElement\":[{\"@type\":\"ListItem\",\"position\":1,\"name\":\"Hem\",\"item\":\"https:\/\/shop.bjerring-sales.dk\/\"},{\"@type\":\"ListItem\",\"position\":2,\"name\":\"Webbutik\",\"item\":\"https:\/\/shop.bjerring-sales.dk\/butik\/\"},{\"@type\":\"ListItem\",\"position\":3,\"name\":\"Studio bord med \u00d850 cm skiva\"}]},{\"@type\":\"WebSite\",\"@id\":\"https:\/\/shop.bjerring-sales.dk\/#website\",\"url\":\"https:\/\/shop.bjerring-sales.dk\/\",\"name\":\"Bjerring-Sales\",\"description\":\"M\u00f6bler f\u00f6r teatrar, skolor, kontor och k\u00f6pcentrum\",\"publisher\":{\"@id\":\"https:\/\/shop.bjerring-sales.dk\/#organization\"},\"potentialAction\":[{\"@type\":\"SearchAction\",\"target\":{\"@type\":\"EntryPoint\",\"urlTemplate\":\"https:\/\/shop.bjerring-sales.dk\/?s={search_term_string}\"},\"query-input\":{\"@type\":\"PropertyValueSpecification\",\"valueRequired\":true,\"valueName\":\"search_term_string\"}}],\"inLanguage\":\"en-GB\"},{\"@type\":\"Organization\",\"@id\":\"https:\/\/shop.bjerring-sales.dk\/#organization\",\"name\":\"Bjerring-Sales\",\"url\":\"https:\/\/shop.bjerring-sales.dk\/\",\"logo\":{\"@type\":\"ImageObject\",\"inLanguage\":\"en-GB\",\"@id\":\"https:\/\/shop.bjerring-sales.dk\/#\/schema\/logo\/image\/\",\"url\":\"https:\/\/shop.bjerring-sales.dk\/wp-content\/uploads\/2023\/01\/logo_sv.png\",\"contentUrl\":\"https:\/\/shop.bjerring-sales.dk\/wp-content\/uploads\/2023\/01\/logo_sv.png\",\"width\":195,\"height\":68,\"caption\":\"Bjerring-Sales\"},\"image\":{\"@id\":\"https:\/\/shop.bjerring-sales.dk\/#\/schema\/logo\/image\/\"}}]}<\/script>\n<!-- \/ Yoast SEO plugin. -->","yoast_head_json":{"title":"Studio bord med \u00d850 cm skiva - Bjerring-Sales","description":"Oavsett om du inreder ett konferensrum, en fikah\u00f6rna eller en matplats, \u00e4r Studio serien den perfekta l\u00f6sningen f\u00f6r att skapa en funktionell och estetiskt tilltalande milj\u00f6.","robots":{"index":"index","follow":"follow","max-snippet":"max-snippet:-1","max-image-preview":"max-image-preview:large","max-video-preview":"max-video-preview:-1"},"canonical":"https:\/\/shop.bjerring-sales.dk\/en\/product\/studio-bord-50cm-skiva\/","og_locale":"en_GB","og_type":"article","og_title":"Studio bord med rund bordsskiva \u00d850 cm \u2013 Finns i 4 h\u00f6jder","og_description":"Oavsett om du inreder ett konferensrum, en fikah\u00f6rna eller en matplats, \u00e4r Studio serien den perfekta l\u00f6sningen f\u00f6r att skapa en funktionell och estetiskt tilltalande milj\u00f6.","og_url":"https:\/\/shop.bjerring-sales.dk\/en\/product\/studio-bord-50cm-skiva\/","og_site_name":"Bjerring-Sales","article_modified_time":"2026-04-16T14:02:41+00:00","og_image":[{"width":800,"height":550,"url":"https:\/\/shop.bjerring-sales.dk\/wp-content\/uploads\/2023\/08\/Studio-Table-Choice-8X.jpg","type":"image\/jpeg"}],"twitter_card":"summary_large_image","twitter_title":"Studio bord med rund bordsskiva \u00d850 cm \u2013 Finns i 4 h\u00f6jder","twitter_description":"Oavsett om du inreder ett konferensrum, en fikah\u00f6rna eller en matplats, \u00e4r Studio serien den perfekta l\u00f6sningen f\u00f6r att skapa en funktionell och estetiskt tilltalande milj\u00f6.","twitter_image":"https:\/\/shop.bjerring-sales.dk\/wp-content\/uploads\/2023\/08\/Studio-Table-Choice-8X.jpg","twitter_misc":{"Estimated reading time":"3 minutes"},"schema":{"@context":"https:\/\/schema.org","@graph":[{"@type":"WebPage","@id":"https:\/\/shop.bjerring-sales.dk\/sv\/produkt\/studio-bord-50cm-skiva\/","url":"https:\/\/shop.bjerring-sales.dk\/sv\/produkt\/studio-bord-50cm-skiva\/","name":"Studio bord med \u00d850 cm skiva - Bjerring-Sales","isPartOf":{"@id":"https:\/\/shop.bjerring-sales.dk\/#website"},"primaryImageOfPage":{"@id":"https:\/\/shop.bjerring-sales.dk\/sv\/produkt\/studio-bord-50cm-skiva\/#primaryimage"},"image":{"@id":"https:\/\/shop.bjerring-sales.dk\/sv\/produkt\/studio-bord-50cm-skiva\/#primaryimage"},"thumbnailUrl":"https:\/\/shop.bjerring-sales.dk\/wp-content\/uploads\/2026\/03\/45xH48-50mm-gray_wood-tabletop.jpg","datePublished":"2023-08-31T09:35:34+00:00","dateModified":"2026-04-16T14:02:41+00:00","description":"Oavsett om du inreder ett konferensrum, en fikah\u00f6rna eller en matplats, \u00e4r Studio serien den perfekta l\u00f6sningen f\u00f6r att skapa en funktionell och estetiskt tilltalande milj\u00f6.","breadcrumb":{"@id":"https:\/\/shop.bjerring-sales.dk\/sv\/produkt\/studio-bord-50cm-skiva\/#breadcrumb"},"inLanguage":"en-GB","potentialAction":[{"@type":"ReadAction","target":["https:\/\/shop.bjerring-sales.dk\/sv\/produkt\/studio-bord-50cm-skiva\/"]}]},{"@type":"ImageObject","inLanguage":"en-GB","@id":"https:\/\/shop.bjerring-sales.dk\/sv\/produkt\/studio-bord-50cm-skiva\/#primaryimage","url":"https:\/\/shop.bjerring-sales.dk\/wp-content\/uploads\/2026\/03\/45xH48-50mm-gray_wood-tabletop.jpg","contentUrl":"https:\/\/shop.bjerring-sales.dk\/wp-content\/uploads\/2026\/03\/45xH48-50mm-gray_wood-tabletop.jpg","width":800,"height":800},{"@type":"BreadcrumbList","@id":"https:\/\/shop.bjerring-sales.dk\/sv\/produkt\/studio-bord-50cm-skiva\/#breadcrumb","itemListElement":[{"@type":"ListItem","position":1,"name":"Hem","item":"https:\/\/shop.bjerring-sales.dk\/"},{"@type":"ListItem","position":2,"name":"Webbutik","item":"https:\/\/shop.bjerring-sales.dk\/butik\/"},{"@type":"ListItem","position":3,"name":"Studio bord med \u00d850 cm skiva"}]},{"@type":"WebSite","@id":"https:\/\/shop.bjerring-sales.dk\/#website","url":"https:\/\/shop.bjerring-sales.dk\/","name":"Bjerring Sales","description":"Furniture for theatres, schools, offices and shopping centres","publisher":{"@id":"https:\/\/shop.bjerring-sales.dk\/#organization"},"potentialAction":[{"@type":"SearchAction","target":{"@type":"EntryPoint","urlTemplate":"https:\/\/shop.bjerring-sales.dk\/?s={search_term_string}"},"query-input":{"@type":"PropertyValueSpecification","valueRequired":true,"valueName":"search_term_string"}}],"inLanguage":"en-GB"},{"@type":"Organization","@id":"https:\/\/shop.bjerring-sales.dk\/#organization","name":"Bjerring Sales","url":"https:\/\/shop.bjerring-sales.dk\/","logo":{"@type":"ImageObject","inLanguage":"en-GB","@id":"https:\/\/shop.bjerring-sales.dk\/#\/schema\/logo\/image\/","url":"https:\/\/shop.bjerring-sales.dk\/wp-content\/uploads\/2023\/01\/logo_sv.png","contentUrl":"https:\/\/shop.bjerring-sales.dk\/wp-content\/uploads\/2023\/01\/logo_sv.png","width":195,"height":68,"caption":"Bjerring-Sales"},"image":{"@id":"https:\/\/shop.bjerring-sales.dk\/#\/schema\/logo\/image\/"}}]}},"_links":{"self":[{"href":"https:\/\/shop.bjerring-sales.dk\/en\/wp-json\/wp\/v2\/product\/94334","targetHints":{"allow":["GET"]}}],"collection":[{"href":"https:\/\/shop.bjerring-sales.dk\/en\/wp-json\/wp\/v2\/product"}],"about":[{"href":"https:\/\/shop.bjerring-sales.dk\/en\/wp-json\/wp\/v2\/types\/product"}],"wp:featuredmedia":[{"embeddable":true,"href":"https:\/\/shop.bjerring-sales.dk\/en\/wp-json\/wp\/v2\/media\/102360"}],"wp:attachment":[{"href":"https:\/\/shop.bjerring-sales.dk\/en\/wp-json\/wp\/v2\/media?parent=94334"}],"wp:term":[{"taxonomy":"product_brand","embeddable":true,"href":"https:\/\/shop.bjerring-sales.dk\/en\/wp-json\/wp\/v2\/product_brand?post=94334"},{"taxonomy":"product_cat","embeddable":true,"href":"https:\/\/shop.bjerring-sales.dk\/en\/wp-json\/wp\/v2\/product_cat?post=94334"},{"taxonomy":"product_tag","embeddable":true,"href":"https:\/\/shop.bjerring-sales.dk\/en\/wp-json\/wp\/v2\/product_tag?post=94334"}],"curies":[{"name":"wp","href":"https:\/\/api.w.org\/{rel}","templated":true}]}}