{"id":94192,"date":"2023-09-27T12:40:24","date_gmt":"2023-09-27T10:40:24","guid":{"rendered":"https:\/\/shop.bjerring-sales.dk\/sv\/produkt\/studio-bord-60cm-skiva\/"},"modified":"2026-04-16T16:35:49","modified_gmt":"2026-04-16T14:35:49","slug":"studio-bord-60cm-skiva","status":"publish","type":"product","link":"https:\/\/shop.bjerring-sales.dk\/en\/product\/studio-bord-60cm-skiva\/","title":{"rendered":"Studio table with \u00d860 cm top"},"content":{"rendered":"<div class=\"wpb-content-wrapper\"><div class=\"vc_row wpb_row vc_row-fluid\"><div class=\"wpb_column vc_column_container vc_col-sm-12\"><div class=\"vc_column-inner\"><div class=\"wpb_wrapper\">\n\t<div class=\"wpb_text_column wpb_content_element\" >\n\t\t<div class=\"wpb_wrapper\">\n\t\t\t<p><span style=\"font-size: 24pt\">Studio table with round table top \u00d860 cm - Available in 4 heights<br \/>\n<\/span>The studio table with a round \u00d860 cm table top is available with a range of options. The studio table is available in different heights and with different color choices. The stand is made of high-quality powder-coated steel, which guarantees durability and a stylish aesthetic. To meet your needs for stability, we have equipped the stand with adjustable feet. The studio tables can also be expanded with the possibility of creating, for example, conference tables, dining tables and meeting tables.<\/p>\n\n\t\t<\/div>\n\t<\/div>\n<\/div><\/div><\/div><\/div><div class=\"vc_row wpb_row vc_row-fluid\"><div class=\"wpb_column vc_column_container vc_col-sm-4\"><div class=\"vc_column-inner\"><div class=\"wpb_wrapper\">\n\t<div  class=\"wpb_single_image wpb_content_element vc_align_center\">\n\t\t\n\t\t<figure class=\"wpb_wrapper vc_figure\">\n\t\t\t<div class=\"vc_single_image-wrapper vc_box_shadow_border  vc_box_border_grey\"><img loading=\"lazy\" decoding=\"async\" width=\"800\" height=\"550\" src=\"https:\/\/shop.bjerring-sales.dk\/wp-content\/uploads\/2023\/09\/ELJ_Vitoria-6.jpg\" class=\"vc_single_image-img attachment-full\" alt=\"\" title=\"ELJ_Vitoria-6\" srcset=\"https:\/\/shop.bjerring-sales.dk\/wp-content\/uploads\/2023\/09\/ELJ_Vitoria-6.jpg 800w, https:\/\/shop.bjerring-sales.dk\/wp-content\/uploads\/2023\/09\/ELJ_Vitoria-6-150x103.jpg 150w, https:\/\/shop.bjerring-sales.dk\/wp-content\/uploads\/2023\/09\/ELJ_Vitoria-6-600x413.jpg 600w, https:\/\/shop.bjerring-sales.dk\/wp-content\/uploads\/2023\/09\/ELJ_Vitoria-6-300x206.jpg 300w, https:\/\/shop.bjerring-sales.dk\/wp-content\/uploads\/2023\/09\/ELJ_Vitoria-6-768x528.jpg 768w, https:\/\/shop.bjerring-sales.dk\/wp-content\/uploads\/2023\/09\/ELJ_Vitoria-6-18x12.jpg 18w\" sizes=\"auto, (max-width: 800px) 100vw, 800px\" \/><\/div>\n\t\t<\/figure>\n\t<\/div>\n<\/div><\/div><\/div><div class=\"wpb_column vc_column_container vc_col-sm-4\"><div class=\"vc_column-inner\"><div class=\"wpb_wrapper\">\n\t<div  class=\"wpb_single_image wpb_content_element vc_align_center\">\n\t\t\n\t\t<figure class=\"wpb_wrapper vc_figure\">\n\t\t\t<div class=\"vc_single_image-wrapper vc_box_shadow_border  vc_box_border_grey\"><img loading=\"lazy\" decoding=\"async\" width=\"800\" height=\"550\" src=\"https:\/\/shop.bjerring-sales.dk\/wp-content\/uploads\/2023\/09\/ELJ_Vitoria-3.jpg\" class=\"vc_single_image-img attachment-full\" alt=\"\" title=\"ELJ_Vitoria-3\" srcset=\"https:\/\/shop.bjerring-sales.dk\/wp-content\/uploads\/2023\/09\/ELJ_Vitoria-3.jpg 800w, https:\/\/shop.bjerring-sales.dk\/wp-content\/uploads\/2023\/09\/ELJ_Vitoria-3-150x103.jpg 150w, https:\/\/shop.bjerring-sales.dk\/wp-content\/uploads\/2023\/09\/ELJ_Vitoria-3-600x413.jpg 600w, https:\/\/shop.bjerring-sales.dk\/wp-content\/uploads\/2023\/09\/ELJ_Vitoria-3-300x206.jpg 300w, https:\/\/shop.bjerring-sales.dk\/wp-content\/uploads\/2023\/09\/ELJ_Vitoria-3-768x528.jpg 768w, https:\/\/shop.bjerring-sales.dk\/wp-content\/uploads\/2023\/09\/ELJ_Vitoria-3-18x12.jpg 18w\" sizes=\"auto, (max-width: 800px) 100vw, 800px\" \/><\/div>\n\t\t<\/figure>\n\t<\/div>\n<\/div><\/div><\/div><div class=\"wpb_column vc_column_container vc_col-sm-4\"><div class=\"vc_column-inner\"><div class=\"wpb_wrapper\">\n\t<div  class=\"wpb_single_image wpb_content_element vc_align_center\">\n\t\t\n\t\t<figure class=\"wpb_wrapper vc_figure\">\n\t\t\t<div class=\"vc_single_image-wrapper vc_box_shadow_border  vc_box_border_grey\"><img loading=\"lazy\" decoding=\"async\" width=\"800\" height=\"550\" src=\"https:\/\/shop.bjerring-sales.dk\/wp-content\/uploads\/2023\/09\/ELJ_Vitoria-2.jpg\" class=\"vc_single_image-img attachment-full\" alt=\"\" title=\"ELJ_Vitoria-2\" srcset=\"https:\/\/shop.bjerring-sales.dk\/wp-content\/uploads\/2023\/09\/ELJ_Vitoria-2.jpg 800w, https:\/\/shop.bjerring-sales.dk\/wp-content\/uploads\/2023\/09\/ELJ_Vitoria-2-150x103.jpg 150w, https:\/\/shop.bjerring-sales.dk\/wp-content\/uploads\/2023\/09\/ELJ_Vitoria-2-600x413.jpg 600w, https:\/\/shop.bjerring-sales.dk\/wp-content\/uploads\/2023\/09\/ELJ_Vitoria-2-300x206.jpg 300w, https:\/\/shop.bjerring-sales.dk\/wp-content\/uploads\/2023\/09\/ELJ_Vitoria-2-768x528.jpg 768w, https:\/\/shop.bjerring-sales.dk\/wp-content\/uploads\/2023\/09\/ELJ_Vitoria-2-18x12.jpg 18w\" sizes=\"auto, (max-width: 800px) 100vw, 800px\" \/><\/div>\n\t\t<\/figure>\n\t<\/div>\n<\/div><\/div><\/div><\/div><div class=\"vc_row wpb_row vc_row-fluid\"><div class=\"wpb_column vc_column_container vc_col-sm-6\"><div class=\"vc_column-inner\"><div class=\"wpb_wrapper\">\n\t<div class=\"wpb_text_column wpb_content_element\" >\n\t\t<div class=\"wpb_wrapper\">\n\t\t\t<p><span style=\"font-size: 24pt\"><span style=\"font-size: 18pt\">Area of use<br \/>\n<\/span><\/span>Regardless of whether you are furnishing a conference room, a coffee corner or a dining area, the Studio series is the perfect solution for creating a functional and aesthetically pleasing environment. Explore our various options and create the table that suits your needs and style preferences. As the Studio tables are available in 4 different heights, they fit from cafe table height up to standing table height.<\/p>\n<p><span style=\"font-size: 18pt\">Colors<\/span><\/p>\n<ul>\n<li>The pillar stand is stocked in black, silver gray and polished stainless steel<\/li>\n<li>The table tops are stocked in white, gray and urban oak<\/li>\n<\/ul>\n<p><span style=\"font-size: 18pt\">Specifications<\/span><\/p>\n<ul>\n<li>The tube for the \u00d845 and X50 stand is \u00d863 mm<\/li>\n<li>The table top is attached with 8 screws<\/li>\n<li>Mounted rack feet under the stand<\/li>\n<li>Table tops in 19 mm laminate<\/li>\n<\/ul>\n\n\t\t<\/div>\n\t<\/div>\n<\/div><\/div><\/div><div class=\"wpb_column vc_column_container vc_col-sm-6\"><div class=\"vc_column-inner\"><div class=\"wpb_wrapper\">\n\t<div class=\"wpb_text_column wpb_content_element\" >\n\t\t<div class=\"wpb_wrapper\">\n\t\t\t<p><span style=\"font-size: 18pt;color: #000000\">Dimensions\/Weight - Studio table with round base \u00d854 cm<\/span><\/p>\n<ul>\n<li>Foot: \u00d845 cm | Table top: \u00d860 cm | Height: 50 cm | Weight: 15.5 kg<\/li>\n<li>Foot: \u00d845 cm | Table top: \u00d860 cm | Height: 74 cm | Weight: 16.2 kg<\/li>\n<li>Foot: \u00d845 cm | Table top: \u00d860 cm | Height: 90 cm | Weight: 17 kg<\/li>\n<li>Foot: \u00d845 cm | Table top: \u00d860 cm | Height: 110 cm | Weight: 17 kg<\/li>\n<\/ul>\n<p><span style=\"font-size: 18pt;color: #000000\">Dimensions\/weight \u2013 Studio table with cross-leg X65 cm<\/span><\/p>\n<ul>\n<li>Foot: X50 cm | Table top: \u00d860 cm | Height: 50 cm | Weight: 12 kg<\/li>\n<li>Foot: X50 cm | Table top: \u00d860 cm | Height: 74 cm | Weight: 12.7 kg<\/li>\n<li>Foot: X50 cm | Table top: \u00d860 cm | Height: 90 cm | Weight: 13.5 kg<\/li>\n<li>Foot: X50 cm | Table top: \u00d860 cm | Height: 110 cm | Weight: 13.5 kg<\/li>\n<\/ul>\n\n\t\t<\/div>\n\t<\/div>\n<\/div><\/div><\/div><\/div><div class=\"vc_row wpb_row vc_row-fluid\"><div class=\"wpb_column vc_column_container vc_col-sm-4\"><div class=\"vc_column-inner\"><div class=\"wpb_wrapper\">\n\t<div  class=\"wpb_single_image wpb_content_element vc_align_center\">\n\t\t\n\t\t<figure class=\"wpb_wrapper vc_figure\">\n\t\t\t<div class=\"vc_single_image-wrapper vc_box_shadow_border  vc_box_border_grey\"><img loading=\"lazy\" decoding=\"async\" width=\"800\" height=\"800\" src=\"https:\/\/shop.bjerring-sales.dk\/wp-content\/uploads\/2023\/09\/10-4_Post.jpg\" class=\"vc_single_image-img attachment-full\" alt=\"\" title=\"10-4_Mail\" srcset=\"https:\/\/shop.bjerring-sales.dk\/wp-content\/uploads\/2023\/09\/10-4_Post.jpg 800w, https:\/\/shop.bjerring-sales.dk\/wp-content\/uploads\/2023\/09\/10-4_Post-300x300.jpg 300w, https:\/\/shop.bjerring-sales.dk\/wp-content\/uploads\/2023\/09\/10-4_Post-150x150.jpg 150w, https:\/\/shop.bjerring-sales.dk\/wp-content\/uploads\/2023\/09\/10-4_Post-600x600.jpg 600w, https:\/\/shop.bjerring-sales.dk\/wp-content\/uploads\/2023\/09\/10-4_Post-768x768.jpg 768w, https:\/\/shop.bjerring-sales.dk\/wp-content\/uploads\/2023\/09\/10-4_Post-12x12.jpg 12w\" sizes=\"auto, (max-width: 800px) 100vw, 800px\" \/><\/div>\n\t\t<\/figure>\n\t<\/div>\n<\/div><\/div><\/div><div class=\"wpb_column vc_column_container vc_col-sm-4\"><div class=\"vc_column-inner\"><div class=\"wpb_wrapper\">\n\t<div  class=\"wpb_single_image wpb_content_element vc_align_center\">\n\t\t\n\t\t<figure class=\"wpb_wrapper vc_figure\">\n\t\t\t<div class=\"vc_single_image-wrapper vc_box_shadow_border  vc_box_border_grey\"><img loading=\"lazy\" decoding=\"async\" width=\"800\" height=\"800\" src=\"https:\/\/shop.bjerring-sales.dk\/wp-content\/uploads\/2023\/09\/ELJ_Vitoria-8.jpg\" class=\"vc_single_image-img attachment-full\" alt=\"\" title=\"ELJ_Vitoria-8\" srcset=\"https:\/\/shop.bjerring-sales.dk\/wp-content\/uploads\/2023\/09\/ELJ_Vitoria-8.jpg 800w, https:\/\/shop.bjerring-sales.dk\/wp-content\/uploads\/2023\/09\/ELJ_Vitoria-8-300x300.jpg 300w, https:\/\/shop.bjerring-sales.dk\/wp-content\/uploads\/2023\/09\/ELJ_Vitoria-8-150x150.jpg 150w, https:\/\/shop.bjerring-sales.dk\/wp-content\/uploads\/2023\/09\/ELJ_Vitoria-8-600x600.jpg 600w, https:\/\/shop.bjerring-sales.dk\/wp-content\/uploads\/2023\/09\/ELJ_Vitoria-8-768x768.jpg 768w, https:\/\/shop.bjerring-sales.dk\/wp-content\/uploads\/2023\/09\/ELJ_Vitoria-8-12x12.jpg 12w\" sizes=\"auto, (max-width: 800px) 100vw, 800px\" \/><\/div>\n\t\t<\/figure>\n\t<\/div>\n<\/div><\/div><\/div><div class=\"wpb_column vc_column_container vc_col-sm-4\"><div class=\"vc_column-inner\"><div class=\"wpb_wrapper\">\n\t<div  class=\"wpb_single_image wpb_content_element vc_align_center\">\n\t\t\n\t\t<figure class=\"wpb_wrapper vc_figure\">\n\t\t\t<div class=\"vc_single_image-wrapper vc_box_shadow_border  vc_box_border_grey\"><img loading=\"lazy\" decoding=\"async\" width=\"800\" height=\"800\" src=\"https:\/\/shop.bjerring-sales.dk\/wp-content\/uploads\/2023\/09\/ELJ_Vitoria-9.jpg\" class=\"vc_single_image-img attachment-full\" alt=\"\" title=\"ELJ_Vitoria-9\" srcset=\"https:\/\/shop.bjerring-sales.dk\/wp-content\/uploads\/2023\/09\/ELJ_Vitoria-9.jpg 800w, https:\/\/shop.bjerring-sales.dk\/wp-content\/uploads\/2023\/09\/ELJ_Vitoria-9-300x300.jpg 300w, https:\/\/shop.bjerring-sales.dk\/wp-content\/uploads\/2023\/09\/ELJ_Vitoria-9-150x150.jpg 150w, https:\/\/shop.bjerring-sales.dk\/wp-content\/uploads\/2023\/09\/ELJ_Vitoria-9-600x600.jpg 600w, https:\/\/shop.bjerring-sales.dk\/wp-content\/uploads\/2023\/09\/ELJ_Vitoria-9-768x768.jpg 768w, https:\/\/shop.bjerring-sales.dk\/wp-content\/uploads\/2023\/09\/ELJ_Vitoria-9-12x12.jpg 12w\" sizes=\"auto, (max-width: 800px) 100vw, 800px\" \/><\/div>\n\t\t<\/figure>\n\t<\/div>\n<\/div><\/div><\/div><\/div>\n<\/div>","protected":false},"excerpt":{"rendered":"<p>The studio table with a round \u00d860 cm table top is available with a range of options. The pillar stand can also be expanded with the possibility of creating, for example, conference tables, dining tables and meeting tables. The studio table is available in different heights and with different color choices.<\/p>","protected":false},"featured_media":102291,"template":"","meta":{"iawp_total_views":4},"product_brand":[],"product_cat":[5787,5897,5911],"product_tag":[6008,6168,6185,6390,6391,6395,6397],"class_list":{"0":"post-94192","1":"product","2":"type-product","3":"status-publish","4":"has-post-thumbnail","6":"product_cat-bord","7":"product_cat-barbord","8":"product_cat-cafebord","9":"product_tag-barbord","10":"product_tag-cafebord-runda","11":"product_tag-runt-bord","12":"product_tag-studio-bord","13":"product_tag-bord-med-rund-fot","14":"product_tag-bord-med-kryssfot","15":"product_tag-bord-med-o60-cm-skiva","17":"first","18":"instock","19":"taxable","20":"shipping-taxable","21":"purchasable","22":"product-type-variable"},"yoast_head":"<!-- This site is optimized with the Yoast SEO plugin v27.0 - https:\/\/yoast.com\/product\/yoast-seo-wordpress\/ -->\n<title>Studio bord med \u00d860 cm skiva - Bjerring-Sales<\/title>\n<meta name=\"description\" content=\"Studio bordet med en rund \u00d860 cm bordsskiva finns med en rad olika valm\u00f6jligheter. Studio bordet finns i olika h\u00f6jder samt med olika f\u00e4rgval. Stativet \u00e4r tillverkat av h\u00f6gkvalitativt pulverlackerat st\u00e5l, vilket garanterar h\u00e5llbarhet och en stilren estetik.\" \/>\n<meta name=\"robots\" content=\"index, follow, max-snippet:-1, max-image-preview:large, max-video-preview:-1\" \/>\n<link rel=\"canonical\" href=\"https:\/\/shop.bjerring-sales.dk\/en\/product\/studio-bord-60cm-skiva\/\" \/>\n<meta property=\"og:locale\" content=\"en_GB\" \/>\n<meta property=\"og:type\" content=\"article\" \/>\n<meta property=\"og:title\" content=\"Studio bord med rund bordsskiva \u00d860 cm \u2013 Finns i 4 h\u00f6jder\" \/>\n<meta property=\"og:description\" content=\"Studio bordet med en rund \u00d860 cm bordsskiva finns med en rad olika valm\u00f6jligheter. Studio bordet finns i olika h\u00f6jder samt med olika f\u00e4rgval. Stativet \u00e4r tillverkat av h\u00f6gkvalitativt pulverlackerat st\u00e5l, vilket garanterar h\u00e5llbarhet och en stilren estetik.\" \/>\n<meta property=\"og:url\" content=\"https:\/\/shop.bjerring-sales.dk\/en\/product\/studio-bord-60cm-skiva\/\" \/>\n<meta property=\"og:site_name\" content=\"Bjerring-Sales\" \/>\n<meta property=\"article:modified_time\" content=\"2026-04-16T14:35:49+00:00\" \/>\n<meta property=\"og:image\" content=\"https:\/\/shop.bjerring-sales.dk\/wp-content\/uploads\/2023\/09\/ELJ_Vitoria-2.jpg\" \/>\n\t<meta property=\"og:image:width\" content=\"800\" \/>\n\t<meta property=\"og:image:height\" content=\"550\" \/>\n\t<meta property=\"og:image:type\" content=\"image\/jpeg\" \/>\n<meta name=\"twitter:card\" content=\"summary_large_image\" \/>\n<meta name=\"twitter:title\" content=\"Studio bord med rund bordsskiva \u00d860 cm \u2013 Finns i 4 h\u00f6jder\" \/>\n<meta name=\"twitter:description\" content=\"Studio bordet med en rund \u00d860 cm bordsskiva finns med en rad olika valm\u00f6jligheter. Studio bordet finns i olika h\u00f6jder samt med olika f\u00e4rgval. Stativet \u00e4r tillverkat av h\u00f6gkvalitativt pulverlackerat st\u00e5l, vilket garanterar h\u00e5llbarhet och en stilren estetik.\" \/>\n<meta name=\"twitter:image\" content=\"https:\/\/shop.bjerring-sales.dk\/wp-content\/uploads\/2023\/09\/ELJ_Vitoria-2.jpg\" \/>\n<meta name=\"twitter:label1\" content=\"Estimated reading time\" \/>\n\t<meta name=\"twitter:data1\" content=\"4 minutes\" \/>\n<script type=\"application\/ld+json\" class=\"yoast-schema-graph\">{\"@context\":\"https:\/\/schema.org\",\"@graph\":[{\"@type\":\"WebPage\",\"@id\":\"https:\/\/shop.bjerring-sales.dk\/sv\/produkt\/studio-bord-60cm-skiva\/\",\"url\":\"https:\/\/shop.bjerring-sales.dk\/sv\/produkt\/studio-bord-60cm-skiva\/\",\"name\":\"Studio bord med \u00d860 cm skiva - Bjerring-Sales\",\"isPartOf\":{\"@id\":\"https:\/\/shop.bjerring-sales.dk\/#website\"},\"primaryImageOfPage\":{\"@id\":\"https:\/\/shop.bjerring-sales.dk\/sv\/produkt\/studio-bord-60cm-skiva\/#primaryimage\"},\"image\":{\"@id\":\"https:\/\/shop.bjerring-sales.dk\/sv\/produkt\/studio-bord-60cm-skiva\/#primaryimage\"},\"thumbnailUrl\":\"https:\/\/shop.bjerring-sales.dk\/wp-content\/uploads\/2026\/03\/50xH48_gray_f300006.jpg\",\"datePublished\":\"2023-09-27T10:40:24+00:00\",\"dateModified\":\"2026-04-16T14:35:49+00:00\",\"description\":\"Studio bordet med en rund \u00d860 cm bordsskiva finns med en rad olika valm\u00f6jligheter. Studio bordet finns i olika h\u00f6jder samt med olika f\u00e4rgval. Stativet \u00e4r tillverkat av h\u00f6gkvalitativt pulverlackerat st\u00e5l, vilket garanterar h\u00e5llbarhet och en stilren estetik.\",\"breadcrumb\":{\"@id\":\"https:\/\/shop.bjerring-sales.dk\/sv\/produkt\/studio-bord-60cm-skiva\/#breadcrumb\"},\"inLanguage\":\"en-GB\",\"potentialAction\":[{\"@type\":\"ReadAction\",\"target\":[\"https:\/\/shop.bjerring-sales.dk\/sv\/produkt\/studio-bord-60cm-skiva\/\"]}]},{\"@type\":\"ImageObject\",\"inLanguage\":\"en-GB\",\"@id\":\"https:\/\/shop.bjerring-sales.dk\/sv\/produkt\/studio-bord-60cm-skiva\/#primaryimage\",\"url\":\"https:\/\/shop.bjerring-sales.dk\/wp-content\/uploads\/2026\/03\/50xH48_gray_f300006.jpg\",\"contentUrl\":\"https:\/\/shop.bjerring-sales.dk\/wp-content\/uploads\/2026\/03\/50xH48_gray_f300006.jpg\",\"width\":800,\"height\":800},{\"@type\":\"BreadcrumbList\",\"@id\":\"https:\/\/shop.bjerring-sales.dk\/sv\/produkt\/studio-bord-60cm-skiva\/#breadcrumb\",\"itemListElement\":[{\"@type\":\"ListItem\",\"position\":1,\"name\":\"Hem\",\"item\":\"https:\/\/shop.bjerring-sales.dk\/\"},{\"@type\":\"ListItem\",\"position\":2,\"name\":\"Webbutik\",\"item\":\"https:\/\/shop.bjerring-sales.dk\/butik\/\"},{\"@type\":\"ListItem\",\"position\":3,\"name\":\"Studio bord med \u00d860 cm skiva\"}]},{\"@type\":\"WebSite\",\"@id\":\"https:\/\/shop.bjerring-sales.dk\/#website\",\"url\":\"https:\/\/shop.bjerring-sales.dk\/\",\"name\":\"Bjerring-Sales\",\"description\":\"M\u00f6bler f\u00f6r teatrar, skolor, kontor och k\u00f6pcentrum\",\"publisher\":{\"@id\":\"https:\/\/shop.bjerring-sales.dk\/#organization\"},\"potentialAction\":[{\"@type\":\"SearchAction\",\"target\":{\"@type\":\"EntryPoint\",\"urlTemplate\":\"https:\/\/shop.bjerring-sales.dk\/?s={search_term_string}\"},\"query-input\":{\"@type\":\"PropertyValueSpecification\",\"valueRequired\":true,\"valueName\":\"search_term_string\"}}],\"inLanguage\":\"en-GB\"},{\"@type\":\"Organization\",\"@id\":\"https:\/\/shop.bjerring-sales.dk\/#organization\",\"name\":\"Bjerring-Sales\",\"url\":\"https:\/\/shop.bjerring-sales.dk\/\",\"logo\":{\"@type\":\"ImageObject\",\"inLanguage\":\"en-GB\",\"@id\":\"https:\/\/shop.bjerring-sales.dk\/#\/schema\/logo\/image\/\",\"url\":\"https:\/\/shop.bjerring-sales.dk\/wp-content\/uploads\/2023\/01\/logo_sv.png\",\"contentUrl\":\"https:\/\/shop.bjerring-sales.dk\/wp-content\/uploads\/2023\/01\/logo_sv.png\",\"width\":195,\"height\":68,\"caption\":\"Bjerring-Sales\"},\"image\":{\"@id\":\"https:\/\/shop.bjerring-sales.dk\/#\/schema\/logo\/image\/\"}}]}<\/script>\n<!-- \/ Yoast SEO plugin. -->","yoast_head_json":{"title":"Studio bord med \u00d860 cm skiva - Bjerring-Sales","description":"Studio bordet med en rund \u00d860 cm bordsskiva finns med en rad olika valm\u00f6jligheter. Studio bordet finns i olika h\u00f6jder samt med olika f\u00e4rgval. Stativet \u00e4r tillverkat av h\u00f6gkvalitativt pulverlackerat st\u00e5l, vilket garanterar h\u00e5llbarhet och en stilren estetik.","robots":{"index":"index","follow":"follow","max-snippet":"max-snippet:-1","max-image-preview":"max-image-preview:large","max-video-preview":"max-video-preview:-1"},"canonical":"https:\/\/shop.bjerring-sales.dk\/en\/product\/studio-bord-60cm-skiva\/","og_locale":"en_GB","og_type":"article","og_title":"Studio bord med rund bordsskiva \u00d860 cm \u2013 Finns i 4 h\u00f6jder","og_description":"Studio bordet med en rund \u00d860 cm bordsskiva finns med en rad olika valm\u00f6jligheter. Studio bordet finns i olika h\u00f6jder samt med olika f\u00e4rgval. Stativet \u00e4r tillverkat av h\u00f6gkvalitativt pulverlackerat st\u00e5l, vilket garanterar h\u00e5llbarhet och en stilren estetik.","og_url":"https:\/\/shop.bjerring-sales.dk\/en\/product\/studio-bord-60cm-skiva\/","og_site_name":"Bjerring-Sales","article_modified_time":"2026-04-16T14:35:49+00:00","og_image":[{"width":800,"height":550,"url":"https:\/\/shop.bjerring-sales.dk\/wp-content\/uploads\/2023\/09\/ELJ_Vitoria-2.jpg","type":"image\/jpeg"}],"twitter_card":"summary_large_image","twitter_title":"Studio bord med rund bordsskiva \u00d860 cm \u2013 Finns i 4 h\u00f6jder","twitter_description":"Studio bordet med en rund \u00d860 cm bordsskiva finns med en rad olika valm\u00f6jligheter. Studio bordet finns i olika h\u00f6jder samt med olika f\u00e4rgval. Stativet \u00e4r tillverkat av h\u00f6gkvalitativt pulverlackerat st\u00e5l, vilket garanterar h\u00e5llbarhet och en stilren estetik.","twitter_image":"https:\/\/shop.bjerring-sales.dk\/wp-content\/uploads\/2023\/09\/ELJ_Vitoria-2.jpg","twitter_misc":{"Estimated reading time":"4 minutes"},"schema":{"@context":"https:\/\/schema.org","@graph":[{"@type":"WebPage","@id":"https:\/\/shop.bjerring-sales.dk\/sv\/produkt\/studio-bord-60cm-skiva\/","url":"https:\/\/shop.bjerring-sales.dk\/sv\/produkt\/studio-bord-60cm-skiva\/","name":"Studio bord med \u00d860 cm skiva - Bjerring-Sales","isPartOf":{"@id":"https:\/\/shop.bjerring-sales.dk\/#website"},"primaryImageOfPage":{"@id":"https:\/\/shop.bjerring-sales.dk\/sv\/produkt\/studio-bord-60cm-skiva\/#primaryimage"},"image":{"@id":"https:\/\/shop.bjerring-sales.dk\/sv\/produkt\/studio-bord-60cm-skiva\/#primaryimage"},"thumbnailUrl":"https:\/\/shop.bjerring-sales.dk\/wp-content\/uploads\/2026\/03\/50xH48_gray_f300006.jpg","datePublished":"2023-09-27T10:40:24+00:00","dateModified":"2026-04-16T14:35:49+00:00","description":"Studio bordet med en rund \u00d860 cm bordsskiva finns med en rad olika valm\u00f6jligheter. Studio bordet finns i olika h\u00f6jder samt med olika f\u00e4rgval. Stativet \u00e4r tillverkat av h\u00f6gkvalitativt pulverlackerat st\u00e5l, vilket garanterar h\u00e5llbarhet och en stilren estetik.","breadcrumb":{"@id":"https:\/\/shop.bjerring-sales.dk\/sv\/produkt\/studio-bord-60cm-skiva\/#breadcrumb"},"inLanguage":"en-GB","potentialAction":[{"@type":"ReadAction","target":["https:\/\/shop.bjerring-sales.dk\/sv\/produkt\/studio-bord-60cm-skiva\/"]}]},{"@type":"ImageObject","inLanguage":"en-GB","@id":"https:\/\/shop.bjerring-sales.dk\/sv\/produkt\/studio-bord-60cm-skiva\/#primaryimage","url":"https:\/\/shop.bjerring-sales.dk\/wp-content\/uploads\/2026\/03\/50xH48_gray_f300006.jpg","contentUrl":"https:\/\/shop.bjerring-sales.dk\/wp-content\/uploads\/2026\/03\/50xH48_gray_f300006.jpg","width":800,"height":800},{"@type":"BreadcrumbList","@id":"https:\/\/shop.bjerring-sales.dk\/sv\/produkt\/studio-bord-60cm-skiva\/#breadcrumb","itemListElement":[{"@type":"ListItem","position":1,"name":"Hem","item":"https:\/\/shop.bjerring-sales.dk\/"},{"@type":"ListItem","position":2,"name":"Webbutik","item":"https:\/\/shop.bjerring-sales.dk\/butik\/"},{"@type":"ListItem","position":3,"name":"Studio bord med \u00d860 cm skiva"}]},{"@type":"WebSite","@id":"https:\/\/shop.bjerring-sales.dk\/#website","url":"https:\/\/shop.bjerring-sales.dk\/","name":"Bjerring Sales","description":"Furniture for theatres, schools, offices and shopping centres","publisher":{"@id":"https:\/\/shop.bjerring-sales.dk\/#organization"},"potentialAction":[{"@type":"SearchAction","target":{"@type":"EntryPoint","urlTemplate":"https:\/\/shop.bjerring-sales.dk\/?s={search_term_string}"},"query-input":{"@type":"PropertyValueSpecification","valueRequired":true,"valueName":"search_term_string"}}],"inLanguage":"en-GB"},{"@type":"Organization","@id":"https:\/\/shop.bjerring-sales.dk\/#organization","name":"Bjerring Sales","url":"https:\/\/shop.bjerring-sales.dk\/","logo":{"@type":"ImageObject","inLanguage":"en-GB","@id":"https:\/\/shop.bjerring-sales.dk\/#\/schema\/logo\/image\/","url":"https:\/\/shop.bjerring-sales.dk\/wp-content\/uploads\/2023\/01\/logo_sv.png","contentUrl":"https:\/\/shop.bjerring-sales.dk\/wp-content\/uploads\/2023\/01\/logo_sv.png","width":195,"height":68,"caption":"Bjerring-Sales"},"image":{"@id":"https:\/\/shop.bjerring-sales.dk\/#\/schema\/logo\/image\/"}}]}},"_links":{"self":[{"href":"https:\/\/shop.bjerring-sales.dk\/en\/wp-json\/wp\/v2\/product\/94192","targetHints":{"allow":["GET"]}}],"collection":[{"href":"https:\/\/shop.bjerring-sales.dk\/en\/wp-json\/wp\/v2\/product"}],"about":[{"href":"https:\/\/shop.bjerring-sales.dk\/en\/wp-json\/wp\/v2\/types\/product"}],"wp:featuredmedia":[{"embeddable":true,"href":"https:\/\/shop.bjerring-sales.dk\/en\/wp-json\/wp\/v2\/media\/102291"}],"wp:attachment":[{"href":"https:\/\/shop.bjerring-sales.dk\/en\/wp-json\/wp\/v2\/media?parent=94192"}],"wp:term":[{"taxonomy":"product_brand","embeddable":true,"href":"https:\/\/shop.bjerring-sales.dk\/en\/wp-json\/wp\/v2\/product_brand?post=94192"},{"taxonomy":"product_cat","embeddable":true,"href":"https:\/\/shop.bjerring-sales.dk\/en\/wp-json\/wp\/v2\/product_cat?post=94192"},{"taxonomy":"product_tag","embeddable":true,"href":"https:\/\/shop.bjerring-sales.dk\/en\/wp-json\/wp\/v2\/product_tag?post=94192"}],"curies":[{"name":"wp","href":"https:\/\/api.w.org\/{rel}","templated":true}]}}