{"id":93263,"date":"2023-07-05T14:18:43","date_gmt":"2023-07-05T12:18:43","guid":{"rendered":"https:\/\/shop.bjerring-sales.dk\/sv\/produkt\/tellus-bord-large\/"},"modified":"2026-04-01T10:02:40","modified_gmt":"2026-04-01T08:02:40","slug":"tellus-bord-large","status":"publish","type":"product","link":"https:\/\/shop.bjerring-sales.dk\/en\/product\/tellus-bord-large\/","title":{"rendered":"Tellus table \u2013 Large"},"content":{"rendered":"<div class=\"wpb-content-wrapper\"><div class=\"vc_row wpb_row vc_row-fluid\"><div class=\"wpb_column vc_column_container vc_col-sm-12\"><div class=\"vc_column-inner\"><div class=\"wpb_wrapper\">\n\t<div class=\"wpb_text_column wpb_content_element\" >\n\t\t<div class=\"wpb_wrapper\">\n\t\t\t<p><span style=\"font-size: 24pt\">An elegant table with a T-stand - Tellus Large<br \/>\n<\/span>The Tellus series consists of tables with fixed T-stands in various colors and sizes. The Tellus table is stocked in a variety of sizes with different choices of table tops and stand colors. The tables in the Tellus series are light, elegant and made for the modern office. The Tellus stands are also sold separately and we can also custom-make table tops in other colors and sizes.<\/p>\n\n\t\t<\/div>\n\t<\/div>\n<\/div><\/div><\/div><\/div><div class=\"vc_row wpb_row vc_row-fluid\"><div class=\"wpb_column vc_column_container vc_col-sm-4\"><div class=\"vc_column-inner\"><div class=\"wpb_wrapper\">\n\t<div  class=\"wpb_single_image wpb_content_element vc_align_center\">\n\t\t\n\t\t<figure class=\"wpb_wrapper vc_figure\">\n\t\t\t<div class=\"vc_single_image-wrapper vc_box_shadow_border  vc_box_border_grey\"><img loading=\"lazy\" decoding=\"async\" width=\"800\" height=\"550\" src=\"https:\/\/shop.bjerring-sales.dk\/wp-content\/uploads\/2023\/03\/tellus-small-02.jpg\" class=\"vc_single_image-img attachment-full\" alt=\"\" title=\"tellus-small-02\" srcset=\"https:\/\/shop.bjerring-sales.dk\/wp-content\/uploads\/2023\/03\/tellus-small-02.jpg 800w, https:\/\/shop.bjerring-sales.dk\/wp-content\/uploads\/2023\/03\/tellus-small-02-150x103.jpg 150w, https:\/\/shop.bjerring-sales.dk\/wp-content\/uploads\/2023\/03\/tellus-small-02-600x413.jpg 600w, https:\/\/shop.bjerring-sales.dk\/wp-content\/uploads\/2023\/03\/tellus-small-02-300x206.jpg 300w, https:\/\/shop.bjerring-sales.dk\/wp-content\/uploads\/2023\/03\/tellus-small-02-768x528.jpg 768w\" sizes=\"auto, (max-width: 800px) 100vw, 800px\" \/><\/div>\n\t\t<\/figure>\n\t<\/div>\n<\/div><\/div><\/div><div class=\"wpb_column vc_column_container vc_col-sm-4\"><div class=\"vc_column-inner\"><div class=\"wpb_wrapper\">\n\t<div  class=\"wpb_single_image wpb_content_element vc_align_center\">\n\t\t\n\t\t<figure class=\"wpb_wrapper vc_figure\">\n\t\t\t<div class=\"vc_single_image-wrapper vc_box_shadow_border  vc_box_border_grey\"><img loading=\"lazy\" decoding=\"async\" width=\"800\" height=\"550\" src=\"https:\/\/shop.bjerring-sales.dk\/wp-content\/uploads\/2023\/03\/tellus-stativ-02.jpg\" class=\"vc_single_image-img attachment-full\" alt=\"\" title=\"tellus-stand-02\" srcset=\"https:\/\/shop.bjerring-sales.dk\/wp-content\/uploads\/2023\/03\/tellus-stativ-02.jpg 800w, https:\/\/shop.bjerring-sales.dk\/wp-content\/uploads\/2023\/03\/tellus-stativ-02-150x103.jpg 150w, https:\/\/shop.bjerring-sales.dk\/wp-content\/uploads\/2023\/03\/tellus-stativ-02-600x413.jpg 600w, https:\/\/shop.bjerring-sales.dk\/wp-content\/uploads\/2023\/03\/tellus-stativ-02-300x206.jpg 300w, https:\/\/shop.bjerring-sales.dk\/wp-content\/uploads\/2023\/03\/tellus-stativ-02-768x528.jpg 768w\" sizes=\"auto, (max-width: 800px) 100vw, 800px\" \/><\/div>\n\t\t<\/figure>\n\t<\/div>\n<\/div><\/div><\/div><div class=\"wpb_column vc_column_container vc_col-sm-4\"><div class=\"vc_column-inner\"><div class=\"wpb_wrapper\">\n\t<div  class=\"wpb_single_image wpb_content_element vc_align_center\">\n\t\t\n\t\t<figure class=\"wpb_wrapper vc_figure\">\n\t\t\t<div class=\"vc_single_image-wrapper vc_box_shadow_border  vc_box_border_grey\"><img loading=\"lazy\" decoding=\"async\" width=\"800\" height=\"550\" src=\"https:\/\/shop.bjerring-sales.dk\/wp-content\/uploads\/2023\/03\/tellus-stativ-01.jpg\" class=\"vc_single_image-img attachment-full\" alt=\"\" title=\"tellus-stand-01\" srcset=\"https:\/\/shop.bjerring-sales.dk\/wp-content\/uploads\/2023\/03\/tellus-stativ-01.jpg 800w, https:\/\/shop.bjerring-sales.dk\/wp-content\/uploads\/2023\/03\/tellus-stativ-01-150x103.jpg 150w, https:\/\/shop.bjerring-sales.dk\/wp-content\/uploads\/2023\/03\/tellus-stativ-01-600x413.jpg 600w, https:\/\/shop.bjerring-sales.dk\/wp-content\/uploads\/2023\/03\/tellus-stativ-01-300x206.jpg 300w, https:\/\/shop.bjerring-sales.dk\/wp-content\/uploads\/2023\/03\/tellus-stativ-01-768x528.jpg 768w\" sizes=\"auto, (max-width: 800px) 100vw, 800px\" \/><\/div>\n\t\t<\/figure>\n\t<\/div>\n<\/div><\/div><\/div><\/div><div class=\"vc_row wpb_row vc_row-fluid\"><div class=\"wpb_column vc_column_container vc_col-sm-6\"><div class=\"vc_column-inner\"><div class=\"wpb_wrapper\">\n\t<div class=\"wpb_text_column wpb_content_element\" >\n\t\t<div class=\"wpb_wrapper\">\n\t\t\t<p><span style=\"font-size: 18pt\">Stand<br \/>\n<\/span>The stand is made of powder-coated metal tubes. The stand meets the requirements of the EN 527-3 standard.<\/p>\n<ul>\n<li>Long-sided square tube \u2013 40\u00d740 mm<\/li>\n<li>Short sided square tube \u2013 40\u00d720 mm<\/li>\n<li>The legs are square tubes 70\u00d730 mm with a welded profile for stability<\/li>\n<li>Plastic feet with height compensation (+10 mm)<\/li>\n<\/ul>\n<p><span style=\"font-size: 18pt\">Measure<\/span><\/p>\n<ul>\n<li>180 \u00d7 70 cm<\/li>\n<li>180 \u00d7 80 cm<\/li>\n<li>200\u00d7100 cm<\/li>\n<li>200\u00d7100\/80 cm (boat-shaped)<\/li>\n<\/ul>\n<p><span style=\"font-size: 18pt\">Specifications<\/span><\/p>\n<ul>\n<li>Desk height \u2013 735 mm<\/li>\n<li>Meets the requirements of the EN 527-3 standard.<\/li>\n<\/ul>\n\n\t\t<\/div>\n\t<\/div>\n<\/div><\/div><\/div><div class=\"wpb_column vc_column_container vc_col-sm-6\"><div class=\"vc_column-inner\"><div class=\"wpb_wrapper\">\n\t<div class=\"wpb_text_column wpb_content_element\" >\n\t\t<div class=\"wpb_wrapper\">\n\t\t\t<p><span style=\"font-size: 18pt\">Mounting<br \/>\n<\/span>Tellus tables can be delivered both as tables and stands without a top. When ordering a table, easier assembly by the customer is required. See installation instructions below.<\/p>\n<p><a href=\"https:\/\/shop.bjerring-sales.dk\/wp-content\/uploads\/2021\/03\/PDF-doc-16.png\"><img loading=\"lazy\" decoding=\"async\" class=\"alignnone size-full wp-image-72653\" src=\"https:\/\/shop.bjerring-sales.dk\/wp-content\/uploads\/2021\/03\/PDF-doc-16.png\" alt=\"\" width=\"16\" height=\"16\" \/><\/a>\u00a0<a href=\"https:\/\/elj.se\/wp-content\/uploads\/2022\/10\/Monteringsanvisning-Tellus-ingen-logo.pdf\" target=\"_blank\" rel=\"noopener\">Download assembly instructions<\/a><\/p>\n<p><span style=\"font-size: 18pt\">Colors<\/span><\/p>\n<ul>\n<li>Table tops are available in beech, birch, oak, white, black, gray and urban oak<\/li>\n<li>The table stand is available in black, white and silver gray<\/li>\n<\/ul>\n<p><span style=\"font-size: 18pt\">Guarantee<br \/>\n<\/span>2 years<\/p>\n\n\t\t<\/div>\n\t<\/div>\n<\/div><\/div><\/div><\/div>\n<\/div>","protected":false},"excerpt":{"rendered":"<p>Tellus Large is stocked in different sizes with different choices of table tops and stand colors. Tellus tables are light, elegant and made for the modern office. The Tellus stands are also sold separately and we can also custom-make table tops in other colors and sizes.<\/p>","protected":false},"featured_media":102068,"template":"","meta":{"iawp_total_views":10},"product_brand":[],"product_cat":[5787,5820,6260],"product_tag":[5993,6036,6062,6387,5992],"class_list":{"0":"post-93263","1":"product","2":"type-product","3":"status-publish","4":"has-post-thumbnail","6":"product_cat-bord","7":"product_cat-konferensbord","8":"product_cat-matbord","9":"product_tag-matbord","10":"product_tag-tellus","11":"product_tag-bord","12":"product_tag-batformad-skiva","13":"product_tag-konferensbord","15":"first","16":"instock","17":"featured","18":"taxable","19":"shipping-taxable","20":"purchasable","21":"product-type-variable"},"yoast_head":"<!-- This site is optimized with the Yoast SEO plugin v27.0 - https:\/\/yoast.com\/product\/yoast-seo-wordpress\/ -->\n<title>Tellus bord - Large - Bjerring-Sales<\/title>\n<meta name=\"description\" content=\"Tellus Large lagerh\u00e5lls i olika storlekar med olika val av bordsskivor och f\u00e4rger p\u00e5 stativ. Tellus borden \u00e4r l\u00e4tta, eleganta och tillverkade f\u00f6r det moderna kontoret.\" \/>\n<meta name=\"robots\" content=\"index, follow, max-snippet:-1, max-image-preview:large, max-video-preview:-1\" \/>\n<link rel=\"canonical\" href=\"https:\/\/shop.bjerring-sales.dk\/en\/product\/tellus-bord-large\/\" \/>\n<meta property=\"og:locale\" content=\"en_GB\" \/>\n<meta property=\"og:type\" content=\"article\" \/>\n<meta property=\"og:title\" content=\"Ett elegant bord med T-stativ \u2013 Tellus Large\" \/>\n<meta property=\"og:description\" content=\"Tellus Large lagerh\u00e5lls i olika storlekar med olika val av bordsskivor och f\u00e4rger p\u00e5 stativ. Tellus borden \u00e4r l\u00e4tta, eleganta och tillverkade f\u00f6r det moderna kontoret.\" \/>\n<meta property=\"og:url\" content=\"https:\/\/shop.bjerring-sales.dk\/en\/product\/tellus-bord-large\/\" \/>\n<meta property=\"og:site_name\" content=\"Bjerring-Sales\" \/>\n<meta property=\"article:modified_time\" content=\"2026-04-01T08:02:40+00:00\" \/>\n<meta property=\"og:image\" content=\"https:\/\/shop.bjerring-sales.dk\/wp-content\/uploads\/2023\/03\/tellus-stativ-02.jpg\" \/>\n\t<meta property=\"og:image:width\" content=\"800\" \/>\n\t<meta property=\"og:image:height\" content=\"550\" \/>\n\t<meta property=\"og:image:type\" content=\"image\/jpeg\" \/>\n<meta name=\"twitter:card\" content=\"summary_large_image\" \/>\n<meta name=\"twitter:title\" content=\"Ett elegant bord med T-stativ \u2013 Tellus Large\" \/>\n<meta name=\"twitter:description\" content=\"Tellus Large lagerh\u00e5lls i olika storlekar med olika val av bordsskivor och f\u00e4rger p\u00e5 stativ. Tellus borden \u00e4r l\u00e4tta, eleganta och tillverkade f\u00f6r det moderna kontoret.\" \/>\n<meta name=\"twitter:image\" content=\"https:\/\/shop.bjerring-sales.dk\/wp-content\/uploads\/2023\/03\/tellus-stativ-02.jpg\" \/>\n<meta name=\"twitter:label1\" content=\"Estimated reading time\" \/>\n\t<meta name=\"twitter:data1\" content=\"2 minutes\" \/>\n<script type=\"application\/ld+json\" class=\"yoast-schema-graph\">{\"@context\":\"https:\/\/schema.org\",\"@graph\":[{\"@type\":\"WebPage\",\"@id\":\"https:\/\/shop.bjerring-sales.dk\/sv\/produkt\/tellus-bord-large\/\",\"url\":\"https:\/\/shop.bjerring-sales.dk\/sv\/produkt\/tellus-bord-large\/\",\"name\":\"Tellus bord - Large - Bjerring-Sales\",\"isPartOf\":{\"@id\":\"https:\/\/shop.bjerring-sales.dk\/#website\"},\"primaryImageOfPage\":{\"@id\":\"https:\/\/shop.bjerring-sales.dk\/sv\/produkt\/tellus-bord-large\/#primaryimage\"},\"image\":{\"@id\":\"https:\/\/shop.bjerring-sales.dk\/sv\/produkt\/tellus-bord-large\/#primaryimage\"},\"thumbnailUrl\":\"https:\/\/shop.bjerring-sales.dk\/wp-content\/uploads\/2026\/03\/164_200x100_BlackLegs_WhiteTop.jpg\",\"datePublished\":\"2023-07-05T12:18:43+00:00\",\"dateModified\":\"2026-04-01T08:02:40+00:00\",\"description\":\"Tellus Large lagerh\u00e5lls i olika storlekar med olika val av bordsskivor och f\u00e4rger p\u00e5 stativ. Tellus borden \u00e4r l\u00e4tta, eleganta och tillverkade f\u00f6r det moderna kontoret.\",\"breadcrumb\":{\"@id\":\"https:\/\/shop.bjerring-sales.dk\/sv\/produkt\/tellus-bord-large\/#breadcrumb\"},\"inLanguage\":\"en-GB\",\"potentialAction\":[{\"@type\":\"ReadAction\",\"target\":[\"https:\/\/shop.bjerring-sales.dk\/sv\/produkt\/tellus-bord-large\/\"]}]},{\"@type\":\"ImageObject\",\"inLanguage\":\"en-GB\",\"@id\":\"https:\/\/shop.bjerring-sales.dk\/sv\/produkt\/tellus-bord-large\/#primaryimage\",\"url\":\"https:\/\/shop.bjerring-sales.dk\/wp-content\/uploads\/2026\/03\/164_200x100_BlackLegs_WhiteTop.jpg\",\"contentUrl\":\"https:\/\/shop.bjerring-sales.dk\/wp-content\/uploads\/2026\/03\/164_200x100_BlackLegs_WhiteTop.jpg\",\"width\":800,\"height\":800},{\"@type\":\"BreadcrumbList\",\"@id\":\"https:\/\/shop.bjerring-sales.dk\/sv\/produkt\/tellus-bord-large\/#breadcrumb\",\"itemListElement\":[{\"@type\":\"ListItem\",\"position\":1,\"name\":\"Hem\",\"item\":\"https:\/\/shop.bjerring-sales.dk\/\"},{\"@type\":\"ListItem\",\"position\":2,\"name\":\"Webbutik\",\"item\":\"https:\/\/shop.bjerring-sales.dk\/butik\/\"},{\"@type\":\"ListItem\",\"position\":3,\"name\":\"Tellus bord &#8211; Large\"}]},{\"@type\":\"WebSite\",\"@id\":\"https:\/\/shop.bjerring-sales.dk\/#website\",\"url\":\"https:\/\/shop.bjerring-sales.dk\/\",\"name\":\"Bjerring-Sales\",\"description\":\"M\u00f6bler f\u00f6r teatrar, skolor, kontor och k\u00f6pcentrum\",\"publisher\":{\"@id\":\"https:\/\/shop.bjerring-sales.dk\/#organization\"},\"potentialAction\":[{\"@type\":\"SearchAction\",\"target\":{\"@type\":\"EntryPoint\",\"urlTemplate\":\"https:\/\/shop.bjerring-sales.dk\/?s={search_term_string}\"},\"query-input\":{\"@type\":\"PropertyValueSpecification\",\"valueRequired\":true,\"valueName\":\"search_term_string\"}}],\"inLanguage\":\"en-GB\"},{\"@type\":\"Organization\",\"@id\":\"https:\/\/shop.bjerring-sales.dk\/#organization\",\"name\":\"Bjerring-Sales\",\"url\":\"https:\/\/shop.bjerring-sales.dk\/\",\"logo\":{\"@type\":\"ImageObject\",\"inLanguage\":\"en-GB\",\"@id\":\"https:\/\/shop.bjerring-sales.dk\/#\/schema\/logo\/image\/\",\"url\":\"https:\/\/shop.bjerring-sales.dk\/wp-content\/uploads\/2023\/01\/logo_sv.png\",\"contentUrl\":\"https:\/\/shop.bjerring-sales.dk\/wp-content\/uploads\/2023\/01\/logo_sv.png\",\"width\":195,\"height\":68,\"caption\":\"Bjerring-Sales\"},\"image\":{\"@id\":\"https:\/\/shop.bjerring-sales.dk\/#\/schema\/logo\/image\/\"}}]}<\/script>\n<!-- \/ Yoast SEO plugin. -->","yoast_head_json":{"title":"Tellus table - Large - Bjerring-Sales","description":"Tellus Large is stocked in different sizes with different choices of table tops and frame colors. Tellus tables are lightweight, elegant and made for the modern office.","robots":{"index":"index","follow":"follow","max-snippet":"max-snippet:-1","max-image-preview":"max-image-preview:large","max-video-preview":"max-video-preview:-1"},"canonical":"https:\/\/shop.bjerring-sales.dk\/en\/product\/tellus-bord-large\/","og_locale":"en_GB","og_type":"article","og_title":"Ett elegant bord med T-stativ \u2013 Tellus Large","og_description":"Tellus Large lagerh\u00e5lls i olika storlekar med olika val av bordsskivor och f\u00e4rger p\u00e5 stativ. Tellus borden \u00e4r l\u00e4tta, eleganta och tillverkade f\u00f6r det moderna kontoret.","og_url":"https:\/\/shop.bjerring-sales.dk\/en\/product\/tellus-bord-large\/","og_site_name":"Bjerring-Sales","article_modified_time":"2026-04-01T08:02:40+00:00","og_image":[{"width":800,"height":550,"url":"https:\/\/shop.bjerring-sales.dk\/wp-content\/uploads\/2023\/03\/tellus-stativ-02.jpg","type":"image\/jpeg"}],"twitter_card":"summary_large_image","twitter_title":"Ett elegant bord med T-stativ \u2013 Tellus Large","twitter_description":"Tellus Large lagerh\u00e5lls i olika storlekar med olika val av bordsskivor och f\u00e4rger p\u00e5 stativ. Tellus borden \u00e4r l\u00e4tta, eleganta och tillverkade f\u00f6r det moderna kontoret.","twitter_image":"https:\/\/shop.bjerring-sales.dk\/wp-content\/uploads\/2023\/03\/tellus-stativ-02.jpg","twitter_misc":{"Estimated reading time":"2 minutes"},"schema":{"@context":"https:\/\/schema.org","@graph":[{"@type":"WebPage","@id":"https:\/\/shop.bjerring-sales.dk\/sv\/produkt\/tellus-bord-large\/","url":"https:\/\/shop.bjerring-sales.dk\/sv\/produkt\/tellus-bord-large\/","name":"Tellus table - Large - Bjerring-Sales","isPartOf":{"@id":"https:\/\/shop.bjerring-sales.dk\/#website"},"primaryImageOfPage":{"@id":"https:\/\/shop.bjerring-sales.dk\/sv\/produkt\/tellus-bord-large\/#primaryimage"},"image":{"@id":"https:\/\/shop.bjerring-sales.dk\/sv\/produkt\/tellus-bord-large\/#primaryimage"},"thumbnailUrl":"https:\/\/shop.bjerring-sales.dk\/wp-content\/uploads\/2026\/03\/164_200x100_BlackLegs_WhiteTop.jpg","datePublished":"2023-07-05T12:18:43+00:00","dateModified":"2026-04-01T08:02:40+00:00","description":"Tellus Large is stocked in different sizes with different choices of table tops and frame colors. Tellus tables are lightweight, elegant and made for the modern office.","breadcrumb":{"@id":"https:\/\/shop.bjerring-sales.dk\/sv\/produkt\/tellus-bord-large\/#breadcrumb"},"inLanguage":"en-GB","potentialAction":[{"@type":"ReadAction","target":["https:\/\/shop.bjerring-sales.dk\/sv\/produkt\/tellus-bord-large\/"]}]},{"@type":"ImageObject","inLanguage":"en-GB","@id":"https:\/\/shop.bjerring-sales.dk\/sv\/produkt\/tellus-bord-large\/#primaryimage","url":"https:\/\/shop.bjerring-sales.dk\/wp-content\/uploads\/2026\/03\/164_200x100_BlackLegs_WhiteTop.jpg","contentUrl":"https:\/\/shop.bjerring-sales.dk\/wp-content\/uploads\/2026\/03\/164_200x100_BlackLegs_WhiteTop.jpg","width":800,"height":800},{"@type":"BreadcrumbList","@id":"https:\/\/shop.bjerring-sales.dk\/sv\/produkt\/tellus-bord-large\/#breadcrumb","itemListElement":[{"@type":"ListItem","position":1,"name":"Hem","item":"https:\/\/shop.bjerring-sales.dk\/"},{"@type":"ListItem","position":2,"name":"Webbutik","item":"https:\/\/shop.bjerring-sales.dk\/butik\/"},{"@type":"ListItem","position":3,"name":"Tellus bord &#8211; Large"}]},{"@type":"WebSite","@id":"https:\/\/shop.bjerring-sales.dk\/#website","url":"https:\/\/shop.bjerring-sales.dk\/","name":"Bjerring Sales","description":"Furniture for theatres, schools, offices and shopping centres","publisher":{"@id":"https:\/\/shop.bjerring-sales.dk\/#organization"},"potentialAction":[{"@type":"SearchAction","target":{"@type":"EntryPoint","urlTemplate":"https:\/\/shop.bjerring-sales.dk\/?s={search_term_string}"},"query-input":{"@type":"PropertyValueSpecification","valueRequired":true,"valueName":"search_term_string"}}],"inLanguage":"en-GB"},{"@type":"Organization","@id":"https:\/\/shop.bjerring-sales.dk\/#organization","name":"Bjerring Sales","url":"https:\/\/shop.bjerring-sales.dk\/","logo":{"@type":"ImageObject","inLanguage":"en-GB","@id":"https:\/\/shop.bjerring-sales.dk\/#\/schema\/logo\/image\/","url":"https:\/\/shop.bjerring-sales.dk\/wp-content\/uploads\/2023\/01\/logo_sv.png","contentUrl":"https:\/\/shop.bjerring-sales.dk\/wp-content\/uploads\/2023\/01\/logo_sv.png","width":195,"height":68,"caption":"Bjerring-Sales"},"image":{"@id":"https:\/\/shop.bjerring-sales.dk\/#\/schema\/logo\/image\/"}}]}},"_links":{"self":[{"href":"https:\/\/shop.bjerring-sales.dk\/en\/wp-json\/wp\/v2\/product\/93263","targetHints":{"allow":["GET"]}}],"collection":[{"href":"https:\/\/shop.bjerring-sales.dk\/en\/wp-json\/wp\/v2\/product"}],"about":[{"href":"https:\/\/shop.bjerring-sales.dk\/en\/wp-json\/wp\/v2\/types\/product"}],"wp:featuredmedia":[{"embeddable":true,"href":"https:\/\/shop.bjerring-sales.dk\/en\/wp-json\/wp\/v2\/media\/102068"}],"wp:attachment":[{"href":"https:\/\/shop.bjerring-sales.dk\/en\/wp-json\/wp\/v2\/media?parent=93263"}],"wp:term":[{"taxonomy":"product_brand","embeddable":true,"href":"https:\/\/shop.bjerring-sales.dk\/en\/wp-json\/wp\/v2\/product_brand?post=93263"},{"taxonomy":"product_cat","embeddable":true,"href":"https:\/\/shop.bjerring-sales.dk\/en\/wp-json\/wp\/v2\/product_cat?post=93263"},{"taxonomy":"product_tag","embeddable":true,"href":"https:\/\/shop.bjerring-sales.dk\/en\/wp-json\/wp\/v2\/product_tag?post=93263"}],"curies":[{"name":"wp","href":"https:\/\/api.w.org\/{rel}","templated":true}]}}