{"id":91737,"date":"2022-07-01T11:00:05","date_gmt":"2022-07-01T09:00:05","guid":{"rendered":"https:\/\/shop.bjerring-sales.dk\/produkt\/hoj-sankbart-skrivbord-eco\/"},"modified":"2026-04-15T14:21:22","modified_gmt":"2026-04-15T12:21:22","slug":"hoj-sankbart-skrivbord-eco","status":"publish","type":"product","link":"https:\/\/shop.bjerring-sales.dk\/en\/product\/hoj-sankbart-skrivbord-eco\/","title":{"rendered":"ECO \u2013 Raised &amp; lowerable desk with crank"},"content":{"rendered":"<div class=\"wpb-content-wrapper\"><div class=\"vc_row wpb_row vc_row-fluid wd-rs-644307f7be0da\"><div class=\"wpb_column vc_column_container vc_col-sm-12\"><div class=\"vc_column-inner\"><div class=\"wpb_wrapper\">\n\t<div class=\"wpb_text_column wpb_content_element\" >\n\t\t<div class=\"wpb_wrapper\">\n\t\t\t<p><span style=\"font-size: 24pt;\">Up &amp; Down ECO \u2013 A desk that can be raised and lowered with a crank<br \/>\n<\/span>Up &amp; Down ECO is a stylish and affordable desk with crank, a smart alternative to electric desks but with the same advantages. ECO is a height-adjustable desk that is operated manually with a crank so that the user can work in both a sitting and standing position. With its different sizes, Up &amp; Down ECO is suitable for the office as well as the home office. The table is easy to assemble and is available in several colors on both the stand and table top.<\/p>\n\n\t\t<\/div>\n\t<\/div>\n<\/div><\/div><\/div><\/div><div class=\"vc_row wpb_row vc_row-fluid wd-rs-644307f7be0da\"><div class=\"wpb_column vc_column_container vc_col-sm-12\"><div class=\"vc_column-inner\"><div class=\"wpb_wrapper\"><div class=\"vc_separator wpb_content_element vc_separator_align_center vc_sep_width_100 vc_sep_pos_align_center vc_separator_no_text vc_sep_color_grey\" ><span class=\"vc_sep_holder vc_sep_holder_l\"><span class=\"vc_sep_line\"><\/span><\/span><span class=\"vc_sep_holder vc_sep_holder_r\"><span class=\"vc_sep_line\"><\/span><\/span>\n<\/div><\/div><\/div><\/div><\/div><div class=\"vc_row wpb_row vc_row-fluid wd-rs-65bf7fe7e71e6\"><div class=\"wpb_column vc_column_container vc_col-sm-6\"><div class=\"vc_column-inner\"><div class=\"wpb_wrapper\">\n\t<div class=\"wpb_text_column wpb_content_element\" >\n\t\t<div class=\"wpb_wrapper\">\n\t\t\t<p><span style=\"font-size: 18pt;\">Area of use<br \/>\n<\/span>The Up &amp; Down ECO desk is part of the Up &amp; Down series where we also stock Zero with crank, One with 1 motor and Two with dual motors. Up &amp; Down is a complete furniture series created by ELJ Furniture with adjustable desks. The goal of the Up &amp; Down series is that anyone should be able to have the perfect workplace, whether it is the workplace at home, in the office or in the open office landscape.<\/p>\n<p><span style=\"font-size: 18pt;\">Stand with tissue<br \/>\n<\/span>The stand has a modern design with straight lines, which means that the desk fits into all types of office spaces. The table stand is built with 2-part rectangular legs that have been powder coated. The lifting capacity is 70 kg, which means that the user can easily fit 2-3 screens, docking stations, documents, etc. The stand is available in the colors white, black and silver grey.<\/p>\n<p><span style=\"font-size: 18pt;\">Table tops<br \/>\n<\/span>We have different models of table tops in the Up &amp; Down series. Rectangular 19 mm laminate boards in white, black, grey, beech, birch, oak and urban oak. We also stock 22 mm laminate boards in white with belly socket. We can also custom manufacture table tops in various sizes &amp; materials that are not part of our standard range. Contact us for more information.<\/p>\n<p><span style=\"font-size: 18pt;\">Measure<\/span><\/p>\n<ul>\n<li>100\u00d760 cm<\/li>\n<li>100\u00d770 cm<\/li>\n<li>120 \u00d7 60 cm<\/li>\n<li>120 \u00d7 70 cm<\/li>\n<li>120 \u00d7 80 cm<\/li>\n<li>140 \u00d7 60 cm<\/li>\n<li>140\u00d770 cm<\/li>\n<li>140\u00d780 cm<\/li>\n<li>160\u00d770 cm<\/li>\n<li>160\u00d780 cm<\/li>\n<\/ul>\n\n\t\t<\/div>\n\t<\/div>\n<\/div><\/div><\/div><div class=\"wpb_column vc_column_container vc_col-sm-6\"><div class=\"vc_column-inner\"><div class=\"wpb_wrapper\">\n\t<div class=\"wpb_text_column wpb_content_element\" >\n\t\t<div class=\"wpb_wrapper\">\n\t\t\t<p><span style=\"font-size: 18pt;\">Specifications<\/span><\/p>\n<ul>\n<li>The table has a raise\/lower speed of 6 mm\/rev<\/li>\n<li>Tube dimension 80\u00d750 mm<\/li>\n<li>Height with disc: 730-1230 mm<\/li>\n<li>Length: 850-1290 mm<\/li>\n<li>Width: 600 mm<\/li>\n<li>Foot width: 600 mm<\/li>\n<li>Stroke length: 500 mm<\/li>\n<li>Rec. Maximum load: 70 kg<\/li>\n<li>Installation takes about 15 minutes<\/li>\n<\/ul>\n<p><span style=\"font-size: 18pt;\">Weight for table with top<\/span><\/p>\n<ul>\n<li>100\u00d760 cm = 25 kg<\/li>\n<li>100\u00d770 cm = 26.5 kg<\/li>\n<li>120\u00d760 cm = 26.5 kg<\/li>\n<li>120\u00d770 cm = 27.5 kg<\/li>\n<li>120\u00d780 cm = 29 kg<\/li>\n<li>140\u00d760 cm = 28.5 kg<\/li>\n<li>140\u00d770 cm = 30 kg<\/li>\n<li>140\u00d780 cm = 31.5 kg<\/li>\n<li>160\u00d770 cm = 32 kg<\/li>\n<li>160\u00d780 cm = 33.5 kg<\/li>\n<\/ul>\n<p><span style=\"font-size: 18pt;\">Guarantee<\/span><\/p>\n<ul>\n<li>5 year warranty on the entire Up &amp; Down series.<\/li>\n<\/ul>\n<p><span style=\"font-size: 18pt;\">Manual<\/span><br \/>\n<a href=\"https:\/\/shop.bjerring-sales.dk\/wp-content\/uploads\/2021\/03\/PDF-doc-16.png\"><img loading=\"lazy\" decoding=\"async\" class=\"alignnone size-full wp-image-72653\" src=\"https:\/\/shop.bjerring-sales.dk\/wp-content\/uploads\/2021\/03\/PDF-doc-16.png\" alt=\"\" width=\"16\" height=\"16\" \/><\/a> <a href=\"https:\/\/elj.se\/wp-content\/uploads\/2021\/11\/Up-Down-ECO-manual.pdf\" target=\"_blank\" rel=\"noopener\">Manual<\/a><\/p>\n\n\t\t<\/div>\n\t<\/div>\n<\/div><\/div><\/div><\/div>\n<\/div>","protected":false},"excerpt":{"rendered":"<p>Up &amp; Down ECO is, in our opinion, the smartest desk on the market. Not everyone wants an electrically adjustable desk. Therefore, we have also met that need by offering our customers a height-adjustable desk that is operated manually with a crank.<\/p>","protected":false},"featured_media":99727,"template":"","meta":{"iawp_total_views":9},"product_brand":[],"product_cat":[5787,5786,5788,6352,5785,5629],"product_tag":[5781,5782,5805,5806,5778,5779,5780],"class_list":{"0":"post-91737","1":"product","2":"type-product","3":"status-publish","4":"has-post-thumbnail","6":"product_cat-bord","7":"product_cat-skrivbord","8":"product_cat-hoj-sankbara-bord","9":"product_cat-up-down-eco","10":"product_cat-hemmakontor","11":"product_cat-kontorsmobler","12":"product_tag-skrivbord","13":"product_tag-elj-furniture","14":"product_tag-bord-med-vev","15":"product_tag-eco","16":"product_tag-hoj-och-sankbara-bord","17":"product_tag-hoj-sankbart","18":"product_tag-up-down","20":"first","21":"instock","22":"taxable","23":"shipping-taxable","24":"purchasable","25":"product-type-variable"},"yoast_head":"<!-- This site is optimized with the Yoast SEO plugin v27.0 - https:\/\/yoast.com\/product\/yoast-seo-wordpress\/ -->\n<title>ECO - H\u00f6j &amp; s\u00e4nkbart skrivbord med vev - Bjerring-Sales<\/title>\n<meta name=\"description\" content=\"Up &amp; Down ECO \u00e4r ett snyggt och prisv\u00e4rt skrivbord med vev, ett smart alternativ till elbord men med samma f\u00f6rdelar.\" \/>\n<meta name=\"robots\" content=\"index, follow, max-snippet:-1, max-image-preview:large, max-video-preview:-1\" \/>\n<link rel=\"canonical\" href=\"https:\/\/shop.bjerring-sales.dk\/en\/product\/hoj-sankbart-skrivbord-eco\/\" \/>\n<meta property=\"og:locale\" content=\"en_GB\" \/>\n<meta property=\"og:type\" content=\"article\" \/>\n<meta property=\"og:title\" content=\"ECO - H\u00f6j &amp; s\u00e4nkbart skrivbord med vev - Bjerring-Sales\" \/>\n<meta property=\"og:description\" content=\"Up &amp; Down ECO \u00e4r ett snyggt och prisv\u00e4rt skrivbord med vev, ett smart alternativ till elbord men med samma f\u00f6rdelar.\" \/>\n<meta property=\"og:url\" content=\"https:\/\/shop.bjerring-sales.dk\/en\/product\/hoj-sankbart-skrivbord-eco\/\" \/>\n<meta property=\"og:site_name\" content=\"Bjerring-Sales\" \/>\n<meta property=\"article:modified_time\" content=\"2026-04-15T12:21:22+00:00\" \/>\n<meta property=\"og:image\" content=\"https:\/\/shop.bjerring-sales.dk\/wp-content\/uploads\/2024\/10\/ECO_160x70_WhiteLegs_WhiteTop.jpg\" \/>\n\t<meta property=\"og:image:width\" content=\"800\" \/>\n\t<meta property=\"og:image:height\" content=\"800\" \/>\n\t<meta property=\"og:image:type\" content=\"image\/jpeg\" \/>\n<meta name=\"twitter:card\" content=\"summary_large_image\" \/>\n<meta name=\"twitter:label1\" content=\"Estimated reading time\" \/>\n\t<meta name=\"twitter:data1\" content=\"3 minutes\" \/>\n<script type=\"application\/ld+json\" class=\"yoast-schema-graph\">{\"@context\":\"https:\/\/schema.org\",\"@graph\":[{\"@type\":\"WebPage\",\"@id\":\"https:\/\/shop.bjerring-sales.dk\/product\/hoj-sankbart-skrivbord-eco\/\",\"url\":\"https:\/\/shop.bjerring-sales.dk\/product\/hoj-sankbart-skrivbord-eco\/\",\"name\":\"ECO - H\u00f6j &amp; s\u00e4nkbart skrivbord med vev - Bjerring-Sales\",\"isPartOf\":{\"@id\":\"https:\/\/shop.bjerring-sales.dk\/#website\"},\"primaryImageOfPage\":{\"@id\":\"https:\/\/shop.bjerring-sales.dk\/product\/hoj-sankbart-skrivbord-eco\/#primaryimage\"},\"image\":{\"@id\":\"https:\/\/shop.bjerring-sales.dk\/product\/hoj-sankbart-skrivbord-eco\/#primaryimage\"},\"thumbnailUrl\":\"https:\/\/shop.bjerring-sales.dk\/wp-content\/uploads\/2024\/10\/ECO_160x70_WhiteLegs_WhiteTop.jpg\",\"datePublished\":\"2022-07-01T09:00:05+00:00\",\"dateModified\":\"2026-04-15T12:21:22+00:00\",\"description\":\"Up & Down ECO \u00e4r ett snyggt och prisv\u00e4rt skrivbord med vev, ett smart alternativ till elbord men med samma f\u00f6rdelar.\",\"breadcrumb\":{\"@id\":\"https:\/\/shop.bjerring-sales.dk\/product\/hoj-sankbart-skrivbord-eco\/#breadcrumb\"},\"inLanguage\":\"en-GB\",\"potentialAction\":[{\"@type\":\"ReadAction\",\"target\":[\"https:\/\/shop.bjerring-sales.dk\/product\/hoj-sankbart-skrivbord-eco\/\"]}]},{\"@type\":\"ImageObject\",\"inLanguage\":\"en-GB\",\"@id\":\"https:\/\/shop.bjerring-sales.dk\/product\/hoj-sankbart-skrivbord-eco\/#primaryimage\",\"url\":\"https:\/\/shop.bjerring-sales.dk\/wp-content\/uploads\/2024\/10\/ECO_160x70_WhiteLegs_WhiteTop.jpg\",\"contentUrl\":\"https:\/\/shop.bjerring-sales.dk\/wp-content\/uploads\/2024\/10\/ECO_160x70_WhiteLegs_WhiteTop.jpg\",\"width\":800,\"height\":800},{\"@type\":\"BreadcrumbList\",\"@id\":\"https:\/\/shop.bjerring-sales.dk\/product\/hoj-sankbart-skrivbord-eco\/#breadcrumb\",\"itemListElement\":[{\"@type\":\"ListItem\",\"position\":1,\"name\":\"Hem\",\"item\":\"https:\/\/shop.bjerring-sales.dk\/\"},{\"@type\":\"ListItem\",\"position\":2,\"name\":\"Webbutik\",\"item\":\"https:\/\/shop.bjerring-sales.dk\/butik\/\"},{\"@type\":\"ListItem\",\"position\":3,\"name\":\"ECO &#8211; H\u00f6j &amp; s\u00e4nkbart skrivbord med vev\"}]},{\"@type\":\"WebSite\",\"@id\":\"https:\/\/shop.bjerring-sales.dk\/#website\",\"url\":\"https:\/\/shop.bjerring-sales.dk\/\",\"name\":\"Bjerring-Sales\",\"description\":\"M\u00f6bler f\u00f6r teatrar, skolor, kontor och k\u00f6pcentrum\",\"publisher\":{\"@id\":\"https:\/\/shop.bjerring-sales.dk\/#organization\"},\"potentialAction\":[{\"@type\":\"SearchAction\",\"target\":{\"@type\":\"EntryPoint\",\"urlTemplate\":\"https:\/\/shop.bjerring-sales.dk\/?s={search_term_string}\"},\"query-input\":{\"@type\":\"PropertyValueSpecification\",\"valueRequired\":true,\"valueName\":\"search_term_string\"}}],\"inLanguage\":\"en-GB\"},{\"@type\":\"Organization\",\"@id\":\"https:\/\/shop.bjerring-sales.dk\/#organization\",\"name\":\"Bjerring-Sales\",\"url\":\"https:\/\/shop.bjerring-sales.dk\/\",\"logo\":{\"@type\":\"ImageObject\",\"inLanguage\":\"en-GB\",\"@id\":\"https:\/\/shop.bjerring-sales.dk\/#\/schema\/logo\/image\/\",\"url\":\"https:\/\/shop.bjerring-sales.dk\/wp-content\/uploads\/2023\/01\/logo_sv.png\",\"contentUrl\":\"https:\/\/shop.bjerring-sales.dk\/wp-content\/uploads\/2023\/01\/logo_sv.png\",\"width\":195,\"height\":68,\"caption\":\"Bjerring-Sales\"},\"image\":{\"@id\":\"https:\/\/shop.bjerring-sales.dk\/#\/schema\/logo\/image\/\"}}]}<\/script>\n<!-- \/ Yoast SEO plugin. -->","yoast_head_json":{"title":"ECO - Height-adjustable desk with crank - Bjerring-Sales","description":"Up &amp; Down ECO is a stylish and affordable desk with a crank, a smart alternative to electric desks but with the same advantages.","robots":{"index":"index","follow":"follow","max-snippet":"max-snippet:-1","max-image-preview":"max-image-preview:large","max-video-preview":"max-video-preview:-1"},"canonical":"https:\/\/shop.bjerring-sales.dk\/en\/product\/hoj-sankbart-skrivbord-eco\/","og_locale":"en_GB","og_type":"article","og_title":"ECO - H\u00f6j &amp; s\u00e4nkbart skrivbord med vev - Bjerring-Sales","og_description":"Up & Down ECO \u00e4r ett snyggt och prisv\u00e4rt skrivbord med vev, ett smart alternativ till elbord men med samma f\u00f6rdelar.","og_url":"https:\/\/shop.bjerring-sales.dk\/en\/product\/hoj-sankbart-skrivbord-eco\/","og_site_name":"Bjerring-Sales","article_modified_time":"2026-04-15T12:21:22+00:00","og_image":[{"width":800,"height":800,"url":"https:\/\/shop.bjerring-sales.dk\/wp-content\/uploads\/2024\/10\/ECO_160x70_WhiteLegs_WhiteTop.jpg","type":"image\/jpeg"}],"twitter_card":"summary_large_image","twitter_misc":{"Estimated reading time":"3 minutes"},"schema":{"@context":"https:\/\/schema.org","@graph":[{"@type":"WebPage","@id":"https:\/\/shop.bjerring-sales.dk\/product\/hoj-sankbart-skrivbord-eco\/","url":"https:\/\/shop.bjerring-sales.dk\/product\/hoj-sankbart-skrivbord-eco\/","name":"ECO - Height-adjustable desk with crank - Bjerring-Sales","isPartOf":{"@id":"https:\/\/shop.bjerring-sales.dk\/#website"},"primaryImageOfPage":{"@id":"https:\/\/shop.bjerring-sales.dk\/product\/hoj-sankbart-skrivbord-eco\/#primaryimage"},"image":{"@id":"https:\/\/shop.bjerring-sales.dk\/product\/hoj-sankbart-skrivbord-eco\/#primaryimage"},"thumbnailUrl":"https:\/\/shop.bjerring-sales.dk\/wp-content\/uploads\/2024\/10\/ECO_160x70_WhiteLegs_WhiteTop.jpg","datePublished":"2022-07-01T09:00:05+00:00","dateModified":"2026-04-15T12:21:22+00:00","description":"Up &amp; Down ECO is a stylish and affordable desk with a crank, a smart alternative to electric desks but with the same advantages.","breadcrumb":{"@id":"https:\/\/shop.bjerring-sales.dk\/product\/hoj-sankbart-skrivbord-eco\/#breadcrumb"},"inLanguage":"en-GB","potentialAction":[{"@type":"ReadAction","target":["https:\/\/shop.bjerring-sales.dk\/product\/hoj-sankbart-skrivbord-eco\/"]}]},{"@type":"ImageObject","inLanguage":"en-GB","@id":"https:\/\/shop.bjerring-sales.dk\/product\/hoj-sankbart-skrivbord-eco\/#primaryimage","url":"https:\/\/shop.bjerring-sales.dk\/wp-content\/uploads\/2024\/10\/ECO_160x70_WhiteLegs_WhiteTop.jpg","contentUrl":"https:\/\/shop.bjerring-sales.dk\/wp-content\/uploads\/2024\/10\/ECO_160x70_WhiteLegs_WhiteTop.jpg","width":800,"height":800},{"@type":"BreadcrumbList","@id":"https:\/\/shop.bjerring-sales.dk\/product\/hoj-sankbart-skrivbord-eco\/#breadcrumb","itemListElement":[{"@type":"ListItem","position":1,"name":"Hem","item":"https:\/\/shop.bjerring-sales.dk\/"},{"@type":"ListItem","position":2,"name":"Webbutik","item":"https:\/\/shop.bjerring-sales.dk\/butik\/"},{"@type":"ListItem","position":3,"name":"ECO &#8211; H\u00f6j &amp; s\u00e4nkbart skrivbord med vev"}]},{"@type":"WebSite","@id":"https:\/\/shop.bjerring-sales.dk\/#website","url":"https:\/\/shop.bjerring-sales.dk\/","name":"Bjerring Sales","description":"Furniture for theatres, schools, offices and shopping centres","publisher":{"@id":"https:\/\/shop.bjerring-sales.dk\/#organization"},"potentialAction":[{"@type":"SearchAction","target":{"@type":"EntryPoint","urlTemplate":"https:\/\/shop.bjerring-sales.dk\/?s={search_term_string}"},"query-input":{"@type":"PropertyValueSpecification","valueRequired":true,"valueName":"search_term_string"}}],"inLanguage":"en-GB"},{"@type":"Organization","@id":"https:\/\/shop.bjerring-sales.dk\/#organization","name":"Bjerring Sales","url":"https:\/\/shop.bjerring-sales.dk\/","logo":{"@type":"ImageObject","inLanguage":"en-GB","@id":"https:\/\/shop.bjerring-sales.dk\/#\/schema\/logo\/image\/","url":"https:\/\/shop.bjerring-sales.dk\/wp-content\/uploads\/2023\/01\/logo_sv.png","contentUrl":"https:\/\/shop.bjerring-sales.dk\/wp-content\/uploads\/2023\/01\/logo_sv.png","width":195,"height":68,"caption":"Bjerring-Sales"},"image":{"@id":"https:\/\/shop.bjerring-sales.dk\/#\/schema\/logo\/image\/"}}]}},"_links":{"self":[{"href":"https:\/\/shop.bjerring-sales.dk\/en\/wp-json\/wp\/v2\/product\/91737","targetHints":{"allow":["GET"]}}],"collection":[{"href":"https:\/\/shop.bjerring-sales.dk\/en\/wp-json\/wp\/v2\/product"}],"about":[{"href":"https:\/\/shop.bjerring-sales.dk\/en\/wp-json\/wp\/v2\/types\/product"}],"wp:featuredmedia":[{"embeddable":true,"href":"https:\/\/shop.bjerring-sales.dk\/en\/wp-json\/wp\/v2\/media\/99727"}],"wp:attachment":[{"href":"https:\/\/shop.bjerring-sales.dk\/en\/wp-json\/wp\/v2\/media?parent=91737"}],"wp:term":[{"taxonomy":"product_brand","embeddable":true,"href":"https:\/\/shop.bjerring-sales.dk\/en\/wp-json\/wp\/v2\/product_brand?post=91737"},{"taxonomy":"product_cat","embeddable":true,"href":"https:\/\/shop.bjerring-sales.dk\/en\/wp-json\/wp\/v2\/product_cat?post=91737"},{"taxonomy":"product_tag","embeddable":true,"href":"https:\/\/shop.bjerring-sales.dk\/en\/wp-json\/wp\/v2\/product_tag?post=91737"}],"curies":[{"name":"wp","href":"https:\/\/api.w.org\/{rel}","templated":true}]}}