{"id":91562,"date":"2023-01-24T16:36:48","date_gmt":"2023-01-24T15:36:48","guid":{"rendered":"https:\/\/pule.se\/produkt\/ramp-till-scen-med-skyddsracke\/"},"modified":"2023-02-11T00:37:19","modified_gmt":"2023-02-10T23:37:19","slug":"ramp-till-scen-med-skyddsracke","status":"publish","type":"product","link":"https:\/\/shop.bjerring-sales.dk\/en\/product\/ramp-till-scen-med-skyddsracke\/","title":{"rendered":"Ramp to stage with guard rail"},"content":{"rendered":"<div class=\"wpb-content-wrapper\"><div class=\"vc_row wpb_row vc_row-fluid\"><div class=\"wpb_column vc_column_container vc_col-sm-12\"><div class=\"vc_column-inner\"><div class=\"wpb_wrapper\">\n\t<div class=\"wpb_text_column wpb_content_element\" >\n\t\t<div class=\"wpb_wrapper\">\n\t\t\t<p><span style=\"font-size: 24pt;\">A folding ramp with protective railing for the stage<br \/>\n<\/span>A functional ramp covered in gray carpet suitable for a collapsible stage. The ramp is foldable and equipped with a guardrail. Excellent for occasions where it should be easy to enter the stage such as performances, buffets and trainings. The ramp makes it easier for wheelchair users.<\/p>\n<ul>\n<li>Dressed in gray felt rug<\/li>\n<li>The frame is hammered<\/li>\n<\/ul>\n\n\t\t<\/div>\n\t<\/div>\n<\/div><\/div><\/div><\/div><div class=\"vc_row wpb_row vc_row-fluid\"><div class=\"wpb_column vc_column_container vc_col-sm-3\"><div class=\"vc_column-inner\"><div class=\"wpb_wrapper\">\n\t<div  class=\"wpb_single_image wpb_content_element vc_align_center\">\n\t\t\n\t\t<figure class=\"wpb_wrapper vc_figure\">\n\t\t\t<div class=\"vc_single_image-wrapper vc_box_shadow_border  vc_box_border_grey\"><img loading=\"lazy\" decoding=\"async\" width=\"800\" height=\"550\" src=\"https:\/\/shop.bjerring-sales.dk\/wp-content\/uploads\/2023\/01\/ramp-scen01.jpg\" class=\"vc_single_image-img attachment-full\" alt=\"\" title=\"ramp scene01\" srcset=\"https:\/\/shop.bjerring-sales.dk\/wp-content\/uploads\/2023\/01\/ramp-scen01.jpg 800w, https:\/\/shop.bjerring-sales.dk\/wp-content\/uploads\/2023\/01\/ramp-scen01-150x103.jpg 150w, https:\/\/shop.bjerring-sales.dk\/wp-content\/uploads\/2023\/01\/ramp-scen01-600x413.jpg 600w, https:\/\/shop.bjerring-sales.dk\/wp-content\/uploads\/2023\/01\/ramp-scen01-300x206.jpg 300w, https:\/\/shop.bjerring-sales.dk\/wp-content\/uploads\/2023\/01\/ramp-scen01-768x528.jpg 768w\" sizes=\"auto, (max-width: 800px) 100vw, 800px\" \/><\/div>\n\t\t<\/figure>\n\t<\/div>\n<\/div><\/div><\/div><div class=\"wpb_column vc_column_container vc_col-sm-3\"><div class=\"vc_column-inner\"><div class=\"wpb_wrapper\">\n\t<div  class=\"wpb_single_image wpb_content_element vc_align_center\">\n\t\t\n\t\t<figure class=\"wpb_wrapper vc_figure\">\n\t\t\t<div class=\"vc_single_image-wrapper vc_box_shadow_border  vc_box_border_grey\"><img loading=\"lazy\" decoding=\"async\" width=\"800\" height=\"550\" src=\"https:\/\/shop.bjerring-sales.dk\/wp-content\/uploads\/2023\/01\/ramp-scen02.jpg\" class=\"vc_single_image-img attachment-full\" alt=\"\" title=\"ramp scene02\" srcset=\"https:\/\/shop.bjerring-sales.dk\/wp-content\/uploads\/2023\/01\/ramp-scen02.jpg 800w, https:\/\/shop.bjerring-sales.dk\/wp-content\/uploads\/2023\/01\/ramp-scen02-150x103.jpg 150w, https:\/\/shop.bjerring-sales.dk\/wp-content\/uploads\/2023\/01\/ramp-scen02-600x413.jpg 600w, https:\/\/shop.bjerring-sales.dk\/wp-content\/uploads\/2023\/01\/ramp-scen02-300x206.jpg 300w, https:\/\/shop.bjerring-sales.dk\/wp-content\/uploads\/2023\/01\/ramp-scen02-768x528.jpg 768w\" sizes=\"auto, (max-width: 800px) 100vw, 800px\" \/><\/div>\n\t\t<\/figure>\n\t<\/div>\n<\/div><\/div><\/div><div class=\"wpb_column vc_column_container vc_col-sm-3\"><div class=\"vc_column-inner\"><div class=\"wpb_wrapper\">\n\t<div  class=\"wpb_single_image wpb_content_element vc_align_center\">\n\t\t\n\t\t<figure class=\"wpb_wrapper vc_figure\">\n\t\t\t<div class=\"vc_single_image-wrapper vc_box_shadow_border  vc_box_border_grey\"><img loading=\"lazy\" decoding=\"async\" width=\"800\" height=\"550\" src=\"https:\/\/shop.bjerring-sales.dk\/wp-content\/uploads\/2023\/01\/ramp-scen03.jpg\" class=\"vc_single_image-img attachment-full\" alt=\"\" title=\"ramp scene03\" srcset=\"https:\/\/shop.bjerring-sales.dk\/wp-content\/uploads\/2023\/01\/ramp-scen03.jpg 800w, https:\/\/shop.bjerring-sales.dk\/wp-content\/uploads\/2023\/01\/ramp-scen03-150x103.jpg 150w, https:\/\/shop.bjerring-sales.dk\/wp-content\/uploads\/2023\/01\/ramp-scen03-600x413.jpg 600w, https:\/\/shop.bjerring-sales.dk\/wp-content\/uploads\/2023\/01\/ramp-scen03-300x206.jpg 300w, https:\/\/shop.bjerring-sales.dk\/wp-content\/uploads\/2023\/01\/ramp-scen03-768x528.jpg 768w\" sizes=\"auto, (max-width: 800px) 100vw, 800px\" \/><\/div>\n\t\t<\/figure>\n\t<\/div>\n<\/div><\/div><\/div><div class=\"wpb_column vc_column_container vc_col-sm-3\"><div class=\"vc_column-inner\"><div class=\"wpb_wrapper\">\n\t<div  class=\"wpb_single_image wpb_content_element vc_align_center\">\n\t\t\n\t\t<figure class=\"wpb_wrapper vc_figure\">\n\t\t\t<div class=\"vc_single_image-wrapper vc_box_shadow_border  vc_box_border_grey\"><img loading=\"lazy\" decoding=\"async\" width=\"800\" height=\"550\" src=\"https:\/\/shop.bjerring-sales.dk\/wp-content\/uploads\/2023\/01\/ramp-scen04.jpg\" class=\"vc_single_image-img attachment-full\" alt=\"\" title=\"ramp scene04\" srcset=\"https:\/\/shop.bjerring-sales.dk\/wp-content\/uploads\/2023\/01\/ramp-scen04.jpg 800w, https:\/\/shop.bjerring-sales.dk\/wp-content\/uploads\/2023\/01\/ramp-scen04-150x103.jpg 150w, https:\/\/shop.bjerring-sales.dk\/wp-content\/uploads\/2023\/01\/ramp-scen04-600x413.jpg 600w, https:\/\/shop.bjerring-sales.dk\/wp-content\/uploads\/2023\/01\/ramp-scen04-300x206.jpg 300w, https:\/\/shop.bjerring-sales.dk\/wp-content\/uploads\/2023\/01\/ramp-scen04-768x528.jpg 768w\" sizes=\"auto, (max-width: 800px) 100vw, 800px\" \/><\/div>\n\t\t<\/figure>\n\t<\/div>\n<\/div><\/div><\/div><\/div>\n<\/div>","protected":false},"excerpt":{"rendered":"<p>A functional ramp covered in gray carpet suitable for a collapsible stage. The ramp is foldable and equipped with a guardrail. Excellent for occasions where it should be easy to enter the scene. The ramp makes it easier for wheelchair users.<\/p>","protected":false},"featured_media":91563,"template":"","meta":{"iawp_total_views":6},"product_brand":[],"product_cat":[5937],"product_tag":[6208,6370],"class_list":{"0":"post-91562","1":"product","2":"type-product","3":"status-publish","4":"has-post-thumbnail","6":"product_cat-fallbara-scener","7":"product_tag-ramp-till-scen","8":"product_tag-ramp-med-skyddsracke","10":"first","11":"instock","12":"taxable","13":"shipping-taxable","14":"purchasable","15":"product-type-simple"},"yoast_head":"<!-- This site is optimized with the Yoast SEO plugin v27.0 - https:\/\/yoast.com\/product\/yoast-seo-wordpress\/ -->\n<title>Ramp till scen med skyddsr\u00e4cke - Bjerring-Sales<\/title>\n<meta name=\"description\" content=\"En f\u00e4llbar ramp med skyddsr\u00e4cke till scen. En funktionell ramp kl\u00e4dd i gr\u00e5 matta passande till f\u00e4llbar scen. Rampen \u00e4r f\u00e4llbar och utrustad med skyddsr\u00e4cke.\" \/>\n<meta name=\"robots\" content=\"index, follow, max-snippet:-1, max-image-preview:large, max-video-preview:-1\" \/>\n<link rel=\"canonical\" href=\"https:\/\/shop.bjerring-sales.dk\/en\/product\/ramp-till-scen-med-skyddsracke\/\" \/>\n<meta property=\"og:locale\" content=\"en_GB\" \/>\n<meta property=\"og:type\" content=\"article\" \/>\n<meta property=\"og:title\" content=\"Ramp till scen med skyddsr\u00e4cke\" \/>\n<meta property=\"og:description\" content=\"En f\u00e4llbar ramp med skyddsr\u00e4cke till scen. En funktionell ramp kl\u00e4dd i gr\u00e5 matta passande till f\u00e4llbar scen. Rampen \u00e4r f\u00e4llbar och utrustad med skyddsr\u00e4cke.\" \/>\n<meta property=\"og:url\" content=\"https:\/\/shop.bjerring-sales.dk\/en\/product\/ramp-till-scen-med-skyddsracke\/\" \/>\n<meta property=\"og:site_name\" content=\"Bjerring-Sales\" \/>\n<meta property=\"article:modified_time\" content=\"2023-02-10T23:37:19+00:00\" \/>\n<meta property=\"og:image\" content=\"https:\/\/pule.se\/wp-content\/uploads\/2023\/01\/ramp-scen01.jpg\" \/>\n\t<meta property=\"og:image:width\" content=\"800\" \/>\n\t<meta property=\"og:image:height\" content=\"550\" \/>\n\t<meta property=\"og:image:type\" content=\"image\/jpeg\" \/>\n<meta name=\"twitter:card\" content=\"summary_large_image\" \/>\n<meta name=\"twitter:title\" content=\"Ramp till scen med skyddsr\u00e4cke\" \/>\n<meta name=\"twitter:description\" content=\"En f\u00e4llbar ramp med skyddsr\u00e4cke till scen. En funktionell ramp kl\u00e4dd i gr\u00e5 matta passande till f\u00e4llbar scen. Rampen \u00e4r f\u00e4llbar och utrustad med skyddsr\u00e4cke.\" \/>\n<meta name=\"twitter:image\" content=\"https:\/\/shop.bjerring-sales.dk\/wp-content\/uploads\/2023\/01\/ramp-scen01.jpg\" \/>\n<meta name=\"twitter:label1\" content=\"Estimated reading time\" \/>\n\t<meta name=\"twitter:data1\" content=\"1 minute\" \/>\n<script type=\"application\/ld+json\" class=\"yoast-schema-graph\">{\"@context\":\"https:\/\/schema.org\",\"@graph\":[{\"@type\":\"WebPage\",\"@id\":\"https:\/\/shop.bjerring-sales.dk\/sv\/produkt\/ramp-till-scen-med-skyddsracke\/\",\"url\":\"https:\/\/shop.bjerring-sales.dk\/sv\/produkt\/ramp-till-scen-med-skyddsracke\/\",\"name\":\"Ramp till scen med skyddsr\u00e4cke - Bjerring-Sales\",\"isPartOf\":{\"@id\":\"https:\/\/shop.bjerring-sales.dk\/#website\"},\"primaryImageOfPage\":{\"@id\":\"https:\/\/shop.bjerring-sales.dk\/sv\/produkt\/ramp-till-scen-med-skyddsracke\/#primaryimage\"},\"image\":{\"@id\":\"https:\/\/shop.bjerring-sales.dk\/sv\/produkt\/ramp-till-scen-med-skyddsracke\/#primaryimage\"},\"thumbnailUrl\":\"https:\/\/shop.bjerring-sales.dk\/wp-content\/uploads\/2023\/01\/6.jpg\",\"datePublished\":\"2023-01-24T15:36:48+00:00\",\"dateModified\":\"2023-02-10T23:37:19+00:00\",\"description\":\"En f\u00e4llbar ramp med skyddsr\u00e4cke till scen. En funktionell ramp kl\u00e4dd i gr\u00e5 matta passande till f\u00e4llbar scen. Rampen \u00e4r f\u00e4llbar och utrustad med skyddsr\u00e4cke.\",\"breadcrumb\":{\"@id\":\"https:\/\/shop.bjerring-sales.dk\/sv\/produkt\/ramp-till-scen-med-skyddsracke\/#breadcrumb\"},\"inLanguage\":\"en-GB\",\"potentialAction\":[{\"@type\":\"ReadAction\",\"target\":[\"https:\/\/shop.bjerring-sales.dk\/sv\/produkt\/ramp-till-scen-med-skyddsracke\/\"]}]},{\"@type\":\"ImageObject\",\"inLanguage\":\"en-GB\",\"@id\":\"https:\/\/shop.bjerring-sales.dk\/sv\/produkt\/ramp-till-scen-med-skyddsracke\/#primaryimage\",\"url\":\"https:\/\/shop.bjerring-sales.dk\/wp-content\/uploads\/2023\/01\/6.jpg\",\"contentUrl\":\"https:\/\/shop.bjerring-sales.dk\/wp-content\/uploads\/2023\/01\/6.jpg\",\"width\":800,\"height\":800},{\"@type\":\"BreadcrumbList\",\"@id\":\"https:\/\/shop.bjerring-sales.dk\/sv\/produkt\/ramp-till-scen-med-skyddsracke\/#breadcrumb\",\"itemListElement\":[{\"@type\":\"ListItem\",\"position\":1,\"name\":\"Hem\",\"item\":\"https:\/\/shop.bjerring-sales.dk\/\"},{\"@type\":\"ListItem\",\"position\":2,\"name\":\"Webbutik\",\"item\":\"https:\/\/shop.bjerring-sales.dk\/butik\/\"},{\"@type\":\"ListItem\",\"position\":3,\"name\":\"Ramp till scen med skyddsr\u00e4cke\"}]},{\"@type\":\"WebSite\",\"@id\":\"https:\/\/shop.bjerring-sales.dk\/#website\",\"url\":\"https:\/\/shop.bjerring-sales.dk\/\",\"name\":\"Bjerring-Sales\",\"description\":\"M\u00f6bler f\u00f6r teatrar, skolor, kontor och k\u00f6pcentrum\",\"publisher\":{\"@id\":\"https:\/\/shop.bjerring-sales.dk\/#organization\"},\"potentialAction\":[{\"@type\":\"SearchAction\",\"target\":{\"@type\":\"EntryPoint\",\"urlTemplate\":\"https:\/\/shop.bjerring-sales.dk\/?s={search_term_string}\"},\"query-input\":{\"@type\":\"PropertyValueSpecification\",\"valueRequired\":true,\"valueName\":\"search_term_string\"}}],\"inLanguage\":\"en-GB\"},{\"@type\":\"Organization\",\"@id\":\"https:\/\/shop.bjerring-sales.dk\/#organization\",\"name\":\"Bjerring-Sales\",\"url\":\"https:\/\/shop.bjerring-sales.dk\/\",\"logo\":{\"@type\":\"ImageObject\",\"inLanguage\":\"en-GB\",\"@id\":\"https:\/\/shop.bjerring-sales.dk\/#\/schema\/logo\/image\/\",\"url\":\"https:\/\/shop.bjerring-sales.dk\/wp-content\/uploads\/2023\/01\/logo_sv.png\",\"contentUrl\":\"https:\/\/shop.bjerring-sales.dk\/wp-content\/uploads\/2023\/01\/logo_sv.png\",\"width\":195,\"height\":68,\"caption\":\"Bjerring-Sales\"},\"image\":{\"@id\":\"https:\/\/shop.bjerring-sales.dk\/#\/schema\/logo\/image\/\"}}]}<\/script>\n<!-- \/ Yoast SEO plugin. -->","yoast_head_json":{"title":"Ramp till scen med skyddsr\u00e4cke - Bjerring-Sales","description":"En f\u00e4llbar ramp med skyddsr\u00e4cke till scen. En funktionell ramp kl\u00e4dd i gr\u00e5 matta passande till f\u00e4llbar scen. Rampen \u00e4r f\u00e4llbar och utrustad med skyddsr\u00e4cke.","robots":{"index":"index","follow":"follow","max-snippet":"max-snippet:-1","max-image-preview":"max-image-preview:large","max-video-preview":"max-video-preview:-1"},"canonical":"https:\/\/shop.bjerring-sales.dk\/en\/product\/ramp-till-scen-med-skyddsracke\/","og_locale":"en_GB","og_type":"article","og_title":"Ramp till scen med skyddsr\u00e4cke","og_description":"En f\u00e4llbar ramp med skyddsr\u00e4cke till scen. En funktionell ramp kl\u00e4dd i gr\u00e5 matta passande till f\u00e4llbar scen. Rampen \u00e4r f\u00e4llbar och utrustad med skyddsr\u00e4cke.","og_url":"https:\/\/shop.bjerring-sales.dk\/en\/product\/ramp-till-scen-med-skyddsracke\/","og_site_name":"Bjerring-Sales","article_modified_time":"2023-02-10T23:37:19+00:00","og_image":[{"width":800,"height":550,"url":"https:\/\/pule.se\/wp-content\/uploads\/2023\/01\/ramp-scen01.jpg","type":"image\/jpeg"}],"twitter_card":"summary_large_image","twitter_title":"Ramp till scen med skyddsr\u00e4cke","twitter_description":"En f\u00e4llbar ramp med skyddsr\u00e4cke till scen. En funktionell ramp kl\u00e4dd i gr\u00e5 matta passande till f\u00e4llbar scen. Rampen \u00e4r f\u00e4llbar och utrustad med skyddsr\u00e4cke.","twitter_image":"https:\/\/shop.bjerring-sales.dk\/wp-content\/uploads\/2023\/01\/ramp-scen01.jpg","twitter_misc":{"Estimated reading time":"1 minute"},"schema":{"@context":"https:\/\/schema.org","@graph":[{"@type":"WebPage","@id":"https:\/\/shop.bjerring-sales.dk\/sv\/produkt\/ramp-till-scen-med-skyddsracke\/","url":"https:\/\/shop.bjerring-sales.dk\/sv\/produkt\/ramp-till-scen-med-skyddsracke\/","name":"Ramp till scen med skyddsr\u00e4cke - Bjerring-Sales","isPartOf":{"@id":"https:\/\/shop.bjerring-sales.dk\/#website"},"primaryImageOfPage":{"@id":"https:\/\/shop.bjerring-sales.dk\/sv\/produkt\/ramp-till-scen-med-skyddsracke\/#primaryimage"},"image":{"@id":"https:\/\/shop.bjerring-sales.dk\/sv\/produkt\/ramp-till-scen-med-skyddsracke\/#primaryimage"},"thumbnailUrl":"https:\/\/shop.bjerring-sales.dk\/wp-content\/uploads\/2023\/01\/6.jpg","datePublished":"2023-01-24T15:36:48+00:00","dateModified":"2023-02-10T23:37:19+00:00","description":"En f\u00e4llbar ramp med skyddsr\u00e4cke till scen. En funktionell ramp kl\u00e4dd i gr\u00e5 matta passande till f\u00e4llbar scen. Rampen \u00e4r f\u00e4llbar och utrustad med skyddsr\u00e4cke.","breadcrumb":{"@id":"https:\/\/shop.bjerring-sales.dk\/sv\/produkt\/ramp-till-scen-med-skyddsracke\/#breadcrumb"},"inLanguage":"en-GB","potentialAction":[{"@type":"ReadAction","target":["https:\/\/shop.bjerring-sales.dk\/sv\/produkt\/ramp-till-scen-med-skyddsracke\/"]}]},{"@type":"ImageObject","inLanguage":"en-GB","@id":"https:\/\/shop.bjerring-sales.dk\/sv\/produkt\/ramp-till-scen-med-skyddsracke\/#primaryimage","url":"https:\/\/shop.bjerring-sales.dk\/wp-content\/uploads\/2023\/01\/6.jpg","contentUrl":"https:\/\/shop.bjerring-sales.dk\/wp-content\/uploads\/2023\/01\/6.jpg","width":800,"height":800},{"@type":"BreadcrumbList","@id":"https:\/\/shop.bjerring-sales.dk\/sv\/produkt\/ramp-till-scen-med-skyddsracke\/#breadcrumb","itemListElement":[{"@type":"ListItem","position":1,"name":"Hem","item":"https:\/\/shop.bjerring-sales.dk\/"},{"@type":"ListItem","position":2,"name":"Webbutik","item":"https:\/\/shop.bjerring-sales.dk\/butik\/"},{"@type":"ListItem","position":3,"name":"Ramp till scen med skyddsr\u00e4cke"}]},{"@type":"WebSite","@id":"https:\/\/shop.bjerring-sales.dk\/#website","url":"https:\/\/shop.bjerring-sales.dk\/","name":"Bjerring Sales","description":"Furniture for theatres, schools, offices and shopping centres","publisher":{"@id":"https:\/\/shop.bjerring-sales.dk\/#organization"},"potentialAction":[{"@type":"SearchAction","target":{"@type":"EntryPoint","urlTemplate":"https:\/\/shop.bjerring-sales.dk\/?s={search_term_string}"},"query-input":{"@type":"PropertyValueSpecification","valueRequired":true,"valueName":"search_term_string"}}],"inLanguage":"en-GB"},{"@type":"Organization","@id":"https:\/\/shop.bjerring-sales.dk\/#organization","name":"Bjerring Sales","url":"https:\/\/shop.bjerring-sales.dk\/","logo":{"@type":"ImageObject","inLanguage":"en-GB","@id":"https:\/\/shop.bjerring-sales.dk\/#\/schema\/logo\/image\/","url":"https:\/\/shop.bjerring-sales.dk\/wp-content\/uploads\/2023\/01\/logo_sv.png","contentUrl":"https:\/\/shop.bjerring-sales.dk\/wp-content\/uploads\/2023\/01\/logo_sv.png","width":195,"height":68,"caption":"Bjerring-Sales"},"image":{"@id":"https:\/\/shop.bjerring-sales.dk\/#\/schema\/logo\/image\/"}}]}},"_links":{"self":[{"href":"https:\/\/shop.bjerring-sales.dk\/en\/wp-json\/wp\/v2\/product\/91562","targetHints":{"allow":["GET"]}}],"collection":[{"href":"https:\/\/shop.bjerring-sales.dk\/en\/wp-json\/wp\/v2\/product"}],"about":[{"href":"https:\/\/shop.bjerring-sales.dk\/en\/wp-json\/wp\/v2\/types\/product"}],"wp:featuredmedia":[{"embeddable":true,"href":"https:\/\/shop.bjerring-sales.dk\/en\/wp-json\/wp\/v2\/media\/91563"}],"wp:attachment":[{"href":"https:\/\/shop.bjerring-sales.dk\/en\/wp-json\/wp\/v2\/media?parent=91562"}],"wp:term":[{"taxonomy":"product_brand","embeddable":true,"href":"https:\/\/shop.bjerring-sales.dk\/en\/wp-json\/wp\/v2\/product_brand?post=91562"},{"taxonomy":"product_cat","embeddable":true,"href":"https:\/\/shop.bjerring-sales.dk\/en\/wp-json\/wp\/v2\/product_cat?post=91562"},{"taxonomy":"product_tag","embeddable":true,"href":"https:\/\/shop.bjerring-sales.dk\/en\/wp-json\/wp\/v2\/product_tag?post=91562"}],"curies":[{"name":"wp","href":"https:\/\/api.w.org\/{rel}","templated":true}]}}