{"id":91500,"date":"2020-10-29T14:49:00","date_gmt":"2020-10-29T13:49:00","guid":{"rendered":"https:\/\/pule.se\/produkt\/everyis1-modern-kontorsstol-mesh-2\/"},"modified":"2025-10-08T14:43:35","modified_gmt":"2025-10-08T12:43:35","slug":"everyis1-modern-kontorsstol-mesh","status":"publish","type":"product","link":"https:\/\/shop.bjerring-sales.dk\/en\/product\/everyis1-modern-kontorsstol-mesh\/","title":{"rendered":"EVERYis1 - Modern office chair in mesh"},"content":{"rendered":"<div class=\"wpb-content-wrapper\"><div class=\"vc_row wpb_row vc_row-fluid\"><div class=\"wpb_column vc_column_container vc_col-sm-12\"><div class=\"vc_column-inner\"><div class=\"wpb_wrapper\">\n\t<div class=\"wpb_text_column wpb_content_element\" >\n\t\t<div class=\"wpb_wrapper\">\n\t\t\t<p style=\"text-align: left\"><span style=\"font-size: 24pt\">EVERYis1 - An office chair for the modern office<br \/>\n<\/span>EVERYis1 is a stylish and modern office chair that adapts to the user instead of the user having to adapt to the chair. To be an office chair, it is easy to get to know and use in every sense. The tension of the backrest is automatically adapted to different body weights thanks to its newly developed autolift synchronous mechanism. EVERYis1 is designed by Sven von Boetticher who is a German product designer and founder of the design company ID AID.<\/p>\n\n\t\t<\/div>\n\t<\/div>\n<\/div><\/div><\/div><\/div><div class=\"vc_row wpb_row vc_row-fluid\"><div class=\"wpb_column vc_column_container vc_col-sm-6\"><div class=\"vc_column-inner\"><div class=\"wpb_wrapper\">\n\t<div  class=\"wpb_single_image wpb_content_element vc_align_center\">\n\t\t\n\t\t<figure class=\"wpb_wrapper vc_figure\">\n\t\t\t<div class=\"vc_single_image-wrapper vc_box_shadow_border  vc_box_border_grey\"><img loading=\"lazy\" decoding=\"async\" width=\"800\" height=\"550\" src=\"https:\/\/shop.bjerring-sales.dk\/wp-content\/uploads\/2020\/10\/everyis1mesh.jpg\" class=\"vc_single_image-img attachment-full\" alt=\"\" title=\"everyis1mesh\" srcset=\"https:\/\/shop.bjerring-sales.dk\/wp-content\/uploads\/2020\/10\/everyis1mesh.jpg 800w, https:\/\/shop.bjerring-sales.dk\/wp-content\/uploads\/2020\/10\/everyis1mesh-150x103.jpg 150w, https:\/\/shop.bjerring-sales.dk\/wp-content\/uploads\/2020\/10\/everyis1mesh-600x413.jpg 600w, https:\/\/shop.bjerring-sales.dk\/wp-content\/uploads\/2020\/10\/everyis1mesh-300x206.jpg 300w, https:\/\/shop.bjerring-sales.dk\/wp-content\/uploads\/2020\/10\/everyis1mesh-768x528.jpg 768w, https:\/\/shop.bjerring-sales.dk\/wp-content\/uploads\/2020\/10\/everyis1mesh-18x12.jpg 18w\" sizes=\"auto, (max-width: 800px) 100vw, 800px\" \/><\/div>\n\t\t<\/figure>\n\t<\/div>\n<\/div><\/div><\/div><div class=\"wpb_column vc_column_container vc_col-sm-6\"><div class=\"vc_column-inner\"><div class=\"wpb_wrapper\">\n\t<div  class=\"wpb_single_image wpb_content_element vc_align_center\">\n\t\t\n\t\t<figure class=\"wpb_wrapper vc_figure\">\n\t\t\t<div class=\"vc_single_image-wrapper vc_box_shadow_border  vc_box_border_grey\"><img loading=\"lazy\" decoding=\"async\" width=\"800\" height=\"550\" src=\"https:\/\/shop.bjerring-sales.dk\/wp-content\/uploads\/2020\/10\/every1isnyhet3.jpg\" class=\"vc_single_image-img attachment-full\" alt=\"\" title=\"every1isnew3\" srcset=\"https:\/\/shop.bjerring-sales.dk\/wp-content\/uploads\/2020\/10\/every1isnyhet3.jpg 800w, https:\/\/shop.bjerring-sales.dk\/wp-content\/uploads\/2020\/10\/every1isnyhet3-150x103.jpg 150w, https:\/\/shop.bjerring-sales.dk\/wp-content\/uploads\/2020\/10\/every1isnyhet3-600x413.jpg 600w, https:\/\/shop.bjerring-sales.dk\/wp-content\/uploads\/2020\/10\/every1isnyhet3-300x206.jpg 300w, https:\/\/shop.bjerring-sales.dk\/wp-content\/uploads\/2020\/10\/every1isnyhet3-768x528.jpg 768w\" sizes=\"auto, (max-width: 800px) 100vw, 800px\" \/><\/div>\n\t\t<\/figure>\n\t<\/div>\n<\/div><\/div><\/div><\/div><div class=\"vc_row wpb_row vc_row-fluid\"><div class=\"wpb_column vc_column_container vc_col-sm-6\"><div class=\"vc_column-inner\"><div class=\"wpb_wrapper\">\n\t<div class=\"wpb_text_column wpb_content_element\" >\n\t\t<div class=\"wpb_wrapper\">\n\t\t\t<p><span style=\"font-size: 24pt\">Areas of use<br \/>\n<\/span>The black office chair EVERYis1 fits in all offices. Above all, it fits into offices that are constantly changing. This office chair is not equipped with hundreds of levers like other office chairs. It is already adapted during manufacture that it does not need to be adapted much more by the user. Everyone sits comfortably in the EVERYis1 office chair, whether you are small or pretty or big, and that is what it has become known for. The office chair has a recommended max. load of 120 kg. The fabric has 100,000 martindales and is extremely durable. All components are carefully developed by Interstuhl to meet the requirements of the modern office.<\/p>\n<p><span style=\"font-size: 18pt\">Ergonomics<br \/>\n<\/span>The chair is designed to be simple but with the possibility of limiting the inclination of the backrest to three positions. This is one of the reasons why EVERYis1 is equipped with a minimal number of levers and buttons. It also ensures that the excellent ergonomics and comfort features are actually used.<\/p>\n<p><span style=\"font-size: 24pt\"><span style=\"font-size: 18pt\">Colors<\/span><br \/>\n<\/span>We currently stock EVERYis1 in black mesh and black fabric. Do you want to order EVERYis1 or one of the other office chairs in a different color? With a MOQ of 4 pcs, you can specially order EVERYis1 in any of the other colors provided by Interstuhl.<\/p>\n<p><span style=\"font-size: 18pt\">Measure<br \/>\n<\/span>Overall dimensions: 1110x685x595 mm<br \/>\nSeat height: 410-515 mm<br \/>\nSeat width: 520 mm<br \/>\nSeat depth adjustment: 390-450 mm<\/p>\n<p><a href=\"https:\/\/shop.bjerring-sales.dk\/wp-content\/uploads\/2020\/10\/stol.jpg\"><img loading=\"lazy\" decoding=\"async\" class=\"alignnone size-full wp-image-66163\" src=\"https:\/\/shop.bjerring-sales.dk\/wp-content\/uploads\/2020\/10\/stol.jpg\" alt=\"\" width=\"956\" height=\"184\" srcset=\"https:\/\/shop.bjerring-sales.dk\/wp-content\/uploads\/2020\/10\/stol.jpg 956w, https:\/\/shop.bjerring-sales.dk\/wp-content\/uploads\/2020\/10\/stol-150x29.jpg 150w, https:\/\/shop.bjerring-sales.dk\/wp-content\/uploads\/2020\/10\/stol-600x115.jpg 600w, https:\/\/shop.bjerring-sales.dk\/wp-content\/uploads\/2020\/10\/stol-300x58.jpg 300w, https:\/\/shop.bjerring-sales.dk\/wp-content\/uploads\/2020\/10\/stol-768x148.jpg 768w\" sizes=\"auto, (max-width: 956px) 100vw, 956px\" \/><\/a><\/p>\n\n\t\t<\/div>\n\t<\/div>\n<\/div><\/div><\/div><div class=\"wpb_column vc_column_container vc_col-sm-6\"><div class=\"vc_column-inner\"><div class=\"wpb_wrapper\">\n\t<div class=\"wpb_text_column wpb_content_element\" >\n\t\t<div class=\"wpb_wrapper\">\n\t\t\t<p><span style=\"font-size: 18pt\">Specifications<\/span><\/p>\n<ul>\n<li>Backrest: Mesh<\/li>\n<li>Color of backrest: Mesh design solid black (8140)<\/li>\n<li>Color of cover, frame: Polyamide, black<\/li>\n<li>Lumbar support: Adjustable lumbar support<\/li>\n<li>Color of lumbar support: Polyamide, black<\/li>\n<li>Armrest: 2D T armrest is adjustable. in width and height, soft<\/li>\n<li>Color of armrest: black<\/li>\n<li>Seat: Upholstery Seat colour: Manhattan graphite black (MH01 \/ YI009)<\/li>\n<li>Color of the cover: Polyamide, black<\/li>\n<li>Side parts: Manhattan iron gray (YI363)<\/li>\n<li>Wheels: Soft double wheels, black<\/li>\n<\/ul>\n<p><span style=\"font-size: 18pt\">Guarantee<br \/>\n<\/span>10 year warranty<\/p>\n<p><span style=\"font-size: 18pt\">Certifications<br \/>\n<\/span>Quality management system DIN EN ISO 9001: 2008, VO (EG) No. 1221\/2009 (EMAS), Environmental management system DIN EN ISO 14001: 2009, OHSAS, EcoVadis gold, Commitment to sustainability. Quality Office, Blue Angel, Bifma e3 level Platinum.<\/p>\n<p><a href=\"https:\/\/shop.bjerring-sales.dk\/wp-content\/uploads\/2020\/10\/cert.jpg\"><img loading=\"lazy\" decoding=\"async\" class=\"alignnone size-full wp-image-66164\" src=\"https:\/\/shop.bjerring-sales.dk\/wp-content\/uploads\/2020\/10\/cert.jpg\" alt=\"\" width=\"1155\" height=\"139\" srcset=\"https:\/\/shop.bjerring-sales.dk\/wp-content\/uploads\/2020\/10\/cert.jpg 1155w, https:\/\/shop.bjerring-sales.dk\/wp-content\/uploads\/2020\/10\/cert-150x18.jpg 150w, https:\/\/shop.bjerring-sales.dk\/wp-content\/uploads\/2020\/10\/cert-600x72.jpg 600w, https:\/\/shop.bjerring-sales.dk\/wp-content\/uploads\/2020\/10\/cert-300x36.jpg 300w, https:\/\/shop.bjerring-sales.dk\/wp-content\/uploads\/2020\/10\/cert-1024x123.jpg 1024w, https:\/\/shop.bjerring-sales.dk\/wp-content\/uploads\/2020\/10\/cert-768x92.jpg 768w\" sizes=\"auto, (max-width: 1155px) 100vw, 1155px\" \/><\/a><\/p>\n\n\t\t<\/div>\n\t<\/div>\n<\/div><\/div><\/div><\/div>\n<\/div>","protected":false},"excerpt":{"rendered":"<p>EVERYis1 is a stylish and modern office chair that adapts to the user instead of the user having to adapt to the chair. The chair is stocked with a back in fabric or mesh. The fabric has a wear resistance of 100,000 martindales.<\/p>","protected":false},"featured_media":100241,"template":"","meta":{"iawp_total_views":13},"product_brand":[],"product_cat":[5791,5629,5826,5827,6349],"product_tag":[5793,5874,5875,5876,5877,6032],"class_list":{"0":"post-91500","1":"product","2":"type-product","3":"status-publish","4":"has-post-thumbnail","6":"product_cat-stolar","7":"product_cat-kontorsmobler","8":"product_cat-skrivbordsstolar","9":"product_cat-kontorsstolar","10":"product_cat-interstuhl","11":"product_tag-ergonomi","12":"product_tag-arbetsstol","13":"product_tag-kontorsstol","14":"product_tag-interstuhl","15":"product_tag-everyis1","16":"product_tag-skrivbordsstol","18":"first","19":"instock","20":"taxable","21":"shipping-taxable","22":"purchasable","23":"product-type-simple"},"yoast_head":"<!-- This site is optimized with the Yoast SEO plugin v27.0 - https:\/\/yoast.com\/product\/yoast-seo-wordpress\/ -->\n<title>EVERYis1 - Modern kontorsstol i mesh - Bjerring-Sales<\/title>\n<meta name=\"description\" content=\"EVERYis1 \u00e4r en snygg och modern kontorsstol som anpassar sig till anv\u00e4ndaren ist\u00e4llet f\u00f6r att anv\u00e4ndaren ska anpassa sig till stolen.\" \/>\n<meta name=\"robots\" content=\"index, follow, max-snippet:-1, max-image-preview:large, max-video-preview:-1\" \/>\n<link rel=\"canonical\" href=\"https:\/\/shop.bjerring-sales.dk\/en\/product\/everyis1-modern-kontorsstol-mesh\/\" \/>\n<meta property=\"og:locale\" content=\"en_GB\" \/>\n<meta property=\"og:type\" content=\"article\" \/>\n<meta property=\"og:title\" content=\"EVERYis1 \u2013 En kontorsstol f\u00f6r det moderna kontoret\" \/>\n<meta property=\"og:description\" content=\"EVERYis1 \u00e4r en snygg och modern kontorsstol som anpassar sig till anv\u00e4ndaren ist\u00e4llet f\u00f6r att anv\u00e4ndaren ska anpassa sig till stolen.\" \/>\n<meta property=\"og:url\" content=\"https:\/\/shop.bjerring-sales.dk\/en\/product\/everyis1-modern-kontorsstol-mesh\/\" \/>\n<meta property=\"og:site_name\" content=\"Bjerring-Sales\" \/>\n<meta property=\"article:modified_time\" content=\"2025-10-08T12:43:35+00:00\" \/>\n<meta property=\"og:image\" content=\"https:\/\/shop.bjerring-sales.dk\/wp-content\/uploads\/2020\/10\/everyis1mesh.jpg\" \/>\n\t<meta property=\"og:image:width\" content=\"800\" \/>\n\t<meta property=\"og:image:height\" content=\"550\" \/>\n\t<meta property=\"og:image:type\" content=\"image\/jpeg\" \/>\n<meta name=\"twitter:card\" content=\"summary_large_image\" \/>\n<meta name=\"twitter:title\" content=\"EVERYis1 \u2013 En kontorsstol f\u00f6r det moderna kontoret\" \/>\n<meta name=\"twitter:description\" content=\"EVERYis1 \u00e4r en snygg och modern kontorsstol som anpassar sig till anv\u00e4ndaren ist\u00e4llet f\u00f6r att anv\u00e4ndaren ska anpassa sig till stolen.\" \/>\n<meta name=\"twitter:image\" content=\"https:\/\/shop.bjerring-sales.dk\/wp-content\/uploads\/2020\/10\/everyis1mesh.jpg\" \/>\n<meta name=\"twitter:label1\" content=\"Estimated reading time\" \/>\n\t<meta name=\"twitter:data1\" content=\"3 minutes\" \/>\n<script type=\"application\/ld+json\" class=\"yoast-schema-graph\">{\"@context\":\"https:\/\/schema.org\",\"@graph\":[{\"@type\":\"WebPage\",\"@id\":\"https:\/\/shop.bjerring-sales.dk\/sv\/produkt\/everyis1-modern-kontorsstol-mesh\/\",\"url\":\"https:\/\/shop.bjerring-sales.dk\/sv\/produkt\/everyis1-modern-kontorsstol-mesh\/\",\"name\":\"EVERYis1 - Modern kontorsstol i mesh - Bjerring-Sales\",\"isPartOf\":{\"@id\":\"https:\/\/shop.bjerring-sales.dk\/#website\"},\"primaryImageOfPage\":{\"@id\":\"https:\/\/shop.bjerring-sales.dk\/sv\/produkt\/everyis1-modern-kontorsstol-mesh\/#primaryimage\"},\"image\":{\"@id\":\"https:\/\/shop.bjerring-sales.dk\/sv\/produkt\/everyis1-modern-kontorsstol-mesh\/#primaryimage\"},\"thumbnailUrl\":\"https:\/\/shop.bjerring-sales.dk\/wp-content\/uploads\/2024\/10\/EV256.jpg\",\"datePublished\":\"2020-10-29T13:49:00+00:00\",\"dateModified\":\"2025-10-08T12:43:35+00:00\",\"description\":\"EVERYis1 \u00e4r en snygg och modern kontorsstol som anpassar sig till anv\u00e4ndaren ist\u00e4llet f\u00f6r att anv\u00e4ndaren ska anpassa sig till stolen.\",\"breadcrumb\":{\"@id\":\"https:\/\/shop.bjerring-sales.dk\/sv\/produkt\/everyis1-modern-kontorsstol-mesh\/#breadcrumb\"},\"inLanguage\":\"en-GB\",\"potentialAction\":[{\"@type\":\"ReadAction\",\"target\":[\"https:\/\/shop.bjerring-sales.dk\/sv\/produkt\/everyis1-modern-kontorsstol-mesh\/\"]}]},{\"@type\":\"ImageObject\",\"inLanguage\":\"en-GB\",\"@id\":\"https:\/\/shop.bjerring-sales.dk\/sv\/produkt\/everyis1-modern-kontorsstol-mesh\/#primaryimage\",\"url\":\"https:\/\/shop.bjerring-sales.dk\/wp-content\/uploads\/2024\/10\/EV256.jpg\",\"contentUrl\":\"https:\/\/shop.bjerring-sales.dk\/wp-content\/uploads\/2024\/10\/EV256.jpg\",\"width\":800,\"height\":800},{\"@type\":\"BreadcrumbList\",\"@id\":\"https:\/\/shop.bjerring-sales.dk\/sv\/produkt\/everyis1-modern-kontorsstol-mesh\/#breadcrumb\",\"itemListElement\":[{\"@type\":\"ListItem\",\"position\":1,\"name\":\"Hem\",\"item\":\"https:\/\/shop.bjerring-sales.dk\/\"},{\"@type\":\"ListItem\",\"position\":2,\"name\":\"Webbutik\",\"item\":\"https:\/\/shop.bjerring-sales.dk\/butik\/\"},{\"@type\":\"ListItem\",\"position\":3,\"name\":\"EVERYis1 &#8211; Modern kontorsstol i mesh\"}]},{\"@type\":\"WebSite\",\"@id\":\"https:\/\/shop.bjerring-sales.dk\/#website\",\"url\":\"https:\/\/shop.bjerring-sales.dk\/\",\"name\":\"Bjerring-Sales\",\"description\":\"M\u00f6bler f\u00f6r teatrar, skolor, kontor och k\u00f6pcentrum\",\"publisher\":{\"@id\":\"https:\/\/shop.bjerring-sales.dk\/#organization\"},\"potentialAction\":[{\"@type\":\"SearchAction\",\"target\":{\"@type\":\"EntryPoint\",\"urlTemplate\":\"https:\/\/shop.bjerring-sales.dk\/?s={search_term_string}\"},\"query-input\":{\"@type\":\"PropertyValueSpecification\",\"valueRequired\":true,\"valueName\":\"search_term_string\"}}],\"inLanguage\":\"en-GB\"},{\"@type\":\"Organization\",\"@id\":\"https:\/\/shop.bjerring-sales.dk\/#organization\",\"name\":\"Bjerring-Sales\",\"url\":\"https:\/\/shop.bjerring-sales.dk\/\",\"logo\":{\"@type\":\"ImageObject\",\"inLanguage\":\"en-GB\",\"@id\":\"https:\/\/shop.bjerring-sales.dk\/#\/schema\/logo\/image\/\",\"url\":\"https:\/\/shop.bjerring-sales.dk\/wp-content\/uploads\/2023\/01\/logo_sv.png\",\"contentUrl\":\"https:\/\/shop.bjerring-sales.dk\/wp-content\/uploads\/2023\/01\/logo_sv.png\",\"width\":195,\"height\":68,\"caption\":\"Bjerring-Sales\"},\"image\":{\"@id\":\"https:\/\/shop.bjerring-sales.dk\/#\/schema\/logo\/image\/\"}}]}<\/script>\n<!-- \/ Yoast SEO plugin. -->","yoast_head_json":{"title":"EVERYis1 - Modern kontorsstol i mesh - Bjerring-Sales","description":"EVERYis1 is a stylish and modern office chair that adapts to the user instead of the user having to adapt to the chair.","robots":{"index":"index","follow":"follow","max-snippet":"max-snippet:-1","max-image-preview":"max-image-preview:large","max-video-preview":"max-video-preview:-1"},"canonical":"https:\/\/shop.bjerring-sales.dk\/en\/product\/everyis1-modern-kontorsstol-mesh\/","og_locale":"en_GB","og_type":"article","og_title":"EVERYis1 \u2013 En kontorsstol f\u00f6r det moderna kontoret","og_description":"EVERYis1 \u00e4r en snygg och modern kontorsstol som anpassar sig till anv\u00e4ndaren ist\u00e4llet f\u00f6r att anv\u00e4ndaren ska anpassa sig till stolen.","og_url":"https:\/\/shop.bjerring-sales.dk\/en\/product\/everyis1-modern-kontorsstol-mesh\/","og_site_name":"Bjerring-Sales","article_modified_time":"2025-10-08T12:43:35+00:00","og_image":[{"width":800,"height":550,"url":"https:\/\/shop.bjerring-sales.dk\/wp-content\/uploads\/2020\/10\/everyis1mesh.jpg","type":"image\/jpeg"}],"twitter_card":"summary_large_image","twitter_title":"EVERYis1 \u2013 En kontorsstol f\u00f6r det moderna kontoret","twitter_description":"EVERYis1 \u00e4r en snygg och modern kontorsstol som anpassar sig till anv\u00e4ndaren ist\u00e4llet f\u00f6r att anv\u00e4ndaren ska anpassa sig till stolen.","twitter_image":"https:\/\/shop.bjerring-sales.dk\/wp-content\/uploads\/2020\/10\/everyis1mesh.jpg","twitter_misc":{"Estimated reading time":"3 minutes"},"schema":{"@context":"https:\/\/schema.org","@graph":[{"@type":"WebPage","@id":"https:\/\/shop.bjerring-sales.dk\/sv\/produkt\/everyis1-modern-kontorsstol-mesh\/","url":"https:\/\/shop.bjerring-sales.dk\/sv\/produkt\/everyis1-modern-kontorsstol-mesh\/","name":"EVERYis1 - Modern kontorsstol i mesh - Bjerring-Sales","isPartOf":{"@id":"https:\/\/shop.bjerring-sales.dk\/#website"},"primaryImageOfPage":{"@id":"https:\/\/shop.bjerring-sales.dk\/sv\/produkt\/everyis1-modern-kontorsstol-mesh\/#primaryimage"},"image":{"@id":"https:\/\/shop.bjerring-sales.dk\/sv\/produkt\/everyis1-modern-kontorsstol-mesh\/#primaryimage"},"thumbnailUrl":"https:\/\/shop.bjerring-sales.dk\/wp-content\/uploads\/2024\/10\/EV256.jpg","datePublished":"2020-10-29T13:49:00+00:00","dateModified":"2025-10-08T12:43:35+00:00","description":"EVERYis1 is a stylish and modern office chair that adapts to the user instead of the user having to adapt to the chair.","breadcrumb":{"@id":"https:\/\/shop.bjerring-sales.dk\/sv\/produkt\/everyis1-modern-kontorsstol-mesh\/#breadcrumb"},"inLanguage":"en-GB","potentialAction":[{"@type":"ReadAction","target":["https:\/\/shop.bjerring-sales.dk\/sv\/produkt\/everyis1-modern-kontorsstol-mesh\/"]}]},{"@type":"ImageObject","inLanguage":"en-GB","@id":"https:\/\/shop.bjerring-sales.dk\/sv\/produkt\/everyis1-modern-kontorsstol-mesh\/#primaryimage","url":"https:\/\/shop.bjerring-sales.dk\/wp-content\/uploads\/2024\/10\/EV256.jpg","contentUrl":"https:\/\/shop.bjerring-sales.dk\/wp-content\/uploads\/2024\/10\/EV256.jpg","width":800,"height":800},{"@type":"BreadcrumbList","@id":"https:\/\/shop.bjerring-sales.dk\/sv\/produkt\/everyis1-modern-kontorsstol-mesh\/#breadcrumb","itemListElement":[{"@type":"ListItem","position":1,"name":"Hem","item":"https:\/\/shop.bjerring-sales.dk\/"},{"@type":"ListItem","position":2,"name":"Webbutik","item":"https:\/\/shop.bjerring-sales.dk\/butik\/"},{"@type":"ListItem","position":3,"name":"EVERYis1 &#8211; Modern kontorsstol i mesh"}]},{"@type":"WebSite","@id":"https:\/\/shop.bjerring-sales.dk\/#website","url":"https:\/\/shop.bjerring-sales.dk\/","name":"Bjerring Sales","description":"Furniture for theatres, schools, offices and shopping centres","publisher":{"@id":"https:\/\/shop.bjerring-sales.dk\/#organization"},"potentialAction":[{"@type":"SearchAction","target":{"@type":"EntryPoint","urlTemplate":"https:\/\/shop.bjerring-sales.dk\/?s={search_term_string}"},"query-input":{"@type":"PropertyValueSpecification","valueRequired":true,"valueName":"search_term_string"}}],"inLanguage":"en-GB"},{"@type":"Organization","@id":"https:\/\/shop.bjerring-sales.dk\/#organization","name":"Bjerring Sales","url":"https:\/\/shop.bjerring-sales.dk\/","logo":{"@type":"ImageObject","inLanguage":"en-GB","@id":"https:\/\/shop.bjerring-sales.dk\/#\/schema\/logo\/image\/","url":"https:\/\/shop.bjerring-sales.dk\/wp-content\/uploads\/2023\/01\/logo_sv.png","contentUrl":"https:\/\/shop.bjerring-sales.dk\/wp-content\/uploads\/2023\/01\/logo_sv.png","width":195,"height":68,"caption":"Bjerring-Sales"},"image":{"@id":"https:\/\/shop.bjerring-sales.dk\/#\/schema\/logo\/image\/"}}]}},"_links":{"self":[{"href":"https:\/\/shop.bjerring-sales.dk\/en\/wp-json\/wp\/v2\/product\/91500","targetHints":{"allow":["GET"]}}],"collection":[{"href":"https:\/\/shop.bjerring-sales.dk\/en\/wp-json\/wp\/v2\/product"}],"about":[{"href":"https:\/\/shop.bjerring-sales.dk\/en\/wp-json\/wp\/v2\/types\/product"}],"wp:featuredmedia":[{"embeddable":true,"href":"https:\/\/shop.bjerring-sales.dk\/en\/wp-json\/wp\/v2\/media\/100241"}],"wp:attachment":[{"href":"https:\/\/shop.bjerring-sales.dk\/en\/wp-json\/wp\/v2\/media?parent=91500"}],"wp:term":[{"taxonomy":"product_brand","embeddable":true,"href":"https:\/\/shop.bjerring-sales.dk\/en\/wp-json\/wp\/v2\/product_brand?post=91500"},{"taxonomy":"product_cat","embeddable":true,"href":"https:\/\/shop.bjerring-sales.dk\/en\/wp-json\/wp\/v2\/product_cat?post=91500"},{"taxonomy":"product_tag","embeddable":true,"href":"https:\/\/shop.bjerring-sales.dk\/en\/wp-json\/wp\/v2\/product_tag?post=91500"}],"curies":[{"name":"wp","href":"https:\/\/api.w.org\/{rel}","templated":true}]}}