{"id":91488,"date":"2023-01-17T15:37:07","date_gmt":"2023-01-17T14:37:07","guid":{"rendered":"https:\/\/pule.se\/produkt\/olaf-fallbar-stol\/"},"modified":"2025-11-12T18:33:46","modified_gmt":"2025-11-12T17:33:46","slug":"olaf-fallbar-stol","status":"publish","type":"product","link":"https:\/\/shop.bjerring-sales.dk\/en\/product\/olaf-fallbar-stol\/","title":{"rendered":"Olaf - Folding chair"},"content":{"rendered":"<div class=\"wpb-content-wrapper\"><div class=\"vc_row wpb_row vc_row-fluid\"><div class=\"wpb_column vc_column_container vc_col-sm-12\"><div class=\"vc_column-inner\"><div class=\"wpb_wrapper\">\n\t<div class=\"wpb_text_column wpb_content_element\" >\n\t\t<div class=\"wpb_wrapper\">\n\t\t\t<p><span style=\"font-size: 24pt\">A comfortable folding chair with seat and backrest in polypropylene<br \/>\n<\/span>Olaf is a light chair that is both easy to handle and store. The chair has a backrest with a flexible handle, which makes it ideal for events, parties and functions that require quick and easy assembly and disassembly. Folding chairs are very light and robust. They are both easy to transport and store, which saves space. Olaf is stocked in the colors black and dark grey. Coupling fittings and covers are also available.<\/p>\n\n\t\t<\/div>\n\t<\/div>\n<\/div><\/div><\/div><\/div><div class=\"vc_row wpb_row vc_row-fluid\"><div class=\"wpb_column vc_column_container vc_col-sm-12\"><div class=\"vc_column-inner\"><div class=\"wpb_wrapper\"><div class=\"vc_separator wpb_content_element vc_separator_align_center vc_sep_width_100 vc_sep_pos_align_center vc_separator_no_text vc_sep_color_grey\" ><span class=\"vc_sep_holder vc_sep_holder_l\"><span class=\"vc_sep_line\"><\/span><\/span><span class=\"vc_sep_holder vc_sep_holder_r\"><span class=\"vc_sep_line\"><\/span><\/span>\n<\/div><\/div><\/div><\/div><\/div><div class=\"vc_row wpb_row vc_row-fluid\"><div class=\"wpb_column vc_column_container vc_col-sm-6\"><div class=\"vc_column-inner\"><div class=\"wpb_wrapper\">\n\t<div class=\"wpb_text_column wpb_content_element\" >\n\t\t<div class=\"wpb_wrapper\">\n\t\t\t<p><span style=\"font-size: 18pt\">Specifications<\/span><\/p>\n<ul>\n<li>The seat and backrest are made of polypropylene<\/li>\n<li>The stand is a powder-coated steel construction<\/li>\n<li>Handle for easy handling and moving the chair<\/li>\n<li>UV and water resistant protection<\/li>\n<li>Front leg tube: \u00f822.2 x TH1.0mm<\/li>\n<li>Rear leg tube: \u00f822.2 x TH0.7mm<\/li>\n<\/ul>\n<p><span style=\"font-size: 18pt\">Dimensions - Unfolded<br \/>\n<\/span><\/p>\n<ul>\n<li>Height: 78.74 cm<\/li>\n<li>Length: 46 cm<\/li>\n<li>Width: 50.5 cm<\/li>\n<\/ul>\n<p><span style=\"font-size: 18pt\">Weight<\/span><\/p>\n<ul>\n<li>Weight: 3 kg<\/li>\n<li>Rec. max. load: 204 kg<\/li>\n<\/ul>\n\n\t\t<\/div>\n\t<\/div>\n<\/div><\/div><\/div><div class=\"wpb_column vc_column_container vc_col-sm-6\"><div class=\"vc_column-inner\"><div class=\"wpb_wrapper\">\n\t<div class=\"wpb_text_column wpb_content_element\" >\n\t\t<div class=\"wpb_wrapper\">\n\t\t\t<p><span style=\"font-size: 18pt\">Dimensions - Folded<br \/>\n<\/span><\/p>\n<ul>\n<li>Height: 97.7 cm<\/li>\n<li>Length: 47.2 cm<\/li>\n<li>Width: 8.7 cm<\/li>\n<\/ul>\n<p><span style=\"font-size: 18pt\">Certifications<\/span><\/p>\n<ul>\n<li>EN 581-1 \/ 2 Contract<\/li>\n<\/ul>\n<p><span style=\"font-size: 18pt\">EAN code<br \/>\n<\/span><\/p>\n<ul>\n<li>8436539296515 \u2013 Black<\/li>\n<li>8436539309673 \u2013 Dark grey<\/li>\n<\/ul>\n<p><span style=\"font-size: 18pt\">Product sheet<br \/>\n<\/span><img loading=\"lazy\" decoding=\"async\" class=\"alignnone size-full wp-image-72653\" src=\"https:\/\/shop.bjerring-sales.dk\/wp-content\/uploads\/2021\/03\/PDF-doc-16.png\" alt=\"\" width=\"16\" height=\"16\" \/>\u00a0<a href=\"http:\/\/elj.se\/wp-content\/uploads\/2023\/01\/Zown_Catalog_TheNewZownClassic_2022_Olaf-chair.pdf\" target=\"_blank\" rel=\"noopener\">Download product sheet<\/a><\/p>\n\n\t\t<\/div>\n\t<\/div>\n<\/div><\/div><\/div><\/div>\n<\/div>","protected":false},"excerpt":{"rendered":"<p>Olaf is a lightweight chair that is both easy to handle and store. The chair has a backrest with a smooth handle, making it ideal for events, parties and functions that require quick and easy assembly and disassembly. Olaf is stocked in dark gray.<\/p>","protected":false},"featured_media":98921,"template":"","meta":{"iawp_total_views":13},"product_brand":[],"product_cat":[5895,6350],"product_tag":[6183,6201,6114,6177],"class_list":{"0":"post-91488","1":"product","2":"type-product","3":"status-publish","4":"has-post-thumbnail","6":"product_cat-fallbara-stolar","7":"product_cat-new-zown-classic","8":"product_tag-zown","9":"product_tag-klappstol","10":"product_tag-fallbar-stol","11":"product_tag-plaststol","13":"first","14":"instock","15":"taxable","16":"shipping-taxable","17":"purchasable","18":"product-type-variable"},"yoast_head":"<!-- This site is optimized with the Yoast SEO plugin v27.0 - https:\/\/yoast.com\/product\/yoast-seo-wordpress\/ -->\n<title>Olaf - F\u00e4llbar stol - Bjerring-Sales<\/title>\n<meta name=\"description\" content=\"Olaf \u00e4r en l\u00e4tt stol som \u00e4r b\u00e5de l\u00e4tt att hantera och f\u00f6rvara. Stolen har ryggst\u00f6d med ett smidigt handtag vilket g\u00f6r den idealisk f\u00f6r evenemang och fester\" \/>\n<meta name=\"robots\" content=\"index, follow, max-snippet:-1, max-image-preview:large, max-video-preview:-1\" \/>\n<link rel=\"canonical\" href=\"https:\/\/shop.bjerring-sales.dk\/en\/product\/olaf-fallbar-stol\/\" \/>\n<meta property=\"og:locale\" content=\"en_GB\" \/>\n<meta property=\"og:type\" content=\"article\" \/>\n<meta property=\"og:title\" content=\"Olaf - F\u00e4llbar stol - Bjerring-Sales\" \/>\n<meta property=\"og:description\" content=\"Olaf \u00e4r en l\u00e4tt stol som \u00e4r b\u00e5de l\u00e4tt att hantera och f\u00f6rvara. Stolen har ryggst\u00f6d med ett smidigt handtag vilket g\u00f6r den idealisk f\u00f6r evenemang och fester\" \/>\n<meta property=\"og:url\" content=\"https:\/\/shop.bjerring-sales.dk\/en\/product\/olaf-fallbar-stol\/\" \/>\n<meta property=\"og:site_name\" content=\"Bjerring-Sales\" \/>\n<meta property=\"article:modified_time\" content=\"2025-11-12T17:33:46+00:00\" \/>\n<meta property=\"og:image\" content=\"https:\/\/shop.bjerring-sales.dk\/wp-content\/uploads\/2024\/10\/olaf-shark-grey-1.jpg\" \/>\n\t<meta property=\"og:image:width\" content=\"800\" \/>\n\t<meta property=\"og:image:height\" content=\"800\" \/>\n\t<meta property=\"og:image:type\" content=\"image\/jpeg\" \/>\n<meta name=\"twitter:card\" content=\"summary_large_image\" \/>\n<meta name=\"twitter:label1\" content=\"Estimated reading time\" \/>\n\t<meta name=\"twitter:data1\" content=\"2 minutes\" \/>\n<script type=\"application\/ld+json\" class=\"yoast-schema-graph\">{\"@context\":\"https:\/\/schema.org\",\"@graph\":[{\"@type\":\"WebPage\",\"@id\":\"https:\/\/shop.bjerring-sales.dk\/sv\/produkt\/olaf-fallbar-stol\/\",\"url\":\"https:\/\/shop.bjerring-sales.dk\/sv\/produkt\/olaf-fallbar-stol\/\",\"name\":\"Olaf - F\u00e4llbar stol - Bjerring-Sales\",\"isPartOf\":{\"@id\":\"https:\/\/shop.bjerring-sales.dk\/#website\"},\"primaryImageOfPage\":{\"@id\":\"https:\/\/shop.bjerring-sales.dk\/sv\/produkt\/olaf-fallbar-stol\/#primaryimage\"},\"image\":{\"@id\":\"https:\/\/shop.bjerring-sales.dk\/sv\/produkt\/olaf-fallbar-stol\/#primaryimage\"},\"thumbnailUrl\":\"https:\/\/shop.bjerring-sales.dk\/wp-content\/uploads\/2024\/10\/olaf-shark-grey-1.jpg\",\"datePublished\":\"2023-01-17T14:37:07+00:00\",\"dateModified\":\"2025-11-12T17:33:46+00:00\",\"description\":\"Olaf \u00e4r en l\u00e4tt stol som \u00e4r b\u00e5de l\u00e4tt att hantera och f\u00f6rvara. Stolen har ryggst\u00f6d med ett smidigt handtag vilket g\u00f6r den idealisk f\u00f6r evenemang och fester\",\"breadcrumb\":{\"@id\":\"https:\/\/shop.bjerring-sales.dk\/sv\/produkt\/olaf-fallbar-stol\/#breadcrumb\"},\"inLanguage\":\"en-GB\",\"potentialAction\":[{\"@type\":\"ReadAction\",\"target\":[\"https:\/\/shop.bjerring-sales.dk\/sv\/produkt\/olaf-fallbar-stol\/\"]}]},{\"@type\":\"ImageObject\",\"inLanguage\":\"en-GB\",\"@id\":\"https:\/\/shop.bjerring-sales.dk\/sv\/produkt\/olaf-fallbar-stol\/#primaryimage\",\"url\":\"https:\/\/shop.bjerring-sales.dk\/wp-content\/uploads\/2024\/10\/olaf-shark-grey-1.jpg\",\"contentUrl\":\"https:\/\/shop.bjerring-sales.dk\/wp-content\/uploads\/2024\/10\/olaf-shark-grey-1.jpg\",\"width\":800,\"height\":800},{\"@type\":\"BreadcrumbList\",\"@id\":\"https:\/\/shop.bjerring-sales.dk\/sv\/produkt\/olaf-fallbar-stol\/#breadcrumb\",\"itemListElement\":[{\"@type\":\"ListItem\",\"position\":1,\"name\":\"Hem\",\"item\":\"https:\/\/shop.bjerring-sales.dk\/\"},{\"@type\":\"ListItem\",\"position\":2,\"name\":\"Webbutik\",\"item\":\"https:\/\/shop.bjerring-sales.dk\/butik\/\"},{\"@type\":\"ListItem\",\"position\":3,\"name\":\"Olaf &#8211; F\u00e4llbar stol\"}]},{\"@type\":\"WebSite\",\"@id\":\"https:\/\/shop.bjerring-sales.dk\/#website\",\"url\":\"https:\/\/shop.bjerring-sales.dk\/\",\"name\":\"Bjerring-Sales\",\"description\":\"M\u00f6bler f\u00f6r teatrar, skolor, kontor och k\u00f6pcentrum\",\"publisher\":{\"@id\":\"https:\/\/shop.bjerring-sales.dk\/#organization\"},\"potentialAction\":[{\"@type\":\"SearchAction\",\"target\":{\"@type\":\"EntryPoint\",\"urlTemplate\":\"https:\/\/shop.bjerring-sales.dk\/?s={search_term_string}\"},\"query-input\":{\"@type\":\"PropertyValueSpecification\",\"valueRequired\":true,\"valueName\":\"search_term_string\"}}],\"inLanguage\":\"en-GB\"},{\"@type\":\"Organization\",\"@id\":\"https:\/\/shop.bjerring-sales.dk\/#organization\",\"name\":\"Bjerring-Sales\",\"url\":\"https:\/\/shop.bjerring-sales.dk\/\",\"logo\":{\"@type\":\"ImageObject\",\"inLanguage\":\"en-GB\",\"@id\":\"https:\/\/shop.bjerring-sales.dk\/#\/schema\/logo\/image\/\",\"url\":\"https:\/\/shop.bjerring-sales.dk\/wp-content\/uploads\/2023\/01\/logo_sv.png\",\"contentUrl\":\"https:\/\/shop.bjerring-sales.dk\/wp-content\/uploads\/2023\/01\/logo_sv.png\",\"width\":195,\"height\":68,\"caption\":\"Bjerring-Sales\"},\"image\":{\"@id\":\"https:\/\/shop.bjerring-sales.dk\/#\/schema\/logo\/image\/\"}}]}<\/script>\n<!-- \/ Yoast SEO plugin. -->","yoast_head_json":{"title":"Olaf - F\u00e4llbar stol - Bjerring-Sales","description":"Olaf \u00e4r en l\u00e4tt stol som \u00e4r b\u00e5de l\u00e4tt att hantera och f\u00f6rvara. Stolen har ryggst\u00f6d med ett smidigt handtag vilket g\u00f6r den idealisk f\u00f6r evenemang och fester","robots":{"index":"index","follow":"follow","max-snippet":"max-snippet:-1","max-image-preview":"max-image-preview:large","max-video-preview":"max-video-preview:-1"},"canonical":"https:\/\/shop.bjerring-sales.dk\/en\/product\/olaf-fallbar-stol\/","og_locale":"en_GB","og_type":"article","og_title":"Olaf - F\u00e4llbar stol - Bjerring-Sales","og_description":"Olaf \u00e4r en l\u00e4tt stol som \u00e4r b\u00e5de l\u00e4tt att hantera och f\u00f6rvara. Stolen har ryggst\u00f6d med ett smidigt handtag vilket g\u00f6r den idealisk f\u00f6r evenemang och fester","og_url":"https:\/\/shop.bjerring-sales.dk\/en\/product\/olaf-fallbar-stol\/","og_site_name":"Bjerring-Sales","article_modified_time":"2025-11-12T17:33:46+00:00","og_image":[{"width":800,"height":800,"url":"https:\/\/shop.bjerring-sales.dk\/wp-content\/uploads\/2024\/10\/olaf-shark-grey-1.jpg","type":"image\/jpeg"}],"twitter_card":"summary_large_image","twitter_misc":{"Estimated reading time":"2 minutes"},"schema":{"@context":"https:\/\/schema.org","@graph":[{"@type":"WebPage","@id":"https:\/\/shop.bjerring-sales.dk\/sv\/produkt\/olaf-fallbar-stol\/","url":"https:\/\/shop.bjerring-sales.dk\/sv\/produkt\/olaf-fallbar-stol\/","name":"Olaf - F\u00e4llbar stol - Bjerring-Sales","isPartOf":{"@id":"https:\/\/shop.bjerring-sales.dk\/#website"},"primaryImageOfPage":{"@id":"https:\/\/shop.bjerring-sales.dk\/sv\/produkt\/olaf-fallbar-stol\/#primaryimage"},"image":{"@id":"https:\/\/shop.bjerring-sales.dk\/sv\/produkt\/olaf-fallbar-stol\/#primaryimage"},"thumbnailUrl":"https:\/\/shop.bjerring-sales.dk\/wp-content\/uploads\/2024\/10\/olaf-shark-grey-1.jpg","datePublished":"2023-01-17T14:37:07+00:00","dateModified":"2025-11-12T17:33:46+00:00","description":"Olaf \u00e4r en l\u00e4tt stol som \u00e4r b\u00e5de l\u00e4tt att hantera och f\u00f6rvara. Stolen har ryggst\u00f6d med ett smidigt handtag vilket g\u00f6r den idealisk f\u00f6r evenemang och fester","breadcrumb":{"@id":"https:\/\/shop.bjerring-sales.dk\/sv\/produkt\/olaf-fallbar-stol\/#breadcrumb"},"inLanguage":"en-GB","potentialAction":[{"@type":"ReadAction","target":["https:\/\/shop.bjerring-sales.dk\/sv\/produkt\/olaf-fallbar-stol\/"]}]},{"@type":"ImageObject","inLanguage":"en-GB","@id":"https:\/\/shop.bjerring-sales.dk\/sv\/produkt\/olaf-fallbar-stol\/#primaryimage","url":"https:\/\/shop.bjerring-sales.dk\/wp-content\/uploads\/2024\/10\/olaf-shark-grey-1.jpg","contentUrl":"https:\/\/shop.bjerring-sales.dk\/wp-content\/uploads\/2024\/10\/olaf-shark-grey-1.jpg","width":800,"height":800},{"@type":"BreadcrumbList","@id":"https:\/\/shop.bjerring-sales.dk\/sv\/produkt\/olaf-fallbar-stol\/#breadcrumb","itemListElement":[{"@type":"ListItem","position":1,"name":"Hem","item":"https:\/\/shop.bjerring-sales.dk\/"},{"@type":"ListItem","position":2,"name":"Webbutik","item":"https:\/\/shop.bjerring-sales.dk\/butik\/"},{"@type":"ListItem","position":3,"name":"Olaf &#8211; F\u00e4llbar stol"}]},{"@type":"WebSite","@id":"https:\/\/shop.bjerring-sales.dk\/#website","url":"https:\/\/shop.bjerring-sales.dk\/","name":"Bjerring Sales","description":"Furniture for theatres, schools, offices and shopping centres","publisher":{"@id":"https:\/\/shop.bjerring-sales.dk\/#organization"},"potentialAction":[{"@type":"SearchAction","target":{"@type":"EntryPoint","urlTemplate":"https:\/\/shop.bjerring-sales.dk\/?s={search_term_string}"},"query-input":{"@type":"PropertyValueSpecification","valueRequired":true,"valueName":"search_term_string"}}],"inLanguage":"en-GB"},{"@type":"Organization","@id":"https:\/\/shop.bjerring-sales.dk\/#organization","name":"Bjerring Sales","url":"https:\/\/shop.bjerring-sales.dk\/","logo":{"@type":"ImageObject","inLanguage":"en-GB","@id":"https:\/\/shop.bjerring-sales.dk\/#\/schema\/logo\/image\/","url":"https:\/\/shop.bjerring-sales.dk\/wp-content\/uploads\/2023\/01\/logo_sv.png","contentUrl":"https:\/\/shop.bjerring-sales.dk\/wp-content\/uploads\/2023\/01\/logo_sv.png","width":195,"height":68,"caption":"Bjerring-Sales"},"image":{"@id":"https:\/\/shop.bjerring-sales.dk\/#\/schema\/logo\/image\/"}}]}},"_links":{"self":[{"href":"https:\/\/shop.bjerring-sales.dk\/en\/wp-json\/wp\/v2\/product\/91488","targetHints":{"allow":["GET"]}}],"collection":[{"href":"https:\/\/shop.bjerring-sales.dk\/en\/wp-json\/wp\/v2\/product"}],"about":[{"href":"https:\/\/shop.bjerring-sales.dk\/en\/wp-json\/wp\/v2\/types\/product"}],"wp:featuredmedia":[{"embeddable":true,"href":"https:\/\/shop.bjerring-sales.dk\/en\/wp-json\/wp\/v2\/media\/98921"}],"wp:attachment":[{"href":"https:\/\/shop.bjerring-sales.dk\/en\/wp-json\/wp\/v2\/media?parent=91488"}],"wp:term":[{"taxonomy":"product_brand","embeddable":true,"href":"https:\/\/shop.bjerring-sales.dk\/en\/wp-json\/wp\/v2\/product_brand?post=91488"},{"taxonomy":"product_cat","embeddable":true,"href":"https:\/\/shop.bjerring-sales.dk\/en\/wp-json\/wp\/v2\/product_cat?post=91488"},{"taxonomy":"product_tag","embeddable":true,"href":"https:\/\/shop.bjerring-sales.dk\/en\/wp-json\/wp\/v2\/product_tag?post=91488"}],"curies":[{"name":"wp","href":"https:\/\/api.w.org\/{rel}","templated":true}]}}