{"id":91459,"date":"2023-01-11T14:36:47","date_gmt":"2023-01-11T13:36:47","guid":{"rendered":"https:\/\/pule.se\/produkt\/kabelgenomforing-80mm\/"},"modified":"2023-01-21T23:42:52","modified_gmt":"2023-01-21T22:42:52","slug":"kabelgenomforing-80mm","status":"publish","type":"product","link":"https:\/\/shop.bjerring-sales.dk\/en\/product\/kabelgenomforing-80mm\/","title":{"rendered":"Cable entry \u00d880 mm"},"content":{"rendered":"<div class=\"wpb-content-wrapper\"><div class=\"vc_row wpb_row vc_row-fluid\"><div class=\"wpb_column vc_column_container vc_col-sm-12\"><div class=\"vc_column-inner\"><div class=\"wpb_wrapper\">\n\t<div class=\"wpb_text_column wpb_content_element\" >\n\t\t<div class=\"wpb_wrapper\">\n\t\t\t<p><span style=\"font-size: 24pt;\">Cable entry for mounting in desks and conference tables - \u00d880 mm<br \/>\n<\/span>Cable entry can be mounted in, for example, desks and conference tables, which creates a practical and stylish cable installation. Mounted in holes with a diameter of 80 mm. Cable routing in desks is an important feature that allows you to keep your desk organized and free of cables hanging down. It also allows devices to be connected to the desktop without cables sticking out and causing danger.<\/p>\n\n\t\t<\/div>\n\t<\/div>\n<\/div><\/div><\/div><\/div><div class=\"vc_row wpb_row vc_row-fluid\"><div class=\"wpb_column vc_column_container vc_col-sm-12\"><div class=\"vc_column-inner\"><div class=\"wpb_wrapper\">\n\t<div  class=\"wpb_single_image wpb_content_element vc_align_center\">\n\t\t\n\t\t<figure class=\"wpb_wrapper vc_figure\">\n\t\t\t<div class=\"vc_single_image-wrapper   vc_box_border_grey\"><img loading=\"lazy\" decoding=\"async\" width=\"1221\" height=\"198\" src=\"https:\/\/shop.bjerring-sales.dk\/wp-content\/uploads\/2023\/01\/kabelgenomforing-5.jpg\" class=\"vc_single_image-img attachment-full\" alt=\"\" title=\"cable grommet-5\" srcset=\"https:\/\/shop.bjerring-sales.dk\/wp-content\/uploads\/2023\/01\/kabelgenomforing-5.jpg 1221w, https:\/\/shop.bjerring-sales.dk\/wp-content\/uploads\/2023\/01\/kabelgenomforing-5-150x24.jpg 150w, https:\/\/shop.bjerring-sales.dk\/wp-content\/uploads\/2023\/01\/kabelgenomforing-5-600x97.jpg 600w, https:\/\/shop.bjerring-sales.dk\/wp-content\/uploads\/2023\/01\/kabelgenomforing-5-300x49.jpg 300w, https:\/\/shop.bjerring-sales.dk\/wp-content\/uploads\/2023\/01\/kabelgenomforing-5-1024x166.jpg 1024w, https:\/\/shop.bjerring-sales.dk\/wp-content\/uploads\/2023\/01\/kabelgenomforing-5-768x125.jpg 768w\" sizes=\"auto, (max-width: 1221px) 100vw, 1221px\" \/><\/div>\n\t\t<\/figure>\n\t<\/div>\n<\/div><\/div><\/div><\/div><div class=\"vc_row wpb_row vc_row-fluid\"><div class=\"wpb_column vc_column_container vc_col-sm-6\"><div class=\"vc_column-inner\"><div class=\"wpb_wrapper\">\n\t<div class=\"wpb_text_column wpb_content_element\" >\n\t\t<div class=\"wpb_wrapper\">\n\t\t\t<p><span style=\"font-size: 18pt;\">Area of use<\/span><\/p>\n<p>There are several different ways to route cables through a desk. A common method is to use cable ducts or cable cabinets. These are usually made of plastic or metal and are designed to protect the cables and keep them organized while allowing you to connect and disconnect devices. It is important to consider cable routing when decorating with a desk because it makes it easier to keep the desk organized and free of tangled cables. It also makes it easier to plug in devices without having to struggle with keeping track of which cable goes to what.<\/p>\n<p><span style=\"font-size: 18pt;\">Measure<br \/>\n<\/span>\u00f860\u00d721 mm<\/p>\n<p><span style=\"font-size: 18pt;\">Weight<br \/>\n<\/span>0.1 kg<\/p>\n\n\t\t<\/div>\n\t<\/div>\n<\/div><\/div><\/div><div class=\"wpb_column vc_column_container vc_col-sm-6\"><div class=\"vc_column-inner\"><div class=\"wpb_wrapper\">\n\t<div class=\"wpb_text_column wpb_content_element\" >\n\t\t<div class=\"wpb_wrapper\">\n\t\t\t<p><span style=\"font-size: 18pt;\">Specifications<\/span><\/p>\n<ul>\n<li>Available in black, silver and white<\/li>\n<li>Made of durable plastic<\/li>\n<li>Leave cables on the desk<\/li>\n<li>Mounted in 80 mm hole<\/li>\n<li>Complete with cable holder for even better order<\/li>\n<\/ul>\n\n\t\t<\/div>\n\t<\/div>\n<\/div><\/div><\/div><\/div>\n<\/div>","protected":false},"excerpt":{"rendered":"<p>Cable entry can be mounted in, for example, desks and conference tables, which creates a practical and stylish cable installation. Mounted in holes with a diameter of 80 mm. Available in black, silver and white<\/p>","protected":false},"featured_media":91460,"template":"","meta":{"iawp_total_views":0},"product_brand":[],"product_cat":[5798,5804],"product_tag":[6338,6339],"class_list":{"0":"post-91459","1":"product","2":"type-product","3":"status-publish","4":"has-post-thumbnail","6":"product_cat-kontorsprodukter","7":"product_cat-tillbehor-bord","8":"product_tag-kabelgenomforing-i-plast","9":"product_tag-kabelgenomforing-80-mm","11":"first","12":"instock","13":"taxable","14":"shipping-taxable","15":"purchasable","16":"product-type-variable"},"yoast_head":"<!-- This site is optimized with the Yoast SEO plugin v27.0 - https:\/\/yoast.com\/product\/yoast-seo-wordpress\/ -->\n<title>Kabelgenomf\u00f6ring \u00d880 mm - Bjerring-Sales<\/title>\n<meta name=\"description\" content=\"Kabelgenomf\u00f6ring kan monteras i exempelvis skrivbord och konferensbord vilket skapar en praktiskt och snygg kabelinstallation.\" \/>\n<meta name=\"robots\" content=\"index, follow, max-snippet:-1, max-image-preview:large, max-video-preview:-1\" \/>\n<link rel=\"canonical\" href=\"https:\/\/shop.bjerring-sales.dk\/en\/product\/kabelgenomforing-80mm\/\" \/>\n<meta property=\"og:locale\" content=\"en_GB\" \/>\n<meta property=\"og:type\" content=\"article\" \/>\n<meta property=\"og:title\" content=\"Kabelgenomf\u00f6ring f\u00f6r montering i skrivbord och konferensbord \u2013 \u00d880 mm\" \/>\n<meta property=\"og:description\" content=\"Kabelgenomf\u00f6ring kan monteras i exempelvis skrivbord och konferensbord vilket skapar en praktiskt och snygg kabelinstallation.\" \/>\n<meta property=\"og:url\" content=\"https:\/\/shop.bjerring-sales.dk\/en\/product\/kabelgenomforing-80mm\/\" \/>\n<meta property=\"og:site_name\" content=\"Bjerring-Sales\" \/>\n<meta property=\"article:modified_time\" content=\"2023-01-21T22:42:52+00:00\" \/>\n<meta property=\"og:image\" content=\"https:\/\/pule.se\/wp-content\/uploads\/2023\/01\/kabelgenomforing_80cm_svart_3.jpg\" \/>\n\t<meta property=\"og:image:width\" content=\"800\" \/>\n\t<meta property=\"og:image:height\" content=\"800\" \/>\n\t<meta property=\"og:image:type\" content=\"image\/jpeg\" \/>\n<meta name=\"twitter:card\" content=\"summary_large_image\" \/>\n<meta name=\"twitter:title\" content=\"Kabelgenomf\u00f6ring f\u00f6r montering i skrivbord och konferensbord \u2013 \u00d880 mm\" \/>\n<meta name=\"twitter:description\" content=\"Kabelgenomf\u00f6ring kan monteras i exempelvis skrivbord och konferensbord vilket skapar en praktiskt och snygg kabelinstallation.\" \/>\n<meta name=\"twitter:image\" content=\"https:\/\/shop.bjerring-sales.dk\/wp-content\/uploads\/2023\/01\/kabelgenomforing_80cm_svart_3.jpg\" \/>\n<meta name=\"twitter:label1\" content=\"Estimated reading time\" \/>\n\t<meta name=\"twitter:data1\" content=\"2 minutes\" \/>\n<script type=\"application\/ld+json\" class=\"yoast-schema-graph\">{\"@context\":\"https:\/\/schema.org\",\"@graph\":[{\"@type\":\"WebPage\",\"@id\":\"https:\/\/shop.bjerring-sales.dk\/sv\/produkt\/kabelgenomforing-80mm\/\",\"url\":\"https:\/\/shop.bjerring-sales.dk\/sv\/produkt\/kabelgenomforing-80mm\/\",\"name\":\"Kabelgenomf\u00f6ring \u00d880 mm - Bjerring-Sales\",\"isPartOf\":{\"@id\":\"https:\/\/shop.bjerring-sales.dk\/#website\"},\"primaryImageOfPage\":{\"@id\":\"https:\/\/shop.bjerring-sales.dk\/sv\/produkt\/kabelgenomforing-80mm\/#primaryimage\"},\"image\":{\"@id\":\"https:\/\/shop.bjerring-sales.dk\/sv\/produkt\/kabelgenomforing-80mm\/#primaryimage\"},\"thumbnailUrl\":\"https:\/\/shop.bjerring-sales.dk\/wp-content\/uploads\/2023\/01\/kabelgenomforing_80cm_svart_3.jpg\",\"datePublished\":\"2023-01-11T13:36:47+00:00\",\"dateModified\":\"2023-01-21T22:42:52+00:00\",\"description\":\"Kabelgenomf\u00f6ring kan monteras i exempelvis skrivbord och konferensbord vilket skapar en praktiskt och snygg kabelinstallation.\",\"breadcrumb\":{\"@id\":\"https:\/\/shop.bjerring-sales.dk\/sv\/produkt\/kabelgenomforing-80mm\/#breadcrumb\"},\"inLanguage\":\"en-GB\",\"potentialAction\":[{\"@type\":\"ReadAction\",\"target\":[\"https:\/\/shop.bjerring-sales.dk\/sv\/produkt\/kabelgenomforing-80mm\/\"]}]},{\"@type\":\"ImageObject\",\"inLanguage\":\"en-GB\",\"@id\":\"https:\/\/shop.bjerring-sales.dk\/sv\/produkt\/kabelgenomforing-80mm\/#primaryimage\",\"url\":\"https:\/\/shop.bjerring-sales.dk\/wp-content\/uploads\/2023\/01\/kabelgenomforing_80cm_svart_3.jpg\",\"contentUrl\":\"https:\/\/shop.bjerring-sales.dk\/wp-content\/uploads\/2023\/01\/kabelgenomforing_80cm_svart_3.jpg\",\"width\":800,\"height\":800},{\"@type\":\"BreadcrumbList\",\"@id\":\"https:\/\/shop.bjerring-sales.dk\/sv\/produkt\/kabelgenomforing-80mm\/#breadcrumb\",\"itemListElement\":[{\"@type\":\"ListItem\",\"position\":1,\"name\":\"Hem\",\"item\":\"https:\/\/shop.bjerring-sales.dk\/\"},{\"@type\":\"ListItem\",\"position\":2,\"name\":\"Webbutik\",\"item\":\"https:\/\/shop.bjerring-sales.dk\/butik\/\"},{\"@type\":\"ListItem\",\"position\":3,\"name\":\"Kabelgenomf\u00f6ring \u00d880 mm\"}]},{\"@type\":\"WebSite\",\"@id\":\"https:\/\/shop.bjerring-sales.dk\/#website\",\"url\":\"https:\/\/shop.bjerring-sales.dk\/\",\"name\":\"Bjerring-Sales\",\"description\":\"M\u00f6bler f\u00f6r teatrar, skolor, kontor och k\u00f6pcentrum\",\"publisher\":{\"@id\":\"https:\/\/shop.bjerring-sales.dk\/#organization\"},\"potentialAction\":[{\"@type\":\"SearchAction\",\"target\":{\"@type\":\"EntryPoint\",\"urlTemplate\":\"https:\/\/shop.bjerring-sales.dk\/?s={search_term_string}\"},\"query-input\":{\"@type\":\"PropertyValueSpecification\",\"valueRequired\":true,\"valueName\":\"search_term_string\"}}],\"inLanguage\":\"en-GB\"},{\"@type\":\"Organization\",\"@id\":\"https:\/\/shop.bjerring-sales.dk\/#organization\",\"name\":\"Bjerring-Sales\",\"url\":\"https:\/\/shop.bjerring-sales.dk\/\",\"logo\":{\"@type\":\"ImageObject\",\"inLanguage\":\"en-GB\",\"@id\":\"https:\/\/shop.bjerring-sales.dk\/#\/schema\/logo\/image\/\",\"url\":\"https:\/\/shop.bjerring-sales.dk\/wp-content\/uploads\/2023\/01\/logo_sv.png\",\"contentUrl\":\"https:\/\/shop.bjerring-sales.dk\/wp-content\/uploads\/2023\/01\/logo_sv.png\",\"width\":195,\"height\":68,\"caption\":\"Bjerring-Sales\"},\"image\":{\"@id\":\"https:\/\/shop.bjerring-sales.dk\/#\/schema\/logo\/image\/\"}}]}<\/script>\n<!-- \/ Yoast SEO plugin. -->","yoast_head_json":{"title":"Kabelgenomf\u00f6ring \u00d880 mm - Bjerring-Sales","description":"Kabelgenomf\u00f6ring kan monteras i exempelvis skrivbord och konferensbord vilket skapar en praktiskt och snygg kabelinstallation.","robots":{"index":"index","follow":"follow","max-snippet":"max-snippet:-1","max-image-preview":"max-image-preview:large","max-video-preview":"max-video-preview:-1"},"canonical":"https:\/\/shop.bjerring-sales.dk\/en\/product\/kabelgenomforing-80mm\/","og_locale":"en_GB","og_type":"article","og_title":"Kabelgenomf\u00f6ring f\u00f6r montering i skrivbord och konferensbord \u2013 \u00d880 mm","og_description":"Kabelgenomf\u00f6ring kan monteras i exempelvis skrivbord och konferensbord vilket skapar en praktiskt och snygg kabelinstallation.","og_url":"https:\/\/shop.bjerring-sales.dk\/en\/product\/kabelgenomforing-80mm\/","og_site_name":"Bjerring-Sales","article_modified_time":"2023-01-21T22:42:52+00:00","og_image":[{"width":800,"height":800,"url":"https:\/\/pule.se\/wp-content\/uploads\/2023\/01\/kabelgenomforing_80cm_svart_3.jpg","type":"image\/jpeg"}],"twitter_card":"summary_large_image","twitter_title":"Kabelgenomf\u00f6ring f\u00f6r montering i skrivbord och konferensbord \u2013 \u00d880 mm","twitter_description":"Kabelgenomf\u00f6ring kan monteras i exempelvis skrivbord och konferensbord vilket skapar en praktiskt och snygg kabelinstallation.","twitter_image":"https:\/\/shop.bjerring-sales.dk\/wp-content\/uploads\/2023\/01\/kabelgenomforing_80cm_svart_3.jpg","twitter_misc":{"Estimated reading time":"2 minutes"},"schema":{"@context":"https:\/\/schema.org","@graph":[{"@type":"WebPage","@id":"https:\/\/shop.bjerring-sales.dk\/sv\/produkt\/kabelgenomforing-80mm\/","url":"https:\/\/shop.bjerring-sales.dk\/sv\/produkt\/kabelgenomforing-80mm\/","name":"Kabelgenomf\u00f6ring \u00d880 mm - Bjerring-Sales","isPartOf":{"@id":"https:\/\/shop.bjerring-sales.dk\/#website"},"primaryImageOfPage":{"@id":"https:\/\/shop.bjerring-sales.dk\/sv\/produkt\/kabelgenomforing-80mm\/#primaryimage"},"image":{"@id":"https:\/\/shop.bjerring-sales.dk\/sv\/produkt\/kabelgenomforing-80mm\/#primaryimage"},"thumbnailUrl":"https:\/\/shop.bjerring-sales.dk\/wp-content\/uploads\/2023\/01\/kabelgenomforing_80cm_svart_3.jpg","datePublished":"2023-01-11T13:36:47+00:00","dateModified":"2023-01-21T22:42:52+00:00","description":"Kabelgenomf\u00f6ring kan monteras i exempelvis skrivbord och konferensbord vilket skapar en praktiskt och snygg kabelinstallation.","breadcrumb":{"@id":"https:\/\/shop.bjerring-sales.dk\/sv\/produkt\/kabelgenomforing-80mm\/#breadcrumb"},"inLanguage":"en-GB","potentialAction":[{"@type":"ReadAction","target":["https:\/\/shop.bjerring-sales.dk\/sv\/produkt\/kabelgenomforing-80mm\/"]}]},{"@type":"ImageObject","inLanguage":"en-GB","@id":"https:\/\/shop.bjerring-sales.dk\/sv\/produkt\/kabelgenomforing-80mm\/#primaryimage","url":"https:\/\/shop.bjerring-sales.dk\/wp-content\/uploads\/2023\/01\/kabelgenomforing_80cm_svart_3.jpg","contentUrl":"https:\/\/shop.bjerring-sales.dk\/wp-content\/uploads\/2023\/01\/kabelgenomforing_80cm_svart_3.jpg","width":800,"height":800},{"@type":"BreadcrumbList","@id":"https:\/\/shop.bjerring-sales.dk\/sv\/produkt\/kabelgenomforing-80mm\/#breadcrumb","itemListElement":[{"@type":"ListItem","position":1,"name":"Hem","item":"https:\/\/shop.bjerring-sales.dk\/"},{"@type":"ListItem","position":2,"name":"Webbutik","item":"https:\/\/shop.bjerring-sales.dk\/butik\/"},{"@type":"ListItem","position":3,"name":"Kabelgenomf\u00f6ring \u00d880 mm"}]},{"@type":"WebSite","@id":"https:\/\/shop.bjerring-sales.dk\/#website","url":"https:\/\/shop.bjerring-sales.dk\/","name":"Bjerring Sales","description":"Furniture for theatres, schools, offices and shopping centres","publisher":{"@id":"https:\/\/shop.bjerring-sales.dk\/#organization"},"potentialAction":[{"@type":"SearchAction","target":{"@type":"EntryPoint","urlTemplate":"https:\/\/shop.bjerring-sales.dk\/?s={search_term_string}"},"query-input":{"@type":"PropertyValueSpecification","valueRequired":true,"valueName":"search_term_string"}}],"inLanguage":"en-GB"},{"@type":"Organization","@id":"https:\/\/shop.bjerring-sales.dk\/#organization","name":"Bjerring Sales","url":"https:\/\/shop.bjerring-sales.dk\/","logo":{"@type":"ImageObject","inLanguage":"en-GB","@id":"https:\/\/shop.bjerring-sales.dk\/#\/schema\/logo\/image\/","url":"https:\/\/shop.bjerring-sales.dk\/wp-content\/uploads\/2023\/01\/logo_sv.png","contentUrl":"https:\/\/shop.bjerring-sales.dk\/wp-content\/uploads\/2023\/01\/logo_sv.png","width":195,"height":68,"caption":"Bjerring-Sales"},"image":{"@id":"https:\/\/shop.bjerring-sales.dk\/#\/schema\/logo\/image\/"}}]}},"_links":{"self":[{"href":"https:\/\/shop.bjerring-sales.dk\/en\/wp-json\/wp\/v2\/product\/91459","targetHints":{"allow":["GET"]}}],"collection":[{"href":"https:\/\/shop.bjerring-sales.dk\/en\/wp-json\/wp\/v2\/product"}],"about":[{"href":"https:\/\/shop.bjerring-sales.dk\/en\/wp-json\/wp\/v2\/types\/product"}],"wp:featuredmedia":[{"embeddable":true,"href":"https:\/\/shop.bjerring-sales.dk\/en\/wp-json\/wp\/v2\/media\/91460"}],"wp:attachment":[{"href":"https:\/\/shop.bjerring-sales.dk\/en\/wp-json\/wp\/v2\/media?parent=91459"}],"wp:term":[{"taxonomy":"product_brand","embeddable":true,"href":"https:\/\/shop.bjerring-sales.dk\/en\/wp-json\/wp\/v2\/product_brand?post=91459"},{"taxonomy":"product_cat","embeddable":true,"href":"https:\/\/shop.bjerring-sales.dk\/en\/wp-json\/wp\/v2\/product_cat?post=91459"},{"taxonomy":"product_tag","embeddable":true,"href":"https:\/\/shop.bjerring-sales.dk\/en\/wp-json\/wp\/v2\/product_tag?post=91459"}],"curies":[{"name":"wp","href":"https:\/\/api.w.org\/{rel}","templated":true}]}}