{"id":91357,"date":"2022-12-13T15:41:28","date_gmt":"2022-12-13T14:41:28","guid":{"rendered":"https:\/\/pule.se\/produkt\/famos-139rs-kontorsstol\/"},"modified":"2024-03-19T20:34:54","modified_gmt":"2024-03-19T19:34:54","slug":"famos-139rs-kontorsstol","status":"publish","type":"product","link":"https:\/\/shop.bjerring-sales.dk\/en\/product\/famos-139rs-kontorsstol\/","title":{"rendered":"Famos 139RS \u2013 Office chair"},"content":{"rendered":"<div class=\"wpb-content-wrapper\"><div class=\"vc_row wpb_row vc_row-fluid\"><div class=\"wpb_column vc_column_container vc_col-sm-12\"><div class=\"vc_column-inner\"><div class=\"wpb_wrapper\">\n\t<div class=\"wpb_text_column wpb_content_element\" >\n\t\t<div class=\"wpb_wrapper\">\n\t\t\t<p><span style=\"font-size: 18pt\"><span style=\"font-size: 24pt\">A comfortable office chair with perfectly balanced ergonomics<br \/>\n<\/span><\/span>Simply sit comfortably! The Famos 139RS office chair has been designed with a focus on perfectly balanced ergonomics. The individually adjustable lumbar supports provide perfect support for the lower back and therefore ensure a healthy sitting position at the workplace. The responsiveness of the synchronous mechanism automatically adapts to the user and encourages them to frequently change their sitting position.<\/p>\n\n\t\t<\/div>\n\t<\/div>\n<\/div><\/div><\/div><\/div><div class=\"vc_row wpb_row vc_row-fluid\"><div class=\"wpb_column vc_column_container vc_col-sm-12\"><div class=\"vc_column-inner\"><div class=\"wpb_wrapper\">\n\t<div  class=\"wpb_single_image wpb_content_element vc_align_center\">\n\t\t\n\t\t<figure class=\"wpb_wrapper vc_figure\">\n\t\t\t<div class=\"vc_single_image-wrapper vc_box_shadow_border  vc_box_border_grey\"><img loading=\"lazy\" decoding=\"async\" width=\"1150\" height=\"500\" src=\"https:\/\/shop.bjerring-sales.dk\/wp-content\/uploads\/2022\/12\/famos139rs-stol.jpg\" class=\"vc_single_image-img attachment-full\" alt=\"\" title=\"famos139rs chair\" srcset=\"https:\/\/shop.bjerring-sales.dk\/wp-content\/uploads\/2022\/12\/famos139rs-stol.jpg 1150w, https:\/\/shop.bjerring-sales.dk\/wp-content\/uploads\/2022\/12\/famos139rs-stol-150x65.jpg 150w, https:\/\/shop.bjerring-sales.dk\/wp-content\/uploads\/2022\/12\/famos139rs-stol-600x261.jpg 600w, https:\/\/shop.bjerring-sales.dk\/wp-content\/uploads\/2022\/12\/famos139rs-stol-300x130.jpg 300w, https:\/\/shop.bjerring-sales.dk\/wp-content\/uploads\/2022\/12\/famos139rs-stol-1024x445.jpg 1024w, https:\/\/shop.bjerring-sales.dk\/wp-content\/uploads\/2022\/12\/famos139rs-stol-768x334.jpg 768w\" sizes=\"auto, (max-width: 1150px) 100vw, 1150px\" \/><\/div>\n\t\t<\/figure>\n\t<\/div>\n<\/div><\/div><\/div><\/div><div class=\"vc_row wpb_row vc_row-fluid\"><div class=\"wpb_column vc_column_container vc_col-sm-6\"><div class=\"vc_column-inner\"><div class=\"wpb_wrapper\">\n\t<div class=\"wpb_text_column wpb_content_element\" >\n\t\t<div class=\"wpb_wrapper\">\n\t\t\t<p><span style=\"font-size: 18pt\">Specifications<\/span><\/p>\n<ul>\n<li>Backrest: Upholstery<\/li>\n<li>Color of backrest: Lucia black (5800 \/ YP009)<\/li>\n<li>Color of frame: Polyamide, black<\/li>\n<li>Lumbar support: Adjustable lumbar support<\/li>\n<li>Color of lumbar support: Polyamide, black<\/li>\n<li>Armrest: 4D<\/li>\n<li>Color of armrest: Polyamide, black<\/li>\n<li>Seat: Upholstery<\/li>\n<li>Color of seat: Lucia black (5800 \/ YP009)<\/li>\n<li>Seat depth: Adjustable (autolift mechanism)<\/li>\n<li>Seat angle: Adjustable<\/li>\n<li>Wheels: Soft double wheels<\/li>\n<li>Color of wheels: black<\/li>\n<li>Delivery: Unassembled<\/li>\n<\/ul>\n\n\t\t<\/div>\n\t<\/div>\n<\/div><\/div><\/div><div class=\"wpb_column vc_column_container vc_col-sm-6\"><div class=\"vc_column-inner\"><div class=\"wpb_wrapper\">\n\t<div class=\"wpb_text_column wpb_content_element\" >\n\t\t<div class=\"wpb_wrapper\">\n\t\t\t<p><span style=\"font-size: 18pt\">Measure<\/span><\/p>\n<ul>\n<li>Overall dimensions: 1095x640x640 mm<\/li>\n<li>Seat height: 420-540 mm<\/li>\n<li>Seat width: 470 mm<\/li>\n<li>Seat depth: 390-470 mm<\/li>\n<\/ul>\n<p><span style=\"font-size: 18pt\">Weight<\/span><\/p>\n<ul>\n<li>18.4 kg<\/li>\n<\/ul>\n\n\t\t<\/div>\n\t<\/div>\n<\/div><\/div><\/div><\/div>\n<\/div>","protected":false},"excerpt":{"rendered":"<p>Simply sit comfortably! The Famos 139RS office chair has been designed with a focus on perfectly balanced ergonomics. The individually adjustable lumbar supports provide perfect support for the lower back and therefore ensure a healthy sitting position at the workplace.<\/p>","protected":false},"featured_media":95882,"template":"","meta":{"iawp_total_views":11},"product_brand":[],"product_cat":[5826,5827,6025,6349],"product_tag":[6032,5793,5875,5876,6031],"class_list":{"0":"post-91357","1":"product","2":"type-product","3":"status-publish","4":"has-post-thumbnail","6":"product_cat-skrivbordsstolar","7":"product_cat-kontorsstolar","8":"product_cat-ergonomiskt-sittande","9":"product_cat-interstuhl","10":"product_tag-skrivbordsstol","11":"product_tag-ergonomi","12":"product_tag-kontorsstol","13":"product_tag-interstuhl","14":"product_tag-ergonomiskt-sittande","16":"first","17":"instock","18":"taxable","19":"shipping-taxable","20":"purchasable","21":"product-type-simple"},"yoast_head":"<!-- This site is optimized with the Yoast SEO plugin v27.0 - https:\/\/yoast.com\/product\/yoast-seo-wordpress\/ -->\n<title>Famos 139RS - Kontorsstol - Bjerring-Sales<\/title>\n<meta name=\"description\" content=\"Sitt bekv\u00e4mt helt enkelt! Kontorsstolen Famos 139RS har designats med fokus p\u00e5 perfekt balanserad ergonomi. De individuellt justerbara l\u00e4ndryggsst\u00f6den ger perfekt st\u00f6d \u00e5t nedre delen av ryggen och s\u00e4kerst\u00e4ller d\u00e4rf\u00f6r en h\u00e4lsosam sittande p\u00e5 arbetsplatsen.\" \/>\n<meta name=\"robots\" content=\"index, follow, max-snippet:-1, max-image-preview:large, max-video-preview:-1\" \/>\n<link rel=\"canonical\" href=\"https:\/\/shop.bjerring-sales.dk\/en\/product\/famos-139rs-kontorsstol\/\" \/>\n<meta property=\"og:locale\" content=\"en_GB\" \/>\n<meta property=\"og:type\" content=\"article\" \/>\n<meta property=\"og:title\" content=\"Famos 139RS \u2013 En bekv\u00e4m kontorsstol med perfekt balanserad ergonomi\" \/>\n<meta property=\"og:description\" content=\"Sitt bekv\u00e4mt helt enkelt! Kontorsstolen Famos 139RS har designats med fokus p\u00e5 perfekt balanserad ergonomi. De individuellt justerbara l\u00e4ndryggsst\u00f6den ger perfekt st\u00f6d \u00e5t nedre delen av ryggen och s\u00e4kerst\u00e4ller d\u00e4rf\u00f6r en h\u00e4lsosam sittande p\u00e5 arbetsplatsen.\" \/>\n<meta property=\"og:url\" content=\"https:\/\/shop.bjerring-sales.dk\/en\/product\/famos-139rs-kontorsstol\/\" \/>\n<meta property=\"og:site_name\" content=\"Bjerring-Sales\" \/>\n<meta property=\"article:modified_time\" content=\"2024-03-19T19:34:54+00:00\" \/>\n<meta property=\"og:image\" content=\"https:\/\/shop.bjerring-sales.dk\/wp-content\/uploads\/2022\/12\/famos139rs-stol.jpg\" \/>\n\t<meta property=\"og:image:width\" content=\"1150\" \/>\n\t<meta property=\"og:image:height\" content=\"500\" \/>\n\t<meta property=\"og:image:type\" content=\"image\/jpeg\" \/>\n<meta name=\"twitter:card\" content=\"summary_large_image\" \/>\n<meta name=\"twitter:title\" content=\"Famos 139RS \u2013 En bekv\u00e4m kontorsstol med perfekt balanserad ergonomi\" \/>\n<meta name=\"twitter:description\" content=\"Sitt bekv\u00e4mt helt enkelt! Kontorsstolen Famos 139RS har designats med fokus p\u00e5 perfekt balanserad ergonomi. De individuellt justerbara l\u00e4ndryggsst\u00f6den ger perfekt st\u00f6d \u00e5t nedre delen av ryggen och s\u00e4kerst\u00e4ller d\u00e4rf\u00f6r en h\u00e4lsosam sittande p\u00e5 arbetsplatsen.\" \/>\n<meta name=\"twitter:image\" content=\"https:\/\/shop.bjerring-sales.dk\/wp-content\/uploads\/2022\/12\/famos139rs-stol.jpg\" \/>\n<meta name=\"twitter:label1\" content=\"Estimated reading time\" \/>\n\t<meta name=\"twitter:data1\" content=\"1 minute\" \/>\n<script type=\"application\/ld+json\" class=\"yoast-schema-graph\">{\"@context\":\"https:\/\/schema.org\",\"@graph\":[{\"@type\":\"WebPage\",\"@id\":\"https:\/\/shop.bjerring-sales.dk\/sv\/produkt\/famos-139rs-kontorsstol\/\",\"url\":\"https:\/\/shop.bjerring-sales.dk\/sv\/produkt\/famos-139rs-kontorsstol\/\",\"name\":\"Famos 139RS - Kontorsstol - Bjerring-Sales\",\"isPartOf\":{\"@id\":\"https:\/\/shop.bjerring-sales.dk\/#website\"},\"primaryImageOfPage\":{\"@id\":\"https:\/\/shop.bjerring-sales.dk\/sv\/produkt\/famos-139rs-kontorsstol\/#primaryimage\"},\"image\":{\"@id\":\"https:\/\/shop.bjerring-sales.dk\/sv\/produkt\/famos-139rs-kontorsstol\/#primaryimage\"},\"thumbnailUrl\":\"https:\/\/shop.bjerring-sales.dk\/wp-content\/uploads\/2024\/03\/139RS_5800_S1-1.jpg\",\"datePublished\":\"2022-12-13T14:41:28+00:00\",\"dateModified\":\"2024-03-19T19:34:54+00:00\",\"description\":\"Sitt bekv\u00e4mt helt enkelt! Kontorsstolen Famos 139RS har designats med fokus p\u00e5 perfekt balanserad ergonomi. De individuellt justerbara l\u00e4ndryggsst\u00f6den ger perfekt st\u00f6d \u00e5t nedre delen av ryggen och s\u00e4kerst\u00e4ller d\u00e4rf\u00f6r en h\u00e4lsosam sittande p\u00e5 arbetsplatsen.\",\"breadcrumb\":{\"@id\":\"https:\/\/shop.bjerring-sales.dk\/sv\/produkt\/famos-139rs-kontorsstol\/#breadcrumb\"},\"inLanguage\":\"en-GB\",\"potentialAction\":[{\"@type\":\"ReadAction\",\"target\":[\"https:\/\/shop.bjerring-sales.dk\/sv\/produkt\/famos-139rs-kontorsstol\/\"]}]},{\"@type\":\"ImageObject\",\"inLanguage\":\"en-GB\",\"@id\":\"https:\/\/shop.bjerring-sales.dk\/sv\/produkt\/famos-139rs-kontorsstol\/#primaryimage\",\"url\":\"https:\/\/shop.bjerring-sales.dk\/wp-content\/uploads\/2024\/03\/139RS_5800_S1-1.jpg\",\"contentUrl\":\"https:\/\/shop.bjerring-sales.dk\/wp-content\/uploads\/2024\/03\/139RS_5800_S1-1.jpg\",\"width\":800,\"height\":800},{\"@type\":\"BreadcrumbList\",\"@id\":\"https:\/\/shop.bjerring-sales.dk\/sv\/produkt\/famos-139rs-kontorsstol\/#breadcrumb\",\"itemListElement\":[{\"@type\":\"ListItem\",\"position\":1,\"name\":\"Hem\",\"item\":\"https:\/\/shop.bjerring-sales.dk\/\"},{\"@type\":\"ListItem\",\"position\":2,\"name\":\"Webbutik\",\"item\":\"https:\/\/shop.bjerring-sales.dk\/butik\/\"},{\"@type\":\"ListItem\",\"position\":3,\"name\":\"Famos 139RS &#8211; Kontorsstol\"}]},{\"@type\":\"WebSite\",\"@id\":\"https:\/\/shop.bjerring-sales.dk\/#website\",\"url\":\"https:\/\/shop.bjerring-sales.dk\/\",\"name\":\"Bjerring-Sales\",\"description\":\"M\u00f6bler f\u00f6r teatrar, skolor, kontor och k\u00f6pcentrum\",\"publisher\":{\"@id\":\"https:\/\/shop.bjerring-sales.dk\/#organization\"},\"potentialAction\":[{\"@type\":\"SearchAction\",\"target\":{\"@type\":\"EntryPoint\",\"urlTemplate\":\"https:\/\/shop.bjerring-sales.dk\/?s={search_term_string}\"},\"query-input\":{\"@type\":\"PropertyValueSpecification\",\"valueRequired\":true,\"valueName\":\"search_term_string\"}}],\"inLanguage\":\"en-GB\"},{\"@type\":\"Organization\",\"@id\":\"https:\/\/shop.bjerring-sales.dk\/#organization\",\"name\":\"Bjerring-Sales\",\"url\":\"https:\/\/shop.bjerring-sales.dk\/\",\"logo\":{\"@type\":\"ImageObject\",\"inLanguage\":\"en-GB\",\"@id\":\"https:\/\/shop.bjerring-sales.dk\/#\/schema\/logo\/image\/\",\"url\":\"https:\/\/shop.bjerring-sales.dk\/wp-content\/uploads\/2023\/01\/logo_sv.png\",\"contentUrl\":\"https:\/\/shop.bjerring-sales.dk\/wp-content\/uploads\/2023\/01\/logo_sv.png\",\"width\":195,\"height\":68,\"caption\":\"Bjerring-Sales\"},\"image\":{\"@id\":\"https:\/\/shop.bjerring-sales.dk\/#\/schema\/logo\/image\/\"}}]}<\/script>\n<!-- \/ Yoast SEO plugin. -->","yoast_head_json":{"title":"Famos 139RS - Kontorsstol - Bjerring-Sales","description":"Simply sit comfortably! The Famos 139RS office chair has been designed with a focus on perfectly balanced ergonomics. The individually adjustable lumbar supports provide perfect support for the lower back and therefore ensure a healthy sitting position at the workplace.","robots":{"index":"index","follow":"follow","max-snippet":"max-snippet:-1","max-image-preview":"max-image-preview:large","max-video-preview":"max-video-preview:-1"},"canonical":"https:\/\/shop.bjerring-sales.dk\/en\/product\/famos-139rs-kontorsstol\/","og_locale":"en_GB","og_type":"article","og_title":"Famos 139RS \u2013 En bekv\u00e4m kontorsstol med perfekt balanserad ergonomi","og_description":"Sitt bekv\u00e4mt helt enkelt! Kontorsstolen Famos 139RS har designats med fokus p\u00e5 perfekt balanserad ergonomi. De individuellt justerbara l\u00e4ndryggsst\u00f6den ger perfekt st\u00f6d \u00e5t nedre delen av ryggen och s\u00e4kerst\u00e4ller d\u00e4rf\u00f6r en h\u00e4lsosam sittande p\u00e5 arbetsplatsen.","og_url":"https:\/\/shop.bjerring-sales.dk\/en\/product\/famos-139rs-kontorsstol\/","og_site_name":"Bjerring-Sales","article_modified_time":"2024-03-19T19:34:54+00:00","og_image":[{"width":1150,"height":500,"url":"https:\/\/shop.bjerring-sales.dk\/wp-content\/uploads\/2022\/12\/famos139rs-stol.jpg","type":"image\/jpeg"}],"twitter_card":"summary_large_image","twitter_title":"Famos 139RS \u2013 En bekv\u00e4m kontorsstol med perfekt balanserad ergonomi","twitter_description":"Sitt bekv\u00e4mt helt enkelt! Kontorsstolen Famos 139RS har designats med fokus p\u00e5 perfekt balanserad ergonomi. De individuellt justerbara l\u00e4ndryggsst\u00f6den ger perfekt st\u00f6d \u00e5t nedre delen av ryggen och s\u00e4kerst\u00e4ller d\u00e4rf\u00f6r en h\u00e4lsosam sittande p\u00e5 arbetsplatsen.","twitter_image":"https:\/\/shop.bjerring-sales.dk\/wp-content\/uploads\/2022\/12\/famos139rs-stol.jpg","twitter_misc":{"Estimated reading time":"1 minute"},"schema":{"@context":"https:\/\/schema.org","@graph":[{"@type":"WebPage","@id":"https:\/\/shop.bjerring-sales.dk\/sv\/produkt\/famos-139rs-kontorsstol\/","url":"https:\/\/shop.bjerring-sales.dk\/sv\/produkt\/famos-139rs-kontorsstol\/","name":"Famos 139RS - Kontorsstol - Bjerring-Sales","isPartOf":{"@id":"https:\/\/shop.bjerring-sales.dk\/#website"},"primaryImageOfPage":{"@id":"https:\/\/shop.bjerring-sales.dk\/sv\/produkt\/famos-139rs-kontorsstol\/#primaryimage"},"image":{"@id":"https:\/\/shop.bjerring-sales.dk\/sv\/produkt\/famos-139rs-kontorsstol\/#primaryimage"},"thumbnailUrl":"https:\/\/shop.bjerring-sales.dk\/wp-content\/uploads\/2024\/03\/139RS_5800_S1-1.jpg","datePublished":"2022-12-13T14:41:28+00:00","dateModified":"2024-03-19T19:34:54+00:00","description":"Simply sit comfortably! The Famos 139RS office chair has been designed with a focus on perfectly balanced ergonomics. The individually adjustable lumbar supports provide perfect support for the lower back and therefore ensure a healthy sitting position at the workplace.","breadcrumb":{"@id":"https:\/\/shop.bjerring-sales.dk\/sv\/produkt\/famos-139rs-kontorsstol\/#breadcrumb"},"inLanguage":"en-GB","potentialAction":[{"@type":"ReadAction","target":["https:\/\/shop.bjerring-sales.dk\/sv\/produkt\/famos-139rs-kontorsstol\/"]}]},{"@type":"ImageObject","inLanguage":"en-GB","@id":"https:\/\/shop.bjerring-sales.dk\/sv\/produkt\/famos-139rs-kontorsstol\/#primaryimage","url":"https:\/\/shop.bjerring-sales.dk\/wp-content\/uploads\/2024\/03\/139RS_5800_S1-1.jpg","contentUrl":"https:\/\/shop.bjerring-sales.dk\/wp-content\/uploads\/2024\/03\/139RS_5800_S1-1.jpg","width":800,"height":800},{"@type":"BreadcrumbList","@id":"https:\/\/shop.bjerring-sales.dk\/sv\/produkt\/famos-139rs-kontorsstol\/#breadcrumb","itemListElement":[{"@type":"ListItem","position":1,"name":"Hem","item":"https:\/\/shop.bjerring-sales.dk\/"},{"@type":"ListItem","position":2,"name":"Webbutik","item":"https:\/\/shop.bjerring-sales.dk\/butik\/"},{"@type":"ListItem","position":3,"name":"Famos 139RS &#8211; Kontorsstol"}]},{"@type":"WebSite","@id":"https:\/\/shop.bjerring-sales.dk\/#website","url":"https:\/\/shop.bjerring-sales.dk\/","name":"Bjerring Sales","description":"Furniture for theatres, schools, offices and shopping centres","publisher":{"@id":"https:\/\/shop.bjerring-sales.dk\/#organization"},"potentialAction":[{"@type":"SearchAction","target":{"@type":"EntryPoint","urlTemplate":"https:\/\/shop.bjerring-sales.dk\/?s={search_term_string}"},"query-input":{"@type":"PropertyValueSpecification","valueRequired":true,"valueName":"search_term_string"}}],"inLanguage":"en-GB"},{"@type":"Organization","@id":"https:\/\/shop.bjerring-sales.dk\/#organization","name":"Bjerring Sales","url":"https:\/\/shop.bjerring-sales.dk\/","logo":{"@type":"ImageObject","inLanguage":"en-GB","@id":"https:\/\/shop.bjerring-sales.dk\/#\/schema\/logo\/image\/","url":"https:\/\/shop.bjerring-sales.dk\/wp-content\/uploads\/2023\/01\/logo_sv.png","contentUrl":"https:\/\/shop.bjerring-sales.dk\/wp-content\/uploads\/2023\/01\/logo_sv.png","width":195,"height":68,"caption":"Bjerring-Sales"},"image":{"@id":"https:\/\/shop.bjerring-sales.dk\/#\/schema\/logo\/image\/"}}]}},"_links":{"self":[{"href":"https:\/\/shop.bjerring-sales.dk\/en\/wp-json\/wp\/v2\/product\/91357","targetHints":{"allow":["GET"]}}],"collection":[{"href":"https:\/\/shop.bjerring-sales.dk\/en\/wp-json\/wp\/v2\/product"}],"about":[{"href":"https:\/\/shop.bjerring-sales.dk\/en\/wp-json\/wp\/v2\/types\/product"}],"wp:featuredmedia":[{"embeddable":true,"href":"https:\/\/shop.bjerring-sales.dk\/en\/wp-json\/wp\/v2\/media\/95882"}],"wp:attachment":[{"href":"https:\/\/shop.bjerring-sales.dk\/en\/wp-json\/wp\/v2\/media?parent=91357"}],"wp:term":[{"taxonomy":"product_brand","embeddable":true,"href":"https:\/\/shop.bjerring-sales.dk\/en\/wp-json\/wp\/v2\/product_brand?post=91357"},{"taxonomy":"product_cat","embeddable":true,"href":"https:\/\/shop.bjerring-sales.dk\/en\/wp-json\/wp\/v2\/product_cat?post=91357"},{"taxonomy":"product_tag","embeddable":true,"href":"https:\/\/shop.bjerring-sales.dk\/en\/wp-json\/wp\/v2\/product_tag?post=91357"}],"curies":[{"name":"wp","href":"https:\/\/api.w.org\/{rel}","templated":true}]}}