{"id":91353,"date":"2022-12-13T16:43:19","date_gmt":"2022-12-13T15:43:19","guid":{"rendered":"https:\/\/pule.se\/produkt\/famos-179rs-kontorsstol\/"},"modified":"2026-03-04T17:08:18","modified_gmt":"2026-03-04T16:08:18","slug":"famos-179rs-kontorsstol","status":"publish","type":"product","link":"https:\/\/shop.bjerring-sales.dk\/en\/product\/famos-179rs-kontorsstol\/","title":{"rendered":"Famos 179RS \u2013 Office chair with headrest"},"content":{"rendered":"<div class=\"wpb-content-wrapper\"><div class=\"vc_row wpb_row vc_row-fluid\"><div class=\"wpb_column vc_column_container vc_col-sm-12\"><div class=\"vc_column-inner\"><div class=\"wpb_wrapper\">\n\t<div class=\"wpb_text_column wpb_content_element\" >\n\t\t<div class=\"wpb_wrapper\">\n\t\t\t<p><span style=\"font-size: 24pt\">An ergonomic office chair with perfect support for the neck<br \/>\n<\/span>The successful model Famos 179RS impresses in many aspects: It perfectly supports the lower back and therefore also ensures that the neck and shoulder area is relaxed. Thanks to the ergonomic headrest, the cervical spine is perfectly relieved when leaning, which protects the intervertebral disks. Even when leaning for a short time during a phone call, the entire back is relieved - this prevents tension.<\/p>\n\n\t\t<\/div>\n\t<\/div>\n<\/div><\/div><\/div><\/div><div class=\"vc_row wpb_row vc_row-fluid\"><div class=\"wpb_column vc_column_container vc_col-sm-12\"><div class=\"vc_column-inner\"><div class=\"wpb_wrapper\">\n\t<div  class=\"wpb_single_image wpb_content_element vc_align_center\">\n\t\t\n\t\t<figure class=\"wpb_wrapper vc_figure\">\n\t\t\t<div class=\"vc_single_image-wrapper vc_box_shadow_border  vc_box_border_grey\"><img loading=\"lazy\" decoding=\"async\" width=\"1150\" height=\"500\" src=\"https:\/\/shop.bjerring-sales.dk\/wp-content\/uploads\/2022\/12\/famos179rs-stol.jpg\" class=\"vc_single_image-img attachment-full\" alt=\"\" title=\"famos179rs chair\" srcset=\"https:\/\/shop.bjerring-sales.dk\/wp-content\/uploads\/2022\/12\/famos179rs-stol.jpg 1150w, https:\/\/shop.bjerring-sales.dk\/wp-content\/uploads\/2022\/12\/famos179rs-stol-150x65.jpg 150w, https:\/\/shop.bjerring-sales.dk\/wp-content\/uploads\/2022\/12\/famos179rs-stol-600x261.jpg 600w, https:\/\/shop.bjerring-sales.dk\/wp-content\/uploads\/2022\/12\/famos179rs-stol-300x130.jpg 300w, https:\/\/shop.bjerring-sales.dk\/wp-content\/uploads\/2022\/12\/famos179rs-stol-1024x445.jpg 1024w, https:\/\/shop.bjerring-sales.dk\/wp-content\/uploads\/2022\/12\/famos179rs-stol-768x334.jpg 768w\" sizes=\"auto, (max-width: 1150px) 100vw, 1150px\" \/><\/div>\n\t\t<\/figure>\n\t<\/div>\n<\/div><\/div><\/div><\/div><div class=\"vc_row wpb_row vc_row-fluid\"><div class=\"wpb_column vc_column_container vc_col-sm-6\"><div class=\"vc_column-inner\"><div class=\"wpb_wrapper\">\n\t<div class=\"wpb_text_column wpb_content_element\" >\n\t\t<div class=\"wpb_wrapper\">\n\t\t\t<p><span style=\"font-size: 18pt\">Specifications<\/span><\/p>\n<ul>\n<li>Color of backrest: Lucia black (5800 \/ YP009)<\/li>\n<li>Color of frame: Polyamide, black<\/li>\n<li>Lumbar support: Adjustable lumbar support<\/li>\n<li>Color of lumbar support: Polyamide, black<\/li>\n<li>Armrest: 4D<\/li>\n<li>Color of armrest: Polyamide, black<\/li>\n<li>Seat: Upholstery<\/li>\n<li>Color of seat: Lucia black (5800 \/ YP009)<\/li>\n<li>Seat depth: Adjustable (autolift mechanism)<\/li>\n<li>Seat angle: Adjustable<\/li>\n<li>Wheels: Soft double wheels<\/li>\n<li>Color of wheels: black<\/li>\n<li>Delivery: Unassembled<\/li>\n<\/ul>\n\n\t\t<\/div>\n\t<\/div>\n<\/div><\/div><\/div><div class=\"wpb_column vc_column_container vc_col-sm-6\"><div class=\"vc_column-inner\"><div class=\"wpb_wrapper\">\n\t<div class=\"wpb_text_column wpb_content_element\" >\n\t\t<div class=\"wpb_wrapper\">\n\t\t\t<p><span style=\"font-size: 18pt\">Measure<\/span><\/p>\n<ul>\n<li>Overall dimensions: 1340x640x640 mm<\/li>\n<li>Seat height: 420-540 mm<\/li>\n<li>Seat width: 470 mm<\/li>\n<li>Seat depth: 390-470 mm<\/li>\n<\/ul>\n<p><span style=\"font-size: 18pt\">Weight<\/span><\/p>\n<ul>\n<li>19.6 kg<\/li>\n<\/ul>\n\n\t\t<\/div>\n\t<\/div>\n<\/div><\/div><\/div><\/div>\n<\/div>","protected":false},"excerpt":{"rendered":"<p>The successful model Famos 179RS impresses in many aspects: It perfectly supports the lower back and therefore also ensures that the neck and shoulder area is relaxed. Thanks to the ergonomic headrest, the cervical spine is perfectly relieved when leaning.<\/p>","protected":false},"featured_media":98655,"template":"","meta":{"iawp_total_views":37},"product_brand":[],"product_cat":[5826,5827,6025,6349],"product_tag":[5793,5875,5876,6031,6032,6330],"class_list":{"0":"post-91353","1":"product","2":"type-product","3":"status-publish","4":"has-post-thumbnail","6":"product_cat-skrivbordsstolar","7":"product_cat-kontorsstolar","8":"product_cat-ergonomiskt-sittande","9":"product_cat-interstuhl","10":"product_tag-ergonomi","11":"product_tag-kontorsstol","12":"product_tag-interstuhl","13":"product_tag-ergonomiskt-sittande","14":"product_tag-skrivbordsstol","15":"product_tag-famos-179rs","17":"first","18":"instock","19":"taxable","20":"shipping-taxable","21":"purchasable","22":"product-type-simple"},"yoast_head":"<!-- This site is optimized with the Yoast SEO plugin v27.0 - https:\/\/yoast.com\/product\/yoast-seo-wordpress\/ -->\n<title>Famos 179RS - Kontorsstol med nackst\u00f6d - Bjerring-Sales<\/title>\n<meta name=\"description\" content=\"Den framg\u00e5ngsrika modellen Famos 179RS imponerar i m\u00e5nga aspekter: Den st\u00f6der perfekt nedre delen av ryggen och ser d\u00e4rf\u00f6r ocks\u00e5 till att nacke- och axelpartiet \u00e4r avslappnat.\" \/>\n<meta name=\"robots\" content=\"index, follow, max-snippet:-1, max-image-preview:large, max-video-preview:-1\" \/>\n<link rel=\"canonical\" href=\"https:\/\/shop.bjerring-sales.dk\/en\/product\/famos-179rs-kontorsstol\/\" \/>\n<meta property=\"og:locale\" content=\"en_GB\" \/>\n<meta property=\"og:type\" content=\"article\" \/>\n<meta property=\"og:title\" content=\"Famos 179RS \u2013 En ergonomisk kontorsstol med perfekt st\u00f6d f\u00f6r nacken\" \/>\n<meta property=\"og:description\" content=\"Den framg\u00e5ngsrika modellen Famos 179RS imponerar i m\u00e5nga aspekter: Den st\u00f6der perfekt nedre delen av ryggen och ser d\u00e4rf\u00f6r ocks\u00e5 till att nacke- och axelpartiet \u00e4r avslappnat.\" \/>\n<meta property=\"og:url\" content=\"https:\/\/shop.bjerring-sales.dk\/en\/product\/famos-179rs-kontorsstol\/\" \/>\n<meta property=\"og:site_name\" content=\"Bjerring-Sales\" \/>\n<meta property=\"article:modified_time\" content=\"2026-03-04T16:08:18+00:00\" \/>\n<meta property=\"og:image\" content=\"https:\/\/shop.bjerring-sales.dk\/wp-content\/uploads\/2022\/12\/famos179rs-stol.jpg\" \/>\n\t<meta property=\"og:image:width\" content=\"1150\" \/>\n\t<meta property=\"og:image:height\" content=\"500\" \/>\n\t<meta property=\"og:image:type\" content=\"image\/jpeg\" \/>\n<meta name=\"twitter:card\" content=\"summary_large_image\" \/>\n<meta name=\"twitter:title\" content=\"Famos 179RS \u2013 En ergonomisk kontorsstol med perfekt st\u00f6d f\u00f6r nacken\" \/>\n<meta name=\"twitter:description\" content=\"Den framg\u00e5ngsrika modellen Famos 179RS imponerar i m\u00e5nga aspekter: Den st\u00f6der perfekt nedre delen av ryggen och ser d\u00e4rf\u00f6r ocks\u00e5 till att nacke- och axelpartiet \u00e4r avslappnat.\" \/>\n<meta name=\"twitter:image\" content=\"https:\/\/shop.bjerring-sales.dk\/wp-content\/uploads\/2022\/12\/famos179rs-stol.jpg\" \/>\n<meta name=\"twitter:label1\" content=\"Estimated reading time\" \/>\n\t<meta name=\"twitter:data1\" content=\"1 minute\" \/>\n<script type=\"application\/ld+json\" class=\"yoast-schema-graph\">{\"@context\":\"https:\/\/schema.org\",\"@graph\":[{\"@type\":\"WebPage\",\"@id\":\"https:\/\/shop.bjerring-sales.dk\/sv\/produkt\/famos-179rs-kontorsstol\/\",\"url\":\"https:\/\/shop.bjerring-sales.dk\/sv\/produkt\/famos-179rs-kontorsstol\/\",\"name\":\"Famos 179RS - Kontorsstol med nackst\u00f6d - Bjerring-Sales\",\"isPartOf\":{\"@id\":\"https:\/\/shop.bjerring-sales.dk\/#website\"},\"primaryImageOfPage\":{\"@id\":\"https:\/\/shop.bjerring-sales.dk\/sv\/produkt\/famos-179rs-kontorsstol\/#primaryimage\"},\"image\":{\"@id\":\"https:\/\/shop.bjerring-sales.dk\/sv\/produkt\/famos-179rs-kontorsstol\/#primaryimage\"},\"thumbnailUrl\":\"https:\/\/shop.bjerring-sales.dk\/wp-content\/uploads\/2024\/09\/179RS_5800_S1.jpg\",\"datePublished\":\"2022-12-13T15:43:19+00:00\",\"dateModified\":\"2026-03-04T16:08:18+00:00\",\"description\":\"Den framg\u00e5ngsrika modellen Famos 179RS imponerar i m\u00e5nga aspekter: Den st\u00f6der perfekt nedre delen av ryggen och ser d\u00e4rf\u00f6r ocks\u00e5 till att nacke- och axelpartiet \u00e4r avslappnat.\",\"breadcrumb\":{\"@id\":\"https:\/\/shop.bjerring-sales.dk\/sv\/produkt\/famos-179rs-kontorsstol\/#breadcrumb\"},\"inLanguage\":\"en-GB\",\"potentialAction\":[{\"@type\":\"ReadAction\",\"target\":[\"https:\/\/shop.bjerring-sales.dk\/sv\/produkt\/famos-179rs-kontorsstol\/\"]}]},{\"@type\":\"ImageObject\",\"inLanguage\":\"en-GB\",\"@id\":\"https:\/\/shop.bjerring-sales.dk\/sv\/produkt\/famos-179rs-kontorsstol\/#primaryimage\",\"url\":\"https:\/\/shop.bjerring-sales.dk\/wp-content\/uploads\/2024\/09\/179RS_5800_S1.jpg\",\"contentUrl\":\"https:\/\/shop.bjerring-sales.dk\/wp-content\/uploads\/2024\/09\/179RS_5800_S1.jpg\",\"width\":800,\"height\":800},{\"@type\":\"BreadcrumbList\",\"@id\":\"https:\/\/shop.bjerring-sales.dk\/sv\/produkt\/famos-179rs-kontorsstol\/#breadcrumb\",\"itemListElement\":[{\"@type\":\"ListItem\",\"position\":1,\"name\":\"Hem\",\"item\":\"https:\/\/shop.bjerring-sales.dk\/\"},{\"@type\":\"ListItem\",\"position\":2,\"name\":\"Webbutik\",\"item\":\"https:\/\/shop.bjerring-sales.dk\/butik\/\"},{\"@type\":\"ListItem\",\"position\":3,\"name\":\"Famos 179RS &#8211; Kontorsstol med nackst\u00f6d\"}]},{\"@type\":\"WebSite\",\"@id\":\"https:\/\/shop.bjerring-sales.dk\/#website\",\"url\":\"https:\/\/shop.bjerring-sales.dk\/\",\"name\":\"Bjerring-Sales\",\"description\":\"M\u00f6bler f\u00f6r teatrar, skolor, kontor och k\u00f6pcentrum\",\"publisher\":{\"@id\":\"https:\/\/shop.bjerring-sales.dk\/#organization\"},\"potentialAction\":[{\"@type\":\"SearchAction\",\"target\":{\"@type\":\"EntryPoint\",\"urlTemplate\":\"https:\/\/shop.bjerring-sales.dk\/?s={search_term_string}\"},\"query-input\":{\"@type\":\"PropertyValueSpecification\",\"valueRequired\":true,\"valueName\":\"search_term_string\"}}],\"inLanguage\":\"en-GB\"},{\"@type\":\"Organization\",\"@id\":\"https:\/\/shop.bjerring-sales.dk\/#organization\",\"name\":\"Bjerring-Sales\",\"url\":\"https:\/\/shop.bjerring-sales.dk\/\",\"logo\":{\"@type\":\"ImageObject\",\"inLanguage\":\"en-GB\",\"@id\":\"https:\/\/shop.bjerring-sales.dk\/#\/schema\/logo\/image\/\",\"url\":\"https:\/\/shop.bjerring-sales.dk\/wp-content\/uploads\/2023\/01\/logo_sv.png\",\"contentUrl\":\"https:\/\/shop.bjerring-sales.dk\/wp-content\/uploads\/2023\/01\/logo_sv.png\",\"width\":195,\"height\":68,\"caption\":\"Bjerring-Sales\"},\"image\":{\"@id\":\"https:\/\/shop.bjerring-sales.dk\/#\/schema\/logo\/image\/\"}}]}<\/script>\n<!-- \/ Yoast SEO plugin. -->","yoast_head_json":{"title":"Famos 179RS - Kontorsstol med nackst\u00f6d - Bjerring-Sales","description":"Den framg\u00e5ngsrika modellen Famos 179RS imponerar i m\u00e5nga aspekter: Den st\u00f6der perfekt nedre delen av ryggen och ser d\u00e4rf\u00f6r ocks\u00e5 till att nacke- och axelpartiet \u00e4r avslappnat.","robots":{"index":"index","follow":"follow","max-snippet":"max-snippet:-1","max-image-preview":"max-image-preview:large","max-video-preview":"max-video-preview:-1"},"canonical":"https:\/\/shop.bjerring-sales.dk\/en\/product\/famos-179rs-kontorsstol\/","og_locale":"en_GB","og_type":"article","og_title":"Famos 179RS \u2013 En ergonomisk kontorsstol med perfekt st\u00f6d f\u00f6r nacken","og_description":"Den framg\u00e5ngsrika modellen Famos 179RS imponerar i m\u00e5nga aspekter: Den st\u00f6der perfekt nedre delen av ryggen och ser d\u00e4rf\u00f6r ocks\u00e5 till att nacke- och axelpartiet \u00e4r avslappnat.","og_url":"https:\/\/shop.bjerring-sales.dk\/en\/product\/famos-179rs-kontorsstol\/","og_site_name":"Bjerring-Sales","article_modified_time":"2026-03-04T16:08:18+00:00","og_image":[{"width":1150,"height":500,"url":"https:\/\/shop.bjerring-sales.dk\/wp-content\/uploads\/2022\/12\/famos179rs-stol.jpg","type":"image\/jpeg"}],"twitter_card":"summary_large_image","twitter_title":"Famos 179RS \u2013 En ergonomisk kontorsstol med perfekt st\u00f6d f\u00f6r nacken","twitter_description":"Den framg\u00e5ngsrika modellen Famos 179RS imponerar i m\u00e5nga aspekter: Den st\u00f6der perfekt nedre delen av ryggen och ser d\u00e4rf\u00f6r ocks\u00e5 till att nacke- och axelpartiet \u00e4r avslappnat.","twitter_image":"https:\/\/shop.bjerring-sales.dk\/wp-content\/uploads\/2022\/12\/famos179rs-stol.jpg","twitter_misc":{"Estimated reading time":"1 minute"},"schema":{"@context":"https:\/\/schema.org","@graph":[{"@type":"WebPage","@id":"https:\/\/shop.bjerring-sales.dk\/sv\/produkt\/famos-179rs-kontorsstol\/","url":"https:\/\/shop.bjerring-sales.dk\/sv\/produkt\/famos-179rs-kontorsstol\/","name":"Famos 179RS - Kontorsstol med nackst\u00f6d - Bjerring-Sales","isPartOf":{"@id":"https:\/\/shop.bjerring-sales.dk\/#website"},"primaryImageOfPage":{"@id":"https:\/\/shop.bjerring-sales.dk\/sv\/produkt\/famos-179rs-kontorsstol\/#primaryimage"},"image":{"@id":"https:\/\/shop.bjerring-sales.dk\/sv\/produkt\/famos-179rs-kontorsstol\/#primaryimage"},"thumbnailUrl":"https:\/\/shop.bjerring-sales.dk\/wp-content\/uploads\/2024\/09\/179RS_5800_S1.jpg","datePublished":"2022-12-13T15:43:19+00:00","dateModified":"2026-03-04T16:08:18+00:00","description":"Den framg\u00e5ngsrika modellen Famos 179RS imponerar i m\u00e5nga aspekter: Den st\u00f6der perfekt nedre delen av ryggen och ser d\u00e4rf\u00f6r ocks\u00e5 till att nacke- och axelpartiet \u00e4r avslappnat.","breadcrumb":{"@id":"https:\/\/shop.bjerring-sales.dk\/sv\/produkt\/famos-179rs-kontorsstol\/#breadcrumb"},"inLanguage":"en-GB","potentialAction":[{"@type":"ReadAction","target":["https:\/\/shop.bjerring-sales.dk\/sv\/produkt\/famos-179rs-kontorsstol\/"]}]},{"@type":"ImageObject","inLanguage":"en-GB","@id":"https:\/\/shop.bjerring-sales.dk\/sv\/produkt\/famos-179rs-kontorsstol\/#primaryimage","url":"https:\/\/shop.bjerring-sales.dk\/wp-content\/uploads\/2024\/09\/179RS_5800_S1.jpg","contentUrl":"https:\/\/shop.bjerring-sales.dk\/wp-content\/uploads\/2024\/09\/179RS_5800_S1.jpg","width":800,"height":800},{"@type":"BreadcrumbList","@id":"https:\/\/shop.bjerring-sales.dk\/sv\/produkt\/famos-179rs-kontorsstol\/#breadcrumb","itemListElement":[{"@type":"ListItem","position":1,"name":"Hem","item":"https:\/\/shop.bjerring-sales.dk\/"},{"@type":"ListItem","position":2,"name":"Webbutik","item":"https:\/\/shop.bjerring-sales.dk\/butik\/"},{"@type":"ListItem","position":3,"name":"Famos 179RS &#8211; Kontorsstol med nackst\u00f6d"}]},{"@type":"WebSite","@id":"https:\/\/shop.bjerring-sales.dk\/#website","url":"https:\/\/shop.bjerring-sales.dk\/","name":"Bjerring Sales","description":"Furniture for theatres, schools, offices and shopping centres","publisher":{"@id":"https:\/\/shop.bjerring-sales.dk\/#organization"},"potentialAction":[{"@type":"SearchAction","target":{"@type":"EntryPoint","urlTemplate":"https:\/\/shop.bjerring-sales.dk\/?s={search_term_string}"},"query-input":{"@type":"PropertyValueSpecification","valueRequired":true,"valueName":"search_term_string"}}],"inLanguage":"en-GB"},{"@type":"Organization","@id":"https:\/\/shop.bjerring-sales.dk\/#organization","name":"Bjerring Sales","url":"https:\/\/shop.bjerring-sales.dk\/","logo":{"@type":"ImageObject","inLanguage":"en-GB","@id":"https:\/\/shop.bjerring-sales.dk\/#\/schema\/logo\/image\/","url":"https:\/\/shop.bjerring-sales.dk\/wp-content\/uploads\/2023\/01\/logo_sv.png","contentUrl":"https:\/\/shop.bjerring-sales.dk\/wp-content\/uploads\/2023\/01\/logo_sv.png","width":195,"height":68,"caption":"Bjerring-Sales"},"image":{"@id":"https:\/\/shop.bjerring-sales.dk\/#\/schema\/logo\/image\/"}}]}},"_links":{"self":[{"href":"https:\/\/shop.bjerring-sales.dk\/en\/wp-json\/wp\/v2\/product\/91353","targetHints":{"allow":["GET"]}}],"collection":[{"href":"https:\/\/shop.bjerring-sales.dk\/en\/wp-json\/wp\/v2\/product"}],"about":[{"href":"https:\/\/shop.bjerring-sales.dk\/en\/wp-json\/wp\/v2\/types\/product"}],"wp:featuredmedia":[{"embeddable":true,"href":"https:\/\/shop.bjerring-sales.dk\/en\/wp-json\/wp\/v2\/media\/98655"}],"wp:attachment":[{"href":"https:\/\/shop.bjerring-sales.dk\/en\/wp-json\/wp\/v2\/media?parent=91353"}],"wp:term":[{"taxonomy":"product_brand","embeddable":true,"href":"https:\/\/shop.bjerring-sales.dk\/en\/wp-json\/wp\/v2\/product_brand?post=91353"},{"taxonomy":"product_cat","embeddable":true,"href":"https:\/\/shop.bjerring-sales.dk\/en\/wp-json\/wp\/v2\/product_cat?post=91353"},{"taxonomy":"product_tag","embeddable":true,"href":"https:\/\/shop.bjerring-sales.dk\/en\/wp-json\/wp\/v2\/product_tag?post=91353"}],"curies":[{"name":"wp","href":"https:\/\/api.w.org\/{rel}","templated":true}]}}