{"id":90828,"date":"2022-11-24T17:00:11","date_gmt":"2022-11-24T16:00:11","guid":{"rendered":"https:\/\/pule.se\/produkt\/bordslampa-eco\/"},"modified":"2025-11-19T15:08:01","modified_gmt":"2025-11-19T14:08:01","slug":"bordslampa-eco","status":"publish","type":"product","link":"https:\/\/shop.bjerring-sales.dk\/en\/product\/bordslampa-eco\/","title":{"rendered":"Table lamp ECO"},"content":{"rendered":"<div class=\"wpb-content-wrapper\"><div class=\"vc_row wpb_row vc_row-fluid\"><div class=\"wpb_column vc_column_container vc_col-sm-12\"><div class=\"vc_column-inner\"><div class=\"wpb_wrapper\">\n\t<div class=\"wpb_text_column wpb_content_element\" >\n\t\t<div class=\"wpb_wrapper\">\n\t\t\t<p><span style=\"font-size: 24pt\">ECO table lamp \u2013 A flexible lamp that fits all desks<br \/>\n<\/span>ECO table lamp is an innovative, functional and stylish lamp that adapts to you and your everyday life. Forget static solutions - with the ECO table lamp, you can adjust the arm from 0 to 130 degrees to get just the right angle for the moment. The ECO table lamp folds easily and takes up minimal space - perfect for those who often change their workspace. Say hello to a perfect light picture, whether you&#039;re working from home or in the office.<\/p>\n\n\t\t<\/div>\n\t<\/div>\n<\/div><\/div><\/div><\/div><div class=\"vc_row wpb_row vc_row-fluid\"><div class=\"wpb_column vc_column_container vc_col-sm-3\"><div class=\"vc_column-inner\"><div class=\"wpb_wrapper\">\n\t<div  class=\"wpb_single_image wpb_content_element vc_align_center\">\n\t\t\n\t\t<figure class=\"wpb_wrapper vc_figure\">\n\t\t\t<div class=\"vc_single_image-wrapper vc_box_shadow_border  vc_box_border_grey\"><img loading=\"lazy\" decoding=\"async\" width=\"800\" height=\"800\" src=\"https:\/\/shop.bjerring-sales.dk\/wp-content\/uploads\/2022\/11\/Bordslampa_eco_svart_miljo.jpg\" class=\"vc_single_image-img attachment-full\" alt=\"\" title=\"Table lamp_eco_black_environment\" srcset=\"https:\/\/shop.bjerring-sales.dk\/wp-content\/uploads\/2022\/11\/Bordslampa_eco_svart_miljo.jpg 800w, https:\/\/shop.bjerring-sales.dk\/wp-content\/uploads\/2022\/11\/Bordslampa_eco_svart_miljo-300x300.jpg 300w, https:\/\/shop.bjerring-sales.dk\/wp-content\/uploads\/2022\/11\/Bordslampa_eco_svart_miljo-150x150.jpg 150w, https:\/\/shop.bjerring-sales.dk\/wp-content\/uploads\/2022\/11\/Bordslampa_eco_svart_miljo-600x600.jpg 600w, https:\/\/shop.bjerring-sales.dk\/wp-content\/uploads\/2022\/11\/Bordslampa_eco_svart_miljo-768x768.jpg 768w\" sizes=\"auto, (max-width: 800px) 100vw, 800px\" \/><\/div>\n\t\t<\/figure>\n\t<\/div>\n<\/div><\/div><\/div><div class=\"wpb_column vc_column_container vc_col-sm-3\"><div class=\"vc_column-inner\"><div class=\"wpb_wrapper\">\n\t<div  class=\"wpb_single_image wpb_content_element vc_align_center\">\n\t\t\n\t\t<figure class=\"wpb_wrapper vc_figure\">\n\t\t\t<div class=\"vc_single_image-wrapper vc_box_shadow_border  vc_box_border_grey\"><img loading=\"lazy\" decoding=\"async\" width=\"800\" height=\"800\" src=\"https:\/\/shop.bjerring-sales.dk\/wp-content\/uploads\/2022\/11\/Eco_svart2.jpg\" class=\"vc_single_image-img attachment-full\" alt=\"\" title=\"Eco_black2\" srcset=\"https:\/\/shop.bjerring-sales.dk\/wp-content\/uploads\/2022\/11\/Eco_svart2.jpg 800w, https:\/\/shop.bjerring-sales.dk\/wp-content\/uploads\/2022\/11\/Eco_svart2-300x300.jpg 300w, https:\/\/shop.bjerring-sales.dk\/wp-content\/uploads\/2022\/11\/Eco_svart2-150x150.jpg 150w, https:\/\/shop.bjerring-sales.dk\/wp-content\/uploads\/2022\/11\/Eco_svart2-600x600.jpg 600w, https:\/\/shop.bjerring-sales.dk\/wp-content\/uploads\/2022\/11\/Eco_svart2-768x768.jpg 768w\" sizes=\"auto, (max-width: 800px) 100vw, 800px\" \/><\/div>\n\t\t<\/figure>\n\t<\/div>\n<\/div><\/div><\/div><div class=\"wpb_column vc_column_container vc_col-sm-3\"><div class=\"vc_column-inner\"><div class=\"wpb_wrapper\">\n\t<div  class=\"wpb_single_image wpb_content_element vc_align_center\">\n\t\t\n\t\t<figure class=\"wpb_wrapper vc_figure\">\n\t\t\t<div class=\"vc_single_image-wrapper vc_box_shadow_border  vc_box_border_grey\"><img loading=\"lazy\" decoding=\"async\" width=\"800\" height=\"800\" src=\"https:\/\/shop.bjerring-sales.dk\/wp-content\/uploads\/2022\/11\/Bordslampa_eco_vit_miljo.jpg\" class=\"vc_single_image-img attachment-full\" alt=\"\" title=\"Table lamp_eco_white_environment\" srcset=\"https:\/\/shop.bjerring-sales.dk\/wp-content\/uploads\/2022\/11\/Bordslampa_eco_vit_miljo.jpg 800w, https:\/\/shop.bjerring-sales.dk\/wp-content\/uploads\/2022\/11\/Bordslampa_eco_vit_miljo-300x300.jpg 300w, https:\/\/shop.bjerring-sales.dk\/wp-content\/uploads\/2022\/11\/Bordslampa_eco_vit_miljo-150x150.jpg 150w, https:\/\/shop.bjerring-sales.dk\/wp-content\/uploads\/2022\/11\/Bordslampa_eco_vit_miljo-600x600.jpg 600w, https:\/\/shop.bjerring-sales.dk\/wp-content\/uploads\/2022\/11\/Bordslampa_eco_vit_miljo-768x768.jpg 768w\" sizes=\"auto, (max-width: 800px) 100vw, 800px\" \/><\/div>\n\t\t<\/figure>\n\t<\/div>\n<\/div><\/div><\/div><div class=\"wpb_column vc_column_container vc_col-sm-3\"><div class=\"vc_column-inner\"><div class=\"wpb_wrapper\">\n\t<div  class=\"wpb_single_image wpb_content_element vc_align_center\">\n\t\t\n\t\t<figure class=\"wpb_wrapper vc_figure\">\n\t\t\t<div class=\"vc_single_image-wrapper vc_box_shadow_border  vc_box_border_grey\"><img loading=\"lazy\" decoding=\"async\" width=\"800\" height=\"800\" src=\"https:\/\/shop.bjerring-sales.dk\/wp-content\/uploads\/2022\/11\/Bordslampa_eco_vit1.jpg\" class=\"vc_single_image-img attachment-full\" alt=\"\" title=\"Table lamp_eco_white1\" srcset=\"https:\/\/shop.bjerring-sales.dk\/wp-content\/uploads\/2022\/11\/Bordslampa_eco_vit1.jpg 800w, https:\/\/shop.bjerring-sales.dk\/wp-content\/uploads\/2022\/11\/Bordslampa_eco_vit1-300x300.jpg 300w, https:\/\/shop.bjerring-sales.dk\/wp-content\/uploads\/2022\/11\/Bordslampa_eco_vit1-150x150.jpg 150w, https:\/\/shop.bjerring-sales.dk\/wp-content\/uploads\/2022\/11\/Bordslampa_eco_vit1-600x600.jpg 600w, https:\/\/shop.bjerring-sales.dk\/wp-content\/uploads\/2022\/11\/Bordslampa_eco_vit1-768x768.jpg 768w\" sizes=\"auto, (max-width: 800px) 100vw, 800px\" \/><\/div>\n\t\t<\/figure>\n\t<\/div>\n<\/div><\/div><\/div><\/div><div class=\"vc_row wpb_row vc_row-fluid vc_row-o-content-middle vc_row-flex wd-rs-63964ace98101\"><div class=\"wpb_column vc_column_container vc_col-sm-6\"><div class=\"vc_column-inner\"><div class=\"wpb_wrapper\">\n\t<div class=\"wpb_text_column wpb_content_element\" >\n\t\t<div class=\"wpb_wrapper\">\n\t\t\t<p><span style=\"font-size: 18pt\">ECO table lamp is designed to make lighting easy!<\/span><\/p>\n<p>With five brightness levels to choose from and a timeless, elegant design language, you get a lot of design for the money. You can also easily charge your mobile in the USB socket that is also in the lamp. And should you forget to turn it off, the lamp is automatically switched off after four hours of use with the help of an Eco-timer. Economical and energy saving has never been easier. ECO table lamp is available in matt black or white.<\/p>\n<p><span style=\"font-size: 18pt\">Specifications<\/span><\/p>\n<ul>\n<li>Flicker free<\/li>\n<li>1 x 1.5 m adapter (Europlug)<\/li>\n<li>1100-200 Lux (from light source)<\/li>\n<li>400 Lumen +-10 (from light source)<\/li>\n<li>95 Lm\/W (from light source)<\/li>\n<li>4000 +-200 Kelvin<\/li>\n<li>UGR &lt;17<\/li>\n<li>CRI: &gt;93 RA<\/li>\n<li>100-230 V, DC 12V 2A, Max 24W<\/li>\n<\/ul>\n<p><span style=\"font-size: 18pt\">Weight<\/span><\/p>\n<ul>\n<li>1 kg<\/li>\n<\/ul>\n\n\t\t<\/div>\n\t<\/div>\n<\/div><\/div><\/div><div class=\"wpb_column vc_column_container vc_col-sm-6\"><div class=\"vc_column-inner\"><div class=\"wpb_wrapper\">\n\t<div  class=\"wpb_single_image wpb_content_element vc_align_left\">\n\t\t\n\t\t<figure class=\"wpb_wrapper vc_figure\">\n\t\t\t<div class=\"vc_single_image-wrapper   vc_box_border_grey\"><img loading=\"lazy\" decoding=\"async\" width=\"624\" height=\"687\" src=\"https:\/\/shop.bjerring-sales.dk\/wp-content\/uploads\/2022\/11\/eco-bordslampa01.jpg\" class=\"vc_single_image-img attachment-full\" alt=\"\" title=\"eco table lamp01\" srcset=\"https:\/\/shop.bjerring-sales.dk\/wp-content\/uploads\/2022\/11\/eco-bordslampa01.jpg 624w, https:\/\/shop.bjerring-sales.dk\/wp-content\/uploads\/2022\/11\/eco-bordslampa01-150x165.jpg 150w, https:\/\/shop.bjerring-sales.dk\/wp-content\/uploads\/2022\/11\/eco-bordslampa01-600x661.jpg 600w, https:\/\/shop.bjerring-sales.dk\/wp-content\/uploads\/2022\/11\/eco-bordslampa01-272x300.jpg 272w\" sizes=\"auto, (max-width: 624px) 100vw, 624px\" \/><\/div>\n\t\t<\/figure>\n\t<\/div>\n<\/div><\/div><\/div><\/div>\n<\/div>","protected":false},"excerpt":{"rendered":"<p>ECO table lamp is a stylish and flexible lamp that fits all desks and workplaces. With five brightness levels to choose from and a timeless, elegant design language, you get a lot of design for the money. The lamp&#039;s arm can also be adjusted from 0 to 130 degrees to get just the right angle for the moment. It is also easy to charge the mobile phone in the USB socket in the lamp base. The lamp also switches off automatically after four hours of use using an Eco-timer<\/p>","protected":false},"featured_media":100016,"template":"","meta":{"iawp_total_views":6},"product_brand":[],"product_cat":[5785,6352,5798],"product_tag":[6322,6323,6324],"class_list":{"0":"post-90828","1":"product","2":"type-product","3":"status-publish","4":"has-post-thumbnail","6":"product_cat-hemmakontor","7":"product_cat-up-down-eco","8":"product_cat-kontorsprodukter","9":"product_tag-bordslampa","10":"product_tag-eco-lampan","11":"product_tag-skrivbordslampa","13":"first","14":"instock","15":"taxable","16":"shipping-taxable","17":"purchasable","18":"product-type-variable"},"yoast_head":"<!-- This site is optimized with the Yoast SEO plugin v27.0 - https:\/\/yoast.com\/product\/yoast-seo-wordpress\/ -->\n<title>Bordslampa ECO - Bjerring-Sales<\/title>\n<meta name=\"description\" content=\"ECO bordslampa \u00e4r en innovativ, funktionell och stilren lampa som anpassar sig efter dig och din vardag. Gl\u00f6m statiska l\u00f6sningar \u2013 med ECO bordslampa kan du justera armen fr\u00e5n 0 till 130 grader f\u00f6r att f\u00e5 precis r\u00e4tt vinkel f\u00f6r stunden.\" \/>\n<meta name=\"robots\" content=\"index, follow, max-snippet:-1, max-image-preview:large, max-video-preview:-1\" \/>\n<link rel=\"canonical\" href=\"https:\/\/shop.bjerring-sales.dk\/en\/product\/bordslampa-eco\/\" \/>\n<meta property=\"og:locale\" content=\"en_GB\" \/>\n<meta property=\"og:type\" content=\"article\" \/>\n<meta property=\"og:title\" content=\"ECO bordslampa \u2013 En flexibel lampa som passar alla skrivbord\" \/>\n<meta property=\"og:description\" content=\"ECO bordslampa \u00e4r en innovativ, funktionell och stilren lampa som anpassar sig efter dig och din vardag. Gl\u00f6m statiska l\u00f6sningar \u2013 med ECO bordslampa kan du justera armen fr\u00e5n 0 till 130 grader f\u00f6r att f\u00e5 precis r\u00e4tt vinkel f\u00f6r stunden.\" \/>\n<meta property=\"og:url\" content=\"https:\/\/shop.bjerring-sales.dk\/en\/product\/bordslampa-eco\/\" \/>\n<meta property=\"og:site_name\" content=\"Bjerring-Sales\" \/>\n<meta property=\"article:modified_time\" content=\"2025-11-19T14:08:01+00:00\" \/>\n<meta property=\"og:image\" content=\"https:\/\/shop.bjerring-sales.dk\/wp-content\/uploads\/2022\/11\/Bordslampa_eco_vit_miljo.jpg\" \/>\n\t<meta property=\"og:image:width\" content=\"800\" \/>\n\t<meta property=\"og:image:height\" content=\"800\" \/>\n\t<meta property=\"og:image:type\" content=\"image\/jpeg\" \/>\n<meta name=\"twitter:card\" content=\"summary_large_image\" \/>\n<meta name=\"twitter:title\" content=\"ECO bordslampa \u2013 En flexibel lampa som passar alla skrivbord\" \/>\n<meta name=\"twitter:description\" content=\"ECO bordslampa \u00e4r en innovativ, funktionell och stilren lampa som anpassar sig efter dig och din vardag. Gl\u00f6m statiska l\u00f6sningar \u2013 med ECO bordslampa kan du justera armen fr\u00e5n 0 till 130 grader f\u00f6r att f\u00e5 precis r\u00e4tt vinkel f\u00f6r stunden.\" \/>\n<meta name=\"twitter:image\" content=\"https:\/\/shop.bjerring-sales.dk\/wp-content\/uploads\/2022\/11\/Bordslampa_eco_vit_miljo.jpg\" \/>\n<meta name=\"twitter:label1\" content=\"Estimated reading time\" \/>\n\t<meta name=\"twitter:data1\" content=\"2 minutes\" \/>\n<script type=\"application\/ld+json\" class=\"yoast-schema-graph\">{\"@context\":\"https:\/\/schema.org\",\"@graph\":[{\"@type\":\"WebPage\",\"@id\":\"https:\/\/shop.bjerring-sales.dk\/sv\/produkt\/bordslampa-eco\/\",\"url\":\"https:\/\/shop.bjerring-sales.dk\/sv\/produkt\/bordslampa-eco\/\",\"name\":\"Bordslampa ECO - Bjerring-Sales\",\"isPartOf\":{\"@id\":\"https:\/\/shop.bjerring-sales.dk\/#website\"},\"primaryImageOfPage\":{\"@id\":\"https:\/\/shop.bjerring-sales.dk\/sv\/produkt\/bordslampa-eco\/#primaryimage\"},\"image\":{\"@id\":\"https:\/\/shop.bjerring-sales.dk\/sv\/produkt\/bordslampa-eco\/#primaryimage\"},\"thumbnailUrl\":\"https:\/\/shop.bjerring-sales.dk\/wp-content\/uploads\/2024\/10\/Eco_svart2.jpg\",\"datePublished\":\"2022-11-24T16:00:11+00:00\",\"dateModified\":\"2025-11-19T14:08:01+00:00\",\"description\":\"ECO bordslampa \u00e4r en innovativ, funktionell och stilren lampa som anpassar sig efter dig och din vardag. Gl\u00f6m statiska l\u00f6sningar \u2013 med ECO bordslampa kan du justera armen fr\u00e5n 0 till 130 grader f\u00f6r att f\u00e5 precis r\u00e4tt vinkel f\u00f6r stunden.\",\"breadcrumb\":{\"@id\":\"https:\/\/shop.bjerring-sales.dk\/sv\/produkt\/bordslampa-eco\/#breadcrumb\"},\"inLanguage\":\"en-GB\",\"potentialAction\":[{\"@type\":\"ReadAction\",\"target\":[\"https:\/\/shop.bjerring-sales.dk\/sv\/produkt\/bordslampa-eco\/\"]}]},{\"@type\":\"ImageObject\",\"inLanguage\":\"en-GB\",\"@id\":\"https:\/\/shop.bjerring-sales.dk\/sv\/produkt\/bordslampa-eco\/#primaryimage\",\"url\":\"https:\/\/shop.bjerring-sales.dk\/wp-content\/uploads\/2024\/10\/Eco_svart2.jpg\",\"contentUrl\":\"https:\/\/shop.bjerring-sales.dk\/wp-content\/uploads\/2024\/10\/Eco_svart2.jpg\",\"width\":800,\"height\":800},{\"@type\":\"BreadcrumbList\",\"@id\":\"https:\/\/shop.bjerring-sales.dk\/sv\/produkt\/bordslampa-eco\/#breadcrumb\",\"itemListElement\":[{\"@type\":\"ListItem\",\"position\":1,\"name\":\"Hem\",\"item\":\"https:\/\/shop.bjerring-sales.dk\/\"},{\"@type\":\"ListItem\",\"position\":2,\"name\":\"Webbutik\",\"item\":\"https:\/\/shop.bjerring-sales.dk\/butik\/\"},{\"@type\":\"ListItem\",\"position\":3,\"name\":\"Bordslampa ECO\"}]},{\"@type\":\"WebSite\",\"@id\":\"https:\/\/shop.bjerring-sales.dk\/#website\",\"url\":\"https:\/\/shop.bjerring-sales.dk\/\",\"name\":\"Bjerring-Sales\",\"description\":\"M\u00f6bler f\u00f6r teatrar, skolor, kontor och k\u00f6pcentrum\",\"publisher\":{\"@id\":\"https:\/\/shop.bjerring-sales.dk\/#organization\"},\"potentialAction\":[{\"@type\":\"SearchAction\",\"target\":{\"@type\":\"EntryPoint\",\"urlTemplate\":\"https:\/\/shop.bjerring-sales.dk\/?s={search_term_string}\"},\"query-input\":{\"@type\":\"PropertyValueSpecification\",\"valueRequired\":true,\"valueName\":\"search_term_string\"}}],\"inLanguage\":\"en-GB\"},{\"@type\":\"Organization\",\"@id\":\"https:\/\/shop.bjerring-sales.dk\/#organization\",\"name\":\"Bjerring-Sales\",\"url\":\"https:\/\/shop.bjerring-sales.dk\/\",\"logo\":{\"@type\":\"ImageObject\",\"inLanguage\":\"en-GB\",\"@id\":\"https:\/\/shop.bjerring-sales.dk\/#\/schema\/logo\/image\/\",\"url\":\"https:\/\/shop.bjerring-sales.dk\/wp-content\/uploads\/2023\/01\/logo_sv.png\",\"contentUrl\":\"https:\/\/shop.bjerring-sales.dk\/wp-content\/uploads\/2023\/01\/logo_sv.png\",\"width\":195,\"height\":68,\"caption\":\"Bjerring-Sales\"},\"image\":{\"@id\":\"https:\/\/shop.bjerring-sales.dk\/#\/schema\/logo\/image\/\"}}]}<\/script>\n<!-- \/ Yoast SEO plugin. -->","yoast_head_json":{"title":"Bordslampa ECO - Bjerring-Sales","description":"ECO bordslampa \u00e4r en innovativ, funktionell och stilren lampa som anpassar sig efter dig och din vardag. Gl\u00f6m statiska l\u00f6sningar \u2013 med ECO bordslampa kan du justera armen fr\u00e5n 0 till 130 grader f\u00f6r att f\u00e5 precis r\u00e4tt vinkel f\u00f6r stunden.","robots":{"index":"index","follow":"follow","max-snippet":"max-snippet:-1","max-image-preview":"max-image-preview:large","max-video-preview":"max-video-preview:-1"},"canonical":"https:\/\/shop.bjerring-sales.dk\/en\/product\/bordslampa-eco\/","og_locale":"en_GB","og_type":"article","og_title":"ECO bordslampa \u2013 En flexibel lampa som passar alla skrivbord","og_description":"ECO bordslampa \u00e4r en innovativ, funktionell och stilren lampa som anpassar sig efter dig och din vardag. Gl\u00f6m statiska l\u00f6sningar \u2013 med ECO bordslampa kan du justera armen fr\u00e5n 0 till 130 grader f\u00f6r att f\u00e5 precis r\u00e4tt vinkel f\u00f6r stunden.","og_url":"https:\/\/shop.bjerring-sales.dk\/en\/product\/bordslampa-eco\/","og_site_name":"Bjerring-Sales","article_modified_time":"2025-11-19T14:08:01+00:00","og_image":[{"width":800,"height":800,"url":"https:\/\/shop.bjerring-sales.dk\/wp-content\/uploads\/2022\/11\/Bordslampa_eco_vit_miljo.jpg","type":"image\/jpeg"}],"twitter_card":"summary_large_image","twitter_title":"ECO bordslampa \u2013 En flexibel lampa som passar alla skrivbord","twitter_description":"ECO bordslampa \u00e4r en innovativ, funktionell och stilren lampa som anpassar sig efter dig och din vardag. Gl\u00f6m statiska l\u00f6sningar \u2013 med ECO bordslampa kan du justera armen fr\u00e5n 0 till 130 grader f\u00f6r att f\u00e5 precis r\u00e4tt vinkel f\u00f6r stunden.","twitter_image":"https:\/\/shop.bjerring-sales.dk\/wp-content\/uploads\/2022\/11\/Bordslampa_eco_vit_miljo.jpg","twitter_misc":{"Estimated reading time":"2 minutes"},"schema":{"@context":"https:\/\/schema.org","@graph":[{"@type":"WebPage","@id":"https:\/\/shop.bjerring-sales.dk\/sv\/produkt\/bordslampa-eco\/","url":"https:\/\/shop.bjerring-sales.dk\/sv\/produkt\/bordslampa-eco\/","name":"Bordslampa ECO - Bjerring-Sales","isPartOf":{"@id":"https:\/\/shop.bjerring-sales.dk\/#website"},"primaryImageOfPage":{"@id":"https:\/\/shop.bjerring-sales.dk\/sv\/produkt\/bordslampa-eco\/#primaryimage"},"image":{"@id":"https:\/\/shop.bjerring-sales.dk\/sv\/produkt\/bordslampa-eco\/#primaryimage"},"thumbnailUrl":"https:\/\/shop.bjerring-sales.dk\/wp-content\/uploads\/2024\/10\/Eco_svart2.jpg","datePublished":"2022-11-24T16:00:11+00:00","dateModified":"2025-11-19T14:08:01+00:00","description":"ECO bordslampa \u00e4r en innovativ, funktionell och stilren lampa som anpassar sig efter dig och din vardag. Gl\u00f6m statiska l\u00f6sningar \u2013 med ECO bordslampa kan du justera armen fr\u00e5n 0 till 130 grader f\u00f6r att f\u00e5 precis r\u00e4tt vinkel f\u00f6r stunden.","breadcrumb":{"@id":"https:\/\/shop.bjerring-sales.dk\/sv\/produkt\/bordslampa-eco\/#breadcrumb"},"inLanguage":"en-GB","potentialAction":[{"@type":"ReadAction","target":["https:\/\/shop.bjerring-sales.dk\/sv\/produkt\/bordslampa-eco\/"]}]},{"@type":"ImageObject","inLanguage":"en-GB","@id":"https:\/\/shop.bjerring-sales.dk\/sv\/produkt\/bordslampa-eco\/#primaryimage","url":"https:\/\/shop.bjerring-sales.dk\/wp-content\/uploads\/2024\/10\/Eco_svart2.jpg","contentUrl":"https:\/\/shop.bjerring-sales.dk\/wp-content\/uploads\/2024\/10\/Eco_svart2.jpg","width":800,"height":800},{"@type":"BreadcrumbList","@id":"https:\/\/shop.bjerring-sales.dk\/sv\/produkt\/bordslampa-eco\/#breadcrumb","itemListElement":[{"@type":"ListItem","position":1,"name":"Hem","item":"https:\/\/shop.bjerring-sales.dk\/"},{"@type":"ListItem","position":2,"name":"Webbutik","item":"https:\/\/shop.bjerring-sales.dk\/butik\/"},{"@type":"ListItem","position":3,"name":"Bordslampa ECO"}]},{"@type":"WebSite","@id":"https:\/\/shop.bjerring-sales.dk\/#website","url":"https:\/\/shop.bjerring-sales.dk\/","name":"Bjerring Sales","description":"Furniture for theatres, schools, offices and shopping centres","publisher":{"@id":"https:\/\/shop.bjerring-sales.dk\/#organization"},"potentialAction":[{"@type":"SearchAction","target":{"@type":"EntryPoint","urlTemplate":"https:\/\/shop.bjerring-sales.dk\/?s={search_term_string}"},"query-input":{"@type":"PropertyValueSpecification","valueRequired":true,"valueName":"search_term_string"}}],"inLanguage":"en-GB"},{"@type":"Organization","@id":"https:\/\/shop.bjerring-sales.dk\/#organization","name":"Bjerring Sales","url":"https:\/\/shop.bjerring-sales.dk\/","logo":{"@type":"ImageObject","inLanguage":"en-GB","@id":"https:\/\/shop.bjerring-sales.dk\/#\/schema\/logo\/image\/","url":"https:\/\/shop.bjerring-sales.dk\/wp-content\/uploads\/2023\/01\/logo_sv.png","contentUrl":"https:\/\/shop.bjerring-sales.dk\/wp-content\/uploads\/2023\/01\/logo_sv.png","width":195,"height":68,"caption":"Bjerring-Sales"},"image":{"@id":"https:\/\/shop.bjerring-sales.dk\/#\/schema\/logo\/image\/"}}]}},"_links":{"self":[{"href":"https:\/\/shop.bjerring-sales.dk\/en\/wp-json\/wp\/v2\/product\/90828","targetHints":{"allow":["GET"]}}],"collection":[{"href":"https:\/\/shop.bjerring-sales.dk\/en\/wp-json\/wp\/v2\/product"}],"about":[{"href":"https:\/\/shop.bjerring-sales.dk\/en\/wp-json\/wp\/v2\/types\/product"}],"wp:featuredmedia":[{"embeddable":true,"href":"https:\/\/shop.bjerring-sales.dk\/en\/wp-json\/wp\/v2\/media\/100016"}],"wp:attachment":[{"href":"https:\/\/shop.bjerring-sales.dk\/en\/wp-json\/wp\/v2\/media?parent=90828"}],"wp:term":[{"taxonomy":"product_brand","embeddable":true,"href":"https:\/\/shop.bjerring-sales.dk\/en\/wp-json\/wp\/v2\/product_brand?post=90828"},{"taxonomy":"product_cat","embeddable":true,"href":"https:\/\/shop.bjerring-sales.dk\/en\/wp-json\/wp\/v2\/product_cat?post=90828"},{"taxonomy":"product_tag","embeddable":true,"href":"https:\/\/shop.bjerring-sales.dk\/en\/wp-json\/wp\/v2\/product_tag?post=90828"}],"curies":[{"name":"wp","href":"https:\/\/api.w.org\/{rel}","templated":true}]}}