{"id":90679,"date":"2022-10-21T12:51:27","date_gmt":"2022-10-21T10:51:27","guid":{"rendered":"https:\/\/pule.se\/produkt\/praxis-80-fallbart-bord\/"},"modified":"2026-04-16T16:05:06","modified_gmt":"2026-04-16T14:05:06","slug":"praxis-80-fallbart-bord","status":"publish","type":"product","link":"https:\/\/shop.bjerring-sales.dk\/en\/product\/praxis-80-fallbart-bord\/","title":{"rendered":"Praxis 80 \u2013 Folding table"},"content":{"rendered":"<div class=\"wpb-content-wrapper\"><div class=\"vc_row wpb_row vc_row-fluid\"><div class=\"wpb_column vc_column_container vc_col-sm-12\"><div class=\"vc_column-inner\"><div class=\"wpb_wrapper\">\n\t<div class=\"wpb_text_column wpb_content_element\" >\n\t\t<div class=\"wpb_wrapper\">\n\t\t\t<p><span style=\"font-size: 24pt\">A stable and durable folding table for catering, banquets and events<br \/>\n<\/span>Praxis 80 is a folding table made by the producer Zown. The table stand is a stable powder-coated steel construction and the durable table top is produced in high-density polyethylene. The foldable Praxis table is both UV-protected and moisture-resistant, which makes it suitable for both indoor and outdoor use.<\/p>\n<p><img loading=\"lazy\" decoding=\"async\" class=\"alignnone size-full wp-image-90683\" src=\"https:\/\/shop.bjerring-sales.dk\/wp-content\/uploads\/2022\/10\/praxis80bord.jpg\" alt=\"\" width=\"1406\" height=\"268\" srcset=\"https:\/\/shop.bjerring-sales.dk\/wp-content\/uploads\/2022\/10\/praxis80bord.jpg 1406w, https:\/\/shop.bjerring-sales.dk\/wp-content\/uploads\/2022\/10\/praxis80bord-150x29.jpg 150w, https:\/\/shop.bjerring-sales.dk\/wp-content\/uploads\/2022\/10\/praxis80bord-600x114.jpg 600w, https:\/\/shop.bjerring-sales.dk\/wp-content\/uploads\/2022\/10\/praxis80bord-300x57.jpg 300w, https:\/\/shop.bjerring-sales.dk\/wp-content\/uploads\/2022\/10\/praxis80bord-1024x195.jpg 1024w, https:\/\/shop.bjerring-sales.dk\/wp-content\/uploads\/2022\/10\/praxis80bord-768x146.jpg 768w\" sizes=\"auto, (max-width: 1406px) 100vw, 1406px\" \/><\/p>\n\n\t\t<\/div>\n\t<\/div>\n<\/div><\/div><\/div><\/div><div class=\"vc_row wpb_row vc_row-fluid\"><div class=\"wpb_column vc_column_container vc_col-sm-12\"><div class=\"vc_column-inner\"><div class=\"wpb_wrapper\"><div class=\"vc_separator wpb_content_element vc_separator_align_center vc_sep_width_100 vc_sep_pos_align_center vc_separator_no_text vc_sep_color_grey\" ><span class=\"vc_sep_holder vc_sep_holder_l\"><span class=\"vc_sep_line\"><\/span><\/span><span class=\"vc_sep_holder vc_sep_holder_r\"><span class=\"vc_sep_line\"><\/span><\/span>\n<\/div><\/div><\/div><\/div><\/div><div class=\"vc_row wpb_row vc_row-fluid\"><div class=\"wpb_column vc_column_container vc_col-sm-7\"><div class=\"vc_column-inner\"><div class=\"wpb_wrapper\">\n\t<div class=\"wpb_text_column wpb_content_element\" >\n\t\t<div class=\"wpb_wrapper\">\n\t\t\t<p><span style=\"font-size: 18pt\">Measure<\/span><\/p>\n<ul>\n<li>Table top: \u00d881 cm<\/li>\n<li>Height: 74 cm<\/li>\n<\/ul>\n<p><span style=\"font-size: 18pt\">Weight<\/span><\/p>\n<ul>\n<li>7.6 kg<\/li>\n<li>Rec. max. load: 170 kg<\/li>\n<\/ul>\n<p><span style=\"font-size: 18pt\">Other<\/span><\/p>\n<ul>\n<li>The trolley VG16001A holds 15 Praxis tables<\/li>\n<\/ul>\n\n\t\t<\/div>\n\t<\/div>\n<\/div><\/div><\/div><div class=\"wpb_column vc_column_container vc_col-sm-5\"><div class=\"vc_column-inner vc_custom_1524613512965\"><div class=\"wpb_wrapper\">\n\t<div class=\"wpb_text_column wpb_content_element\" >\n\t\t<div class=\"wpb_wrapper\">\n\t\t\t<p><span style=\"font-size: 18pt\">Certifications<\/span><\/p>\n<ul>\n<li>EN 581-1\/581-3<\/li>\n<li>EN 15372 L2<\/li>\n<\/ul>\n<p><span style=\"font-size: 18pt\">Guarantee<\/span><\/p>\n<ul>\n<li>10 years<\/li>\n<\/ul>\n\n\t\t<\/div>\n\t<\/div>\n<\/div><\/div><\/div><\/div>\n<\/div>","protected":false},"excerpt":{"rendered":"<p>The foldable Praxis table is both UV-protected and moisture-resistant, which makes it suitable for both indoor and outdoor use.<\/p>","protected":false},"featured_media":98907,"template":"","meta":{"iawp_total_views":7},"product_brand":[],"product_cat":[5863,5911,6350],"product_tag":[6079,6091],"class_list":{"0":"post-90679","1":"product","2":"type-product","3":"status-publish","4":"has-post-thumbnail","6":"product_cat-fallbara-bord","7":"product_cat-cafebord","8":"product_cat-new-zown-classic","9":"product_tag-new-zown-classic","10":"product_tag-fallbart-runt-bord","12":"first","13":"instock","14":"taxable","15":"shipping-taxable","16":"purchasable","17":"product-type-simple"},"yoast_head":"<!-- This site is optimized with the Yoast SEO plugin v27.0 - https:\/\/yoast.com\/product\/yoast-seo-wordpress\/ -->\n<title>Praxis 80 - F\u00e4llbart bord - Bjerring-Sales<\/title>\n<meta name=\"description\" content=\"Praxis 80 \u00e4r ett f\u00e4llbart bord tillverkat av producenten Zown. Bordsstativet \u00e4r en stabil pulverlackerad st\u00e5lkonstruktion och den slitstarka bordsskivan \u00e4r producerad i h\u00f6gdensitetspolyeten.\" \/>\n<meta name=\"robots\" content=\"index, follow, max-snippet:-1, max-image-preview:large, max-video-preview:-1\" \/>\n<link rel=\"canonical\" href=\"https:\/\/shop.bjerring-sales.dk\/en\/product\/praxis-80-fallbart-bord\/\" \/>\n<meta property=\"og:locale\" content=\"en_GB\" \/>\n<meta property=\"og:type\" content=\"article\" \/>\n<meta property=\"og:title\" content=\"Praxis 80 - F\u00e4llbart bord - Bjerring-Sales\" \/>\n<meta property=\"og:description\" content=\"Praxis 80 \u00e4r ett f\u00e4llbart bord tillverkat av producenten Zown. Bordsstativet \u00e4r en stabil pulverlackerad st\u00e5lkonstruktion och den slitstarka bordsskivan \u00e4r producerad i h\u00f6gdensitetspolyeten.\" \/>\n<meta property=\"og:url\" content=\"https:\/\/shop.bjerring-sales.dk\/en\/product\/praxis-80-fallbart-bord\/\" \/>\n<meta property=\"og:site_name\" content=\"Bjerring-Sales\" \/>\n<meta property=\"article:modified_time\" content=\"2026-04-16T14:05:06+00:00\" \/>\n<meta property=\"og:image\" content=\"https:\/\/shop.bjerring-sales.dk\/wp-content\/uploads\/2024\/10\/Praxis80-NC-4.jpg\" \/>\n\t<meta property=\"og:image:width\" content=\"800\" \/>\n\t<meta property=\"og:image:height\" content=\"800\" \/>\n\t<meta property=\"og:image:type\" content=\"image\/jpeg\" \/>\n<meta name=\"twitter:card\" content=\"summary_large_image\" \/>\n<meta name=\"twitter:label1\" content=\"Estimated reading time\" \/>\n\t<meta name=\"twitter:data1\" content=\"1 minute\" \/>\n<script type=\"application\/ld+json\" class=\"yoast-schema-graph\">{\"@context\":\"https:\/\/schema.org\",\"@graph\":[{\"@type\":\"WebPage\",\"@id\":\"https:\/\/shop.bjerring-sales.dk\/sv\/produkt\/praxis-80-fallbart-bord\/\",\"url\":\"https:\/\/shop.bjerring-sales.dk\/sv\/produkt\/praxis-80-fallbart-bord\/\",\"name\":\"Praxis 80 - F\u00e4llbart bord - Bjerring-Sales\",\"isPartOf\":{\"@id\":\"https:\/\/shop.bjerring-sales.dk\/#website\"},\"primaryImageOfPage\":{\"@id\":\"https:\/\/shop.bjerring-sales.dk\/sv\/produkt\/praxis-80-fallbart-bord\/#primaryimage\"},\"image\":{\"@id\":\"https:\/\/shop.bjerring-sales.dk\/sv\/produkt\/praxis-80-fallbart-bord\/#primaryimage\"},\"thumbnailUrl\":\"https:\/\/shop.bjerring-sales.dk\/wp-content\/uploads\/2024\/10\/Praxis80-NC-4.jpg\",\"datePublished\":\"2022-10-21T10:51:27+00:00\",\"dateModified\":\"2026-04-16T14:05:06+00:00\",\"description\":\"Praxis 80 \u00e4r ett f\u00e4llbart bord tillverkat av producenten Zown. Bordsstativet \u00e4r en stabil pulverlackerad st\u00e5lkonstruktion och den slitstarka bordsskivan \u00e4r producerad i h\u00f6gdensitetspolyeten.\",\"breadcrumb\":{\"@id\":\"https:\/\/shop.bjerring-sales.dk\/sv\/produkt\/praxis-80-fallbart-bord\/#breadcrumb\"},\"inLanguage\":\"en-GB\",\"potentialAction\":[{\"@type\":\"ReadAction\",\"target\":[\"https:\/\/shop.bjerring-sales.dk\/sv\/produkt\/praxis-80-fallbart-bord\/\"]}]},{\"@type\":\"ImageObject\",\"inLanguage\":\"en-GB\",\"@id\":\"https:\/\/shop.bjerring-sales.dk\/sv\/produkt\/praxis-80-fallbart-bord\/#primaryimage\",\"url\":\"https:\/\/shop.bjerring-sales.dk\/wp-content\/uploads\/2024\/10\/Praxis80-NC-4.jpg\",\"contentUrl\":\"https:\/\/shop.bjerring-sales.dk\/wp-content\/uploads\/2024\/10\/Praxis80-NC-4.jpg\",\"width\":800,\"height\":800},{\"@type\":\"BreadcrumbList\",\"@id\":\"https:\/\/shop.bjerring-sales.dk\/sv\/produkt\/praxis-80-fallbart-bord\/#breadcrumb\",\"itemListElement\":[{\"@type\":\"ListItem\",\"position\":1,\"name\":\"Hem\",\"item\":\"https:\/\/shop.bjerring-sales.dk\/\"},{\"@type\":\"ListItem\",\"position\":2,\"name\":\"Webbutik\",\"item\":\"https:\/\/shop.bjerring-sales.dk\/butik\/\"},{\"@type\":\"ListItem\",\"position\":3,\"name\":\"Praxis 80 &#8211; F\u00e4llbart bord\"}]},{\"@type\":\"WebSite\",\"@id\":\"https:\/\/shop.bjerring-sales.dk\/#website\",\"url\":\"https:\/\/shop.bjerring-sales.dk\/\",\"name\":\"Bjerring-Sales\",\"description\":\"M\u00f6bler f\u00f6r teatrar, skolor, kontor och k\u00f6pcentrum\",\"publisher\":{\"@id\":\"https:\/\/shop.bjerring-sales.dk\/#organization\"},\"potentialAction\":[{\"@type\":\"SearchAction\",\"target\":{\"@type\":\"EntryPoint\",\"urlTemplate\":\"https:\/\/shop.bjerring-sales.dk\/?s={search_term_string}\"},\"query-input\":{\"@type\":\"PropertyValueSpecification\",\"valueRequired\":true,\"valueName\":\"search_term_string\"}}],\"inLanguage\":\"en-GB\"},{\"@type\":\"Organization\",\"@id\":\"https:\/\/shop.bjerring-sales.dk\/#organization\",\"name\":\"Bjerring-Sales\",\"url\":\"https:\/\/shop.bjerring-sales.dk\/\",\"logo\":{\"@type\":\"ImageObject\",\"inLanguage\":\"en-GB\",\"@id\":\"https:\/\/shop.bjerring-sales.dk\/#\/schema\/logo\/image\/\",\"url\":\"https:\/\/shop.bjerring-sales.dk\/wp-content\/uploads\/2023\/01\/logo_sv.png\",\"contentUrl\":\"https:\/\/shop.bjerring-sales.dk\/wp-content\/uploads\/2023\/01\/logo_sv.png\",\"width\":195,\"height\":68,\"caption\":\"Bjerring-Sales\"},\"image\":{\"@id\":\"https:\/\/shop.bjerring-sales.dk\/#\/schema\/logo\/image\/\"}}]}<\/script>\n<!-- \/ Yoast SEO plugin. -->","yoast_head_json":{"title":"Praxis 80 - F\u00e4llbart bord - Bjerring-Sales","description":"Praxis 80 \u00e4r ett f\u00e4llbart bord tillverkat av producenten Zown. Bordsstativet \u00e4r en stabil pulverlackerad st\u00e5lkonstruktion och den slitstarka bordsskivan \u00e4r producerad i h\u00f6gdensitetspolyeten.","robots":{"index":"index","follow":"follow","max-snippet":"max-snippet:-1","max-image-preview":"max-image-preview:large","max-video-preview":"max-video-preview:-1"},"canonical":"https:\/\/shop.bjerring-sales.dk\/en\/product\/praxis-80-fallbart-bord\/","og_locale":"en_GB","og_type":"article","og_title":"Praxis 80 - F\u00e4llbart bord - Bjerring-Sales","og_description":"Praxis 80 \u00e4r ett f\u00e4llbart bord tillverkat av producenten Zown. Bordsstativet \u00e4r en stabil pulverlackerad st\u00e5lkonstruktion och den slitstarka bordsskivan \u00e4r producerad i h\u00f6gdensitetspolyeten.","og_url":"https:\/\/shop.bjerring-sales.dk\/en\/product\/praxis-80-fallbart-bord\/","og_site_name":"Bjerring-Sales","article_modified_time":"2026-04-16T14:05:06+00:00","og_image":[{"width":800,"height":800,"url":"https:\/\/shop.bjerring-sales.dk\/wp-content\/uploads\/2024\/10\/Praxis80-NC-4.jpg","type":"image\/jpeg"}],"twitter_card":"summary_large_image","twitter_misc":{"Estimated reading time":"1 minute"},"schema":{"@context":"https:\/\/schema.org","@graph":[{"@type":"WebPage","@id":"https:\/\/shop.bjerring-sales.dk\/sv\/produkt\/praxis-80-fallbart-bord\/","url":"https:\/\/shop.bjerring-sales.dk\/sv\/produkt\/praxis-80-fallbart-bord\/","name":"Praxis 80 - F\u00e4llbart bord - Bjerring-Sales","isPartOf":{"@id":"https:\/\/shop.bjerring-sales.dk\/#website"},"primaryImageOfPage":{"@id":"https:\/\/shop.bjerring-sales.dk\/sv\/produkt\/praxis-80-fallbart-bord\/#primaryimage"},"image":{"@id":"https:\/\/shop.bjerring-sales.dk\/sv\/produkt\/praxis-80-fallbart-bord\/#primaryimage"},"thumbnailUrl":"https:\/\/shop.bjerring-sales.dk\/wp-content\/uploads\/2024\/10\/Praxis80-NC-4.jpg","datePublished":"2022-10-21T10:51:27+00:00","dateModified":"2026-04-16T14:05:06+00:00","description":"Praxis 80 \u00e4r ett f\u00e4llbart bord tillverkat av producenten Zown. Bordsstativet \u00e4r en stabil pulverlackerad st\u00e5lkonstruktion och den slitstarka bordsskivan \u00e4r producerad i h\u00f6gdensitetspolyeten.","breadcrumb":{"@id":"https:\/\/shop.bjerring-sales.dk\/sv\/produkt\/praxis-80-fallbart-bord\/#breadcrumb"},"inLanguage":"en-GB","potentialAction":[{"@type":"ReadAction","target":["https:\/\/shop.bjerring-sales.dk\/sv\/produkt\/praxis-80-fallbart-bord\/"]}]},{"@type":"ImageObject","inLanguage":"en-GB","@id":"https:\/\/shop.bjerring-sales.dk\/sv\/produkt\/praxis-80-fallbart-bord\/#primaryimage","url":"https:\/\/shop.bjerring-sales.dk\/wp-content\/uploads\/2024\/10\/Praxis80-NC-4.jpg","contentUrl":"https:\/\/shop.bjerring-sales.dk\/wp-content\/uploads\/2024\/10\/Praxis80-NC-4.jpg","width":800,"height":800},{"@type":"BreadcrumbList","@id":"https:\/\/shop.bjerring-sales.dk\/sv\/produkt\/praxis-80-fallbart-bord\/#breadcrumb","itemListElement":[{"@type":"ListItem","position":1,"name":"Hem","item":"https:\/\/shop.bjerring-sales.dk\/"},{"@type":"ListItem","position":2,"name":"Webbutik","item":"https:\/\/shop.bjerring-sales.dk\/butik\/"},{"@type":"ListItem","position":3,"name":"Praxis 80 &#8211; F\u00e4llbart bord"}]},{"@type":"WebSite","@id":"https:\/\/shop.bjerring-sales.dk\/#website","url":"https:\/\/shop.bjerring-sales.dk\/","name":"Bjerring Sales","description":"Furniture for theatres, schools, offices and shopping centres","publisher":{"@id":"https:\/\/shop.bjerring-sales.dk\/#organization"},"potentialAction":[{"@type":"SearchAction","target":{"@type":"EntryPoint","urlTemplate":"https:\/\/shop.bjerring-sales.dk\/?s={search_term_string}"},"query-input":{"@type":"PropertyValueSpecification","valueRequired":true,"valueName":"search_term_string"}}],"inLanguage":"en-GB"},{"@type":"Organization","@id":"https:\/\/shop.bjerring-sales.dk\/#organization","name":"Bjerring Sales","url":"https:\/\/shop.bjerring-sales.dk\/","logo":{"@type":"ImageObject","inLanguage":"en-GB","@id":"https:\/\/shop.bjerring-sales.dk\/#\/schema\/logo\/image\/","url":"https:\/\/shop.bjerring-sales.dk\/wp-content\/uploads\/2023\/01\/logo_sv.png","contentUrl":"https:\/\/shop.bjerring-sales.dk\/wp-content\/uploads\/2023\/01\/logo_sv.png","width":195,"height":68,"caption":"Bjerring-Sales"},"image":{"@id":"https:\/\/shop.bjerring-sales.dk\/#\/schema\/logo\/image\/"}}]}},"_links":{"self":[{"href":"https:\/\/shop.bjerring-sales.dk\/en\/wp-json\/wp\/v2\/product\/90679","targetHints":{"allow":["GET"]}}],"collection":[{"href":"https:\/\/shop.bjerring-sales.dk\/en\/wp-json\/wp\/v2\/product"}],"about":[{"href":"https:\/\/shop.bjerring-sales.dk\/en\/wp-json\/wp\/v2\/types\/product"}],"wp:featuredmedia":[{"embeddable":true,"href":"https:\/\/shop.bjerring-sales.dk\/en\/wp-json\/wp\/v2\/media\/98907"}],"wp:attachment":[{"href":"https:\/\/shop.bjerring-sales.dk\/en\/wp-json\/wp\/v2\/media?parent=90679"}],"wp:term":[{"taxonomy":"product_brand","embeddable":true,"href":"https:\/\/shop.bjerring-sales.dk\/en\/wp-json\/wp\/v2\/product_brand?post=90679"},{"taxonomy":"product_cat","embeddable":true,"href":"https:\/\/shop.bjerring-sales.dk\/en\/wp-json\/wp\/v2\/product_cat?post=90679"},{"taxonomy":"product_tag","embeddable":true,"href":"https:\/\/shop.bjerring-sales.dk\/en\/wp-json\/wp\/v2\/product_tag?post=90679"}],"curies":[{"name":"wp","href":"https:\/\/api.w.org\/{rel}","templated":true}]}}