{"id":89977,"date":"2022-09-27T12:55:08","date_gmt":"2022-09-27T10:55:08","guid":{"rendered":"https:\/\/pule.se\/?post_type=product&#038;p=89977"},"modified":"2024-03-20T11:17:09","modified_gmt":"2024-03-20T10:17:09","slug":"skjutdorrskap-120x40x1075cm-urban-oak-stomme-och-gra-dorrar","status":"publish","type":"product","link":"https:\/\/shop.bjerring-sales.dk\/en\/product\/skjutdorrskap-120x40x1075cm-urban-oak-stomme-och-gra-dorrar\/","title":{"rendered":"Sliding door cabinet 120x40x107.5cm - Urban oak frame and gray doors"},"content":{"rendered":"<div class=\"wpb-content-wrapper\"><div class=\"vc_row wpb_row vc_row-fluid\"><div class=\"wpb_column vc_column_container vc_col-sm-12\"><div class=\"vc_column-inner\"><div class=\"wpb_wrapper\">\n\t<div class=\"wpb_text_column wpb_content_element\" >\n\t\t<div class=\"wpb_wrapper\">\n\t\t\t<p><span style=\"font-size: 24pt\">Sliding door cabinet 120x40x107.5 cm, urban oak frame and gray doors - Modify<br \/>\n<\/span>Cabinets with sliding doors in the Modify series are designed for customers who want many choices. We offer 4 different sizes of cabinets with sliding doors with 5 different choices of chassis: frame without chassis, plinth, plastic feet, steel legs or wheels. The different choices of chassis are available in different colors. Also choose the color of the handle to create a variety of options.<\/p>\n\n\t\t<\/div>\n\t<\/div>\n<\/div><\/div><\/div><\/div><div class=\"vc_row wpb_row vc_row-fluid\"><div class=\"wpb_column vc_column_container vc_col-sm-12\"><div class=\"vc_column-inner\"><div class=\"wpb_wrapper\"><div class=\"vc_separator wpb_content_element vc_separator_align_center vc_sep_width_100 vc_sep_pos_align_center vc_separator_no_text vc_sep_color_grey\" ><span class=\"vc_sep_holder vc_sep_holder_l\"><span class=\"vc_sep_line\"><\/span><\/span><span class=\"vc_sep_holder vc_sep_holder_r\"><span class=\"vc_sep_line\"><\/span><\/span>\n<\/div><\/div><\/div><\/div><\/div><div class=\"vc_row wpb_row vc_row-fluid\"><div class=\"wpb_column vc_column_container vc_col-sm-7\"><div class=\"vc_column-inner\"><div class=\"wpb_wrapper\">\n\t<div class=\"wpb_text_column wpb_content_element\" >\n\t\t<div class=\"wpb_wrapper\">\n\t\t\t<p><span style=\"font-size: 18pt\">Colors<br \/>\n<\/span>Cabinets with sliding doors are available as stock in white, gray and urban oak with different choices and colors for the base and handles. Currently we can arrange special orders with other color combinations with a 3-5 week delivery time.<\/p>\n<p><span style=\"font-size: 18pt\"><img loading=\"lazy\" decoding=\"async\" class=\"alignnone size-full wp-image-90486\" src=\"https:\/\/shop.bjerring-sales.dk\/wp-content\/uploads\/2022\/09\/skjutdorrskap-urbanoakstommegradorrar30.jpg\" alt=\"\" width=\"800\" height=\"550\" srcset=\"https:\/\/shop.bjerring-sales.dk\/wp-content\/uploads\/2022\/09\/skjutdorrskap-urbanoakstommegradorrar30.jpg 800w, https:\/\/shop.bjerring-sales.dk\/wp-content\/uploads\/2022\/09\/skjutdorrskap-urbanoakstommegradorrar30-150x103.jpg 150w, https:\/\/shop.bjerring-sales.dk\/wp-content\/uploads\/2022\/09\/skjutdorrskap-urbanoakstommegradorrar30-600x413.jpg 600w, https:\/\/shop.bjerring-sales.dk\/wp-content\/uploads\/2022\/09\/skjutdorrskap-urbanoakstommegradorrar30-300x206.jpg 300w, https:\/\/shop.bjerring-sales.dk\/wp-content\/uploads\/2022\/09\/skjutdorrskap-urbanoakstommegradorrar30-768x528.jpg 768w\" sizes=\"auto, (max-width: 800px) 100vw, 800px\" \/><\/span><\/p>\n<p><span style=\"font-size: 18pt\">Areas of use<br \/>\n<\/span>Cabinets with sliding doors are a natural element in the office and in the open office landscape. Hide chargers and post-it notes, documents and private items so that the desk stays clean and tidy. There are smart options for document management so that the structure is even better.<\/p>\n<p><span style=\"font-size: 18pt\">Material - Cabinet<br \/>\n<\/span><\/p>\n<ul>\n<li>The back of the sliding door cabinet is made of an 18 mm melamine-coated chipboard.<\/li>\n<li>Walls, top \/ bottom, shelves and doors are made of 18 mm melamine-coated chipboard with 1 mm ABS edging.<\/li>\n<li>The sliding doors are made of 18 mm melamine-coated chipboard with 1 mm ABS edge with plastic runners.<\/li>\n<li>The shelves have a load capacity of 25 kg.<\/li>\n<\/ul>\n\n\t\t<\/div>\n\t<\/div>\n<\/div><\/div><\/div><div class=\"wpb_column vc_column_container vc_col-sm-5\"><div class=\"vc_column-inner vc_custom_1524613512965\"><div class=\"wpb_wrapper\">\n\t<div class=\"wpb_text_column wpb_content_element\" >\n\t\t<div class=\"wpb_wrapper\">\n\t\t\t<p><span style=\"font-size: 18pt\">Measure<br \/>\n<\/span>Modify cabinet with sliding doors 120x40x107.5cm.<\/p>\n<p><span style=\"font-size: 18pt\"><img loading=\"lazy\" decoding=\"async\" class=\"alignnone size-full wp-image-90487\" src=\"https:\/\/shop.bjerring-sales.dk\/wp-content\/uploads\/2022\/09\/skjutdorrskap-urbanoakstommegradorrar31.jpg\" alt=\"\" width=\"1200\" height=\"273\" srcset=\"https:\/\/shop.bjerring-sales.dk\/wp-content\/uploads\/2022\/09\/skjutdorrskap-urbanoakstommegradorrar31.jpg 1200w, https:\/\/shop.bjerring-sales.dk\/wp-content\/uploads\/2022\/09\/skjutdorrskap-urbanoakstommegradorrar31-150x34.jpg 150w, https:\/\/shop.bjerring-sales.dk\/wp-content\/uploads\/2022\/09\/skjutdorrskap-urbanoakstommegradorrar31-600x137.jpg 600w, https:\/\/shop.bjerring-sales.dk\/wp-content\/uploads\/2022\/09\/skjutdorrskap-urbanoakstommegradorrar31-300x68.jpg 300w, https:\/\/shop.bjerring-sales.dk\/wp-content\/uploads\/2022\/09\/skjutdorrskap-urbanoakstommegradorrar31-1024x233.jpg 1024w, https:\/\/shop.bjerring-sales.dk\/wp-content\/uploads\/2022\/09\/skjutdorrskap-urbanoakstommegradorrar31-768x175.jpg 768w\" sizes=\"auto, (max-width: 1200px) 100vw, 1200px\" \/><\/span><\/p>\n<p><span style=\"font-size: 18pt\">Material - Handle &amp; chassis<\/span><\/p>\n<ul>\n<li>The sliding door cabinet has recessed handles (145x42x15 mm) which are made of aluminum and then powder coated in white, silver gray or black.<\/li>\n<li>The metal feet are 80 mm high and made with 20 \u00d7 20 mm metal pipes. The metal feet are powder coated and have integrated plastic legs with height adjustment +10 mm.<\/li>\n<li>The plastic feet are 17 mm high and can be height-adjusted +10 mm. Available in black as standard.<\/li>\n<li>The wheels are \u00d880 mm and have a load capacity of 100 kg \/ wheel. Two of four wheels have stop brakes.<\/li>\n<\/ul>\n<p><span style=\"font-size: 18pt\">Guarantee<br \/>\n<\/span>5 years<\/p>\n<p><img loading=\"lazy\" decoding=\"async\" class=\"alignnone size-full wp-image-90488\" src=\"https:\/\/shop.bjerring-sales.dk\/wp-content\/uploads\/2022\/09\/skjutdorrskap-urbanoakstommegradorrar35.jpg\" alt=\"\" width=\"800\" height=\"400\" srcset=\"https:\/\/shop.bjerring-sales.dk\/wp-content\/uploads\/2022\/09\/skjutdorrskap-urbanoakstommegradorrar35.jpg 800w, https:\/\/shop.bjerring-sales.dk\/wp-content\/uploads\/2022\/09\/skjutdorrskap-urbanoakstommegradorrar35-150x75.jpg 150w, https:\/\/shop.bjerring-sales.dk\/wp-content\/uploads\/2022\/09\/skjutdorrskap-urbanoakstommegradorrar35-600x300.jpg 600w, https:\/\/shop.bjerring-sales.dk\/wp-content\/uploads\/2022\/09\/skjutdorrskap-urbanoakstommegradorrar35-300x150.jpg 300w, https:\/\/shop.bjerring-sales.dk\/wp-content\/uploads\/2022\/09\/skjutdorrskap-urbanoakstommegradorrar35-768x384.jpg 768w\" sizes=\"auto, (max-width: 800px) 100vw, 800px\" \/><\/p>\n\n\t\t<\/div>\n\t<\/div>\n<\/div><\/div><\/div><\/div>\n<\/div>","protected":false},"excerpt":{"rendered":"<p>Modify Sliding door cabinet 120x40x107.5 cm with urban oak frame and gray doors. The storage cabinet is ordered assembled or unassembled with 5 different choices of underframe: frame without underframe, plinth, plastic feet, steel legs or wheels. The different choices of the undercarriage and handle are available in different colors.<\/p>","protected":false},"featured_media":97241,"template":"","meta":{"iawp_total_views":1},"product_brand":[],"product_cat":[5854,5855,6358],"product_tag":[5807,6048,6049,6050,6052],"class_list":{"0":"post-89977","1":"product","2":"type-product","3":"status-publish","4":"has-post-thumbnail","6":"product_cat-skap-skjutdorrar","7":"product_cat-skjutdorrskap-120x1075-cm","8":"product_cat-modify","9":"product_tag-forvaring","10":"product_tag-skjutdorrskap","11":"product_tag-modify-skap","12":"product_tag-skap-med-skjutdorrar","13":"product_tag-forvaringsskap","15":"first","16":"instock","17":"taxable","18":"shipping-taxable","19":"purchasable","20":"product-type-variable"},"yoast_head":"<!-- This site is optimized with the Yoast SEO plugin v27.0 - https:\/\/yoast.com\/product\/yoast-seo-wordpress\/ -->\n<title>Skjutd\u00f6rrsk\u00e5p 120x40x107,5cm - Urban oak stomme och gr\u00e5 d\u00f6rrar - Bjerring-Sales<\/title>\n<meta name=\"description\" content=\"Sk\u00e5p med skjutd\u00f6rrar \u00e4r ett naturligt element i kontoret och i det \u00f6ppna kontorslandskapet. G\u00f6m undan laddare och post-it lappar, dokument samt privata saker s\u00e5 att skrivbordet h\u00e5ller sig rent och fint.\" \/>\n<meta name=\"robots\" content=\"index, follow, max-snippet:-1, max-image-preview:large, max-video-preview:-1\" \/>\n<link rel=\"canonical\" href=\"https:\/\/shop.bjerring-sales.dk\/en\/product\/skjutdorrskap-120x40x1075cm-urban-oak-stomme-och-gra-dorrar\/\" \/>\n<meta property=\"og:locale\" content=\"en_GB\" \/>\n<meta property=\"og:type\" content=\"article\" \/>\n<meta property=\"og:title\" content=\"Skjutd\u00f6rrsk\u00e5p 120x40x107,5 cm, urban oak stomme och gr\u00e5 d\u00f6rrar \u2013 Modify\" \/>\n<meta property=\"og:description\" content=\"Sk\u00e5p med skjutd\u00f6rrar \u00e4r ett naturligt element i kontoret och i det \u00f6ppna kontorslandskapet. G\u00f6m undan laddare och post-it lappar, dokument samt privata saker s\u00e5 att skrivbordet h\u00e5ller sig rent och fint.\" \/>\n<meta property=\"og:url\" content=\"https:\/\/shop.bjerring-sales.dk\/en\/product\/skjutdorrskap-120x40x1075cm-urban-oak-stomme-och-gra-dorrar\/\" \/>\n<meta property=\"og:site_name\" content=\"Bjerring-Sales\" \/>\n<meta property=\"article:modified_time\" content=\"2024-03-20T10:17:09+00:00\" \/>\n<meta property=\"og:image\" content=\"https:\/\/shop.bjerring-sales.dk\/wp-content\/uploads\/2022\/09\/skjutdorrskap-urbanoakstommegradorrar30.jpg\" \/>\n\t<meta property=\"og:image:width\" content=\"800\" \/>\n\t<meta property=\"og:image:height\" content=\"550\" \/>\n\t<meta property=\"og:image:type\" content=\"image\/jpeg\" \/>\n<meta name=\"twitter:card\" content=\"summary_large_image\" \/>\n<meta name=\"twitter:title\" content=\"Skjutd\u00f6rrsk\u00e5p 120x40x107,5 cm, urban oak stomme och gr\u00e5 d\u00f6rrar \u2013 Modify\" \/>\n<meta name=\"twitter:description\" content=\"Sk\u00e5p med skjutd\u00f6rrar \u00e4r ett naturligt element i kontoret och i det \u00f6ppna kontorslandskapet. G\u00f6m undan laddare och post-it lappar, dokument samt privata saker s\u00e5 att skrivbordet h\u00e5ller sig rent och fint.\" \/>\n<meta name=\"twitter:image\" content=\"https:\/\/shop.bjerring-sales.dk\/wp-content\/uploads\/2022\/09\/skjutdorrskap-urbanoakstommegradorrar30.jpg\" \/>\n<meta name=\"twitter:label1\" content=\"Estimated reading time\" \/>\n\t<meta name=\"twitter:data1\" content=\"3 minutes\" \/>\n<script type=\"application\/ld+json\" class=\"yoast-schema-graph\">{\"@context\":\"https:\/\/schema.org\",\"@graph\":[{\"@type\":\"WebPage\",\"@id\":\"https:\/\/shop.bjerring-sales.dk\/sv\/produkt\/skjutdorrskap-120x40x1075cm-urban-oak-stomme-och-gra-dorrar\/\",\"url\":\"https:\/\/shop.bjerring-sales.dk\/sv\/produkt\/skjutdorrskap-120x40x1075cm-urban-oak-stomme-och-gra-dorrar\/\",\"name\":\"Skjutd\u00f6rrsk\u00e5p 120x40x107,5cm - Urban oak stomme och gr\u00e5 d\u00f6rrar - Bjerring-Sales\",\"isPartOf\":{\"@id\":\"https:\/\/shop.bjerring-sales.dk\/#website\"},\"primaryImageOfPage\":{\"@id\":\"https:\/\/shop.bjerring-sales.dk\/sv\/produkt\/skjutdorrskap-120x40x1075cm-urban-oak-stomme-och-gra-dorrar\/#primaryimage\"},\"image\":{\"@id\":\"https:\/\/shop.bjerring-sales.dk\/sv\/produkt\/skjutdorrskap-120x40x1075cm-urban-oak-stomme-och-gra-dorrar\/#primaryimage\"},\"thumbnailUrl\":\"https:\/\/shop.bjerring-sales.dk\/wp-content\/uploads\/2024\/03\/C3S120-WhiteMetal-WoodCorpus-GrayDoors-WhiteHandles-1.jpg\",\"datePublished\":\"2022-09-27T10:55:08+00:00\",\"dateModified\":\"2024-03-20T10:17:09+00:00\",\"description\":\"Sk\u00e5p med skjutd\u00f6rrar \u00e4r ett naturligt element i kontoret och i det \u00f6ppna kontorslandskapet. G\u00f6m undan laddare och post-it lappar, dokument samt privata saker s\u00e5 att skrivbordet h\u00e5ller sig rent och fint.\",\"breadcrumb\":{\"@id\":\"https:\/\/shop.bjerring-sales.dk\/sv\/produkt\/skjutdorrskap-120x40x1075cm-urban-oak-stomme-och-gra-dorrar\/#breadcrumb\"},\"inLanguage\":\"en-GB\",\"potentialAction\":[{\"@type\":\"ReadAction\",\"target\":[\"https:\/\/shop.bjerring-sales.dk\/sv\/produkt\/skjutdorrskap-120x40x1075cm-urban-oak-stomme-och-gra-dorrar\/\"]}]},{\"@type\":\"ImageObject\",\"inLanguage\":\"en-GB\",\"@id\":\"https:\/\/shop.bjerring-sales.dk\/sv\/produkt\/skjutdorrskap-120x40x1075cm-urban-oak-stomme-och-gra-dorrar\/#primaryimage\",\"url\":\"https:\/\/shop.bjerring-sales.dk\/wp-content\/uploads\/2024\/03\/C3S120-WhiteMetal-WoodCorpus-GrayDoors-WhiteHandles-1.jpg\",\"contentUrl\":\"https:\/\/shop.bjerring-sales.dk\/wp-content\/uploads\/2024\/03\/C3S120-WhiteMetal-WoodCorpus-GrayDoors-WhiteHandles-1.jpg\",\"width\":800,\"height\":800},{\"@type\":\"BreadcrumbList\",\"@id\":\"https:\/\/shop.bjerring-sales.dk\/sv\/produkt\/skjutdorrskap-120x40x1075cm-urban-oak-stomme-och-gra-dorrar\/#breadcrumb\",\"itemListElement\":[{\"@type\":\"ListItem\",\"position\":1,\"name\":\"Hem\",\"item\":\"https:\/\/shop.bjerring-sales.dk\/\"},{\"@type\":\"ListItem\",\"position\":2,\"name\":\"Webbutik\",\"item\":\"https:\/\/shop.bjerring-sales.dk\/butik\/\"},{\"@type\":\"ListItem\",\"position\":3,\"name\":\"Skjutd\u00f6rrsk\u00e5p 120x40x107,5cm &#8211; Urban oak stomme och gr\u00e5 d\u00f6rrar\"}]},{\"@type\":\"WebSite\",\"@id\":\"https:\/\/shop.bjerring-sales.dk\/#website\",\"url\":\"https:\/\/shop.bjerring-sales.dk\/\",\"name\":\"Bjerring-Sales\",\"description\":\"M\u00f6bler f\u00f6r teatrar, skolor, kontor och k\u00f6pcentrum\",\"publisher\":{\"@id\":\"https:\/\/shop.bjerring-sales.dk\/#organization\"},\"potentialAction\":[{\"@type\":\"SearchAction\",\"target\":{\"@type\":\"EntryPoint\",\"urlTemplate\":\"https:\/\/shop.bjerring-sales.dk\/?s={search_term_string}\"},\"query-input\":{\"@type\":\"PropertyValueSpecification\",\"valueRequired\":true,\"valueName\":\"search_term_string\"}}],\"inLanguage\":\"en-GB\"},{\"@type\":\"Organization\",\"@id\":\"https:\/\/shop.bjerring-sales.dk\/#organization\",\"name\":\"Bjerring-Sales\",\"url\":\"https:\/\/shop.bjerring-sales.dk\/\",\"logo\":{\"@type\":\"ImageObject\",\"inLanguage\":\"en-GB\",\"@id\":\"https:\/\/shop.bjerring-sales.dk\/#\/schema\/logo\/image\/\",\"url\":\"https:\/\/shop.bjerring-sales.dk\/wp-content\/uploads\/2023\/01\/logo_sv.png\",\"contentUrl\":\"https:\/\/shop.bjerring-sales.dk\/wp-content\/uploads\/2023\/01\/logo_sv.png\",\"width\":195,\"height\":68,\"caption\":\"Bjerring-Sales\"},\"image\":{\"@id\":\"https:\/\/shop.bjerring-sales.dk\/#\/schema\/logo\/image\/\"}}]}<\/script>\n<!-- \/ Yoast SEO plugin. -->","yoast_head_json":{"title":"Skjutd\u00f6rrsk\u00e5p 120x40x107,5cm - Urban oak stomme och gr\u00e5 d\u00f6rrar - Bjerring-Sales","description":"Sk\u00e5p med skjutd\u00f6rrar \u00e4r ett naturligt element i kontoret och i det \u00f6ppna kontorslandskapet. G\u00f6m undan laddare och post-it lappar, dokument samt privata saker s\u00e5 att skrivbordet h\u00e5ller sig rent och fint.","robots":{"index":"index","follow":"follow","max-snippet":"max-snippet:-1","max-image-preview":"max-image-preview:large","max-video-preview":"max-video-preview:-1"},"canonical":"https:\/\/shop.bjerring-sales.dk\/en\/product\/skjutdorrskap-120x40x1075cm-urban-oak-stomme-och-gra-dorrar\/","og_locale":"en_GB","og_type":"article","og_title":"Skjutd\u00f6rrsk\u00e5p 120x40x107,5 cm, urban oak stomme och gr\u00e5 d\u00f6rrar \u2013 Modify","og_description":"Sk\u00e5p med skjutd\u00f6rrar \u00e4r ett naturligt element i kontoret och i det \u00f6ppna kontorslandskapet. G\u00f6m undan laddare och post-it lappar, dokument samt privata saker s\u00e5 att skrivbordet h\u00e5ller sig rent och fint.","og_url":"https:\/\/shop.bjerring-sales.dk\/en\/product\/skjutdorrskap-120x40x1075cm-urban-oak-stomme-och-gra-dorrar\/","og_site_name":"Bjerring-Sales","article_modified_time":"2024-03-20T10:17:09+00:00","og_image":[{"width":800,"height":550,"url":"https:\/\/shop.bjerring-sales.dk\/wp-content\/uploads\/2022\/09\/skjutdorrskap-urbanoakstommegradorrar30.jpg","type":"image\/jpeg"}],"twitter_card":"summary_large_image","twitter_title":"Skjutd\u00f6rrsk\u00e5p 120x40x107,5 cm, urban oak stomme och gr\u00e5 d\u00f6rrar \u2013 Modify","twitter_description":"Sk\u00e5p med skjutd\u00f6rrar \u00e4r ett naturligt element i kontoret och i det \u00f6ppna kontorslandskapet. G\u00f6m undan laddare och post-it lappar, dokument samt privata saker s\u00e5 att skrivbordet h\u00e5ller sig rent och fint.","twitter_image":"https:\/\/shop.bjerring-sales.dk\/wp-content\/uploads\/2022\/09\/skjutdorrskap-urbanoakstommegradorrar30.jpg","twitter_misc":{"Estimated reading time":"3 minutes"},"schema":{"@context":"https:\/\/schema.org","@graph":[{"@type":"WebPage","@id":"https:\/\/shop.bjerring-sales.dk\/sv\/produkt\/skjutdorrskap-120x40x1075cm-urban-oak-stomme-och-gra-dorrar\/","url":"https:\/\/shop.bjerring-sales.dk\/sv\/produkt\/skjutdorrskap-120x40x1075cm-urban-oak-stomme-och-gra-dorrar\/","name":"Skjutd\u00f6rrsk\u00e5p 120x40x107,5cm - Urban oak stomme och gr\u00e5 d\u00f6rrar - Bjerring-Sales","isPartOf":{"@id":"https:\/\/shop.bjerring-sales.dk\/#website"},"primaryImageOfPage":{"@id":"https:\/\/shop.bjerring-sales.dk\/sv\/produkt\/skjutdorrskap-120x40x1075cm-urban-oak-stomme-och-gra-dorrar\/#primaryimage"},"image":{"@id":"https:\/\/shop.bjerring-sales.dk\/sv\/produkt\/skjutdorrskap-120x40x1075cm-urban-oak-stomme-och-gra-dorrar\/#primaryimage"},"thumbnailUrl":"https:\/\/shop.bjerring-sales.dk\/wp-content\/uploads\/2024\/03\/C3S120-WhiteMetal-WoodCorpus-GrayDoors-WhiteHandles-1.jpg","datePublished":"2022-09-27T10:55:08+00:00","dateModified":"2024-03-20T10:17:09+00:00","description":"Sk\u00e5p med skjutd\u00f6rrar \u00e4r ett naturligt element i kontoret och i det \u00f6ppna kontorslandskapet. G\u00f6m undan laddare och post-it lappar, dokument samt privata saker s\u00e5 att skrivbordet h\u00e5ller sig rent och fint.","breadcrumb":{"@id":"https:\/\/shop.bjerring-sales.dk\/sv\/produkt\/skjutdorrskap-120x40x1075cm-urban-oak-stomme-och-gra-dorrar\/#breadcrumb"},"inLanguage":"en-GB","potentialAction":[{"@type":"ReadAction","target":["https:\/\/shop.bjerring-sales.dk\/sv\/produkt\/skjutdorrskap-120x40x1075cm-urban-oak-stomme-och-gra-dorrar\/"]}]},{"@type":"ImageObject","inLanguage":"en-GB","@id":"https:\/\/shop.bjerring-sales.dk\/sv\/produkt\/skjutdorrskap-120x40x1075cm-urban-oak-stomme-och-gra-dorrar\/#primaryimage","url":"https:\/\/shop.bjerring-sales.dk\/wp-content\/uploads\/2024\/03\/C3S120-WhiteMetal-WoodCorpus-GrayDoors-WhiteHandles-1.jpg","contentUrl":"https:\/\/shop.bjerring-sales.dk\/wp-content\/uploads\/2024\/03\/C3S120-WhiteMetal-WoodCorpus-GrayDoors-WhiteHandles-1.jpg","width":800,"height":800},{"@type":"BreadcrumbList","@id":"https:\/\/shop.bjerring-sales.dk\/sv\/produkt\/skjutdorrskap-120x40x1075cm-urban-oak-stomme-och-gra-dorrar\/#breadcrumb","itemListElement":[{"@type":"ListItem","position":1,"name":"Hem","item":"https:\/\/shop.bjerring-sales.dk\/"},{"@type":"ListItem","position":2,"name":"Webbutik","item":"https:\/\/shop.bjerring-sales.dk\/butik\/"},{"@type":"ListItem","position":3,"name":"Skjutd\u00f6rrsk\u00e5p 120x40x107,5cm &#8211; Urban oak stomme och gr\u00e5 d\u00f6rrar"}]},{"@type":"WebSite","@id":"https:\/\/shop.bjerring-sales.dk\/#website","url":"https:\/\/shop.bjerring-sales.dk\/","name":"Bjerring Sales","description":"Furniture for theatres, schools, offices and shopping centres","publisher":{"@id":"https:\/\/shop.bjerring-sales.dk\/#organization"},"potentialAction":[{"@type":"SearchAction","target":{"@type":"EntryPoint","urlTemplate":"https:\/\/shop.bjerring-sales.dk\/?s={search_term_string}"},"query-input":{"@type":"PropertyValueSpecification","valueRequired":true,"valueName":"search_term_string"}}],"inLanguage":"en-GB"},{"@type":"Organization","@id":"https:\/\/shop.bjerring-sales.dk\/#organization","name":"Bjerring Sales","url":"https:\/\/shop.bjerring-sales.dk\/","logo":{"@type":"ImageObject","inLanguage":"en-GB","@id":"https:\/\/shop.bjerring-sales.dk\/#\/schema\/logo\/image\/","url":"https:\/\/shop.bjerring-sales.dk\/wp-content\/uploads\/2023\/01\/logo_sv.png","contentUrl":"https:\/\/shop.bjerring-sales.dk\/wp-content\/uploads\/2023\/01\/logo_sv.png","width":195,"height":68,"caption":"Bjerring-Sales"},"image":{"@id":"https:\/\/shop.bjerring-sales.dk\/#\/schema\/logo\/image\/"}}]}},"_links":{"self":[{"href":"https:\/\/shop.bjerring-sales.dk\/en\/wp-json\/wp\/v2\/product\/89977","targetHints":{"allow":["GET"]}}],"collection":[{"href":"https:\/\/shop.bjerring-sales.dk\/en\/wp-json\/wp\/v2\/product"}],"about":[{"href":"https:\/\/shop.bjerring-sales.dk\/en\/wp-json\/wp\/v2\/types\/product"}],"wp:featuredmedia":[{"embeddable":true,"href":"https:\/\/shop.bjerring-sales.dk\/en\/wp-json\/wp\/v2\/media\/97241"}],"wp:attachment":[{"href":"https:\/\/shop.bjerring-sales.dk\/en\/wp-json\/wp\/v2\/media?parent=89977"}],"wp:term":[{"taxonomy":"product_brand","embeddable":true,"href":"https:\/\/shop.bjerring-sales.dk\/en\/wp-json\/wp\/v2\/product_brand?post=89977"},{"taxonomy":"product_cat","embeddable":true,"href":"https:\/\/shop.bjerring-sales.dk\/en\/wp-json\/wp\/v2\/product_cat?post=89977"},{"taxonomy":"product_tag","embeddable":true,"href":"https:\/\/shop.bjerring-sales.dk\/en\/wp-json\/wp\/v2\/product_tag?post=89977"}],"curies":[{"name":"wp","href":"https:\/\/api.w.org\/{rel}","templated":true}]}}