{"id":84564,"date":"2022-09-20T15:06:09","date_gmt":"2022-09-20T13:06:09","guid":{"rendered":"https:\/\/pule.se\/?post_type=product&#038;p=84564"},"modified":"2023-01-18T15:28:20","modified_gmt":"2023-01-18T14:28:20","slug":"skjutdorrskap-120x40x72-urban-oak","status":"publish","type":"product","link":"https:\/\/shop.bjerring-sales.dk\/en\/product\/skjutdorrskap-120x40x72-urban-oak\/","title":{"rendered":"Sliding door cabinet 120x40x72cm - Urban oak frame\/urban oak doors"},"content":{"rendered":"<div class=\"wpb-content-wrapper\"><div class=\"vc_row wpb_row vc_row-fluid\"><div class=\"wpb_column vc_column_container vc_col-sm-12\"><div class=\"vc_column-inner\"><div class=\"wpb_wrapper\">\n\t<div class=\"wpb_text_column wpb_content_element\" >\n\t\t<div class=\"wpb_wrapper\">\n\t\t\t<p><span style=\"font-size: 24pt\">Sliding door cabinet 120x40x72 cm, frame and doors in urban oak \u2013 Modify<br \/>\n<\/span>Cabinets with sliding doors in the Modify series are designed for customers who want many choices. We offer 4 different sizes of cabinets with sliding doors with 5 different choices of chassis: frame without chassis, plinth, plastic feet, steel legs or wheels. The different choices of chassis are available in different colors. Also choose the color of the handle to create a variety of options.<\/p>\n\n\t\t<\/div>\n\t<\/div>\n<\/div><\/div><\/div><\/div><div class=\"vc_row wpb_row vc_row-fluid\"><div class=\"wpb_column vc_column_container vc_col-sm-12\"><div class=\"vc_column-inner\"><div class=\"wpb_wrapper\"><div class=\"vc_separator wpb_content_element vc_separator_align_center vc_sep_width_100 vc_sep_pos_align_center vc_separator_no_text vc_sep_color_grey\" ><span class=\"vc_sep_holder vc_sep_holder_l\"><span class=\"vc_sep_line\"><\/span><\/span><span class=\"vc_sep_holder vc_sep_holder_r\"><span class=\"vc_sep_line\"><\/span><\/span>\n<\/div><\/div><\/div><\/div><\/div><div class=\"vc_row wpb_row vc_row-fluid\"><div class=\"wpb_column vc_column_container vc_col-sm-7\"><div class=\"vc_column-inner\"><div class=\"wpb_wrapper\">\n\t<div class=\"wpb_text_column wpb_content_element\" >\n\t\t<div class=\"wpb_wrapper\">\n\t\t\t<p><span style=\"font-size: 18pt\">Colors<br \/>\n<\/span>Cabinets with sliding doors are available as stock in white, gray and urban oak with different choices and colors for the base and handles. Currently we can arrange special orders with other color combinations with a 3-5 week delivery time.<\/p>\n<p><span style=\"font-size: 18pt\"><img loading=\"lazy\" decoding=\"async\" class=\"alignnone size-full wp-image-90602\" src=\"https:\/\/shop.bjerring-sales.dk\/wp-content\/uploads\/2022\/09\/skjutdorrskap-skjutdorrskapurbanoakstommedorrar40.jpg\" alt=\"\" width=\"800\" height=\"550\" srcset=\"https:\/\/shop.bjerring-sales.dk\/wp-content\/uploads\/2022\/09\/skjutdorrskap-skjutdorrskapurbanoakstommedorrar40.jpg 800w, https:\/\/shop.bjerring-sales.dk\/wp-content\/uploads\/2022\/09\/skjutdorrskap-skjutdorrskapurbanoakstommedorrar40-150x103.jpg 150w, https:\/\/shop.bjerring-sales.dk\/wp-content\/uploads\/2022\/09\/skjutdorrskap-skjutdorrskapurbanoakstommedorrar40-600x413.jpg 600w, https:\/\/shop.bjerring-sales.dk\/wp-content\/uploads\/2022\/09\/skjutdorrskap-skjutdorrskapurbanoakstommedorrar40-300x206.jpg 300w, https:\/\/shop.bjerring-sales.dk\/wp-content\/uploads\/2022\/09\/skjutdorrskap-skjutdorrskapurbanoakstommedorrar40-768x528.jpg 768w\" sizes=\"auto, (max-width: 800px) 100vw, 800px\" \/><\/span><\/p>\n<p><span style=\"font-size: 18pt\">Areas of use<br \/>\n<\/span>Cabinets with sliding doors are a natural element in the office and in the open office landscape. Hide chargers and post-it notes, documents and private items so that the desk stays clean and tidy. There are smart options for document management so that the structure is even better.<\/p>\n<p><span style=\"font-size: 18pt\">Material - Cabinet<br \/>\n<\/span><\/p>\n<ul>\n<li>The back of the sliding door cabinet is made of an 18 mm melamine-coated chipboard.<\/li>\n<li>Walls, top \/ bottom, shelves and doors are made of 18 mm melamine-coated chipboard with 1 mm ABS edging.<\/li>\n<li>The sliding doors are made of 18 mm melamine-coated chipboard with 1 mm ABS edge with plastic runners.<\/li>\n<li>The shelves have a load capacity of 25 kg.<\/li>\n<\/ul>\n\n\t\t<\/div>\n\t<\/div>\n<\/div><\/div><\/div><div class=\"wpb_column vc_column_container vc_col-sm-5\"><div class=\"vc_column-inner vc_custom_1524613512965\"><div class=\"wpb_wrapper\">\n\t<div class=\"wpb_text_column wpb_content_element\" >\n\t\t<div class=\"wpb_wrapper\">\n\t\t\t<p><span style=\"font-size: 18pt\">Measure<br \/>\n<\/span>Modify cabinet with sliding doors 120x40x72 cm<\/p>\n<p><span style=\"font-size: 18pt\"><img loading=\"lazy\" decoding=\"async\" class=\"alignnone size-full wp-image-90600\" src=\"https:\/\/shop.bjerring-sales.dk\/wp-content\/uploads\/2022\/09\/skjutdorrskap-grastommeurbanoakdorrar41-1.jpg\" alt=\"\" width=\"1200\" height=\"208\" srcset=\"https:\/\/shop.bjerring-sales.dk\/wp-content\/uploads\/2022\/09\/skjutdorrskap-grastommeurbanoakdorrar41-1.jpg 1200w, https:\/\/shop.bjerring-sales.dk\/wp-content\/uploads\/2022\/09\/skjutdorrskap-grastommeurbanoakdorrar41-1-150x26.jpg 150w, https:\/\/shop.bjerring-sales.dk\/wp-content\/uploads\/2022\/09\/skjutdorrskap-grastommeurbanoakdorrar41-1-600x104.jpg 600w, https:\/\/shop.bjerring-sales.dk\/wp-content\/uploads\/2022\/09\/skjutdorrskap-grastommeurbanoakdorrar41-1-300x52.jpg 300w, https:\/\/shop.bjerring-sales.dk\/wp-content\/uploads\/2022\/09\/skjutdorrskap-grastommeurbanoakdorrar41-1-1024x177.jpg 1024w, https:\/\/shop.bjerring-sales.dk\/wp-content\/uploads\/2022\/09\/skjutdorrskap-grastommeurbanoakdorrar41-1-768x133.jpg 768w\" sizes=\"auto, (max-width: 1200px) 100vw, 1200px\" \/><\/span><\/p>\n<p><span style=\"font-size: 18pt\">Material - Handle &amp; chassis<\/span><\/p>\n<ul>\n<li>The sliding door cabinet has recessed handles (145x42x15 mm) which are made of aluminum and then powder coated in white, silver gray or black.<\/li>\n<li>The metal feet are 80 mm high and made with 20 \u00d7 20 mm metal pipes. The metal feet are powder coated and have integrated plastic legs with height adjustment +10 mm.<\/li>\n<li>The plastic feet are 17 mm high and can be height-adjusted +10 mm. Available in black as standard.<\/li>\n<li>The wheels are \u00d880 mm and have a load capacity of 100 kg \/ wheel. Two of four wheels have stop brakes.<\/li>\n<\/ul>\n<p><span style=\"font-size: 18pt\">Guarantee<br \/>\n<\/span>5 years<\/p>\n<p><img loading=\"lazy\" decoding=\"async\" class=\"alignnone size-full wp-image-90601\" src=\"https:\/\/shop.bjerring-sales.dk\/wp-content\/uploads\/2022\/09\/skjutdorrskap-grastommeurbanoakdorrar42.jpg\" alt=\"\" width=\"800\" height=\"400\" srcset=\"https:\/\/shop.bjerring-sales.dk\/wp-content\/uploads\/2022\/09\/skjutdorrskap-grastommeurbanoakdorrar42.jpg 800w, https:\/\/shop.bjerring-sales.dk\/wp-content\/uploads\/2022\/09\/skjutdorrskap-grastommeurbanoakdorrar42-150x75.jpg 150w, https:\/\/shop.bjerring-sales.dk\/wp-content\/uploads\/2022\/09\/skjutdorrskap-grastommeurbanoakdorrar42-600x300.jpg 600w, https:\/\/shop.bjerring-sales.dk\/wp-content\/uploads\/2022\/09\/skjutdorrskap-grastommeurbanoakdorrar42-300x150.jpg 300w, https:\/\/shop.bjerring-sales.dk\/wp-content\/uploads\/2022\/09\/skjutdorrskap-grastommeurbanoakdorrar42-768x384.jpg 768w\" sizes=\"auto, (max-width: 800px) 100vw, 800px\" \/><\/p>\n\n\t\t<\/div>\n\t<\/div>\n<\/div><\/div><\/div><\/div>\n<\/div>","protected":false},"excerpt":{"rendered":"<p>Modify Sliding door cabinet 120x40x72 cm with frame and doors in urban oak. The storage cabinet is ordered assembled or unassembled with 5 different choices of underframe: frame without underframe, plinth, plastic feet, steel legs or wheels. The different choices of the undercarriage and handle are available in different colors.<\/p>","protected":false},"featured_media":85723,"template":"","meta":{"iawp_total_views":0},"product_brand":[],"product_cat":[5854,5856,6358],"product_tag":[6310,5807,6048,6049,6050,6052],"class_list":{"0":"post-84564","1":"product","2":"type-product","3":"status-publish","4":"has-post-thumbnail","6":"product_cat-skap-skjutdorrar","7":"product_cat-skjutdorrskap-120x72-cm","8":"product_cat-modify","9":"product_tag-urban-oak-skap","10":"product_tag-forvaring","11":"product_tag-skjutdorrskap","12":"product_tag-modify-skap","13":"product_tag-skap-med-skjutdorrar","14":"product_tag-forvaringsskap","16":"first","17":"instock","18":"taxable","19":"shipping-taxable","20":"purchasable","21":"product-type-variable"},"yoast_head":"<!-- This site is optimized with the Yoast SEO plugin v27.0 - https:\/\/yoast.com\/product\/yoast-seo-wordpress\/ -->\n<title>Skjutd\u00f6rrsk\u00e5p 120x40x72cm - Urban oak stomme\/urban oak d\u00f6rrar - Bjerring-Sales<\/title>\n<meta name=\"description\" content=\"Modify Skjutd\u00f6rrsk\u00e5p 120x40x72 cm med stomme och d\u00f6rrar i urban oak. F\u00f6rvaringssk\u00e5pet best\u00e4lls monterat eller omonterat med 5 olika val av underreden\" \/>\n<meta name=\"robots\" content=\"index, follow, max-snippet:-1, max-image-preview:large, max-video-preview:-1\" \/>\n<link rel=\"canonical\" href=\"https:\/\/shop.bjerring-sales.dk\/en\/product\/skjutdorrskap-120x40x72-urban-oak\/\" \/>\n<meta property=\"og:locale\" content=\"en_GB\" \/>\n<meta property=\"og:type\" content=\"article\" \/>\n<meta property=\"og:title\" content=\"Skjutd\u00f6rrsk\u00e5p 120x40x72 cm, stomme och d\u00f6rrar i urban oak \u2013 Modify\" \/>\n<meta property=\"og:description\" content=\"Modify Skjutd\u00f6rrsk\u00e5p 120x40x72 cm med stomme och d\u00f6rrar i urban oak. F\u00f6rvaringssk\u00e5pet best\u00e4lls monterat eller omonterat med 5 olika val av underreden\" \/>\n<meta property=\"og:url\" content=\"https:\/\/shop.bjerring-sales.dk\/en\/product\/skjutdorrskap-120x40x72-urban-oak\/\" \/>\n<meta property=\"og:site_name\" content=\"Bjerring-Sales\" \/>\n<meta property=\"article:modified_time\" content=\"2023-01-18T14:28:20+00:00\" \/>\n<meta property=\"og:image\" content=\"https:\/\/pule.se\/wp-content\/uploads\/2022\/09\/skjutdorrskap-skjutdorrskapurbanoakstommedorrar40.jpg\" \/>\n\t<meta property=\"og:image:width\" content=\"800\" \/>\n\t<meta property=\"og:image:height\" content=\"550\" \/>\n\t<meta property=\"og:image:type\" content=\"image\/jpeg\" \/>\n<meta name=\"twitter:card\" content=\"summary_large_image\" \/>\n<meta name=\"twitter:title\" content=\"Skjutd\u00f6rrsk\u00e5p 120x40x72 cm, stomme och d\u00f6rrar i urban oak \u2013 Modify\" \/>\n<meta name=\"twitter:description\" content=\"Modify Skjutd\u00f6rrsk\u00e5p 120x40x72 cm med stomme och d\u00f6rrar i urban oak. F\u00f6rvaringssk\u00e5pet best\u00e4lls monterat eller omonterat med 5 olika val av underreden\" \/>\n<meta name=\"twitter:image\" content=\"https:\/\/shop.bjerring-sales.dk\/wp-content\/uploads\/2022\/09\/skjutdorrskap-skjutdorrskapurbanoakstommedorrar40.jpg\" \/>\n<meta name=\"twitter:label1\" content=\"Estimated reading time\" \/>\n\t<meta name=\"twitter:data1\" content=\"3 minutes\" \/>\n<script type=\"application\/ld+json\" class=\"yoast-schema-graph\">{\"@context\":\"https:\/\/schema.org\",\"@graph\":[{\"@type\":\"WebPage\",\"@id\":\"https:\/\/shop.bjerring-sales.dk\/sv\/produkt\/skjutdorrskap-120x40x72-urban-oak\/\",\"url\":\"https:\/\/shop.bjerring-sales.dk\/sv\/produkt\/skjutdorrskap-120x40x72-urban-oak\/\",\"name\":\"Skjutd\u00f6rrsk\u00e5p 120x40x72cm - Urban oak stomme\/urban oak d\u00f6rrar - Bjerring-Sales\",\"isPartOf\":{\"@id\":\"https:\/\/shop.bjerring-sales.dk\/#website\"},\"primaryImageOfPage\":{\"@id\":\"https:\/\/shop.bjerring-sales.dk\/sv\/produkt\/skjutdorrskap-120x40x72-urban-oak\/#primaryimage\"},\"image\":{\"@id\":\"https:\/\/shop.bjerring-sales.dk\/sv\/produkt\/skjutdorrskap-120x40x72-urban-oak\/#primaryimage\"},\"thumbnailUrl\":\"https:\/\/shop.bjerring-sales.dk\/wp-content\/uploads\/2022\/09\/C2S120-WhiteMetal-WoodCorpus-WoodDoors-WhiteHandles.jpg\",\"datePublished\":\"2022-09-20T13:06:09+00:00\",\"dateModified\":\"2023-01-18T14:28:20+00:00\",\"description\":\"Modify Skjutd\u00f6rrsk\u00e5p 120x40x72 cm med stomme och d\u00f6rrar i urban oak. F\u00f6rvaringssk\u00e5pet best\u00e4lls monterat eller omonterat med 5 olika val av underreden\",\"breadcrumb\":{\"@id\":\"https:\/\/shop.bjerring-sales.dk\/sv\/produkt\/skjutdorrskap-120x40x72-urban-oak\/#breadcrumb\"},\"inLanguage\":\"en-GB\",\"potentialAction\":[{\"@type\":\"ReadAction\",\"target\":[\"https:\/\/shop.bjerring-sales.dk\/sv\/produkt\/skjutdorrskap-120x40x72-urban-oak\/\"]}]},{\"@type\":\"ImageObject\",\"inLanguage\":\"en-GB\",\"@id\":\"https:\/\/shop.bjerring-sales.dk\/sv\/produkt\/skjutdorrskap-120x40x72-urban-oak\/#primaryimage\",\"url\":\"https:\/\/shop.bjerring-sales.dk\/wp-content\/uploads\/2022\/09\/C2S120-WhiteMetal-WoodCorpus-WoodDoors-WhiteHandles.jpg\",\"contentUrl\":\"https:\/\/shop.bjerring-sales.dk\/wp-content\/uploads\/2022\/09\/C2S120-WhiteMetal-WoodCorpus-WoodDoors-WhiteHandles.jpg\",\"width\":800,\"height\":800},{\"@type\":\"BreadcrumbList\",\"@id\":\"https:\/\/shop.bjerring-sales.dk\/sv\/produkt\/skjutdorrskap-120x40x72-urban-oak\/#breadcrumb\",\"itemListElement\":[{\"@type\":\"ListItem\",\"position\":1,\"name\":\"Hem\",\"item\":\"https:\/\/shop.bjerring-sales.dk\/\"},{\"@type\":\"ListItem\",\"position\":2,\"name\":\"Webbutik\",\"item\":\"https:\/\/shop.bjerring-sales.dk\/butik\/\"},{\"@type\":\"ListItem\",\"position\":3,\"name\":\"Skjutd\u00f6rrsk\u00e5p 120x40x72cm &#8211; Urban oak stomme\/urban oak d\u00f6rrar\"}]},{\"@type\":\"WebSite\",\"@id\":\"https:\/\/shop.bjerring-sales.dk\/#website\",\"url\":\"https:\/\/shop.bjerring-sales.dk\/\",\"name\":\"Bjerring-Sales\",\"description\":\"M\u00f6bler f\u00f6r teatrar, skolor, kontor och k\u00f6pcentrum\",\"publisher\":{\"@id\":\"https:\/\/shop.bjerring-sales.dk\/#organization\"},\"potentialAction\":[{\"@type\":\"SearchAction\",\"target\":{\"@type\":\"EntryPoint\",\"urlTemplate\":\"https:\/\/shop.bjerring-sales.dk\/?s={search_term_string}\"},\"query-input\":{\"@type\":\"PropertyValueSpecification\",\"valueRequired\":true,\"valueName\":\"search_term_string\"}}],\"inLanguage\":\"en-GB\"},{\"@type\":\"Organization\",\"@id\":\"https:\/\/shop.bjerring-sales.dk\/#organization\",\"name\":\"Bjerring-Sales\",\"url\":\"https:\/\/shop.bjerring-sales.dk\/\",\"logo\":{\"@type\":\"ImageObject\",\"inLanguage\":\"en-GB\",\"@id\":\"https:\/\/shop.bjerring-sales.dk\/#\/schema\/logo\/image\/\",\"url\":\"https:\/\/shop.bjerring-sales.dk\/wp-content\/uploads\/2023\/01\/logo_sv.png\",\"contentUrl\":\"https:\/\/shop.bjerring-sales.dk\/wp-content\/uploads\/2023\/01\/logo_sv.png\",\"width\":195,\"height\":68,\"caption\":\"Bjerring-Sales\"},\"image\":{\"@id\":\"https:\/\/shop.bjerring-sales.dk\/#\/schema\/logo\/image\/\"}}]}<\/script>\n<!-- \/ Yoast SEO plugin. -->","yoast_head_json":{"title":"Skjutd\u00f6rrsk\u00e5p 120x40x72cm - Urban oak stomme\/urban oak d\u00f6rrar - Bjerring-Sales","description":"Modify Skjutd\u00f6rrsk\u00e5p 120x40x72 cm med stomme och d\u00f6rrar i urban oak. F\u00f6rvaringssk\u00e5pet best\u00e4lls monterat eller omonterat med 5 olika val av underreden","robots":{"index":"index","follow":"follow","max-snippet":"max-snippet:-1","max-image-preview":"max-image-preview:large","max-video-preview":"max-video-preview:-1"},"canonical":"https:\/\/shop.bjerring-sales.dk\/en\/product\/skjutdorrskap-120x40x72-urban-oak\/","og_locale":"en_GB","og_type":"article","og_title":"Skjutd\u00f6rrsk\u00e5p 120x40x72 cm, stomme och d\u00f6rrar i urban oak \u2013 Modify","og_description":"Modify Skjutd\u00f6rrsk\u00e5p 120x40x72 cm med stomme och d\u00f6rrar i urban oak. F\u00f6rvaringssk\u00e5pet best\u00e4lls monterat eller omonterat med 5 olika val av underreden","og_url":"https:\/\/shop.bjerring-sales.dk\/en\/product\/skjutdorrskap-120x40x72-urban-oak\/","og_site_name":"Bjerring-Sales","article_modified_time":"2023-01-18T14:28:20+00:00","og_image":[{"width":800,"height":550,"url":"https:\/\/pule.se\/wp-content\/uploads\/2022\/09\/skjutdorrskap-skjutdorrskapurbanoakstommedorrar40.jpg","type":"image\/jpeg"}],"twitter_card":"summary_large_image","twitter_title":"Skjutd\u00f6rrsk\u00e5p 120x40x72 cm, stomme och d\u00f6rrar i urban oak \u2013 Modify","twitter_description":"Modify Skjutd\u00f6rrsk\u00e5p 120x40x72 cm med stomme och d\u00f6rrar i urban oak. F\u00f6rvaringssk\u00e5pet best\u00e4lls monterat eller omonterat med 5 olika val av underreden","twitter_image":"https:\/\/shop.bjerring-sales.dk\/wp-content\/uploads\/2022\/09\/skjutdorrskap-skjutdorrskapurbanoakstommedorrar40.jpg","twitter_misc":{"Estimated reading time":"3 minutes"},"schema":{"@context":"https:\/\/schema.org","@graph":[{"@type":"WebPage","@id":"https:\/\/shop.bjerring-sales.dk\/sv\/produkt\/skjutdorrskap-120x40x72-urban-oak\/","url":"https:\/\/shop.bjerring-sales.dk\/sv\/produkt\/skjutdorrskap-120x40x72-urban-oak\/","name":"Skjutd\u00f6rrsk\u00e5p 120x40x72cm - Urban oak stomme\/urban oak d\u00f6rrar - Bjerring-Sales","isPartOf":{"@id":"https:\/\/shop.bjerring-sales.dk\/#website"},"primaryImageOfPage":{"@id":"https:\/\/shop.bjerring-sales.dk\/sv\/produkt\/skjutdorrskap-120x40x72-urban-oak\/#primaryimage"},"image":{"@id":"https:\/\/shop.bjerring-sales.dk\/sv\/produkt\/skjutdorrskap-120x40x72-urban-oak\/#primaryimage"},"thumbnailUrl":"https:\/\/shop.bjerring-sales.dk\/wp-content\/uploads\/2022\/09\/C2S120-WhiteMetal-WoodCorpus-WoodDoors-WhiteHandles.jpg","datePublished":"2022-09-20T13:06:09+00:00","dateModified":"2023-01-18T14:28:20+00:00","description":"Modify Skjutd\u00f6rrsk\u00e5p 120x40x72 cm med stomme och d\u00f6rrar i urban oak. F\u00f6rvaringssk\u00e5pet best\u00e4lls monterat eller omonterat med 5 olika val av underreden","breadcrumb":{"@id":"https:\/\/shop.bjerring-sales.dk\/sv\/produkt\/skjutdorrskap-120x40x72-urban-oak\/#breadcrumb"},"inLanguage":"en-GB","potentialAction":[{"@type":"ReadAction","target":["https:\/\/shop.bjerring-sales.dk\/sv\/produkt\/skjutdorrskap-120x40x72-urban-oak\/"]}]},{"@type":"ImageObject","inLanguage":"en-GB","@id":"https:\/\/shop.bjerring-sales.dk\/sv\/produkt\/skjutdorrskap-120x40x72-urban-oak\/#primaryimage","url":"https:\/\/shop.bjerring-sales.dk\/wp-content\/uploads\/2022\/09\/C2S120-WhiteMetal-WoodCorpus-WoodDoors-WhiteHandles.jpg","contentUrl":"https:\/\/shop.bjerring-sales.dk\/wp-content\/uploads\/2022\/09\/C2S120-WhiteMetal-WoodCorpus-WoodDoors-WhiteHandles.jpg","width":800,"height":800},{"@type":"BreadcrumbList","@id":"https:\/\/shop.bjerring-sales.dk\/sv\/produkt\/skjutdorrskap-120x40x72-urban-oak\/#breadcrumb","itemListElement":[{"@type":"ListItem","position":1,"name":"Hem","item":"https:\/\/shop.bjerring-sales.dk\/"},{"@type":"ListItem","position":2,"name":"Webbutik","item":"https:\/\/shop.bjerring-sales.dk\/butik\/"},{"@type":"ListItem","position":3,"name":"Skjutd\u00f6rrsk\u00e5p 120x40x72cm &#8211; Urban oak stomme\/urban oak d\u00f6rrar"}]},{"@type":"WebSite","@id":"https:\/\/shop.bjerring-sales.dk\/#website","url":"https:\/\/shop.bjerring-sales.dk\/","name":"Bjerring Sales","description":"Furniture for theatres, schools, offices and shopping centres","publisher":{"@id":"https:\/\/shop.bjerring-sales.dk\/#organization"},"potentialAction":[{"@type":"SearchAction","target":{"@type":"EntryPoint","urlTemplate":"https:\/\/shop.bjerring-sales.dk\/?s={search_term_string}"},"query-input":{"@type":"PropertyValueSpecification","valueRequired":true,"valueName":"search_term_string"}}],"inLanguage":"en-GB"},{"@type":"Organization","@id":"https:\/\/shop.bjerring-sales.dk\/#organization","name":"Bjerring Sales","url":"https:\/\/shop.bjerring-sales.dk\/","logo":{"@type":"ImageObject","inLanguage":"en-GB","@id":"https:\/\/shop.bjerring-sales.dk\/#\/schema\/logo\/image\/","url":"https:\/\/shop.bjerring-sales.dk\/wp-content\/uploads\/2023\/01\/logo_sv.png","contentUrl":"https:\/\/shop.bjerring-sales.dk\/wp-content\/uploads\/2023\/01\/logo_sv.png","width":195,"height":68,"caption":"Bjerring-Sales"},"image":{"@id":"https:\/\/shop.bjerring-sales.dk\/#\/schema\/logo\/image\/"}}]}},"_links":{"self":[{"href":"https:\/\/shop.bjerring-sales.dk\/en\/wp-json\/wp\/v2\/product\/84564","targetHints":{"allow":["GET"]}}],"collection":[{"href":"https:\/\/shop.bjerring-sales.dk\/en\/wp-json\/wp\/v2\/product"}],"about":[{"href":"https:\/\/shop.bjerring-sales.dk\/en\/wp-json\/wp\/v2\/types\/product"}],"wp:featuredmedia":[{"embeddable":true,"href":"https:\/\/shop.bjerring-sales.dk\/en\/wp-json\/wp\/v2\/media\/85723"}],"wp:attachment":[{"href":"https:\/\/shop.bjerring-sales.dk\/en\/wp-json\/wp\/v2\/media?parent=84564"}],"wp:term":[{"taxonomy":"product_brand","embeddable":true,"href":"https:\/\/shop.bjerring-sales.dk\/en\/wp-json\/wp\/v2\/product_brand?post=84564"},{"taxonomy":"product_cat","embeddable":true,"href":"https:\/\/shop.bjerring-sales.dk\/en\/wp-json\/wp\/v2\/product_cat?post=84564"},{"taxonomy":"product_tag","embeddable":true,"href":"https:\/\/shop.bjerring-sales.dk\/en\/wp-json\/wp\/v2\/product_tag?post=84564"}],"curies":[{"name":"wp","href":"https:\/\/api.w.org\/{rel}","templated":true}]}}