{"id":76982,"date":"2022-09-01T16:41:18","date_gmt":"2022-09-01T14:41:18","guid":{"rendered":"https:\/\/pule.se\/?post_type=product&#038;p=76982"},"modified":"2023-01-18T15:42:44","modified_gmt":"2023-01-18T14:42:44","slug":"skjutdorrskap-80x40x72-urban-oak-stomme-gra-dorrar","status":"publish","type":"product","link":"https:\/\/shop.bjerring-sales.dk\/en\/product\/skjutdorrskap-80x40x72-urban-oak-stomme-gra-dorrar\/","title":{"rendered":"Sliding door cabinet 80x40x72cm - Urban oak frame\/grey doors"},"content":{"rendered":"<div class=\"wpb-content-wrapper\"><div class=\"vc_row wpb_row vc_row-fluid\"><div class=\"wpb_column vc_column_container vc_col-sm-12\"><div class=\"vc_column-inner\"><div class=\"wpb_wrapper\">\n\t<div class=\"wpb_text_column wpb_content_element\" >\n\t\t<div class=\"wpb_wrapper\">\n\t\t\t<p><span style=\"font-size: 24pt\">Sliding door cabinet 80x40x72 cm, urban oak frame with gray doors - Modify<br \/>\n<\/span>Cabinets with sliding doors in the Modify series are designed for customers who want many choices. We offer 4 different sizes of cabinets with sliding doors with 5 different choices of chassis: frame without chassis, plinth, plastic feet, steel legs or wheels. The different choices of chassis are available in different colors. Also choose the color of the handle to create a variety of options.<\/p>\n\n\t\t<\/div>\n\t<\/div>\n<\/div><\/div><\/div><\/div><div class=\"vc_row wpb_row vc_row-fluid\"><div class=\"wpb_column vc_column_container vc_col-sm-12\"><div class=\"vc_column-inner\"><div class=\"wpb_wrapper\"><div class=\"vc_separator wpb_content_element vc_separator_align_center vc_sep_width_100 vc_sep_pos_align_center vc_separator_no_text vc_sep_color_grey\" ><span class=\"vc_sep_holder vc_sep_holder_l\"><span class=\"vc_sep_line\"><\/span><\/span><span class=\"vc_sep_holder vc_sep_holder_r\"><span class=\"vc_sep_line\"><\/span><\/span>\n<\/div><\/div><\/div><\/div><\/div><div class=\"vc_row wpb_row vc_row-fluid\"><div class=\"wpb_column vc_column_container vc_col-sm-7\"><div class=\"vc_column-inner\"><div class=\"wpb_wrapper\">\n\t<div class=\"wpb_text_column wpb_content_element\" >\n\t\t<div class=\"wpb_wrapper\">\n\t\t\t<p><span style=\"font-size: 18pt\">Colors<br \/>\n<\/span>Cabinets with sliding doors are available as stock in white, gray and urban oak with different choices and colors for the base and handles. Currently we can arrange special orders with other color combinations with a 3-5 week delivery time.<\/p>\n<p><span style=\"font-size: 18pt\"><img loading=\"lazy\" decoding=\"async\" class=\"alignnone size-full wp-image-90450\" src=\"https:\/\/shop.bjerring-sales.dk\/wp-content\/uploads\/2022\/09\/skjutdorrskap-urbanoakgradorrar10.jpg\" alt=\"\" width=\"800\" height=\"550\" srcset=\"https:\/\/shop.bjerring-sales.dk\/wp-content\/uploads\/2022\/09\/skjutdorrskap-urbanoakgradorrar10.jpg 800w, https:\/\/shop.bjerring-sales.dk\/wp-content\/uploads\/2022\/09\/skjutdorrskap-urbanoakgradorrar10-150x103.jpg 150w, https:\/\/shop.bjerring-sales.dk\/wp-content\/uploads\/2022\/09\/skjutdorrskap-urbanoakgradorrar10-600x413.jpg 600w, https:\/\/shop.bjerring-sales.dk\/wp-content\/uploads\/2022\/09\/skjutdorrskap-urbanoakgradorrar10-300x206.jpg 300w, https:\/\/shop.bjerring-sales.dk\/wp-content\/uploads\/2022\/09\/skjutdorrskap-urbanoakgradorrar10-768x528.jpg 768w\" sizes=\"auto, (max-width: 800px) 100vw, 800px\" \/><\/span><\/p>\n<p><span style=\"font-size: 18pt\">Areas of use<br \/>\n<\/span>Cabinets with sliding doors are a natural element in the office and in the open office landscape. Hide chargers and post-it notes, documents and private items so that the desk stays clean and tidy. There are smart options for document management so that the structure is even better.<\/p>\n<p><span style=\"font-size: 18pt\">Material - Cabinet<br \/>\n<\/span><\/p>\n<ul>\n<li>The back of the sliding door cabinet is made of an 18 mm melamine-coated chipboard.<\/li>\n<li>Walls, top \/ bottom, shelves and doors are made of 18 mm melamine-coated chipboard with 1 mm ABS edging.<\/li>\n<li>The sliding doors are made of 18 mm melamine-coated chipboard with 1 mm ABS edge with plastic runners.<\/li>\n<li>The shelves have a load capacity of 25 kg.<\/li>\n<\/ul>\n\n\t\t<\/div>\n\t<\/div>\n<\/div><\/div><\/div><div class=\"wpb_column vc_column_container vc_col-sm-5\"><div class=\"vc_column-inner vc_custom_1524613512965\"><div class=\"wpb_wrapper\">\n\t<div class=\"wpb_text_column wpb_content_element\" >\n\t\t<div class=\"wpb_wrapper\">\n\t\t\t<p><span style=\"font-size: 18pt\">Measure<br \/>\n<\/span>Modify cabinet with sliding doors 80x40x72 cm<\/p>\n<p><span style=\"font-size: 18pt\"><img loading=\"lazy\" decoding=\"async\" class=\"alignnone size-full wp-image-90452\" src=\"https:\/\/shop.bjerring-sales.dk\/wp-content\/uploads\/2022\/09\/skjutdorrskap-urbanoakgradorrar12.jpg\" alt=\"\" width=\"991\" height=\"182\" srcset=\"https:\/\/shop.bjerring-sales.dk\/wp-content\/uploads\/2022\/09\/skjutdorrskap-urbanoakgradorrar12.jpg 991w, https:\/\/shop.bjerring-sales.dk\/wp-content\/uploads\/2022\/09\/skjutdorrskap-urbanoakgradorrar12-150x28.jpg 150w, https:\/\/shop.bjerring-sales.dk\/wp-content\/uploads\/2022\/09\/skjutdorrskap-urbanoakgradorrar12-600x110.jpg 600w, https:\/\/shop.bjerring-sales.dk\/wp-content\/uploads\/2022\/09\/skjutdorrskap-urbanoakgradorrar12-300x55.jpg 300w, https:\/\/shop.bjerring-sales.dk\/wp-content\/uploads\/2022\/09\/skjutdorrskap-urbanoakgradorrar12-768x141.jpg 768w\" sizes=\"auto, (max-width: 991px) 100vw, 991px\" \/>Material - Handle &amp; chassis<\/span><\/p>\n<ul>\n<li>The sliding door cabinet has recessed handles (145x42x15 mm) which are made of aluminum and then powder coated in white, silver gray or black.<\/li>\n<li>The metal feet are 80 mm high and made with 20 \u00d7 20 mm metal pipes. The metal feet are powder coated and have integrated plastic legs with height adjustment +10 mm.<\/li>\n<li>The plastic feet are 17 mm high and can be height-adjusted +10 mm. Available in black as standard.<\/li>\n<li>The wheels are \u00d880 mm and have a load capacity of 100 kg \/ wheel. Two of four wheels have stop brakes.<\/li>\n<\/ul>\n<p><span style=\"font-size: 18pt\">Guarantee<br \/>\n<\/span>5 years<\/p>\n<p><img loading=\"lazy\" decoding=\"async\" class=\"alignnone size-full wp-image-90451\" src=\"https:\/\/shop.bjerring-sales.dk\/wp-content\/uploads\/2022\/09\/skjutdorrskap-urbanoakgradorrar11.jpg\" alt=\"\" width=\"800\" height=\"400\" srcset=\"https:\/\/shop.bjerring-sales.dk\/wp-content\/uploads\/2022\/09\/skjutdorrskap-urbanoakgradorrar11.jpg 800w, https:\/\/shop.bjerring-sales.dk\/wp-content\/uploads\/2022\/09\/skjutdorrskap-urbanoakgradorrar11-150x75.jpg 150w, https:\/\/shop.bjerring-sales.dk\/wp-content\/uploads\/2022\/09\/skjutdorrskap-urbanoakgradorrar11-600x300.jpg 600w, https:\/\/shop.bjerring-sales.dk\/wp-content\/uploads\/2022\/09\/skjutdorrskap-urbanoakgradorrar11-300x150.jpg 300w, https:\/\/shop.bjerring-sales.dk\/wp-content\/uploads\/2022\/09\/skjutdorrskap-urbanoakgradorrar11-768x384.jpg 768w\" sizes=\"auto, (max-width: 800px) 100vw, 800px\" \/><\/p>\n\n\t\t<\/div>\n\t<\/div>\n<\/div><\/div><\/div><\/div>\n<\/div>","protected":false},"excerpt":{"rendered":"<p>Cabinets with sliding doors in the Modify series are designed for customers who want many choices. We offer 4 different sizes of cabinets with sliding doors with 5 different choices of chassis: frame without chassis, plinth, plastic feet, steel legs or wheels. The different choices of chassis are available in different colors. Also choose the color of the handle to create a variety of options.<\/p>","protected":false},"featured_media":77256,"template":"","meta":{"iawp_total_views":0},"product_brand":[],"product_cat":[5854,6358,5858],"product_tag":[5807,6048,6050,6309,6310,6311],"class_list":{"0":"post-76982","1":"product","2":"type-product","3":"status-publish","4":"has-post-thumbnail","6":"product_cat-skap-skjutdorrar","7":"product_cat-modify","8":"product_cat-skjutdorrskap-80x72-cm","9":"product_tag-forvaring","10":"product_tag-skjutdorrskap","11":"product_tag-skap-med-skjutdorrar","12":"product_tag-modify","13":"product_tag-urban-oak-skap","14":"product_tag-skap-med-gra-dorrar","16":"first","17":"instock","18":"taxable","19":"shipping-taxable","20":"purchasable","21":"product-type-variable"},"yoast_head":"<!-- This site is optimized with the Yoast SEO plugin v27.0 - https:\/\/yoast.com\/product\/yoast-seo-wordpress\/ -->\n<title>Skjutd\u00f6rrsk\u00e5p 80x40x72cm - Urban oak stomme\/gr\u00e5 d\u00f6rrar - Bjerring-Sales<\/title>\n<meta name=\"description\" content=\"Sk\u00e5p med skjutd\u00f6rrar i Modify serien \u00e4r framtagna f\u00f6r kunder som vill ha m\u00e5nga valm\u00f6jligheter. Vi erbjuder 4 olika storlekar p\u00e5 sk\u00e5p med skjutd\u00f6rrar med 5 olika val av underreden: stomme utan underrede, sockel, plastf\u00f6tter, st\u00e5lben eller hjul.\" \/>\n<meta name=\"robots\" content=\"index, follow, max-snippet:-1, max-image-preview:large, max-video-preview:-1\" \/>\n<link rel=\"canonical\" href=\"https:\/\/shop.bjerring-sales.dk\/en\/product\/skjutdorrskap-80x40x72-urban-oak-stomme-gra-dorrar\/\" \/>\n<meta property=\"og:locale\" content=\"en_GB\" \/>\n<meta property=\"og:type\" content=\"article\" \/>\n<meta property=\"og:title\" content=\"Skjutd\u00f6rrsk\u00e5p 80x40x72 cm, urban oak stomme med gr\u00e5 d\u00f6rrar \u2013 Modify\" \/>\n<meta property=\"og:description\" content=\"Sk\u00e5p med skjutd\u00f6rrar i Modify serien \u00e4r framtagna f\u00f6r kunder som vill ha m\u00e5nga valm\u00f6jligheter. Vi erbjuder 4 olika storlekar p\u00e5 sk\u00e5p med skjutd\u00f6rrar med 5 olika val av underreden: stomme utan underrede, sockel, plastf\u00f6tter, st\u00e5lben eller hjul.\" \/>\n<meta property=\"og:url\" content=\"https:\/\/shop.bjerring-sales.dk\/en\/product\/skjutdorrskap-80x40x72-urban-oak-stomme-gra-dorrar\/\" \/>\n<meta property=\"og:site_name\" content=\"Bjerring-Sales\" \/>\n<meta property=\"article:modified_time\" content=\"2023-01-18T14:42:44+00:00\" \/>\n<meta property=\"og:image\" content=\"https:\/\/pule.se\/wp-content\/uploads\/2022\/09\/skjutdorrskap-urbanoakgradorrar10.jpg\" \/>\n\t<meta property=\"og:image:width\" content=\"800\" \/>\n\t<meta property=\"og:image:height\" content=\"550\" \/>\n\t<meta property=\"og:image:type\" content=\"image\/jpeg\" \/>\n<meta name=\"twitter:card\" content=\"summary_large_image\" \/>\n<meta name=\"twitter:title\" content=\"Skjutd\u00f6rrsk\u00e5p 80x40x72 cm, urban oak stomme med gr\u00e5 d\u00f6rrar \u2013 Modify\" \/>\n<meta name=\"twitter:description\" content=\"Sk\u00e5p med skjutd\u00f6rrar i Modify serien \u00e4r framtagna f\u00f6r kunder som vill ha m\u00e5nga valm\u00f6jligheter. Vi erbjuder 4 olika storlekar p\u00e5 sk\u00e5p med skjutd\u00f6rrar med 5 olika val av underreden: stomme utan underrede, sockel, plastf\u00f6tter, st\u00e5lben eller hjul.\" \/>\n<meta name=\"twitter:image\" content=\"https:\/\/shop.bjerring-sales.dk\/wp-content\/uploads\/2022\/09\/skjutdorrskap-urbanoakgradorrar10.jpg\" \/>\n<meta name=\"twitter:label1\" content=\"Estimated reading time\" \/>\n\t<meta name=\"twitter:data1\" content=\"3 minutes\" \/>\n<script type=\"application\/ld+json\" class=\"yoast-schema-graph\">{\"@context\":\"https:\/\/schema.org\",\"@graph\":[{\"@type\":\"WebPage\",\"@id\":\"https:\/\/shop.bjerring-sales.dk\/sv\/produkt\/skjutdorrskap-80x40x72-urban-oak-stomme-gra-dorrar\/\",\"url\":\"https:\/\/shop.bjerring-sales.dk\/sv\/produkt\/skjutdorrskap-80x40x72-urban-oak-stomme-gra-dorrar\/\",\"name\":\"Skjutd\u00f6rrsk\u00e5p 80x40x72cm - Urban oak stomme\/gr\u00e5 d\u00f6rrar - Bjerring-Sales\",\"isPartOf\":{\"@id\":\"https:\/\/shop.bjerring-sales.dk\/#website\"},\"primaryImageOfPage\":{\"@id\":\"https:\/\/shop.bjerring-sales.dk\/sv\/produkt\/skjutdorrskap-80x40x72-urban-oak-stomme-gra-dorrar\/#primaryimage\"},\"image\":{\"@id\":\"https:\/\/shop.bjerring-sales.dk\/sv\/produkt\/skjutdorrskap-80x40x72-urban-oak-stomme-gra-dorrar\/#primaryimage\"},\"thumbnailUrl\":\"https:\/\/shop.bjerring-sales.dk\/wp-content\/uploads\/2022\/09\/C2S080-WhiteMetal-WoodCorpus-GrayDoors.jpg\",\"datePublished\":\"2022-09-01T14:41:18+00:00\",\"dateModified\":\"2023-01-18T14:42:44+00:00\",\"description\":\"Sk\u00e5p med skjutd\u00f6rrar i Modify serien \u00e4r framtagna f\u00f6r kunder som vill ha m\u00e5nga valm\u00f6jligheter. Vi erbjuder 4 olika storlekar p\u00e5 sk\u00e5p med skjutd\u00f6rrar med 5 olika val av underreden: stomme utan underrede, sockel, plastf\u00f6tter, st\u00e5lben eller hjul.\",\"breadcrumb\":{\"@id\":\"https:\/\/shop.bjerring-sales.dk\/sv\/produkt\/skjutdorrskap-80x40x72-urban-oak-stomme-gra-dorrar\/#breadcrumb\"},\"inLanguage\":\"en-GB\",\"potentialAction\":[{\"@type\":\"ReadAction\",\"target\":[\"https:\/\/shop.bjerring-sales.dk\/sv\/produkt\/skjutdorrskap-80x40x72-urban-oak-stomme-gra-dorrar\/\"]}]},{\"@type\":\"ImageObject\",\"inLanguage\":\"en-GB\",\"@id\":\"https:\/\/shop.bjerring-sales.dk\/sv\/produkt\/skjutdorrskap-80x40x72-urban-oak-stomme-gra-dorrar\/#primaryimage\",\"url\":\"https:\/\/shop.bjerring-sales.dk\/wp-content\/uploads\/2022\/09\/C2S080-WhiteMetal-WoodCorpus-GrayDoors.jpg\",\"contentUrl\":\"https:\/\/shop.bjerring-sales.dk\/wp-content\/uploads\/2022\/09\/C2S080-WhiteMetal-WoodCorpus-GrayDoors.jpg\",\"width\":800,\"height\":800},{\"@type\":\"BreadcrumbList\",\"@id\":\"https:\/\/shop.bjerring-sales.dk\/sv\/produkt\/skjutdorrskap-80x40x72-urban-oak-stomme-gra-dorrar\/#breadcrumb\",\"itemListElement\":[{\"@type\":\"ListItem\",\"position\":1,\"name\":\"Hem\",\"item\":\"https:\/\/shop.bjerring-sales.dk\/\"},{\"@type\":\"ListItem\",\"position\":2,\"name\":\"Webbutik\",\"item\":\"https:\/\/shop.bjerring-sales.dk\/butik\/\"},{\"@type\":\"ListItem\",\"position\":3,\"name\":\"Skjutd\u00f6rrsk\u00e5p 80x40x72cm &#8211; Urban oak stomme\/gr\u00e5 d\u00f6rrar\"}]},{\"@type\":\"WebSite\",\"@id\":\"https:\/\/shop.bjerring-sales.dk\/#website\",\"url\":\"https:\/\/shop.bjerring-sales.dk\/\",\"name\":\"Bjerring-Sales\",\"description\":\"M\u00f6bler f\u00f6r teatrar, skolor, kontor och k\u00f6pcentrum\",\"publisher\":{\"@id\":\"https:\/\/shop.bjerring-sales.dk\/#organization\"},\"potentialAction\":[{\"@type\":\"SearchAction\",\"target\":{\"@type\":\"EntryPoint\",\"urlTemplate\":\"https:\/\/shop.bjerring-sales.dk\/?s={search_term_string}\"},\"query-input\":{\"@type\":\"PropertyValueSpecification\",\"valueRequired\":true,\"valueName\":\"search_term_string\"}}],\"inLanguage\":\"en-GB\"},{\"@type\":\"Organization\",\"@id\":\"https:\/\/shop.bjerring-sales.dk\/#organization\",\"name\":\"Bjerring-Sales\",\"url\":\"https:\/\/shop.bjerring-sales.dk\/\",\"logo\":{\"@type\":\"ImageObject\",\"inLanguage\":\"en-GB\",\"@id\":\"https:\/\/shop.bjerring-sales.dk\/#\/schema\/logo\/image\/\",\"url\":\"https:\/\/shop.bjerring-sales.dk\/wp-content\/uploads\/2023\/01\/logo_sv.png\",\"contentUrl\":\"https:\/\/shop.bjerring-sales.dk\/wp-content\/uploads\/2023\/01\/logo_sv.png\",\"width\":195,\"height\":68,\"caption\":\"Bjerring-Sales\"},\"image\":{\"@id\":\"https:\/\/shop.bjerring-sales.dk\/#\/schema\/logo\/image\/\"}}]}<\/script>\n<!-- \/ Yoast SEO plugin. -->","yoast_head_json":{"title":"Skjutd\u00f6rrsk\u00e5p 80x40x72cm - Urban oak stomme\/gr\u00e5 d\u00f6rrar - Bjerring-Sales","description":"Sk\u00e5p med skjutd\u00f6rrar i Modify serien \u00e4r framtagna f\u00f6r kunder som vill ha m\u00e5nga valm\u00f6jligheter. Vi erbjuder 4 olika storlekar p\u00e5 sk\u00e5p med skjutd\u00f6rrar med 5 olika val av underreden: stomme utan underrede, sockel, plastf\u00f6tter, st\u00e5lben eller hjul.","robots":{"index":"index","follow":"follow","max-snippet":"max-snippet:-1","max-image-preview":"max-image-preview:large","max-video-preview":"max-video-preview:-1"},"canonical":"https:\/\/shop.bjerring-sales.dk\/en\/product\/skjutdorrskap-80x40x72-urban-oak-stomme-gra-dorrar\/","og_locale":"en_GB","og_type":"article","og_title":"Skjutd\u00f6rrsk\u00e5p 80x40x72 cm, urban oak stomme med gr\u00e5 d\u00f6rrar \u2013 Modify","og_description":"Sk\u00e5p med skjutd\u00f6rrar i Modify serien \u00e4r framtagna f\u00f6r kunder som vill ha m\u00e5nga valm\u00f6jligheter. Vi erbjuder 4 olika storlekar p\u00e5 sk\u00e5p med skjutd\u00f6rrar med 5 olika val av underreden: stomme utan underrede, sockel, plastf\u00f6tter, st\u00e5lben eller hjul.","og_url":"https:\/\/shop.bjerring-sales.dk\/en\/product\/skjutdorrskap-80x40x72-urban-oak-stomme-gra-dorrar\/","og_site_name":"Bjerring-Sales","article_modified_time":"2023-01-18T14:42:44+00:00","og_image":[{"width":800,"height":550,"url":"https:\/\/pule.se\/wp-content\/uploads\/2022\/09\/skjutdorrskap-urbanoakgradorrar10.jpg","type":"image\/jpeg"}],"twitter_card":"summary_large_image","twitter_title":"Skjutd\u00f6rrsk\u00e5p 80x40x72 cm, urban oak stomme med gr\u00e5 d\u00f6rrar \u2013 Modify","twitter_description":"Sk\u00e5p med skjutd\u00f6rrar i Modify serien \u00e4r framtagna f\u00f6r kunder som vill ha m\u00e5nga valm\u00f6jligheter. Vi erbjuder 4 olika storlekar p\u00e5 sk\u00e5p med skjutd\u00f6rrar med 5 olika val av underreden: stomme utan underrede, sockel, plastf\u00f6tter, st\u00e5lben eller hjul.","twitter_image":"https:\/\/shop.bjerring-sales.dk\/wp-content\/uploads\/2022\/09\/skjutdorrskap-urbanoakgradorrar10.jpg","twitter_misc":{"Estimated reading time":"3 minutes"},"schema":{"@context":"https:\/\/schema.org","@graph":[{"@type":"WebPage","@id":"https:\/\/shop.bjerring-sales.dk\/sv\/produkt\/skjutdorrskap-80x40x72-urban-oak-stomme-gra-dorrar\/","url":"https:\/\/shop.bjerring-sales.dk\/sv\/produkt\/skjutdorrskap-80x40x72-urban-oak-stomme-gra-dorrar\/","name":"Skjutd\u00f6rrsk\u00e5p 80x40x72cm - Urban oak stomme\/gr\u00e5 d\u00f6rrar - Bjerring-Sales","isPartOf":{"@id":"https:\/\/shop.bjerring-sales.dk\/#website"},"primaryImageOfPage":{"@id":"https:\/\/shop.bjerring-sales.dk\/sv\/produkt\/skjutdorrskap-80x40x72-urban-oak-stomme-gra-dorrar\/#primaryimage"},"image":{"@id":"https:\/\/shop.bjerring-sales.dk\/sv\/produkt\/skjutdorrskap-80x40x72-urban-oak-stomme-gra-dorrar\/#primaryimage"},"thumbnailUrl":"https:\/\/shop.bjerring-sales.dk\/wp-content\/uploads\/2022\/09\/C2S080-WhiteMetal-WoodCorpus-GrayDoors.jpg","datePublished":"2022-09-01T14:41:18+00:00","dateModified":"2023-01-18T14:42:44+00:00","description":"Sk\u00e5p med skjutd\u00f6rrar i Modify serien \u00e4r framtagna f\u00f6r kunder som vill ha m\u00e5nga valm\u00f6jligheter. Vi erbjuder 4 olika storlekar p\u00e5 sk\u00e5p med skjutd\u00f6rrar med 5 olika val av underreden: stomme utan underrede, sockel, plastf\u00f6tter, st\u00e5lben eller hjul.","breadcrumb":{"@id":"https:\/\/shop.bjerring-sales.dk\/sv\/produkt\/skjutdorrskap-80x40x72-urban-oak-stomme-gra-dorrar\/#breadcrumb"},"inLanguage":"en-GB","potentialAction":[{"@type":"ReadAction","target":["https:\/\/shop.bjerring-sales.dk\/sv\/produkt\/skjutdorrskap-80x40x72-urban-oak-stomme-gra-dorrar\/"]}]},{"@type":"ImageObject","inLanguage":"en-GB","@id":"https:\/\/shop.bjerring-sales.dk\/sv\/produkt\/skjutdorrskap-80x40x72-urban-oak-stomme-gra-dorrar\/#primaryimage","url":"https:\/\/shop.bjerring-sales.dk\/wp-content\/uploads\/2022\/09\/C2S080-WhiteMetal-WoodCorpus-GrayDoors.jpg","contentUrl":"https:\/\/shop.bjerring-sales.dk\/wp-content\/uploads\/2022\/09\/C2S080-WhiteMetal-WoodCorpus-GrayDoors.jpg","width":800,"height":800},{"@type":"BreadcrumbList","@id":"https:\/\/shop.bjerring-sales.dk\/sv\/produkt\/skjutdorrskap-80x40x72-urban-oak-stomme-gra-dorrar\/#breadcrumb","itemListElement":[{"@type":"ListItem","position":1,"name":"Hem","item":"https:\/\/shop.bjerring-sales.dk\/"},{"@type":"ListItem","position":2,"name":"Webbutik","item":"https:\/\/shop.bjerring-sales.dk\/butik\/"},{"@type":"ListItem","position":3,"name":"Skjutd\u00f6rrsk\u00e5p 80x40x72cm &#8211; Urban oak stomme\/gr\u00e5 d\u00f6rrar"}]},{"@type":"WebSite","@id":"https:\/\/shop.bjerring-sales.dk\/#website","url":"https:\/\/shop.bjerring-sales.dk\/","name":"Bjerring Sales","description":"Furniture for theatres, schools, offices and shopping centres","publisher":{"@id":"https:\/\/shop.bjerring-sales.dk\/#organization"},"potentialAction":[{"@type":"SearchAction","target":{"@type":"EntryPoint","urlTemplate":"https:\/\/shop.bjerring-sales.dk\/?s={search_term_string}"},"query-input":{"@type":"PropertyValueSpecification","valueRequired":true,"valueName":"search_term_string"}}],"inLanguage":"en-GB"},{"@type":"Organization","@id":"https:\/\/shop.bjerring-sales.dk\/#organization","name":"Bjerring Sales","url":"https:\/\/shop.bjerring-sales.dk\/","logo":{"@type":"ImageObject","inLanguage":"en-GB","@id":"https:\/\/shop.bjerring-sales.dk\/#\/schema\/logo\/image\/","url":"https:\/\/shop.bjerring-sales.dk\/wp-content\/uploads\/2023\/01\/logo_sv.png","contentUrl":"https:\/\/shop.bjerring-sales.dk\/wp-content\/uploads\/2023\/01\/logo_sv.png","width":195,"height":68,"caption":"Bjerring-Sales"},"image":{"@id":"https:\/\/shop.bjerring-sales.dk\/#\/schema\/logo\/image\/"}}]}},"_links":{"self":[{"href":"https:\/\/shop.bjerring-sales.dk\/en\/wp-json\/wp\/v2\/product\/76982","targetHints":{"allow":["GET"]}}],"collection":[{"href":"https:\/\/shop.bjerring-sales.dk\/en\/wp-json\/wp\/v2\/product"}],"about":[{"href":"https:\/\/shop.bjerring-sales.dk\/en\/wp-json\/wp\/v2\/types\/product"}],"wp:featuredmedia":[{"embeddable":true,"href":"https:\/\/shop.bjerring-sales.dk\/en\/wp-json\/wp\/v2\/media\/77256"}],"wp:attachment":[{"href":"https:\/\/shop.bjerring-sales.dk\/en\/wp-json\/wp\/v2\/media?parent=76982"}],"wp:term":[{"taxonomy":"product_brand","embeddable":true,"href":"https:\/\/shop.bjerring-sales.dk\/en\/wp-json\/wp\/v2\/product_brand?post=76982"},{"taxonomy":"product_cat","embeddable":true,"href":"https:\/\/shop.bjerring-sales.dk\/en\/wp-json\/wp\/v2\/product_cat?post=76982"},{"taxonomy":"product_tag","embeddable":true,"href":"https:\/\/shop.bjerring-sales.dk\/en\/wp-json\/wp\/v2\/product_tag?post=76982"}],"curies":[{"name":"wp","href":"https:\/\/api.w.org\/{rel}","templated":true}]}}