{"id":76204,"date":"2022-08-24T11:58:32","date_gmt":"2022-08-24T09:58:32","guid":{"rendered":"https:\/\/pule.se\/?post_type=product&#038;p=76204"},"modified":"2026-03-26T08:09:23","modified_gmt":"2026-03-26T07:09:23","slug":"premium-stativ","status":"publish","type":"product","link":"https:\/\/shop.bjerring-sales.dk\/en\/product\/premium-stativ\/","title":{"rendered":"Premium \u2013 height-adjustable stands with 2 motors"},"content":{"rendered":"<div class=\"wpb-content-wrapper\"><div class=\"vc_row wpb_row vc_row-fluid\"><div class=\"wpb_column vc_column_container vc_col-sm-12\"><div class=\"vc_column-inner\"><div class=\"wpb_wrapper\">\n\t<div class=\"wpb_text_column wpb_content_element\" >\n\t\t<div class=\"wpb_wrapper\">\n\t\t\t<p><span style=\"font-size: 24pt\">Up &amp; Down Premium \u2013 Raise &amp; lower stand with dual motors<br \/>\n<\/span>The up and down stand Up &amp; Down Premium is a table stand that is powered by 2 motors. The stand is part of the table series Up &amp; Down which consists of the tables Eco and Zero with crank, One and Easy with 1 motor and Two and Premium which are powered by double motors. Thanks to its dual motors, the tripod efficiently oscillates between low and high positions at 4 cm\/s. An ergonomic and varied working position is healthy for both body and mind.<\/p>\n\n\t\t<\/div>\n\t<\/div>\n<\/div><\/div><\/div><\/div><div class=\"vc_row wpb_row vc_row-fluid\"><div class=\"wpb_column vc_column_container vc_col-sm-4\"><div class=\"vc_column-inner\"><div class=\"wpb_wrapper\">\n\t<div  class=\"wpb_single_image wpb_content_element vc_align_center\">\n\t\t\n\t\t<figure class=\"wpb_wrapper vc_figure\">\n\t\t\t<div class=\"vc_single_image-wrapper vc_box_shadow_border  vc_box_border_grey\"><img loading=\"lazy\" decoding=\"async\" width=\"800\" height=\"550\" src=\"https:\/\/shop.bjerring-sales.dk\/wp-content\/uploads\/2022\/08\/x12.jpg.pagespeed.ic_.aphe8f71pa.webp\" class=\"vc_single_image-img attachment-full\" alt=\"\" title=\"x12.jpg.pagespeed.ic.aphe8f71pa\" srcset=\"https:\/\/shop.bjerring-sales.dk\/wp-content\/uploads\/2022\/08\/x12.jpg.pagespeed.ic_.aphe8f71pa.webp 800w, https:\/\/shop.bjerring-sales.dk\/wp-content\/uploads\/2022\/08\/x12.jpg.pagespeed.ic_.aphe8f71pa-300x206.webp 300w, https:\/\/shop.bjerring-sales.dk\/wp-content\/uploads\/2022\/08\/x12.jpg.pagespeed.ic_.aphe8f71pa-768x528.webp 768w, https:\/\/shop.bjerring-sales.dk\/wp-content\/uploads\/2022\/08\/x12.jpg.pagespeed.ic_.aphe8f71pa-18x12.webp 18w, https:\/\/shop.bjerring-sales.dk\/wp-content\/uploads\/2022\/08\/x12.jpg.pagespeed.ic_.aphe8f71pa-600x413.webp 600w, https:\/\/shop.bjerring-sales.dk\/wp-content\/uploads\/2022\/08\/x12.jpg.pagespeed.ic_.aphe8f71pa-150x103.webp 150w\" sizes=\"auto, (max-width: 800px) 100vw, 800px\" \/><\/div>\n\t\t<\/figure>\n\t<\/div>\n<\/div><\/div><\/div><div class=\"wpb_column vc_column_container vc_col-sm-4\"><div class=\"vc_column-inner\"><div class=\"wpb_wrapper\">\n\t<div  class=\"wpb_single_image wpb_content_element vc_align_center\">\n\t\t\n\t\t<figure class=\"wpb_wrapper vc_figure\">\n\t\t\t<div class=\"vc_single_image-wrapper vc_box_shadow_border  vc_box_border_grey\"><img loading=\"lazy\" decoding=\"async\" width=\"800\" height=\"550\" src=\"https:\/\/shop.bjerring-sales.dk\/wp-content\/uploads\/2022\/08\/x11.jpg.pagespeed.ic_.rUSGyDA5tc.webp\" class=\"vc_single_image-img attachment-full\" alt=\"\" title=\"x11.jpg.pagespeed.ic.rUSGyDA5tc\" srcset=\"https:\/\/shop.bjerring-sales.dk\/wp-content\/uploads\/2022\/08\/x11.jpg.pagespeed.ic_.rUSGyDA5tc.webp 800w, https:\/\/shop.bjerring-sales.dk\/wp-content\/uploads\/2022\/08\/x11.jpg.pagespeed.ic_.rUSGyDA5tc-300x206.webp 300w, https:\/\/shop.bjerring-sales.dk\/wp-content\/uploads\/2022\/08\/x11.jpg.pagespeed.ic_.rUSGyDA5tc-768x528.webp 768w, https:\/\/shop.bjerring-sales.dk\/wp-content\/uploads\/2022\/08\/x11.jpg.pagespeed.ic_.rUSGyDA5tc-18x12.webp 18w, https:\/\/shop.bjerring-sales.dk\/wp-content\/uploads\/2022\/08\/x11.jpg.pagespeed.ic_.rUSGyDA5tc-600x413.webp 600w, https:\/\/shop.bjerring-sales.dk\/wp-content\/uploads\/2022\/08\/x11.jpg.pagespeed.ic_.rUSGyDA5tc-150x103.webp 150w\" sizes=\"auto, (max-width: 800px) 100vw, 800px\" \/><\/div>\n\t\t<\/figure>\n\t<\/div>\n<\/div><\/div><\/div><div class=\"wpb_column vc_column_container vc_col-sm-4\"><div class=\"vc_column-inner\"><div class=\"wpb_wrapper\">\n\t<div  class=\"wpb_single_image wpb_content_element vc_align_center\">\n\t\t\n\t\t<figure class=\"wpb_wrapper vc_figure\">\n\t\t\t<div class=\"vc_single_image-wrapper vc_box_shadow_border  vc_box_border_grey\"><img loading=\"lazy\" decoding=\"async\" width=\"800\" height=\"550\" src=\"https:\/\/shop.bjerring-sales.dk\/wp-content\/uploads\/2022\/08\/x1.jpg.pagespeed.ic_.e1H5Z3qyVB.webp\" class=\"vc_single_image-img attachment-full\" alt=\"\" title=\"x1.jpg.pagespeed.ic.e1H5Z3qyVB\" srcset=\"https:\/\/shop.bjerring-sales.dk\/wp-content\/uploads\/2022\/08\/x1.jpg.pagespeed.ic_.e1H5Z3qyVB.webp 800w, https:\/\/shop.bjerring-sales.dk\/wp-content\/uploads\/2022\/08\/x1.jpg.pagespeed.ic_.e1H5Z3qyVB-300x206.webp 300w, https:\/\/shop.bjerring-sales.dk\/wp-content\/uploads\/2022\/08\/x1.jpg.pagespeed.ic_.e1H5Z3qyVB-768x528.webp 768w, https:\/\/shop.bjerring-sales.dk\/wp-content\/uploads\/2022\/08\/x1.jpg.pagespeed.ic_.e1H5Z3qyVB-18x12.webp 18w, https:\/\/shop.bjerring-sales.dk\/wp-content\/uploads\/2022\/08\/x1.jpg.pagespeed.ic_.e1H5Z3qyVB-600x413.webp 600w, https:\/\/shop.bjerring-sales.dk\/wp-content\/uploads\/2022\/08\/x1.jpg.pagespeed.ic_.e1H5Z3qyVB-150x103.webp 150w\" sizes=\"auto, (max-width: 800px) 100vw, 800px\" \/><\/div>\n\t\t<\/figure>\n\t<\/div>\n<\/div><\/div><\/div><\/div><div class=\"vc_row wpb_row vc_row-fluid\"><div class=\"wpb_column vc_column_container vc_col-sm-6\"><div class=\"vc_column-inner\"><div class=\"wpb_wrapper\">\n\t<div class=\"wpb_text_column wpb_content_element\" >\n\t\t<div class=\"wpb_wrapper\">\n\t\t\t<p><span style=\"font-size: 18pt\">Stand<br \/>\n<\/span>The tripod has a speed of 4 cm\/s and a stroke length of a full 65 cm (62.5-127.5 cm), which gives the user great freedom to determine and program their positions into the memory. The stand can also be adjusted in width, which makes it possible to be flexible when choosing a table top. The electric stand weighs 29 kg.<\/p>\n<p>The premium stand has a stylish design with straight lines, which means that the desk fits into all types of office spaces. The legs of the stand are made of 3-piece square tubes. The stand has then been powder coated with the highest precision. The lifting capacity is 100 kg, which means that the user can easily accommodate multiple screens, a docking station, documents, etc. The stroke length of a stand indicates the height and depth of the desk. On our two-motor electric stand, the stroke length is 650 mm.<\/p>\n<p><span style=\"font-size: 18pt\">Keypad<\/span><br \/>\nThe included keypad is easily mounted on the tabletop and then plugged into the motor. By choosing a suitable working height, you then save the position in memory. You can store up to 3 different positions, which simplifies your work between sitting and standing.<\/p>\n<p><span style=\"font-size: 18pt\">Colors<\/span><br \/>\nThe Up &amp; Down Premium stand is currently available in 3 different standard colours: white, black and silver grey. We have different models of table tops in the Up &amp; Down series. Rectangular 19 mm laminate boards in beech, birch, oak, white, grey, black, urban oak and white 22 mm laminate boards with belly socket.<\/p>\n\n\t\t<\/div>\n\t<\/div>\n<\/div><\/div><\/div><div class=\"wpb_column vc_column_container vc_col-sm-6\"><div class=\"vc_column-inner\"><div class=\"wpb_wrapper\">\n\t<div class=\"wpb_text_column wpb_content_element\" >\n\t\t<div class=\"wpb_wrapper\">\n\t\t\t<p><span style=\"font-size: 18pt\">Specifications<\/span><\/p>\n<ul>\n<li>The stand has a height \/ lowering speed of 4cm \/ s<\/li>\n<li>Stroke: 65 cm (62.5-127.5 cm)<\/li>\n<li>Tube dimension: 70\u00d770 mm (square tube)<\/li>\n<li>Leg type: square tube, 3 split square tube<\/li>\n<li>Height with standard top: 650-1300 mm<\/li>\n<li>Height of stand: 630-1280 mm<\/li>\n<li>Length of stand: 1100-1700 mm<\/li>\n<li>Stand on stand: 600 mm<\/li>\n<li>Width of fittings at the disc: 580 mm<\/li>\n<li>Foot width: 680\u00d785 mm<\/li>\n<\/ul>\n<p><span style=\"font-size: 18pt\">Weight<br \/>\n<\/span>29 kg<\/p>\n<p><span style=\"font-size: 18pt\">Manuals<br \/>\n<\/span><a href=\"https:\/\/shop.bjerring-sales.dk\/wp-content\/uploads\/2021\/03\/PDF-doc-16.png\"><img loading=\"lazy\" decoding=\"async\" class=\"alignnone size-full wp-image-72653\" src=\"https:\/\/shop.bjerring-sales.dk\/wp-content\/uploads\/2021\/03\/PDF-doc-16.png\" alt=\"\" width=\"16\" height=\"16\" \/><\/a>\u00a0<a href=\"https:\/\/elj.se\/wp-content\/uploads\/2024\/12\/Up-Down-Premium-control-panel-operation-instruction.pdf\" target=\"_blank\" rel=\"noopener\">Control panel operation instructions<\/a><br \/>\n<a href=\"https:\/\/shop.bjerring-sales.dk\/wp-content\/uploads\/2021\/03\/PDF-doc-16.png\"><img loading=\"lazy\" decoding=\"async\" class=\"alignnone size-full wp-image-72653\" src=\"https:\/\/shop.bjerring-sales.dk\/wp-content\/uploads\/2021\/03\/PDF-doc-16.png\" alt=\"\" width=\"16\" height=\"16\" \/><\/a>\u00a0<a href=\"https:\/\/elj.se\/wp-content\/uploads\/2024\/12\/Up-Down-Premium-Installation-manual.pdf\" target=\"_blank\" rel=\"noopener\">Installation<\/a><\/p>\n\n\t\t<\/div>\n\t<\/div>\n<\/div><\/div><\/div><\/div>\n<\/div>","protected":false},"excerpt":{"rendered":"<p>The premium stand has a stylish design with straight lines, which means that the desk fits into all types of office spaces. The legs of the stand are made with 3-part rectangular tubes. The stand has then been powder coated with the highest accuracy. The lifting capacity is 100 kg<\/p>","protected":false},"featured_media":98317,"template":"","meta":{"iawp_total_views":1},"product_brand":[],"product_cat":[6360,5819],"product_tag":[6308,5985,6307],"class_list":{"0":"post-76204","1":"product","2":"type-product","3":"status-publish","4":"has-post-thumbnail","6":"product_cat-up-down-premium","7":"product_cat-bordsstativ","8":"product_tag-bordsstativ-med-2-motorer","9":"product_tag-hoj-och-sankbara-stativ","10":"product_tag-stativ-med-dubbla-motorer","12":"first","13":"instock","14":"taxable","15":"shipping-taxable","16":"purchasable","17":"product-type-variable"},"yoast_head":"<!-- This site is optimized with the Yoast SEO plugin v27.0 - https:\/\/yoast.com\/product\/yoast-seo-wordpress\/ -->\n<title>Premium - h\u00f6j &amp; s\u00e4nkbara stativ med 2 motorer - Bjerring-Sales<\/title>\n<meta name=\"description\" content=\"Det h\u00f6j och s\u00e4nkbara stativet Up &amp; Down Premium \u00e4r ett bordsstativ som drivs med 2 motorer. Stativet ing\u00e5r i bordsserien Up &amp; Down som best\u00e5r av borden Eco och Zero med vev, One och Easy med 1 motor och Two och Premium som drivs av dubbla motorer.\" \/>\n<meta name=\"robots\" content=\"index, follow, max-snippet:-1, max-image-preview:large, max-video-preview:-1\" \/>\n<link rel=\"canonical\" href=\"https:\/\/shop.bjerring-sales.dk\/en\/product\/premium-stativ\/\" \/>\n<meta property=\"og:locale\" content=\"en_GB\" \/>\n<meta property=\"og:type\" content=\"article\" \/>\n<meta property=\"og:title\" content=\"Up &amp; Down Premium \u2013 H\u00f6j &amp; s\u00e4nkbart stativ med dubbla motorer\" \/>\n<meta property=\"og:description\" content=\"Det h\u00f6j och s\u00e4nkbara stativet Up &amp; Down Premium \u00e4r ett bordsstativ som drivs med 2 motorer. Stativet ing\u00e5r i bordsserien Up &amp; Down som best\u00e5r av borden Eco och Zero med vev, One och Easy med 1 motor och Two och Premium som drivs av dubbla motorer.\" \/>\n<meta property=\"og:url\" content=\"https:\/\/shop.bjerring-sales.dk\/en\/product\/premium-stativ\/\" \/>\n<meta property=\"og:site_name\" content=\"Bjerring-Sales\" \/>\n<meta property=\"article:modified_time\" content=\"2026-03-26T07:09:23+00:00\" \/>\n<meta property=\"og:image\" content=\"https:\/\/shop.bjerring-sales.dk\/wp-content\/uploads\/2022\/08\/x12.jpg.pagespeed.ic_.aphe8f71pa.webp\" \/>\n\t<meta property=\"og:image:width\" content=\"800\" \/>\n\t<meta property=\"og:image:height\" content=\"550\" \/>\n\t<meta property=\"og:image:type\" content=\"image\/webp\" \/>\n<meta name=\"twitter:card\" content=\"summary_large_image\" \/>\n<meta name=\"twitter:title\" content=\"Up &amp; Down Premium \u2013 H\u00f6j &amp; s\u00e4nkbart stativ med dubbla motorer\" \/>\n<meta name=\"twitter:description\" content=\"Det h\u00f6j och s\u00e4nkbara stativet Up &amp; Down Premium \u00e4r ett bordsstativ som drivs med 2 motorer. Stativet ing\u00e5r i bordsserien Up &amp; Down som best\u00e5r av borden Eco och Zero med vev, One och Easy med 1 motor och Two och Premium som drivs av dubbla motorer.\" \/>\n<meta name=\"twitter:image\" content=\"https:\/\/shop.bjerring-sales.dk\/wp-content\/uploads\/2022\/08\/x12.jpg.pagespeed.ic_.aphe8f71pa.webp\" \/>\n<meta name=\"twitter:label1\" content=\"Estimated reading time\" \/>\n\t<meta name=\"twitter:data1\" content=\"3 minutes\" \/>\n<script type=\"application\/ld+json\" class=\"yoast-schema-graph\">{\"@context\":\"https:\/\/schema.org\",\"@graph\":[{\"@type\":\"WebPage\",\"@id\":\"https:\/\/shop.bjerring-sales.dk\/sv\/produkt\/premium-stativ\/\",\"url\":\"https:\/\/shop.bjerring-sales.dk\/sv\/produkt\/premium-stativ\/\",\"name\":\"Premium - h\u00f6j &amp; s\u00e4nkbara stativ med 2 motorer - Bjerring-Sales\",\"isPartOf\":{\"@id\":\"https:\/\/shop.bjerring-sales.dk\/#website\"},\"primaryImageOfPage\":{\"@id\":\"https:\/\/shop.bjerring-sales.dk\/sv\/produkt\/premium-stativ\/#primaryimage\"},\"image\":{\"@id\":\"https:\/\/shop.bjerring-sales.dk\/sv\/produkt\/premium-stativ\/#primaryimage\"},\"thumbnailUrl\":\"https:\/\/shop.bjerring-sales.dk\/wp-content\/uploads\/2024\/09\/Premium_stativ_vit.jpg\",\"datePublished\":\"2022-08-24T09:58:32+00:00\",\"dateModified\":\"2026-03-26T07:09:23+00:00\",\"description\":\"Det h\u00f6j och s\u00e4nkbara stativet Up & Down Premium \u00e4r ett bordsstativ som drivs med 2 motorer. Stativet ing\u00e5r i bordsserien Up & Down som best\u00e5r av borden Eco och Zero med vev, One och Easy med 1 motor och Two och Premium som drivs av dubbla motorer.\",\"breadcrumb\":{\"@id\":\"https:\/\/shop.bjerring-sales.dk\/sv\/produkt\/premium-stativ\/#breadcrumb\"},\"inLanguage\":\"en-GB\",\"potentialAction\":[{\"@type\":\"ReadAction\",\"target\":[\"https:\/\/shop.bjerring-sales.dk\/sv\/produkt\/premium-stativ\/\"]}]},{\"@type\":\"ImageObject\",\"inLanguage\":\"en-GB\",\"@id\":\"https:\/\/shop.bjerring-sales.dk\/sv\/produkt\/premium-stativ\/#primaryimage\",\"url\":\"https:\/\/shop.bjerring-sales.dk\/wp-content\/uploads\/2024\/09\/Premium_stativ_vit.jpg\",\"contentUrl\":\"https:\/\/shop.bjerring-sales.dk\/wp-content\/uploads\/2024\/09\/Premium_stativ_vit.jpg\",\"width\":800,\"height\":800},{\"@type\":\"BreadcrumbList\",\"@id\":\"https:\/\/shop.bjerring-sales.dk\/sv\/produkt\/premium-stativ\/#breadcrumb\",\"itemListElement\":[{\"@type\":\"ListItem\",\"position\":1,\"name\":\"Hem\",\"item\":\"https:\/\/shop.bjerring-sales.dk\/\"},{\"@type\":\"ListItem\",\"position\":2,\"name\":\"Webbutik\",\"item\":\"https:\/\/shop.bjerring-sales.dk\/butik\/\"},{\"@type\":\"ListItem\",\"position\":3,\"name\":\"Premium &#8211; h\u00f6j &amp; s\u00e4nkbara stativ med 2 motorer\"}]},{\"@type\":\"WebSite\",\"@id\":\"https:\/\/shop.bjerring-sales.dk\/#website\",\"url\":\"https:\/\/shop.bjerring-sales.dk\/\",\"name\":\"Bjerring-Sales\",\"description\":\"M\u00f6bler f\u00f6r teatrar, skolor, kontor och k\u00f6pcentrum\",\"publisher\":{\"@id\":\"https:\/\/shop.bjerring-sales.dk\/#organization\"},\"potentialAction\":[{\"@type\":\"SearchAction\",\"target\":{\"@type\":\"EntryPoint\",\"urlTemplate\":\"https:\/\/shop.bjerring-sales.dk\/?s={search_term_string}\"},\"query-input\":{\"@type\":\"PropertyValueSpecification\",\"valueRequired\":true,\"valueName\":\"search_term_string\"}}],\"inLanguage\":\"en-GB\"},{\"@type\":\"Organization\",\"@id\":\"https:\/\/shop.bjerring-sales.dk\/#organization\",\"name\":\"Bjerring-Sales\",\"url\":\"https:\/\/shop.bjerring-sales.dk\/\",\"logo\":{\"@type\":\"ImageObject\",\"inLanguage\":\"en-GB\",\"@id\":\"https:\/\/shop.bjerring-sales.dk\/#\/schema\/logo\/image\/\",\"url\":\"https:\/\/shop.bjerring-sales.dk\/wp-content\/uploads\/2023\/01\/logo_sv.png\",\"contentUrl\":\"https:\/\/shop.bjerring-sales.dk\/wp-content\/uploads\/2023\/01\/logo_sv.png\",\"width\":195,\"height\":68,\"caption\":\"Bjerring-Sales\"},\"image\":{\"@id\":\"https:\/\/shop.bjerring-sales.dk\/#\/schema\/logo\/image\/\"}}]}<\/script>\n<!-- \/ Yoast SEO plugin. -->","yoast_head_json":{"title":"Premium - h\u00f6j &amp; s\u00e4nkbara stativ med 2 motorer - Bjerring-Sales","description":"Det h\u00f6j och s\u00e4nkbara stativet Up & Down Premium \u00e4r ett bordsstativ som drivs med 2 motorer. Stativet ing\u00e5r i bordsserien Up & Down som best\u00e5r av borden Eco och Zero med vev, One och Easy med 1 motor och Two och Premium som drivs av dubbla motorer.","robots":{"index":"index","follow":"follow","max-snippet":"max-snippet:-1","max-image-preview":"max-image-preview:large","max-video-preview":"max-video-preview:-1"},"canonical":"https:\/\/shop.bjerring-sales.dk\/en\/product\/premium-stativ\/","og_locale":"en_GB","og_type":"article","og_title":"Up & Down Premium \u2013 H\u00f6j & s\u00e4nkbart stativ med dubbla motorer","og_description":"Det h\u00f6j och s\u00e4nkbara stativet Up & Down Premium \u00e4r ett bordsstativ som drivs med 2 motorer. Stativet ing\u00e5r i bordsserien Up & Down som best\u00e5r av borden Eco och Zero med vev, One och Easy med 1 motor och Two och Premium som drivs av dubbla motorer.","og_url":"https:\/\/shop.bjerring-sales.dk\/en\/product\/premium-stativ\/","og_site_name":"Bjerring-Sales","article_modified_time":"2026-03-26T07:09:23+00:00","og_image":[{"width":800,"height":550,"url":"https:\/\/shop.bjerring-sales.dk\/wp-content\/uploads\/2022\/08\/x12.jpg.pagespeed.ic_.aphe8f71pa.webp","type":"image\/webp"}],"twitter_card":"summary_large_image","twitter_title":"Up & Down Premium \u2013 H\u00f6j & s\u00e4nkbart stativ med dubbla motorer","twitter_description":"Det h\u00f6j och s\u00e4nkbara stativet Up & Down Premium \u00e4r ett bordsstativ som drivs med 2 motorer. Stativet ing\u00e5r i bordsserien Up & Down som best\u00e5r av borden Eco och Zero med vev, One och Easy med 1 motor och Two och Premium som drivs av dubbla motorer.","twitter_image":"https:\/\/shop.bjerring-sales.dk\/wp-content\/uploads\/2022\/08\/x12.jpg.pagespeed.ic_.aphe8f71pa.webp","twitter_misc":{"Estimated reading time":"3 minutes"},"schema":{"@context":"https:\/\/schema.org","@graph":[{"@type":"WebPage","@id":"https:\/\/shop.bjerring-sales.dk\/sv\/produkt\/premium-stativ\/","url":"https:\/\/shop.bjerring-sales.dk\/sv\/produkt\/premium-stativ\/","name":"Premium - h\u00f6j &amp; s\u00e4nkbara stativ med 2 motorer - Bjerring-Sales","isPartOf":{"@id":"https:\/\/shop.bjerring-sales.dk\/#website"},"primaryImageOfPage":{"@id":"https:\/\/shop.bjerring-sales.dk\/sv\/produkt\/premium-stativ\/#primaryimage"},"image":{"@id":"https:\/\/shop.bjerring-sales.dk\/sv\/produkt\/premium-stativ\/#primaryimage"},"thumbnailUrl":"https:\/\/shop.bjerring-sales.dk\/wp-content\/uploads\/2024\/09\/Premium_stativ_vit.jpg","datePublished":"2022-08-24T09:58:32+00:00","dateModified":"2026-03-26T07:09:23+00:00","description":"Det h\u00f6j och s\u00e4nkbara stativet Up & Down Premium \u00e4r ett bordsstativ som drivs med 2 motorer. Stativet ing\u00e5r i bordsserien Up & Down som best\u00e5r av borden Eco och Zero med vev, One och Easy med 1 motor och Two och Premium som drivs av dubbla motorer.","breadcrumb":{"@id":"https:\/\/shop.bjerring-sales.dk\/sv\/produkt\/premium-stativ\/#breadcrumb"},"inLanguage":"en-GB","potentialAction":[{"@type":"ReadAction","target":["https:\/\/shop.bjerring-sales.dk\/sv\/produkt\/premium-stativ\/"]}]},{"@type":"ImageObject","inLanguage":"en-GB","@id":"https:\/\/shop.bjerring-sales.dk\/sv\/produkt\/premium-stativ\/#primaryimage","url":"https:\/\/shop.bjerring-sales.dk\/wp-content\/uploads\/2024\/09\/Premium_stativ_vit.jpg","contentUrl":"https:\/\/shop.bjerring-sales.dk\/wp-content\/uploads\/2024\/09\/Premium_stativ_vit.jpg","width":800,"height":800},{"@type":"BreadcrumbList","@id":"https:\/\/shop.bjerring-sales.dk\/sv\/produkt\/premium-stativ\/#breadcrumb","itemListElement":[{"@type":"ListItem","position":1,"name":"Hem","item":"https:\/\/shop.bjerring-sales.dk\/"},{"@type":"ListItem","position":2,"name":"Webbutik","item":"https:\/\/shop.bjerring-sales.dk\/butik\/"},{"@type":"ListItem","position":3,"name":"Premium &#8211; h\u00f6j &amp; s\u00e4nkbara stativ med 2 motorer"}]},{"@type":"WebSite","@id":"https:\/\/shop.bjerring-sales.dk\/#website","url":"https:\/\/shop.bjerring-sales.dk\/","name":"Bjerring Sales","description":"Furniture for theatres, schools, offices and shopping centres","publisher":{"@id":"https:\/\/shop.bjerring-sales.dk\/#organization"},"potentialAction":[{"@type":"SearchAction","target":{"@type":"EntryPoint","urlTemplate":"https:\/\/shop.bjerring-sales.dk\/?s={search_term_string}"},"query-input":{"@type":"PropertyValueSpecification","valueRequired":true,"valueName":"search_term_string"}}],"inLanguage":"en-GB"},{"@type":"Organization","@id":"https:\/\/shop.bjerring-sales.dk\/#organization","name":"Bjerring Sales","url":"https:\/\/shop.bjerring-sales.dk\/","logo":{"@type":"ImageObject","inLanguage":"en-GB","@id":"https:\/\/shop.bjerring-sales.dk\/#\/schema\/logo\/image\/","url":"https:\/\/shop.bjerring-sales.dk\/wp-content\/uploads\/2023\/01\/logo_sv.png","contentUrl":"https:\/\/shop.bjerring-sales.dk\/wp-content\/uploads\/2023\/01\/logo_sv.png","width":195,"height":68,"caption":"Bjerring-Sales"},"image":{"@id":"https:\/\/shop.bjerring-sales.dk\/#\/schema\/logo\/image\/"}}]}},"_links":{"self":[{"href":"https:\/\/shop.bjerring-sales.dk\/en\/wp-json\/wp\/v2\/product\/76204","targetHints":{"allow":["GET"]}}],"collection":[{"href":"https:\/\/shop.bjerring-sales.dk\/en\/wp-json\/wp\/v2\/product"}],"about":[{"href":"https:\/\/shop.bjerring-sales.dk\/en\/wp-json\/wp\/v2\/types\/product"}],"wp:featuredmedia":[{"embeddable":true,"href":"https:\/\/shop.bjerring-sales.dk\/en\/wp-json\/wp\/v2\/media\/98317"}],"wp:attachment":[{"href":"https:\/\/shop.bjerring-sales.dk\/en\/wp-json\/wp\/v2\/media?parent=76204"}],"wp:term":[{"taxonomy":"product_brand","embeddable":true,"href":"https:\/\/shop.bjerring-sales.dk\/en\/wp-json\/wp\/v2\/product_brand?post=76204"},{"taxonomy":"product_cat","embeddable":true,"href":"https:\/\/shop.bjerring-sales.dk\/en\/wp-json\/wp\/v2\/product_cat?post=76204"},{"taxonomy":"product_tag","embeddable":true,"href":"https:\/\/shop.bjerring-sales.dk\/en\/wp-json\/wp\/v2\/product_tag?post=76204"}],"curies":[{"name":"wp","href":"https:\/\/api.w.org\/{rel}","templated":true}]}}