{"id":75871,"date":"2022-06-22T16:13:50","date_gmt":"2022-06-22T14:13:50","guid":{"rendered":"https:\/\/pule.se\/?post_type=product&#038;p=75871"},"modified":"2026-03-30T10:21:57","modified_gmt":"2026-03-30T08:21:57","slug":"premium-bord-med-2-motorer","status":"publish","type":"product","link":"https:\/\/shop.bjerring-sales.dk\/en\/product\/premium-bord-med-2-motorer\/","title":{"rendered":"Premium \u2013 Raise &amp; lower tables with 2 motors"},"content":{"rendered":"<div class=\"wpb-content-wrapper\"><div class=\"vc_row wpb_row vc_row-fluid\"><div class=\"wpb_column vc_column_container vc_col-sm-12\"><div class=\"vc_column-inner\"><div class=\"wpb_wrapper\">\n\t<div class=\"wpb_text_column wpb_content_element\" >\n\t\t<div class=\"wpb_wrapper\">\n\t\t\t<p><span style=\"font-size: 24pt;\">Up &amp; Down Premium \u2013 Raise &amp; lower desk with dual motors<\/span><\/p>\n<p>The Up &amp; Down Premium adjustable desk is a desk powered by 2 motors. The table is part of our popular table series Up &amp; Down which consists of Up &amp; Down Eco with crank, Up &amp; Down Easy with 1 motor and Up &amp; Down Premium which is powered by two motors. Thanks to its dual motors, the stand efficiently oscillates between low and high positions at 4 cm\/s. An ergonomic and varied working position is healthy for both body and mind.<\/p>\n\n\t\t<\/div>\n\t<\/div>\n<\/div><\/div><\/div><\/div><div class=\"vc_row wpb_row vc_row-fluid\"><div class=\"wpb_column vc_column_container vc_col-sm-4\"><div class=\"vc_column-inner\"><div class=\"wpb_wrapper\">\n\t<div  class=\"wpb_single_image wpb_content_element vc_align_center\">\n\t\t\n\t\t<figure class=\"wpb_wrapper vc_figure\">\n\t\t\t<div class=\"vc_single_image-wrapper vc_box_shadow_border  vc_box_border_grey\"><img loading=\"lazy\" decoding=\"async\" width=\"800\" height=\"550\" src=\"https:\/\/shop.bjerring-sales.dk\/wp-content\/uploads\/2022\/06\/4.jpg\" class=\"vc_single_image-img attachment-full\" alt=\"\" title=\"4\" srcset=\"https:\/\/shop.bjerring-sales.dk\/wp-content\/uploads\/2022\/06\/4.jpg 800w, https:\/\/shop.bjerring-sales.dk\/wp-content\/uploads\/2022\/06\/4-150x103.jpg 150w, https:\/\/shop.bjerring-sales.dk\/wp-content\/uploads\/2022\/06\/4-600x413.jpg 600w, https:\/\/shop.bjerring-sales.dk\/wp-content\/uploads\/2022\/06\/4-300x206.jpg 300w, https:\/\/shop.bjerring-sales.dk\/wp-content\/uploads\/2022\/06\/4-768x528.jpg 768w, https:\/\/shop.bjerring-sales.dk\/wp-content\/uploads\/2022\/06\/4-18x12.jpg 18w\" sizes=\"auto, (max-width: 800px) 100vw, 800px\" \/><\/div>\n\t\t<\/figure>\n\t<\/div>\n<\/div><\/div><\/div><div class=\"wpb_column vc_column_container vc_col-sm-4\"><div class=\"vc_column-inner\"><div class=\"wpb_wrapper\">\n\t<div  class=\"wpb_single_image wpb_content_element vc_align_center\">\n\t\t\n\t\t<figure class=\"wpb_wrapper vc_figure\">\n\t\t\t<div class=\"vc_single_image-wrapper vc_box_shadow_border  vc_box_border_grey\"><img loading=\"lazy\" decoding=\"async\" width=\"800\" height=\"550\" src=\"https:\/\/shop.bjerring-sales.dk\/wp-content\/uploads\/2022\/06\/11.jpg\" class=\"vc_single_image-img attachment-full\" alt=\"\" title=\"11\" srcset=\"https:\/\/shop.bjerring-sales.dk\/wp-content\/uploads\/2022\/06\/11.jpg 800w, https:\/\/shop.bjerring-sales.dk\/wp-content\/uploads\/2022\/06\/11-150x103.jpg 150w, https:\/\/shop.bjerring-sales.dk\/wp-content\/uploads\/2022\/06\/11-600x413.jpg 600w, https:\/\/shop.bjerring-sales.dk\/wp-content\/uploads\/2022\/06\/11-300x206.jpg 300w, https:\/\/shop.bjerring-sales.dk\/wp-content\/uploads\/2022\/06\/11-768x528.jpg 768w, https:\/\/shop.bjerring-sales.dk\/wp-content\/uploads\/2022\/06\/11-18x12.jpg 18w\" sizes=\"auto, (max-width: 800px) 100vw, 800px\" \/><\/div>\n\t\t<\/figure>\n\t<\/div>\n<\/div><\/div><\/div><div class=\"wpb_column vc_column_container vc_col-sm-4\"><div class=\"vc_column-inner\"><div class=\"wpb_wrapper\">\n\t<div  class=\"wpb_single_image wpb_content_element vc_align_center\">\n\t\t\n\t\t<figure class=\"wpb_wrapper vc_figure\">\n\t\t\t<div class=\"vc_single_image-wrapper vc_box_shadow_border  vc_box_border_grey\"><img loading=\"lazy\" decoding=\"async\" width=\"800\" height=\"550\" src=\"https:\/\/shop.bjerring-sales.dk\/wp-content\/uploads\/2022\/06\/12.jpg\" class=\"vc_single_image-img attachment-full\" alt=\"\" title=\"12\" srcset=\"https:\/\/shop.bjerring-sales.dk\/wp-content\/uploads\/2022\/06\/12.jpg 800w, https:\/\/shop.bjerring-sales.dk\/wp-content\/uploads\/2022\/06\/12-150x103.jpg 150w, https:\/\/shop.bjerring-sales.dk\/wp-content\/uploads\/2022\/06\/12-600x413.jpg 600w, https:\/\/shop.bjerring-sales.dk\/wp-content\/uploads\/2022\/06\/12-300x206.jpg 300w, https:\/\/shop.bjerring-sales.dk\/wp-content\/uploads\/2022\/06\/12-768x528.jpg 768w, https:\/\/shop.bjerring-sales.dk\/wp-content\/uploads\/2022\/06\/12-18x12.jpg 18w\" sizes=\"auto, (max-width: 800px) 100vw, 800px\" \/><\/div>\n\t\t<\/figure>\n\t<\/div>\n<\/div><\/div><\/div><\/div><div class=\"vc_row wpb_row vc_row-fluid\"><div class=\"wpb_column vc_column_container vc_col-sm-6\"><div class=\"vc_column-inner\"><div class=\"wpb_wrapper\">\n\t<div class=\"wpb_text_column wpb_content_element\" >\n\t\t<div class=\"wpb_wrapper\">\n\t\t\t<p><span style=\"font-size: 18pt;\">Stand<\/span><\/p>\n<p>The tripod has a speed of 4 cm\/s and a stroke length of a full 65 cm (62.5-127.5 cm), which gives the user great freedom to determine and program their positions into the memory. The stand can also be adjusted in width, which makes it possible to be flexible when choosing a table top. The stand has a stylish design with straight lines, which means that the desk fits into all types of office premises. The legs of the stand are made with 3-part square tubes. The stand has then been powder coated with the highest accuracy. The lifting capacity is 100 kg, which means that the user has room for several screens, docking stations, documents, etc. The electric stand weighs 29 kg<\/p>\n\n\t\t<\/div>\n\t<\/div>\n\n\t<div class=\"wpb_text_column wpb_content_element\" >\n\t\t<div class=\"wpb_wrapper\">\n\t\t\t<p><span style=\"font-size: 18pt;\">Keypad<\/span><\/p>\n<p>The included keypad is easily mounted on the tabletop and then plugged into the motor. By choosing a suitable working height, you then save the position in memory. You can store up to 3 different positions, which simplifies your work between sitting and standing.<\/p>\n\n\t\t<\/div>\n\t<\/div>\n\n\t<div class=\"wpb_text_column wpb_content_element\" >\n\t\t<div class=\"wpb_wrapper\">\n\t\t\t<p><span style=\"font-size: 18pt;\">Specifications<\/span><\/p>\n<ul style=\"list-style-type: circle;\">\n<li>The table has a height-adjustable speed of 4cm \/ s<\/li>\n<li>Tube dimension: 70\u00d770 mm (square tube)<\/li>\n<li>Leg type: square tube, 3 split square tube<\/li>\n<\/ul>\n\n\t\t<\/div>\n\t<\/div>\n<\/div><\/div><\/div><div class=\"wpb_column vc_column_container vc_col-sm-6\"><div class=\"vc_column-inner\"><div class=\"wpb_wrapper\">\n\t<div class=\"wpb_text_column wpb_content_element\" >\n\t\t<div class=\"wpb_wrapper\">\n\t\t\t<p><span style=\"font-size: 18pt;\">Measure<\/span><\/p>\n<ul style=\"list-style-type: circle;\">\n<li>Height with standard top: 650-1300 mm<\/li>\n<li>Height of stand: 630-1280 mm<\/li>\n<li>Length of stand: 1100-1700 mm<\/li>\n<li>Stand on stand: 600 mm<\/li>\n<li>Width of fittings at the disc: 580 mm<\/li>\n<li>Foot width: 680\u00d785 mm<\/li>\n<\/ul>\n\n\t\t<\/div>\n\t<\/div>\n\n\t<div class=\"wpb_text_column wpb_content_element\" >\n\t\t<div class=\"wpb_wrapper\">\n\t\t\t<p><span style=\"font-size: 18pt;\">Colors<\/span><\/p>\n<ul style=\"list-style-type: circle;\">\n<li>The stand is currently available in white, black and silver grey.<\/li>\n<li>We offer different colors and materials for table tops<\/li>\n<li>Rectangular 19 mm laminate boards in beech, birch, oak, white, grey, black and urban oak<\/li>\n<li>Table tops with belly sockets in laminate 22 mm are kept in stock in white<\/li>\n<\/ul>\n<p><span style=\"font-size: 18pt;\">Manuals<\/span><br \/>\n<a href=\"https:\/\/shop.bjerring-sales.dk\/wp-content\/uploads\/2021\/03\/PDF-doc-16.png\"><img loading=\"lazy\" decoding=\"async\" class=\"alignnone size-full wp-image-72653\" src=\"https:\/\/shop.bjerring-sales.dk\/wp-content\/uploads\/2021\/03\/PDF-doc-16.png\" alt=\"\" width=\"16\" height=\"16\" \/><\/a> <a href=\"https:\/\/elj.se\/wp-content\/uploads\/2024\/12\/Up-Down-Premium-Installation-manual.pdf\" target=\"_blank\" rel=\"noopener\">Installation<\/a><br \/>\n<a href=\"https:\/\/shop.bjerring-sales.dk\/wp-content\/uploads\/2021\/03\/PDF-doc-16.png\"><img loading=\"lazy\" decoding=\"async\" class=\"alignnone size-full wp-image-72653\" src=\"https:\/\/shop.bjerring-sales.dk\/wp-content\/uploads\/2021\/03\/PDF-doc-16.png\" alt=\"\" width=\"16\" height=\"16\" \/><\/a> <a href=\"https:\/\/elj.se\/wp-content\/uploads\/2024\/12\/Up-Down-Premium-control-panel-operation-instruction.pdf\" target=\"_blank\" rel=\"noopener\">Control panel operation instructions<\/a><\/p>\n\n\t\t<\/div>\n\t<\/div>\n<\/div><\/div><\/div><\/div><div class=\"vc_row wpb_row vc_row-fluid\"><div class=\"wpb_column vc_column_container vc_col-sm-4\"><div class=\"vc_column-inner\"><div class=\"wpb_wrapper\">\n\t<div  class=\"wpb_single_image wpb_content_element vc_align_center\">\n\t\t\n\t\t<figure class=\"wpb_wrapper vc_figure\">\n\t\t\t<div class=\"vc_single_image-wrapper vc_box_shadow_border  vc_box_border_grey\"><img loading=\"lazy\" decoding=\"async\" width=\"800\" height=\"550\" src=\"https:\/\/shop.bjerring-sales.dk\/wp-content\/uploads\/2022\/06\/8.jpg\" class=\"vc_single_image-img attachment-full\" alt=\"\" title=\"8\" srcset=\"https:\/\/shop.bjerring-sales.dk\/wp-content\/uploads\/2022\/06\/8.jpg 800w, https:\/\/shop.bjerring-sales.dk\/wp-content\/uploads\/2022\/06\/8-150x103.jpg 150w, https:\/\/shop.bjerring-sales.dk\/wp-content\/uploads\/2022\/06\/8-600x413.jpg 600w, https:\/\/shop.bjerring-sales.dk\/wp-content\/uploads\/2022\/06\/8-300x206.jpg 300w, https:\/\/shop.bjerring-sales.dk\/wp-content\/uploads\/2022\/06\/8-768x528.jpg 768w, https:\/\/shop.bjerring-sales.dk\/wp-content\/uploads\/2022\/06\/8-18x12.jpg 18w\" sizes=\"auto, (max-width: 800px) 100vw, 800px\" \/><\/div>\n\t\t<\/figure>\n\t<\/div>\n<\/div><\/div><\/div><div class=\"wpb_column vc_column_container vc_col-sm-4\"><div class=\"vc_column-inner\"><div class=\"wpb_wrapper\">\n\t<div  class=\"wpb_single_image wpb_content_element vc_align_center\">\n\t\t\n\t\t<figure class=\"wpb_wrapper vc_figure\">\n\t\t\t<div class=\"vc_single_image-wrapper vc_box_shadow_border  vc_box_border_grey\"><img loading=\"lazy\" decoding=\"async\" width=\"800\" height=\"550\" src=\"https:\/\/shop.bjerring-sales.dk\/wp-content\/uploads\/2022\/06\/9.jpg\" class=\"vc_single_image-img attachment-full\" alt=\"\" title=\"9\" srcset=\"https:\/\/shop.bjerring-sales.dk\/wp-content\/uploads\/2022\/06\/9.jpg 800w, https:\/\/shop.bjerring-sales.dk\/wp-content\/uploads\/2022\/06\/9-150x103.jpg 150w, https:\/\/shop.bjerring-sales.dk\/wp-content\/uploads\/2022\/06\/9-600x413.jpg 600w, https:\/\/shop.bjerring-sales.dk\/wp-content\/uploads\/2022\/06\/9-300x206.jpg 300w, https:\/\/shop.bjerring-sales.dk\/wp-content\/uploads\/2022\/06\/9-768x528.jpg 768w, https:\/\/shop.bjerring-sales.dk\/wp-content\/uploads\/2022\/06\/9-18x12.jpg 18w\" sizes=\"auto, (max-width: 800px) 100vw, 800px\" \/><\/div>\n\t\t<\/figure>\n\t<\/div>\n<\/div><\/div><\/div><div class=\"wpb_column vc_column_container vc_col-sm-4\"><div class=\"vc_column-inner\"><div class=\"wpb_wrapper\">\n\t<div  class=\"wpb_single_image wpb_content_element vc_align_center\">\n\t\t\n\t\t<figure class=\"wpb_wrapper vc_figure\">\n\t\t\t<div class=\"vc_single_image-wrapper vc_box_shadow_border  vc_box_border_grey\"><img loading=\"lazy\" decoding=\"async\" width=\"800\" height=\"550\" src=\"https:\/\/shop.bjerring-sales.dk\/wp-content\/uploads\/2022\/06\/10.jpg\" class=\"vc_single_image-img attachment-full\" alt=\"\" title=\"10\" srcset=\"https:\/\/shop.bjerring-sales.dk\/wp-content\/uploads\/2022\/06\/10.jpg 800w, https:\/\/shop.bjerring-sales.dk\/wp-content\/uploads\/2022\/06\/10-150x103.jpg 150w, https:\/\/shop.bjerring-sales.dk\/wp-content\/uploads\/2022\/06\/10-600x413.jpg 600w, https:\/\/shop.bjerring-sales.dk\/wp-content\/uploads\/2022\/06\/10-300x206.jpg 300w, https:\/\/shop.bjerring-sales.dk\/wp-content\/uploads\/2022\/06\/10-768x528.jpg 768w, https:\/\/shop.bjerring-sales.dk\/wp-content\/uploads\/2022\/06\/10-18x12.jpg 18w\" sizes=\"auto, (max-width: 800px) 100vw, 800px\" \/><\/div>\n\t\t<\/figure>\n\t<\/div>\n<\/div><\/div><\/div><\/div>\n<\/div>","protected":false},"excerpt":{"rendered":"<p>The Up &amp; Down Premium adjustable desk is a desk powered by 2 motors. The stand is available in white, black and silver grey. Rectangular 19 mm laminate boards are available in beech, birch, oak, white, grey, black and urban oak.<\/p>","protected":false},"featured_media":98147,"template":"","meta":{"iawp_total_views":37},"product_brand":[],"product_cat":[5786,6360,5788],"product_tag":[6302,5778,5954,5955,6090],"class_list":{"0":"post-75871","1":"product","2":"type-product","3":"status-publish","4":"has-post-thumbnail","6":"product_cat-skrivbord","7":"product_cat-up-down-premium","8":"product_cat-hoj-sankbara-bord","9":"product_tag-up-down-premium","10":"product_tag-hoj-och-sankbara-bord","11":"product_tag-elbord","12":"product_tag-elektriskt-skrivbord","13":"product_tag-hojdjusterbart-bord","15":"first","16":"instock","17":"taxable","18":"shipping-taxable","19":"purchasable","20":"product-type-variable"},"yoast_head":"<!-- This site is optimized with the Yoast SEO plugin v27.0 - https:\/\/yoast.com\/product\/yoast-seo-wordpress\/ -->\n<title>Premium - H\u00f6j &amp; s\u00e4nkbara bord med 2 motorer - Bjerring-Sales<\/title>\n<meta name=\"description\" content=\"Det h\u00f6j och s\u00e4nkbara skrivbordet Up &amp; Down Premium \u00e4r ett skrivbord som drivs med 2 motorer. En ergonomisk och varierad arbetsst\u00e4llning \u00e4r h\u00e4lsosamt f\u00f6r b\u00e5de kropp &amp; knopp.\" \/>\n<meta name=\"robots\" content=\"index, follow, max-snippet:-1, max-image-preview:large, max-video-preview:-1\" \/>\n<link rel=\"canonical\" href=\"https:\/\/shop.bjerring-sales.dk\/en\/product\/premium-bord-med-2-motorer\/\" \/>\n<meta property=\"og:locale\" content=\"en_GB\" \/>\n<meta property=\"og:type\" content=\"article\" \/>\n<meta property=\"og:title\" content=\"Up &amp; Down Premium - H\u00f6j &amp; s\u00e4nkbart skrivbord med dubbla motorer\" \/>\n<meta property=\"og:description\" content=\"Det h\u00f6j och s\u00e4nkbara skrivbordet Up &amp; Down Premium \u00e4r ett skrivbord som drivs med 2 motorer. En ergonomisk och varierad arbetsst\u00e4llning \u00e4r h\u00e4lsosamt f\u00f6r b\u00e5de kropp &amp; knopp.\" \/>\n<meta property=\"og:url\" content=\"https:\/\/shop.bjerring-sales.dk\/en\/product\/premium-bord-med-2-motorer\/\" \/>\n<meta property=\"og:site_name\" content=\"Bjerring-Sales\" \/>\n<meta property=\"article:modified_time\" content=\"2026-03-30T08:21:57+00:00\" \/>\n<meta property=\"og:image\" content=\"https:\/\/shop.bjerring-sales.dk\/wp-content\/uploads\/2022\/06\/8.jpg\" \/>\n\t<meta property=\"og:image:width\" content=\"800\" \/>\n\t<meta property=\"og:image:height\" content=\"550\" \/>\n\t<meta property=\"og:image:type\" content=\"image\/jpeg\" \/>\n<meta name=\"twitter:card\" content=\"summary_large_image\" \/>\n<meta name=\"twitter:title\" content=\"Up &amp; Down Premium - H\u00f6j &amp; s\u00e4nkbart skrivbord med dubbla motorer\" \/>\n<meta name=\"twitter:description\" content=\"Det h\u00f6j och s\u00e4nkbara skrivbordet Up &amp; Down Premium \u00e4r ett skrivbord som drivs med 2 motorer. En ergonomisk och varierad arbetsst\u00e4llning \u00e4r h\u00e4lsosamt f\u00f6r b\u00e5de kropp &amp; knopp.\" \/>\n<meta name=\"twitter:image\" content=\"https:\/\/shop.bjerring-sales.dk\/wp-content\/uploads\/2022\/06\/8.jpg\" \/>\n<meta name=\"twitter:label1\" content=\"Estimated reading time\" \/>\n\t<meta name=\"twitter:data1\" content=\"3 minutes\" \/>\n<script type=\"application\/ld+json\" class=\"yoast-schema-graph\">{\"@context\":\"https:\/\/schema.org\",\"@graph\":[{\"@type\":\"WebPage\",\"@id\":\"https:\/\/shop.bjerring-sales.dk\/product\/premium-bord-med-2-motorer\/\",\"url\":\"https:\/\/shop.bjerring-sales.dk\/product\/premium-bord-med-2-motorer\/\",\"name\":\"Premium - H\u00f6j &amp; s\u00e4nkbara bord med 2 motorer - Bjerring-Sales\",\"isPartOf\":{\"@id\":\"https:\/\/shop.bjerring-sales.dk\/#website\"},\"primaryImageOfPage\":{\"@id\":\"https:\/\/shop.bjerring-sales.dk\/product\/premium-bord-med-2-motorer\/#primaryimage\"},\"image\":{\"@id\":\"https:\/\/shop.bjerring-sales.dk\/product\/premium-bord-med-2-motorer\/#primaryimage\"},\"thumbnailUrl\":\"https:\/\/shop.bjerring-sales.dk\/wp-content\/uploads\/2024\/09\/180x80_WhiteLegs_WoodTop1.jpg\",\"datePublished\":\"2022-06-22T14:13:50+00:00\",\"dateModified\":\"2026-03-30T08:21:57+00:00\",\"description\":\"Det h\u00f6j och s\u00e4nkbara skrivbordet Up & Down Premium \u00e4r ett skrivbord som drivs med 2 motorer. En ergonomisk och varierad arbetsst\u00e4llning \u00e4r h\u00e4lsosamt f\u00f6r b\u00e5de kropp & knopp.\",\"breadcrumb\":{\"@id\":\"https:\/\/shop.bjerring-sales.dk\/product\/premium-bord-med-2-motorer\/#breadcrumb\"},\"inLanguage\":\"en-GB\",\"potentialAction\":[{\"@type\":\"ReadAction\",\"target\":[\"https:\/\/shop.bjerring-sales.dk\/product\/premium-bord-med-2-motorer\/\"]}]},{\"@type\":\"ImageObject\",\"inLanguage\":\"en-GB\",\"@id\":\"https:\/\/shop.bjerring-sales.dk\/product\/premium-bord-med-2-motorer\/#primaryimage\",\"url\":\"https:\/\/shop.bjerring-sales.dk\/wp-content\/uploads\/2024\/09\/180x80_WhiteLegs_WoodTop1.jpg\",\"contentUrl\":\"https:\/\/shop.bjerring-sales.dk\/wp-content\/uploads\/2024\/09\/180x80_WhiteLegs_WoodTop1.jpg\",\"width\":800,\"height\":800},{\"@type\":\"BreadcrumbList\",\"@id\":\"https:\/\/shop.bjerring-sales.dk\/product\/premium-bord-med-2-motorer\/#breadcrumb\",\"itemListElement\":[{\"@type\":\"ListItem\",\"position\":1,\"name\":\"Hem\",\"item\":\"https:\/\/shop.bjerring-sales.dk\/\"},{\"@type\":\"ListItem\",\"position\":2,\"name\":\"Webbutik\",\"item\":\"https:\/\/shop.bjerring-sales.dk\/butik\/\"},{\"@type\":\"ListItem\",\"position\":3,\"name\":\"Premium &#8211; H\u00f6j &amp; s\u00e4nkbara bord med 2 motorer\"}]},{\"@type\":\"WebSite\",\"@id\":\"https:\/\/shop.bjerring-sales.dk\/#website\",\"url\":\"https:\/\/shop.bjerring-sales.dk\/\",\"name\":\"Bjerring-Sales\",\"description\":\"M\u00f6bler f\u00f6r teatrar, skolor, kontor och k\u00f6pcentrum\",\"publisher\":{\"@id\":\"https:\/\/shop.bjerring-sales.dk\/#organization\"},\"potentialAction\":[{\"@type\":\"SearchAction\",\"target\":{\"@type\":\"EntryPoint\",\"urlTemplate\":\"https:\/\/shop.bjerring-sales.dk\/?s={search_term_string}\"},\"query-input\":{\"@type\":\"PropertyValueSpecification\",\"valueRequired\":true,\"valueName\":\"search_term_string\"}}],\"inLanguage\":\"en-GB\"},{\"@type\":\"Organization\",\"@id\":\"https:\/\/shop.bjerring-sales.dk\/#organization\",\"name\":\"Bjerring-Sales\",\"url\":\"https:\/\/shop.bjerring-sales.dk\/\",\"logo\":{\"@type\":\"ImageObject\",\"inLanguage\":\"en-GB\",\"@id\":\"https:\/\/shop.bjerring-sales.dk\/#\/schema\/logo\/image\/\",\"url\":\"https:\/\/shop.bjerring-sales.dk\/wp-content\/uploads\/2023\/01\/logo_sv.png\",\"contentUrl\":\"https:\/\/shop.bjerring-sales.dk\/wp-content\/uploads\/2023\/01\/logo_sv.png\",\"width\":195,\"height\":68,\"caption\":\"Bjerring-Sales\"},\"image\":{\"@id\":\"https:\/\/shop.bjerring-sales.dk\/#\/schema\/logo\/image\/\"}}]}<\/script>\n<!-- \/ Yoast SEO plugin. -->","yoast_head_json":{"title":"Premium - Height-adjustable tables with 2 motors - Bjerring-Sales","description":"The Up &amp; Down Premium height-adjustable desk is a desk that is powered by 2 motors. An ergonomic and varied working position is healthy for both body and mind.","robots":{"index":"index","follow":"follow","max-snippet":"max-snippet:-1","max-image-preview":"max-image-preview:large","max-video-preview":"max-video-preview:-1"},"canonical":"https:\/\/shop.bjerring-sales.dk\/en\/product\/premium-bord-med-2-motorer\/","og_locale":"en_GB","og_type":"article","og_title":"Up & Down Premium - H\u00f6j & s\u00e4nkbart skrivbord med dubbla motorer","og_description":"Det h\u00f6j och s\u00e4nkbara skrivbordet Up & Down Premium \u00e4r ett skrivbord som drivs med 2 motorer. En ergonomisk och varierad arbetsst\u00e4llning \u00e4r h\u00e4lsosamt f\u00f6r b\u00e5de kropp & knopp.","og_url":"https:\/\/shop.bjerring-sales.dk\/en\/product\/premium-bord-med-2-motorer\/","og_site_name":"Bjerring-Sales","article_modified_time":"2026-03-30T08:21:57+00:00","og_image":[{"width":800,"height":550,"url":"https:\/\/shop.bjerring-sales.dk\/wp-content\/uploads\/2022\/06\/8.jpg","type":"image\/jpeg"}],"twitter_card":"summary_large_image","twitter_title":"Up & Down Premium - H\u00f6j & s\u00e4nkbart skrivbord med dubbla motorer","twitter_description":"Det h\u00f6j och s\u00e4nkbara skrivbordet Up & Down Premium \u00e4r ett skrivbord som drivs med 2 motorer. En ergonomisk och varierad arbetsst\u00e4llning \u00e4r h\u00e4lsosamt f\u00f6r b\u00e5de kropp & knopp.","twitter_image":"https:\/\/shop.bjerring-sales.dk\/wp-content\/uploads\/2022\/06\/8.jpg","twitter_misc":{"Estimated reading time":"3 minutes"},"schema":{"@context":"https:\/\/schema.org","@graph":[{"@type":"WebPage","@id":"https:\/\/shop.bjerring-sales.dk\/product\/premium-bord-med-2-motorer\/","url":"https:\/\/shop.bjerring-sales.dk\/product\/premium-bord-med-2-motorer\/","name":"Premium - Height-adjustable tables with 2 motors - Bjerring-Sales","isPartOf":{"@id":"https:\/\/shop.bjerring-sales.dk\/#website"},"primaryImageOfPage":{"@id":"https:\/\/shop.bjerring-sales.dk\/product\/premium-bord-med-2-motorer\/#primaryimage"},"image":{"@id":"https:\/\/shop.bjerring-sales.dk\/product\/premium-bord-med-2-motorer\/#primaryimage"},"thumbnailUrl":"https:\/\/shop.bjerring-sales.dk\/wp-content\/uploads\/2024\/09\/180x80_WhiteLegs_WoodTop1.jpg","datePublished":"2022-06-22T14:13:50+00:00","dateModified":"2026-03-30T08:21:57+00:00","description":"The Up &amp; Down Premium height-adjustable desk is a desk that is powered by 2 motors. An ergonomic and varied working position is healthy for both body and mind.","breadcrumb":{"@id":"https:\/\/shop.bjerring-sales.dk\/product\/premium-bord-med-2-motorer\/#breadcrumb"},"inLanguage":"en-GB","potentialAction":[{"@type":"ReadAction","target":["https:\/\/shop.bjerring-sales.dk\/product\/premium-bord-med-2-motorer\/"]}]},{"@type":"ImageObject","inLanguage":"en-GB","@id":"https:\/\/shop.bjerring-sales.dk\/product\/premium-bord-med-2-motorer\/#primaryimage","url":"https:\/\/shop.bjerring-sales.dk\/wp-content\/uploads\/2024\/09\/180x80_WhiteLegs_WoodTop1.jpg","contentUrl":"https:\/\/shop.bjerring-sales.dk\/wp-content\/uploads\/2024\/09\/180x80_WhiteLegs_WoodTop1.jpg","width":800,"height":800},{"@type":"BreadcrumbList","@id":"https:\/\/shop.bjerring-sales.dk\/product\/premium-bord-med-2-motorer\/#breadcrumb","itemListElement":[{"@type":"ListItem","position":1,"name":"Hem","item":"https:\/\/shop.bjerring-sales.dk\/"},{"@type":"ListItem","position":2,"name":"Webbutik","item":"https:\/\/shop.bjerring-sales.dk\/butik\/"},{"@type":"ListItem","position":3,"name":"Premium &#8211; H\u00f6j &amp; s\u00e4nkbara bord med 2 motorer"}]},{"@type":"WebSite","@id":"https:\/\/shop.bjerring-sales.dk\/#website","url":"https:\/\/shop.bjerring-sales.dk\/","name":"Bjerring Sales","description":"Furniture for theatres, schools, offices and shopping centres","publisher":{"@id":"https:\/\/shop.bjerring-sales.dk\/#organization"},"potentialAction":[{"@type":"SearchAction","target":{"@type":"EntryPoint","urlTemplate":"https:\/\/shop.bjerring-sales.dk\/?s={search_term_string}"},"query-input":{"@type":"PropertyValueSpecification","valueRequired":true,"valueName":"search_term_string"}}],"inLanguage":"en-GB"},{"@type":"Organization","@id":"https:\/\/shop.bjerring-sales.dk\/#organization","name":"Bjerring Sales","url":"https:\/\/shop.bjerring-sales.dk\/","logo":{"@type":"ImageObject","inLanguage":"en-GB","@id":"https:\/\/shop.bjerring-sales.dk\/#\/schema\/logo\/image\/","url":"https:\/\/shop.bjerring-sales.dk\/wp-content\/uploads\/2023\/01\/logo_sv.png","contentUrl":"https:\/\/shop.bjerring-sales.dk\/wp-content\/uploads\/2023\/01\/logo_sv.png","width":195,"height":68,"caption":"Bjerring-Sales"},"image":{"@id":"https:\/\/shop.bjerring-sales.dk\/#\/schema\/logo\/image\/"}}]}},"_links":{"self":[{"href":"https:\/\/shop.bjerring-sales.dk\/en\/wp-json\/wp\/v2\/product\/75871","targetHints":{"allow":["GET"]}}],"collection":[{"href":"https:\/\/shop.bjerring-sales.dk\/en\/wp-json\/wp\/v2\/product"}],"about":[{"href":"https:\/\/shop.bjerring-sales.dk\/en\/wp-json\/wp\/v2\/types\/product"}],"wp:featuredmedia":[{"embeddable":true,"href":"https:\/\/shop.bjerring-sales.dk\/en\/wp-json\/wp\/v2\/media\/98147"}],"wp:attachment":[{"href":"https:\/\/shop.bjerring-sales.dk\/en\/wp-json\/wp\/v2\/media?parent=75871"}],"wp:term":[{"taxonomy":"product_brand","embeddable":true,"href":"https:\/\/shop.bjerring-sales.dk\/en\/wp-json\/wp\/v2\/product_brand?post=75871"},{"taxonomy":"product_cat","embeddable":true,"href":"https:\/\/shop.bjerring-sales.dk\/en\/wp-json\/wp\/v2\/product_cat?post=75871"},{"taxonomy":"product_tag","embeddable":true,"href":"https:\/\/shop.bjerring-sales.dk\/en\/wp-json\/wp\/v2\/product_tag?post=75871"}],"curies":[{"name":"wp","href":"https:\/\/api.w.org\/{rel}","templated":true}]}}