{"id":75735,"date":"2023-01-18T08:00:54","date_gmt":"2023-01-18T07:00:54","guid":{"rendered":"https:\/\/pule.se\/?post_type=product&#038;p=75735"},"modified":"2026-01-12T14:25:46","modified_gmt":"2026-01-12T13:25:46","slug":"stolsdyna-lovisa","status":"publish","type":"product","link":"https:\/\/shop.bjerring-sales.dk\/en\/product\/stolsdyna-lovisa\/","title":{"rendered":"Chair cushion Lovisa"},"content":{"rendered":"<div class=\"wpb-content-wrapper\"><div class=\"vc_row wpb_row vc_row-fluid\"><div class=\"wpb_column vc_column_container vc_col-sm-12\"><div class=\"vc_column-inner\"><div class=\"wpb_wrapper\">\n\t<div class=\"wpb_text_column wpb_content_element\" >\n\t\t<div class=\"wpb_wrapper\">\n\t\t\t<p><span style=\"font-size: 24pt\">Chair cushion for the stackable Lovisa chair<br \/>\n<\/span>A comfortable chair cushion that works well at weddings, parties, events and other types of events where the participants have to sit for a long time. Fits perfectly with the stackable chair Lovisa.<\/p>\n\n\t\t<\/div>\n\t<\/div>\n<\/div><\/div><\/div><\/div><div class=\"vc_row wpb_row vc_row-fluid\"><div class=\"wpb_column vc_column_container vc_col-sm-12\"><div class=\"vc_column-inner\"><div class=\"wpb_wrapper\"><div class=\"vc_separator wpb_content_element vc_separator_align_center vc_sep_width_100 vc_sep_pos_align_center vc_separator_no_text vc_sep_color_grey\" ><span class=\"vc_sep_holder vc_sep_holder_l\"><span class=\"vc_sep_line\"><\/span><\/span><span class=\"vc_sep_holder vc_sep_holder_r\"><span class=\"vc_sep_line\"><\/span><\/span>\n<\/div><\/div><\/div><\/div><\/div><div class=\"vc_row wpb_row vc_row-fluid\"><div class=\"wpb_column vc_column_container vc_col-sm-6\"><div class=\"vc_column-inner\"><div class=\"wpb_wrapper\">\n\t<div class=\"wpb_text_column wpb_content_element\" >\n\t\t<div class=\"wpb_wrapper\">\n\t\t\t<p><span style=\"font-size: 18pt\">Specifications<\/span><\/p>\n<ul>\n<li>The seat cushion is made of stretch with a cover made of 90% PES + 10% Lycra<\/li>\n<li>30 mm thick polyurethane foam cushion with a density of 32 kg\/m3<\/li>\n<li>Equipped with two velcro tabs to attach to the back leg of the chair<\/li>\n<li>Easy to put on\/take off<\/li>\n<\/ul>\n\n\t\t<\/div>\n\t<\/div>\n<\/div><\/div><\/div><div class=\"wpb_column vc_column_container vc_col-sm-6\"><div class=\"vc_column-inner\"><div class=\"wpb_wrapper\">\n\t<div class=\"wpb_text_column wpb_content_element\" >\n\t\t<div class=\"wpb_wrapper\">\n\t\t\t<p><span style=\"font-size: 18pt\">Measure<\/span><\/p>\n<ul>\n<li>Width: 40 cm<\/li>\n<li>Depth: 50 cm<\/li>\n<li>Height: 10 cm<\/li>\n<\/ul>\n\n\t\t<\/div>\n\t<\/div>\n<\/div><\/div><\/div><\/div>\n<\/div>","protected":false},"excerpt":{"rendered":"<p>A comfortable chair cushion that is great for weddings, receptions, events and other types of events where participants will be sitting for a long time. Perfect for the stackable Lovisa chair. This product is a made-to-order item, please contact customer service to order.<\/p>","protected":false},"featured_media":98898,"template":"","meta":{"iawp_total_views":3},"product_brand":[],"product_cat":[5803,5792],"product_tag":[6277,6278],"class_list":{"0":"post-75735","1":"product","2":"type-product","3":"status-publish","4":"has-post-thumbnail","6":"product_cat-dukar-textilier","7":"product_cat-tillbehor-stolar","8":"product_tag-dyna-till-stol","9":"product_tag-stolsdyna-lovisa","11":"first","12":"outofstock","13":"taxable","14":"shipping-taxable","15":"product-type-simple"},"yoast_head":"<!-- This site is optimized with the Yoast SEO plugin v27.0 - https:\/\/yoast.com\/product\/yoast-seo-wordpress\/ -->\n<title>Stolsdyna Lovisa - Bjerring-Sales<\/title>\n<meta name=\"description\" content=\"En bekv\u00e4m stolsdyna som g\u00f6r sig bra vid br\u00f6llop, bjudningar, event och andra typer av evenemang d\u00e4r deltagarna skall sitta en l\u00e4ngre stund. Passar perfekt till den stapelbara stolen Lovisa.\" \/>\n<meta name=\"robots\" content=\"index, follow, max-snippet:-1, max-image-preview:large, max-video-preview:-1\" \/>\n<link rel=\"canonical\" href=\"https:\/\/shop.bjerring-sales.dk\/en\/product\/stolsdyna-lovisa\/\" \/>\n<meta property=\"og:locale\" content=\"en_GB\" \/>\n<meta property=\"og:type\" content=\"article\" \/>\n<meta property=\"og:title\" content=\"Stolsdyna till den stapelbara Lovisa stolen\" \/>\n<meta property=\"og:description\" content=\"En bekv\u00e4m stolsdyna som g\u00f6r sig bra vid br\u00f6llop, bjudningar, event och andra typer av evenemang d\u00e4r deltagarna skall sitta en l\u00e4ngre stund. Passar perfekt till den stapelbara stolen Lovisa.\" \/>\n<meta property=\"og:url\" content=\"https:\/\/shop.bjerring-sales.dk\/en\/product\/stolsdyna-lovisa\/\" \/>\n<meta property=\"og:site_name\" content=\"Bjerring-Sales\" \/>\n<meta property=\"article:modified_time\" content=\"2026-01-12T13:25:46+00:00\" \/>\n<meta property=\"og:image\" content=\"https:\/\/shop.bjerring-sales.dk\/wp-content\/uploads\/2022\/04\/Stolsdyna_Lovisa_3.jpg\" \/>\n\t<meta property=\"og:image:width\" content=\"800\" \/>\n\t<meta property=\"og:image:height\" content=\"800\" \/>\n\t<meta property=\"og:image:type\" content=\"image\/jpeg\" \/>\n<meta name=\"twitter:card\" content=\"summary_large_image\" \/>\n<meta name=\"twitter:title\" content=\"Stolsdyna till den stapelbara Lovisa stolen\" \/>\n<meta name=\"twitter:description\" content=\"En bekv\u00e4m stolsdyna som g\u00f6r sig bra vid br\u00f6llop, bjudningar, event och andra typer av evenemang d\u00e4r deltagarna skall sitta en l\u00e4ngre stund. Passar perfekt till den stapelbara stolen Lovisa.\" \/>\n<meta name=\"twitter:image\" content=\"https:\/\/shop.bjerring-sales.dk\/wp-content\/uploads\/2022\/04\/Stolsdyna_Lovisa_3.jpg\" \/>\n<meta name=\"twitter:label1\" content=\"Estimated reading time\" \/>\n\t<meta name=\"twitter:data1\" content=\"1 minute\" \/>\n<script type=\"application\/ld+json\" class=\"yoast-schema-graph\">{\"@context\":\"https:\/\/schema.org\",\"@graph\":[{\"@type\":\"WebPage\",\"@id\":\"https:\/\/shop.bjerring-sales.dk\/sv\/produkt\/stolsdyna-lovisa\/\",\"url\":\"https:\/\/shop.bjerring-sales.dk\/sv\/produkt\/stolsdyna-lovisa\/\",\"name\":\"Stolsdyna Lovisa - Bjerring-Sales\",\"isPartOf\":{\"@id\":\"https:\/\/shop.bjerring-sales.dk\/#website\"},\"primaryImageOfPage\":{\"@id\":\"https:\/\/shop.bjerring-sales.dk\/sv\/produkt\/stolsdyna-lovisa\/#primaryimage\"},\"image\":{\"@id\":\"https:\/\/shop.bjerring-sales.dk\/sv\/produkt\/stolsdyna-lovisa\/#primaryimage\"},\"thumbnailUrl\":\"https:\/\/shop.bjerring-sales.dk\/wp-content\/uploads\/2024\/10\/Stolsdyna_Lovisa_3.jpg\",\"datePublished\":\"2023-01-18T07:00:54+00:00\",\"dateModified\":\"2026-01-12T13:25:46+00:00\",\"description\":\"En bekv\u00e4m stolsdyna som g\u00f6r sig bra vid br\u00f6llop, bjudningar, event och andra typer av evenemang d\u00e4r deltagarna skall sitta en l\u00e4ngre stund. Passar perfekt till den stapelbara stolen Lovisa.\",\"breadcrumb\":{\"@id\":\"https:\/\/shop.bjerring-sales.dk\/sv\/produkt\/stolsdyna-lovisa\/#breadcrumb\"},\"inLanguage\":\"en-GB\",\"potentialAction\":[{\"@type\":\"ReadAction\",\"target\":[\"https:\/\/shop.bjerring-sales.dk\/sv\/produkt\/stolsdyna-lovisa\/\"]}]},{\"@type\":\"ImageObject\",\"inLanguage\":\"en-GB\",\"@id\":\"https:\/\/shop.bjerring-sales.dk\/sv\/produkt\/stolsdyna-lovisa\/#primaryimage\",\"url\":\"https:\/\/shop.bjerring-sales.dk\/wp-content\/uploads\/2024\/10\/Stolsdyna_Lovisa_3.jpg\",\"contentUrl\":\"https:\/\/shop.bjerring-sales.dk\/wp-content\/uploads\/2024\/10\/Stolsdyna_Lovisa_3.jpg\",\"width\":800,\"height\":800},{\"@type\":\"BreadcrumbList\",\"@id\":\"https:\/\/shop.bjerring-sales.dk\/sv\/produkt\/stolsdyna-lovisa\/#breadcrumb\",\"itemListElement\":[{\"@type\":\"ListItem\",\"position\":1,\"name\":\"Hem\",\"item\":\"https:\/\/shop.bjerring-sales.dk\/\"},{\"@type\":\"ListItem\",\"position\":2,\"name\":\"Webbutik\",\"item\":\"https:\/\/shop.bjerring-sales.dk\/butik\/\"},{\"@type\":\"ListItem\",\"position\":3,\"name\":\"Stolsdyna Lovisa\"}]},{\"@type\":\"WebSite\",\"@id\":\"https:\/\/shop.bjerring-sales.dk\/#website\",\"url\":\"https:\/\/shop.bjerring-sales.dk\/\",\"name\":\"Bjerring-Sales\",\"description\":\"M\u00f6bler f\u00f6r teatrar, skolor, kontor och k\u00f6pcentrum\",\"publisher\":{\"@id\":\"https:\/\/shop.bjerring-sales.dk\/#organization\"},\"potentialAction\":[{\"@type\":\"SearchAction\",\"target\":{\"@type\":\"EntryPoint\",\"urlTemplate\":\"https:\/\/shop.bjerring-sales.dk\/?s={search_term_string}\"},\"query-input\":{\"@type\":\"PropertyValueSpecification\",\"valueRequired\":true,\"valueName\":\"search_term_string\"}}],\"inLanguage\":\"en-GB\"},{\"@type\":\"Organization\",\"@id\":\"https:\/\/shop.bjerring-sales.dk\/#organization\",\"name\":\"Bjerring-Sales\",\"url\":\"https:\/\/shop.bjerring-sales.dk\/\",\"logo\":{\"@type\":\"ImageObject\",\"inLanguage\":\"en-GB\",\"@id\":\"https:\/\/shop.bjerring-sales.dk\/#\/schema\/logo\/image\/\",\"url\":\"https:\/\/shop.bjerring-sales.dk\/wp-content\/uploads\/2023\/01\/logo_sv.png\",\"contentUrl\":\"https:\/\/shop.bjerring-sales.dk\/wp-content\/uploads\/2023\/01\/logo_sv.png\",\"width\":195,\"height\":68,\"caption\":\"Bjerring-Sales\"},\"image\":{\"@id\":\"https:\/\/shop.bjerring-sales.dk\/#\/schema\/logo\/image\/\"}}]}<\/script>\n<!-- \/ Yoast SEO plugin. -->","yoast_head_json":{"title":"Stolsdyna Lovisa - Bjerring-Sales","description":"A comfortable chair cushion that works well at weddings, parties, events and other types of events where the participants have to sit for a long time. Fits perfectly with the stackable chair Lovisa.","robots":{"index":"index","follow":"follow","max-snippet":"max-snippet:-1","max-image-preview":"max-image-preview:large","max-video-preview":"max-video-preview:-1"},"canonical":"https:\/\/shop.bjerring-sales.dk\/en\/product\/stolsdyna-lovisa\/","og_locale":"en_GB","og_type":"article","og_title":"Stolsdyna till den stapelbara Lovisa stolen","og_description":"En bekv\u00e4m stolsdyna som g\u00f6r sig bra vid br\u00f6llop, bjudningar, event och andra typer av evenemang d\u00e4r deltagarna skall sitta en l\u00e4ngre stund. Passar perfekt till den stapelbara stolen Lovisa.","og_url":"https:\/\/shop.bjerring-sales.dk\/en\/product\/stolsdyna-lovisa\/","og_site_name":"Bjerring-Sales","article_modified_time":"2026-01-12T13:25:46+00:00","og_image":[{"width":800,"height":800,"url":"https:\/\/shop.bjerring-sales.dk\/wp-content\/uploads\/2022\/04\/Stolsdyna_Lovisa_3.jpg","type":"image\/jpeg"}],"twitter_card":"summary_large_image","twitter_title":"Stolsdyna till den stapelbara Lovisa stolen","twitter_description":"En bekv\u00e4m stolsdyna som g\u00f6r sig bra vid br\u00f6llop, bjudningar, event och andra typer av evenemang d\u00e4r deltagarna skall sitta en l\u00e4ngre stund. Passar perfekt till den stapelbara stolen Lovisa.","twitter_image":"https:\/\/shop.bjerring-sales.dk\/wp-content\/uploads\/2022\/04\/Stolsdyna_Lovisa_3.jpg","twitter_misc":{"Estimated reading time":"1 minute"},"schema":{"@context":"https:\/\/schema.org","@graph":[{"@type":"WebPage","@id":"https:\/\/shop.bjerring-sales.dk\/sv\/produkt\/stolsdyna-lovisa\/","url":"https:\/\/shop.bjerring-sales.dk\/sv\/produkt\/stolsdyna-lovisa\/","name":"Stolsdyna Lovisa - Bjerring-Sales","isPartOf":{"@id":"https:\/\/shop.bjerring-sales.dk\/#website"},"primaryImageOfPage":{"@id":"https:\/\/shop.bjerring-sales.dk\/sv\/produkt\/stolsdyna-lovisa\/#primaryimage"},"image":{"@id":"https:\/\/shop.bjerring-sales.dk\/sv\/produkt\/stolsdyna-lovisa\/#primaryimage"},"thumbnailUrl":"https:\/\/shop.bjerring-sales.dk\/wp-content\/uploads\/2024\/10\/Stolsdyna_Lovisa_3.jpg","datePublished":"2023-01-18T07:00:54+00:00","dateModified":"2026-01-12T13:25:46+00:00","description":"A comfortable chair cushion that works well at weddings, parties, events and other types of events where the participants have to sit for a long time. Fits perfectly with the stackable chair Lovisa.","breadcrumb":{"@id":"https:\/\/shop.bjerring-sales.dk\/sv\/produkt\/stolsdyna-lovisa\/#breadcrumb"},"inLanguage":"en-GB","potentialAction":[{"@type":"ReadAction","target":["https:\/\/shop.bjerring-sales.dk\/sv\/produkt\/stolsdyna-lovisa\/"]}]},{"@type":"ImageObject","inLanguage":"en-GB","@id":"https:\/\/shop.bjerring-sales.dk\/sv\/produkt\/stolsdyna-lovisa\/#primaryimage","url":"https:\/\/shop.bjerring-sales.dk\/wp-content\/uploads\/2024\/10\/Stolsdyna_Lovisa_3.jpg","contentUrl":"https:\/\/shop.bjerring-sales.dk\/wp-content\/uploads\/2024\/10\/Stolsdyna_Lovisa_3.jpg","width":800,"height":800},{"@type":"BreadcrumbList","@id":"https:\/\/shop.bjerring-sales.dk\/sv\/produkt\/stolsdyna-lovisa\/#breadcrumb","itemListElement":[{"@type":"ListItem","position":1,"name":"Hem","item":"https:\/\/shop.bjerring-sales.dk\/"},{"@type":"ListItem","position":2,"name":"Webbutik","item":"https:\/\/shop.bjerring-sales.dk\/butik\/"},{"@type":"ListItem","position":3,"name":"Stolsdyna Lovisa"}]},{"@type":"WebSite","@id":"https:\/\/shop.bjerring-sales.dk\/#website","url":"https:\/\/shop.bjerring-sales.dk\/","name":"Bjerring Sales","description":"Furniture for theatres, schools, offices and shopping centres","publisher":{"@id":"https:\/\/shop.bjerring-sales.dk\/#organization"},"potentialAction":[{"@type":"SearchAction","target":{"@type":"EntryPoint","urlTemplate":"https:\/\/shop.bjerring-sales.dk\/?s={search_term_string}"},"query-input":{"@type":"PropertyValueSpecification","valueRequired":true,"valueName":"search_term_string"}}],"inLanguage":"en-GB"},{"@type":"Organization","@id":"https:\/\/shop.bjerring-sales.dk\/#organization","name":"Bjerring Sales","url":"https:\/\/shop.bjerring-sales.dk\/","logo":{"@type":"ImageObject","inLanguage":"en-GB","@id":"https:\/\/shop.bjerring-sales.dk\/#\/schema\/logo\/image\/","url":"https:\/\/shop.bjerring-sales.dk\/wp-content\/uploads\/2023\/01\/logo_sv.png","contentUrl":"https:\/\/shop.bjerring-sales.dk\/wp-content\/uploads\/2023\/01\/logo_sv.png","width":195,"height":68,"caption":"Bjerring-Sales"},"image":{"@id":"https:\/\/shop.bjerring-sales.dk\/#\/schema\/logo\/image\/"}}]}},"_links":{"self":[{"href":"https:\/\/shop.bjerring-sales.dk\/en\/wp-json\/wp\/v2\/product\/75735","targetHints":{"allow":["GET"]}}],"collection":[{"href":"https:\/\/shop.bjerring-sales.dk\/en\/wp-json\/wp\/v2\/product"}],"about":[{"href":"https:\/\/shop.bjerring-sales.dk\/en\/wp-json\/wp\/v2\/types\/product"}],"wp:featuredmedia":[{"embeddable":true,"href":"https:\/\/shop.bjerring-sales.dk\/en\/wp-json\/wp\/v2\/media\/98898"}],"wp:attachment":[{"href":"https:\/\/shop.bjerring-sales.dk\/en\/wp-json\/wp\/v2\/media?parent=75735"}],"wp:term":[{"taxonomy":"product_brand","embeddable":true,"href":"https:\/\/shop.bjerring-sales.dk\/en\/wp-json\/wp\/v2\/product_brand?post=75735"},{"taxonomy":"product_cat","embeddable":true,"href":"https:\/\/shop.bjerring-sales.dk\/en\/wp-json\/wp\/v2\/product_cat?post=75735"},{"taxonomy":"product_tag","embeddable":true,"href":"https:\/\/shop.bjerring-sales.dk\/en\/wp-json\/wp\/v2\/product_tag?post=75735"}],"curies":[{"name":"wp","href":"https:\/\/api.w.org\/{rel}","templated":true}]}}