{"id":75721,"date":"2022-04-05T16:38:14","date_gmt":"2022-04-05T14:38:14","guid":{"rendered":"https:\/\/pule.se\/?post_type=product&#038;p=75721"},"modified":"2024-10-09T21:51:08","modified_gmt":"2024-10-09T19:51:08","slug":"alice","status":"publish","type":"product","link":"https:\/\/shop.bjerring-sales.dk\/en\/product\/alice\/","title":{"rendered":"Alice \u2013 A classic conference chair"},"content":{"rendered":"<div class=\"wpb-content-wrapper\"><div class=\"vc_row wpb_row vc_row-fluid\"><div class=\"wpb_column vc_column_container vc_col-sm-12\"><div class=\"vc_column-inner\"><div class=\"wpb_wrapper\">\n\t<div class=\"wpb_text_column wpb_content_element\" >\n\t\t<div class=\"wpb_wrapper\">\n\t\t\t<p><span style=\"font-size: 18pt\">Alice \u2013 A stackable chair with a rounded backrest<br \/>\n<\/span>Alice is a comfortable stackable conference chair with a rounded backrest. It is a comfortable chair that you like to sit on for long periods of time.<\/p>\n\n\t\t<\/div>\n\t<\/div>\n<\/div><\/div><\/div><\/div><div class=\"vc_row wpb_row vc_row-fluid\"><div class=\"wpb_column vc_column_container vc_col-sm-6\"><div class=\"vc_column-inner\"><div class=\"wpb_wrapper\">\n\t<div  class=\"wpb_single_image wpb_content_element vc_align_center\">\n\t\t\n\t\t<figure class=\"wpb_wrapper vc_figure\">\n\t\t\t<div class=\"vc_single_image-wrapper vc_box_shadow_border  vc_box_border_grey\"><img loading=\"lazy\" decoding=\"async\" width=\"768\" height=\"528\" src=\"https:\/\/shop.bjerring-sales.dk\/wp-content\/uploads\/2022\/04\/Alice_stol_event_800x550-768x528-1.webp\" class=\"vc_single_image-img attachment-full\" alt=\"\" title=\"Alice_stol_event_800x550-768x528\" srcset=\"https:\/\/shop.bjerring-sales.dk\/wp-content\/uploads\/2022\/04\/Alice_stol_event_800x550-768x528-1.webp 768w, https:\/\/shop.bjerring-sales.dk\/wp-content\/uploads\/2022\/04\/Alice_stol_event_800x550-768x528-1-150x103.webp 150w, https:\/\/shop.bjerring-sales.dk\/wp-content\/uploads\/2022\/04\/Alice_stol_event_800x550-768x528-1-600x413.webp 600w, https:\/\/shop.bjerring-sales.dk\/wp-content\/uploads\/2022\/04\/Alice_stol_event_800x550-768x528-1-300x206.webp 300w\" sizes=\"auto, (max-width: 768px) 100vw, 768px\" \/><\/div>\n\t\t<\/figure>\n\t<\/div>\n<\/div><\/div><\/div><div class=\"wpb_column vc_column_container vc_col-sm-6\"><div class=\"vc_column-inner\"><div class=\"wpb_wrapper\">\n\t<div  class=\"wpb_single_image wpb_content_element vc_align_center\">\n\t\t\n\t\t<figure class=\"wpb_wrapper vc_figure\">\n\t\t\t<div class=\"vc_single_image-wrapper vc_box_shadow_border  vc_box_border_grey\"><img loading=\"lazy\" decoding=\"async\" width=\"768\" height=\"528\" src=\"https:\/\/shop.bjerring-sales.dk\/wp-content\/uploads\/2022\/04\/Alice_miljo_800x550-768x528-1.webp\" class=\"vc_single_image-img attachment-full\" alt=\"\" title=\"Alice_environment_800x550-768x528\" srcset=\"https:\/\/shop.bjerring-sales.dk\/wp-content\/uploads\/2022\/04\/Alice_miljo_800x550-768x528-1.webp 768w, https:\/\/shop.bjerring-sales.dk\/wp-content\/uploads\/2022\/04\/Alice_miljo_800x550-768x528-1-150x103.webp 150w, https:\/\/shop.bjerring-sales.dk\/wp-content\/uploads\/2022\/04\/Alice_miljo_800x550-768x528-1-600x413.webp 600w, https:\/\/shop.bjerring-sales.dk\/wp-content\/uploads\/2022\/04\/Alice_miljo_800x550-768x528-1-300x206.webp 300w\" sizes=\"auto, (max-width: 768px) 100vw, 768px\" \/><\/div>\n\t\t<\/figure>\n\t<\/div>\n<\/div><\/div><\/div><\/div><div class=\"vc_row wpb_row vc_row-fluid\"><div class=\"wpb_column vc_column_container vc_col-sm-6\"><div class=\"vc_column-inner\"><div class=\"wpb_wrapper\">\n\t<div class=\"wpb_text_column wpb_content_element\" >\n\t\t<div class=\"wpb_wrapper\">\n\t\t\t<p><span style=\"font-size: 18pt\">Area of use<br \/>\n<\/span>Alice is a stackable chair, which makes it suitable for conferences, training, events and fairs where comfort and simplicity are high demands. We have coupling fittings in the range that you easily attach to the chair to be able to connect with more chairs.<\/p>\n<p><span style=\"font-size: 18pt\">Colors<br \/>\n<\/span>Seat and back are covered in black fabric or black vinyl. The stand is powder coated in black or silver grey.<\/p>\n<p><span style=\"font-size: 18pt\">Specifications<\/span><\/p>\n<ul>\n<li>Stackable, stacks up (number of chairs depends on who is stacking)<\/li>\n<li>Molded seat<\/li>\n<li>Seat and back are covered in fabric or vinyl<\/li>\n<li>The stand is a powder-coated steel stand<\/li>\n<li>Square tube 20*20 mm<\/li>\n<li>Chair covers are available<\/li>\n<li>Rec. max. load: 180 kg<\/li>\n<\/ul>\n<p><span style=\"font-size: 18pt\">Measure<\/span><\/p>\n<ul>\n<li>Height: 915 mm<\/li>\n<li>Width: 435 mm<\/li>\n<li>Depth: 565 mm<\/li>\n<li>Seat height: 460 mm<\/li>\n<li>Seat width: 390 mm<\/li>\n<li>Seat depth: 400 mm<\/li>\n<\/ul>\n\n\t\t<\/div>\n\t<\/div>\n<\/div><\/div><\/div><div class=\"wpb_column vc_column_container vc_col-sm-6\"><div class=\"vc_column-inner\"><div class=\"wpb_wrapper\">\n\t<div class=\"wpb_text_column wpb_content_element\" >\n\t\t<div class=\"wpb_wrapper\">\n\t\t\t<p><span style=\"font-size: 18pt\">Weight<\/span><\/p>\n<ul>\n<li>6 kg<\/li>\n<\/ul>\n<p><span style=\"font-size: 18pt\">MOQ<\/span><\/p>\n<ul>\n<li>1 pc when ordering a color that is part of our standard range<\/li>\n<li>80 pcs of the same color when ordering a color that is not part of our standard range.<\/li>\n<\/ul>\n<p><span style=\"font-size: 18pt\">Guarantee<br \/>\n<\/span>2 year warranty<\/p>\n\n\t\t<\/div>\n\t<\/div>\n<\/div><\/div><\/div><\/div>\n<\/div>","protected":false},"excerpt":{"rendered":"<p>Alice is a stackable chair, which makes it suitable for conferences, training, events and fairs where comfort and simplicity are high demands. We have coupling fittings in the range that you easily attach to the chair to be able to connect with more chairs.<\/p>","protected":false},"featured_media":98935,"template":"","meta":{"iawp_total_views":4},"product_brand":[],"product_cat":[5825,5848],"product_tag":[5849,5850,6043,6164,6274],"class_list":{"0":"post-75721","1":"product","2":"type-product","3":"status-publish","4":"has-post-thumbnail","6":"product_cat-stapelbara-stolar","7":"product_cat-kladda-stolar","8":"product_tag-konferensstol","9":"product_tag-stapelbar-stol","10":"product_tag-tygkladd-stol","11":"product_tag-event-stol","12":"product_tag-stol-med-rundat-ryggstod","14":"first","15":"instock","16":"taxable","17":"shipping-taxable","18":"product-type-variable"},"yoast_head":"<!-- This site is optimized with the Yoast SEO plugin v27.0 - https:\/\/yoast.com\/product\/yoast-seo-wordpress\/ -->\n<title>Alice - En klassisk konferensstol - Bjerring-Sales<\/title>\n<meta name=\"description\" content=\"Alice \u00e4r en stapelbar stol vilket g\u00f6r att den passar bra till konferens, utbildning, event och m\u00e4ssa d\u00e4r krav p\u00e5 komfort och enkelhet \u00e4r h\u00f6g.\" \/>\n<meta name=\"robots\" content=\"index, follow, max-snippet:-1, max-image-preview:large, max-video-preview:-1\" \/>\n<link rel=\"canonical\" href=\"https:\/\/shop.bjerring-sales.dk\/en\/product\/alice\/\" \/>\n<meta property=\"og:locale\" content=\"en_GB\" \/>\n<meta property=\"og:type\" content=\"article\" \/>\n<meta property=\"og:title\" content=\"Alice \u2013 En stapelbar stol med rundat ryggst\u00f6d\" \/>\n<meta property=\"og:description\" content=\"Alice \u00e4r en stapelbar stol vilket g\u00f6r att den passar bra till konferens, utbildning, event och m\u00e4ssa d\u00e4r krav p\u00e5 komfort och enkelhet \u00e4r h\u00f6g.\" \/>\n<meta property=\"og:url\" content=\"https:\/\/shop.bjerring-sales.dk\/en\/product\/alice\/\" \/>\n<meta property=\"og:site_name\" content=\"Bjerring-Sales\" \/>\n<meta property=\"article:modified_time\" content=\"2024-10-09T19:51:08+00:00\" \/>\n<meta property=\"og:image\" content=\"https:\/\/shop.bjerring-sales.dk\/wp-content\/uploads\/2022\/04\/alicesoc.jpg\" \/>\n\t<meta property=\"og:image:width\" content=\"768\" \/>\n\t<meta property=\"og:image:height\" content=\"528\" \/>\n\t<meta property=\"og:image:type\" content=\"image\/jpeg\" \/>\n<meta name=\"twitter:card\" content=\"summary_large_image\" \/>\n<meta name=\"twitter:title\" content=\"Alice \u2013 En stapelbar stol med rundat ryggst\u00f6d\" \/>\n<meta name=\"twitter:description\" content=\"Alice \u00e4r en stapelbar stol vilket g\u00f6r att den passar bra till konferens, utbildning, event och m\u00e4ssa d\u00e4r krav p\u00e5 komfort och enkelhet \u00e4r h\u00f6g.\" \/>\n<meta name=\"twitter:image\" content=\"https:\/\/shop.bjerring-sales.dk\/wp-content\/uploads\/2022\/04\/alicesoc.jpg\" \/>\n<meta name=\"twitter:label1\" content=\"Estimated reading time\" \/>\n\t<meta name=\"twitter:data1\" content=\"2 minutes\" \/>\n<script type=\"application\/ld+json\" class=\"yoast-schema-graph\">{\"@context\":\"https:\/\/schema.org\",\"@graph\":[{\"@type\":\"WebPage\",\"@id\":\"https:\/\/shop.bjerring-sales.dk\/sv\/produkt\/alice\/\",\"url\":\"https:\/\/shop.bjerring-sales.dk\/sv\/produkt\/alice\/\",\"name\":\"Alice - En klassisk konferensstol - Bjerring-Sales\",\"isPartOf\":{\"@id\":\"https:\/\/shop.bjerring-sales.dk\/#website\"},\"primaryImageOfPage\":{\"@id\":\"https:\/\/shop.bjerring-sales.dk\/sv\/produkt\/alice\/#primaryimage\"},\"image\":{\"@id\":\"https:\/\/shop.bjerring-sales.dk\/sv\/produkt\/alice\/#primaryimage\"},\"thumbnailUrl\":\"https:\/\/shop.bjerring-sales.dk\/wp-content\/uploads\/2024\/10\/Alice_svart_silvergra.jpg\",\"datePublished\":\"2022-04-05T14:38:14+00:00\",\"dateModified\":\"2024-10-09T19:51:08+00:00\",\"description\":\"Alice \u00e4r en stapelbar stol vilket g\u00f6r att den passar bra till konferens, utbildning, event och m\u00e4ssa d\u00e4r krav p\u00e5 komfort och enkelhet \u00e4r h\u00f6g.\",\"breadcrumb\":{\"@id\":\"https:\/\/shop.bjerring-sales.dk\/sv\/produkt\/alice\/#breadcrumb\"},\"inLanguage\":\"en-GB\",\"potentialAction\":[{\"@type\":\"ReadAction\",\"target\":[\"https:\/\/shop.bjerring-sales.dk\/sv\/produkt\/alice\/\"]}]},{\"@type\":\"ImageObject\",\"inLanguage\":\"en-GB\",\"@id\":\"https:\/\/shop.bjerring-sales.dk\/sv\/produkt\/alice\/#primaryimage\",\"url\":\"https:\/\/shop.bjerring-sales.dk\/wp-content\/uploads\/2024\/10\/Alice_svart_silvergra.jpg\",\"contentUrl\":\"https:\/\/shop.bjerring-sales.dk\/wp-content\/uploads\/2024\/10\/Alice_svart_silvergra.jpg\",\"width\":800,\"height\":800},{\"@type\":\"BreadcrumbList\",\"@id\":\"https:\/\/shop.bjerring-sales.dk\/sv\/produkt\/alice\/#breadcrumb\",\"itemListElement\":[{\"@type\":\"ListItem\",\"position\":1,\"name\":\"Hem\",\"item\":\"https:\/\/shop.bjerring-sales.dk\/\"},{\"@type\":\"ListItem\",\"position\":2,\"name\":\"Webbutik\",\"item\":\"https:\/\/shop.bjerring-sales.dk\/butik\/\"},{\"@type\":\"ListItem\",\"position\":3,\"name\":\"Alice &#8211; En klassisk konferensstol\"}]},{\"@type\":\"WebSite\",\"@id\":\"https:\/\/shop.bjerring-sales.dk\/#website\",\"url\":\"https:\/\/shop.bjerring-sales.dk\/\",\"name\":\"Bjerring-Sales\",\"description\":\"M\u00f6bler f\u00f6r teatrar, skolor, kontor och k\u00f6pcentrum\",\"publisher\":{\"@id\":\"https:\/\/shop.bjerring-sales.dk\/#organization\"},\"potentialAction\":[{\"@type\":\"SearchAction\",\"target\":{\"@type\":\"EntryPoint\",\"urlTemplate\":\"https:\/\/shop.bjerring-sales.dk\/?s={search_term_string}\"},\"query-input\":{\"@type\":\"PropertyValueSpecification\",\"valueRequired\":true,\"valueName\":\"search_term_string\"}}],\"inLanguage\":\"en-GB\"},{\"@type\":\"Organization\",\"@id\":\"https:\/\/shop.bjerring-sales.dk\/#organization\",\"name\":\"Bjerring-Sales\",\"url\":\"https:\/\/shop.bjerring-sales.dk\/\",\"logo\":{\"@type\":\"ImageObject\",\"inLanguage\":\"en-GB\",\"@id\":\"https:\/\/shop.bjerring-sales.dk\/#\/schema\/logo\/image\/\",\"url\":\"https:\/\/shop.bjerring-sales.dk\/wp-content\/uploads\/2023\/01\/logo_sv.png\",\"contentUrl\":\"https:\/\/shop.bjerring-sales.dk\/wp-content\/uploads\/2023\/01\/logo_sv.png\",\"width\":195,\"height\":68,\"caption\":\"Bjerring-Sales\"},\"image\":{\"@id\":\"https:\/\/shop.bjerring-sales.dk\/#\/schema\/logo\/image\/\"}}]}<\/script>\n<!-- \/ Yoast SEO plugin. -->","yoast_head_json":{"title":"Alice - En klassisk konferensstol - Bjerring-Sales","description":"Alice \u00e4r en stapelbar stol vilket g\u00f6r att den passar bra till konferens, utbildning, event och m\u00e4ssa d\u00e4r krav p\u00e5 komfort och enkelhet \u00e4r h\u00f6g.","robots":{"index":"index","follow":"follow","max-snippet":"max-snippet:-1","max-image-preview":"max-image-preview:large","max-video-preview":"max-video-preview:-1"},"canonical":"https:\/\/shop.bjerring-sales.dk\/en\/product\/alice\/","og_locale":"en_GB","og_type":"article","og_title":"Alice \u2013 En stapelbar stol med rundat ryggst\u00f6d","og_description":"Alice \u00e4r en stapelbar stol vilket g\u00f6r att den passar bra till konferens, utbildning, event och m\u00e4ssa d\u00e4r krav p\u00e5 komfort och enkelhet \u00e4r h\u00f6g.","og_url":"https:\/\/shop.bjerring-sales.dk\/en\/product\/alice\/","og_site_name":"Bjerring-Sales","article_modified_time":"2024-10-09T19:51:08+00:00","og_image":[{"width":768,"height":528,"url":"https:\/\/shop.bjerring-sales.dk\/wp-content\/uploads\/2022\/04\/alicesoc.jpg","type":"image\/jpeg"}],"twitter_card":"summary_large_image","twitter_title":"Alice \u2013 En stapelbar stol med rundat ryggst\u00f6d","twitter_description":"Alice \u00e4r en stapelbar stol vilket g\u00f6r att den passar bra till konferens, utbildning, event och m\u00e4ssa d\u00e4r krav p\u00e5 komfort och enkelhet \u00e4r h\u00f6g.","twitter_image":"https:\/\/shop.bjerring-sales.dk\/wp-content\/uploads\/2022\/04\/alicesoc.jpg","twitter_misc":{"Estimated reading time":"2 minutes"},"schema":{"@context":"https:\/\/schema.org","@graph":[{"@type":"WebPage","@id":"https:\/\/shop.bjerring-sales.dk\/sv\/produkt\/alice\/","url":"https:\/\/shop.bjerring-sales.dk\/sv\/produkt\/alice\/","name":"Alice - En klassisk konferensstol - Bjerring-Sales","isPartOf":{"@id":"https:\/\/shop.bjerring-sales.dk\/#website"},"primaryImageOfPage":{"@id":"https:\/\/shop.bjerring-sales.dk\/sv\/produkt\/alice\/#primaryimage"},"image":{"@id":"https:\/\/shop.bjerring-sales.dk\/sv\/produkt\/alice\/#primaryimage"},"thumbnailUrl":"https:\/\/shop.bjerring-sales.dk\/wp-content\/uploads\/2024\/10\/Alice_svart_silvergra.jpg","datePublished":"2022-04-05T14:38:14+00:00","dateModified":"2024-10-09T19:51:08+00:00","description":"Alice \u00e4r en stapelbar stol vilket g\u00f6r att den passar bra till konferens, utbildning, event och m\u00e4ssa d\u00e4r krav p\u00e5 komfort och enkelhet \u00e4r h\u00f6g.","breadcrumb":{"@id":"https:\/\/shop.bjerring-sales.dk\/sv\/produkt\/alice\/#breadcrumb"},"inLanguage":"en-GB","potentialAction":[{"@type":"ReadAction","target":["https:\/\/shop.bjerring-sales.dk\/sv\/produkt\/alice\/"]}]},{"@type":"ImageObject","inLanguage":"en-GB","@id":"https:\/\/shop.bjerring-sales.dk\/sv\/produkt\/alice\/#primaryimage","url":"https:\/\/shop.bjerring-sales.dk\/wp-content\/uploads\/2024\/10\/Alice_svart_silvergra.jpg","contentUrl":"https:\/\/shop.bjerring-sales.dk\/wp-content\/uploads\/2024\/10\/Alice_svart_silvergra.jpg","width":800,"height":800},{"@type":"BreadcrumbList","@id":"https:\/\/shop.bjerring-sales.dk\/sv\/produkt\/alice\/#breadcrumb","itemListElement":[{"@type":"ListItem","position":1,"name":"Hem","item":"https:\/\/shop.bjerring-sales.dk\/"},{"@type":"ListItem","position":2,"name":"Webbutik","item":"https:\/\/shop.bjerring-sales.dk\/butik\/"},{"@type":"ListItem","position":3,"name":"Alice &#8211; En klassisk konferensstol"}]},{"@type":"WebSite","@id":"https:\/\/shop.bjerring-sales.dk\/#website","url":"https:\/\/shop.bjerring-sales.dk\/","name":"Bjerring Sales","description":"Furniture for theatres, schools, offices and shopping centres","publisher":{"@id":"https:\/\/shop.bjerring-sales.dk\/#organization"},"potentialAction":[{"@type":"SearchAction","target":{"@type":"EntryPoint","urlTemplate":"https:\/\/shop.bjerring-sales.dk\/?s={search_term_string}"},"query-input":{"@type":"PropertyValueSpecification","valueRequired":true,"valueName":"search_term_string"}}],"inLanguage":"en-GB"},{"@type":"Organization","@id":"https:\/\/shop.bjerring-sales.dk\/#organization","name":"Bjerring Sales","url":"https:\/\/shop.bjerring-sales.dk\/","logo":{"@type":"ImageObject","inLanguage":"en-GB","@id":"https:\/\/shop.bjerring-sales.dk\/#\/schema\/logo\/image\/","url":"https:\/\/shop.bjerring-sales.dk\/wp-content\/uploads\/2023\/01\/logo_sv.png","contentUrl":"https:\/\/shop.bjerring-sales.dk\/wp-content\/uploads\/2023\/01\/logo_sv.png","width":195,"height":68,"caption":"Bjerring-Sales"},"image":{"@id":"https:\/\/shop.bjerring-sales.dk\/#\/schema\/logo\/image\/"}}]}},"_links":{"self":[{"href":"https:\/\/shop.bjerring-sales.dk\/en\/wp-json\/wp\/v2\/product\/75721","targetHints":{"allow":["GET"]}}],"collection":[{"href":"https:\/\/shop.bjerring-sales.dk\/en\/wp-json\/wp\/v2\/product"}],"about":[{"href":"https:\/\/shop.bjerring-sales.dk\/en\/wp-json\/wp\/v2\/types\/product"}],"wp:featuredmedia":[{"embeddable":true,"href":"https:\/\/shop.bjerring-sales.dk\/en\/wp-json\/wp\/v2\/media\/98935"}],"wp:attachment":[{"href":"https:\/\/shop.bjerring-sales.dk\/en\/wp-json\/wp\/v2\/media?parent=75721"}],"wp:term":[{"taxonomy":"product_brand","embeddable":true,"href":"https:\/\/shop.bjerring-sales.dk\/en\/wp-json\/wp\/v2\/product_brand?post=75721"},{"taxonomy":"product_cat","embeddable":true,"href":"https:\/\/shop.bjerring-sales.dk\/en\/wp-json\/wp\/v2\/product_cat?post=75721"},{"taxonomy":"product_tag","embeddable":true,"href":"https:\/\/shop.bjerring-sales.dk\/en\/wp-json\/wp\/v2\/product_tag?post=75721"}],"curies":[{"name":"wp","href":"https:\/\/api.w.org\/{rel}","templated":true}]}}