{"id":75698,"date":"2022-03-29T21:47:20","date_gmt":"2022-03-29T19:47:20","guid":{"rendered":"https:\/\/pule.se\/?post_type=product&#038;p=75698"},"modified":"2026-04-16T16:06:25","modified_gmt":"2026-04-16T14:06:25","slug":"sky-folding-table-o60","status":"publish","type":"product","link":"https:\/\/shop.bjerring-sales.dk\/en\/product\/sky-folding-table-o60\/","title":{"rendered":"SKY Folding Table \u00d860"},"content":{"rendered":"<div class=\"wpb-content-wrapper\"><div class=\"vc_row wpb_row vc_row-fluid\"><div class=\"wpb_column vc_column_container vc_col-sm-12\"><div class=\"vc_column-inner\"><div class=\"wpb_wrapper\">\n\t<div class=\"wpb_text_column wpb_content_element\" >\n\t\t<div class=\"wpb_wrapper\">\n\t\t\t<p><span style=\"font-size: 24pt\">A modern, stylish table with a tilt function on the table top<br \/>\n<\/span>SKY Folding Table \u00d860 is a modern cafe table that works great for both indoor and outdoor use. The table is suitable both as a dining table on the balcony, in the garden, in restaurants and cafes.<\/p>\n\n\t\t<\/div>\n\t<\/div>\n<\/div><\/div><\/div><\/div><div class=\"vc_row wpb_row vc_row-fluid\"><div class=\"wpb_column vc_column_container vc_col-sm-4\"><div class=\"vc_column-inner\"><div class=\"wpb_wrapper\">\n\t<div  class=\"wpb_single_image wpb_content_element vc_align_center\">\n\t\t\n\t\t<figure class=\"wpb_wrapper vc_figure\">\n\t\t\t<div class=\"vc_single_image-wrapper vc_box_shadow_border  vc_box_border_grey\"><img loading=\"lazy\" decoding=\"async\" width=\"800\" height=\"550\" src=\"https:\/\/shop.bjerring-sales.dk\/wp-content\/uploads\/2022\/03\/Sky-_-O60_miljo6.webp\" class=\"vc_single_image-img attachment-full\" alt=\"\" title=\"Sky-_-O60_miljo6\" srcset=\"https:\/\/shop.bjerring-sales.dk\/wp-content\/uploads\/2022\/03\/Sky-_-O60_miljo6.webp 800w, https:\/\/shop.bjerring-sales.dk\/wp-content\/uploads\/2022\/03\/Sky-_-O60_miljo6-150x103.webp 150w, https:\/\/shop.bjerring-sales.dk\/wp-content\/uploads\/2022\/03\/Sky-_-O60_miljo6-600x413.webp 600w, https:\/\/shop.bjerring-sales.dk\/wp-content\/uploads\/2022\/03\/Sky-_-O60_miljo6-300x206.webp 300w, https:\/\/shop.bjerring-sales.dk\/wp-content\/uploads\/2022\/03\/Sky-_-O60_miljo6-768x528.webp 768w\" sizes=\"auto, (max-width: 800px) 100vw, 800px\" \/><\/div>\n\t\t<\/figure>\n\t<\/div>\n<\/div><\/div><\/div><div class=\"wpb_column vc_column_container vc_col-sm-4\"><div class=\"vc_column-inner\"><div class=\"wpb_wrapper\">\n\t<div  class=\"wpb_single_image wpb_content_element vc_align_center\">\n\t\t\n\t\t<figure class=\"wpb_wrapper vc_figure\">\n\t\t\t<div class=\"vc_single_image-wrapper vc_box_shadow_border  vc_box_border_grey\"><img loading=\"lazy\" decoding=\"async\" width=\"800\" height=\"550\" src=\"https:\/\/shop.bjerring-sales.dk\/wp-content\/uploads\/2022\/03\/Sky-_-O60_miljo5.webp\" class=\"vc_single_image-img attachment-full\" alt=\"\" title=\"Sky-_-O60_miljo5\" srcset=\"https:\/\/shop.bjerring-sales.dk\/wp-content\/uploads\/2022\/03\/Sky-_-O60_miljo5.webp 800w, https:\/\/shop.bjerring-sales.dk\/wp-content\/uploads\/2022\/03\/Sky-_-O60_miljo5-150x103.webp 150w, https:\/\/shop.bjerring-sales.dk\/wp-content\/uploads\/2022\/03\/Sky-_-O60_miljo5-600x413.webp 600w, https:\/\/shop.bjerring-sales.dk\/wp-content\/uploads\/2022\/03\/Sky-_-O60_miljo5-300x206.webp 300w, https:\/\/shop.bjerring-sales.dk\/wp-content\/uploads\/2022\/03\/Sky-_-O60_miljo5-768x528.webp 768w\" sizes=\"auto, (max-width: 800px) 100vw, 800px\" \/><\/div>\n\t\t<\/figure>\n\t<\/div>\n<\/div><\/div><\/div><div class=\"wpb_column vc_column_container vc_col-sm-4\"><div class=\"vc_column-inner\"><div class=\"wpb_wrapper\">\n\t<div  class=\"wpb_single_image wpb_content_element vc_align_center\">\n\t\t\n\t\t<figure class=\"wpb_wrapper vc_figure\">\n\t\t\t<div class=\"vc_single_image-wrapper vc_box_shadow_border  vc_box_border_grey\"><img loading=\"lazy\" decoding=\"async\" width=\"800\" height=\"550\" src=\"https:\/\/shop.bjerring-sales.dk\/wp-content\/uploads\/2022\/03\/Sky-_-O60_miljo4.webp\" class=\"vc_single_image-img attachment-full\" alt=\"\" title=\"Sky-_-O60_environment4\" srcset=\"https:\/\/shop.bjerring-sales.dk\/wp-content\/uploads\/2022\/03\/Sky-_-O60_miljo4.webp 800w, https:\/\/shop.bjerring-sales.dk\/wp-content\/uploads\/2022\/03\/Sky-_-O60_miljo4-150x103.webp 150w, https:\/\/shop.bjerring-sales.dk\/wp-content\/uploads\/2022\/03\/Sky-_-O60_miljo4-600x413.webp 600w, https:\/\/shop.bjerring-sales.dk\/wp-content\/uploads\/2022\/03\/Sky-_-O60_miljo4-300x206.webp 300w, https:\/\/shop.bjerring-sales.dk\/wp-content\/uploads\/2022\/03\/Sky-_-O60_miljo4-768x528.webp 768w\" sizes=\"auto, (max-width: 800px) 100vw, 800px\" \/><\/div>\n\t\t<\/figure>\n\t<\/div>\n<\/div><\/div><\/div><\/div><div class=\"vc_row wpb_row vc_row-fluid\"><div class=\"wpb_column vc_column_container vc_col-sm-6\"><div class=\"vc_column-inner\"><div class=\"wpb_wrapper\">\n\t<div class=\"wpb_text_column wpb_content_element\" >\n\t\t<div class=\"wpb_wrapper\">\n\t\t\t<p><span style=\"font-size: 18pt\">Design<br \/>\n<\/span>When the round SKY Folding Table was designed, simple, clean lines were used, which means that the table fits into most environments. The SKY table is made of Polypropylene which has been reinforced with fiberglass. The table has a foldable top and is designed to withstand the elements. The table also has removable legs, which makes it easy to store.<\/p>\n<p><span style=\"font-size: 18pt\">Colors<br \/>\n<\/span>SKY Folding Table \u00d860 is available in colors that include light and neutral tones. The table is stocked in black, white, dark grey, olive green and taupe.<\/p>\n<p><span style=\"font-size: 18pt\"><img loading=\"lazy\" decoding=\"async\" class=\"alignnone size-full wp-image-75755\" src=\"https:\/\/shop.bjerring-sales.dk\/wp-content\/uploads\/2022\/04\/MayaBar75_kulorer.webp\" alt=\"\" width=\"330\" height=\"78\" srcset=\"https:\/\/shop.bjerring-sales.dk\/wp-content\/uploads\/2022\/04\/MayaBar75_kulorer.webp 330w, https:\/\/shop.bjerring-sales.dk\/wp-content\/uploads\/2022\/04\/MayaBar75_kulorer-150x35.webp 150w, https:\/\/shop.bjerring-sales.dk\/wp-content\/uploads\/2022\/04\/MayaBar75_kulorer-300x71.webp 300w\" sizes=\"auto, (max-width: 330px) 100vw, 330px\" \/><\/span><\/p>\n<p><span style=\"font-size: 18pt\">Specifications<\/span><\/p>\n<ul>\n<li>Folding table top<\/li>\n<li>Simple and quick assembly\/disassembly<\/li>\n<li>Holds approx. 2-4 people<\/li>\n<li>Polypropylene reinforced with fiberglass<\/li>\n<li>Robust<\/li>\n<li>Suitable for both indoors and outdoors<\/li>\n<li>UV-resistant and water-repellent<\/li>\n<li>Made in Europe<\/li>\n<\/ul>\n<p><span style=\"font-size: 18pt\">Weight<br \/>\n<\/span>7.25 kg<\/p>\n<p><span style=\"font-size: 18pt\">Product sheet<\/span><br \/>\n<img loading=\"lazy\" decoding=\"async\" class=\"alignnone size-full wp-image-72653\" src=\"https:\/\/shop.bjerring-sales.dk\/wp-content\/uploads\/2021\/03\/PDF-doc-16.png\" alt=\"\" width=\"16\" height=\"16\" \/>\u00a0<a href=\"https:\/\/elj.se\/wp-content\/uploads\/2022\/03\/Sky_O60_produktblad.pdf\" target=\"_blank\" rel=\"noopener\">Open product sheet<\/a><\/p>\n<p><span style=\"font-size: 18pt\">Assembly instructions<\/span><br \/>\n<img loading=\"lazy\" decoding=\"async\" class=\"alignnone size-full wp-image-72653\" src=\"https:\/\/shop.bjerring-sales.dk\/wp-content\/uploads\/2021\/03\/PDF-doc-16.png\" alt=\"\" width=\"16\" height=\"16\" \/> <a href=\"https:\/\/elj.se\/wp-content\/uploads\/2022\/03\/Sky_O60_monteringsanvisning.pdf\" target=\"_blank\" rel=\"noopener\">Open assembly instructions<\/a><\/p>\n\n\t\t<\/div>\n\t<\/div>\n<\/div><\/div><\/div><div class=\"wpb_column vc_column_container vc_col-sm-6\"><div class=\"vc_column-inner\"><div class=\"wpb_wrapper\">\n\t<div class=\"wpb_text_column wpb_content_element\" >\n\t\t<div class=\"wpb_wrapper\">\n\t\t\t<p><span style=\"font-size: 18pt\">Measure<\/span><\/p>\n<ul>\n<li>Height: 74 cm<\/li>\n<li>Width: \u00d860 cm<\/li>\n<\/ul>\n<p><span style=\"font-size: 18pt\"><img loading=\"lazy\" decoding=\"async\" class=\"alignnone size-full wp-image-75784\" src=\"https:\/\/shop.bjerring-sales.dk\/wp-content\/uploads\/2022\/03\/Sky_O60_matt.webp\" alt=\"\" width=\"800\" height=\"550\" srcset=\"https:\/\/shop.bjerring-sales.dk\/wp-content\/uploads\/2022\/03\/Sky_O60_matt.webp 800w, https:\/\/shop.bjerring-sales.dk\/wp-content\/uploads\/2022\/03\/Sky_O60_matt-150x103.webp 150w, https:\/\/shop.bjerring-sales.dk\/wp-content\/uploads\/2022\/03\/Sky_O60_matt-600x413.webp 600w, https:\/\/shop.bjerring-sales.dk\/wp-content\/uploads\/2022\/03\/Sky_O60_matt-300x206.webp 300w, https:\/\/shop.bjerring-sales.dk\/wp-content\/uploads\/2022\/03\/Sky_O60_matt-768x528.webp 768w\" sizes=\"auto, (max-width: 800px) 100vw, 800px\" \/><\/span><\/p>\n<p><span style=\"font-size: 18pt\">Supplier\/Brand<br \/>\n<\/span>ISILPLAST, which is the owner of the SIESTA brand, was founded in 1978, it has been a leading player for over 40 years in the plastic injection molding segment. Creativity and technology, glamor and functionality, quality and innovation. This is the remarkable and unique set of factors, combined with a strategic vision that focuses not only on products but also on distribution, behind Siesta&#039;s success. Siesta is a world leader in the use of plastic and produces collections of chairs and tables, all designed to be multifunctional, versatile, user-friendly and with an undeniable style.<\/p>\n\n\t\t<\/div>\n\t<\/div>\n<\/div><\/div><\/div><\/div><div class=\"vc_row wpb_row vc_row-fluid\"><div class=\"wpb_column vc_column_container vc_col-sm-4\"><div class=\"vc_column-inner\"><div class=\"wpb_wrapper\">\n\t<div  class=\"wpb_single_image wpb_content_element vc_align_center\">\n\t\t\n\t\t<figure class=\"wpb_wrapper vc_figure\">\n\t\t\t<div class=\"vc_single_image-wrapper vc_box_shadow_border  vc_box_border_grey\"><img loading=\"lazy\" decoding=\"async\" width=\"800\" height=\"550\" src=\"https:\/\/shop.bjerring-sales.dk\/wp-content\/uploads\/2022\/03\/Sky-_-O60_miljo3.webp\" class=\"vc_single_image-img attachment-full\" alt=\"\" title=\"Sky-_-O60_miljo3\" srcset=\"https:\/\/shop.bjerring-sales.dk\/wp-content\/uploads\/2022\/03\/Sky-_-O60_miljo3.webp 800w, https:\/\/shop.bjerring-sales.dk\/wp-content\/uploads\/2022\/03\/Sky-_-O60_miljo3-150x103.webp 150w, https:\/\/shop.bjerring-sales.dk\/wp-content\/uploads\/2022\/03\/Sky-_-O60_miljo3-600x413.webp 600w, https:\/\/shop.bjerring-sales.dk\/wp-content\/uploads\/2022\/03\/Sky-_-O60_miljo3-300x206.webp 300w, https:\/\/shop.bjerring-sales.dk\/wp-content\/uploads\/2022\/03\/Sky-_-O60_miljo3-768x528.webp 768w\" sizes=\"auto, (max-width: 800px) 100vw, 800px\" \/><\/div>\n\t\t<\/figure>\n\t<\/div>\n<\/div><\/div><\/div><div class=\"wpb_column vc_column_container vc_col-sm-4\"><div class=\"vc_column-inner\"><div class=\"wpb_wrapper\">\n\t<div  class=\"wpb_single_image wpb_content_element vc_align_center\">\n\t\t\n\t\t<figure class=\"wpb_wrapper vc_figure\">\n\t\t\t<div class=\"vc_single_image-wrapper vc_box_shadow_border  vc_box_border_grey\"><img loading=\"lazy\" decoding=\"async\" width=\"800\" height=\"550\" src=\"https:\/\/shop.bjerring-sales.dk\/wp-content\/uploads\/2022\/03\/Sky-_-O60_miljo2.webp\" class=\"vc_single_image-img attachment-full\" alt=\"\" title=\"Sky-_-O60_miljo2\" srcset=\"https:\/\/shop.bjerring-sales.dk\/wp-content\/uploads\/2022\/03\/Sky-_-O60_miljo2.webp 800w, https:\/\/shop.bjerring-sales.dk\/wp-content\/uploads\/2022\/03\/Sky-_-O60_miljo2-150x103.webp 150w, https:\/\/shop.bjerring-sales.dk\/wp-content\/uploads\/2022\/03\/Sky-_-O60_miljo2-600x413.webp 600w, https:\/\/shop.bjerring-sales.dk\/wp-content\/uploads\/2022\/03\/Sky-_-O60_miljo2-300x206.webp 300w, https:\/\/shop.bjerring-sales.dk\/wp-content\/uploads\/2022\/03\/Sky-_-O60_miljo2-768x528.webp 768w\" sizes=\"auto, (max-width: 800px) 100vw, 800px\" \/><\/div>\n\t\t<\/figure>\n\t<\/div>\n<\/div><\/div><\/div><div class=\"wpb_column vc_column_container vc_col-sm-4\"><div class=\"vc_column-inner\"><div class=\"wpb_wrapper\">\n\t<div  class=\"wpb_single_image wpb_content_element vc_align_center\">\n\t\t\n\t\t<figure class=\"wpb_wrapper vc_figure\">\n\t\t\t<div class=\"vc_single_image-wrapper vc_box_shadow_border  vc_box_border_grey\"><img loading=\"lazy\" decoding=\"async\" width=\"800\" height=\"550\" src=\"https:\/\/shop.bjerring-sales.dk\/wp-content\/uploads\/2022\/03\/Sky-_-O60_miljo1.webp\" class=\"vc_single_image-img attachment-full\" alt=\"\" title=\"Sky-_-O60_miljo1\" srcset=\"https:\/\/shop.bjerring-sales.dk\/wp-content\/uploads\/2022\/03\/Sky-_-O60_miljo1.webp 800w, https:\/\/shop.bjerring-sales.dk\/wp-content\/uploads\/2022\/03\/Sky-_-O60_miljo1-150x103.webp 150w, https:\/\/shop.bjerring-sales.dk\/wp-content\/uploads\/2022\/03\/Sky-_-O60_miljo1-600x413.webp 600w, https:\/\/shop.bjerring-sales.dk\/wp-content\/uploads\/2022\/03\/Sky-_-O60_miljo1-300x206.webp 300w, https:\/\/shop.bjerring-sales.dk\/wp-content\/uploads\/2022\/03\/Sky-_-O60_miljo1-768x528.webp 768w\" sizes=\"auto, (max-width: 800px) 100vw, 800px\" \/><\/div>\n\t\t<\/figure>\n\t<\/div>\n<\/div><\/div><\/div><\/div>\n<\/div>","protected":false},"excerpt":{"rendered":"<p>When the round SKY Folding Table was designed, simple, clean lines were used, which means that the table fits into most environments. The SKY table is made of Polypropylene which has been reinforced with fiberglass. The table has a foldable top and is designed to withstand the elements.<\/p>","protected":false},"featured_media":102559,"template":"","meta":{"iawp_total_views":31},"product_brand":[],"product_cat":[5787,5863,6343,6357,6304,5911],"product_tag":[5980,6179,6185,6269],"class_list":{"0":"post-75698","1":"product","2":"type-product","3":"status-publish","4":"has-post-thumbnail","6":"product_cat-bord","7":"product_cat-fallbara-bord","8":"product_cat-bord-utomhus","9":"product_cat-siesta-exclusive","10":"product_cat-utemobler","11":"product_cat-cafebord","12":"product_tag-siesta-exclusive","13":"product_tag-vikbart-bord","14":"product_tag-runt-bord","15":"product_tag-sky-folding-table-o60","17":"first","18":"instock","19":"taxable","20":"shipping-taxable","21":"purchasable","22":"product-type-variable"},"yoast_head":"<!-- This site is optimized with the Yoast SEO plugin v27.0 - https:\/\/yoast.com\/product\/yoast-seo-wordpress\/ -->\n<title>SKY Folding Table \u00d860 - Bjerring-Sales<\/title>\n<meta name=\"description\" content=\"N\u00e4r det runda SKY Folding Table designades anv\u00e4nde man sig av enkla stilrena linjer vilket g\u00f6r att bordet passar in i dom flesta milj\u00f6er.\" \/>\n<meta name=\"robots\" content=\"index, follow, max-snippet:-1, max-image-preview:large, max-video-preview:-1\" \/>\n<link rel=\"canonical\" href=\"https:\/\/shop.bjerring-sales.dk\/en\/product\/sky-folding-table-o60\/\" \/>\n<meta property=\"og:locale\" content=\"en_GB\" \/>\n<meta property=\"og:type\" content=\"article\" \/>\n<meta property=\"og:title\" content=\"Ett modernt snyggt bord med tilt- funktion p\u00e5 bordsskivan\" \/>\n<meta property=\"og:description\" content=\"N\u00e4r det runda SKY Folding Table designades anv\u00e4nde man sig av enkla stilrena linjer vilket g\u00f6r att bordet passar in i dom flesta milj\u00f6er.\" \/>\n<meta property=\"og:url\" content=\"https:\/\/shop.bjerring-sales.dk\/en\/product\/sky-folding-table-o60\/\" \/>\n<meta property=\"og:site_name\" content=\"Bjerring-Sales\" \/>\n<meta property=\"article:modified_time\" content=\"2026-04-16T14:06:25+00:00\" \/>\n<meta property=\"og:image\" content=\"https:\/\/shop.bjerring-sales.dk\/wp-content\/uploads\/2022\/03\/skytable60seo.jpg\" \/>\n\t<meta property=\"og:image:width\" content=\"1200\" \/>\n\t<meta property=\"og:image:height\" content=\"800\" \/>\n\t<meta property=\"og:image:type\" content=\"image\/jpeg\" \/>\n<meta name=\"twitter:card\" content=\"summary_large_image\" \/>\n<meta name=\"twitter:title\" content=\"Ett modernt snyggt bord med tilt- funktion p\u00e5 bordsskivan\" \/>\n<meta name=\"twitter:description\" content=\"N\u00e4r det runda SKY Folding Table designades anv\u00e4nde man sig av enkla stilrena linjer vilket g\u00f6r att bordet passar in i dom flesta milj\u00f6er.\" \/>\n<meta name=\"twitter:image\" content=\"https:\/\/shop.bjerring-sales.dk\/wp-content\/uploads\/2022\/03\/skytable60seo.jpg\" \/>\n<meta name=\"twitter:label1\" content=\"Estimated reading time\" \/>\n\t<meta name=\"twitter:data1\" content=\"3 minutes\" \/>\n<script type=\"application\/ld+json\" class=\"yoast-schema-graph\">{\"@context\":\"https:\/\/schema.org\",\"@graph\":[{\"@type\":\"WebPage\",\"@id\":\"https:\/\/shop.bjerring-sales.dk\/sv\/produkt\/sky-folding-table-o60\/\",\"url\":\"https:\/\/shop.bjerring-sales.dk\/sv\/produkt\/sky-folding-table-o60\/\",\"name\":\"SKY Folding Table \u00d860 - Bjerring-Sales\",\"isPartOf\":{\"@id\":\"https:\/\/shop.bjerring-sales.dk\/#website\"},\"primaryImageOfPage\":{\"@id\":\"https:\/\/shop.bjerring-sales.dk\/sv\/produkt\/sky-folding-table-o60\/#primaryimage\"},\"image\":{\"@id\":\"https:\/\/shop.bjerring-sales.dk\/sv\/produkt\/sky-folding-table-o60\/#primaryimage\"},\"thumbnailUrl\":\"https:\/\/shop.bjerring-sales.dk\/wp-content\/uploads\/2026\/04\/Sky-_-O60_svart.jpg\",\"datePublished\":\"2022-03-29T19:47:20+00:00\",\"dateModified\":\"2026-04-16T14:06:25+00:00\",\"description\":\"N\u00e4r det runda SKY Folding Table designades anv\u00e4nde man sig av enkla stilrena linjer vilket g\u00f6r att bordet passar in i dom flesta milj\u00f6er.\",\"breadcrumb\":{\"@id\":\"https:\/\/shop.bjerring-sales.dk\/sv\/produkt\/sky-folding-table-o60\/#breadcrumb\"},\"inLanguage\":\"en-GB\",\"potentialAction\":[{\"@type\":\"ReadAction\",\"target\":[\"https:\/\/shop.bjerring-sales.dk\/sv\/produkt\/sky-folding-table-o60\/\"]}]},{\"@type\":\"ImageObject\",\"inLanguage\":\"en-GB\",\"@id\":\"https:\/\/shop.bjerring-sales.dk\/sv\/produkt\/sky-folding-table-o60\/#primaryimage\",\"url\":\"https:\/\/shop.bjerring-sales.dk\/wp-content\/uploads\/2026\/04\/Sky-_-O60_svart.jpg\",\"contentUrl\":\"https:\/\/shop.bjerring-sales.dk\/wp-content\/uploads\/2026\/04\/Sky-_-O60_svart.jpg\",\"width\":800,\"height\":800},{\"@type\":\"BreadcrumbList\",\"@id\":\"https:\/\/shop.bjerring-sales.dk\/sv\/produkt\/sky-folding-table-o60\/#breadcrumb\",\"itemListElement\":[{\"@type\":\"ListItem\",\"position\":1,\"name\":\"Hem\",\"item\":\"https:\/\/shop.bjerring-sales.dk\/\"},{\"@type\":\"ListItem\",\"position\":2,\"name\":\"Webbutik\",\"item\":\"https:\/\/shop.bjerring-sales.dk\/butik\/\"},{\"@type\":\"ListItem\",\"position\":3,\"name\":\"SKY Folding Table \u00d860\"}]},{\"@type\":\"WebSite\",\"@id\":\"https:\/\/shop.bjerring-sales.dk\/#website\",\"url\":\"https:\/\/shop.bjerring-sales.dk\/\",\"name\":\"Bjerring-Sales\",\"description\":\"M\u00f6bler f\u00f6r teatrar, skolor, kontor och k\u00f6pcentrum\",\"publisher\":{\"@id\":\"https:\/\/shop.bjerring-sales.dk\/#organization\"},\"potentialAction\":[{\"@type\":\"SearchAction\",\"target\":{\"@type\":\"EntryPoint\",\"urlTemplate\":\"https:\/\/shop.bjerring-sales.dk\/?s={search_term_string}\"},\"query-input\":{\"@type\":\"PropertyValueSpecification\",\"valueRequired\":true,\"valueName\":\"search_term_string\"}}],\"inLanguage\":\"en-GB\"},{\"@type\":\"Organization\",\"@id\":\"https:\/\/shop.bjerring-sales.dk\/#organization\",\"name\":\"Bjerring-Sales\",\"url\":\"https:\/\/shop.bjerring-sales.dk\/\",\"logo\":{\"@type\":\"ImageObject\",\"inLanguage\":\"en-GB\",\"@id\":\"https:\/\/shop.bjerring-sales.dk\/#\/schema\/logo\/image\/\",\"url\":\"https:\/\/shop.bjerring-sales.dk\/wp-content\/uploads\/2023\/01\/logo_sv.png\",\"contentUrl\":\"https:\/\/shop.bjerring-sales.dk\/wp-content\/uploads\/2023\/01\/logo_sv.png\",\"width\":195,\"height\":68,\"caption\":\"Bjerring-Sales\"},\"image\":{\"@id\":\"https:\/\/shop.bjerring-sales.dk\/#\/schema\/logo\/image\/\"}}]}<\/script>\n<!-- \/ Yoast SEO plugin. -->","yoast_head_json":{"title":"SKY Folding Table \u00d860 - Bjerring-Sales","description":"When the round SKY Folding Table was designed, simple, stylish lines were used, which means the table fits into most environments.","robots":{"index":"index","follow":"follow","max-snippet":"max-snippet:-1","max-image-preview":"max-image-preview:large","max-video-preview":"max-video-preview:-1"},"canonical":"https:\/\/shop.bjerring-sales.dk\/en\/product\/sky-folding-table-o60\/","og_locale":"en_GB","og_type":"article","og_title":"Ett modernt snyggt bord med tilt- funktion p\u00e5 bordsskivan","og_description":"N\u00e4r det runda SKY Folding Table designades anv\u00e4nde man sig av enkla stilrena linjer vilket g\u00f6r att bordet passar in i dom flesta milj\u00f6er.","og_url":"https:\/\/shop.bjerring-sales.dk\/en\/product\/sky-folding-table-o60\/","og_site_name":"Bjerring-Sales","article_modified_time":"2026-04-16T14:06:25+00:00","og_image":[{"width":1200,"height":800,"url":"https:\/\/shop.bjerring-sales.dk\/wp-content\/uploads\/2022\/03\/skytable60seo.jpg","type":"image\/jpeg"}],"twitter_card":"summary_large_image","twitter_title":"Ett modernt snyggt bord med tilt- funktion p\u00e5 bordsskivan","twitter_description":"N\u00e4r det runda SKY Folding Table designades anv\u00e4nde man sig av enkla stilrena linjer vilket g\u00f6r att bordet passar in i dom flesta milj\u00f6er.","twitter_image":"https:\/\/shop.bjerring-sales.dk\/wp-content\/uploads\/2022\/03\/skytable60seo.jpg","twitter_misc":{"Estimated reading time":"3 minutes"},"schema":{"@context":"https:\/\/schema.org","@graph":[{"@type":"WebPage","@id":"https:\/\/shop.bjerring-sales.dk\/sv\/produkt\/sky-folding-table-o60\/","url":"https:\/\/shop.bjerring-sales.dk\/sv\/produkt\/sky-folding-table-o60\/","name":"SKY Folding Table \u00d860 - Bjerring-Sales","isPartOf":{"@id":"https:\/\/shop.bjerring-sales.dk\/#website"},"primaryImageOfPage":{"@id":"https:\/\/shop.bjerring-sales.dk\/sv\/produkt\/sky-folding-table-o60\/#primaryimage"},"image":{"@id":"https:\/\/shop.bjerring-sales.dk\/sv\/produkt\/sky-folding-table-o60\/#primaryimage"},"thumbnailUrl":"https:\/\/shop.bjerring-sales.dk\/wp-content\/uploads\/2026\/04\/Sky-_-O60_svart.jpg","datePublished":"2022-03-29T19:47:20+00:00","dateModified":"2026-04-16T14:06:25+00:00","description":"When the round SKY Folding Table was designed, simple, stylish lines were used, which means the table fits into most environments.","breadcrumb":{"@id":"https:\/\/shop.bjerring-sales.dk\/sv\/produkt\/sky-folding-table-o60\/#breadcrumb"},"inLanguage":"en-GB","potentialAction":[{"@type":"ReadAction","target":["https:\/\/shop.bjerring-sales.dk\/sv\/produkt\/sky-folding-table-o60\/"]}]},{"@type":"ImageObject","inLanguage":"en-GB","@id":"https:\/\/shop.bjerring-sales.dk\/sv\/produkt\/sky-folding-table-o60\/#primaryimage","url":"https:\/\/shop.bjerring-sales.dk\/wp-content\/uploads\/2026\/04\/Sky-_-O60_svart.jpg","contentUrl":"https:\/\/shop.bjerring-sales.dk\/wp-content\/uploads\/2026\/04\/Sky-_-O60_svart.jpg","width":800,"height":800},{"@type":"BreadcrumbList","@id":"https:\/\/shop.bjerring-sales.dk\/sv\/produkt\/sky-folding-table-o60\/#breadcrumb","itemListElement":[{"@type":"ListItem","position":1,"name":"Hem","item":"https:\/\/shop.bjerring-sales.dk\/"},{"@type":"ListItem","position":2,"name":"Webbutik","item":"https:\/\/shop.bjerring-sales.dk\/butik\/"},{"@type":"ListItem","position":3,"name":"SKY Folding Table \u00d860"}]},{"@type":"WebSite","@id":"https:\/\/shop.bjerring-sales.dk\/#website","url":"https:\/\/shop.bjerring-sales.dk\/","name":"Bjerring Sales","description":"Furniture for theatres, schools, offices and shopping centres","publisher":{"@id":"https:\/\/shop.bjerring-sales.dk\/#organization"},"potentialAction":[{"@type":"SearchAction","target":{"@type":"EntryPoint","urlTemplate":"https:\/\/shop.bjerring-sales.dk\/?s={search_term_string}"},"query-input":{"@type":"PropertyValueSpecification","valueRequired":true,"valueName":"search_term_string"}}],"inLanguage":"en-GB"},{"@type":"Organization","@id":"https:\/\/shop.bjerring-sales.dk\/#organization","name":"Bjerring Sales","url":"https:\/\/shop.bjerring-sales.dk\/","logo":{"@type":"ImageObject","inLanguage":"en-GB","@id":"https:\/\/shop.bjerring-sales.dk\/#\/schema\/logo\/image\/","url":"https:\/\/shop.bjerring-sales.dk\/wp-content\/uploads\/2023\/01\/logo_sv.png","contentUrl":"https:\/\/shop.bjerring-sales.dk\/wp-content\/uploads\/2023\/01\/logo_sv.png","width":195,"height":68,"caption":"Bjerring-Sales"},"image":{"@id":"https:\/\/shop.bjerring-sales.dk\/#\/schema\/logo\/image\/"}}]}},"_links":{"self":[{"href":"https:\/\/shop.bjerring-sales.dk\/en\/wp-json\/wp\/v2\/product\/75698","targetHints":{"allow":["GET"]}}],"collection":[{"href":"https:\/\/shop.bjerring-sales.dk\/en\/wp-json\/wp\/v2\/product"}],"about":[{"href":"https:\/\/shop.bjerring-sales.dk\/en\/wp-json\/wp\/v2\/types\/product"}],"wp:featuredmedia":[{"embeddable":true,"href":"https:\/\/shop.bjerring-sales.dk\/en\/wp-json\/wp\/v2\/media\/102559"}],"wp:attachment":[{"href":"https:\/\/shop.bjerring-sales.dk\/en\/wp-json\/wp\/v2\/media?parent=75698"}],"wp:term":[{"taxonomy":"product_brand","embeddable":true,"href":"https:\/\/shop.bjerring-sales.dk\/en\/wp-json\/wp\/v2\/product_brand?post=75698"},{"taxonomy":"product_cat","embeddable":true,"href":"https:\/\/shop.bjerring-sales.dk\/en\/wp-json\/wp\/v2\/product_cat?post=75698"},{"taxonomy":"product_tag","embeddable":true,"href":"https:\/\/shop.bjerring-sales.dk\/en\/wp-json\/wp\/v2\/product_tag?post=75698"}],"curies":[{"name":"wp","href":"https:\/\/api.w.org\/{rel}","templated":true}]}}