{"id":75681,"date":"2022-03-29T14:38:33","date_gmt":"2022-03-29T12:38:33","guid":{"rendered":"https:\/\/pule.se\/?post_type=product&#038;p=75681"},"modified":"2026-04-16T17:24:20","modified_gmt":"2026-04-16T15:24:20","slug":"sky-table-80","status":"publish","type":"product","link":"https:\/\/shop.bjerring-sales.dk\/en\/product\/sky-table-80\/","title":{"rendered":"SKY Table 80"},"content":{"rendered":"<div class=\"wpb-content-wrapper\"><div class=\"vc_row wpb_row vc_row-fluid\"><div class=\"wpb_column vc_column_container vc_col-sm-12\"><div class=\"vc_column-inner\"><div class=\"wpb_wrapper\">\n\t<div class=\"wpb_text_column wpb_content_element\" >\n\t\t<div class=\"wpb_wrapper\">\n\t\t\t<p><span style=\"font-size: 24pt\">A stylish dining table that fits just as well indoors as outdoors!<br \/>\n<\/span>SKY Table 80 is a very robust and durable table that works great for both indoor and outdoor use. The table is suitable both as a dining table on the balcony, in the garden, in restaurants and cafes.<\/p>\n\n\t\t<\/div>\n\t<\/div>\n<\/div><\/div><\/div><\/div><div class=\"vc_row wpb_row vc_row-fluid\"><div class=\"wpb_column vc_column_container vc_col-sm-4\"><div class=\"vc_column-inner\"><div class=\"wpb_wrapper\">\n\t<div  class=\"wpb_single_image wpb_content_element vc_align_center\">\n\t\t\n\t\t<figure class=\"wpb_wrapper vc_figure\">\n\t\t\t<div class=\"vc_single_image-wrapper vc_box_shadow_border  vc_box_border_grey\"><img loading=\"lazy\" decoding=\"async\" width=\"800\" height=\"550\" src=\"https:\/\/shop.bjerring-sales.dk\/wp-content\/uploads\/2022\/03\/elj_sky_80x80_miljobild_01.webp\" class=\"vc_single_image-img attachment-full\" alt=\"\" title=\"elj_sky_80x80_miljobild_01\" srcset=\"https:\/\/shop.bjerring-sales.dk\/wp-content\/uploads\/2022\/03\/elj_sky_80x80_miljobild_01.webp 800w, https:\/\/shop.bjerring-sales.dk\/wp-content\/uploads\/2022\/03\/elj_sky_80x80_miljobild_01-150x103.webp 150w, https:\/\/shop.bjerring-sales.dk\/wp-content\/uploads\/2022\/03\/elj_sky_80x80_miljobild_01-600x413.webp 600w, https:\/\/shop.bjerring-sales.dk\/wp-content\/uploads\/2022\/03\/elj_sky_80x80_miljobild_01-300x206.webp 300w, https:\/\/shop.bjerring-sales.dk\/wp-content\/uploads\/2022\/03\/elj_sky_80x80_miljobild_01-768x528.webp 768w\" sizes=\"auto, (max-width: 800px) 100vw, 800px\" \/><\/div>\n\t\t<\/figure>\n\t<\/div>\n<\/div><\/div><\/div><div class=\"wpb_column vc_column_container vc_col-sm-4\"><div class=\"vc_column-inner\"><div class=\"wpb_wrapper\">\n\t<div  class=\"wpb_single_image wpb_content_element vc_align_center\">\n\t\t\n\t\t<figure class=\"wpb_wrapper vc_figure\">\n\t\t\t<div class=\"vc_single_image-wrapper vc_box_shadow_border  vc_box_border_grey\"><img loading=\"lazy\" decoding=\"async\" width=\"800\" height=\"550\" src=\"https:\/\/shop.bjerring-sales.dk\/wp-content\/uploads\/2022\/03\/elj_sky_80x80_miljobild_02.webp\" class=\"vc_single_image-img attachment-full\" alt=\"\" title=\"elj_sky_80x80_miljobild_02\" srcset=\"https:\/\/shop.bjerring-sales.dk\/wp-content\/uploads\/2022\/03\/elj_sky_80x80_miljobild_02.webp 800w, https:\/\/shop.bjerring-sales.dk\/wp-content\/uploads\/2022\/03\/elj_sky_80x80_miljobild_02-150x103.webp 150w, https:\/\/shop.bjerring-sales.dk\/wp-content\/uploads\/2022\/03\/elj_sky_80x80_miljobild_02-600x413.webp 600w, https:\/\/shop.bjerring-sales.dk\/wp-content\/uploads\/2022\/03\/elj_sky_80x80_miljobild_02-300x206.webp 300w, https:\/\/shop.bjerring-sales.dk\/wp-content\/uploads\/2022\/03\/elj_sky_80x80_miljobild_02-768x528.webp 768w\" sizes=\"auto, (max-width: 800px) 100vw, 800px\" \/><\/div>\n\t\t<\/figure>\n\t<\/div>\n<\/div><\/div><\/div><div class=\"wpb_column vc_column_container vc_col-sm-4\"><div class=\"vc_column-inner\"><div class=\"wpb_wrapper\">\n\t<div  class=\"wpb_single_image wpb_content_element vc_align_center\">\n\t\t\n\t\t<figure class=\"wpb_wrapper vc_figure\">\n\t\t\t<div class=\"vc_single_image-wrapper vc_box_shadow_border  vc_box_border_grey\"><img loading=\"lazy\" decoding=\"async\" width=\"800\" height=\"550\" src=\"https:\/\/shop.bjerring-sales.dk\/wp-content\/uploads\/2022\/03\/elj_sky_80x80_miljobild_04.webp\" class=\"vc_single_image-img attachment-full\" alt=\"\" title=\"elj_sky_80x80_miljobild_04\" srcset=\"https:\/\/shop.bjerring-sales.dk\/wp-content\/uploads\/2022\/03\/elj_sky_80x80_miljobild_04.webp 800w, https:\/\/shop.bjerring-sales.dk\/wp-content\/uploads\/2022\/03\/elj_sky_80x80_miljobild_04-150x103.webp 150w, https:\/\/shop.bjerring-sales.dk\/wp-content\/uploads\/2022\/03\/elj_sky_80x80_miljobild_04-600x413.webp 600w, https:\/\/shop.bjerring-sales.dk\/wp-content\/uploads\/2022\/03\/elj_sky_80x80_miljobild_04-300x206.webp 300w, https:\/\/shop.bjerring-sales.dk\/wp-content\/uploads\/2022\/03\/elj_sky_80x80_miljobild_04-768x528.webp 768w\" sizes=\"auto, (max-width: 800px) 100vw, 800px\" \/><\/div>\n\t\t<\/figure>\n\t<\/div>\n<\/div><\/div><\/div><\/div><div class=\"vc_row wpb_row vc_row-fluid\"><div class=\"wpb_column vc_column_container vc_col-sm-6\"><div class=\"vc_column-inner\"><div class=\"wpb_wrapper\">\n\t<div class=\"wpb_text_column wpb_content_element\" >\n\t\t<div class=\"wpb_wrapper\">\n\t\t\t<p><span style=\"font-size: 18pt\">Design<br \/>\n<\/span>Due to its stylish design, SKY Table 80 fits into most environments. The SKY table is made of Polypropylene which has been reinforced with fiberglass. The table is designed to withstand the effects of the weather and has removable legs, which makes it easy to transport and store.<\/p>\n<p><span style=\"font-size: 18pt\">Colors<br \/>\n<\/span>SKY Table 80 is available in colors that include light and neutral tones. The table is stocked in black, white, dark grey, olive green and taupe.<\/p>\n<p><span style=\"font-size: 18pt\"><img loading=\"lazy\" decoding=\"async\" class=\"alignnone size-full wp-image-75755\" src=\"https:\/\/shop.bjerring-sales.dk\/wp-content\/uploads\/2022\/04\/MayaBar75_kulorer.webp\" alt=\"\" width=\"330\" height=\"78\" srcset=\"https:\/\/shop.bjerring-sales.dk\/wp-content\/uploads\/2022\/04\/MayaBar75_kulorer.webp 330w, https:\/\/shop.bjerring-sales.dk\/wp-content\/uploads\/2022\/04\/MayaBar75_kulorer-150x35.webp 150w, https:\/\/shop.bjerring-sales.dk\/wp-content\/uploads\/2022\/04\/MayaBar75_kulorer-300x71.webp 300w\" sizes=\"auto, (max-width: 330px) 100vw, 330px\" \/><\/span><\/p>\n<p><span style=\"font-size: 18pt\">Specifications<\/span><\/p>\n<ul>\n<li>Simple and quick assembly\/disassembly<\/li>\n<li>Accommodates 4 people<\/li>\n<li>Polypropylene reinforced with fiberglass<\/li>\n<li>Robust<\/li>\n<li>Suitable for both indoors and outdoors<\/li>\n<li>UV-resistant and water-repellent<\/li>\n<li>Made in Europe<\/li>\n<\/ul>\n<p><span style=\"font-size: 18pt\">Weight<br \/>\n<\/span>13.5 kg<\/p>\n\n\t\t<\/div>\n\t<\/div>\n<\/div><\/div><\/div><div class=\"wpb_column vc_column_container vc_col-sm-6\"><div class=\"vc_column-inner\"><div class=\"wpb_wrapper\">\n\t<div class=\"wpb_text_column wpb_content_element\" >\n\t\t<div class=\"wpb_wrapper\">\n\t\t\t<p><span style=\"font-size: 18pt\">Measure<\/span><\/p>\n<ul>\n<li>Height: 74 cm<\/li>\n<li>Width: 80 cm<\/li>\n<li>Length: 80 cm<\/li>\n<\/ul>\n<p><span style=\"font-size: 18pt\">Supplier\/Brand<br \/>\n<\/span>ISILPLAST, which is the owner of the SIESTA brand, was founded in 1978, it has been a leading player for over 40 years in the plastic injection molding segment. Creativity and technology, glamor and functionality, quality and innovation. This is the remarkable and unique set of factors, combined with a strategic vision that focuses not only on products but also on distribution, behind Siesta&#039;s success. Siesta is a world leader in the use of plastic and produces collections of chairs and tables, all designed to be multifunctional, versatile, user-friendly and with an undeniable style.<\/p>\n<p><span style=\"font-size: 18pt\">Product sheet<\/span><br \/>\n<img loading=\"lazy\" decoding=\"async\" class=\"alignnone size-full wp-image-72653\" src=\"https:\/\/shop.bjerring-sales.dk\/wp-content\/uploads\/2021\/03\/PDF-doc-16.png\" alt=\"\" width=\"16\" height=\"16\" \/>\u00a0<a href=\"https:\/\/elj.se\/wp-content\/uploads\/2022\/03\/SKY_Table80_produktblad.pdf\" target=\"_blank\" rel=\"noopener\">Open product sheet<\/a><\/p>\n<p><span style=\"font-size: 18pt\">Assembly instructions<\/span><br \/>\n<img loading=\"lazy\" decoding=\"async\" class=\"alignnone size-full wp-image-72653\" src=\"https:\/\/shop.bjerring-sales.dk\/wp-content\/uploads\/2021\/03\/PDF-doc-16.png\" alt=\"\" width=\"16\" height=\"16\" \/> <a href=\"https:\/\/elj.se\/wp-content\/uploads\/2022\/03\/SKY_Table80_monteringsanvisning.pdf\" target=\"_blank\" rel=\"noopener\">Open assembly instructions<\/a><\/p>\n\n\t\t<\/div>\n\t<\/div>\n<\/div><\/div><\/div><\/div><div class=\"vc_row wpb_row vc_row-fluid\"><div class=\"wpb_column vc_column_container vc_col-sm-4\"><div class=\"vc_column-inner\"><div class=\"wpb_wrapper\">\n\t<div  class=\"wpb_single_image wpb_content_element vc_align_center\">\n\t\t\n\t\t<figure class=\"wpb_wrapper vc_figure\">\n\t\t\t<div class=\"vc_single_image-wrapper vc_box_shadow_border  vc_box_border_grey\"><img loading=\"lazy\" decoding=\"async\" width=\"800\" height=\"550\" src=\"https:\/\/shop.bjerring-sales.dk\/wp-content\/uploads\/2022\/03\/elj_sky_80x80_miljobild_09.webp\" class=\"vc_single_image-img attachment-full\" alt=\"\" title=\"elj_sky_80x80_miljobild_09\" srcset=\"https:\/\/shop.bjerring-sales.dk\/wp-content\/uploads\/2022\/03\/elj_sky_80x80_miljobild_09.webp 800w, https:\/\/shop.bjerring-sales.dk\/wp-content\/uploads\/2022\/03\/elj_sky_80x80_miljobild_09-150x103.webp 150w, https:\/\/shop.bjerring-sales.dk\/wp-content\/uploads\/2022\/03\/elj_sky_80x80_miljobild_09-600x413.webp 600w, https:\/\/shop.bjerring-sales.dk\/wp-content\/uploads\/2022\/03\/elj_sky_80x80_miljobild_09-300x206.webp 300w, https:\/\/shop.bjerring-sales.dk\/wp-content\/uploads\/2022\/03\/elj_sky_80x80_miljobild_09-768x528.webp 768w\" sizes=\"auto, (max-width: 800px) 100vw, 800px\" \/><\/div>\n\t\t<\/figure>\n\t<\/div>\n<\/div><\/div><\/div><div class=\"wpb_column vc_column_container vc_col-sm-4\"><div class=\"vc_column-inner\"><div class=\"wpb_wrapper\">\n\t<div  class=\"wpb_single_image wpb_content_element vc_align_center\">\n\t\t\n\t\t<figure class=\"wpb_wrapper vc_figure\">\n\t\t\t<div class=\"vc_single_image-wrapper vc_box_shadow_border  vc_box_border_grey\"><img loading=\"lazy\" decoding=\"async\" width=\"800\" height=\"550\" src=\"https:\/\/shop.bjerring-sales.dk\/wp-content\/uploads\/2022\/03\/elj_sky_80x80_miljobild_14.webp\" class=\"vc_single_image-img attachment-full\" alt=\"\" title=\"elj_sky_80x80_miljobild_14\" srcset=\"https:\/\/shop.bjerring-sales.dk\/wp-content\/uploads\/2022\/03\/elj_sky_80x80_miljobild_14.webp 800w, https:\/\/shop.bjerring-sales.dk\/wp-content\/uploads\/2022\/03\/elj_sky_80x80_miljobild_14-150x103.webp 150w, https:\/\/shop.bjerring-sales.dk\/wp-content\/uploads\/2022\/03\/elj_sky_80x80_miljobild_14-600x413.webp 600w, https:\/\/shop.bjerring-sales.dk\/wp-content\/uploads\/2022\/03\/elj_sky_80x80_miljobild_14-300x206.webp 300w, https:\/\/shop.bjerring-sales.dk\/wp-content\/uploads\/2022\/03\/elj_sky_80x80_miljobild_14-768x528.webp 768w\" sizes=\"auto, (max-width: 800px) 100vw, 800px\" \/><\/div>\n\t\t<\/figure>\n\t<\/div>\n<\/div><\/div><\/div><div class=\"wpb_column vc_column_container vc_col-sm-4\"><div class=\"vc_column-inner\"><div class=\"wpb_wrapper\">\n\t<div  class=\"wpb_single_image wpb_content_element vc_align_center\">\n\t\t\n\t\t<figure class=\"wpb_wrapper vc_figure\">\n\t\t\t<div class=\"vc_single_image-wrapper vc_box_shadow_border  vc_box_border_grey\"><img loading=\"lazy\" decoding=\"async\" width=\"800\" height=\"550\" src=\"https:\/\/shop.bjerring-sales.dk\/wp-content\/uploads\/2022\/03\/elj_sky_80x80_miljobild_21.webp\" class=\"vc_single_image-img attachment-full\" alt=\"\" title=\"elj_sky_80x80_miljobild_21\" srcset=\"https:\/\/shop.bjerring-sales.dk\/wp-content\/uploads\/2022\/03\/elj_sky_80x80_miljobild_21.webp 800w, https:\/\/shop.bjerring-sales.dk\/wp-content\/uploads\/2022\/03\/elj_sky_80x80_miljobild_21-150x103.webp 150w, https:\/\/shop.bjerring-sales.dk\/wp-content\/uploads\/2022\/03\/elj_sky_80x80_miljobild_21-600x413.webp 600w, https:\/\/shop.bjerring-sales.dk\/wp-content\/uploads\/2022\/03\/elj_sky_80x80_miljobild_21-300x206.webp 300w, https:\/\/shop.bjerring-sales.dk\/wp-content\/uploads\/2022\/03\/elj_sky_80x80_miljobild_21-768x528.webp 768w\" sizes=\"auto, (max-width: 800px) 100vw, 800px\" \/><\/div>\n\t\t<\/figure>\n\t<\/div>\n<\/div><\/div><\/div><\/div>\n<\/div>","protected":false},"excerpt":{"rendered":"<p>SKY Table 80 is a very robust and durable table that works great for both indoor and outdoor use. The table is suitable both as a dining table on the balcony, in the garden, in restaurants and cafes.<\/p>","protected":false},"featured_media":102567,"template":"","meta":{"iawp_total_views":21},"product_brand":[],"product_cat":[5787,6343,6357,6304,5911,6260],"product_tag":[5980,5993,6470],"class_list":{"0":"post-75681","1":"product","2":"type-product","3":"status-publish","4":"has-post-thumbnail","6":"product_cat-bord","7":"product_cat-bord-utomhus","8":"product_cat-siesta-exclusive","9":"product_cat-utemobler","10":"product_cat-cafebord","11":"product_cat-matbord","12":"product_tag-siesta-exclusive","13":"product_tag-matbord","14":"product_tag-uteserveringsbord","16":"first","17":"instock","18":"taxable","19":"shipping-taxable","20":"purchasable","21":"product-type-variable"},"yoast_head":"<!-- This site is optimized with the Yoast SEO plugin v27.0 - https:\/\/yoast.com\/product\/yoast-seo-wordpress\/ -->\n<title>SKY Table 80 - Bjerring-Sales<\/title>\n<meta name=\"description\" content=\"SKY Table 80 \u00e4r ett mycket robust och t\u00e5ligt bord som fungerar utm\u00e4rkt f\u00f6r b\u00e5de inomhus och utomhusbruk. Bordet passar b\u00e5de som matbord p\u00e5 balkongen, tr\u00e4dg\u00e5rden, till restaurang och caf\u00e9.\" \/>\n<meta name=\"robots\" content=\"index, follow, max-snippet:-1, max-image-preview:large, max-video-preview:-1\" \/>\n<link rel=\"canonical\" href=\"https:\/\/shop.bjerring-sales.dk\/en\/product\/sky-table-80\/\" \/>\n<meta property=\"og:locale\" content=\"en_GB\" \/>\n<meta property=\"og:type\" content=\"article\" \/>\n<meta property=\"og:title\" content=\"Ett stilrent matbord som passar lika bra inomhus som utomhus!\" \/>\n<meta property=\"og:description\" content=\"SKY Table 80 \u00e4r ett mycket robust och t\u00e5ligt bord som fungerar utm\u00e4rkt f\u00f6r b\u00e5de inomhus och utomhusbruk. Bordet passar b\u00e5de som matbord p\u00e5 balkongen, tr\u00e4dg\u00e5rden, till restaurang och caf\u00e9.\" \/>\n<meta property=\"og:url\" content=\"https:\/\/shop.bjerring-sales.dk\/en\/product\/sky-table-80\/\" \/>\n<meta property=\"og:site_name\" content=\"Bjerring-Sales\" \/>\n<meta property=\"article:modified_time\" content=\"2026-04-16T15:24:20+00:00\" \/>\n<meta property=\"og:image\" content=\"https:\/\/shop.bjerring-sales.dk\/wp-content\/uploads\/2022\/03\/sky80soc.jpg\" \/>\n\t<meta property=\"og:image:width\" content=\"1200\" \/>\n\t<meta property=\"og:image:height\" content=\"800\" \/>\n\t<meta property=\"og:image:type\" content=\"image\/jpeg\" \/>\n<meta name=\"twitter:card\" content=\"summary_large_image\" \/>\n<meta name=\"twitter:title\" content=\"Ett stilrent matbord som passar lika bra inomhus som utomhus!\" \/>\n<meta name=\"twitter:description\" content=\"SKY Table 80 \u00e4r ett mycket robust och t\u00e5ligt bord som fungerar utm\u00e4rkt f\u00f6r b\u00e5de inomhus och utomhusbruk. Bordet passar b\u00e5de som matbord p\u00e5 balkongen, tr\u00e4dg\u00e5rden, till restaurang och caf\u00e9.\" \/>\n<meta name=\"twitter:image\" content=\"https:\/\/shop.bjerring-sales.dk\/wp-content\/uploads\/2022\/03\/sky80soc.jpg\" \/>\n<meta name=\"twitter:label1\" content=\"Estimated reading time\" \/>\n\t<meta name=\"twitter:data1\" content=\"2 minutes\" \/>\n<script type=\"application\/ld+json\" class=\"yoast-schema-graph\">{\"@context\":\"https:\/\/schema.org\",\"@graph\":[{\"@type\":\"WebPage\",\"@id\":\"https:\/\/shop.bjerring-sales.dk\/sv\/produkt\/sky-table-80\/\",\"url\":\"https:\/\/shop.bjerring-sales.dk\/sv\/produkt\/sky-table-80\/\",\"name\":\"SKY Table 80 - Bjerring-Sales\",\"isPartOf\":{\"@id\":\"https:\/\/shop.bjerring-sales.dk\/#website\"},\"primaryImageOfPage\":{\"@id\":\"https:\/\/shop.bjerring-sales.dk\/sv\/produkt\/sky-table-80\/#primaryimage\"},\"image\":{\"@id\":\"https:\/\/shop.bjerring-sales.dk\/sv\/produkt\/sky-table-80\/#primaryimage\"},\"thumbnailUrl\":\"https:\/\/shop.bjerring-sales.dk\/wp-content\/uploads\/2026\/04\/SKY_Table80_morkgra.jpg\",\"datePublished\":\"2022-03-29T12:38:33+00:00\",\"dateModified\":\"2026-04-16T15:24:20+00:00\",\"description\":\"SKY Table 80 \u00e4r ett mycket robust och t\u00e5ligt bord som fungerar utm\u00e4rkt f\u00f6r b\u00e5de inomhus och utomhusbruk. Bordet passar b\u00e5de som matbord p\u00e5 balkongen, tr\u00e4dg\u00e5rden, till restaurang och caf\u00e9.\",\"breadcrumb\":{\"@id\":\"https:\/\/shop.bjerring-sales.dk\/sv\/produkt\/sky-table-80\/#breadcrumb\"},\"inLanguage\":\"en-GB\",\"potentialAction\":[{\"@type\":\"ReadAction\",\"target\":[\"https:\/\/shop.bjerring-sales.dk\/sv\/produkt\/sky-table-80\/\"]}]},{\"@type\":\"ImageObject\",\"inLanguage\":\"en-GB\",\"@id\":\"https:\/\/shop.bjerring-sales.dk\/sv\/produkt\/sky-table-80\/#primaryimage\",\"url\":\"https:\/\/shop.bjerring-sales.dk\/wp-content\/uploads\/2026\/04\/SKY_Table80_morkgra.jpg\",\"contentUrl\":\"https:\/\/shop.bjerring-sales.dk\/wp-content\/uploads\/2026\/04\/SKY_Table80_morkgra.jpg\",\"width\":800,\"height\":800},{\"@type\":\"BreadcrumbList\",\"@id\":\"https:\/\/shop.bjerring-sales.dk\/sv\/produkt\/sky-table-80\/#breadcrumb\",\"itemListElement\":[{\"@type\":\"ListItem\",\"position\":1,\"name\":\"Hem\",\"item\":\"https:\/\/shop.bjerring-sales.dk\/\"},{\"@type\":\"ListItem\",\"position\":2,\"name\":\"Webbutik\",\"item\":\"https:\/\/shop.bjerring-sales.dk\/butik\/\"},{\"@type\":\"ListItem\",\"position\":3,\"name\":\"SKY Table 80\"}]},{\"@type\":\"WebSite\",\"@id\":\"https:\/\/shop.bjerring-sales.dk\/#website\",\"url\":\"https:\/\/shop.bjerring-sales.dk\/\",\"name\":\"Bjerring-Sales\",\"description\":\"M\u00f6bler f\u00f6r teatrar, skolor, kontor och k\u00f6pcentrum\",\"publisher\":{\"@id\":\"https:\/\/shop.bjerring-sales.dk\/#organization\"},\"potentialAction\":[{\"@type\":\"SearchAction\",\"target\":{\"@type\":\"EntryPoint\",\"urlTemplate\":\"https:\/\/shop.bjerring-sales.dk\/?s={search_term_string}\"},\"query-input\":{\"@type\":\"PropertyValueSpecification\",\"valueRequired\":true,\"valueName\":\"search_term_string\"}}],\"inLanguage\":\"en-GB\"},{\"@type\":\"Organization\",\"@id\":\"https:\/\/shop.bjerring-sales.dk\/#organization\",\"name\":\"Bjerring-Sales\",\"url\":\"https:\/\/shop.bjerring-sales.dk\/\",\"logo\":{\"@type\":\"ImageObject\",\"inLanguage\":\"en-GB\",\"@id\":\"https:\/\/shop.bjerring-sales.dk\/#\/schema\/logo\/image\/\",\"url\":\"https:\/\/shop.bjerring-sales.dk\/wp-content\/uploads\/2023\/01\/logo_sv.png\",\"contentUrl\":\"https:\/\/shop.bjerring-sales.dk\/wp-content\/uploads\/2023\/01\/logo_sv.png\",\"width\":195,\"height\":68,\"caption\":\"Bjerring-Sales\"},\"image\":{\"@id\":\"https:\/\/shop.bjerring-sales.dk\/#\/schema\/logo\/image\/\"}}]}<\/script>\n<!-- \/ Yoast SEO plugin. -->","yoast_head_json":{"title":"SKY Table 80 - Bjerring-Sales","description":"SKY Table 80 is a very robust and durable table that works great for both indoor and outdoor use. The table is suitable both as a dining table on the balcony, in the garden, in restaurants and cafes.","robots":{"index":"index","follow":"follow","max-snippet":"max-snippet:-1","max-image-preview":"max-image-preview:large","max-video-preview":"max-video-preview:-1"},"canonical":"https:\/\/shop.bjerring-sales.dk\/en\/product\/sky-table-80\/","og_locale":"en_GB","og_type":"article","og_title":"Ett stilrent matbord som passar lika bra inomhus som utomhus!","og_description":"SKY Table 80 \u00e4r ett mycket robust och t\u00e5ligt bord som fungerar utm\u00e4rkt f\u00f6r b\u00e5de inomhus och utomhusbruk. Bordet passar b\u00e5de som matbord p\u00e5 balkongen, tr\u00e4dg\u00e5rden, till restaurang och caf\u00e9.","og_url":"https:\/\/shop.bjerring-sales.dk\/en\/product\/sky-table-80\/","og_site_name":"Bjerring-Sales","article_modified_time":"2026-04-16T15:24:20+00:00","og_image":[{"width":1200,"height":800,"url":"https:\/\/shop.bjerring-sales.dk\/wp-content\/uploads\/2022\/03\/sky80soc.jpg","type":"image\/jpeg"}],"twitter_card":"summary_large_image","twitter_title":"Ett stilrent matbord som passar lika bra inomhus som utomhus!","twitter_description":"SKY Table 80 \u00e4r ett mycket robust och t\u00e5ligt bord som fungerar utm\u00e4rkt f\u00f6r b\u00e5de inomhus och utomhusbruk. Bordet passar b\u00e5de som matbord p\u00e5 balkongen, tr\u00e4dg\u00e5rden, till restaurang och caf\u00e9.","twitter_image":"https:\/\/shop.bjerring-sales.dk\/wp-content\/uploads\/2022\/03\/sky80soc.jpg","twitter_misc":{"Estimated reading time":"2 minutes"},"schema":{"@context":"https:\/\/schema.org","@graph":[{"@type":"WebPage","@id":"https:\/\/shop.bjerring-sales.dk\/sv\/produkt\/sky-table-80\/","url":"https:\/\/shop.bjerring-sales.dk\/sv\/produkt\/sky-table-80\/","name":"SKY Table 80 - Bjerring-Sales","isPartOf":{"@id":"https:\/\/shop.bjerring-sales.dk\/#website"},"primaryImageOfPage":{"@id":"https:\/\/shop.bjerring-sales.dk\/sv\/produkt\/sky-table-80\/#primaryimage"},"image":{"@id":"https:\/\/shop.bjerring-sales.dk\/sv\/produkt\/sky-table-80\/#primaryimage"},"thumbnailUrl":"https:\/\/shop.bjerring-sales.dk\/wp-content\/uploads\/2026\/04\/SKY_Table80_morkgra.jpg","datePublished":"2022-03-29T12:38:33+00:00","dateModified":"2026-04-16T15:24:20+00:00","description":"SKY Table 80 is a very robust and durable table that works great for both indoor and outdoor use. The table is suitable both as a dining table on the balcony, in the garden, in restaurants and cafes.","breadcrumb":{"@id":"https:\/\/shop.bjerring-sales.dk\/sv\/produkt\/sky-table-80\/#breadcrumb"},"inLanguage":"en-GB","potentialAction":[{"@type":"ReadAction","target":["https:\/\/shop.bjerring-sales.dk\/sv\/produkt\/sky-table-80\/"]}]},{"@type":"ImageObject","inLanguage":"en-GB","@id":"https:\/\/shop.bjerring-sales.dk\/sv\/produkt\/sky-table-80\/#primaryimage","url":"https:\/\/shop.bjerring-sales.dk\/wp-content\/uploads\/2026\/04\/SKY_Table80_morkgra.jpg","contentUrl":"https:\/\/shop.bjerring-sales.dk\/wp-content\/uploads\/2026\/04\/SKY_Table80_morkgra.jpg","width":800,"height":800},{"@type":"BreadcrumbList","@id":"https:\/\/shop.bjerring-sales.dk\/sv\/produkt\/sky-table-80\/#breadcrumb","itemListElement":[{"@type":"ListItem","position":1,"name":"Hem","item":"https:\/\/shop.bjerring-sales.dk\/"},{"@type":"ListItem","position":2,"name":"Webbutik","item":"https:\/\/shop.bjerring-sales.dk\/butik\/"},{"@type":"ListItem","position":3,"name":"SKY Table 80"}]},{"@type":"WebSite","@id":"https:\/\/shop.bjerring-sales.dk\/#website","url":"https:\/\/shop.bjerring-sales.dk\/","name":"Bjerring Sales","description":"Furniture for theatres, schools, offices and shopping centres","publisher":{"@id":"https:\/\/shop.bjerring-sales.dk\/#organization"},"potentialAction":[{"@type":"SearchAction","target":{"@type":"EntryPoint","urlTemplate":"https:\/\/shop.bjerring-sales.dk\/?s={search_term_string}"},"query-input":{"@type":"PropertyValueSpecification","valueRequired":true,"valueName":"search_term_string"}}],"inLanguage":"en-GB"},{"@type":"Organization","@id":"https:\/\/shop.bjerring-sales.dk\/#organization","name":"Bjerring Sales","url":"https:\/\/shop.bjerring-sales.dk\/","logo":{"@type":"ImageObject","inLanguage":"en-GB","@id":"https:\/\/shop.bjerring-sales.dk\/#\/schema\/logo\/image\/","url":"https:\/\/shop.bjerring-sales.dk\/wp-content\/uploads\/2023\/01\/logo_sv.png","contentUrl":"https:\/\/shop.bjerring-sales.dk\/wp-content\/uploads\/2023\/01\/logo_sv.png","width":195,"height":68,"caption":"Bjerring-Sales"},"image":{"@id":"https:\/\/shop.bjerring-sales.dk\/#\/schema\/logo\/image\/"}}]}},"_links":{"self":[{"href":"https:\/\/shop.bjerring-sales.dk\/en\/wp-json\/wp\/v2\/product\/75681","targetHints":{"allow":["GET"]}}],"collection":[{"href":"https:\/\/shop.bjerring-sales.dk\/en\/wp-json\/wp\/v2\/product"}],"about":[{"href":"https:\/\/shop.bjerring-sales.dk\/en\/wp-json\/wp\/v2\/types\/product"}],"wp:featuredmedia":[{"embeddable":true,"href":"https:\/\/shop.bjerring-sales.dk\/en\/wp-json\/wp\/v2\/media\/102567"}],"wp:attachment":[{"href":"https:\/\/shop.bjerring-sales.dk\/en\/wp-json\/wp\/v2\/media?parent=75681"}],"wp:term":[{"taxonomy":"product_brand","embeddable":true,"href":"https:\/\/shop.bjerring-sales.dk\/en\/wp-json\/wp\/v2\/product_brand?post=75681"},{"taxonomy":"product_cat","embeddable":true,"href":"https:\/\/shop.bjerring-sales.dk\/en\/wp-json\/wp\/v2\/product_cat?post=75681"},{"taxonomy":"product_tag","embeddable":true,"href":"https:\/\/shop.bjerring-sales.dk\/en\/wp-json\/wp\/v2\/product_tag?post=75681"}],"curies":[{"name":"wp","href":"https:\/\/api.w.org\/{rel}","templated":true}]}}