{"id":75609,"date":"2022-03-22T18:27:56","date_gmt":"2022-03-22T17:27:56","guid":{"rendered":"https:\/\/pule.se\/?post_type=product&#038;p=75609"},"modified":"2026-04-16T17:20:33","modified_gmt":"2026-04-16T15:20:33","slug":"ares-80-ett-robust-matbord","status":"publish","type":"product","link":"https:\/\/shop.bjerring-sales.dk\/en\/product\/ares-80-ett-robust-matbord\/","title":{"rendered":"Ares 80 \u2013 A robust dining table"},"content":{"rendered":"<div class=\"wpb-content-wrapper\"><div class=\"vc_row wpb_row vc_row-fluid\"><div class=\"wpb_column vc_column_container vc_col-sm-12\"><div class=\"vc_column-inner\"><div class=\"wpb_wrapper\">\n\t<div class=\"wpb_text_column wpb_content_element\" >\n\t\t<div class=\"wpb_wrapper\">\n\t\t\t<p><span style=\"font-size: 24pt\">A robust and stylish square table that fits into all environments!<\/span><br \/>\nAres 80 is an elegant, stylish and robust square dining table that is perfect for both indoor and outdoor use. The table holds four people.<\/p>\n\n\t\t<\/div>\n\t<\/div>\n<\/div><\/div><\/div><\/div><div class=\"vc_row wpb_row vc_row-fluid\"><div class=\"wpb_column vc_column_container vc_col-sm-4\"><div class=\"vc_column-inner\"><div class=\"wpb_wrapper\">\n\t<div  class=\"wpb_single_image wpb_content_element vc_align_center\">\n\t\t\n\t\t<figure class=\"wpb_wrapper vc_figure\">\n\t\t\t<div class=\"vc_single_image-wrapper vc_box_shadow_border  vc_box_border_grey\"><img loading=\"lazy\" decoding=\"async\" width=\"800\" height=\"550\" src=\"https:\/\/shop.bjerring-sales.dk\/wp-content\/uploads\/2022\/03\/elj_ares_80_miljobild_18.jpg\" class=\"vc_single_image-img attachment-full\" alt=\"\" title=\"elj_ares_80_miljobild_18\" srcset=\"https:\/\/shop.bjerring-sales.dk\/wp-content\/uploads\/2022\/03\/elj_ares_80_miljobild_18.jpg 800w, https:\/\/shop.bjerring-sales.dk\/wp-content\/uploads\/2022\/03\/elj_ares_80_miljobild_18-150x103.jpg 150w, https:\/\/shop.bjerring-sales.dk\/wp-content\/uploads\/2022\/03\/elj_ares_80_miljobild_18-600x413.jpg 600w, https:\/\/shop.bjerring-sales.dk\/wp-content\/uploads\/2022\/03\/elj_ares_80_miljobild_18-300x206.jpg 300w, https:\/\/shop.bjerring-sales.dk\/wp-content\/uploads\/2022\/03\/elj_ares_80_miljobild_18-768x528.jpg 768w\" sizes=\"auto, (max-width: 800px) 100vw, 800px\" \/><\/div>\n\t\t<\/figure>\n\t<\/div>\n<\/div><\/div><\/div><div class=\"wpb_column vc_column_container vc_col-sm-4\"><div class=\"vc_column-inner\"><div class=\"wpb_wrapper\">\n\t<div  class=\"wpb_single_image wpb_content_element vc_align_center\">\n\t\t\n\t\t<figure class=\"wpb_wrapper vc_figure\">\n\t\t\t<div class=\"vc_single_image-wrapper vc_box_shadow_border  vc_box_border_grey\"><img loading=\"lazy\" decoding=\"async\" width=\"800\" height=\"550\" src=\"https:\/\/shop.bjerring-sales.dk\/wp-content\/uploads\/2022\/03\/elj_ares_80_miljobild_15.jpg\" class=\"vc_single_image-img attachment-full\" alt=\"\" title=\"elj_ares_80_miljobild_15\" srcset=\"https:\/\/shop.bjerring-sales.dk\/wp-content\/uploads\/2022\/03\/elj_ares_80_miljobild_15.jpg 800w, https:\/\/shop.bjerring-sales.dk\/wp-content\/uploads\/2022\/03\/elj_ares_80_miljobild_15-150x103.jpg 150w, https:\/\/shop.bjerring-sales.dk\/wp-content\/uploads\/2022\/03\/elj_ares_80_miljobild_15-600x413.jpg 600w, https:\/\/shop.bjerring-sales.dk\/wp-content\/uploads\/2022\/03\/elj_ares_80_miljobild_15-300x206.jpg 300w, https:\/\/shop.bjerring-sales.dk\/wp-content\/uploads\/2022\/03\/elj_ares_80_miljobild_15-768x528.jpg 768w\" sizes=\"auto, (max-width: 800px) 100vw, 800px\" \/><\/div>\n\t\t<\/figure>\n\t<\/div>\n<\/div><\/div><\/div><div class=\"wpb_column vc_column_container vc_col-sm-4\"><div class=\"vc_column-inner\"><div class=\"wpb_wrapper\">\n\t<div  class=\"wpb_single_image wpb_content_element vc_align_center\">\n\t\t\n\t\t<figure class=\"wpb_wrapper vc_figure\">\n\t\t\t<div class=\"vc_single_image-wrapper vc_box_shadow_border  vc_box_border_grey\"><img loading=\"lazy\" decoding=\"async\" width=\"800\" height=\"550\" src=\"https:\/\/shop.bjerring-sales.dk\/wp-content\/uploads\/2022\/03\/elj_ares_80_miljobild_11.jpg\" class=\"vc_single_image-img attachment-full\" alt=\"\" title=\"elj_ares_80_miljobild_11\" srcset=\"https:\/\/shop.bjerring-sales.dk\/wp-content\/uploads\/2022\/03\/elj_ares_80_miljobild_11.jpg 800w, https:\/\/shop.bjerring-sales.dk\/wp-content\/uploads\/2022\/03\/elj_ares_80_miljobild_11-150x103.jpg 150w, https:\/\/shop.bjerring-sales.dk\/wp-content\/uploads\/2022\/03\/elj_ares_80_miljobild_11-600x413.jpg 600w, https:\/\/shop.bjerring-sales.dk\/wp-content\/uploads\/2022\/03\/elj_ares_80_miljobild_11-300x206.jpg 300w, https:\/\/shop.bjerring-sales.dk\/wp-content\/uploads\/2022\/03\/elj_ares_80_miljobild_11-768x528.jpg 768w\" sizes=\"auto, (max-width: 800px) 100vw, 800px\" \/><\/div>\n\t\t<\/figure>\n\t<\/div>\n<\/div><\/div><\/div><\/div><div class=\"vc_row wpb_row vc_row-fluid\"><div class=\"wpb_column vc_column_container vc_col-sm-6\"><div class=\"vc_column-inner\"><div class=\"wpb_wrapper\">\n\t<div class=\"wpb_text_column wpb_content_element\" >\n\t\t<div class=\"wpb_wrapper\">\n\t\t\t<p><span style=\"font-size: 18pt\">Design<br \/>\n<\/span>Due to its simplicity and clean lines, the Ares 80 table can be integrated into almost any environment. The table is suitable both for the private patio as well as for procurement, restaurant and cafe. The Ares 80 table is made of Polypropylene that has been reinforced with fiberglass. The table is designed to withstand the effects of the weather and has removable legs, which makes it easy to transport and store.<\/p>\n<p><span style=\"font-size: 18pt\">Colors<br \/>\n<\/span>The Ares 80 table is available in colors that include light and neutral tones. The table is kept in stock in black, white, dark gray and taupe, but for larger quantities can also be ordered in teak and brown.<\/p>\n<p><span style=\"font-size: 18pt\">Product sheet<\/span><br \/>\n<img loading=\"lazy\" decoding=\"async\" class=\"alignnone size-full wp-image-72653\" src=\"https:\/\/shop.bjerring-sales.dk\/wp-content\/uploads\/2021\/03\/PDF-doc-16.png\" alt=\"\" width=\"16\" height=\"16\" \/> <a href=\"https:\/\/elj.se\/wp-content\/uploads\/2022\/03\/Ares80_produktblad.pdf\" target=\"_blank\" rel=\"noopener\">Open product sheet<\/a><\/p>\n<p><span style=\"font-size: 18pt\">Assembly instructions<\/span><br \/>\n<img loading=\"lazy\" decoding=\"async\" class=\"alignnone size-full wp-image-72653\" src=\"https:\/\/shop.bjerring-sales.dk\/wp-content\/uploads\/2021\/03\/PDF-doc-16.png\" alt=\"\" width=\"16\" height=\"16\" \/> <a href=\"https:\/\/elj.se\/wp-content\/uploads\/2022\/03\/Ares80_monteringsanvisning.pdf\" target=\"_blank\" rel=\"noopener\">Open assembly instructions<\/a><\/p>\n\n\t\t<\/div>\n\t<\/div>\n<\/div><\/div><\/div><div class=\"wpb_column vc_column_container vc_col-sm-6\"><div class=\"vc_column-inner\"><div class=\"wpb_wrapper\">\n\t<div class=\"wpb_text_column wpb_content_element\" >\n\t\t<div class=\"wpb_wrapper\">\n\t\t\t<p><span style=\"font-size: 18pt\">Specifications<\/span><\/p>\n<ul>\n<li>Simple and quick assembly\/disassembly<\/li>\n<li>Polypropylene reinforced with fiberglass<\/li>\n<li>Robust<\/li>\n<li>Suitable for both indoors and outdoors<\/li>\n<li>UV-resistant and water-repellent<\/li>\n<li>Made in Europe<\/li>\n<\/ul>\n<p><img loading=\"lazy\" decoding=\"async\" class=\"alignnone size-full wp-image-75645\" src=\"https:\/\/shop.bjerring-sales.dk\/wp-content\/uploads\/2022\/03\/Ares80_kulorer.png\" alt=\"\" width=\"381\" height=\"66\" srcset=\"https:\/\/shop.bjerring-sales.dk\/wp-content\/uploads\/2022\/03\/Ares80_kulorer.png 381w, https:\/\/shop.bjerring-sales.dk\/wp-content\/uploads\/2022\/03\/Ares80_kulorer-150x26.png 150w, https:\/\/shop.bjerring-sales.dk\/wp-content\/uploads\/2022\/03\/Ares80_kulorer-300x52.png 300w\" sizes=\"auto, (max-width: 381px) 100vw, 381px\" \/><\/p>\n\n\t\t<\/div>\n\t<\/div>\n<\/div><\/div><\/div><\/div><div class=\"vc_row wpb_row vc_row-fluid\"><div class=\"wpb_column vc_column_container vc_col-sm-4\"><div class=\"vc_column-inner\"><div class=\"wpb_wrapper\">\n\t<div  class=\"wpb_single_image wpb_content_element vc_align_center\">\n\t\t\n\t\t<figure class=\"wpb_wrapper vc_figure\">\n\t\t\t<div class=\"vc_single_image-wrapper vc_box_shadow_border  vc_box_border_grey\"><img loading=\"lazy\" decoding=\"async\" width=\"800\" height=\"550\" src=\"https:\/\/shop.bjerring-sales.dk\/wp-content\/uploads\/2022\/03\/elj_ares_80_miljobild_06.jpg\" class=\"vc_single_image-img attachment-full\" alt=\"\" title=\"elj_ares_80_miljobild_06\" srcset=\"https:\/\/shop.bjerring-sales.dk\/wp-content\/uploads\/2022\/03\/elj_ares_80_miljobild_06.jpg 800w, https:\/\/shop.bjerring-sales.dk\/wp-content\/uploads\/2022\/03\/elj_ares_80_miljobild_06-150x103.jpg 150w, https:\/\/shop.bjerring-sales.dk\/wp-content\/uploads\/2022\/03\/elj_ares_80_miljobild_06-600x413.jpg 600w, https:\/\/shop.bjerring-sales.dk\/wp-content\/uploads\/2022\/03\/elj_ares_80_miljobild_06-300x206.jpg 300w, https:\/\/shop.bjerring-sales.dk\/wp-content\/uploads\/2022\/03\/elj_ares_80_miljobild_06-768x528.jpg 768w\" sizes=\"auto, (max-width: 800px) 100vw, 800px\" \/><\/div>\n\t\t<\/figure>\n\t<\/div>\n<\/div><\/div><\/div><div class=\"wpb_column vc_column_container vc_col-sm-4\"><div class=\"vc_column-inner\"><div class=\"wpb_wrapper\">\n\t<div  class=\"wpb_single_image wpb_content_element vc_align_center\">\n\t\t\n\t\t<figure class=\"wpb_wrapper vc_figure\">\n\t\t\t<div class=\"vc_single_image-wrapper vc_box_shadow_border  vc_box_border_grey\"><img loading=\"lazy\" decoding=\"async\" width=\"800\" height=\"550\" src=\"https:\/\/shop.bjerring-sales.dk\/wp-content\/uploads\/2022\/03\/elj_ares_80_miljobild_03.jpg\" class=\"vc_single_image-img attachment-full\" alt=\"\" title=\"elj_ares_80_miljobild_03\" srcset=\"https:\/\/shop.bjerring-sales.dk\/wp-content\/uploads\/2022\/03\/elj_ares_80_miljobild_03.jpg 800w, https:\/\/shop.bjerring-sales.dk\/wp-content\/uploads\/2022\/03\/elj_ares_80_miljobild_03-150x103.jpg 150w, https:\/\/shop.bjerring-sales.dk\/wp-content\/uploads\/2022\/03\/elj_ares_80_miljobild_03-600x413.jpg 600w, https:\/\/shop.bjerring-sales.dk\/wp-content\/uploads\/2022\/03\/elj_ares_80_miljobild_03-300x206.jpg 300w, https:\/\/shop.bjerring-sales.dk\/wp-content\/uploads\/2022\/03\/elj_ares_80_miljobild_03-768x528.jpg 768w\" sizes=\"auto, (max-width: 800px) 100vw, 800px\" \/><\/div>\n\t\t<\/figure>\n\t<\/div>\n<\/div><\/div><\/div><div class=\"wpb_column vc_column_container vc_col-sm-4\"><div class=\"vc_column-inner\"><div class=\"wpb_wrapper\">\n\t<div  class=\"wpb_single_image wpb_content_element vc_align_center\">\n\t\t\n\t\t<figure class=\"wpb_wrapper vc_figure\">\n\t\t\t<div class=\"vc_single_image-wrapper vc_box_shadow_border  vc_box_border_grey\"><img loading=\"lazy\" decoding=\"async\" width=\"800\" height=\"550\" src=\"https:\/\/shop.bjerring-sales.dk\/wp-content\/uploads\/2022\/03\/elj_ares_80_miljobild_01.jpg\" class=\"vc_single_image-img attachment-full\" alt=\"\" title=\"elj_ares_80_miljobild_01\" srcset=\"https:\/\/shop.bjerring-sales.dk\/wp-content\/uploads\/2022\/03\/elj_ares_80_miljobild_01.jpg 800w, https:\/\/shop.bjerring-sales.dk\/wp-content\/uploads\/2022\/03\/elj_ares_80_miljobild_01-150x103.jpg 150w, https:\/\/shop.bjerring-sales.dk\/wp-content\/uploads\/2022\/03\/elj_ares_80_miljobild_01-600x413.jpg 600w, https:\/\/shop.bjerring-sales.dk\/wp-content\/uploads\/2022\/03\/elj_ares_80_miljobild_01-300x206.jpg 300w, https:\/\/shop.bjerring-sales.dk\/wp-content\/uploads\/2022\/03\/elj_ares_80_miljobild_01-768x528.jpg 768w\" sizes=\"auto, (max-width: 800px) 100vw, 800px\" \/><\/div>\n\t\t<\/figure>\n\t<\/div>\n<\/div><\/div><\/div><\/div><div class=\"vc_row wpb_row vc_row-fluid\"><div class=\"wpb_column vc_column_container vc_col-sm-6\"><div class=\"vc_column-inner\"><div class=\"wpb_wrapper\">\n\t<div class=\"wpb_text_column wpb_content_element\" >\n\t\t<div class=\"wpb_wrapper\">\n\t\t\t<p><span style=\"font-size: 18pt\">Measure<\/span><\/p>\n<ul>\n<li>Height: 75 cm<\/li>\n<li>Width: 80 cm<\/li>\n<li>Depth: 80 cm<\/li>\n<\/ul>\n<p><span style=\"font-size: 18pt\">Weight<\/span><\/p>\n<ul>\n<li>14 kg<\/li>\n<\/ul>\n<p><span style=\"font-size: 18pt\">MOQ<\/span><\/p>\n<ul>\n<li>1 pc when ordering a color that is part of our standard range<\/li>\n<li>10 pcs\/colour when ordering a color that is not part of our standard range<\/li>\n<\/ul>\n\n\t\t<\/div>\n\t<\/div>\n<\/div><\/div><\/div><div class=\"wpb_column vc_column_container vc_col-sm-6\"><div class=\"vc_column-inner\"><div class=\"wpb_wrapper\">\n\t<div class=\"wpb_text_column wpb_content_element\" >\n\t\t<div class=\"wpb_wrapper\">\n\t\t\t<p><span style=\"font-size: 18pt\">Supplier\/Brand<br \/>\n<\/span>ISILPLAST, which is the owner of the SIESTA brand, was founded in 1978, it has been a leading player for over 40 years in the plastic injection molding segment. Creativity and technology, glamor and functionality, quality and innovation. This is the remarkable and unique set of factors, combined with a strategic vision that focuses not only on products but also on distribution, behind Siesta&#039;s success. Siesta is a world leader in the use of plastic and produces collections of chairs and tables, all designed to be multifunctional, versatile, user-friendly and with an undeniable style.<\/p>\n\n\t\t<\/div>\n\t<\/div>\n<\/div><\/div><\/div><\/div>\n<\/div>","protected":false},"excerpt":{"rendered":"<p>The Ares 80 table is made of Polypropylene that has been reinforced with fiberglass. The table is designed to withstand the effects of the weather and has removable legs, which makes it easy to transport and store.<\/p>","protected":false},"featured_media":98070,"template":"","meta":{"iawp_total_views":7},"product_brand":[],"product_cat":[5787,6343,6357,6304,5911,6260],"product_tag":[5980,5993,6256,6470],"class_list":{"0":"post-75609","1":"product","2":"type-product","3":"status-publish","4":"has-post-thumbnail","6":"product_cat-bord","7":"product_cat-bord-utomhus","8":"product_cat-siesta-exclusive","9":"product_cat-utemobler","10":"product_cat-cafebord","11":"product_cat-matbord","12":"product_tag-siesta-exclusive","13":"product_tag-matbord","14":"product_tag-fyrkantigt-bord","15":"product_tag-uteserveringsbord","17":"first","18":"instock","19":"taxable","20":"shipping-taxable","21":"purchasable","22":"product-type-variable"},"yoast_head":"<!-- This site is optimized with the Yoast SEO plugin v27.0 - https:\/\/yoast.com\/product\/yoast-seo-wordpress\/ -->\n<title>Ares 80 - Ett robust matbord - Bjerring-Sales<\/title>\n<meta name=\"description\" content=\"Ares 80 bordet \u00e4r tillverkat av Polypropen som har f\u00f6rst\u00e4rkts med glasfiber. Bordet \u00e4r designad f\u00f6r att motst\u00e5 v\u00e4derp\u00e5verkan och har avtagbara ben vilket g\u00f6r det smidigt att transportera och f\u00f6rvara.\" \/>\n<meta name=\"robots\" content=\"index, follow, max-snippet:-1, max-image-preview:large, max-video-preview:-1\" \/>\n<link rel=\"canonical\" href=\"https:\/\/shop.bjerring-sales.dk\/en\/product\/ares-80-ett-robust-matbord\/\" \/>\n<meta property=\"og:locale\" content=\"en_GB\" \/>\n<meta property=\"og:type\" content=\"article\" \/>\n<meta property=\"og:title\" content=\"Ares 80 - Ett stilrent fyrkantigt bord som passar in i alla milj\u00f6er!\" \/>\n<meta property=\"og:description\" content=\"Ares 80 bordet \u00e4r tillverkat av Polypropen som har f\u00f6rst\u00e4rkts med glasfiber. Bordet \u00e4r designad f\u00f6r att motst\u00e5 v\u00e4derp\u00e5verkan och har avtagbara ben vilket g\u00f6r det smidigt att transportera och f\u00f6rvara.\" \/>\n<meta property=\"og:url\" content=\"https:\/\/shop.bjerring-sales.dk\/en\/product\/ares-80-ett-robust-matbord\/\" \/>\n<meta property=\"og:site_name\" content=\"Bjerring-Sales\" \/>\n<meta property=\"article:modified_time\" content=\"2026-04-16T15:20:33+00:00\" \/>\n<meta property=\"og:image\" content=\"https:\/\/shop.bjerring-sales.dk\/wp-content\/uploads\/2022\/03\/elj_ares_80_miljobild_800x800.jpg\" \/>\n\t<meta property=\"og:image:width\" content=\"800\" \/>\n\t<meta property=\"og:image:height\" content=\"800\" \/>\n\t<meta property=\"og:image:type\" content=\"image\/jpeg\" \/>\n<meta name=\"twitter:card\" content=\"summary_large_image\" \/>\n<meta name=\"twitter:title\" content=\"Ares 80 - Ett stilrent fyrkantigt bord som passar in i alla milj\u00f6er!\" \/>\n<meta name=\"twitter:description\" content=\"Ares 80 bordet \u00e4r tillverkat av Polypropen som har f\u00f6rst\u00e4rkts med glasfiber. Bordet \u00e4r designad f\u00f6r att motst\u00e5 v\u00e4derp\u00e5verkan och har avtagbara ben vilket g\u00f6r det smidigt att transportera och f\u00f6rvara.\" \/>\n<meta name=\"twitter:image\" content=\"https:\/\/shop.bjerring-sales.dk\/wp-content\/uploads\/2022\/03\/elj_ares_80_miljobild_800x800.jpg\" \/>\n<meta name=\"twitter:label1\" content=\"Estimated reading time\" \/>\n\t<meta name=\"twitter:data1\" content=\"3 minutes\" \/>\n<script type=\"application\/ld+json\" class=\"yoast-schema-graph\">{\"@context\":\"https:\/\/schema.org\",\"@graph\":[{\"@type\":\"WebPage\",\"@id\":\"https:\/\/shop.bjerring-sales.dk\/sv\/produkt\/ares-80-ett-robust-matbord\/\",\"url\":\"https:\/\/shop.bjerring-sales.dk\/sv\/produkt\/ares-80-ett-robust-matbord\/\",\"name\":\"Ares 80 - Ett robust matbord - Bjerring-Sales\",\"isPartOf\":{\"@id\":\"https:\/\/shop.bjerring-sales.dk\/#website\"},\"primaryImageOfPage\":{\"@id\":\"https:\/\/shop.bjerring-sales.dk\/sv\/produkt\/ares-80-ett-robust-matbord\/#primaryimage\"},\"image\":{\"@id\":\"https:\/\/shop.bjerring-sales.dk\/sv\/produkt\/ares-80-ett-robust-matbord\/#primaryimage\"},\"thumbnailUrl\":\"https:\/\/shop.bjerring-sales.dk\/wp-content\/uploads\/2024\/07\/Ares80_taupe_800x800.jpg\",\"datePublished\":\"2022-03-22T17:27:56+00:00\",\"dateModified\":\"2026-04-16T15:20:33+00:00\",\"description\":\"Ares 80 bordet \u00e4r tillverkat av Polypropen som har f\u00f6rst\u00e4rkts med glasfiber. Bordet \u00e4r designad f\u00f6r att motst\u00e5 v\u00e4derp\u00e5verkan och har avtagbara ben vilket g\u00f6r det smidigt att transportera och f\u00f6rvara.\",\"breadcrumb\":{\"@id\":\"https:\/\/shop.bjerring-sales.dk\/sv\/produkt\/ares-80-ett-robust-matbord\/#breadcrumb\"},\"inLanguage\":\"en-GB\",\"potentialAction\":[{\"@type\":\"ReadAction\",\"target\":[\"https:\/\/shop.bjerring-sales.dk\/sv\/produkt\/ares-80-ett-robust-matbord\/\"]}]},{\"@type\":\"ImageObject\",\"inLanguage\":\"en-GB\",\"@id\":\"https:\/\/shop.bjerring-sales.dk\/sv\/produkt\/ares-80-ett-robust-matbord\/#primaryimage\",\"url\":\"https:\/\/shop.bjerring-sales.dk\/wp-content\/uploads\/2024\/07\/Ares80_taupe_800x800.jpg\",\"contentUrl\":\"https:\/\/shop.bjerring-sales.dk\/wp-content\/uploads\/2024\/07\/Ares80_taupe_800x800.jpg\",\"width\":800,\"height\":800},{\"@type\":\"BreadcrumbList\",\"@id\":\"https:\/\/shop.bjerring-sales.dk\/sv\/produkt\/ares-80-ett-robust-matbord\/#breadcrumb\",\"itemListElement\":[{\"@type\":\"ListItem\",\"position\":1,\"name\":\"Hem\",\"item\":\"https:\/\/shop.bjerring-sales.dk\/\"},{\"@type\":\"ListItem\",\"position\":2,\"name\":\"Webbutik\",\"item\":\"https:\/\/shop.bjerring-sales.dk\/butik\/\"},{\"@type\":\"ListItem\",\"position\":3,\"name\":\"Ares 80 &#8211; Ett robust matbord\"}]},{\"@type\":\"WebSite\",\"@id\":\"https:\/\/shop.bjerring-sales.dk\/#website\",\"url\":\"https:\/\/shop.bjerring-sales.dk\/\",\"name\":\"Bjerring-Sales\",\"description\":\"M\u00f6bler f\u00f6r teatrar, skolor, kontor och k\u00f6pcentrum\",\"publisher\":{\"@id\":\"https:\/\/shop.bjerring-sales.dk\/#organization\"},\"potentialAction\":[{\"@type\":\"SearchAction\",\"target\":{\"@type\":\"EntryPoint\",\"urlTemplate\":\"https:\/\/shop.bjerring-sales.dk\/?s={search_term_string}\"},\"query-input\":{\"@type\":\"PropertyValueSpecification\",\"valueRequired\":true,\"valueName\":\"search_term_string\"}}],\"inLanguage\":\"en-GB\"},{\"@type\":\"Organization\",\"@id\":\"https:\/\/shop.bjerring-sales.dk\/#organization\",\"name\":\"Bjerring-Sales\",\"url\":\"https:\/\/shop.bjerring-sales.dk\/\",\"logo\":{\"@type\":\"ImageObject\",\"inLanguage\":\"en-GB\",\"@id\":\"https:\/\/shop.bjerring-sales.dk\/#\/schema\/logo\/image\/\",\"url\":\"https:\/\/shop.bjerring-sales.dk\/wp-content\/uploads\/2023\/01\/logo_sv.png\",\"contentUrl\":\"https:\/\/shop.bjerring-sales.dk\/wp-content\/uploads\/2023\/01\/logo_sv.png\",\"width\":195,\"height\":68,\"caption\":\"Bjerring-Sales\"},\"image\":{\"@id\":\"https:\/\/shop.bjerring-sales.dk\/#\/schema\/logo\/image\/\"}}]}<\/script>\n<!-- \/ Yoast SEO plugin. -->","yoast_head_json":{"title":"Ares 80 - Ett robust matbord - Bjerring-Sales","description":"The Ares 80 table is made of Polypropylene that has been reinforced with fiberglass. The table is designed to withstand the effects of the weather and has removable legs, which makes it easy to transport and store.","robots":{"index":"index","follow":"follow","max-snippet":"max-snippet:-1","max-image-preview":"max-image-preview:large","max-video-preview":"max-video-preview:-1"},"canonical":"https:\/\/shop.bjerring-sales.dk\/en\/product\/ares-80-ett-robust-matbord\/","og_locale":"en_GB","og_type":"article","og_title":"Ares 80 - Ett stilrent fyrkantigt bord som passar in i alla milj\u00f6er!","og_description":"Ares 80 bordet \u00e4r tillverkat av Polypropen som har f\u00f6rst\u00e4rkts med glasfiber. Bordet \u00e4r designad f\u00f6r att motst\u00e5 v\u00e4derp\u00e5verkan och har avtagbara ben vilket g\u00f6r det smidigt att transportera och f\u00f6rvara.","og_url":"https:\/\/shop.bjerring-sales.dk\/en\/product\/ares-80-ett-robust-matbord\/","og_site_name":"Bjerring-Sales","article_modified_time":"2026-04-16T15:20:33+00:00","og_image":[{"width":800,"height":800,"url":"https:\/\/shop.bjerring-sales.dk\/wp-content\/uploads\/2022\/03\/elj_ares_80_miljobild_800x800.jpg","type":"image\/jpeg"}],"twitter_card":"summary_large_image","twitter_title":"Ares 80 - Ett stilrent fyrkantigt bord som passar in i alla milj\u00f6er!","twitter_description":"Ares 80 bordet \u00e4r tillverkat av Polypropen som har f\u00f6rst\u00e4rkts med glasfiber. Bordet \u00e4r designad f\u00f6r att motst\u00e5 v\u00e4derp\u00e5verkan och har avtagbara ben vilket g\u00f6r det smidigt att transportera och f\u00f6rvara.","twitter_image":"https:\/\/shop.bjerring-sales.dk\/wp-content\/uploads\/2022\/03\/elj_ares_80_miljobild_800x800.jpg","twitter_misc":{"Estimated reading time":"3 minutes"},"schema":{"@context":"https:\/\/schema.org","@graph":[{"@type":"WebPage","@id":"https:\/\/shop.bjerring-sales.dk\/sv\/produkt\/ares-80-ett-robust-matbord\/","url":"https:\/\/shop.bjerring-sales.dk\/sv\/produkt\/ares-80-ett-robust-matbord\/","name":"Ares 80 - Ett robust matbord - Bjerring-Sales","isPartOf":{"@id":"https:\/\/shop.bjerring-sales.dk\/#website"},"primaryImageOfPage":{"@id":"https:\/\/shop.bjerring-sales.dk\/sv\/produkt\/ares-80-ett-robust-matbord\/#primaryimage"},"image":{"@id":"https:\/\/shop.bjerring-sales.dk\/sv\/produkt\/ares-80-ett-robust-matbord\/#primaryimage"},"thumbnailUrl":"https:\/\/shop.bjerring-sales.dk\/wp-content\/uploads\/2024\/07\/Ares80_taupe_800x800.jpg","datePublished":"2022-03-22T17:27:56+00:00","dateModified":"2026-04-16T15:20:33+00:00","description":"The Ares 80 table is made of Polypropylene that has been reinforced with fiberglass. The table is designed to withstand the effects of the weather and has removable legs, which makes it easy to transport and store.","breadcrumb":{"@id":"https:\/\/shop.bjerring-sales.dk\/sv\/produkt\/ares-80-ett-robust-matbord\/#breadcrumb"},"inLanguage":"en-GB","potentialAction":[{"@type":"ReadAction","target":["https:\/\/shop.bjerring-sales.dk\/sv\/produkt\/ares-80-ett-robust-matbord\/"]}]},{"@type":"ImageObject","inLanguage":"en-GB","@id":"https:\/\/shop.bjerring-sales.dk\/sv\/produkt\/ares-80-ett-robust-matbord\/#primaryimage","url":"https:\/\/shop.bjerring-sales.dk\/wp-content\/uploads\/2024\/07\/Ares80_taupe_800x800.jpg","contentUrl":"https:\/\/shop.bjerring-sales.dk\/wp-content\/uploads\/2024\/07\/Ares80_taupe_800x800.jpg","width":800,"height":800},{"@type":"BreadcrumbList","@id":"https:\/\/shop.bjerring-sales.dk\/sv\/produkt\/ares-80-ett-robust-matbord\/#breadcrumb","itemListElement":[{"@type":"ListItem","position":1,"name":"Hem","item":"https:\/\/shop.bjerring-sales.dk\/"},{"@type":"ListItem","position":2,"name":"Webbutik","item":"https:\/\/shop.bjerring-sales.dk\/butik\/"},{"@type":"ListItem","position":3,"name":"Ares 80 &#8211; Ett robust matbord"}]},{"@type":"WebSite","@id":"https:\/\/shop.bjerring-sales.dk\/#website","url":"https:\/\/shop.bjerring-sales.dk\/","name":"Bjerring Sales","description":"Furniture for theatres, schools, offices and shopping centres","publisher":{"@id":"https:\/\/shop.bjerring-sales.dk\/#organization"},"potentialAction":[{"@type":"SearchAction","target":{"@type":"EntryPoint","urlTemplate":"https:\/\/shop.bjerring-sales.dk\/?s={search_term_string}"},"query-input":{"@type":"PropertyValueSpecification","valueRequired":true,"valueName":"search_term_string"}}],"inLanguage":"en-GB"},{"@type":"Organization","@id":"https:\/\/shop.bjerring-sales.dk\/#organization","name":"Bjerring Sales","url":"https:\/\/shop.bjerring-sales.dk\/","logo":{"@type":"ImageObject","inLanguage":"en-GB","@id":"https:\/\/shop.bjerring-sales.dk\/#\/schema\/logo\/image\/","url":"https:\/\/shop.bjerring-sales.dk\/wp-content\/uploads\/2023\/01\/logo_sv.png","contentUrl":"https:\/\/shop.bjerring-sales.dk\/wp-content\/uploads\/2023\/01\/logo_sv.png","width":195,"height":68,"caption":"Bjerring-Sales"},"image":{"@id":"https:\/\/shop.bjerring-sales.dk\/#\/schema\/logo\/image\/"}}]}},"_links":{"self":[{"href":"https:\/\/shop.bjerring-sales.dk\/en\/wp-json\/wp\/v2\/product\/75609","targetHints":{"allow":["GET"]}}],"collection":[{"href":"https:\/\/shop.bjerring-sales.dk\/en\/wp-json\/wp\/v2\/product"}],"about":[{"href":"https:\/\/shop.bjerring-sales.dk\/en\/wp-json\/wp\/v2\/types\/product"}],"wp:featuredmedia":[{"embeddable":true,"href":"https:\/\/shop.bjerring-sales.dk\/en\/wp-json\/wp\/v2\/media\/98070"}],"wp:attachment":[{"href":"https:\/\/shop.bjerring-sales.dk\/en\/wp-json\/wp\/v2\/media?parent=75609"}],"wp:term":[{"taxonomy":"product_brand","embeddable":true,"href":"https:\/\/shop.bjerring-sales.dk\/en\/wp-json\/wp\/v2\/product_brand?post=75609"},{"taxonomy":"product_cat","embeddable":true,"href":"https:\/\/shop.bjerring-sales.dk\/en\/wp-json\/wp\/v2\/product_cat?post=75609"},{"taxonomy":"product_tag","embeddable":true,"href":"https:\/\/shop.bjerring-sales.dk\/en\/wp-json\/wp\/v2\/product_tag?post=75609"}],"curies":[{"name":"wp","href":"https:\/\/api.w.org\/{rel}","templated":true}]}}