{"id":75605,"date":"2022-03-22T13:49:38","date_gmt":"2022-03-22T12:49:38","guid":{"rendered":"https:\/\/pule.se\/?post_type=product&#038;p=75605"},"modified":"2026-04-16T17:21:49","modified_gmt":"2026-04-16T15:21:49","slug":"mango-stapelbart-bord","status":"publish","type":"product","link":"https:\/\/shop.bjerring-sales.dk\/en\/product\/mango-stapelbart-bord\/","title":{"rendered":"Mango - Stackable table"},"content":{"rendered":"<div class=\"wpb-content-wrapper\"><div class=\"vc_row wpb_row vc_row-fluid\"><div class=\"wpb_column vc_column_container vc_col-sm-12\"><div class=\"vc_column-inner\"><div class=\"wpb_wrapper\">\n\t<div class=\"wpb_text_column wpb_content_element\" >\n\t\t<div class=\"wpb_wrapper\">\n\t\t\t<p><span style=\"font-size: 24pt\">Mango is a stackable and durable cafe table for the patio!<br \/>\n<\/span>Mango is a practical stackable table with a square shape. The table has a stylish minimalist design and is suitable for use both indoors and outdoors.<\/p>\n\n\t\t<\/div>\n\t<\/div>\n<\/div><\/div><\/div><\/div><div class=\"vc_row wpb_row vc_row-fluid\"><div class=\"wpb_column vc_column_container vc_col-sm-4\"><div class=\"vc_column-inner\"><div class=\"wpb_wrapper\">\n\t<div  class=\"wpb_single_image wpb_content_element vc_align_center\">\n\t\t\n\t\t<figure class=\"wpb_wrapper vc_figure\">\n\t\t\t<div class=\"vc_single_image-wrapper vc_box_shadow_border  vc_box_border_grey\"><img loading=\"lazy\" decoding=\"async\" width=\"800\" height=\"550\" src=\"https:\/\/shop.bjerring-sales.dk\/wp-content\/uploads\/2022\/03\/Mango_table_white.jpg\" class=\"vc_single_image-img attachment-full\" alt=\"\" title=\"Mango_table_white\" srcset=\"https:\/\/shop.bjerring-sales.dk\/wp-content\/uploads\/2022\/03\/Mango_table_white.jpg 800w, https:\/\/shop.bjerring-sales.dk\/wp-content\/uploads\/2022\/03\/Mango_table_white-150x103.jpg 150w, https:\/\/shop.bjerring-sales.dk\/wp-content\/uploads\/2022\/03\/Mango_table_white-600x413.jpg 600w, https:\/\/shop.bjerring-sales.dk\/wp-content\/uploads\/2022\/03\/Mango_table_white-300x206.jpg 300w, https:\/\/shop.bjerring-sales.dk\/wp-content\/uploads\/2022\/03\/Mango_table_white-768x528.jpg 768w\" sizes=\"auto, (max-width: 800px) 100vw, 800px\" \/><\/div>\n\t\t<\/figure>\n\t<\/div>\n<\/div><\/div><\/div><div class=\"wpb_column vc_column_container vc_col-sm-4\"><div class=\"vc_column-inner\"><div class=\"wpb_wrapper\">\n\t<div  class=\"wpb_single_image wpb_content_element vc_align_center\">\n\t\t\n\t\t<figure class=\"wpb_wrapper vc_figure\">\n\t\t\t<div class=\"vc_single_image-wrapper vc_box_shadow_border  vc_box_border_grey\"><img loading=\"lazy\" decoding=\"async\" width=\"800\" height=\"550\" src=\"https:\/\/shop.bjerring-sales.dk\/wp-content\/uploads\/2022\/03\/Mango_table_vit.jpg\" class=\"vc_single_image-img attachment-full\" alt=\"\" title=\"Mango_table_white\" srcset=\"https:\/\/shop.bjerring-sales.dk\/wp-content\/uploads\/2022\/03\/Mango_table_vit.jpg 800w, https:\/\/shop.bjerring-sales.dk\/wp-content\/uploads\/2022\/03\/Mango_table_vit-150x103.jpg 150w, https:\/\/shop.bjerring-sales.dk\/wp-content\/uploads\/2022\/03\/Mango_table_vit-600x413.jpg 600w, https:\/\/shop.bjerring-sales.dk\/wp-content\/uploads\/2022\/03\/Mango_table_vit-300x206.jpg 300w, https:\/\/shop.bjerring-sales.dk\/wp-content\/uploads\/2022\/03\/Mango_table_vit-768x528.jpg 768w\" sizes=\"auto, (max-width: 800px) 100vw, 800px\" \/><\/div>\n\t\t<\/figure>\n\t<\/div>\n<\/div><\/div><\/div><div class=\"wpb_column vc_column_container vc_col-sm-4\"><div class=\"vc_column-inner\"><div class=\"wpb_wrapper\">\n\t<div  class=\"wpb_single_image wpb_content_element vc_align_center\">\n\t\t\n\t\t<figure class=\"wpb_wrapper vc_figure\">\n\t\t\t<div class=\"vc_single_image-wrapper vc_box_shadow_border  vc_box_border_grey\"><img loading=\"lazy\" decoding=\"async\" width=\"800\" height=\"550\" src=\"https:\/\/shop.bjerring-sales.dk\/wp-content\/uploads\/2022\/03\/Mango_table_orange.jpg\" class=\"vc_single_image-img attachment-full\" alt=\"\" title=\"Mango_table_orange\" srcset=\"https:\/\/shop.bjerring-sales.dk\/wp-content\/uploads\/2022\/03\/Mango_table_orange.jpg 800w, https:\/\/shop.bjerring-sales.dk\/wp-content\/uploads\/2022\/03\/Mango_table_orange-150x103.jpg 150w, https:\/\/shop.bjerring-sales.dk\/wp-content\/uploads\/2022\/03\/Mango_table_orange-600x413.jpg 600w, https:\/\/shop.bjerring-sales.dk\/wp-content\/uploads\/2022\/03\/Mango_table_orange-300x206.jpg 300w, https:\/\/shop.bjerring-sales.dk\/wp-content\/uploads\/2022\/03\/Mango_table_orange-768x528.jpg 768w\" sizes=\"auto, (max-width: 800px) 100vw, 800px\" \/><\/div>\n\t\t<\/figure>\n\t<\/div>\n<\/div><\/div><\/div><\/div><div class=\"vc_row wpb_row vc_row-fluid\"><div class=\"wpb_column vc_column_container vc_col-sm-6\"><div class=\"vc_column-inner\"><div class=\"wpb_wrapper\">\n\t<div class=\"wpb_text_column wpb_content_element\" >\n\t\t<div class=\"wpb_wrapper\">\n\t\t\t<p><span style=\"font-size: 18pt\">Design<br \/>\n<\/span>The Mango table is made of Polypropylene that has been reinforced with fiberglass. The table is designed to withstand the effects of the weather and has removable legs, which makes it easy to transport. The Mango table is perfect for patios, balconies, gardens, restaurants and by the pool. The table accommodates four guests.<\/p>\n<p><span style=\"font-size: 18pt\">Colors<br \/>\n<\/span>The Mango table is currently stocked in white, but for larger quantities can also be ordered in beige, orange and silver grey.<\/p>\n<p><span style=\"font-size: 18pt\">Brochure<\/span><br \/>\n<a href=\"https:\/\/elj.se\/wp-content\/uploads\/2022\/03\/contract-tables-mango-brosur-7003.pdf\" target=\"_blank\" rel=\"noopener\"><img loading=\"lazy\" decoding=\"async\" class=\"alignnone size-full wp-image-72653\" src=\"https:\/\/shop.bjerring-sales.dk\/wp-content\/uploads\/2021\/03\/PDF-doc-16.png\" alt=\"\" width=\"16\" height=\"16\" \/> Open brochure<\/a><\/p>\n\n\t\t<\/div>\n\t<\/div>\n<\/div><\/div><\/div><div class=\"wpb_column vc_column_container vc_col-sm-6\"><div class=\"vc_column-inner\"><div class=\"wpb_wrapper\">\n\t<div class=\"wpb_text_column wpb_content_element\" >\n\t\t<div class=\"wpb_wrapper\">\n\t\t\t<p><span style=\"font-size: 18pt\">Specifications<\/span><\/p>\n<ul>\n<li>Stackable table<\/li>\n<li>Fast assembly<\/li>\n<li>Polypropylene reinforced with fiberglass<\/li>\n<li>Suitable for both indoors and outdoors<\/li>\n<li>UV-resistant and water-repellent<\/li>\n<\/ul>\n<p><img loading=\"lazy\" decoding=\"async\" class=\"alignnone size-full wp-image-75638\" src=\"https:\/\/shop.bjerring-sales.dk\/wp-content\/uploads\/2022\/03\/MANGO_kulorer.png\" alt=\"\" width=\"253\" height=\"65\" srcset=\"https:\/\/shop.bjerring-sales.dk\/wp-content\/uploads\/2022\/03\/MANGO_kulorer.png 253w, https:\/\/shop.bjerring-sales.dk\/wp-content\/uploads\/2022\/03\/MANGO_kulorer-150x39.png 150w\" sizes=\"auto, (max-width: 253px) 100vw, 253px\" \/><\/p>\n\n\t\t<\/div>\n\t<\/div>\n<\/div><\/div><\/div><\/div><div class=\"vc_row wpb_row vc_row-fluid\"><div class=\"wpb_column vc_column_container vc_col-sm-4\"><div class=\"vc_column-inner\"><div class=\"wpb_wrapper\">\n\t<div  class=\"wpb_single_image wpb_content_element vc_align_center\">\n\t\t\n\t\t<figure class=\"wpb_wrapper vc_figure\">\n\t\t\t<div class=\"vc_single_image-wrapper vc_box_shadow_border  vc_box_border_grey\"><img loading=\"lazy\" decoding=\"async\" width=\"800\" height=\"550\" src=\"https:\/\/shop.bjerring-sales.dk\/wp-content\/uploads\/2022\/03\/Mango_table_lucca_white.jpg\" class=\"vc_single_image-img attachment-full\" alt=\"\" title=\"Mango_table_lucca_white\" srcset=\"https:\/\/shop.bjerring-sales.dk\/wp-content\/uploads\/2022\/03\/Mango_table_lucca_white.jpg 800w, https:\/\/shop.bjerring-sales.dk\/wp-content\/uploads\/2022\/03\/Mango_table_lucca_white-150x103.jpg 150w, https:\/\/shop.bjerring-sales.dk\/wp-content\/uploads\/2022\/03\/Mango_table_lucca_white-600x413.jpg 600w, https:\/\/shop.bjerring-sales.dk\/wp-content\/uploads\/2022\/03\/Mango_table_lucca_white-300x206.jpg 300w, https:\/\/shop.bjerring-sales.dk\/wp-content\/uploads\/2022\/03\/Mango_table_lucca_white-768x528.jpg 768w\" sizes=\"auto, (max-width: 800px) 100vw, 800px\" \/><\/div>\n\t\t<\/figure>\n\t<\/div>\n<\/div><\/div><\/div><div class=\"wpb_column vc_column_container vc_col-sm-4\"><div class=\"vc_column-inner\"><div class=\"wpb_wrapper\">\n\t<div  class=\"wpb_single_image wpb_content_element vc_align_center\">\n\t\t\n\t\t<figure class=\"wpb_wrapper vc_figure\">\n\t\t\t<div class=\"vc_single_image-wrapper vc_box_shadow_border  vc_box_border_grey\"><img loading=\"lazy\" decoding=\"async\" width=\"800\" height=\"550\" src=\"https:\/\/shop.bjerring-sales.dk\/wp-content\/uploads\/2022\/03\/Mango_table_lucca_green.jpg\" class=\"vc_single_image-img attachment-full\" alt=\"\" title=\"Mango_table_lucca_green\" srcset=\"https:\/\/shop.bjerring-sales.dk\/wp-content\/uploads\/2022\/03\/Mango_table_lucca_green.jpg 800w, https:\/\/shop.bjerring-sales.dk\/wp-content\/uploads\/2022\/03\/Mango_table_lucca_green-150x103.jpg 150w, https:\/\/shop.bjerring-sales.dk\/wp-content\/uploads\/2022\/03\/Mango_table_lucca_green-600x413.jpg 600w, https:\/\/shop.bjerring-sales.dk\/wp-content\/uploads\/2022\/03\/Mango_table_lucca_green-300x206.jpg 300w, https:\/\/shop.bjerring-sales.dk\/wp-content\/uploads\/2022\/03\/Mango_table_lucca_green-768x528.jpg 768w\" sizes=\"auto, (max-width: 800px) 100vw, 800px\" \/><\/div>\n\t\t<\/figure>\n\t<\/div>\n<\/div><\/div><\/div><div class=\"wpb_column vc_column_container vc_col-sm-4\"><div class=\"vc_column-inner\"><div class=\"wpb_wrapper\">\n\t<div  class=\"wpb_single_image wpb_content_element vc_align_center\">\n\t\t\n\t\t<figure class=\"wpb_wrapper vc_figure\">\n\t\t\t<div class=\"vc_single_image-wrapper vc_box_shadow_border  vc_box_border_grey\"><img loading=\"lazy\" decoding=\"async\" width=\"800\" height=\"550\" src=\"https:\/\/shop.bjerring-sales.dk\/wp-content\/uploads\/2022\/03\/Mango_table_dolce.jpg\" class=\"vc_single_image-img attachment-full\" alt=\"\" title=\"Mango_table_dolce\" srcset=\"https:\/\/shop.bjerring-sales.dk\/wp-content\/uploads\/2022\/03\/Mango_table_dolce.jpg 800w, https:\/\/shop.bjerring-sales.dk\/wp-content\/uploads\/2022\/03\/Mango_table_dolce-150x103.jpg 150w, https:\/\/shop.bjerring-sales.dk\/wp-content\/uploads\/2022\/03\/Mango_table_dolce-600x413.jpg 600w, https:\/\/shop.bjerring-sales.dk\/wp-content\/uploads\/2022\/03\/Mango_table_dolce-300x206.jpg 300w, https:\/\/shop.bjerring-sales.dk\/wp-content\/uploads\/2022\/03\/Mango_table_dolce-768x528.jpg 768w\" sizes=\"auto, (max-width: 800px) 100vw, 800px\" \/><\/div>\n\t\t<\/figure>\n\t<\/div>\n<\/div><\/div><\/div><\/div><div class=\"vc_row wpb_row vc_row-fluid\"><div class=\"wpb_column vc_column_container vc_col-sm-6\"><div class=\"vc_column-inner\"><div class=\"wpb_wrapper\">\n\t<div class=\"wpb_text_column wpb_content_element\" >\n\t\t<div class=\"wpb_wrapper\">\n\t\t\t<p><span style=\"font-size: 18pt\">Measure<\/span><\/p>\n<ul>\n<li>Height: 72 cm<\/li>\n<li>Width: 72 cm<\/li>\n<li>Depth: 72 cm<\/li>\n<\/ul>\n<p><span style=\"font-size: 18pt\">Weight<\/span><\/p>\n<ul>\n<li>7.3 kg<\/li>\n<\/ul>\n<p><span style=\"font-size: 18pt\">MOQ<\/span><\/p>\n<ul>\n<li>1 pc when ordering a color that is part of our standard range<\/li>\n<li>10 pcs\/colour when ordering a color that is not part of our standard range<\/li>\n<\/ul>\n\n\t\t<\/div>\n\t<\/div>\n<\/div><\/div><\/div><div class=\"wpb_column vc_column_container vc_col-sm-6\"><div class=\"vc_column-inner\"><div class=\"wpb_wrapper\">\n\t<div class=\"wpb_text_column wpb_content_element\" >\n\t\t<div class=\"wpb_wrapper\">\n\t\t\t<p><span style=\"font-size: 18pt\">Supplier\/Brand<br \/>\n<\/span>ISILPLAST, which is the owner of the SIESTA brand, was founded in 1978, it has been a leading player for over 40 years in the plastic injection molding segment. Creativity and technology, glamor and functionality, quality and innovation. This is the remarkable and unique set of factors, combined with a strategic vision that focuses not only on products but also on distribution, behind Siesta&#039;s success. Siesta is a world leader in the use of plastic and produces collections of chairs and tables, all designed to be multifunctional, versatile, user-friendly and with an undeniable style.<\/p>\n\n\t\t<\/div>\n\t<\/div>\n<\/div><\/div><\/div><\/div>\n<\/div>","protected":false},"excerpt":{"rendered":"<p>The Mango table is made of Polypropylene that has been reinforced with fiberglass. The table is designed to withstand the effects of the weather and has removable legs, which makes it easy to transport. The Mango table is perfect for patios, balconies, gardens, restaurants and by the pool. The table accommodates four guests.<\/p>","protected":false},"featured_media":102579,"template":"","meta":{"iawp_total_views":13},"product_brand":[],"product_cat":[6343,6304,5911,6260],"product_tag":[5980,6254,6470],"class_list":{"0":"post-75605","1":"product","2":"type-product","3":"status-publish","4":"has-post-thumbnail","6":"product_cat-bord-utomhus","7":"product_cat-utemobler","8":"product_cat-cafebord","9":"product_cat-matbord","10":"product_tag-siesta-exclusive","11":"product_tag-stapelbart-bord","12":"product_tag-uteserveringsbord","14":"first","15":"instock","16":"taxable","17":"shipping-taxable","18":"purchasable","19":"product-type-simple"},"yoast_head":"<!-- This site is optimized with the Yoast SEO plugin v27.0 - https:\/\/yoast.com\/product\/yoast-seo-wordpress\/ -->\n<title>Mango - Stapelbart bord - Bjerring-Sales<\/title>\n<meta name=\"description\" content=\"Mango bordet \u00e4r tillverkat av Polypropen som har f\u00f6rst\u00e4rkts med glasfiber. Bordet \u00e4r designad f\u00f6r att motst\u00e5 v\u00e4derp\u00e5verkan och har avtagbara ben vilket g\u00f6r det smidigt att transportera.\" \/>\n<meta name=\"robots\" content=\"index, follow, max-snippet:-1, max-image-preview:large, max-video-preview:-1\" \/>\n<link rel=\"canonical\" href=\"https:\/\/shop.bjerring-sales.dk\/en\/product\/mango-stapelbart-bord\/\" \/>\n<meta property=\"og:locale\" content=\"en_GB\" \/>\n<meta property=\"og:type\" content=\"article\" \/>\n<meta property=\"og:title\" content=\"Mango \u00e4r ett stapelbart och h\u00e5llbart caf\u00e9bord till uteplatsen!\" \/>\n<meta property=\"og:description\" content=\"Mango bordet \u00e4r tillverkat av Polypropen som har f\u00f6rst\u00e4rkts med glasfiber. Bordet \u00e4r designad f\u00f6r att motst\u00e5 v\u00e4derp\u00e5verkan och har avtagbara ben vilket g\u00f6r det smidigt att transportera.\" \/>\n<meta property=\"og:url\" content=\"https:\/\/shop.bjerring-sales.dk\/en\/product\/mango-stapelbart-bord\/\" \/>\n<meta property=\"og:site_name\" content=\"Bjerring-Sales\" \/>\n<meta property=\"article:modified_time\" content=\"2026-04-16T15:21:49+00:00\" \/>\n<meta property=\"og:image\" content=\"https:\/\/shop.bjerring-sales.dk\/wp-content\/uploads\/2022\/03\/Mango_table_white_bloom_800x800.jpg\" \/>\n\t<meta property=\"og:image:width\" content=\"800\" \/>\n\t<meta property=\"og:image:height\" content=\"800\" \/>\n\t<meta property=\"og:image:type\" content=\"image\/jpeg\" \/>\n<meta name=\"twitter:card\" content=\"summary_large_image\" \/>\n<meta name=\"twitter:title\" content=\"Mango \u00e4r ett stapelbart och h\u00e5llbart caf\u00e9bord till uteplatsen!\" \/>\n<meta name=\"twitter:description\" content=\"Mango bordet \u00e4r tillverkat av Polypropen som har f\u00f6rst\u00e4rkts med glasfiber. Bordet \u00e4r designad f\u00f6r att motst\u00e5 v\u00e4derp\u00e5verkan och har avtagbara ben vilket g\u00f6r det smidigt att transportera.\" \/>\n<meta name=\"twitter:image\" content=\"https:\/\/shop.bjerring-sales.dk\/wp-content\/uploads\/2022\/03\/Mango_table_white_bloom_800x800.jpg\" \/>\n<meta name=\"twitter:label1\" content=\"Estimated reading time\" \/>\n\t<meta name=\"twitter:data1\" content=\"3 minutes\" \/>\n<script type=\"application\/ld+json\" class=\"yoast-schema-graph\">{\"@context\":\"https:\/\/schema.org\",\"@graph\":[{\"@type\":\"WebPage\",\"@id\":\"https:\/\/shop.bjerring-sales.dk\/sv\/produkt\/mango-stapelbart-bord\/\",\"url\":\"https:\/\/shop.bjerring-sales.dk\/sv\/produkt\/mango-stapelbart-bord\/\",\"name\":\"Mango - Stapelbart bord - Bjerring-Sales\",\"isPartOf\":{\"@id\":\"https:\/\/shop.bjerring-sales.dk\/#website\"},\"primaryImageOfPage\":{\"@id\":\"https:\/\/shop.bjerring-sales.dk\/sv\/produkt\/mango-stapelbart-bord\/#primaryimage\"},\"image\":{\"@id\":\"https:\/\/shop.bjerring-sales.dk\/sv\/produkt\/mango-stapelbart-bord\/#primaryimage\"},\"thumbnailUrl\":\"https:\/\/shop.bjerring-sales.dk\/wp-content\/uploads\/2026\/04\/Mango-vit-1_1-800x800px.jpg\",\"datePublished\":\"2022-03-22T12:49:38+00:00\",\"dateModified\":\"2026-04-16T15:21:49+00:00\",\"description\":\"Mango bordet \u00e4r tillverkat av Polypropen som har f\u00f6rst\u00e4rkts med glasfiber. Bordet \u00e4r designad f\u00f6r att motst\u00e5 v\u00e4derp\u00e5verkan och har avtagbara ben vilket g\u00f6r det smidigt att transportera.\",\"breadcrumb\":{\"@id\":\"https:\/\/shop.bjerring-sales.dk\/sv\/produkt\/mango-stapelbart-bord\/#breadcrumb\"},\"inLanguage\":\"en-GB\",\"potentialAction\":[{\"@type\":\"ReadAction\",\"target\":[\"https:\/\/shop.bjerring-sales.dk\/sv\/produkt\/mango-stapelbart-bord\/\"]}]},{\"@type\":\"ImageObject\",\"inLanguage\":\"en-GB\",\"@id\":\"https:\/\/shop.bjerring-sales.dk\/sv\/produkt\/mango-stapelbart-bord\/#primaryimage\",\"url\":\"https:\/\/shop.bjerring-sales.dk\/wp-content\/uploads\/2026\/04\/Mango-vit-1_1-800x800px.jpg\",\"contentUrl\":\"https:\/\/shop.bjerring-sales.dk\/wp-content\/uploads\/2026\/04\/Mango-vit-1_1-800x800px.jpg\",\"width\":1080,\"height\":1080},{\"@type\":\"BreadcrumbList\",\"@id\":\"https:\/\/shop.bjerring-sales.dk\/sv\/produkt\/mango-stapelbart-bord\/#breadcrumb\",\"itemListElement\":[{\"@type\":\"ListItem\",\"position\":1,\"name\":\"Hem\",\"item\":\"https:\/\/shop.bjerring-sales.dk\/\"},{\"@type\":\"ListItem\",\"position\":2,\"name\":\"Webbutik\",\"item\":\"https:\/\/shop.bjerring-sales.dk\/butik\/\"},{\"@type\":\"ListItem\",\"position\":3,\"name\":\"Mango &#8211; Stapelbart bord\"}]},{\"@type\":\"WebSite\",\"@id\":\"https:\/\/shop.bjerring-sales.dk\/#website\",\"url\":\"https:\/\/shop.bjerring-sales.dk\/\",\"name\":\"Bjerring-Sales\",\"description\":\"M\u00f6bler f\u00f6r teatrar, skolor, kontor och k\u00f6pcentrum\",\"publisher\":{\"@id\":\"https:\/\/shop.bjerring-sales.dk\/#organization\"},\"potentialAction\":[{\"@type\":\"SearchAction\",\"target\":{\"@type\":\"EntryPoint\",\"urlTemplate\":\"https:\/\/shop.bjerring-sales.dk\/?s={search_term_string}\"},\"query-input\":{\"@type\":\"PropertyValueSpecification\",\"valueRequired\":true,\"valueName\":\"search_term_string\"}}],\"inLanguage\":\"en-GB\"},{\"@type\":\"Organization\",\"@id\":\"https:\/\/shop.bjerring-sales.dk\/#organization\",\"name\":\"Bjerring-Sales\",\"url\":\"https:\/\/shop.bjerring-sales.dk\/\",\"logo\":{\"@type\":\"ImageObject\",\"inLanguage\":\"en-GB\",\"@id\":\"https:\/\/shop.bjerring-sales.dk\/#\/schema\/logo\/image\/\",\"url\":\"https:\/\/shop.bjerring-sales.dk\/wp-content\/uploads\/2023\/01\/logo_sv.png\",\"contentUrl\":\"https:\/\/shop.bjerring-sales.dk\/wp-content\/uploads\/2023\/01\/logo_sv.png\",\"width\":195,\"height\":68,\"caption\":\"Bjerring-Sales\"},\"image\":{\"@id\":\"https:\/\/shop.bjerring-sales.dk\/#\/schema\/logo\/image\/\"}}]}<\/script>\n<!-- \/ Yoast SEO plugin. -->","yoast_head_json":{"title":"Mango - Stapelbart bord - Bjerring-Sales","description":"Mango bordet \u00e4r tillverkat av Polypropen som har f\u00f6rst\u00e4rkts med glasfiber. Bordet \u00e4r designad f\u00f6r att motst\u00e5 v\u00e4derp\u00e5verkan och har avtagbara ben vilket g\u00f6r det smidigt att transportera.","robots":{"index":"index","follow":"follow","max-snippet":"max-snippet:-1","max-image-preview":"max-image-preview:large","max-video-preview":"max-video-preview:-1"},"canonical":"https:\/\/shop.bjerring-sales.dk\/en\/product\/mango-stapelbart-bord\/","og_locale":"en_GB","og_type":"article","og_title":"Mango \u00e4r ett stapelbart och h\u00e5llbart caf\u00e9bord till uteplatsen!","og_description":"Mango bordet \u00e4r tillverkat av Polypropen som har f\u00f6rst\u00e4rkts med glasfiber. Bordet \u00e4r designad f\u00f6r att motst\u00e5 v\u00e4derp\u00e5verkan och har avtagbara ben vilket g\u00f6r det smidigt att transportera.","og_url":"https:\/\/shop.bjerring-sales.dk\/en\/product\/mango-stapelbart-bord\/","og_site_name":"Bjerring-Sales","article_modified_time":"2026-04-16T15:21:49+00:00","og_image":[{"width":800,"height":800,"url":"https:\/\/shop.bjerring-sales.dk\/wp-content\/uploads\/2022\/03\/Mango_table_white_bloom_800x800.jpg","type":"image\/jpeg"}],"twitter_card":"summary_large_image","twitter_title":"Mango \u00e4r ett stapelbart och h\u00e5llbart caf\u00e9bord till uteplatsen!","twitter_description":"Mango bordet \u00e4r tillverkat av Polypropen som har f\u00f6rst\u00e4rkts med glasfiber. Bordet \u00e4r designad f\u00f6r att motst\u00e5 v\u00e4derp\u00e5verkan och har avtagbara ben vilket g\u00f6r det smidigt att transportera.","twitter_image":"https:\/\/shop.bjerring-sales.dk\/wp-content\/uploads\/2022\/03\/Mango_table_white_bloom_800x800.jpg","twitter_misc":{"Estimated reading time":"3 minutes"},"schema":{"@context":"https:\/\/schema.org","@graph":[{"@type":"WebPage","@id":"https:\/\/shop.bjerring-sales.dk\/sv\/produkt\/mango-stapelbart-bord\/","url":"https:\/\/shop.bjerring-sales.dk\/sv\/produkt\/mango-stapelbart-bord\/","name":"Mango - Stapelbart bord - Bjerring-Sales","isPartOf":{"@id":"https:\/\/shop.bjerring-sales.dk\/#website"},"primaryImageOfPage":{"@id":"https:\/\/shop.bjerring-sales.dk\/sv\/produkt\/mango-stapelbart-bord\/#primaryimage"},"image":{"@id":"https:\/\/shop.bjerring-sales.dk\/sv\/produkt\/mango-stapelbart-bord\/#primaryimage"},"thumbnailUrl":"https:\/\/shop.bjerring-sales.dk\/wp-content\/uploads\/2026\/04\/Mango-vit-1_1-800x800px.jpg","datePublished":"2022-03-22T12:49:38+00:00","dateModified":"2026-04-16T15:21:49+00:00","description":"Mango bordet \u00e4r tillverkat av Polypropen som har f\u00f6rst\u00e4rkts med glasfiber. Bordet \u00e4r designad f\u00f6r att motst\u00e5 v\u00e4derp\u00e5verkan och har avtagbara ben vilket g\u00f6r det smidigt att transportera.","breadcrumb":{"@id":"https:\/\/shop.bjerring-sales.dk\/sv\/produkt\/mango-stapelbart-bord\/#breadcrumb"},"inLanguage":"en-GB","potentialAction":[{"@type":"ReadAction","target":["https:\/\/shop.bjerring-sales.dk\/sv\/produkt\/mango-stapelbart-bord\/"]}]},{"@type":"ImageObject","inLanguage":"en-GB","@id":"https:\/\/shop.bjerring-sales.dk\/sv\/produkt\/mango-stapelbart-bord\/#primaryimage","url":"https:\/\/shop.bjerring-sales.dk\/wp-content\/uploads\/2026\/04\/Mango-vit-1_1-800x800px.jpg","contentUrl":"https:\/\/shop.bjerring-sales.dk\/wp-content\/uploads\/2026\/04\/Mango-vit-1_1-800x800px.jpg","width":1080,"height":1080},{"@type":"BreadcrumbList","@id":"https:\/\/shop.bjerring-sales.dk\/sv\/produkt\/mango-stapelbart-bord\/#breadcrumb","itemListElement":[{"@type":"ListItem","position":1,"name":"Hem","item":"https:\/\/shop.bjerring-sales.dk\/"},{"@type":"ListItem","position":2,"name":"Webbutik","item":"https:\/\/shop.bjerring-sales.dk\/butik\/"},{"@type":"ListItem","position":3,"name":"Mango &#8211; Stapelbart bord"}]},{"@type":"WebSite","@id":"https:\/\/shop.bjerring-sales.dk\/#website","url":"https:\/\/shop.bjerring-sales.dk\/","name":"Bjerring Sales","description":"Furniture for theatres, schools, offices and shopping centres","publisher":{"@id":"https:\/\/shop.bjerring-sales.dk\/#organization"},"potentialAction":[{"@type":"SearchAction","target":{"@type":"EntryPoint","urlTemplate":"https:\/\/shop.bjerring-sales.dk\/?s={search_term_string}"},"query-input":{"@type":"PropertyValueSpecification","valueRequired":true,"valueName":"search_term_string"}}],"inLanguage":"en-GB"},{"@type":"Organization","@id":"https:\/\/shop.bjerring-sales.dk\/#organization","name":"Bjerring Sales","url":"https:\/\/shop.bjerring-sales.dk\/","logo":{"@type":"ImageObject","inLanguage":"en-GB","@id":"https:\/\/shop.bjerring-sales.dk\/#\/schema\/logo\/image\/","url":"https:\/\/shop.bjerring-sales.dk\/wp-content\/uploads\/2023\/01\/logo_sv.png","contentUrl":"https:\/\/shop.bjerring-sales.dk\/wp-content\/uploads\/2023\/01\/logo_sv.png","width":195,"height":68,"caption":"Bjerring-Sales"},"image":{"@id":"https:\/\/shop.bjerring-sales.dk\/#\/schema\/logo\/image\/"}}]}},"_links":{"self":[{"href":"https:\/\/shop.bjerring-sales.dk\/en\/wp-json\/wp\/v2\/product\/75605","targetHints":{"allow":["GET"]}}],"collection":[{"href":"https:\/\/shop.bjerring-sales.dk\/en\/wp-json\/wp\/v2\/product"}],"about":[{"href":"https:\/\/shop.bjerring-sales.dk\/en\/wp-json\/wp\/v2\/types\/product"}],"wp:featuredmedia":[{"embeddable":true,"href":"https:\/\/shop.bjerring-sales.dk\/en\/wp-json\/wp\/v2\/media\/102579"}],"wp:attachment":[{"href":"https:\/\/shop.bjerring-sales.dk\/en\/wp-json\/wp\/v2\/media?parent=75605"}],"wp:term":[{"taxonomy":"product_brand","embeddable":true,"href":"https:\/\/shop.bjerring-sales.dk\/en\/wp-json\/wp\/v2\/product_brand?post=75605"},{"taxonomy":"product_cat","embeddable":true,"href":"https:\/\/shop.bjerring-sales.dk\/en\/wp-json\/wp\/v2\/product_cat?post=75605"},{"taxonomy":"product_tag","embeddable":true,"href":"https:\/\/shop.bjerring-sales.dk\/en\/wp-json\/wp\/v2\/product_tag?post=75605"}],"curies":[{"name":"wp","href":"https:\/\/api.w.org\/{rel}","templated":true}]}}