{"id":75588,"date":"2022-03-21T16:00:00","date_gmt":"2022-03-21T15:00:00","guid":{"rendered":"https:\/\/pule.se\/?post_type=product&#038;p=75588"},"modified":"2023-01-18T14:26:15","modified_gmt":"2023-01-18T13:26:15","slug":"stamatta-easy","status":"publish","type":"product","link":"https:\/\/shop.bjerring-sales.dk\/en\/product\/stamatta-easy\/","title":{"rendered":"Floor mat EASY"},"content":{"rendered":"<div class=\"wpb-content-wrapper\"><div class=\"vc_row wpb_row vc_row-fluid\"><div class=\"wpb_column vc_column_container vc_col-sm-12\"><div class=\"vc_column-inner\"><div class=\"wpb_wrapper\">\n\t<div class=\"wpb_text_column wpb_content_element\" >\n\t\t<div class=\"wpb_wrapper\">\n\t\t\t<p><span style=\"font-size: 24pt\">Perfect for use with adjustable desks!<br \/>\n<\/span>Standing mat EASY is the softest textile standing mat for workstations on the market. The ergonomic standing mat is perfect for use with adjustable desks as well as similar standing workstations.<\/p>\n\n\t\t<\/div>\n\t<\/div>\n<\/div><\/div><\/div><\/div><div class=\"vc_row wpb_row vc_row-fluid\"><div class=\"wpb_column vc_column_container vc_col-sm-4\"><div class=\"vc_column-inner\"><div class=\"wpb_wrapper\">\n\t<div  class=\"wpb_single_image wpb_content_element vc_align_center\">\n\t\t\n\t\t<figure class=\"wpb_wrapper vc_figure\">\n\t\t\t<div class=\"vc_single_image-wrapper vc_box_shadow_border  vc_box_border_grey\"><img loading=\"lazy\" decoding=\"async\" width=\"800\" height=\"550\" src=\"https:\/\/shop.bjerring-sales.dk\/wp-content\/uploads\/2022\/03\/223201_3.jpg\" class=\"vc_single_image-img attachment-full\" alt=\"\" title=\"223201_3\" srcset=\"https:\/\/shop.bjerring-sales.dk\/wp-content\/uploads\/2022\/03\/223201_3.jpg 800w, https:\/\/shop.bjerring-sales.dk\/wp-content\/uploads\/2022\/03\/223201_3-150x103.jpg 150w, https:\/\/shop.bjerring-sales.dk\/wp-content\/uploads\/2022\/03\/223201_3-600x413.jpg 600w, https:\/\/shop.bjerring-sales.dk\/wp-content\/uploads\/2022\/03\/223201_3-300x206.jpg 300w, https:\/\/shop.bjerring-sales.dk\/wp-content\/uploads\/2022\/03\/223201_3-768x528.jpg 768w\" sizes=\"auto, (max-width: 800px) 100vw, 800px\" \/><\/div>\n\t\t<\/figure>\n\t<\/div>\n<\/div><\/div><\/div><div class=\"wpb_column vc_column_container vc_col-sm-4\"><div class=\"vc_column-inner\"><div class=\"wpb_wrapper\">\n\t<div  class=\"wpb_single_image wpb_content_element vc_align_center\">\n\t\t\n\t\t<figure class=\"wpb_wrapper vc_figure\">\n\t\t\t<div class=\"vc_single_image-wrapper vc_box_shadow_border  vc_box_border_grey\"><img loading=\"lazy\" decoding=\"async\" width=\"800\" height=\"550\" src=\"https:\/\/shop.bjerring-sales.dk\/wp-content\/uploads\/2022\/03\/stoo_super_soft__koukku_.jpg\" class=\"vc_single_image-img attachment-full\" alt=\"\" title=\"stoo_super_soft__koukku_\" srcset=\"https:\/\/shop.bjerring-sales.dk\/wp-content\/uploads\/2022\/03\/stoo_super_soft__koukku_.jpg 800w, https:\/\/shop.bjerring-sales.dk\/wp-content\/uploads\/2022\/03\/stoo_super_soft__koukku_-150x103.jpg 150w, https:\/\/shop.bjerring-sales.dk\/wp-content\/uploads\/2022\/03\/stoo_super_soft__koukku_-600x413.jpg 600w, https:\/\/shop.bjerring-sales.dk\/wp-content\/uploads\/2022\/03\/stoo_super_soft__koukku_-300x206.jpg 300w, https:\/\/shop.bjerring-sales.dk\/wp-content\/uploads\/2022\/03\/stoo_super_soft__koukku_-768x528.jpg 768w\" sizes=\"auto, (max-width: 800px) 100vw, 800px\" \/><\/div>\n\t\t<\/figure>\n\t<\/div>\n<\/div><\/div><\/div><div class=\"wpb_column vc_column_container vc_col-sm-4\"><div class=\"vc_column-inner\"><div class=\"wpb_wrapper\">\n\t<div  class=\"wpb_single_image wpb_content_element vc_align_center\">\n\t\t\n\t\t<figure class=\"wpb_wrapper vc_figure\">\n\t\t\t<div class=\"vc_single_image-wrapper vc_box_shadow_border  vc_box_border_grey\"><img loading=\"lazy\" decoding=\"async\" width=\"800\" height=\"550\" src=\"https:\/\/shop.bjerring-sales.dk\/wp-content\/uploads\/2022\/03\/223200_223001_4.jpg\" class=\"vc_single_image-img attachment-full\" alt=\"\" title=\"223200_223001_4\" srcset=\"https:\/\/shop.bjerring-sales.dk\/wp-content\/uploads\/2022\/03\/223200_223001_4.jpg 800w, https:\/\/shop.bjerring-sales.dk\/wp-content\/uploads\/2022\/03\/223200_223001_4-150x103.jpg 150w, https:\/\/shop.bjerring-sales.dk\/wp-content\/uploads\/2022\/03\/223200_223001_4-600x413.jpg 600w, https:\/\/shop.bjerring-sales.dk\/wp-content\/uploads\/2022\/03\/223200_223001_4-300x206.jpg 300w, https:\/\/shop.bjerring-sales.dk\/wp-content\/uploads\/2022\/03\/223200_223001_4-768x528.jpg 768w\" sizes=\"auto, (max-width: 800px) 100vw, 800px\" \/><\/div>\n\t\t<\/figure>\n\t<\/div>\n<\/div><\/div><\/div><\/div><div class=\"vc_row wpb_row vc_row-fluid\"><div class=\"wpb_column vc_column_container vc_col-sm-6\"><div class=\"vc_column-inner\"><div class=\"wpb_wrapper\">\n\t<div class=\"wpb_text_column wpb_content_element\" >\n\t\t<div class=\"wpb_wrapper\">\n\t\t\t<p><span style=\"font-size: 18pt\">Area of use<\/span><br \/>\nFloor mat EASY is suitable for use in offices, home offices and also fits well in shops. Standing mat EASY is very simple and comfortable to carry with you. The mat is easy to hang on the edge of the table with the included hook. It is equally possible to use the mat with or without shoes, the load is distributed between your legs and feet.<\/p>\n<p><span style=\"font-size: 18pt\">Design<\/span><br \/>\nWhen developing St\u00e5matta EASY, they wanted to give it a design that would fit into most office environments. The ergonomic mat has a nicely structured and very durable polyester surface. The floor mat&#039;s surface and cellular structure guarantee the best possible user experience. The grip of the sole is excellent and the chamfered edges eliminate the risk of tripping.<\/p>\n<p><span style=\"font-size: 18pt\">Measure<\/span><\/p>\n<ul>\n<li>760 x 520 x 28 mm<\/li>\n<\/ul>\n<p><span style=\"font-size: 18pt\">Weight<\/span><\/p>\n<ul>\n<li>1.3 kg<\/li>\n<\/ul>\n\n\t\t<\/div>\n\t<\/div>\n<\/div><\/div><\/div><div class=\"wpb_column vc_column_container vc_col-sm-6\"><div class=\"vc_column-inner\"><div class=\"wpb_wrapper\">\n\t<div class=\"wpb_text_column wpb_content_element\" >\n\t\t<div class=\"wpb_wrapper\">\n\t\t\t<p><span style=\"font-size: 18pt\">Specifications<\/span><\/p>\n<ul>\n<li>Does not contain PVC<\/li>\n<li>Light gray colour<\/li>\n<li>Includes hanging hook<\/li>\n<li>Surface 100 % polyester (PSF)<\/li>\n<li>Interior PU (PVC-free)<\/li>\n<\/ul>\n<p><span style=\"font-size: 18pt\">Guarantee<\/span><\/p>\n<ul>\n<li>5 year warranty<\/li>\n<\/ul>\n\n\t\t<\/div>\n\t<\/div>\n<\/div><\/div><\/div><\/div>\n<\/div>","protected":false},"excerpt":{"rendered":"<p>Floor mat EASY is suitable for use in offices, home offices and also fits well in shops. Standing mat EASY is very simple and comfortable to carry with you. The mat is easy to hang on the edge of the table with the included hook. It is equally possible to use the mat with or without shoes, the load is distributed between your legs and feet.<\/p>","protected":false},"featured_media":75589,"template":"","meta":{"iawp_total_views":2},"product_brand":[],"product_cat":[5785,6353,5798,6025],"product_tag":[5793,6248,6250,6251,6252],"class_list":{"0":"post-75588","1":"product","2":"type-product","3":"status-publish","4":"has-post-thumbnail","6":"product_cat-hemmakontor","7":"product_cat-up-down-easy","8":"product_cat-kontorsprodukter","9":"product_cat-ergonomiskt-sittande","10":"product_tag-ergonomi","11":"product_tag-aktivt-staende","12":"product_tag-aktivt-arbete","13":"product_tag-stamatta-easy","14":"product_tag-ergonomisk-matta","16":"first","17":"instock","18":"taxable","19":"shipping-taxable","20":"purchasable","21":"product-type-simple"},"yoast_head":"<!-- This site is optimized with the Yoast SEO plugin v27.0 - https:\/\/yoast.com\/product\/yoast-seo-wordpress\/ -->\n<title>St\u00e5matta EASY - Bjerring-Sales<\/title>\n<meta name=\"description\" content=\"St\u00e5matta EASY \u00e4r l\u00e4mplig f\u00f6r anv\u00e4ndning i kontor, hemmakontor och passar \u00e4ven bra i butiker. St\u00e5matta EASY \u00e4r mycket enkel och bekv\u00e4m att b\u00e4ra med sig.\" \/>\n<meta name=\"robots\" content=\"index, follow, max-snippet:-1, max-image-preview:large, max-video-preview:-1\" \/>\n<link rel=\"canonical\" href=\"https:\/\/shop.bjerring-sales.dk\/en\/product\/stamatta-easy\/\" \/>\n<meta property=\"og:locale\" content=\"en_GB\" \/>\n<meta property=\"og:type\" content=\"article\" \/>\n<meta property=\"og:title\" content=\"Perfekt st\u00e5matta f\u00f6r anv\u00e4ndning tillsammans med h\u00f6j och s\u00e4nkbara skrivbord!\" \/>\n<meta property=\"og:description\" content=\"St\u00e5matta EASY \u00e4r l\u00e4mplig f\u00f6r anv\u00e4ndning i kontor, hemmakontor och passar \u00e4ven bra i butiker. St\u00e5matta EASY \u00e4r mycket enkel och bekv\u00e4m att b\u00e4ra med sig.\" \/>\n<meta property=\"og:url\" content=\"https:\/\/shop.bjerring-sales.dk\/en\/product\/stamatta-easy\/\" \/>\n<meta property=\"og:site_name\" content=\"Bjerring-Sales\" \/>\n<meta property=\"article:modified_time\" content=\"2023-01-18T13:26:15+00:00\" \/>\n<meta property=\"og:image\" content=\"https:\/\/pule.se\/wp-content\/uploads\/2022\/03\/223200_223001_4.jpg\" \/>\n\t<meta property=\"og:image:width\" content=\"800\" \/>\n\t<meta property=\"og:image:height\" content=\"550\" \/>\n\t<meta property=\"og:image:type\" content=\"image\/jpeg\" \/>\n<meta name=\"twitter:card\" content=\"summary_large_image\" \/>\n<meta name=\"twitter:title\" content=\"Perfekt st\u00e5matta f\u00f6r anv\u00e4ndning tillsammans med h\u00f6j och s\u00e4nkbara skrivbord!\" \/>\n<meta name=\"twitter:description\" content=\"St\u00e5matta EASY \u00e4r l\u00e4mplig f\u00f6r anv\u00e4ndning i kontor, hemmakontor och passar \u00e4ven bra i butiker. St\u00e5matta EASY \u00e4r mycket enkel och bekv\u00e4m att b\u00e4ra med sig.\" \/>\n<meta name=\"twitter:image\" content=\"https:\/\/shop.bjerring-sales.dk\/wp-content\/uploads\/2022\/03\/223200_223001_4.jpg\" \/>\n<meta name=\"twitter:label1\" content=\"Estimated reading time\" \/>\n\t<meta name=\"twitter:data1\" content=\"2 minutes\" \/>\n<script type=\"application\/ld+json\" class=\"yoast-schema-graph\">{\"@context\":\"https:\/\/schema.org\",\"@graph\":[{\"@type\":\"WebPage\",\"@id\":\"https:\/\/shop.bjerring-sales.dk\/sv\/produkt\/stamatta-easy\/\",\"url\":\"https:\/\/shop.bjerring-sales.dk\/sv\/produkt\/stamatta-easy\/\",\"name\":\"St\u00e5matta EASY - Bjerring-Sales\",\"isPartOf\":{\"@id\":\"https:\/\/shop.bjerring-sales.dk\/#website\"},\"primaryImageOfPage\":{\"@id\":\"https:\/\/shop.bjerring-sales.dk\/sv\/produkt\/stamatta-easy\/#primaryimage\"},\"image\":{\"@id\":\"https:\/\/shop.bjerring-sales.dk\/sv\/produkt\/stamatta-easy\/#primaryimage\"},\"thumbnailUrl\":\"https:\/\/shop.bjerring-sales.dk\/wp-content\/uploads\/2022\/03\/223201.jpg\",\"datePublished\":\"2022-03-21T15:00:00+00:00\",\"dateModified\":\"2023-01-18T13:26:15+00:00\",\"description\":\"St\u00e5matta EASY \u00e4r l\u00e4mplig f\u00f6r anv\u00e4ndning i kontor, hemmakontor och passar \u00e4ven bra i butiker. St\u00e5matta EASY \u00e4r mycket enkel och bekv\u00e4m att b\u00e4ra med sig.\",\"breadcrumb\":{\"@id\":\"https:\/\/shop.bjerring-sales.dk\/sv\/produkt\/stamatta-easy\/#breadcrumb\"},\"inLanguage\":\"en-GB\",\"potentialAction\":[{\"@type\":\"ReadAction\",\"target\":[\"https:\/\/shop.bjerring-sales.dk\/sv\/produkt\/stamatta-easy\/\"]}]},{\"@type\":\"ImageObject\",\"inLanguage\":\"en-GB\",\"@id\":\"https:\/\/shop.bjerring-sales.dk\/sv\/produkt\/stamatta-easy\/#primaryimage\",\"url\":\"https:\/\/shop.bjerring-sales.dk\/wp-content\/uploads\/2022\/03\/223201.jpg\",\"contentUrl\":\"https:\/\/shop.bjerring-sales.dk\/wp-content\/uploads\/2022\/03\/223201.jpg\",\"width\":800,\"height\":800},{\"@type\":\"BreadcrumbList\",\"@id\":\"https:\/\/shop.bjerring-sales.dk\/sv\/produkt\/stamatta-easy\/#breadcrumb\",\"itemListElement\":[{\"@type\":\"ListItem\",\"position\":1,\"name\":\"Hem\",\"item\":\"https:\/\/shop.bjerring-sales.dk\/\"},{\"@type\":\"ListItem\",\"position\":2,\"name\":\"Webbutik\",\"item\":\"https:\/\/shop.bjerring-sales.dk\/butik\/\"},{\"@type\":\"ListItem\",\"position\":3,\"name\":\"St\u00e5matta EASY\"}]},{\"@type\":\"WebSite\",\"@id\":\"https:\/\/shop.bjerring-sales.dk\/#website\",\"url\":\"https:\/\/shop.bjerring-sales.dk\/\",\"name\":\"Bjerring-Sales\",\"description\":\"M\u00f6bler f\u00f6r teatrar, skolor, kontor och k\u00f6pcentrum\",\"publisher\":{\"@id\":\"https:\/\/shop.bjerring-sales.dk\/#organization\"},\"potentialAction\":[{\"@type\":\"SearchAction\",\"target\":{\"@type\":\"EntryPoint\",\"urlTemplate\":\"https:\/\/shop.bjerring-sales.dk\/?s={search_term_string}\"},\"query-input\":{\"@type\":\"PropertyValueSpecification\",\"valueRequired\":true,\"valueName\":\"search_term_string\"}}],\"inLanguage\":\"en-GB\"},{\"@type\":\"Organization\",\"@id\":\"https:\/\/shop.bjerring-sales.dk\/#organization\",\"name\":\"Bjerring-Sales\",\"url\":\"https:\/\/shop.bjerring-sales.dk\/\",\"logo\":{\"@type\":\"ImageObject\",\"inLanguage\":\"en-GB\",\"@id\":\"https:\/\/shop.bjerring-sales.dk\/#\/schema\/logo\/image\/\",\"url\":\"https:\/\/shop.bjerring-sales.dk\/wp-content\/uploads\/2023\/01\/logo_sv.png\",\"contentUrl\":\"https:\/\/shop.bjerring-sales.dk\/wp-content\/uploads\/2023\/01\/logo_sv.png\",\"width\":195,\"height\":68,\"caption\":\"Bjerring-Sales\"},\"image\":{\"@id\":\"https:\/\/shop.bjerring-sales.dk\/#\/schema\/logo\/image\/\"}}]}<\/script>\n<!-- \/ Yoast SEO plugin. -->","yoast_head_json":{"title":"St\u00e5matta EASY - Bjerring-Sales","description":"St\u00e5matta EASY \u00e4r l\u00e4mplig f\u00f6r anv\u00e4ndning i kontor, hemmakontor och passar \u00e4ven bra i butiker. St\u00e5matta EASY \u00e4r mycket enkel och bekv\u00e4m att b\u00e4ra med sig.","robots":{"index":"index","follow":"follow","max-snippet":"max-snippet:-1","max-image-preview":"max-image-preview:large","max-video-preview":"max-video-preview:-1"},"canonical":"https:\/\/shop.bjerring-sales.dk\/en\/product\/stamatta-easy\/","og_locale":"en_GB","og_type":"article","og_title":"Perfekt st\u00e5matta f\u00f6r anv\u00e4ndning tillsammans med h\u00f6j och s\u00e4nkbara skrivbord!","og_description":"St\u00e5matta EASY \u00e4r l\u00e4mplig f\u00f6r anv\u00e4ndning i kontor, hemmakontor och passar \u00e4ven bra i butiker. St\u00e5matta EASY \u00e4r mycket enkel och bekv\u00e4m att b\u00e4ra med sig.","og_url":"https:\/\/shop.bjerring-sales.dk\/en\/product\/stamatta-easy\/","og_site_name":"Bjerring-Sales","article_modified_time":"2023-01-18T13:26:15+00:00","og_image":[{"width":800,"height":550,"url":"https:\/\/pule.se\/wp-content\/uploads\/2022\/03\/223200_223001_4.jpg","type":"image\/jpeg"}],"twitter_card":"summary_large_image","twitter_title":"Perfekt st\u00e5matta f\u00f6r anv\u00e4ndning tillsammans med h\u00f6j och s\u00e4nkbara skrivbord!","twitter_description":"St\u00e5matta EASY \u00e4r l\u00e4mplig f\u00f6r anv\u00e4ndning i kontor, hemmakontor och passar \u00e4ven bra i butiker. St\u00e5matta EASY \u00e4r mycket enkel och bekv\u00e4m att b\u00e4ra med sig.","twitter_image":"https:\/\/shop.bjerring-sales.dk\/wp-content\/uploads\/2022\/03\/223200_223001_4.jpg","twitter_misc":{"Estimated reading time":"2 minutes"},"schema":{"@context":"https:\/\/schema.org","@graph":[{"@type":"WebPage","@id":"https:\/\/shop.bjerring-sales.dk\/sv\/produkt\/stamatta-easy\/","url":"https:\/\/shop.bjerring-sales.dk\/sv\/produkt\/stamatta-easy\/","name":"St\u00e5matta EASY - Bjerring-Sales","isPartOf":{"@id":"https:\/\/shop.bjerring-sales.dk\/#website"},"primaryImageOfPage":{"@id":"https:\/\/shop.bjerring-sales.dk\/sv\/produkt\/stamatta-easy\/#primaryimage"},"image":{"@id":"https:\/\/shop.bjerring-sales.dk\/sv\/produkt\/stamatta-easy\/#primaryimage"},"thumbnailUrl":"https:\/\/shop.bjerring-sales.dk\/wp-content\/uploads\/2022\/03\/223201.jpg","datePublished":"2022-03-21T15:00:00+00:00","dateModified":"2023-01-18T13:26:15+00:00","description":"St\u00e5matta EASY \u00e4r l\u00e4mplig f\u00f6r anv\u00e4ndning i kontor, hemmakontor och passar \u00e4ven bra i butiker. St\u00e5matta EASY \u00e4r mycket enkel och bekv\u00e4m att b\u00e4ra med sig.","breadcrumb":{"@id":"https:\/\/shop.bjerring-sales.dk\/sv\/produkt\/stamatta-easy\/#breadcrumb"},"inLanguage":"en-GB","potentialAction":[{"@type":"ReadAction","target":["https:\/\/shop.bjerring-sales.dk\/sv\/produkt\/stamatta-easy\/"]}]},{"@type":"ImageObject","inLanguage":"en-GB","@id":"https:\/\/shop.bjerring-sales.dk\/sv\/produkt\/stamatta-easy\/#primaryimage","url":"https:\/\/shop.bjerring-sales.dk\/wp-content\/uploads\/2022\/03\/223201.jpg","contentUrl":"https:\/\/shop.bjerring-sales.dk\/wp-content\/uploads\/2022\/03\/223201.jpg","width":800,"height":800},{"@type":"BreadcrumbList","@id":"https:\/\/shop.bjerring-sales.dk\/sv\/produkt\/stamatta-easy\/#breadcrumb","itemListElement":[{"@type":"ListItem","position":1,"name":"Hem","item":"https:\/\/shop.bjerring-sales.dk\/"},{"@type":"ListItem","position":2,"name":"Webbutik","item":"https:\/\/shop.bjerring-sales.dk\/butik\/"},{"@type":"ListItem","position":3,"name":"St\u00e5matta EASY"}]},{"@type":"WebSite","@id":"https:\/\/shop.bjerring-sales.dk\/#website","url":"https:\/\/shop.bjerring-sales.dk\/","name":"Bjerring Sales","description":"Furniture for theatres, schools, offices and shopping centres","publisher":{"@id":"https:\/\/shop.bjerring-sales.dk\/#organization"},"potentialAction":[{"@type":"SearchAction","target":{"@type":"EntryPoint","urlTemplate":"https:\/\/shop.bjerring-sales.dk\/?s={search_term_string}"},"query-input":{"@type":"PropertyValueSpecification","valueRequired":true,"valueName":"search_term_string"}}],"inLanguage":"en-GB"},{"@type":"Organization","@id":"https:\/\/shop.bjerring-sales.dk\/#organization","name":"Bjerring Sales","url":"https:\/\/shop.bjerring-sales.dk\/","logo":{"@type":"ImageObject","inLanguage":"en-GB","@id":"https:\/\/shop.bjerring-sales.dk\/#\/schema\/logo\/image\/","url":"https:\/\/shop.bjerring-sales.dk\/wp-content\/uploads\/2023\/01\/logo_sv.png","contentUrl":"https:\/\/shop.bjerring-sales.dk\/wp-content\/uploads\/2023\/01\/logo_sv.png","width":195,"height":68,"caption":"Bjerring-Sales"},"image":{"@id":"https:\/\/shop.bjerring-sales.dk\/#\/schema\/logo\/image\/"}}]}},"_links":{"self":[{"href":"https:\/\/shop.bjerring-sales.dk\/en\/wp-json\/wp\/v2\/product\/75588","targetHints":{"allow":["GET"]}}],"collection":[{"href":"https:\/\/shop.bjerring-sales.dk\/en\/wp-json\/wp\/v2\/product"}],"about":[{"href":"https:\/\/shop.bjerring-sales.dk\/en\/wp-json\/wp\/v2\/types\/product"}],"wp:featuredmedia":[{"embeddable":true,"href":"https:\/\/shop.bjerring-sales.dk\/en\/wp-json\/wp\/v2\/media\/75589"}],"wp:attachment":[{"href":"https:\/\/shop.bjerring-sales.dk\/en\/wp-json\/wp\/v2\/media?parent=75588"}],"wp:term":[{"taxonomy":"product_brand","embeddable":true,"href":"https:\/\/shop.bjerring-sales.dk\/en\/wp-json\/wp\/v2\/product_brand?post=75588"},{"taxonomy":"product_cat","embeddable":true,"href":"https:\/\/shop.bjerring-sales.dk\/en\/wp-json\/wp\/v2\/product_cat?post=75588"},{"taxonomy":"product_tag","embeddable":true,"href":"https:\/\/shop.bjerring-sales.dk\/en\/wp-json\/wp\/v2\/product_tag?post=75588"}],"curies":[{"name":"wp","href":"https:\/\/api.w.org\/{rel}","templated":true}]}}