{"id":72940,"date":"2022-02-24T17:18:27","date_gmt":"2022-02-24T16:18:27","guid":{"rendered":"https:\/\/pule.se\/?post_type=product&#038;p=72940"},"modified":"2026-02-26T17:29:54","modified_gmt":"2026-02-26T16:29:54","slug":"aktiv-balanspall","status":"publish","type":"product","link":"https:\/\/shop.bjerring-sales.dk\/en\/product\/aktiv-balanspall\/","title":{"rendered":"Active balance stool"},"content":{"rendered":"<div class=\"wpb-content-wrapper\"><div class=\"vc_row wpb_row vc_row-fluid\"><div class=\"wpb_column vc_column_container vc_col-sm-12\"><div class=\"vc_column-inner\"><div class=\"wpb_wrapper\">\n\t<div class=\"wpb_text_column wpb_content_element\" >\n\t\t<div class=\"wpb_wrapper\">\n\t\t\t<p><span style=\"font-size: 24pt\">An ergonomic balance stool with a stand that can be raised and lowered<br \/>\n<\/span>Active balance stool is developed and designed to both train and relieve the body at the same time. When using a balance stool, you both strengthen your body and help maintain a good posture.<\/p>\n\n\t\t<\/div>\n\t<\/div>\n<\/div><\/div><\/div><\/div><div class=\"vc_row wpb_row vc_row-fluid\"><div class=\"wpb_column vc_column_container vc_col-sm-4\"><div class=\"vc_column-inner\"><div class=\"wpb_wrapper\">\n\t<div  class=\"wpb_single_image wpb_content_element vc_align_center\">\n\t\t\n\t\t<figure class=\"wpb_wrapper vc_figure\">\n\t\t\t<div class=\"vc_single_image-wrapper vc_box_shadow_border  vc_box_border_grey\"><img loading=\"lazy\" decoding=\"async\" width=\"800\" height=\"550\" src=\"https:\/\/shop.bjerring-sales.dk\/wp-content\/uploads\/2022\/02\/Aktiv_balanspall_5.jpg\" class=\"vc_single_image-img attachment-full\" alt=\"\" title=\"Active_balance pallet_5\" srcset=\"https:\/\/shop.bjerring-sales.dk\/wp-content\/uploads\/2022\/02\/Aktiv_balanspall_5.jpg 800w, https:\/\/shop.bjerring-sales.dk\/wp-content\/uploads\/2022\/02\/Aktiv_balanspall_5-150x103.jpg 150w, https:\/\/shop.bjerring-sales.dk\/wp-content\/uploads\/2022\/02\/Aktiv_balanspall_5-600x413.jpg 600w, https:\/\/shop.bjerring-sales.dk\/wp-content\/uploads\/2022\/02\/Aktiv_balanspall_5-300x206.jpg 300w, https:\/\/shop.bjerring-sales.dk\/wp-content\/uploads\/2022\/02\/Aktiv_balanspall_5-768x528.jpg 768w\" sizes=\"auto, (max-width: 800px) 100vw, 800px\" \/><\/div>\n\t\t<\/figure>\n\t<\/div>\n<\/div><\/div><\/div><div class=\"wpb_column vc_column_container vc_col-sm-4\"><div class=\"vc_column-inner\"><div class=\"wpb_wrapper\">\n\t<div  class=\"wpb_single_image wpb_content_element vc_align_center\">\n\t\t\n\t\t<figure class=\"wpb_wrapper vc_figure\">\n\t\t\t<div class=\"vc_single_image-wrapper vc_box_shadow_border  vc_box_border_grey\"><img loading=\"lazy\" decoding=\"async\" width=\"800\" height=\"550\" src=\"https:\/\/shop.bjerring-sales.dk\/wp-content\/uploads\/2022\/02\/Aktiv_balanspall_1.jpg\" class=\"vc_single_image-img attachment-full\" alt=\"\" title=\"Active_balance pallet_1\" srcset=\"https:\/\/shop.bjerring-sales.dk\/wp-content\/uploads\/2022\/02\/Aktiv_balanspall_1.jpg 800w, https:\/\/shop.bjerring-sales.dk\/wp-content\/uploads\/2022\/02\/Aktiv_balanspall_1-150x103.jpg 150w, https:\/\/shop.bjerring-sales.dk\/wp-content\/uploads\/2022\/02\/Aktiv_balanspall_1-600x413.jpg 600w, https:\/\/shop.bjerring-sales.dk\/wp-content\/uploads\/2022\/02\/Aktiv_balanspall_1-300x206.jpg 300w, https:\/\/shop.bjerring-sales.dk\/wp-content\/uploads\/2022\/02\/Aktiv_balanspall_1-768x528.jpg 768w\" sizes=\"auto, (max-width: 800px) 100vw, 800px\" \/><\/div>\n\t\t<\/figure>\n\t<\/div>\n<\/div><\/div><\/div><div class=\"wpb_column vc_column_container vc_col-sm-4\"><div class=\"vc_column-inner\"><div class=\"wpb_wrapper\">\n\t<div  class=\"wpb_single_image wpb_content_element vc_align_center\">\n\t\t\n\t\t<figure class=\"wpb_wrapper vc_figure\">\n\t\t\t<div class=\"vc_single_image-wrapper vc_box_shadow_border  vc_box_border_grey\"><img loading=\"lazy\" decoding=\"async\" width=\"800\" height=\"550\" src=\"https:\/\/shop.bjerring-sales.dk\/wp-content\/uploads\/2022\/02\/Aktiv_balanspall_4.jpg\" class=\"vc_single_image-img attachment-full\" alt=\"\" title=\"Active_balance pallet_4\" srcset=\"https:\/\/shop.bjerring-sales.dk\/wp-content\/uploads\/2022\/02\/Aktiv_balanspall_4.jpg 800w, https:\/\/shop.bjerring-sales.dk\/wp-content\/uploads\/2022\/02\/Aktiv_balanspall_4-150x103.jpg 150w, https:\/\/shop.bjerring-sales.dk\/wp-content\/uploads\/2022\/02\/Aktiv_balanspall_4-600x413.jpg 600w, https:\/\/shop.bjerring-sales.dk\/wp-content\/uploads\/2022\/02\/Aktiv_balanspall_4-300x206.jpg 300w, https:\/\/shop.bjerring-sales.dk\/wp-content\/uploads\/2022\/02\/Aktiv_balanspall_4-768x528.jpg 768w\" sizes=\"auto, (max-width: 800px) 100vw, 800px\" \/><\/div>\n\t\t<\/figure>\n\t<\/div>\n<\/div><\/div><\/div><\/div><div class=\"vc_row wpb_row vc_row-fluid\"><div class=\"wpb_column vc_column_container vc_col-sm-6\"><div class=\"vc_column-inner\"><div class=\"wpb_wrapper\">\n\t<div class=\"wpb_text_column wpb_content_element\" >\n\t\t<div class=\"wpb_wrapper\">\n\t\t\t<p><span style=\"font-size: 18pt\">Area of use<br \/>\n<\/span>Active balance stool is an ergonomic stool that promotes active sitting. This means that the user both increases blood circulation and strengthens the muscles. The advantage of active sitting is that the risk of pain is significantly reduced compared to sitting statically for a longer period. The balance stool is easy to move, is infinitely adjustable in height and the seat can be rotated 360 degrees.<\/p>\n<p><span style=\"font-size: 18pt\">Specifications<\/span><\/p>\n<ul>\n<li>Active\/ergonomic sitting<\/li>\n<li>Raised &amp; lowerable<\/li>\n<li>Seat covered in black durable fabric<\/li>\n<li>Black chassis<\/li>\n<\/ul>\n<p><span style=\"font-size: 18pt\">Weight<\/span><\/p>\n<ul>\n<li>7.8 kg<\/li>\n<\/ul>\n\n\t\t<\/div>\n\t<\/div>\n<\/div><\/div><\/div><div class=\"wpb_column vc_column_container vc_col-sm-6\"><div class=\"vc_column-inner\"><div class=\"wpb_wrapper\">\n\t<div class=\"wpb_text_column wpb_content_element\" >\n\t\t<div class=\"wpb_wrapper\">\n\t\t\t<p><span style=\"font-size: 18pt\">Measure<\/span><\/p>\n<ul>\n<li>Height: 56-81 cm<\/li>\n<li>Seat diameter: 37.5 cm<\/li>\n<li>Diameter foot: 41 cm<\/li>\n<\/ul>\n<p><img loading=\"lazy\" decoding=\"async\" class=\"alignnone size-full wp-image-72985\" src=\"https:\/\/shop.bjerring-sales.dk\/wp-content\/uploads\/2022\/02\/abalanspall-m.jpg\" alt=\"\" width=\"668\" height=\"305\" srcset=\"https:\/\/shop.bjerring-sales.dk\/wp-content\/uploads\/2022\/02\/abalanspall-m.jpg 668w, https:\/\/shop.bjerring-sales.dk\/wp-content\/uploads\/2022\/02\/abalanspall-m-150x68.jpg 150w, https:\/\/shop.bjerring-sales.dk\/wp-content\/uploads\/2022\/02\/abalanspall-m-600x274.jpg 600w, https:\/\/shop.bjerring-sales.dk\/wp-content\/uploads\/2022\/02\/abalanspall-m-300x137.jpg 300w\" sizes=\"auto, (max-width: 668px) 100vw, 668px\" \/><\/p>\n\n\t\t<\/div>\n\t<\/div>\n<\/div><\/div><\/div><\/div>\n<\/div>","protected":false},"excerpt":{"rendered":"<p>Active balance stool is an ergonomic stool that promotes active sitting. This means that the user both increases blood circulation and strengthens the muscles. The advantage of active sitting is that the risk of pain is significantly reduced compared to sitting statically for a longer period.<\/p>","protected":false},"featured_media":98939,"template":"","meta":{"iawp_total_views":3},"product_brand":[],"product_cat":[5785,5791,5826,5827,6025],"product_tag":[5793,5950,6024,6026],"class_list":{"0":"post-72940","1":"product","2":"type-product","3":"status-publish","4":"has-post-thumbnail","6":"product_cat-hemmakontor","7":"product_cat-stolar","8":"product_cat-skrivbordsstolar","9":"product_cat-kontorsstolar","10":"product_cat-ergonomiskt-sittande","11":"product_tag-ergonomi","12":"product_tag-balanspall","13":"product_tag-aktivt-sittande","14":"product_tag-sittpall","16":"first","17":"instock","18":"taxable","19":"shipping-taxable","20":"purchasable","21":"product-type-simple"},"yoast_head":"<!-- This site is optimized with the Yoast SEO plugin v27.0 - https:\/\/yoast.com\/product\/yoast-seo-wordpress\/ -->\n<title>Aktiv balanspall - Bjerring-Sales<\/title>\n<meta name=\"description\" content=\"Aktiv balanspall \u00e4r en ergonomiskt pall som fr\u00e4mjar ett aktivt sittande. Detta inneb\u00e4r att anv\u00e4ndaren b\u00e5de \u00f6kar blodcirkulationen och st\u00e4rker musklerna.\" \/>\n<meta name=\"robots\" content=\"index, follow, max-snippet:-1, max-image-preview:large, max-video-preview:-1\" \/>\n<link rel=\"canonical\" href=\"https:\/\/shop.bjerring-sales.dk\/en\/product\/aktiv-balanspall\/\" \/>\n<meta property=\"og:locale\" content=\"en_GB\" \/>\n<meta property=\"og:type\" content=\"article\" \/>\n<meta property=\"og:title\" content=\"Aktiv balanspall - Bjerring-Sales\" \/>\n<meta property=\"og:description\" content=\"Aktiv balanspall \u00e4r en ergonomiskt pall som fr\u00e4mjar ett aktivt sittande. Detta inneb\u00e4r att anv\u00e4ndaren b\u00e5de \u00f6kar blodcirkulationen och st\u00e4rker musklerna.\" \/>\n<meta property=\"og:url\" content=\"https:\/\/shop.bjerring-sales.dk\/en\/product\/aktiv-balanspall\/\" \/>\n<meta property=\"og:site_name\" content=\"Bjerring-Sales\" \/>\n<meta property=\"article:modified_time\" content=\"2026-02-26T16:29:54+00:00\" \/>\n<meta property=\"og:image\" content=\"https:\/\/shop.bjerring-sales.dk\/wp-content\/uploads\/2024\/10\/Aktiv_balanspall_prod.1.jpg\" \/>\n\t<meta property=\"og:image:width\" content=\"800\" \/>\n\t<meta property=\"og:image:height\" content=\"800\" \/>\n\t<meta property=\"og:image:type\" content=\"image\/jpeg\" \/>\n<meta name=\"twitter:card\" content=\"summary_large_image\" \/>\n<meta name=\"twitter:label1\" content=\"Estimated reading time\" \/>\n\t<meta name=\"twitter:data1\" content=\"2 minutes\" \/>\n<script type=\"application\/ld+json\" class=\"yoast-schema-graph\">{\"@context\":\"https:\/\/schema.org\",\"@graph\":[{\"@type\":\"WebPage\",\"@id\":\"https:\/\/shop.bjerring-sales.dk\/sv\/produkt\/aktiv-balanspall\/\",\"url\":\"https:\/\/shop.bjerring-sales.dk\/sv\/produkt\/aktiv-balanspall\/\",\"name\":\"Aktiv balanspall - Bjerring-Sales\",\"isPartOf\":{\"@id\":\"https:\/\/shop.bjerring-sales.dk\/#website\"},\"primaryImageOfPage\":{\"@id\":\"https:\/\/shop.bjerring-sales.dk\/sv\/produkt\/aktiv-balanspall\/#primaryimage\"},\"image\":{\"@id\":\"https:\/\/shop.bjerring-sales.dk\/sv\/produkt\/aktiv-balanspall\/#primaryimage\"},\"thumbnailUrl\":\"https:\/\/shop.bjerring-sales.dk\/wp-content\/uploads\/2024\/10\/Aktiv_balanspall_prod.1.jpg\",\"datePublished\":\"2022-02-24T16:18:27+00:00\",\"dateModified\":\"2026-02-26T16:29:54+00:00\",\"description\":\"Aktiv balanspall \u00e4r en ergonomiskt pall som fr\u00e4mjar ett aktivt sittande. Detta inneb\u00e4r att anv\u00e4ndaren b\u00e5de \u00f6kar blodcirkulationen och st\u00e4rker musklerna.\",\"breadcrumb\":{\"@id\":\"https:\/\/shop.bjerring-sales.dk\/sv\/produkt\/aktiv-balanspall\/#breadcrumb\"},\"inLanguage\":\"en-GB\",\"potentialAction\":[{\"@type\":\"ReadAction\",\"target\":[\"https:\/\/shop.bjerring-sales.dk\/sv\/produkt\/aktiv-balanspall\/\"]}]},{\"@type\":\"ImageObject\",\"inLanguage\":\"en-GB\",\"@id\":\"https:\/\/shop.bjerring-sales.dk\/sv\/produkt\/aktiv-balanspall\/#primaryimage\",\"url\":\"https:\/\/shop.bjerring-sales.dk\/wp-content\/uploads\/2024\/10\/Aktiv_balanspall_prod.1.jpg\",\"contentUrl\":\"https:\/\/shop.bjerring-sales.dk\/wp-content\/uploads\/2024\/10\/Aktiv_balanspall_prod.1.jpg\",\"width\":800,\"height\":800},{\"@type\":\"BreadcrumbList\",\"@id\":\"https:\/\/shop.bjerring-sales.dk\/sv\/produkt\/aktiv-balanspall\/#breadcrumb\",\"itemListElement\":[{\"@type\":\"ListItem\",\"position\":1,\"name\":\"Hem\",\"item\":\"https:\/\/shop.bjerring-sales.dk\/\"},{\"@type\":\"ListItem\",\"position\":2,\"name\":\"Webbutik\",\"item\":\"https:\/\/shop.bjerring-sales.dk\/butik\/\"},{\"@type\":\"ListItem\",\"position\":3,\"name\":\"Aktiv balanspall\"}]},{\"@type\":\"WebSite\",\"@id\":\"https:\/\/shop.bjerring-sales.dk\/#website\",\"url\":\"https:\/\/shop.bjerring-sales.dk\/\",\"name\":\"Bjerring-Sales\",\"description\":\"M\u00f6bler f\u00f6r teatrar, skolor, kontor och k\u00f6pcentrum\",\"publisher\":{\"@id\":\"https:\/\/shop.bjerring-sales.dk\/#organization\"},\"potentialAction\":[{\"@type\":\"SearchAction\",\"target\":{\"@type\":\"EntryPoint\",\"urlTemplate\":\"https:\/\/shop.bjerring-sales.dk\/?s={search_term_string}\"},\"query-input\":{\"@type\":\"PropertyValueSpecification\",\"valueRequired\":true,\"valueName\":\"search_term_string\"}}],\"inLanguage\":\"en-GB\"},{\"@type\":\"Organization\",\"@id\":\"https:\/\/shop.bjerring-sales.dk\/#organization\",\"name\":\"Bjerring-Sales\",\"url\":\"https:\/\/shop.bjerring-sales.dk\/\",\"logo\":{\"@type\":\"ImageObject\",\"inLanguage\":\"en-GB\",\"@id\":\"https:\/\/shop.bjerring-sales.dk\/#\/schema\/logo\/image\/\",\"url\":\"https:\/\/shop.bjerring-sales.dk\/wp-content\/uploads\/2023\/01\/logo_sv.png\",\"contentUrl\":\"https:\/\/shop.bjerring-sales.dk\/wp-content\/uploads\/2023\/01\/logo_sv.png\",\"width\":195,\"height\":68,\"caption\":\"Bjerring-Sales\"},\"image\":{\"@id\":\"https:\/\/shop.bjerring-sales.dk\/#\/schema\/logo\/image\/\"}}]}<\/script>\n<!-- \/ Yoast SEO plugin. -->","yoast_head_json":{"title":"Aktiv balanspall - Bjerring-Sales","description":"Aktiv balanspall \u00e4r en ergonomiskt pall som fr\u00e4mjar ett aktivt sittande. Detta inneb\u00e4r att anv\u00e4ndaren b\u00e5de \u00f6kar blodcirkulationen och st\u00e4rker musklerna.","robots":{"index":"index","follow":"follow","max-snippet":"max-snippet:-1","max-image-preview":"max-image-preview:large","max-video-preview":"max-video-preview:-1"},"canonical":"https:\/\/shop.bjerring-sales.dk\/en\/product\/aktiv-balanspall\/","og_locale":"en_GB","og_type":"article","og_title":"Aktiv balanspall - Bjerring-Sales","og_description":"Aktiv balanspall \u00e4r en ergonomiskt pall som fr\u00e4mjar ett aktivt sittande. Detta inneb\u00e4r att anv\u00e4ndaren b\u00e5de \u00f6kar blodcirkulationen och st\u00e4rker musklerna.","og_url":"https:\/\/shop.bjerring-sales.dk\/en\/product\/aktiv-balanspall\/","og_site_name":"Bjerring-Sales","article_modified_time":"2026-02-26T16:29:54+00:00","og_image":[{"width":800,"height":800,"url":"https:\/\/shop.bjerring-sales.dk\/wp-content\/uploads\/2024\/10\/Aktiv_balanspall_prod.1.jpg","type":"image\/jpeg"}],"twitter_card":"summary_large_image","twitter_misc":{"Estimated reading time":"2 minutes"},"schema":{"@context":"https:\/\/schema.org","@graph":[{"@type":"WebPage","@id":"https:\/\/shop.bjerring-sales.dk\/sv\/produkt\/aktiv-balanspall\/","url":"https:\/\/shop.bjerring-sales.dk\/sv\/produkt\/aktiv-balanspall\/","name":"Aktiv balanspall - Bjerring-Sales","isPartOf":{"@id":"https:\/\/shop.bjerring-sales.dk\/#website"},"primaryImageOfPage":{"@id":"https:\/\/shop.bjerring-sales.dk\/sv\/produkt\/aktiv-balanspall\/#primaryimage"},"image":{"@id":"https:\/\/shop.bjerring-sales.dk\/sv\/produkt\/aktiv-balanspall\/#primaryimage"},"thumbnailUrl":"https:\/\/shop.bjerring-sales.dk\/wp-content\/uploads\/2024\/10\/Aktiv_balanspall_prod.1.jpg","datePublished":"2022-02-24T16:18:27+00:00","dateModified":"2026-02-26T16:29:54+00:00","description":"Aktiv balanspall \u00e4r en ergonomiskt pall som fr\u00e4mjar ett aktivt sittande. Detta inneb\u00e4r att anv\u00e4ndaren b\u00e5de \u00f6kar blodcirkulationen och st\u00e4rker musklerna.","breadcrumb":{"@id":"https:\/\/shop.bjerring-sales.dk\/sv\/produkt\/aktiv-balanspall\/#breadcrumb"},"inLanguage":"en-GB","potentialAction":[{"@type":"ReadAction","target":["https:\/\/shop.bjerring-sales.dk\/sv\/produkt\/aktiv-balanspall\/"]}]},{"@type":"ImageObject","inLanguage":"en-GB","@id":"https:\/\/shop.bjerring-sales.dk\/sv\/produkt\/aktiv-balanspall\/#primaryimage","url":"https:\/\/shop.bjerring-sales.dk\/wp-content\/uploads\/2024\/10\/Aktiv_balanspall_prod.1.jpg","contentUrl":"https:\/\/shop.bjerring-sales.dk\/wp-content\/uploads\/2024\/10\/Aktiv_balanspall_prod.1.jpg","width":800,"height":800},{"@type":"BreadcrumbList","@id":"https:\/\/shop.bjerring-sales.dk\/sv\/produkt\/aktiv-balanspall\/#breadcrumb","itemListElement":[{"@type":"ListItem","position":1,"name":"Hem","item":"https:\/\/shop.bjerring-sales.dk\/"},{"@type":"ListItem","position":2,"name":"Webbutik","item":"https:\/\/shop.bjerring-sales.dk\/butik\/"},{"@type":"ListItem","position":3,"name":"Aktiv balanspall"}]},{"@type":"WebSite","@id":"https:\/\/shop.bjerring-sales.dk\/#website","url":"https:\/\/shop.bjerring-sales.dk\/","name":"Bjerring Sales","description":"Furniture for theatres, schools, offices and shopping centres","publisher":{"@id":"https:\/\/shop.bjerring-sales.dk\/#organization"},"potentialAction":[{"@type":"SearchAction","target":{"@type":"EntryPoint","urlTemplate":"https:\/\/shop.bjerring-sales.dk\/?s={search_term_string}"},"query-input":{"@type":"PropertyValueSpecification","valueRequired":true,"valueName":"search_term_string"}}],"inLanguage":"en-GB"},{"@type":"Organization","@id":"https:\/\/shop.bjerring-sales.dk\/#organization","name":"Bjerring Sales","url":"https:\/\/shop.bjerring-sales.dk\/","logo":{"@type":"ImageObject","inLanguage":"en-GB","@id":"https:\/\/shop.bjerring-sales.dk\/#\/schema\/logo\/image\/","url":"https:\/\/shop.bjerring-sales.dk\/wp-content\/uploads\/2023\/01\/logo_sv.png","contentUrl":"https:\/\/shop.bjerring-sales.dk\/wp-content\/uploads\/2023\/01\/logo_sv.png","width":195,"height":68,"caption":"Bjerring-Sales"},"image":{"@id":"https:\/\/shop.bjerring-sales.dk\/#\/schema\/logo\/image\/"}}]}},"_links":{"self":[{"href":"https:\/\/shop.bjerring-sales.dk\/en\/wp-json\/wp\/v2\/product\/72940","targetHints":{"allow":["GET"]}}],"collection":[{"href":"https:\/\/shop.bjerring-sales.dk\/en\/wp-json\/wp\/v2\/product"}],"about":[{"href":"https:\/\/shop.bjerring-sales.dk\/en\/wp-json\/wp\/v2\/types\/product"}],"wp:featuredmedia":[{"embeddable":true,"href":"https:\/\/shop.bjerring-sales.dk\/en\/wp-json\/wp\/v2\/media\/98939"}],"wp:attachment":[{"href":"https:\/\/shop.bjerring-sales.dk\/en\/wp-json\/wp\/v2\/media?parent=72940"}],"wp:term":[{"taxonomy":"product_brand","embeddable":true,"href":"https:\/\/shop.bjerring-sales.dk\/en\/wp-json\/wp\/v2\/product_brand?post=72940"},{"taxonomy":"product_cat","embeddable":true,"href":"https:\/\/shop.bjerring-sales.dk\/en\/wp-json\/wp\/v2\/product_cat?post=72940"},{"taxonomy":"product_tag","embeddable":true,"href":"https:\/\/shop.bjerring-sales.dk\/en\/wp-json\/wp\/v2\/product_tag?post=72940"}],"curies":[{"name":"wp","href":"https:\/\/api.w.org\/{rel}","templated":true}]}}