{"id":72650,"date":"2017-09-18T14:22:14","date_gmt":"2017-09-18T12:22:14","guid":{"rendered":"https:\/\/pule.se\/produkt\/stolkarra-2\/"},"modified":"2026-03-02T12:27:13","modified_gmt":"2026-03-02T11:27:13","slug":"stolkarra","status":"publish","type":"product","link":"https:\/\/shop.bjerring-sales.dk\/en\/product\/stolkarra\/","title":{"rendered":"Chair wheelbarrow"},"content":{"rendered":"<p><span style=\"font-size: 24pt\">Chair trolley for moving stackable chairs<\/span><\/p>\n<p>A flexible chair trolley for moving stackable chairs. Suitable for businesses that move and change the furniture often, such as at conferences, trainings, lectures or other similar events. The chair cart simplifies everyday life for the end user.<\/p>\n<ul>\n<li>Chair trolley with two wheels<\/li>\n<li>Powder-coated stand<\/li>\n<li>Fabric seat<\/li>\n<\/ul>\n<p><span style=\"font-size: 18pt\">Measure<br \/>\n<\/span>Length: 77 cm<br \/>\nWidth: 57 cm<br \/>\nHeight: 118 cm<\/p>\n<p><span style=\"font-size: 18pt\">Weight<br \/>\n<\/span>14 kg<\/p>","protected":false},"excerpt":{"rendered":"<p>A flexible chair trolley for moving stackable chairs. Suitable for businesses that move and change the furniture often, such as at conferences, training courses, lectures or other similar events. The chair trolley simplifies everyday life for the end user.<\/p>","protected":false},"featured_media":100243,"template":"","meta":{"iawp_total_views":2},"product_brand":[],"product_cat":[5879,5878],"product_tag":[6003,6004],"class_list":{"0":"post-72650","1":"product","2":"type-product","3":"status-publish","4":"has-post-thumbnail","6":"product_cat-stolsvagnar","7":"product_cat-vagnar","8":"product_tag-stolskarra","9":"product_tag-karra-till-stapelbara-stolar","11":"first","12":"instock","13":"taxable","14":"shipping-taxable","15":"purchasable","16":"product-type-simple"},"yoast_head":"<!-- This site is optimized with the Yoast SEO plugin v27.0 - https:\/\/yoast.com\/product\/yoast-seo-wordpress\/ -->\n<title>Stolsk\u00e4rra - Bjerring-Sales<\/title>\n<meta name=\"description\" content=\"En smidig stolsk\u00e4rra f\u00f6r f\u00f6rflyttning av staplingsbara stolar. Passar f\u00f6r verksamheter som flyttar och f\u00f6r\u00e4ndrar m\u00f6bleringen ofta s\u00e5 som vid konferenser, utbildningar, f\u00f6rel\u00e4sningar eller andra liknande event.\" \/>\n<meta name=\"robots\" content=\"index, follow, max-snippet:-1, max-image-preview:large, max-video-preview:-1\" \/>\n<link rel=\"canonical\" href=\"https:\/\/shop.bjerring-sales.dk\/en\/product\/stolkarra\/\" \/>\n<meta property=\"og:locale\" content=\"en_GB\" \/>\n<meta property=\"og:type\" content=\"article\" \/>\n<meta property=\"og:title\" content=\"Stolsk\u00e4rra - Bjerring-Sales\" \/>\n<meta property=\"og:description\" content=\"En smidig stolsk\u00e4rra f\u00f6r f\u00f6rflyttning av staplingsbara stolar. Passar f\u00f6r verksamheter som flyttar och f\u00f6r\u00e4ndrar m\u00f6bleringen ofta s\u00e5 som vid konferenser, utbildningar, f\u00f6rel\u00e4sningar eller andra liknande event.\" \/>\n<meta property=\"og:url\" content=\"https:\/\/shop.bjerring-sales.dk\/en\/product\/stolkarra\/\" \/>\n<meta property=\"og:site_name\" content=\"Bjerring-Sales\" \/>\n<meta property=\"article:modified_time\" content=\"2026-03-02T11:27:13+00:00\" \/>\n<meta property=\"og:image\" content=\"https:\/\/shop.bjerring-sales.dk\/wp-content\/uploads\/2024\/10\/Karra-KR13001.jpg400.jpg\" \/>\n\t<meta property=\"og:image:width\" content=\"400\" \/>\n\t<meta property=\"og:image:height\" content=\"400\" \/>\n\t<meta property=\"og:image:type\" content=\"image\/jpeg\" \/>\n<meta name=\"twitter:card\" content=\"summary_large_image\" \/>\n<meta name=\"twitter:label1\" content=\"Estimated reading time\" \/>\n\t<meta name=\"twitter:data1\" content=\"1 minute\" \/>\n<script type=\"application\/ld+json\" class=\"yoast-schema-graph\">{\"@context\":\"https:\/\/schema.org\",\"@graph\":[{\"@type\":\"WebPage\",\"@id\":\"https:\/\/shop.bjerring-sales.dk\/sv\/produkt\/stolkarra\/\",\"url\":\"https:\/\/shop.bjerring-sales.dk\/sv\/produkt\/stolkarra\/\",\"name\":\"Stolsk\u00e4rra - Bjerring-Sales\",\"isPartOf\":{\"@id\":\"https:\/\/shop.bjerring-sales.dk\/#website\"},\"primaryImageOfPage\":{\"@id\":\"https:\/\/shop.bjerring-sales.dk\/sv\/produkt\/stolkarra\/#primaryimage\"},\"image\":{\"@id\":\"https:\/\/shop.bjerring-sales.dk\/sv\/produkt\/stolkarra\/#primaryimage\"},\"thumbnailUrl\":\"https:\/\/shop.bjerring-sales.dk\/wp-content\/uploads\/2024\/10\/Karra-KR13001.jpg400.jpg\",\"datePublished\":\"2017-09-18T12:22:14+00:00\",\"dateModified\":\"2026-03-02T11:27:13+00:00\",\"description\":\"En smidig stolsk\u00e4rra f\u00f6r f\u00f6rflyttning av staplingsbara stolar. Passar f\u00f6r verksamheter som flyttar och f\u00f6r\u00e4ndrar m\u00f6bleringen ofta s\u00e5 som vid konferenser, utbildningar, f\u00f6rel\u00e4sningar eller andra liknande event.\",\"breadcrumb\":{\"@id\":\"https:\/\/shop.bjerring-sales.dk\/sv\/produkt\/stolkarra\/#breadcrumb\"},\"inLanguage\":\"en-GB\",\"potentialAction\":[{\"@type\":\"ReadAction\",\"target\":[\"https:\/\/shop.bjerring-sales.dk\/sv\/produkt\/stolkarra\/\"]}]},{\"@type\":\"ImageObject\",\"inLanguage\":\"en-GB\",\"@id\":\"https:\/\/shop.bjerring-sales.dk\/sv\/produkt\/stolkarra\/#primaryimage\",\"url\":\"https:\/\/shop.bjerring-sales.dk\/wp-content\/uploads\/2024\/10\/Karra-KR13001.jpg400.jpg\",\"contentUrl\":\"https:\/\/shop.bjerring-sales.dk\/wp-content\/uploads\/2024\/10\/Karra-KR13001.jpg400.jpg\",\"width\":400,\"height\":400},{\"@type\":\"BreadcrumbList\",\"@id\":\"https:\/\/shop.bjerring-sales.dk\/sv\/produkt\/stolkarra\/#breadcrumb\",\"itemListElement\":[{\"@type\":\"ListItem\",\"position\":1,\"name\":\"Hem\",\"item\":\"https:\/\/shop.bjerring-sales.dk\/\"},{\"@type\":\"ListItem\",\"position\":2,\"name\":\"Webbutik\",\"item\":\"https:\/\/shop.bjerring-sales.dk\/butik\/\"},{\"@type\":\"ListItem\",\"position\":3,\"name\":\"Stolsk\u00e4rra\"}]},{\"@type\":\"WebSite\",\"@id\":\"https:\/\/shop.bjerring-sales.dk\/#website\",\"url\":\"https:\/\/shop.bjerring-sales.dk\/\",\"name\":\"Bjerring-Sales\",\"description\":\"M\u00f6bler f\u00f6r teatrar, skolor, kontor och k\u00f6pcentrum\",\"publisher\":{\"@id\":\"https:\/\/shop.bjerring-sales.dk\/#organization\"},\"potentialAction\":[{\"@type\":\"SearchAction\",\"target\":{\"@type\":\"EntryPoint\",\"urlTemplate\":\"https:\/\/shop.bjerring-sales.dk\/?s={search_term_string}\"},\"query-input\":{\"@type\":\"PropertyValueSpecification\",\"valueRequired\":true,\"valueName\":\"search_term_string\"}}],\"inLanguage\":\"en-GB\"},{\"@type\":\"Organization\",\"@id\":\"https:\/\/shop.bjerring-sales.dk\/#organization\",\"name\":\"Bjerring-Sales\",\"url\":\"https:\/\/shop.bjerring-sales.dk\/\",\"logo\":{\"@type\":\"ImageObject\",\"inLanguage\":\"en-GB\",\"@id\":\"https:\/\/shop.bjerring-sales.dk\/#\/schema\/logo\/image\/\",\"url\":\"https:\/\/shop.bjerring-sales.dk\/wp-content\/uploads\/2023\/01\/logo_sv.png\",\"contentUrl\":\"https:\/\/shop.bjerring-sales.dk\/wp-content\/uploads\/2023\/01\/logo_sv.png\",\"width\":195,\"height\":68,\"caption\":\"Bjerring-Sales\"},\"image\":{\"@id\":\"https:\/\/shop.bjerring-sales.dk\/#\/schema\/logo\/image\/\"}}]}<\/script>\n<!-- \/ Yoast SEO plugin. -->","yoast_head_json":{"title":"Stolsk\u00e4rra - Bjerring-Sales","description":"En smidig stolsk\u00e4rra f\u00f6r f\u00f6rflyttning av staplingsbara stolar. Passar f\u00f6r verksamheter som flyttar och f\u00f6r\u00e4ndrar m\u00f6bleringen ofta s\u00e5 som vid konferenser, utbildningar, f\u00f6rel\u00e4sningar eller andra liknande event.","robots":{"index":"index","follow":"follow","max-snippet":"max-snippet:-1","max-image-preview":"max-image-preview:large","max-video-preview":"max-video-preview:-1"},"canonical":"https:\/\/shop.bjerring-sales.dk\/en\/product\/stolkarra\/","og_locale":"en_GB","og_type":"article","og_title":"Stolsk\u00e4rra - Bjerring-Sales","og_description":"En smidig stolsk\u00e4rra f\u00f6r f\u00f6rflyttning av staplingsbara stolar. Passar f\u00f6r verksamheter som flyttar och f\u00f6r\u00e4ndrar m\u00f6bleringen ofta s\u00e5 som vid konferenser, utbildningar, f\u00f6rel\u00e4sningar eller andra liknande event.","og_url":"https:\/\/shop.bjerring-sales.dk\/en\/product\/stolkarra\/","og_site_name":"Bjerring-Sales","article_modified_time":"2026-03-02T11:27:13+00:00","og_image":[{"width":400,"height":400,"url":"https:\/\/shop.bjerring-sales.dk\/wp-content\/uploads\/2024\/10\/Karra-KR13001.jpg400.jpg","type":"image\/jpeg"}],"twitter_card":"summary_large_image","twitter_misc":{"Estimated reading time":"1 minute"},"schema":{"@context":"https:\/\/schema.org","@graph":[{"@type":"WebPage","@id":"https:\/\/shop.bjerring-sales.dk\/sv\/produkt\/stolkarra\/","url":"https:\/\/shop.bjerring-sales.dk\/sv\/produkt\/stolkarra\/","name":"Stolsk\u00e4rra - Bjerring-Sales","isPartOf":{"@id":"https:\/\/shop.bjerring-sales.dk\/#website"},"primaryImageOfPage":{"@id":"https:\/\/shop.bjerring-sales.dk\/sv\/produkt\/stolkarra\/#primaryimage"},"image":{"@id":"https:\/\/shop.bjerring-sales.dk\/sv\/produkt\/stolkarra\/#primaryimage"},"thumbnailUrl":"https:\/\/shop.bjerring-sales.dk\/wp-content\/uploads\/2024\/10\/Karra-KR13001.jpg400.jpg","datePublished":"2017-09-18T12:22:14+00:00","dateModified":"2026-03-02T11:27:13+00:00","description":"En smidig stolsk\u00e4rra f\u00f6r f\u00f6rflyttning av staplingsbara stolar. Passar f\u00f6r verksamheter som flyttar och f\u00f6r\u00e4ndrar m\u00f6bleringen ofta s\u00e5 som vid konferenser, utbildningar, f\u00f6rel\u00e4sningar eller andra liknande event.","breadcrumb":{"@id":"https:\/\/shop.bjerring-sales.dk\/sv\/produkt\/stolkarra\/#breadcrumb"},"inLanguage":"en-GB","potentialAction":[{"@type":"ReadAction","target":["https:\/\/shop.bjerring-sales.dk\/sv\/produkt\/stolkarra\/"]}]},{"@type":"ImageObject","inLanguage":"en-GB","@id":"https:\/\/shop.bjerring-sales.dk\/sv\/produkt\/stolkarra\/#primaryimage","url":"https:\/\/shop.bjerring-sales.dk\/wp-content\/uploads\/2024\/10\/Karra-KR13001.jpg400.jpg","contentUrl":"https:\/\/shop.bjerring-sales.dk\/wp-content\/uploads\/2024\/10\/Karra-KR13001.jpg400.jpg","width":400,"height":400},{"@type":"BreadcrumbList","@id":"https:\/\/shop.bjerring-sales.dk\/sv\/produkt\/stolkarra\/#breadcrumb","itemListElement":[{"@type":"ListItem","position":1,"name":"Hem","item":"https:\/\/shop.bjerring-sales.dk\/"},{"@type":"ListItem","position":2,"name":"Webbutik","item":"https:\/\/shop.bjerring-sales.dk\/butik\/"},{"@type":"ListItem","position":3,"name":"Stolsk\u00e4rra"}]},{"@type":"WebSite","@id":"https:\/\/shop.bjerring-sales.dk\/#website","url":"https:\/\/shop.bjerring-sales.dk\/","name":"Bjerring Sales","description":"Furniture for theatres, schools, offices and shopping centres","publisher":{"@id":"https:\/\/shop.bjerring-sales.dk\/#organization"},"potentialAction":[{"@type":"SearchAction","target":{"@type":"EntryPoint","urlTemplate":"https:\/\/shop.bjerring-sales.dk\/?s={search_term_string}"},"query-input":{"@type":"PropertyValueSpecification","valueRequired":true,"valueName":"search_term_string"}}],"inLanguage":"en-GB"},{"@type":"Organization","@id":"https:\/\/shop.bjerring-sales.dk\/#organization","name":"Bjerring Sales","url":"https:\/\/shop.bjerring-sales.dk\/","logo":{"@type":"ImageObject","inLanguage":"en-GB","@id":"https:\/\/shop.bjerring-sales.dk\/#\/schema\/logo\/image\/","url":"https:\/\/shop.bjerring-sales.dk\/wp-content\/uploads\/2023\/01\/logo_sv.png","contentUrl":"https:\/\/shop.bjerring-sales.dk\/wp-content\/uploads\/2023\/01\/logo_sv.png","width":195,"height":68,"caption":"Bjerring-Sales"},"image":{"@id":"https:\/\/shop.bjerring-sales.dk\/#\/schema\/logo\/image\/"}}]}},"_links":{"self":[{"href":"https:\/\/shop.bjerring-sales.dk\/en\/wp-json\/wp\/v2\/product\/72650","targetHints":{"allow":["GET"]}}],"collection":[{"href":"https:\/\/shop.bjerring-sales.dk\/en\/wp-json\/wp\/v2\/product"}],"about":[{"href":"https:\/\/shop.bjerring-sales.dk\/en\/wp-json\/wp\/v2\/types\/product"}],"wp:featuredmedia":[{"embeddable":true,"href":"https:\/\/shop.bjerring-sales.dk\/en\/wp-json\/wp\/v2\/media\/100243"}],"wp:attachment":[{"href":"https:\/\/shop.bjerring-sales.dk\/en\/wp-json\/wp\/v2\/media?parent=72650"}],"wp:term":[{"taxonomy":"product_brand","embeddable":true,"href":"https:\/\/shop.bjerring-sales.dk\/en\/wp-json\/wp\/v2\/product_brand?post=72650"},{"taxonomy":"product_cat","embeddable":true,"href":"https:\/\/shop.bjerring-sales.dk\/en\/wp-json\/wp\/v2\/product_cat?post=72650"},{"taxonomy":"product_tag","embeddable":true,"href":"https:\/\/shop.bjerring-sales.dk\/en\/wp-json\/wp\/v2\/product_tag?post=72650"}],"curies":[{"name":"wp","href":"https:\/\/api.w.org\/{rel}","templated":true}]}}