{"id":72002,"date":"2021-12-22T11:12:50","date_gmt":"2021-12-22T10:12:50","guid":{"rendered":"https:\/\/pule.se\/?post_type=product&#038;p=72002"},"modified":"2022-03-11T12:39:32","modified_gmt":"2022-03-11T11:39:32","slug":"konferensbord-style-large","status":"publish","type":"product","link":"https:\/\/shop.bjerring-sales.dk\/en\/product\/konferensbord-style-large\/","title":{"rendered":"Conference table Style \u2013 Large"},"content":{"rendered":"<div class=\"wpb-content-wrapper\"><div class=\"vc_row wpb_row vc_row-fluid\"><div class=\"wpb_column vc_column_container vc_col-sm-12\"><div class=\"vc_column-inner\"><div class=\"wpb_wrapper\">\n\t<div class=\"wpb_text_column wpb_content_element\" >\n\t\t<div class=\"wpb_wrapper\">\n\t\t\t<p><span style=\"font-size: 24pt\">Conference table Style Large<br \/>\n<\/span>The Style conference table in the Large version is made up of 4 folding Kongress Style tables together with 2 end boards. The conference table is easy to assemble and is available in several different colors on both the stand and table top. The table fits just as well in the dining room as in the conference room.<\/p>\n\n\t\t<\/div>\n\t<\/div>\n<\/div><\/div><\/div><\/div><div class=\"vc_row wpb_row vc_row-fluid\"><div class=\"wpb_column vc_column_container vc_col-sm-6\"><div class=\"vc_column-inner\"><div class=\"wpb_wrapper\">\n\t<div class=\"wpb_text_column wpb_content_element\" >\n\t\t<div class=\"wpb_wrapper\">\n\t\t\t<p><span style=\"font-size: 18pt\">Sizes<br \/>\n<\/span>The conference table is made up of loose Kongress Style tables with end plates. Conference table Small is stocked in 3 sizes.<\/p>\n<ul>\n<li>Conference table Small 340x100cm consists of: 4 Kongress 120 Style tables + 2 end boards 50\u00d7100<\/li>\n<li>Conference table Small 360x120cm consists of: 4 Kongress 120 Style tables + 2 end boards 60x120cm<\/li>\n<li>Conference table Small 400x120cm consists of: 4 Kongress 140 Style tables + 2 end boards 60x120cm<\/li>\n<\/ul>\n<p><span style=\"font-size: 18pt\">Stand<br \/>\n<\/span>The conference table has an L-shaped stand, the same as the Kongress Style table. The stand is available in a powder-coated or chrome finish. The stand is easy to fold out and takes up little space when folded.<\/p>\n<ul>\n<li>Chromium<\/li>\n<li>Silver gray<\/li>\n<li>Black<\/li>\n<li>White<\/li>\n<\/ul>\n\n\t\t<\/div>\n\t<\/div>\n<\/div><\/div><\/div><div class=\"wpb_column vc_column_container vc_col-sm-6\"><div class=\"vc_column-inner\"><div class=\"wpb_wrapper\">\n\t<div class=\"wpb_text_column wpb_content_element\" >\n\t\t<div class=\"wpb_wrapper\">\n\t\t\t<p><span style=\"font-size: 18pt\">Table tops<br \/>\n<\/span>The conference table is stocked with 6 different colours\/colours on laminate table tops. We also arrange special solutions for other boards and dimensions.<\/p>\n<ul>\n<li>White<\/li>\n<li>Black<\/li>\n<li>Gray<\/li>\n<li>Book<\/li>\n<li>Oak<\/li>\n<li>Birch<\/li>\n<\/ul>\n<p><span style=\"font-size: 18pt\">Guarantee<\/span><\/p>\n<ul>\n<li>2 years<\/li>\n<\/ul>\n\n\t\t<\/div>\n\t<\/div>\n<\/div><\/div><\/div><\/div><div class=\"vc_row wpb_row vc_row-fluid\"><div class=\"wpb_column vc_column_container vc_col-sm-12\"><div class=\"vc_column-inner\"><div class=\"wpb_wrapper\"><div class=\"vc_separator wpb_content_element vc_separator_align_center vc_sep_width_100 vc_sep_pos_align_center vc_separator_no_text vc_sep_color_grey\" ><span class=\"vc_sep_holder vc_sep_holder_l\"><span class=\"vc_sep_line\"><\/span><\/span><span class=\"vc_sep_holder vc_sep_holder_r\"><span class=\"vc_sep_line\"><\/span><\/span>\n<\/div><\/div><\/div><\/div><\/div><div class=\"vc_row wpb_row vc_row-fluid\"><div class=\"wpb_column vc_column_container vc_col-sm-6\"><div class=\"vc_column-inner\"><div class=\"wpb_wrapper\">\n\t<div  class=\"wpb_single_image wpb_content_element vc_align_center\">\n\t\t\n\t\t<figure class=\"wpb_wrapper vc_figure\">\n\t\t\t<div class=\"vc_single_image-wrapper   vc_box_border_grey\"><img loading=\"lazy\" decoding=\"async\" width=\"800\" height=\"550\" src=\"https:\/\/shop.bjerring-sales.dk\/wp-content\/uploads\/2021\/12\/v7-Konferensbord-Large-med-text-1.jpg\" class=\"vc_single_image-img attachment-full\" alt=\"\" title=\"v7-Conference table-Large-with-text-1\" srcset=\"https:\/\/shop.bjerring-sales.dk\/wp-content\/uploads\/2021\/12\/v7-Konferensbord-Large-med-text-1.jpg 800w, https:\/\/shop.bjerring-sales.dk\/wp-content\/uploads\/2021\/12\/v7-Konferensbord-Large-med-text-1-150x103.jpg 150w, https:\/\/shop.bjerring-sales.dk\/wp-content\/uploads\/2021\/12\/v7-Konferensbord-Large-med-text-1-600x413.jpg 600w, https:\/\/shop.bjerring-sales.dk\/wp-content\/uploads\/2021\/12\/v7-Konferensbord-Large-med-text-1-300x206.jpg 300w, https:\/\/shop.bjerring-sales.dk\/wp-content\/uploads\/2021\/12\/v7-Konferensbord-Large-med-text-1-768x528.jpg 768w\" sizes=\"auto, (max-width: 800px) 100vw, 800px\" \/><\/div>\n\t\t<\/figure>\n\t<\/div>\n<\/div><\/div><\/div><div class=\"wpb_column vc_column_container vc_col-sm-6\"><div class=\"vc_column-inner\"><div class=\"wpb_wrapper\">\n\t<div  class=\"wpb_single_image wpb_content_element vc_align_center\">\n\t\t\n\t\t<figure class=\"wpb_wrapper vc_figure\">\n\t\t\t<div class=\"vc_single_image-wrapper   vc_box_border_grey\"><img loading=\"lazy\" decoding=\"async\" width=\"800\" height=\"550\" src=\"https:\/\/shop.bjerring-sales.dk\/wp-content\/uploads\/2021\/12\/v7-Konferensbord-Large-med-text-2.jpg\" class=\"vc_single_image-img attachment-full\" alt=\"\" title=\"v7-Conference table-Large-with-text-2\" srcset=\"https:\/\/shop.bjerring-sales.dk\/wp-content\/uploads\/2021\/12\/v7-Konferensbord-Large-med-text-2.jpg 800w, https:\/\/shop.bjerring-sales.dk\/wp-content\/uploads\/2021\/12\/v7-Konferensbord-Large-med-text-2-150x103.jpg 150w, https:\/\/shop.bjerring-sales.dk\/wp-content\/uploads\/2021\/12\/v7-Konferensbord-Large-med-text-2-600x413.jpg 600w, https:\/\/shop.bjerring-sales.dk\/wp-content\/uploads\/2021\/12\/v7-Konferensbord-Large-med-text-2-300x206.jpg 300w, https:\/\/shop.bjerring-sales.dk\/wp-content\/uploads\/2021\/12\/v7-Konferensbord-Large-med-text-2-768x528.jpg 768w\" sizes=\"auto, (max-width: 800px) 100vw, 800px\" \/><\/div>\n\t\t<\/figure>\n\t<\/div>\n<\/div><\/div><\/div><\/div>\n<\/div>","protected":false},"excerpt":{"rendered":"<p>The Style conference table in the Large version is made up of 4 folding Kongress Style tables together with 2 end boards. The conference table is easy to assemble and is available in several different colors on both the stand and table top. The table fits just as well in the dining room as in the conference room.<\/p>","protected":false},"featured_media":73708,"template":"","meta":{"iawp_total_views":3},"product_brand":[],"product_cat":[5787,5820],"product_tag":[5992],"class_list":{"0":"post-72002","1":"product","2":"type-product","3":"status-publish","4":"has-post-thumbnail","6":"product_cat-bord","7":"product_cat-konferensbord","8":"product_tag-konferensbord","10":"first","11":"instock","12":"taxable","13":"shipping-taxable","14":"purchasable","15":"product-type-variable"},"yoast_head":"<!-- This site is optimized with the Yoast SEO plugin v27.0 - https:\/\/yoast.com\/product\/yoast-seo-wordpress\/ -->\n<title>Konferensbord Style - Large - Bjerring-Sales<\/title>\n<meta name=\"description\" content=\"Konferensbordet Style i utf\u00f6randet Large \u00e4r uppbyggt av 4 st f\u00e4llbara Kongress Style bord ihop med 2 st \u00e4ndskivor.\" \/>\n<meta name=\"robots\" content=\"index, follow, max-snippet:-1, max-image-preview:large, max-video-preview:-1\" \/>\n<link rel=\"canonical\" href=\"https:\/\/shop.bjerring-sales.dk\/en\/product\/konferensbord-style-large\/\" \/>\n<meta property=\"og:locale\" content=\"en_GB\" \/>\n<meta property=\"og:type\" content=\"article\" \/>\n<meta property=\"og:title\" content=\"Konferensbord Style - Large - Bjerring-Sales\" \/>\n<meta property=\"og:description\" content=\"Konferensbordet Style i utf\u00f6randet Large \u00e4r uppbyggt av 4 st f\u00e4llbara Kongress Style bord ihop med 2 st \u00e4ndskivor.\" \/>\n<meta property=\"og:url\" content=\"https:\/\/shop.bjerring-sales.dk\/en\/product\/konferensbord-style-large\/\" \/>\n<meta property=\"og:site_name\" content=\"Bjerring-Sales\" \/>\n<meta property=\"article:modified_time\" content=\"2022-03-11T11:39:32+00:00\" \/>\n<meta property=\"og:image\" content=\"https:\/\/pule.se\/wp-content\/uploads\/2021\/12\/400x120_WhiteLegs_GrayTop-1.jpg\" \/>\n\t<meta property=\"og:image:width\" content=\"800\" \/>\n\t<meta property=\"og:image:height\" content=\"800\" \/>\n\t<meta property=\"og:image:type\" content=\"image\/jpeg\" \/>\n<meta name=\"twitter:card\" content=\"summary_large_image\" \/>\n<meta name=\"twitter:label1\" content=\"Estimated reading time\" \/>\n\t<meta name=\"twitter:data1\" content=\"1 minute\" \/>\n<script type=\"application\/ld+json\" class=\"yoast-schema-graph\">{\"@context\":\"https:\/\/schema.org\",\"@graph\":[{\"@type\":\"WebPage\",\"@id\":\"https:\/\/shop.bjerring-sales.dk\/sv\/produkt\/konferensbord-style-large\/\",\"url\":\"https:\/\/shop.bjerring-sales.dk\/sv\/produkt\/konferensbord-style-large\/\",\"name\":\"Konferensbord Style - Large - Bjerring-Sales\",\"isPartOf\":{\"@id\":\"https:\/\/shop.bjerring-sales.dk\/#website\"},\"primaryImageOfPage\":{\"@id\":\"https:\/\/shop.bjerring-sales.dk\/sv\/produkt\/konferensbord-style-large\/#primaryimage\"},\"image\":{\"@id\":\"https:\/\/shop.bjerring-sales.dk\/sv\/produkt\/konferensbord-style-large\/#primaryimage\"},\"thumbnailUrl\":\"https:\/\/shop.bjerring-sales.dk\/wp-content\/uploads\/2021\/12\/400x120_WhiteLegs_GrayTop-1.jpg\",\"datePublished\":\"2021-12-22T10:12:50+00:00\",\"dateModified\":\"2022-03-11T11:39:32+00:00\",\"description\":\"Konferensbordet Style i utf\u00f6randet Large \u00e4r uppbyggt av 4 st f\u00e4llbara Kongress Style bord ihop med 2 st \u00e4ndskivor.\",\"breadcrumb\":{\"@id\":\"https:\/\/shop.bjerring-sales.dk\/sv\/produkt\/konferensbord-style-large\/#breadcrumb\"},\"inLanguage\":\"en-GB\",\"potentialAction\":[{\"@type\":\"ReadAction\",\"target\":[\"https:\/\/shop.bjerring-sales.dk\/sv\/produkt\/konferensbord-style-large\/\"]}]},{\"@type\":\"ImageObject\",\"inLanguage\":\"en-GB\",\"@id\":\"https:\/\/shop.bjerring-sales.dk\/sv\/produkt\/konferensbord-style-large\/#primaryimage\",\"url\":\"https:\/\/shop.bjerring-sales.dk\/wp-content\/uploads\/2021\/12\/400x120_WhiteLegs_GrayTop-1.jpg\",\"contentUrl\":\"https:\/\/shop.bjerring-sales.dk\/wp-content\/uploads\/2021\/12\/400x120_WhiteLegs_GrayTop-1.jpg\",\"width\":800,\"height\":800},{\"@type\":\"BreadcrumbList\",\"@id\":\"https:\/\/shop.bjerring-sales.dk\/sv\/produkt\/konferensbord-style-large\/#breadcrumb\",\"itemListElement\":[{\"@type\":\"ListItem\",\"position\":1,\"name\":\"Hem\",\"item\":\"https:\/\/shop.bjerring-sales.dk\/\"},{\"@type\":\"ListItem\",\"position\":2,\"name\":\"Webbutik\",\"item\":\"https:\/\/shop.bjerring-sales.dk\/butik\/\"},{\"@type\":\"ListItem\",\"position\":3,\"name\":\"Konferensbord Style &#8211; Large\"}]},{\"@type\":\"WebSite\",\"@id\":\"https:\/\/shop.bjerring-sales.dk\/#website\",\"url\":\"https:\/\/shop.bjerring-sales.dk\/\",\"name\":\"Bjerring-Sales\",\"description\":\"M\u00f6bler f\u00f6r teatrar, skolor, kontor och k\u00f6pcentrum\",\"publisher\":{\"@id\":\"https:\/\/shop.bjerring-sales.dk\/#organization\"},\"potentialAction\":[{\"@type\":\"SearchAction\",\"target\":{\"@type\":\"EntryPoint\",\"urlTemplate\":\"https:\/\/shop.bjerring-sales.dk\/?s={search_term_string}\"},\"query-input\":{\"@type\":\"PropertyValueSpecification\",\"valueRequired\":true,\"valueName\":\"search_term_string\"}}],\"inLanguage\":\"en-GB\"},{\"@type\":\"Organization\",\"@id\":\"https:\/\/shop.bjerring-sales.dk\/#organization\",\"name\":\"Bjerring-Sales\",\"url\":\"https:\/\/shop.bjerring-sales.dk\/\",\"logo\":{\"@type\":\"ImageObject\",\"inLanguage\":\"en-GB\",\"@id\":\"https:\/\/shop.bjerring-sales.dk\/#\/schema\/logo\/image\/\",\"url\":\"https:\/\/shop.bjerring-sales.dk\/wp-content\/uploads\/2023\/01\/logo_sv.png\",\"contentUrl\":\"https:\/\/shop.bjerring-sales.dk\/wp-content\/uploads\/2023\/01\/logo_sv.png\",\"width\":195,\"height\":68,\"caption\":\"Bjerring-Sales\"},\"image\":{\"@id\":\"https:\/\/shop.bjerring-sales.dk\/#\/schema\/logo\/image\/\"}}]}<\/script>\n<!-- \/ Yoast SEO plugin. -->","yoast_head_json":{"title":"Konferensbord Style - Large - Bjerring-Sales","description":"Konferensbordet Style i utf\u00f6randet Large \u00e4r uppbyggt av 4 st f\u00e4llbara Kongress Style bord ihop med 2 st \u00e4ndskivor.","robots":{"index":"index","follow":"follow","max-snippet":"max-snippet:-1","max-image-preview":"max-image-preview:large","max-video-preview":"max-video-preview:-1"},"canonical":"https:\/\/shop.bjerring-sales.dk\/en\/product\/konferensbord-style-large\/","og_locale":"en_GB","og_type":"article","og_title":"Konferensbord Style - Large - Bjerring-Sales","og_description":"Konferensbordet Style i utf\u00f6randet Large \u00e4r uppbyggt av 4 st f\u00e4llbara Kongress Style bord ihop med 2 st \u00e4ndskivor.","og_url":"https:\/\/shop.bjerring-sales.dk\/en\/product\/konferensbord-style-large\/","og_site_name":"Bjerring-Sales","article_modified_time":"2022-03-11T11:39:32+00:00","og_image":[{"width":800,"height":800,"url":"https:\/\/pule.se\/wp-content\/uploads\/2021\/12\/400x120_WhiteLegs_GrayTop-1.jpg","type":"image\/jpeg"}],"twitter_card":"summary_large_image","twitter_misc":{"Estimated reading time":"1 minute"},"schema":{"@context":"https:\/\/schema.org","@graph":[{"@type":"WebPage","@id":"https:\/\/shop.bjerring-sales.dk\/sv\/produkt\/konferensbord-style-large\/","url":"https:\/\/shop.bjerring-sales.dk\/sv\/produkt\/konferensbord-style-large\/","name":"Konferensbord Style - Large - Bjerring-Sales","isPartOf":{"@id":"https:\/\/shop.bjerring-sales.dk\/#website"},"primaryImageOfPage":{"@id":"https:\/\/shop.bjerring-sales.dk\/sv\/produkt\/konferensbord-style-large\/#primaryimage"},"image":{"@id":"https:\/\/shop.bjerring-sales.dk\/sv\/produkt\/konferensbord-style-large\/#primaryimage"},"thumbnailUrl":"https:\/\/shop.bjerring-sales.dk\/wp-content\/uploads\/2021\/12\/400x120_WhiteLegs_GrayTop-1.jpg","datePublished":"2021-12-22T10:12:50+00:00","dateModified":"2022-03-11T11:39:32+00:00","description":"Konferensbordet Style i utf\u00f6randet Large \u00e4r uppbyggt av 4 st f\u00e4llbara Kongress Style bord ihop med 2 st \u00e4ndskivor.","breadcrumb":{"@id":"https:\/\/shop.bjerring-sales.dk\/sv\/produkt\/konferensbord-style-large\/#breadcrumb"},"inLanguage":"en-GB","potentialAction":[{"@type":"ReadAction","target":["https:\/\/shop.bjerring-sales.dk\/sv\/produkt\/konferensbord-style-large\/"]}]},{"@type":"ImageObject","inLanguage":"en-GB","@id":"https:\/\/shop.bjerring-sales.dk\/sv\/produkt\/konferensbord-style-large\/#primaryimage","url":"https:\/\/shop.bjerring-sales.dk\/wp-content\/uploads\/2021\/12\/400x120_WhiteLegs_GrayTop-1.jpg","contentUrl":"https:\/\/shop.bjerring-sales.dk\/wp-content\/uploads\/2021\/12\/400x120_WhiteLegs_GrayTop-1.jpg","width":800,"height":800},{"@type":"BreadcrumbList","@id":"https:\/\/shop.bjerring-sales.dk\/sv\/produkt\/konferensbord-style-large\/#breadcrumb","itemListElement":[{"@type":"ListItem","position":1,"name":"Hem","item":"https:\/\/shop.bjerring-sales.dk\/"},{"@type":"ListItem","position":2,"name":"Webbutik","item":"https:\/\/shop.bjerring-sales.dk\/butik\/"},{"@type":"ListItem","position":3,"name":"Konferensbord Style &#8211; Large"}]},{"@type":"WebSite","@id":"https:\/\/shop.bjerring-sales.dk\/#website","url":"https:\/\/shop.bjerring-sales.dk\/","name":"Bjerring Sales","description":"Furniture for theatres, schools, offices and shopping centres","publisher":{"@id":"https:\/\/shop.bjerring-sales.dk\/#organization"},"potentialAction":[{"@type":"SearchAction","target":{"@type":"EntryPoint","urlTemplate":"https:\/\/shop.bjerring-sales.dk\/?s={search_term_string}"},"query-input":{"@type":"PropertyValueSpecification","valueRequired":true,"valueName":"search_term_string"}}],"inLanguage":"en-GB"},{"@type":"Organization","@id":"https:\/\/shop.bjerring-sales.dk\/#organization","name":"Bjerring Sales","url":"https:\/\/shop.bjerring-sales.dk\/","logo":{"@type":"ImageObject","inLanguage":"en-GB","@id":"https:\/\/shop.bjerring-sales.dk\/#\/schema\/logo\/image\/","url":"https:\/\/shop.bjerring-sales.dk\/wp-content\/uploads\/2023\/01\/logo_sv.png","contentUrl":"https:\/\/shop.bjerring-sales.dk\/wp-content\/uploads\/2023\/01\/logo_sv.png","width":195,"height":68,"caption":"Bjerring-Sales"},"image":{"@id":"https:\/\/shop.bjerring-sales.dk\/#\/schema\/logo\/image\/"}}]}},"_links":{"self":[{"href":"https:\/\/shop.bjerring-sales.dk\/en\/wp-json\/wp\/v2\/product\/72002","targetHints":{"allow":["GET"]}}],"collection":[{"href":"https:\/\/shop.bjerring-sales.dk\/en\/wp-json\/wp\/v2\/product"}],"about":[{"href":"https:\/\/shop.bjerring-sales.dk\/en\/wp-json\/wp\/v2\/types\/product"}],"wp:featuredmedia":[{"embeddable":true,"href":"https:\/\/shop.bjerring-sales.dk\/en\/wp-json\/wp\/v2\/media\/73708"}],"wp:attachment":[{"href":"https:\/\/shop.bjerring-sales.dk\/en\/wp-json\/wp\/v2\/media?parent=72002"}],"wp:term":[{"taxonomy":"product_brand","embeddable":true,"href":"https:\/\/shop.bjerring-sales.dk\/en\/wp-json\/wp\/v2\/product_brand?post=72002"},{"taxonomy":"product_cat","embeddable":true,"href":"https:\/\/shop.bjerring-sales.dk\/en\/wp-json\/wp\/v2\/product_cat?post=72002"},{"taxonomy":"product_tag","embeddable":true,"href":"https:\/\/shop.bjerring-sales.dk\/en\/wp-json\/wp\/v2\/product_tag?post=72002"}],"curies":[{"name":"wp","href":"https:\/\/api.w.org\/{rel}","templated":true}]}}