{"id":69009,"date":"2021-11-24T15:45:13","date_gmt":"2021-11-24T14:45:13","guid":{"rendered":"https:\/\/pule.se\/?post_type=product&#038;p=69009"},"modified":"2026-04-02T11:00:56","modified_gmt":"2026-04-02T09:00:56","slug":"eco-hoj-sankbara-stativ-med-vev","status":"publish","type":"product","link":"https:\/\/shop.bjerring-sales.dk\/en\/product\/eco-hoj-sankbara-stativ-med-vev\/","title":{"rendered":"Eco \u2013 height-adjustable stands with crank"},"content":{"rendered":"<div class=\"wpb-content-wrapper\"><div class=\"vc_row wpb_row vc_row-fluid\"><div class=\"wpb_column vc_column_container vc_col-sm-12\"><div class=\"vc_column-inner\"><div class=\"wpb_wrapper\">\n\t<div class=\"wpb_text_column wpb_content_element\" >\n\t\t<div class=\"wpb_wrapper\">\n\t\t\t<p><span style=\"font-size: 24pt\">Up &amp; Down Eco \u2013 A stand that can be raised and lowered with a crank<br \/>\n<\/span>Up &amp; Down Eco is a stylish and affordable height-adjustable table stand with crank. On the Eco stand, the position is easily changed using the crank so that the user can work in both a sitting and standing position. Up &amp; Down Eco is just as suitable for the office as for the home office. The table stand is easy to assemble and is stocked in three different colours.<\/p>\n\n\t\t<\/div>\n\t<\/div>\n<\/div><\/div><\/div><\/div><div class=\"vc_row wpb_row vc_row-fluid\"><div class=\"wpb_column vc_column_container vc_col-sm-4\"><div class=\"vc_column-inner\"><div class=\"wpb_wrapper\">\n\t<div  class=\"wpb_single_image wpb_content_element vc_align_center\">\n\t\t\n\t\t<figure class=\"wpb_wrapper vc_figure\">\n\t\t\t<div class=\"vc_single_image-wrapper vc_box_shadow_border  vc_box_border_grey\"><img loading=\"lazy\" decoding=\"async\" width=\"800\" height=\"550\" src=\"https:\/\/shop.bjerring-sales.dk\/wp-content\/uploads\/2021\/11\/Render-3-1_Post.jpg\" class=\"vc_single_image-img attachment-full\" alt=\"\" title=\"Render-3-1_Post\" srcset=\"https:\/\/shop.bjerring-sales.dk\/wp-content\/uploads\/2021\/11\/Render-3-1_Post.jpg 800w, https:\/\/shop.bjerring-sales.dk\/wp-content\/uploads\/2021\/11\/Render-3-1_Post-150x103.jpg 150w, https:\/\/shop.bjerring-sales.dk\/wp-content\/uploads\/2021\/11\/Render-3-1_Post-600x413.jpg 600w, https:\/\/shop.bjerring-sales.dk\/wp-content\/uploads\/2021\/11\/Render-3-1_Post-300x206.jpg 300w, https:\/\/shop.bjerring-sales.dk\/wp-content\/uploads\/2021\/11\/Render-3-1_Post-768x528.jpg 768w\" sizes=\"auto, (max-width: 800px) 100vw, 800px\" \/><\/div>\n\t\t<\/figure>\n\t<\/div>\n<\/div><\/div><\/div><div class=\"wpb_column vc_column_container vc_col-sm-4\"><div class=\"vc_column-inner\"><div class=\"wpb_wrapper\">\n\t<div  class=\"wpb_single_image wpb_content_element vc_align_center\">\n\t\t\n\t\t<figure class=\"wpb_wrapper vc_figure\">\n\t\t\t<div class=\"vc_single_image-wrapper vc_box_shadow_border  vc_box_border_grey\"><img loading=\"lazy\" decoding=\"async\" width=\"800\" height=\"550\" src=\"https:\/\/shop.bjerring-sales.dk\/wp-content\/uploads\/2021\/11\/Render-2-1_Post.jpg\" class=\"vc_single_image-img attachment-full\" alt=\"\" title=\"Render-2-1_Post\" srcset=\"https:\/\/shop.bjerring-sales.dk\/wp-content\/uploads\/2021\/11\/Render-2-1_Post.jpg 800w, https:\/\/shop.bjerring-sales.dk\/wp-content\/uploads\/2021\/11\/Render-2-1_Post-150x103.jpg 150w, https:\/\/shop.bjerring-sales.dk\/wp-content\/uploads\/2021\/11\/Render-2-1_Post-600x413.jpg 600w, https:\/\/shop.bjerring-sales.dk\/wp-content\/uploads\/2021\/11\/Render-2-1_Post-300x206.jpg 300w, https:\/\/shop.bjerring-sales.dk\/wp-content\/uploads\/2021\/11\/Render-2-1_Post-768x528.jpg 768w\" sizes=\"auto, (max-width: 800px) 100vw, 800px\" \/><\/div>\n\t\t<\/figure>\n\t<\/div>\n<\/div><\/div><\/div><div class=\"wpb_column vc_column_container vc_col-sm-4\"><div class=\"vc_column-inner\"><div class=\"wpb_wrapper\">\n\t<div  class=\"wpb_single_image wpb_content_element vc_align_center\">\n\t\t\n\t\t<figure class=\"wpb_wrapper vc_figure\">\n\t\t\t<div class=\"vc_single_image-wrapper vc_box_shadow_border  vc_box_border_grey\"><img loading=\"lazy\" decoding=\"async\" width=\"800\" height=\"550\" src=\"https:\/\/shop.bjerring-sales.dk\/wp-content\/uploads\/2021\/11\/Render-1_Post.jpg\" class=\"vc_single_image-img attachment-full\" alt=\"\" title=\"Render-1_Post\" srcset=\"https:\/\/shop.bjerring-sales.dk\/wp-content\/uploads\/2021\/11\/Render-1_Post.jpg 800w, https:\/\/shop.bjerring-sales.dk\/wp-content\/uploads\/2021\/11\/Render-1_Post-150x103.jpg 150w, https:\/\/shop.bjerring-sales.dk\/wp-content\/uploads\/2021\/11\/Render-1_Post-600x413.jpg 600w, https:\/\/shop.bjerring-sales.dk\/wp-content\/uploads\/2021\/11\/Render-1_Post-300x206.jpg 300w, https:\/\/shop.bjerring-sales.dk\/wp-content\/uploads\/2021\/11\/Render-1_Post-768x528.jpg 768w\" sizes=\"auto, (max-width: 800px) 100vw, 800px\" \/><\/div>\n\t\t<\/figure>\n\t<\/div>\n<\/div><\/div><\/div><\/div><div class=\"vc_row wpb_row vc_row-fluid\"><div class=\"wpb_column vc_column_container vc_col-sm-6\"><div class=\"vc_column-inner\"><div class=\"wpb_wrapper\">\n\t<div class=\"wpb_text_column wpb_content_element\" >\n\t\t<div class=\"wpb_wrapper\">\n\t\t\t<p><span style=\"font-size: 18pt\">Design<br \/>\n<\/span>The height-adjustable stand has a modern design with straight lines, which means it fits into all types of office spaces. The Eco stand is built with 2-part rectangular legs that have been powder coated. The lifting capacity is 70 kg, which means that the user can easily fit 2-3 screens, docking stations, documents, etc. The stand is available in the colors white, black and silver grey.<\/p>\n<p><span style=\"font-size: 18pt\">Table tops<br \/>\n<\/span>We have different models of table tops that fit the Eco stand. Rectangular 19mm laminate boards are stocked in black, white, grey, beech, birch and oak. We also stock 22 mm laminate boards in white color with belly outlet. We also custom manufacture table tops in various sizes &amp; materials that are not part of our standard range. Feel free to contact us with a request. See our range of table tops that are kept in stock via this link.<\/p>\n<ul>\n<li>Rec. width of table top: 900-1600 mm<\/li>\n<li>Rec. depth of table top: 600-800 mm<\/li>\n<\/ul>\n<p><span style=\"font-size: 18pt\">Specifications<\/span><\/p>\n<ul>\n<li>Raise &amp; lower speed: 6 mm\/rev<\/li>\n<li>Tube dimension 80\u00d750 mm<\/li>\n<li>Stroke length: 500 mm<\/li>\n<li>Assembly: approx. 15 min<\/li>\n<li>Rec. Maximum load: 70 kg<\/li>\n<\/ul>\n<p><span style=\"font-size: 18pt\">Guarantee<\/span><\/p>\n<p>5 years<\/p>\n<p><span style=\"font-size: 18pt\">Measure<\/span><\/p>\n<ul>\n<li>Height: 710-1210 mm<\/li>\n<li>Width: 850-1290 mm<\/li>\n<li>Depth\/foot width: 600 mm<\/li>\n<\/ul>\n<p><span style=\"font-size: 18pt\">Weight<\/span><br \/>\n17.5 kg<\/p>\n\n\t\t<\/div>\n\t<\/div>\n<\/div><\/div><\/div><div class=\"wpb_column vc_column_container vc_col-sm-6\"><div class=\"vc_column-inner\"><div class=\"wpb_wrapper\">\n\t<div class=\"wpb_text_column wpb_content_element\" >\n\t\t<div class=\"wpb_wrapper\">\n\t\t\t<p><img loading=\"lazy\" decoding=\"async\" class=\"alignnone wp-image-70717 size-full\" src=\"https:\/\/shop.bjerring-sales.dk\/wp-content\/uploads\/2021\/11\/Eco_ritning-300x247-1.png\" alt=\"\" width=\"300\" height=\"247\" srcset=\"https:\/\/shop.bjerring-sales.dk\/wp-content\/uploads\/2021\/11\/Eco_ritning-300x247-1.png 300w, https:\/\/shop.bjerring-sales.dk\/wp-content\/uploads\/2021\/11\/Eco_ritning-300x247-1-150x124.png 150w\" sizes=\"auto, (max-width: 300px) 100vw, 300px\" \/><\/p>\n<p><span style=\"font-size: 18pt\">List of performed tests and certificates<\/span><\/p>\n<ul>\n<li>UL<\/li>\n<li>CE-EMC<\/li>\n<li>CE-LVD<\/li>\n<li>RCM<\/li>\n<li>ROHS<\/li>\n<li>FCC<\/li>\n<li>PSE<\/li>\n<li>KC<\/li>\n<\/ul>\n<p><span style=\"font-size: 18pt\">Manual<\/span><br \/>\n<a href=\"https:\/\/elj.se\/wp-content\/uploads\/2021\/11\/Up-Down-ECO-manual.pdf\" target=\"_blank\" rel=\"noopener\"><img loading=\"lazy\" decoding=\"async\" class=\"alignnone wp-image-70721 size-full\" src=\"https:\/\/shop.bjerring-sales.dk\/wp-content\/uploads\/2021\/11\/Up-Down-ECO-manual-1-150x216-1.jpg\" alt=\"\" width=\"150\" height=\"216\" \/><\/a><\/p>\n\n\t\t<\/div>\n\t<\/div>\n<\/div><\/div><\/div><\/div>\n<\/div>","protected":false},"excerpt":{"rendered":"<p>Up &amp; Down Eco is a stylish and affordable height-adjustable table stand with crank. On the Eco stand, the position is easily changed using the crank so that the user can work in both a sitting and standing position. Up &amp; Down Eco is just as suitable for the office as for the home office. The table stand is easy to assemble and is stocked in three different colours.<\/p>","protected":false},"featured_media":99909,"template":"","meta":{"iawp_total_views":1},"product_brand":[],"product_cat":[6352,5819],"product_tag":[5780,5987,5988,5989,5990],"class_list":{"0":"post-69009","1":"product","2":"type-product","3":"status-publish","4":"has-post-thumbnail","6":"product_cat-up-down-eco","7":"product_cat-bordsstativ","8":"product_tag-up-down","9":"product_tag-bordsstativ-med-vev","10":"product_tag-vevstativ","11":"product_tag-hoj-och-sankbart-stativ-med-vev","12":"product_tag-miljovanligt-stativ","14":"first","15":"instock","16":"taxable","17":"shipping-taxable","18":"purchasable","19":"product-type-variable"},"yoast_head":"<!-- This site is optimized with the Yoast SEO plugin v27.0 - https:\/\/yoast.com\/product\/yoast-seo-wordpress\/ -->\n<title>Eco - h\u00f6j &amp; s\u00e4nkbara stativ med vev - Bjerring-Sales<\/title>\n<meta name=\"description\" content=\"Up &amp; Down Eco \u00e4r ett stilrent och prisv\u00e4rt h\u00f6jdjusterbart bordsstativ med vev. P\u00e5 Eco stativet \u00e4ndras positionen enkelt med hj\u00e4lp av veven s\u00e5 att anv\u00e4ndaren kan arbeta i b\u00e5de sittande och st\u00e5ende st\u00e4llning.\" \/>\n<meta name=\"robots\" content=\"index, follow, max-snippet:-1, max-image-preview:large, max-video-preview:-1\" \/>\n<link rel=\"canonical\" href=\"https:\/\/shop.bjerring-sales.dk\/en\/product\/eco-hoj-sankbara-stativ-med-vev\/\" \/>\n<meta property=\"og:locale\" content=\"en_GB\" \/>\n<meta property=\"og:type\" content=\"article\" \/>\n<meta property=\"og:title\" content=\"Eco - h\u00f6j &amp; s\u00e4nkbara stativ med vev - Bjerring-Sales\" \/>\n<meta property=\"og:description\" content=\"Up &amp; Down Eco \u00e4r ett stilrent och prisv\u00e4rt h\u00f6jdjusterbart bordsstativ med vev. P\u00e5 Eco stativet \u00e4ndras positionen enkelt med hj\u00e4lp av veven s\u00e5 att anv\u00e4ndaren kan arbeta i b\u00e5de sittande och st\u00e5ende st\u00e4llning.\" \/>\n<meta property=\"og:url\" content=\"https:\/\/shop.bjerring-sales.dk\/en\/product\/eco-hoj-sankbara-stativ-med-vev\/\" \/>\n<meta property=\"og:site_name\" content=\"Bjerring-Sales\" \/>\n<meta property=\"article:modified_time\" content=\"2026-04-02T09:00:56+00:00\" \/>\n<meta property=\"og:image\" content=\"https:\/\/shop.bjerring-sales.dk\/wp-content\/uploads\/2024\/10\/ECO_White_frame.jpg\" \/>\n\t<meta property=\"og:image:width\" content=\"800\" \/>\n\t<meta property=\"og:image:height\" content=\"800\" \/>\n\t<meta property=\"og:image:type\" content=\"image\/jpeg\" \/>\n<meta name=\"twitter:card\" content=\"summary_large_image\" \/>\n<meta name=\"twitter:label1\" content=\"Estimated reading time\" \/>\n\t<meta name=\"twitter:data1\" content=\"2 minutes\" \/>\n<script type=\"application\/ld+json\" class=\"yoast-schema-graph\">{\"@context\":\"https:\/\/schema.org\",\"@graph\":[{\"@type\":\"WebPage\",\"@id\":\"https:\/\/shop.bjerring-sales.dk\/sv\/produkt\/eco-hoj-sankbara-stativ-med-vev\/\",\"url\":\"https:\/\/shop.bjerring-sales.dk\/sv\/produkt\/eco-hoj-sankbara-stativ-med-vev\/\",\"name\":\"Eco - h\u00f6j &amp; s\u00e4nkbara stativ med vev - Bjerring-Sales\",\"isPartOf\":{\"@id\":\"https:\/\/shop.bjerring-sales.dk\/#website\"},\"primaryImageOfPage\":{\"@id\":\"https:\/\/shop.bjerring-sales.dk\/sv\/produkt\/eco-hoj-sankbara-stativ-med-vev\/#primaryimage\"},\"image\":{\"@id\":\"https:\/\/shop.bjerring-sales.dk\/sv\/produkt\/eco-hoj-sankbara-stativ-med-vev\/#primaryimage\"},\"thumbnailUrl\":\"https:\/\/shop.bjerring-sales.dk\/wp-content\/uploads\/2024\/10\/ECO_White_frame.jpg\",\"datePublished\":\"2021-11-24T14:45:13+00:00\",\"dateModified\":\"2026-04-02T09:00:56+00:00\",\"description\":\"Up & Down Eco \u00e4r ett stilrent och prisv\u00e4rt h\u00f6jdjusterbart bordsstativ med vev. P\u00e5 Eco stativet \u00e4ndras positionen enkelt med hj\u00e4lp av veven s\u00e5 att anv\u00e4ndaren kan arbeta i b\u00e5de sittande och st\u00e5ende st\u00e4llning.\",\"breadcrumb\":{\"@id\":\"https:\/\/shop.bjerring-sales.dk\/sv\/produkt\/eco-hoj-sankbara-stativ-med-vev\/#breadcrumb\"},\"inLanguage\":\"en-GB\",\"potentialAction\":[{\"@type\":\"ReadAction\",\"target\":[\"https:\/\/shop.bjerring-sales.dk\/sv\/produkt\/eco-hoj-sankbara-stativ-med-vev\/\"]}]},{\"@type\":\"ImageObject\",\"inLanguage\":\"en-GB\",\"@id\":\"https:\/\/shop.bjerring-sales.dk\/sv\/produkt\/eco-hoj-sankbara-stativ-med-vev\/#primaryimage\",\"url\":\"https:\/\/shop.bjerring-sales.dk\/wp-content\/uploads\/2024\/10\/ECO_White_frame.jpg\",\"contentUrl\":\"https:\/\/shop.bjerring-sales.dk\/wp-content\/uploads\/2024\/10\/ECO_White_frame.jpg\",\"width\":800,\"height\":800},{\"@type\":\"BreadcrumbList\",\"@id\":\"https:\/\/shop.bjerring-sales.dk\/sv\/produkt\/eco-hoj-sankbara-stativ-med-vev\/#breadcrumb\",\"itemListElement\":[{\"@type\":\"ListItem\",\"position\":1,\"name\":\"Hem\",\"item\":\"https:\/\/shop.bjerring-sales.dk\/\"},{\"@type\":\"ListItem\",\"position\":2,\"name\":\"Webbutik\",\"item\":\"https:\/\/shop.bjerring-sales.dk\/butik\/\"},{\"@type\":\"ListItem\",\"position\":3,\"name\":\"Eco &#8211; h\u00f6j &amp; s\u00e4nkbara stativ med vev\"}]},{\"@type\":\"WebSite\",\"@id\":\"https:\/\/shop.bjerring-sales.dk\/#website\",\"url\":\"https:\/\/shop.bjerring-sales.dk\/\",\"name\":\"Bjerring-Sales\",\"description\":\"M\u00f6bler f\u00f6r teatrar, skolor, kontor och k\u00f6pcentrum\",\"publisher\":{\"@id\":\"https:\/\/shop.bjerring-sales.dk\/#organization\"},\"potentialAction\":[{\"@type\":\"SearchAction\",\"target\":{\"@type\":\"EntryPoint\",\"urlTemplate\":\"https:\/\/shop.bjerring-sales.dk\/?s={search_term_string}\"},\"query-input\":{\"@type\":\"PropertyValueSpecification\",\"valueRequired\":true,\"valueName\":\"search_term_string\"}}],\"inLanguage\":\"en-GB\"},{\"@type\":\"Organization\",\"@id\":\"https:\/\/shop.bjerring-sales.dk\/#organization\",\"name\":\"Bjerring-Sales\",\"url\":\"https:\/\/shop.bjerring-sales.dk\/\",\"logo\":{\"@type\":\"ImageObject\",\"inLanguage\":\"en-GB\",\"@id\":\"https:\/\/shop.bjerring-sales.dk\/#\/schema\/logo\/image\/\",\"url\":\"https:\/\/shop.bjerring-sales.dk\/wp-content\/uploads\/2023\/01\/logo_sv.png\",\"contentUrl\":\"https:\/\/shop.bjerring-sales.dk\/wp-content\/uploads\/2023\/01\/logo_sv.png\",\"width\":195,\"height\":68,\"caption\":\"Bjerring-Sales\"},\"image\":{\"@id\":\"https:\/\/shop.bjerring-sales.dk\/#\/schema\/logo\/image\/\"}}]}<\/script>\n<!-- \/ Yoast SEO plugin. -->","yoast_head_json":{"title":"Eco - h\u00f6j &amp; s\u00e4nkbara stativ med vev - Bjerring-Sales","description":"Up & Down Eco \u00e4r ett stilrent och prisv\u00e4rt h\u00f6jdjusterbart bordsstativ med vev. P\u00e5 Eco stativet \u00e4ndras positionen enkelt med hj\u00e4lp av veven s\u00e5 att anv\u00e4ndaren kan arbeta i b\u00e5de sittande och st\u00e5ende st\u00e4llning.","robots":{"index":"index","follow":"follow","max-snippet":"max-snippet:-1","max-image-preview":"max-image-preview:large","max-video-preview":"max-video-preview:-1"},"canonical":"https:\/\/shop.bjerring-sales.dk\/en\/product\/eco-hoj-sankbara-stativ-med-vev\/","og_locale":"en_GB","og_type":"article","og_title":"Eco - h\u00f6j &amp; s\u00e4nkbara stativ med vev - Bjerring-Sales","og_description":"Up & Down Eco \u00e4r ett stilrent och prisv\u00e4rt h\u00f6jdjusterbart bordsstativ med vev. P\u00e5 Eco stativet \u00e4ndras positionen enkelt med hj\u00e4lp av veven s\u00e5 att anv\u00e4ndaren kan arbeta i b\u00e5de sittande och st\u00e5ende st\u00e4llning.","og_url":"https:\/\/shop.bjerring-sales.dk\/en\/product\/eco-hoj-sankbara-stativ-med-vev\/","og_site_name":"Bjerring-Sales","article_modified_time":"2026-04-02T09:00:56+00:00","og_image":[{"width":800,"height":800,"url":"https:\/\/shop.bjerring-sales.dk\/wp-content\/uploads\/2024\/10\/ECO_White_frame.jpg","type":"image\/jpeg"}],"twitter_card":"summary_large_image","twitter_misc":{"Estimated reading time":"2 minutes"},"schema":{"@context":"https:\/\/schema.org","@graph":[{"@type":"WebPage","@id":"https:\/\/shop.bjerring-sales.dk\/sv\/produkt\/eco-hoj-sankbara-stativ-med-vev\/","url":"https:\/\/shop.bjerring-sales.dk\/sv\/produkt\/eco-hoj-sankbara-stativ-med-vev\/","name":"Eco - h\u00f6j &amp; s\u00e4nkbara stativ med vev - Bjerring-Sales","isPartOf":{"@id":"https:\/\/shop.bjerring-sales.dk\/#website"},"primaryImageOfPage":{"@id":"https:\/\/shop.bjerring-sales.dk\/sv\/produkt\/eco-hoj-sankbara-stativ-med-vev\/#primaryimage"},"image":{"@id":"https:\/\/shop.bjerring-sales.dk\/sv\/produkt\/eco-hoj-sankbara-stativ-med-vev\/#primaryimage"},"thumbnailUrl":"https:\/\/shop.bjerring-sales.dk\/wp-content\/uploads\/2024\/10\/ECO_White_frame.jpg","datePublished":"2021-11-24T14:45:13+00:00","dateModified":"2026-04-02T09:00:56+00:00","description":"Up & Down Eco \u00e4r ett stilrent och prisv\u00e4rt h\u00f6jdjusterbart bordsstativ med vev. P\u00e5 Eco stativet \u00e4ndras positionen enkelt med hj\u00e4lp av veven s\u00e5 att anv\u00e4ndaren kan arbeta i b\u00e5de sittande och st\u00e5ende st\u00e4llning.","breadcrumb":{"@id":"https:\/\/shop.bjerring-sales.dk\/sv\/produkt\/eco-hoj-sankbara-stativ-med-vev\/#breadcrumb"},"inLanguage":"en-GB","potentialAction":[{"@type":"ReadAction","target":["https:\/\/shop.bjerring-sales.dk\/sv\/produkt\/eco-hoj-sankbara-stativ-med-vev\/"]}]},{"@type":"ImageObject","inLanguage":"en-GB","@id":"https:\/\/shop.bjerring-sales.dk\/sv\/produkt\/eco-hoj-sankbara-stativ-med-vev\/#primaryimage","url":"https:\/\/shop.bjerring-sales.dk\/wp-content\/uploads\/2024\/10\/ECO_White_frame.jpg","contentUrl":"https:\/\/shop.bjerring-sales.dk\/wp-content\/uploads\/2024\/10\/ECO_White_frame.jpg","width":800,"height":800},{"@type":"BreadcrumbList","@id":"https:\/\/shop.bjerring-sales.dk\/sv\/produkt\/eco-hoj-sankbara-stativ-med-vev\/#breadcrumb","itemListElement":[{"@type":"ListItem","position":1,"name":"Hem","item":"https:\/\/shop.bjerring-sales.dk\/"},{"@type":"ListItem","position":2,"name":"Webbutik","item":"https:\/\/shop.bjerring-sales.dk\/butik\/"},{"@type":"ListItem","position":3,"name":"Eco &#8211; h\u00f6j &amp; s\u00e4nkbara stativ med vev"}]},{"@type":"WebSite","@id":"https:\/\/shop.bjerring-sales.dk\/#website","url":"https:\/\/shop.bjerring-sales.dk\/","name":"Bjerring Sales","description":"Furniture for theatres, schools, offices and shopping centres","publisher":{"@id":"https:\/\/shop.bjerring-sales.dk\/#organization"},"potentialAction":[{"@type":"SearchAction","target":{"@type":"EntryPoint","urlTemplate":"https:\/\/shop.bjerring-sales.dk\/?s={search_term_string}"},"query-input":{"@type":"PropertyValueSpecification","valueRequired":true,"valueName":"search_term_string"}}],"inLanguage":"en-GB"},{"@type":"Organization","@id":"https:\/\/shop.bjerring-sales.dk\/#organization","name":"Bjerring Sales","url":"https:\/\/shop.bjerring-sales.dk\/","logo":{"@type":"ImageObject","inLanguage":"en-GB","@id":"https:\/\/shop.bjerring-sales.dk\/#\/schema\/logo\/image\/","url":"https:\/\/shop.bjerring-sales.dk\/wp-content\/uploads\/2023\/01\/logo_sv.png","contentUrl":"https:\/\/shop.bjerring-sales.dk\/wp-content\/uploads\/2023\/01\/logo_sv.png","width":195,"height":68,"caption":"Bjerring-Sales"},"image":{"@id":"https:\/\/shop.bjerring-sales.dk\/#\/schema\/logo\/image\/"}}]}},"_links":{"self":[{"href":"https:\/\/shop.bjerring-sales.dk\/en\/wp-json\/wp\/v2\/product\/69009","targetHints":{"allow":["GET"]}}],"collection":[{"href":"https:\/\/shop.bjerring-sales.dk\/en\/wp-json\/wp\/v2\/product"}],"about":[{"href":"https:\/\/shop.bjerring-sales.dk\/en\/wp-json\/wp\/v2\/types\/product"}],"wp:featuredmedia":[{"embeddable":true,"href":"https:\/\/shop.bjerring-sales.dk\/en\/wp-json\/wp\/v2\/media\/99909"}],"wp:attachment":[{"href":"https:\/\/shop.bjerring-sales.dk\/en\/wp-json\/wp\/v2\/media?parent=69009"}],"wp:term":[{"taxonomy":"product_brand","embeddable":true,"href":"https:\/\/shop.bjerring-sales.dk\/en\/wp-json\/wp\/v2\/product_brand?post=69009"},{"taxonomy":"product_cat","embeddable":true,"href":"https:\/\/shop.bjerring-sales.dk\/en\/wp-json\/wp\/v2\/product_cat?post=69009"},{"taxonomy":"product_tag","embeddable":true,"href":"https:\/\/shop.bjerring-sales.dk\/en\/wp-json\/wp\/v2\/product_tag?post=69009"}],"curies":[{"name":"wp","href":"https:\/\/api.w.org\/{rel}","templated":true}]}}