{"id":68989,"date":"2021-11-22T17:52:27","date_gmt":"2021-11-22T16:52:27","guid":{"rendered":"https:\/\/pule.se\/?post_type=product&#038;p=68989"},"modified":"2023-01-18T14:28:12","modified_gmt":"2023-01-18T13:28:12","slug":"easy-hoj-sankbara-stativ-med-1-motor","status":"publish","type":"product","link":"https:\/\/shop.bjerring-sales.dk\/en\/product\/easy-hoj-sankbara-stativ-med-1-motor\/","title":{"rendered":"Easy \u2013 Raise &amp; lower stands with 1 motor"},"content":{"rendered":"<div class=\"wpb-content-wrapper\"><div class=\"vc_row wpb_row vc_row-fluid\"><div class=\"wpb_column vc_column_container vc_col-sm-12\"><div class=\"vc_column-inner\"><div class=\"wpb_wrapper\">\n\t<div class=\"wpb_text_column wpb_content_element\" >\n\t\t<div class=\"wpb_wrapper\">\n\t\t\t<p><span style=\"font-size: 24pt\">Up &amp; Down Easy \u2013 A stand that can be raised and lowered with 1 motor<br \/>\n<\/span>Up &amp; Down Easy is a stylish and affordable height-adjustable table stand with 1 motor. The Easy stand is easily maneuvered between different positions so that the user can work in both a sitting and standing position. Up &amp; Down Easy is just as suitable for the office as for the home office. The table stand is easy to assemble and is currently stocked in three different colours.<\/p>\n\n\t\t<\/div>\n\t<\/div>\n<\/div><\/div><\/div><\/div><div class=\"vc_row wpb_row vc_row-fluid\"><div class=\"wpb_column vc_column_container vc_col-sm-4\"><div class=\"vc_column-inner\"><div class=\"wpb_wrapper\">\n\t<div  class=\"wpb_single_image wpb_content_element vc_align_center\">\n\t\t\n\t\t<figure class=\"wpb_wrapper vc_figure\">\n\t\t\t<div class=\"vc_single_image-wrapper vc_box_shadow_border  vc_box_border_grey\"><img loading=\"lazy\" decoding=\"async\" width=\"800\" height=\"550\" src=\"https:\/\/shop.bjerring-sales.dk\/wp-content\/uploads\/2021\/11\/UpDown_skrivbord_EASY_scene_09.jpg\" class=\"vc_single_image-img attachment-full\" alt=\"\" title=\"UpDown_desktop_EASY_scene_09\" srcset=\"https:\/\/shop.bjerring-sales.dk\/wp-content\/uploads\/2021\/11\/UpDown_skrivbord_EASY_scene_09.jpg 800w, https:\/\/shop.bjerring-sales.dk\/wp-content\/uploads\/2021\/11\/UpDown_skrivbord_EASY_scene_09-150x103.jpg 150w, https:\/\/shop.bjerring-sales.dk\/wp-content\/uploads\/2021\/11\/UpDown_skrivbord_EASY_scene_09-600x413.jpg 600w, https:\/\/shop.bjerring-sales.dk\/wp-content\/uploads\/2021\/11\/UpDown_skrivbord_EASY_scene_09-300x206.jpg 300w, https:\/\/shop.bjerring-sales.dk\/wp-content\/uploads\/2021\/11\/UpDown_skrivbord_EASY_scene_09-768x528.jpg 768w\" sizes=\"auto, (max-width: 800px) 100vw, 800px\" \/><\/div>\n\t\t<\/figure>\n\t<\/div>\n<\/div><\/div><\/div><div class=\"wpb_column vc_column_container vc_col-sm-4\"><div class=\"vc_column-inner\"><div class=\"wpb_wrapper\">\n\t<div  class=\"wpb_single_image wpb_content_element vc_align_center\">\n\t\t\n\t\t<figure class=\"wpb_wrapper vc_figure\">\n\t\t\t<div class=\"vc_single_image-wrapper vc_box_shadow_border  vc_box_border_grey\"><img loading=\"lazy\" decoding=\"async\" width=\"800\" height=\"550\" src=\"https:\/\/shop.bjerring-sales.dk\/wp-content\/uploads\/2021\/11\/UpDown_skrivbord_EASY_scene_08.jpg\" class=\"vc_single_image-img attachment-full\" alt=\"\" title=\"UpDown_desktop_EASY_scene_08\" srcset=\"https:\/\/shop.bjerring-sales.dk\/wp-content\/uploads\/2021\/11\/UpDown_skrivbord_EASY_scene_08.jpg 800w, https:\/\/shop.bjerring-sales.dk\/wp-content\/uploads\/2021\/11\/UpDown_skrivbord_EASY_scene_08-150x103.jpg 150w, https:\/\/shop.bjerring-sales.dk\/wp-content\/uploads\/2021\/11\/UpDown_skrivbord_EASY_scene_08-600x413.jpg 600w, https:\/\/shop.bjerring-sales.dk\/wp-content\/uploads\/2021\/11\/UpDown_skrivbord_EASY_scene_08-300x206.jpg 300w, https:\/\/shop.bjerring-sales.dk\/wp-content\/uploads\/2021\/11\/UpDown_skrivbord_EASY_scene_08-768x528.jpg 768w\" sizes=\"auto, (max-width: 800px) 100vw, 800px\" \/><\/div>\n\t\t<\/figure>\n\t<\/div>\n<\/div><\/div><\/div><div class=\"wpb_column vc_column_container vc_col-sm-4\"><div class=\"vc_column-inner\"><div class=\"wpb_wrapper\">\n\t<div  class=\"wpb_single_image wpb_content_element vc_align_center\">\n\t\t\n\t\t<figure class=\"wpb_wrapper vc_figure\">\n\t\t\t<div class=\"vc_single_image-wrapper vc_box_shadow_border  vc_box_border_grey\"><img loading=\"lazy\" decoding=\"async\" width=\"800\" height=\"550\" src=\"https:\/\/shop.bjerring-sales.dk\/wp-content\/uploads\/2021\/11\/UpDown_skrivbord_EASY_scene_07.jpg\" class=\"vc_single_image-img attachment-full\" alt=\"\" title=\"UpDown_desktop_EASY_scene_07\" srcset=\"https:\/\/shop.bjerring-sales.dk\/wp-content\/uploads\/2021\/11\/UpDown_skrivbord_EASY_scene_07.jpg 800w, https:\/\/shop.bjerring-sales.dk\/wp-content\/uploads\/2021\/11\/UpDown_skrivbord_EASY_scene_07-150x103.jpg 150w, https:\/\/shop.bjerring-sales.dk\/wp-content\/uploads\/2021\/11\/UpDown_skrivbord_EASY_scene_07-600x413.jpg 600w, https:\/\/shop.bjerring-sales.dk\/wp-content\/uploads\/2021\/11\/UpDown_skrivbord_EASY_scene_07-300x206.jpg 300w, https:\/\/shop.bjerring-sales.dk\/wp-content\/uploads\/2021\/11\/UpDown_skrivbord_EASY_scene_07-768x528.jpg 768w\" sizes=\"auto, (max-width: 800px) 100vw, 800px\" \/><\/div>\n\t\t<\/figure>\n\t<\/div>\n<\/div><\/div><\/div><\/div><div class=\"vc_row wpb_row vc_row-fluid\"><div class=\"wpb_column vc_column_container vc_col-sm-6\"><div class=\"vc_column-inner\"><div class=\"wpb_wrapper\">\n\t<div class=\"wpb_text_column wpb_content_element\" >\n\t\t<div class=\"wpb_wrapper\">\n\t\t\t<p><span style=\"font-size: 18pt\">Design<br \/>\n<\/span>The adjustable desk stand has a modern design with straight lines, which means it fits into all types of office spaces. The table stand is built with 2-part rectangular legs that have been powder coated. The lifting capacity is 70 kg, which means that the user can easily fit 2-3 screens, docking stations, documents, etc. The stand is available in the colors white, black and silver grey.<\/p>\n<p><span style=\"font-size: 18pt\">Table tops<br \/>\n<\/span>We have different models of table tops that fit the Easy stand. Rectangular 19mm laminate boards are stocked in black, white, grey, beech, birch and oak. We also stock 22 mm laminate boards in white color with belly outlet. We also custom manufacture table tops in various sizes &amp; materials that are not part of our standard range. Feel free to contact us with a request. See our range of table tops that are kept in stock via this link.<\/p>\n<ul>\n<li>Rec. width of table top: 900-1600 mm<\/li>\n<li>Rec. depth of table top: 600-800 mm<\/li>\n<\/ul>\n<p><span style=\"font-size: 18pt\">Specifications<\/span><\/p>\n<ul>\n<li>Raise &amp; lower speed: 25 mm\/s<\/li>\n<li>Tube dimension 80\u00d750 mm<\/li>\n<li>Stroke length: 500 mm<\/li>\n<li>Power: 100V-240V<\/li>\n<li>Noise level: &lt;50db<\/li>\n<li>Overheating protection<\/li>\n<li>Rec. Maximum load: 70 kg<\/li>\n<\/ul>\n<p><span style=\"font-size: 18pt\">Guarantee<\/span><\/p>\n<p>5 years<\/p>\n<p><span style=\"font-size: 18pt\">Measure<\/span><\/p>\n<ul>\n<li>Height: 710-1210 mm<\/li>\n<li>Width: 850-1290 mm<\/li>\n<li>Depth\/foot width: 650 mm<\/li>\n<\/ul>\n<p><span style=\"font-size: 18pt\">Weight<\/span><br \/>\n21.5 kg<\/p>\n\n\t\t<\/div>\n\t<\/div>\n<\/div><\/div><\/div><div class=\"wpb_column vc_column_container vc_col-sm-6\"><div class=\"vc_column-inner\"><div class=\"wpb_wrapper\">\n\t<div class=\"wpb_text_column wpb_content_element\" >\n\t\t<div class=\"wpb_wrapper\">\n\t\t\t<p><img loading=\"lazy\" decoding=\"async\" class=\"alignnone size-full wp-image-70712\" src=\"https:\/\/shop.bjerring-sales.dk\/wp-content\/uploads\/2021\/11\/Easy_matt-300x255-1.jpg\" alt=\"\" width=\"300\" height=\"255\" srcset=\"https:\/\/shop.bjerring-sales.dk\/wp-content\/uploads\/2021\/11\/Easy_matt-300x255-1.jpg 300w, https:\/\/shop.bjerring-sales.dk\/wp-content\/uploads\/2021\/11\/Easy_matt-300x255-1-150x128.jpg 150w\" sizes=\"auto, (max-width: 300px) 100vw, 300px\" \/><\/p>\n<p><span style=\"font-size: 18pt\">List of performed tests and certificates<\/span><\/p>\n<ul>\n<li>UL<\/li>\n<li>CE-EMC<\/li>\n<li>CE-LVD<\/li>\n<li>RCM<\/li>\n<li>ROHS<\/li>\n<li>FCC<\/li>\n<li>PSE<\/li>\n<li>KC<\/li>\n<\/ul>\n<p><span style=\"font-size: 18pt\">Manual<\/span><br \/>\n<a href=\"https:\/\/elj.se\/wp-content\/uploads\/2021\/11\/Up-Down-EASY-manual-n.pdf\" target=\"_blank\" rel=\"noopener\"><img loading=\"lazy\" decoding=\"async\" class=\"alignnone wp-image-70716 size-full\" src=\"https:\/\/shop.bjerring-sales.dk\/wp-content\/uploads\/2021\/11\/Up-Down-EASY-manual-1-150x215-1.jpg\" alt=\"\" width=\"150\" height=\"215\" \/><\/a><\/p>\n\n\t\t<\/div>\n\t<\/div>\n<\/div><\/div><\/div><\/div>\n<\/div>","protected":false},"excerpt":{"rendered":"<p>Up &amp; Down Easy is a stylish and affordable height-adjustable table stand with 1 motor. The Easy stand is easily maneuvered between different positions so that the user can work in both a sitting and standing position. Up &amp; Down Easy is just as suitable for the office as for the home office. The table stand is easy to assemble and is currently stocked in three different colours.<\/p>","protected":false},"featured_media":73856,"template":"","meta":{"iawp_total_views":1},"product_brand":[],"product_cat":[6353,5819],"product_tag":[5986,5780,5822,5985],"class_list":{"0":"post-68989","1":"product","2":"type-product","3":"status-publish","4":"has-post-thumbnail","6":"product_cat-up-down-easy","7":"product_cat-bordsstativ","8":"product_tag-enmotorigt-stativ","9":"product_tag-up-down","10":"product_tag-bordsstativ","11":"product_tag-hoj-och-sankbara-stativ","13":"first","14":"instock","15":"taxable","16":"shipping-taxable","17":"purchasable","18":"product-type-variable"},"yoast_head":"<!-- This site is optimized with the Yoast SEO plugin v27.0 - https:\/\/yoast.com\/product\/yoast-seo-wordpress\/ -->\n<title>Easy - H\u00f6j &amp; s\u00e4nkbara stativ med 1 motor - Bjerring-Sales<\/title>\n<meta name=\"description\" content=\"Up &amp; Down Easy \u00e4r ett snyggt och prisv\u00e4rt h\u00f6jdjusterbart bordsstativ med 1 motor. Easy stativet man\u00f6vreras smidigt mellan olika positioner s\u00e5 att anv\u00e4ndaren kan arbeta i b\u00e5de sittande och st\u00e5ende st\u00e4llning.\" \/>\n<meta name=\"robots\" content=\"index, follow, max-snippet:-1, max-image-preview:large, max-video-preview:-1\" \/>\n<link rel=\"canonical\" href=\"https:\/\/shop.bjerring-sales.dk\/en\/product\/easy-hoj-sankbara-stativ-med-1-motor\/\" \/>\n<meta property=\"og:locale\" content=\"en_GB\" \/>\n<meta property=\"og:type\" content=\"article\" \/>\n<meta property=\"og:title\" content=\"Easy - H\u00f6j &amp; s\u00e4nkbara stativ med 1 motor - Bjerring-Sales\" \/>\n<meta property=\"og:description\" content=\"Up &amp; Down Easy \u00e4r ett snyggt och prisv\u00e4rt h\u00f6jdjusterbart bordsstativ med 1 motor. Easy stativet man\u00f6vreras smidigt mellan olika positioner s\u00e5 att anv\u00e4ndaren kan arbeta i b\u00e5de sittande och st\u00e5ende st\u00e4llning.\" \/>\n<meta property=\"og:url\" content=\"https:\/\/shop.bjerring-sales.dk\/en\/product\/easy-hoj-sankbara-stativ-med-1-motor\/\" \/>\n<meta property=\"og:site_name\" content=\"Bjerring-Sales\" \/>\n<meta property=\"article:modified_time\" content=\"2023-01-18T13:28:12+00:00\" \/>\n<meta property=\"og:image\" content=\"https:\/\/pule.se\/wp-content\/uploads\/2021\/11\/Easy_White_frame-1.jpg\" \/>\n\t<meta property=\"og:image:width\" content=\"800\" \/>\n\t<meta property=\"og:image:height\" content=\"800\" \/>\n\t<meta property=\"og:image:type\" content=\"image\/jpeg\" \/>\n<meta name=\"twitter:card\" content=\"summary_large_image\" \/>\n<meta name=\"twitter:label1\" content=\"Estimated reading time\" \/>\n\t<meta name=\"twitter:data1\" content=\"2 minutes\" \/>\n<script type=\"application\/ld+json\" class=\"yoast-schema-graph\">{\"@context\":\"https:\/\/schema.org\",\"@graph\":[{\"@type\":\"WebPage\",\"@id\":\"https:\/\/shop.bjerring-sales.dk\/sv\/produkt\/easy-hoj-sankbara-stativ-med-1-motor\/\",\"url\":\"https:\/\/shop.bjerring-sales.dk\/sv\/produkt\/easy-hoj-sankbara-stativ-med-1-motor\/\",\"name\":\"Easy - H\u00f6j &amp; s\u00e4nkbara stativ med 1 motor - Bjerring-Sales\",\"isPartOf\":{\"@id\":\"https:\/\/shop.bjerring-sales.dk\/#website\"},\"primaryImageOfPage\":{\"@id\":\"https:\/\/shop.bjerring-sales.dk\/sv\/produkt\/easy-hoj-sankbara-stativ-med-1-motor\/#primaryimage\"},\"image\":{\"@id\":\"https:\/\/shop.bjerring-sales.dk\/sv\/produkt\/easy-hoj-sankbara-stativ-med-1-motor\/#primaryimage\"},\"thumbnailUrl\":\"https:\/\/shop.bjerring-sales.dk\/wp-content\/uploads\/2021\/11\/Easy_White_frame-1.jpg\",\"datePublished\":\"2021-11-22T16:52:27+00:00\",\"dateModified\":\"2023-01-18T13:28:12+00:00\",\"description\":\"Up & Down Easy \u00e4r ett snyggt och prisv\u00e4rt h\u00f6jdjusterbart bordsstativ med 1 motor. Easy stativet man\u00f6vreras smidigt mellan olika positioner s\u00e5 att anv\u00e4ndaren kan arbeta i b\u00e5de sittande och st\u00e5ende st\u00e4llning.\",\"breadcrumb\":{\"@id\":\"https:\/\/shop.bjerring-sales.dk\/sv\/produkt\/easy-hoj-sankbara-stativ-med-1-motor\/#breadcrumb\"},\"inLanguage\":\"en-GB\",\"potentialAction\":[{\"@type\":\"ReadAction\",\"target\":[\"https:\/\/shop.bjerring-sales.dk\/sv\/produkt\/easy-hoj-sankbara-stativ-med-1-motor\/\"]}]},{\"@type\":\"ImageObject\",\"inLanguage\":\"en-GB\",\"@id\":\"https:\/\/shop.bjerring-sales.dk\/sv\/produkt\/easy-hoj-sankbara-stativ-med-1-motor\/#primaryimage\",\"url\":\"https:\/\/shop.bjerring-sales.dk\/wp-content\/uploads\/2021\/11\/Easy_White_frame-1.jpg\",\"contentUrl\":\"https:\/\/shop.bjerring-sales.dk\/wp-content\/uploads\/2021\/11\/Easy_White_frame-1.jpg\",\"width\":800,\"height\":800},{\"@type\":\"BreadcrumbList\",\"@id\":\"https:\/\/shop.bjerring-sales.dk\/sv\/produkt\/easy-hoj-sankbara-stativ-med-1-motor\/#breadcrumb\",\"itemListElement\":[{\"@type\":\"ListItem\",\"position\":1,\"name\":\"Hem\",\"item\":\"https:\/\/shop.bjerring-sales.dk\/\"},{\"@type\":\"ListItem\",\"position\":2,\"name\":\"Webbutik\",\"item\":\"https:\/\/shop.bjerring-sales.dk\/butik\/\"},{\"@type\":\"ListItem\",\"position\":3,\"name\":\"Easy &#8211; H\u00f6j &amp; s\u00e4nkbara stativ med 1 motor\"}]},{\"@type\":\"WebSite\",\"@id\":\"https:\/\/shop.bjerring-sales.dk\/#website\",\"url\":\"https:\/\/shop.bjerring-sales.dk\/\",\"name\":\"Bjerring-Sales\",\"description\":\"M\u00f6bler f\u00f6r teatrar, skolor, kontor och k\u00f6pcentrum\",\"publisher\":{\"@id\":\"https:\/\/shop.bjerring-sales.dk\/#organization\"},\"potentialAction\":[{\"@type\":\"SearchAction\",\"target\":{\"@type\":\"EntryPoint\",\"urlTemplate\":\"https:\/\/shop.bjerring-sales.dk\/?s={search_term_string}\"},\"query-input\":{\"@type\":\"PropertyValueSpecification\",\"valueRequired\":true,\"valueName\":\"search_term_string\"}}],\"inLanguage\":\"en-GB\"},{\"@type\":\"Organization\",\"@id\":\"https:\/\/shop.bjerring-sales.dk\/#organization\",\"name\":\"Bjerring-Sales\",\"url\":\"https:\/\/shop.bjerring-sales.dk\/\",\"logo\":{\"@type\":\"ImageObject\",\"inLanguage\":\"en-GB\",\"@id\":\"https:\/\/shop.bjerring-sales.dk\/#\/schema\/logo\/image\/\",\"url\":\"https:\/\/shop.bjerring-sales.dk\/wp-content\/uploads\/2023\/01\/logo_sv.png\",\"contentUrl\":\"https:\/\/shop.bjerring-sales.dk\/wp-content\/uploads\/2023\/01\/logo_sv.png\",\"width\":195,\"height\":68,\"caption\":\"Bjerring-Sales\"},\"image\":{\"@id\":\"https:\/\/shop.bjerring-sales.dk\/#\/schema\/logo\/image\/\"}}]}<\/script>\n<!-- \/ Yoast SEO plugin. -->","yoast_head_json":{"title":"Easy - H\u00f6j &amp; s\u00e4nkbara stativ med 1 motor - Bjerring-Sales","description":"Up & Down Easy \u00e4r ett snyggt och prisv\u00e4rt h\u00f6jdjusterbart bordsstativ med 1 motor. Easy stativet man\u00f6vreras smidigt mellan olika positioner s\u00e5 att anv\u00e4ndaren kan arbeta i b\u00e5de sittande och st\u00e5ende st\u00e4llning.","robots":{"index":"index","follow":"follow","max-snippet":"max-snippet:-1","max-image-preview":"max-image-preview:large","max-video-preview":"max-video-preview:-1"},"canonical":"https:\/\/shop.bjerring-sales.dk\/en\/product\/easy-hoj-sankbara-stativ-med-1-motor\/","og_locale":"en_GB","og_type":"article","og_title":"Easy - H\u00f6j &amp; s\u00e4nkbara stativ med 1 motor - Bjerring-Sales","og_description":"Up & Down Easy \u00e4r ett snyggt och prisv\u00e4rt h\u00f6jdjusterbart bordsstativ med 1 motor. Easy stativet man\u00f6vreras smidigt mellan olika positioner s\u00e5 att anv\u00e4ndaren kan arbeta i b\u00e5de sittande och st\u00e5ende st\u00e4llning.","og_url":"https:\/\/shop.bjerring-sales.dk\/en\/product\/easy-hoj-sankbara-stativ-med-1-motor\/","og_site_name":"Bjerring-Sales","article_modified_time":"2023-01-18T13:28:12+00:00","og_image":[{"width":800,"height":800,"url":"https:\/\/pule.se\/wp-content\/uploads\/2021\/11\/Easy_White_frame-1.jpg","type":"image\/jpeg"}],"twitter_card":"summary_large_image","twitter_misc":{"Estimated reading time":"2 minutes"},"schema":{"@context":"https:\/\/schema.org","@graph":[{"@type":"WebPage","@id":"https:\/\/shop.bjerring-sales.dk\/sv\/produkt\/easy-hoj-sankbara-stativ-med-1-motor\/","url":"https:\/\/shop.bjerring-sales.dk\/sv\/produkt\/easy-hoj-sankbara-stativ-med-1-motor\/","name":"Easy - H\u00f6j &amp; s\u00e4nkbara stativ med 1 motor - Bjerring-Sales","isPartOf":{"@id":"https:\/\/shop.bjerring-sales.dk\/#website"},"primaryImageOfPage":{"@id":"https:\/\/shop.bjerring-sales.dk\/sv\/produkt\/easy-hoj-sankbara-stativ-med-1-motor\/#primaryimage"},"image":{"@id":"https:\/\/shop.bjerring-sales.dk\/sv\/produkt\/easy-hoj-sankbara-stativ-med-1-motor\/#primaryimage"},"thumbnailUrl":"https:\/\/shop.bjerring-sales.dk\/wp-content\/uploads\/2021\/11\/Easy_White_frame-1.jpg","datePublished":"2021-11-22T16:52:27+00:00","dateModified":"2023-01-18T13:28:12+00:00","description":"Up & Down Easy \u00e4r ett snyggt och prisv\u00e4rt h\u00f6jdjusterbart bordsstativ med 1 motor. Easy stativet man\u00f6vreras smidigt mellan olika positioner s\u00e5 att anv\u00e4ndaren kan arbeta i b\u00e5de sittande och st\u00e5ende st\u00e4llning.","breadcrumb":{"@id":"https:\/\/shop.bjerring-sales.dk\/sv\/produkt\/easy-hoj-sankbara-stativ-med-1-motor\/#breadcrumb"},"inLanguage":"en-GB","potentialAction":[{"@type":"ReadAction","target":["https:\/\/shop.bjerring-sales.dk\/sv\/produkt\/easy-hoj-sankbara-stativ-med-1-motor\/"]}]},{"@type":"ImageObject","inLanguage":"en-GB","@id":"https:\/\/shop.bjerring-sales.dk\/sv\/produkt\/easy-hoj-sankbara-stativ-med-1-motor\/#primaryimage","url":"https:\/\/shop.bjerring-sales.dk\/wp-content\/uploads\/2021\/11\/Easy_White_frame-1.jpg","contentUrl":"https:\/\/shop.bjerring-sales.dk\/wp-content\/uploads\/2021\/11\/Easy_White_frame-1.jpg","width":800,"height":800},{"@type":"BreadcrumbList","@id":"https:\/\/shop.bjerring-sales.dk\/sv\/produkt\/easy-hoj-sankbara-stativ-med-1-motor\/#breadcrumb","itemListElement":[{"@type":"ListItem","position":1,"name":"Hem","item":"https:\/\/shop.bjerring-sales.dk\/"},{"@type":"ListItem","position":2,"name":"Webbutik","item":"https:\/\/shop.bjerring-sales.dk\/butik\/"},{"@type":"ListItem","position":3,"name":"Easy &#8211; H\u00f6j &amp; s\u00e4nkbara stativ med 1 motor"}]},{"@type":"WebSite","@id":"https:\/\/shop.bjerring-sales.dk\/#website","url":"https:\/\/shop.bjerring-sales.dk\/","name":"Bjerring Sales","description":"Furniture for theatres, schools, offices and shopping centres","publisher":{"@id":"https:\/\/shop.bjerring-sales.dk\/#organization"},"potentialAction":[{"@type":"SearchAction","target":{"@type":"EntryPoint","urlTemplate":"https:\/\/shop.bjerring-sales.dk\/?s={search_term_string}"},"query-input":{"@type":"PropertyValueSpecification","valueRequired":true,"valueName":"search_term_string"}}],"inLanguage":"en-GB"},{"@type":"Organization","@id":"https:\/\/shop.bjerring-sales.dk\/#organization","name":"Bjerring Sales","url":"https:\/\/shop.bjerring-sales.dk\/","logo":{"@type":"ImageObject","inLanguage":"en-GB","@id":"https:\/\/shop.bjerring-sales.dk\/#\/schema\/logo\/image\/","url":"https:\/\/shop.bjerring-sales.dk\/wp-content\/uploads\/2023\/01\/logo_sv.png","contentUrl":"https:\/\/shop.bjerring-sales.dk\/wp-content\/uploads\/2023\/01\/logo_sv.png","width":195,"height":68,"caption":"Bjerring-Sales"},"image":{"@id":"https:\/\/shop.bjerring-sales.dk\/#\/schema\/logo\/image\/"}}]}},"_links":{"self":[{"href":"https:\/\/shop.bjerring-sales.dk\/en\/wp-json\/wp\/v2\/product\/68989","targetHints":{"allow":["GET"]}}],"collection":[{"href":"https:\/\/shop.bjerring-sales.dk\/en\/wp-json\/wp\/v2\/product"}],"about":[{"href":"https:\/\/shop.bjerring-sales.dk\/en\/wp-json\/wp\/v2\/types\/product"}],"wp:featuredmedia":[{"embeddable":true,"href":"https:\/\/shop.bjerring-sales.dk\/en\/wp-json\/wp\/v2\/media\/73856"}],"wp:attachment":[{"href":"https:\/\/shop.bjerring-sales.dk\/en\/wp-json\/wp\/v2\/media?parent=68989"}],"wp:term":[{"taxonomy":"product_brand","embeddable":true,"href":"https:\/\/shop.bjerring-sales.dk\/en\/wp-json\/wp\/v2\/product_brand?post=68989"},{"taxonomy":"product_cat","embeddable":true,"href":"https:\/\/shop.bjerring-sales.dk\/en\/wp-json\/wp\/v2\/product_cat?post=68989"},{"taxonomy":"product_tag","embeddable":true,"href":"https:\/\/shop.bjerring-sales.dk\/en\/wp-json\/wp\/v2\/product_tag?post=68989"}],"curies":[{"name":"wp","href":"https:\/\/api.w.org\/{rel}","templated":true}]}}