{"id":65472,"date":"2019-09-16T10:38:29","date_gmt":"2019-09-16T08:38:29","guid":{"rendered":"https:\/\/pule.se\/produkt\/stativ-med-vev\/"},"modified":"2024-03-15T16:19:07","modified_gmt":"2024-03-15T15:19:07","slug":"stativ-med-vev","status":"publish","type":"product","link":"https:\/\/shop.bjerring-sales.dk\/en\/product\/stativ-med-vev\/","title":{"rendered":"Zero \u2013 Raise &amp; lower stands with crank"},"content":{"rendered":"<div class=\"wpb-content-wrapper\"><div class=\"vc_row wpb_row vc_row-fluid\"><div class=\"wpb_column vc_column_container vc_col-sm-12\"><div class=\"vc_column-inner\"><div class=\"wpb_wrapper\">\n\t<div class=\"wpb_text_column wpb_content_element\" >\n\t\t<div class=\"wpb_wrapper\">\n\t\t\t<p><span style=\"font-size: 24pt\">Manual and straightforward<\/span><br \/>\nRaised and lowered stands with cranks are our most environmentally friendly, and affordable alternatives in the Up &amp; Down series. Having a desk with a crank stand for the office is, as it sounds, both completely manual and uncomplicated. There are of course other advantages to crank tables in addition to the price, that crank activates the user who may otherwise often sit still. You avoid cables and other &quot;hassles&quot; if you just want to keep it simple. Tables with crank stands are very flexible in a variety of environments except offices. For example, as a display table in shops with clothes where you can easily change height positions, depending on which visitors you want to attract. Why not as a tasting table at a high altitude, which you later easily turn into a serving table or a flexible buffet table?<\/p>\n<p>The height adjustment is done by manually cranking the table up \/ down to the desired position. The height-adjustable crank stand is stocked in 3 different colors, white, black and silver gray. The stand has a height and lowering speed of 8 mm \/ revolution. The stroke of a stand indicates the height &amp; lowering distance. On our stand with crank, the stroke length is 450 mm. The shape of the stand is constructed with 2 divided rectangular tubes. Our crank stand fits most types of table tops, they can also be adjusted in width, which means that you can be extra flexible when choosing a table top.<\/p>\n<p>We recommend the stand for table tops measuring 120 \u00d7 70 cm up to 200 \u00d7 100 cm. The stands with crank weigh 32 kg and have a recommended maximum load of 90 kg.<\/p>\n<p>Up &amp; Down is a series that consists of all our adjustable stands and tables.<\/p>\n\n\t\t<\/div>\n\t<\/div>\n<\/div><\/div><\/div><\/div><div class=\"vc_row wpb_row vc_row-fluid\"><div class=\"wpb_column vc_column_container vc_col-sm-4\"><div class=\"vc_column-inner\"><div class=\"wpb_wrapper\">\n\t<div  class=\"wpb_single_image wpb_content_element vc_align_center\">\n\t\t\n\t\t<figure class=\"wpb_wrapper vc_figure\">\n\t\t\t<div class=\"vc_single_image-wrapper vc_box_shadow_border  vc_box_border_grey\"><img loading=\"lazy\" decoding=\"async\" width=\"800\" height=\"550\" src=\"https:\/\/shop.bjerring-sales.dk\/wp-content\/uploads\/2019\/09\/Zero_silver_800x550-1.jpg\" class=\"vc_single_image-img attachment-full\" alt=\"\" title=\"Zero_silver_800x550\" srcset=\"https:\/\/shop.bjerring-sales.dk\/wp-content\/uploads\/2019\/09\/Zero_silver_800x550-1.jpg 800w, https:\/\/shop.bjerring-sales.dk\/wp-content\/uploads\/2019\/09\/Zero_silver_800x550-1-150x103.jpg 150w, https:\/\/shop.bjerring-sales.dk\/wp-content\/uploads\/2019\/09\/Zero_silver_800x550-1-600x413.jpg 600w, https:\/\/shop.bjerring-sales.dk\/wp-content\/uploads\/2019\/09\/Zero_silver_800x550-1-300x206.jpg 300w, https:\/\/shop.bjerring-sales.dk\/wp-content\/uploads\/2019\/09\/Zero_silver_800x550-1-768x528.jpg 768w\" sizes=\"auto, (max-width: 800px) 100vw, 800px\" \/><\/div>\n\t\t<\/figure>\n\t<\/div>\n<\/div><\/div><\/div><div class=\"wpb_column vc_column_container vc_col-sm-4\"><div class=\"vc_column-inner\"><div class=\"wpb_wrapper\">\n\t<div  class=\"wpb_single_image wpb_content_element vc_align_center\">\n\t\t\n\t\t<figure class=\"wpb_wrapper vc_figure\">\n\t\t\t<div class=\"vc_single_image-wrapper vc_box_shadow_border  vc_box_border_grey\"><img loading=\"lazy\" decoding=\"async\" width=\"800\" height=\"550\" src=\"https:\/\/shop.bjerring-sales.dk\/wp-content\/uploads\/2019\/09\/PUREis3_Black_miljo_800x550.jpg\" class=\"vc_single_image-img attachment-full\" alt=\"\" title=\"PUREis3_Black_environment_800x550\" srcset=\"https:\/\/shop.bjerring-sales.dk\/wp-content\/uploads\/2019\/09\/PUREis3_Black_miljo_800x550.jpg 800w, https:\/\/shop.bjerring-sales.dk\/wp-content\/uploads\/2019\/09\/PUREis3_Black_miljo_800x550-150x103.jpg 150w, https:\/\/shop.bjerring-sales.dk\/wp-content\/uploads\/2019\/09\/PUREis3_Black_miljo_800x550-600x413.jpg 600w, https:\/\/shop.bjerring-sales.dk\/wp-content\/uploads\/2019\/09\/PUREis3_Black_miljo_800x550-300x206.jpg 300w, https:\/\/shop.bjerring-sales.dk\/wp-content\/uploads\/2019\/09\/PUREis3_Black_miljo_800x550-768x528.jpg 768w\" sizes=\"auto, (max-width: 800px) 100vw, 800px\" \/><\/div>\n\t\t<\/figure>\n\t<\/div>\n<\/div><\/div><\/div><div class=\"wpb_column vc_column_container vc_col-sm-4\"><div class=\"vc_column-inner\"><div class=\"wpb_wrapper\">\n\t<div  class=\"wpb_single_image wpb_content_element vc_align_center\">\n\t\t\n\t\t<figure class=\"wpb_wrapper vc_figure\">\n\t\t\t<div class=\"vc_single_image-wrapper vc_box_shadow_border  vc_box_border_grey\"><img loading=\"lazy\" decoding=\"async\" width=\"800\" height=\"550\" src=\"https:\/\/shop.bjerring-sales.dk\/wp-content\/uploads\/2019\/12\/Two_vit_pure_miljo_800x550.jpg\" class=\"vc_single_image-img attachment-full\" alt=\"\" title=\"Two_vit_pure_environment_800x550\" srcset=\"https:\/\/shop.bjerring-sales.dk\/wp-content\/uploads\/2019\/12\/Two_vit_pure_miljo_800x550.jpg 800w, https:\/\/shop.bjerring-sales.dk\/wp-content\/uploads\/2019\/12\/Two_vit_pure_miljo_800x550-150x103.jpg 150w, https:\/\/shop.bjerring-sales.dk\/wp-content\/uploads\/2019\/12\/Two_vit_pure_miljo_800x550-600x413.jpg 600w, https:\/\/shop.bjerring-sales.dk\/wp-content\/uploads\/2019\/12\/Two_vit_pure_miljo_800x550-300x206.jpg 300w, https:\/\/shop.bjerring-sales.dk\/wp-content\/uploads\/2019\/12\/Two_vit_pure_miljo_800x550-768x528.jpg 768w\" sizes=\"auto, (max-width: 800px) 100vw, 800px\" \/><\/div>\n\t\t<\/figure>\n\t<\/div>\n<\/div><\/div><\/div><\/div><div class=\"vc_row wpb_row vc_row-fluid\"><div class=\"wpb_column vc_column_container vc_col-sm-6\"><div class=\"vc_column-inner\"><div class=\"wpb_wrapper\">\n\t<div class=\"wpb_text_column wpb_content_element vc_custom_1632877461930\" >\n\t\t<div class=\"wpb_wrapper\">\n\t\t\t<p><span style=\"font-size: 18pt\">Measure<br \/>\n<\/span>Height: 680-1130 mm<br \/>\nStroke length: 450 mm<br \/>\nLength: 1150-1800 mm<br \/>\nWidth: 600 mm<br \/>\nWidth of foot: 700 mm<\/p>\n<p>Leg type: Rectangular tube, 2 divided.<br \/>\nTube dimension: 80 \u00d7 50 mm<\/p>\n\n\t\t<\/div>\n\t<\/div>\n<\/div><\/div><\/div><div class=\"wpb_column vc_column_container vc_col-sm-6\"><div class=\"vc_column-inner\"><div class=\"wpb_wrapper\">\n\t<div class=\"wpb_text_column wpb_content_element vc_custom_1632877468334\" >\n\t\t<div class=\"wpb_wrapper\">\n\t\t\t<p><span style=\"font-size: 18pt\">Manual<br \/>\n<\/span><img loading=\"lazy\" decoding=\"async\" class=\"alignnone size-full wp-image-2494\" src=\"https:\/\/elj.se\/wp-content\/uploads\/2017\/10\/pdf.png\" alt=\"\" width=\"20\" height=\"20\" \/> <a href=\"https:\/\/elj.se\/wp-content\/uploads\/2021\/06\/Manual-up-down-0-new.pdf\" target=\"_blank\" rel=\"noopener\">Download manual\u00a0<\/a><\/p>\n\n\t\t<\/div>\n\t<\/div>\n<\/div><\/div><\/div><\/div><div class=\"vc_row wpb_row vc_row-fluid\"><div class=\"wpb_column vc_column_container vc_col-sm-12\"><div class=\"vc_column-inner\"><div class=\"wpb_wrapper\">\n\t<div class=\"wpb_video_widget wpb_content_element vc_clearfix vc_video-aspect-ratio-169 vc_video-el-width-70 vc_video-align-center\" >\n\t\t<div class=\"wpb_wrapper\">\n\t\t\t\n\t\t\t<div class=\"wpb_video_wrapper\"><iframe loading=\"lazy\" title=\"Up &amp; Down Zero - Assembly\" src=\"https:\/\/player.vimeo.com\/video\/362789247?dnt=1&amp;app_id=122963\" width=\"500\" height=\"281\" frameborder=\"0\" allow=\"autoplay; fullscreen; picture-in-picture\"><\/iframe><\/div>\n\t\t<\/div>\n\t<\/div>\n<\/div><\/div><\/div><\/div>\n<\/div>","protected":false},"excerpt":{"rendered":"<p><span style=\"color: #ff0000\">Only black stands left in stock, check out the &quot;Eco&quot; stand with crank for more colours.<\/span> Raised and lowered stands with cranks are our most environmentally friendly, and affordable alternatives in the Up &amp; Down series. Having a desk with a crank stand for the office is straightforward.<\/p>","protected":false},"featured_media":95453,"template":"","meta":{"iawp_total_views":2},"product_brand":[],"product_cat":[5819],"product_tag":[],"class_list":{"0":"post-65472","1":"product","2":"type-product","3":"status-publish","4":"has-post-thumbnail","6":"product_cat-bordsstativ","8":"first","9":"instock","10":"taxable","11":"shipping-taxable","12":"purchasable","13":"product-type-variable"},"yoast_head":"<!-- This site is optimized with the Yoast SEO plugin v27.0 - https:\/\/yoast.com\/product\/yoast-seo-wordpress\/ -->\n<title>Zero - H\u00f6j &amp; s\u00e4nkbara stativ med vev - Bjerring-Sales<\/title>\n<meta name=\"description\" content=\"H\u00f6j och s\u00e4nkbara stativ med vev \u00e4r v\u00e5ra mest milj\u00f6v\u00e4nliga, och prisv\u00e4rda alternativ inom Up &amp; Down serien. Att ha skrivbord med vevstativ till kontoret, \u00e4r okomplicerat.\" \/>\n<meta name=\"robots\" content=\"index, follow, max-snippet:-1, max-image-preview:large, max-video-preview:-1\" \/>\n<link rel=\"canonical\" href=\"https:\/\/shop.bjerring-sales.dk\/en\/product\/stativ-med-vev\/\" \/>\n<meta property=\"og:locale\" content=\"en_GB\" \/>\n<meta property=\"og:type\" content=\"article\" \/>\n<meta property=\"og:title\" content=\"Zero - H\u00f6j &amp; s\u00e4nkbara stativ med vev - Bjerring-Sales\" \/>\n<meta property=\"og:description\" content=\"H\u00f6j och s\u00e4nkbara stativ med vev \u00e4r v\u00e5ra mest milj\u00f6v\u00e4nliga, och prisv\u00e4rda alternativ inom Up &amp; Down serien. Att ha skrivbord med vevstativ till kontoret, \u00e4r okomplicerat.\" \/>\n<meta property=\"og:url\" content=\"https:\/\/shop.bjerring-sales.dk\/en\/product\/stativ-med-vev\/\" \/>\n<meta property=\"og:site_name\" content=\"Bjerring-Sales\" \/>\n<meta property=\"article:modified_time\" content=\"2024-03-15T15:19:07+00:00\" \/>\n<meta property=\"og:image\" content=\"https:\/\/shop.bjerring-sales.dk\/wp-content\/uploads\/2024\/03\/zero_vit_800x800.jpg\" \/>\n\t<meta property=\"og:image:width\" content=\"800\" \/>\n\t<meta property=\"og:image:height\" content=\"800\" \/>\n\t<meta property=\"og:image:type\" content=\"image\/jpeg\" \/>\n<meta name=\"twitter:card\" content=\"summary_large_image\" \/>\n<meta name=\"twitter:label1\" content=\"Estimated reading time\" \/>\n\t<meta name=\"twitter:data1\" content=\"2 minutes\" \/>\n<script type=\"application\/ld+json\" class=\"yoast-schema-graph\">{\"@context\":\"https:\/\/schema.org\",\"@graph\":[{\"@type\":\"WebPage\",\"@id\":\"https:\/\/shop.bjerring-sales.dk\/sv\/produkt\/stativ-med-vev\/\",\"url\":\"https:\/\/shop.bjerring-sales.dk\/sv\/produkt\/stativ-med-vev\/\",\"name\":\"Zero - H\u00f6j &amp; s\u00e4nkbara stativ med vev - Bjerring-Sales\",\"isPartOf\":{\"@id\":\"https:\/\/shop.bjerring-sales.dk\/#website\"},\"primaryImageOfPage\":{\"@id\":\"https:\/\/shop.bjerring-sales.dk\/sv\/produkt\/stativ-med-vev\/#primaryimage\"},\"image\":{\"@id\":\"https:\/\/shop.bjerring-sales.dk\/sv\/produkt\/stativ-med-vev\/#primaryimage\"},\"thumbnailUrl\":\"https:\/\/shop.bjerring-sales.dk\/wp-content\/uploads\/2024\/03\/zero_vit_800x800.jpg\",\"datePublished\":\"2019-09-16T08:38:29+00:00\",\"dateModified\":\"2024-03-15T15:19:07+00:00\",\"description\":\"H\u00f6j och s\u00e4nkbara stativ med vev \u00e4r v\u00e5ra mest milj\u00f6v\u00e4nliga, och prisv\u00e4rda alternativ inom Up & Down serien. Att ha skrivbord med vevstativ till kontoret, \u00e4r okomplicerat.\",\"breadcrumb\":{\"@id\":\"https:\/\/shop.bjerring-sales.dk\/sv\/produkt\/stativ-med-vev\/#breadcrumb\"},\"inLanguage\":\"en-GB\",\"potentialAction\":[{\"@type\":\"ReadAction\",\"target\":[\"https:\/\/shop.bjerring-sales.dk\/sv\/produkt\/stativ-med-vev\/\"]}]},{\"@type\":\"ImageObject\",\"inLanguage\":\"en-GB\",\"@id\":\"https:\/\/shop.bjerring-sales.dk\/sv\/produkt\/stativ-med-vev\/#primaryimage\",\"url\":\"https:\/\/shop.bjerring-sales.dk\/wp-content\/uploads\/2024\/03\/zero_vit_800x800.jpg\",\"contentUrl\":\"https:\/\/shop.bjerring-sales.dk\/wp-content\/uploads\/2024\/03\/zero_vit_800x800.jpg\",\"width\":800,\"height\":800},{\"@type\":\"BreadcrumbList\",\"@id\":\"https:\/\/shop.bjerring-sales.dk\/sv\/produkt\/stativ-med-vev\/#breadcrumb\",\"itemListElement\":[{\"@type\":\"ListItem\",\"position\":1,\"name\":\"Hem\",\"item\":\"https:\/\/shop.bjerring-sales.dk\/\"},{\"@type\":\"ListItem\",\"position\":2,\"name\":\"Webbutik\",\"item\":\"https:\/\/shop.bjerring-sales.dk\/butik\/\"},{\"@type\":\"ListItem\",\"position\":3,\"name\":\"Zero &#8211; H\u00f6j &amp; s\u00e4nkbara stativ med vev\"}]},{\"@type\":\"WebSite\",\"@id\":\"https:\/\/shop.bjerring-sales.dk\/#website\",\"url\":\"https:\/\/shop.bjerring-sales.dk\/\",\"name\":\"Bjerring-Sales\",\"description\":\"M\u00f6bler f\u00f6r teatrar, skolor, kontor och k\u00f6pcentrum\",\"publisher\":{\"@id\":\"https:\/\/shop.bjerring-sales.dk\/#organization\"},\"potentialAction\":[{\"@type\":\"SearchAction\",\"target\":{\"@type\":\"EntryPoint\",\"urlTemplate\":\"https:\/\/shop.bjerring-sales.dk\/?s={search_term_string}\"},\"query-input\":{\"@type\":\"PropertyValueSpecification\",\"valueRequired\":true,\"valueName\":\"search_term_string\"}}],\"inLanguage\":\"en-GB\"},{\"@type\":\"Organization\",\"@id\":\"https:\/\/shop.bjerring-sales.dk\/#organization\",\"name\":\"Bjerring-Sales\",\"url\":\"https:\/\/shop.bjerring-sales.dk\/\",\"logo\":{\"@type\":\"ImageObject\",\"inLanguage\":\"en-GB\",\"@id\":\"https:\/\/shop.bjerring-sales.dk\/#\/schema\/logo\/image\/\",\"url\":\"https:\/\/shop.bjerring-sales.dk\/wp-content\/uploads\/2023\/01\/logo_sv.png\",\"contentUrl\":\"https:\/\/shop.bjerring-sales.dk\/wp-content\/uploads\/2023\/01\/logo_sv.png\",\"width\":195,\"height\":68,\"caption\":\"Bjerring-Sales\"},\"image\":{\"@id\":\"https:\/\/shop.bjerring-sales.dk\/#\/schema\/logo\/image\/\"}}]}<\/script>\n<!-- \/ Yoast SEO plugin. -->","yoast_head_json":{"title":"Zero - H\u00f6j &amp; s\u00e4nkbara stativ med vev - Bjerring-Sales","description":"H\u00f6j och s\u00e4nkbara stativ med vev \u00e4r v\u00e5ra mest milj\u00f6v\u00e4nliga, och prisv\u00e4rda alternativ inom Up & Down serien. Att ha skrivbord med vevstativ till kontoret, \u00e4r okomplicerat.","robots":{"index":"index","follow":"follow","max-snippet":"max-snippet:-1","max-image-preview":"max-image-preview:large","max-video-preview":"max-video-preview:-1"},"canonical":"https:\/\/shop.bjerring-sales.dk\/en\/product\/stativ-med-vev\/","og_locale":"en_GB","og_type":"article","og_title":"Zero - H\u00f6j &amp; s\u00e4nkbara stativ med vev - Bjerring-Sales","og_description":"H\u00f6j och s\u00e4nkbara stativ med vev \u00e4r v\u00e5ra mest milj\u00f6v\u00e4nliga, och prisv\u00e4rda alternativ inom Up & Down serien. Att ha skrivbord med vevstativ till kontoret, \u00e4r okomplicerat.","og_url":"https:\/\/shop.bjerring-sales.dk\/en\/product\/stativ-med-vev\/","og_site_name":"Bjerring-Sales","article_modified_time":"2024-03-15T15:19:07+00:00","og_image":[{"width":800,"height":800,"url":"https:\/\/shop.bjerring-sales.dk\/wp-content\/uploads\/2024\/03\/zero_vit_800x800.jpg","type":"image\/jpeg"}],"twitter_card":"summary_large_image","twitter_misc":{"Estimated reading time":"2 minutes"},"schema":{"@context":"https:\/\/schema.org","@graph":[{"@type":"WebPage","@id":"https:\/\/shop.bjerring-sales.dk\/sv\/produkt\/stativ-med-vev\/","url":"https:\/\/shop.bjerring-sales.dk\/sv\/produkt\/stativ-med-vev\/","name":"Zero - H\u00f6j &amp; s\u00e4nkbara stativ med vev - Bjerring-Sales","isPartOf":{"@id":"https:\/\/shop.bjerring-sales.dk\/#website"},"primaryImageOfPage":{"@id":"https:\/\/shop.bjerring-sales.dk\/sv\/produkt\/stativ-med-vev\/#primaryimage"},"image":{"@id":"https:\/\/shop.bjerring-sales.dk\/sv\/produkt\/stativ-med-vev\/#primaryimage"},"thumbnailUrl":"https:\/\/shop.bjerring-sales.dk\/wp-content\/uploads\/2024\/03\/zero_vit_800x800.jpg","datePublished":"2019-09-16T08:38:29+00:00","dateModified":"2024-03-15T15:19:07+00:00","description":"H\u00f6j och s\u00e4nkbara stativ med vev \u00e4r v\u00e5ra mest milj\u00f6v\u00e4nliga, och prisv\u00e4rda alternativ inom Up & Down serien. Att ha skrivbord med vevstativ till kontoret, \u00e4r okomplicerat.","breadcrumb":{"@id":"https:\/\/shop.bjerring-sales.dk\/sv\/produkt\/stativ-med-vev\/#breadcrumb"},"inLanguage":"en-GB","potentialAction":[{"@type":"ReadAction","target":["https:\/\/shop.bjerring-sales.dk\/sv\/produkt\/stativ-med-vev\/"]}]},{"@type":"ImageObject","inLanguage":"en-GB","@id":"https:\/\/shop.bjerring-sales.dk\/sv\/produkt\/stativ-med-vev\/#primaryimage","url":"https:\/\/shop.bjerring-sales.dk\/wp-content\/uploads\/2024\/03\/zero_vit_800x800.jpg","contentUrl":"https:\/\/shop.bjerring-sales.dk\/wp-content\/uploads\/2024\/03\/zero_vit_800x800.jpg","width":800,"height":800},{"@type":"BreadcrumbList","@id":"https:\/\/shop.bjerring-sales.dk\/sv\/produkt\/stativ-med-vev\/#breadcrumb","itemListElement":[{"@type":"ListItem","position":1,"name":"Hem","item":"https:\/\/shop.bjerring-sales.dk\/"},{"@type":"ListItem","position":2,"name":"Webbutik","item":"https:\/\/shop.bjerring-sales.dk\/butik\/"},{"@type":"ListItem","position":3,"name":"Zero &#8211; H\u00f6j &amp; s\u00e4nkbara stativ med vev"}]},{"@type":"WebSite","@id":"https:\/\/shop.bjerring-sales.dk\/#website","url":"https:\/\/shop.bjerring-sales.dk\/","name":"Bjerring Sales","description":"Furniture for theatres, schools, offices and shopping centres","publisher":{"@id":"https:\/\/shop.bjerring-sales.dk\/#organization"},"potentialAction":[{"@type":"SearchAction","target":{"@type":"EntryPoint","urlTemplate":"https:\/\/shop.bjerring-sales.dk\/?s={search_term_string}"},"query-input":{"@type":"PropertyValueSpecification","valueRequired":true,"valueName":"search_term_string"}}],"inLanguage":"en-GB"},{"@type":"Organization","@id":"https:\/\/shop.bjerring-sales.dk\/#organization","name":"Bjerring Sales","url":"https:\/\/shop.bjerring-sales.dk\/","logo":{"@type":"ImageObject","inLanguage":"en-GB","@id":"https:\/\/shop.bjerring-sales.dk\/#\/schema\/logo\/image\/","url":"https:\/\/shop.bjerring-sales.dk\/wp-content\/uploads\/2023\/01\/logo_sv.png","contentUrl":"https:\/\/shop.bjerring-sales.dk\/wp-content\/uploads\/2023\/01\/logo_sv.png","width":195,"height":68,"caption":"Bjerring-Sales"},"image":{"@id":"https:\/\/shop.bjerring-sales.dk\/#\/schema\/logo\/image\/"}}]}},"_links":{"self":[{"href":"https:\/\/shop.bjerring-sales.dk\/en\/wp-json\/wp\/v2\/product\/65472","targetHints":{"allow":["GET"]}}],"collection":[{"href":"https:\/\/shop.bjerring-sales.dk\/en\/wp-json\/wp\/v2\/product"}],"about":[{"href":"https:\/\/shop.bjerring-sales.dk\/en\/wp-json\/wp\/v2\/types\/product"}],"wp:featuredmedia":[{"embeddable":true,"href":"https:\/\/shop.bjerring-sales.dk\/en\/wp-json\/wp\/v2\/media\/95453"}],"wp:attachment":[{"href":"https:\/\/shop.bjerring-sales.dk\/en\/wp-json\/wp\/v2\/media?parent=65472"}],"wp:term":[{"taxonomy":"product_brand","embeddable":true,"href":"https:\/\/shop.bjerring-sales.dk\/en\/wp-json\/wp\/v2\/product_brand?post=65472"},{"taxonomy":"product_cat","embeddable":true,"href":"https:\/\/shop.bjerring-sales.dk\/en\/wp-json\/wp\/v2\/product_cat?post=65472"},{"taxonomy":"product_tag","embeddable":true,"href":"https:\/\/shop.bjerring-sales.dk\/en\/wp-json\/wp\/v2\/product_tag?post=65472"}],"curies":[{"name":"wp","href":"https:\/\/api.w.org\/{rel}","templated":true}]}}