{"id":63181,"date":"2018-08-24T11:06:34","date_gmt":"2018-08-24T09:06:34","guid":{"rendered":"https:\/\/pule.se\/produkt\/elektriskt-stativ-updown\/"},"modified":"2024-04-05T10:08:26","modified_gmt":"2024-04-05T08:08:26","slug":"elektriskt-stativ-updown","status":"publish","type":"product","link":"https:\/\/shop.bjerring-sales.dk\/en\/product\/elektriskt-stativ-updown\/","title":{"rendered":"Two \u2013 Raise &amp; lower stands with 2 motors"},"content":{"rendered":"<div class=\"wpb-content-wrapper\"><div class=\"vc_row wpb_row vc_row-fluid\"><div class=\"wpb_column vc_column_container vc_col-sm-12\"><div class=\"vc_column-inner\"><div class=\"wpb_wrapper\">\n\t<div class=\"wpb_text_column wpb_content_element\" >\n\t\t<div class=\"wpb_wrapper\">\n\t\t\t<p><span style=\"font-size: 24pt\">Up &amp; Down Two \u2013 H\u00f6j &amp; s\u00e4nkbart stativ med 2 motorer<br \/>\n<\/span>Det h\u00f6j och s\u00e4nkbara stativet Up &amp; Down Two \u00e4r ett stativ som drivs med 2 motor. Stativet ing\u00e5r i v\u00e5r popul\u00e4ra bordsserie Up &amp; Down som best\u00e5r av bordet Zero med vev, One med 1 T-motion motor och Two som drivs med dubbla Bosch motorer. Tack vare sina dubbla Bosch motorer pendlar stativet effektivt mellan l\u00e5ga och h\u00f6ga positioner med 4 cm\/s. En ergonomisk och varierad arbetsst\u00e4llning \u00e4r h\u00e4lsosamt f\u00f6r b\u00e5de kropp &amp; knopp.<\/p>\n\n\t\t<\/div>\n\t<\/div>\n<\/div><\/div><\/div><\/div><div class=\"vc_row wpb_row vc_row-fluid\"><div class=\"wpb_column vc_column_container vc_col-sm-4\"><div class=\"vc_column-inner\"><div class=\"wpb_wrapper\">\n\t<div  class=\"wpb_single_image wpb_content_element vc_align_center\">\n\t\t\n\t\t<figure class=\"wpb_wrapper vc_figure\">\n\t\t\t<div class=\"vc_single_image-wrapper vc_box_shadow_border  vc_box_border_grey\"><img loading=\"lazy\" decoding=\"async\" width=\"800\" height=\"800\" src=\"https:\/\/shop.bjerring-sales.dk\/wp-content\/uploads\/2018\/08\/upanddown-produktbild2-1.jpg\" class=\"vc_single_image-img attachment-full\" alt=\"\" title=\"upanddown-produktbild2\" srcset=\"https:\/\/shop.bjerring-sales.dk\/wp-content\/uploads\/2018\/08\/upanddown-produktbild2-1.jpg 800w, https:\/\/shop.bjerring-sales.dk\/wp-content\/uploads\/2018\/08\/upanddown-produktbild2-1-300x300.jpg 300w, https:\/\/shop.bjerring-sales.dk\/wp-content\/uploads\/2018\/08\/upanddown-produktbild2-1-150x150.jpg 150w, https:\/\/shop.bjerring-sales.dk\/wp-content\/uploads\/2018\/08\/upanddown-produktbild2-1-600x600.jpg 600w, https:\/\/shop.bjerring-sales.dk\/wp-content\/uploads\/2018\/08\/upanddown-produktbild2-1-768x768.jpg 768w\" sizes=\"auto, (max-width: 800px) 100vw, 800px\" \/><\/div>\n\t\t<\/figure>\n\t<\/div>\n<\/div><\/div><\/div><div class=\"wpb_column vc_column_container vc_col-sm-4\"><div class=\"vc_column-inner\"><div class=\"wpb_wrapper\">\n\t<div  class=\"wpb_single_image wpb_content_element vc_align_center\">\n\t\t\n\t\t<figure class=\"wpb_wrapper vc_figure\">\n\t\t\t<div class=\"vc_single_image-wrapper vc_box_shadow_border  vc_box_border_grey\"><img loading=\"lazy\" decoding=\"async\" width=\"800\" height=\"800\" src=\"https:\/\/shop.bjerring-sales.dk\/wp-content\/uploads\/2018\/08\/webb-elj-uppdown02-1.jpg\" class=\"vc_single_image-img attachment-full\" alt=\"\" title=\"webb-elj-uppdown02\" srcset=\"https:\/\/shop.bjerring-sales.dk\/wp-content\/uploads\/2018\/08\/webb-elj-uppdown02-1.jpg 800w, https:\/\/shop.bjerring-sales.dk\/wp-content\/uploads\/2018\/08\/webb-elj-uppdown02-1-300x300.jpg 300w, https:\/\/shop.bjerring-sales.dk\/wp-content\/uploads\/2018\/08\/webb-elj-uppdown02-1-150x150.jpg 150w, https:\/\/shop.bjerring-sales.dk\/wp-content\/uploads\/2018\/08\/webb-elj-uppdown02-1-600x600.jpg 600w, https:\/\/shop.bjerring-sales.dk\/wp-content\/uploads\/2018\/08\/webb-elj-uppdown02-1-768x768.jpg 768w\" sizes=\"auto, (max-width: 800px) 100vw, 800px\" \/><\/div>\n\t\t<\/figure>\n\t<\/div>\n<\/div><\/div><\/div><div class=\"wpb_column vc_column_container vc_col-sm-4\"><div class=\"vc_column-inner\"><div class=\"wpb_wrapper\">\n\t<div  class=\"wpb_single_image wpb_content_element vc_align_center\">\n\t\t\n\t\t<figure class=\"wpb_wrapper vc_figure\">\n\t\t\t<a class=\"\" data-lightbox=\"lightbox[rel-63181-1808027248]\" href=\"https:\/\/shop.bjerring-sales.dk\/wp-content\/uploads\/2018\/08\/upanddown-produktbild3-1.jpg\" target=\"_self\" class=\"vc_single_image-wrapper vc_box_shadow_border  vc_box_border_grey\"><img loading=\"lazy\" decoding=\"async\" width=\"800\" height=\"800\" src=\"https:\/\/shop.bjerring-sales.dk\/wp-content\/uploads\/2018\/08\/upanddown-produktbild3-1.jpg\" class=\"vc_single_image-img attachment-full\" alt=\"\" title=\"upanddown-produktbild3\" srcset=\"https:\/\/shop.bjerring-sales.dk\/wp-content\/uploads\/2018\/08\/upanddown-produktbild3-1.jpg 800w, https:\/\/shop.bjerring-sales.dk\/wp-content\/uploads\/2018\/08\/upanddown-produktbild3-1-300x300.jpg 300w, https:\/\/shop.bjerring-sales.dk\/wp-content\/uploads\/2018\/08\/upanddown-produktbild3-1-150x150.jpg 150w, https:\/\/shop.bjerring-sales.dk\/wp-content\/uploads\/2018\/08\/upanddown-produktbild3-1-600x600.jpg 600w, https:\/\/shop.bjerring-sales.dk\/wp-content\/uploads\/2018\/08\/upanddown-produktbild3-1-768x768.jpg 768w\" sizes=\"auto, (max-width: 800px) 100vw, 800px\" \/><\/a>\n\t\t<\/figure>\n\t<\/div>\n<\/div><\/div><\/div><\/div><div class=\"vc_row wpb_row vc_row-fluid\"><div class=\"wpb_column vc_column_container vc_col-sm-6\"><div class=\"vc_column-inner\"><div class=\"wpb_wrapper\">\n\t<div class=\"wpb_text_column wpb_content_element\" >\n\t\t<div class=\"wpb_wrapper\">\n\t\t\t<p><span style=\"font-size: 18pt\">Stativ<br \/>\n<\/span>Stativet har en hastighet p\u00e5 4cm\/s och en slagl\u00e4ngd p\u00e5 hela 65 cm (62,5-127,5 cm) vilket ger anv\u00e4ndaren stor frihet att best\u00e4mma och programmera in sina positioner i minnet. Stativet kan \u00e4ven justeras i bredd vilket g\u00f6r det m\u00f6jligt att vara flexibel vid val av bordsskiva. El-stativet v\u00e4ger 32 kg.<\/p>\n<p>Stativet har en stilren design med raka linjer vilket g\u00f6r att skrivbordet passar in i alla typer av kontorslokaler. Benen p\u00e5 stativet \u00e4r tillverkade med 3-delade rektangul\u00e4ra r\u00f6r. Stativet har sedan pulverlackerats med h\u00f6gsta nogrannhet. Lyftkapaciteten ligger p\u00e5 100 kg vilket g\u00f6r att anv\u00e4ndaren utan problem f\u00e5r plats med flera sk\u00e4rmar, dockstation, dokument mm. Slagl\u00e4ngden p\u00e5 ett stativ anger det h\u00f6j &amp; s\u00e4nkbara avst\u00e5ndet. P\u00e5 v\u00e5rt tv\u00e5motoriga elstativ \u00e4r slagl\u00e4ngden 650 mm.<\/p>\n<p><span style=\"font-size: 18pt\">Knappsats<\/span><br \/>\nDen medf\u00f6ljande knappsatsen monteras enkelt p\u00e5 bordsskivan och pluggas sedan in i motorn. Genom att v\u00e4lja en l\u00e4mplig arbetsh\u00f6jd sparar du sedan positionen i minnet. Du kan lagra upp till 4 olika positioner vilket f\u00f6renklar ditt arbete mellan sittande och st\u00e5ende. I knappsatsen finns \u00e4ven USB-uttag f\u00f6r m\u00f6jlighet att ladda mobil, dator mm.<\/p>\n<p><span style=\"font-size: 18pt\">Specifikationer<\/span><\/p>\n<ul>\n<li>Bordet har en h\u00f6j\/s\u00e4nkbar hastighet p\u00e5 4cm\/s<\/li>\n<li>R\u00f6r dimension: 75\u00d775 mm (rektangul\u00e4ra r\u00f6r)<\/li>\n<li>Bentyp: fyrkantsr\u00f6r, 3 delade rektangul\u00e4ra r\u00f6r<\/li>\n<li>H\u00f6jd med standardskiva: 650-1300 mm<\/li>\n<li>H\u00f6jd p\u00e5 stativ: 630-1280 mm<\/li>\n<li>L\u00e4ngd p\u00e5 stativ: 1075-1800 mm<\/li>\n<li>Bredd p\u00e5 stativ: 600 mm<\/li>\n<li>Bredd p\u00e5 beslag vid skivan: 600 mm (500 mm finns som tillbeh\u00f6r)<\/li>\n<li>Fotbredd: 700 mm (500 mm finns som tillbeh\u00f6r)<\/li>\n<\/ul>\n\n\t\t<\/div>\n\t<\/div>\n<\/div><\/div><\/div><div class=\"wpb_column vc_column_container vc_col-sm-6\"><div class=\"vc_column-inner\"><div class=\"wpb_wrapper\">\n\t<div class=\"wpb_text_column wpb_content_element\" >\n\t\t<div class=\"wpb_wrapper\">\n\t\t\t<p><span style=\"font-size: 18pt\">F\u00e4rger<\/span><br \/>\nDet motordrivna Up &amp; Down stativet finns i dagsl\u00e4get i 3 olika standardf\u00e4rger: vit, svart och silvergr\u00e5. Vi har olika modeller p\u00e5 bordsskivor i Up &amp; Down serien. Rektangul\u00e4ra 19 mm laminatskivor i bok, bj\u00f6rk, ek, vitt, gr\u00e5tt samt 22 mm laminatskivor i vitt med maguttag. Vi kan \u00e4ven specialtillverka bordsskivor i olika storlekar, kontakta ELJ Furniture f\u00f6r mer information.<\/p>\n<p><span style=\"font-size: 18pt\">Garanti<\/span><br \/>\nUp &amp; Down Two har 5 \u00e5rs garanti<\/p>\n<p><span style=\"font-size: 18pt\">\u00d6vrigt<\/span><\/p>\n<ul>\n<li>Rek. maxbelastning: 120 kg<\/li>\n<li>Monteringstid 15-30 min<\/li>\n<li>Passar till bordsskivor med m\u00e5tten 1200\u00d7700 mm upp till 2000\u00d71000 mm<\/li>\n<li>Passar \u00e4ven bordsskivor som \u00e4r 500-600 mm breda med specialfoten 500 mm<\/li>\n<li>Knappsats med 4 programmerbara positioner<\/li>\n<li>USB ing\u00e5ng i knappsats<\/li>\n<li>Monteringsanvisningar medf\u00f6ljer<\/li>\n<\/ul>\n<p><span style=\"font-size: 18pt\">Manual<\/span><br \/>\n<img loading=\"lazy\" decoding=\"async\" class=\"alignnone size-full wp-image-72653\" src=\"https:\/\/shop.bjerring-sales.dk\/wp-content\/uploads\/2021\/03\/PDF-doc-16.png\" alt=\"\" width=\"16\" height=\"16\" \/>\u00a0<a href=\"https:\/\/elj.se\/wp-content\/uploads\/2021\/06\/Manual-Up-down-2.pdf\">Ladda ner manual<\/a><\/p>\n\n\t\t<\/div>\n\t<\/div>\n<\/div><\/div><\/div><\/div><div class=\"vc_row wpb_row vc_row-fluid\"><div class=\"wpb_column vc_column_container vc_col-sm-12\"><div class=\"vc_column-inner\"><div class=\"wpb_wrapper\"><div class=\"vc_separator wpb_content_element vc_separator_align_center vc_sep_width_100 vc_sep_pos_align_center vc_separator_no_text vc_sep_color_grey\" ><span class=\"vc_sep_holder vc_sep_holder_l\"><span class=\"vc_sep_line\"><\/span><\/span><span class=\"vc_sep_holder vc_sep_holder_r\"><span class=\"vc_sep_line\"><\/span><\/span>\n<\/div><\/div><\/div><\/div><\/div><div class=\"vc_row wpb_row vc_row-fluid\"><div class=\"wpb_column vc_column_container vc_col-sm-6\"><div class=\"vc_column-inner\"><div class=\"wpb_wrapper\">\n\t<div class=\"wpb_video_widget wpb_content_element vc_clearfix vc_video-aspect-ratio-169 vc_video-el-width-100 vc_video-align-left\" >\n\t\t<div class=\"wpb_wrapper\">\n\t\t\t\n\t\t\t<div class=\"wpb_video_wrapper\"><iframe loading=\"lazy\" title=\"Up &amp; Down Two - Montering\" src=\"https:\/\/player.vimeo.com\/video\/480853193?dnt=1&amp;app_id=122963\" width=\"500\" height=\"281\" frameborder=\"0\" allow=\"autoplay; fullscreen; picture-in-picture\"><\/iframe><\/div>\n\t\t<\/div>\n\t<\/div>\n<\/div><\/div><\/div><div class=\"wpb_column vc_column_container vc_col-sm-6\"><div class=\"vc_column-inner\"><div class=\"wpb_wrapper\">\n\t<div class=\"wpb_video_widget wpb_content_element vc_clearfix vc_video-aspect-ratio-169 vc_video-el-width-100 vc_video-align-left\" >\n\t\t<div class=\"wpb_wrapper\">\n\t\t\t\n\t\t\t<div class=\"wpb_video_wrapper\"><iframe loading=\"lazy\" title=\"Up &amp; Down Two - Demo\" src=\"https:\/\/player.vimeo.com\/video\/478546589?dnt=1&amp;app_id=122963\" width=\"500\" height=\"281\" frameborder=\"0\" allow=\"autoplay; fullscreen; picture-in-picture\"><\/iframe><\/div>\n\t\t<\/div>\n\t<\/div>\n<\/div><\/div><\/div><\/div>\n<\/div>","protected":false},"excerpt":{"rendered":"<p><span style=\"color: #ff0000\">Only silver gray stand left in stock, check out the &quot;Premium&quot; stand with 2 motors for more colors.<\/span> The motorized Up &amp; Down stand is currently available in 2 different colours, black and silver grey. The tripod has a speed of 4 cm\/s and a stroke length of a full 65 cm (62.5-127.5 cm), which gives the user great freedom to determine and program their positions into the memory.<\/p>","protected":false},"featured_media":94672,"template":"","meta":{"iawp_total_views":9},"product_brand":[],"product_cat":[5819],"product_tag":[5778,5779,5793,5822,5985],"class_list":{"0":"post-63181","1":"product","2":"type-product","3":"status-publish","4":"has-post-thumbnail","6":"product_cat-bordsstativ","7":"product_tag-hoj-och-sankbara-bord","8":"product_tag-hoj-sankbart","9":"product_tag-ergonomi","10":"product_tag-bordsstativ","11":"product_tag-hoj-och-sankbara-stativ","13":"first","14":"instock","15":"taxable","16":"shipping-taxable","17":"purchasable","18":"product-type-variable"},"yoast_head":"<!-- This site is optimized with the Yoast SEO plugin v27.0 - https:\/\/yoast.com\/product\/yoast-seo-wordpress\/ -->\n<title>Two - H\u00f6j &amp; s\u00e4nkbara stativ med 2 motorer - Bjerring-Sales<\/title>\n<meta name=\"robots\" content=\"index, follow, max-snippet:-1, max-image-preview:large, max-video-preview:-1\" \/>\n<link rel=\"canonical\" href=\"https:\/\/shop.bjerring-sales.dk\/en\/product\/elektriskt-stativ-updown\/\" \/>\n<meta property=\"og:locale\" content=\"en_GB\" \/>\n<meta property=\"og:type\" content=\"article\" \/>\n<meta property=\"og:title\" content=\"Two - H\u00f6j &amp; s\u00e4nkbara stativ med 2 motorer - Bjerring-Sales\" \/>\n<meta property=\"og:description\" content=\"Endast silvergr\u00e5 stativ kvar i lager, kolla in &quot;Premium&quot; stativet med 2 motorer f\u00f6r fler f\u00e4rger. Det motordrivna Up &amp; Down stativet finns i dagsl\u00e4get i 2 olika f\u00e4rger, svart och silvergr\u00e5. Stativet har en hastighet p\u00e5 4cm\/s och en slagl\u00e4ngd p\u00e5 hela 65 cm (62,5-127,5 cm) vilket ger anv\u00e4ndaren stor frihet att best\u00e4mma och programmera in sina positioner i minnet.\" \/>\n<meta property=\"og:url\" content=\"https:\/\/shop.bjerring-sales.dk\/en\/product\/elektriskt-stativ-updown\/\" \/>\n<meta property=\"og:site_name\" content=\"Bjerring-Sales\" \/>\n<meta property=\"article:modified_time\" content=\"2024-04-05T08:08:26+00:00\" \/>\n<meta property=\"og:image\" content=\"https:\/\/shop.bjerring-sales.dk\/wp-content\/uploads\/2023\/11\/UD_Two_stativ_silvergra_800x800-2.jpg\" \/>\n\t<meta property=\"og:image:width\" content=\"800\" \/>\n\t<meta property=\"og:image:height\" content=\"800\" \/>\n\t<meta property=\"og:image:type\" content=\"image\/jpeg\" \/>\n<meta name=\"twitter:card\" content=\"summary_large_image\" \/>\n<meta name=\"twitter:label1\" content=\"Estimated reading time\" \/>\n\t<meta name=\"twitter:data1\" content=\"3 minutes\" \/>\n<script type=\"application\/ld+json\" class=\"yoast-schema-graph\">{\"@context\":\"https:\/\/schema.org\",\"@graph\":[{\"@type\":\"WebPage\",\"@id\":\"https:\/\/shop.bjerring-sales.dk\/sv\/produkt\/elektriskt-stativ-updown\/\",\"url\":\"https:\/\/shop.bjerring-sales.dk\/sv\/produkt\/elektriskt-stativ-updown\/\",\"name\":\"Two - H\u00f6j &amp; s\u00e4nkbara stativ med 2 motorer - Bjerring-Sales\",\"isPartOf\":{\"@id\":\"https:\/\/shop.bjerring-sales.dk\/#website\"},\"primaryImageOfPage\":{\"@id\":\"https:\/\/shop.bjerring-sales.dk\/sv\/produkt\/elektriskt-stativ-updown\/#primaryimage\"},\"image\":{\"@id\":\"https:\/\/shop.bjerring-sales.dk\/sv\/produkt\/elektriskt-stativ-updown\/#primaryimage\"},\"thumbnailUrl\":\"https:\/\/shop.bjerring-sales.dk\/wp-content\/uploads\/2023\/11\/UD_Two_stativ_silvergra_800x800-2.jpg\",\"datePublished\":\"2018-08-24T09:06:34+00:00\",\"dateModified\":\"2024-04-05T08:08:26+00:00\",\"breadcrumb\":{\"@id\":\"https:\/\/shop.bjerring-sales.dk\/sv\/produkt\/elektriskt-stativ-updown\/#breadcrumb\"},\"inLanguage\":\"en-GB\",\"potentialAction\":[{\"@type\":\"ReadAction\",\"target\":[\"https:\/\/shop.bjerring-sales.dk\/sv\/produkt\/elektriskt-stativ-updown\/\"]}]},{\"@type\":\"ImageObject\",\"inLanguage\":\"en-GB\",\"@id\":\"https:\/\/shop.bjerring-sales.dk\/sv\/produkt\/elektriskt-stativ-updown\/#primaryimage\",\"url\":\"https:\/\/shop.bjerring-sales.dk\/wp-content\/uploads\/2023\/11\/UD_Two_stativ_silvergra_800x800-2.jpg\",\"contentUrl\":\"https:\/\/shop.bjerring-sales.dk\/wp-content\/uploads\/2023\/11\/UD_Two_stativ_silvergra_800x800-2.jpg\",\"width\":800,\"height\":800},{\"@type\":\"BreadcrumbList\",\"@id\":\"https:\/\/shop.bjerring-sales.dk\/sv\/produkt\/elektriskt-stativ-updown\/#breadcrumb\",\"itemListElement\":[{\"@type\":\"ListItem\",\"position\":1,\"name\":\"Hem\",\"item\":\"https:\/\/shop.bjerring-sales.dk\/\"},{\"@type\":\"ListItem\",\"position\":2,\"name\":\"Webbutik\",\"item\":\"https:\/\/shop.bjerring-sales.dk\/butik\/\"},{\"@type\":\"ListItem\",\"position\":3,\"name\":\"Two &#8211; H\u00f6j &amp; s\u00e4nkbara stativ med 2 motorer\"}]},{\"@type\":\"WebSite\",\"@id\":\"https:\/\/shop.bjerring-sales.dk\/#website\",\"url\":\"https:\/\/shop.bjerring-sales.dk\/\",\"name\":\"Bjerring-Sales\",\"description\":\"M\u00f6bler f\u00f6r teatrar, skolor, kontor och k\u00f6pcentrum\",\"publisher\":{\"@id\":\"https:\/\/shop.bjerring-sales.dk\/#organization\"},\"potentialAction\":[{\"@type\":\"SearchAction\",\"target\":{\"@type\":\"EntryPoint\",\"urlTemplate\":\"https:\/\/shop.bjerring-sales.dk\/?s={search_term_string}\"},\"query-input\":{\"@type\":\"PropertyValueSpecification\",\"valueRequired\":true,\"valueName\":\"search_term_string\"}}],\"inLanguage\":\"en-GB\"},{\"@type\":\"Organization\",\"@id\":\"https:\/\/shop.bjerring-sales.dk\/#organization\",\"name\":\"Bjerring-Sales\",\"url\":\"https:\/\/shop.bjerring-sales.dk\/\",\"logo\":{\"@type\":\"ImageObject\",\"inLanguage\":\"en-GB\",\"@id\":\"https:\/\/shop.bjerring-sales.dk\/#\/schema\/logo\/image\/\",\"url\":\"https:\/\/shop.bjerring-sales.dk\/wp-content\/uploads\/2023\/01\/logo_sv.png\",\"contentUrl\":\"https:\/\/shop.bjerring-sales.dk\/wp-content\/uploads\/2023\/01\/logo_sv.png\",\"width\":195,\"height\":68,\"caption\":\"Bjerring-Sales\"},\"image\":{\"@id\":\"https:\/\/shop.bjerring-sales.dk\/#\/schema\/logo\/image\/\"}}]}<\/script>\n<!-- \/ Yoast SEO plugin. -->","yoast_head_json":{"title":"Two - H\u00f6j &amp; s\u00e4nkbara stativ med 2 motorer - Bjerring-Sales","robots":{"index":"index","follow":"follow","max-snippet":"max-snippet:-1","max-image-preview":"max-image-preview:large","max-video-preview":"max-video-preview:-1"},"canonical":"https:\/\/shop.bjerring-sales.dk\/en\/product\/elektriskt-stativ-updown\/","og_locale":"en_GB","og_type":"article","og_title":"Two - H\u00f6j &amp; s\u00e4nkbara stativ med 2 motorer - Bjerring-Sales","og_description":"Endast silvergr\u00e5 stativ kvar i lager, kolla in \"Premium\" stativet med 2 motorer f\u00f6r fler f\u00e4rger. Det motordrivna Up &amp; Down stativet finns i dagsl\u00e4get i 2 olika f\u00e4rger, svart och silvergr\u00e5. Stativet har en hastighet p\u00e5 4cm\/s och en slagl\u00e4ngd p\u00e5 hela 65 cm (62,5-127,5 cm) vilket ger anv\u00e4ndaren stor frihet att best\u00e4mma och programmera in sina positioner i minnet.","og_url":"https:\/\/shop.bjerring-sales.dk\/en\/product\/elektriskt-stativ-updown\/","og_site_name":"Bjerring-Sales","article_modified_time":"2024-04-05T08:08:26+00:00","og_image":[{"width":800,"height":800,"url":"https:\/\/shop.bjerring-sales.dk\/wp-content\/uploads\/2023\/11\/UD_Two_stativ_silvergra_800x800-2.jpg","type":"image\/jpeg"}],"twitter_card":"summary_large_image","twitter_misc":{"Estimated reading time":"3 minutes"},"schema":{"@context":"https:\/\/schema.org","@graph":[{"@type":"WebPage","@id":"https:\/\/shop.bjerring-sales.dk\/sv\/produkt\/elektriskt-stativ-updown\/","url":"https:\/\/shop.bjerring-sales.dk\/sv\/produkt\/elektriskt-stativ-updown\/","name":"Two - H\u00f6j &amp; s\u00e4nkbara stativ med 2 motorer - Bjerring-Sales","isPartOf":{"@id":"https:\/\/shop.bjerring-sales.dk\/#website"},"primaryImageOfPage":{"@id":"https:\/\/shop.bjerring-sales.dk\/sv\/produkt\/elektriskt-stativ-updown\/#primaryimage"},"image":{"@id":"https:\/\/shop.bjerring-sales.dk\/sv\/produkt\/elektriskt-stativ-updown\/#primaryimage"},"thumbnailUrl":"https:\/\/shop.bjerring-sales.dk\/wp-content\/uploads\/2023\/11\/UD_Two_stativ_silvergra_800x800-2.jpg","datePublished":"2018-08-24T09:06:34+00:00","dateModified":"2024-04-05T08:08:26+00:00","breadcrumb":{"@id":"https:\/\/shop.bjerring-sales.dk\/sv\/produkt\/elektriskt-stativ-updown\/#breadcrumb"},"inLanguage":"en-GB","potentialAction":[{"@type":"ReadAction","target":["https:\/\/shop.bjerring-sales.dk\/sv\/produkt\/elektriskt-stativ-updown\/"]}]},{"@type":"ImageObject","inLanguage":"en-GB","@id":"https:\/\/shop.bjerring-sales.dk\/sv\/produkt\/elektriskt-stativ-updown\/#primaryimage","url":"https:\/\/shop.bjerring-sales.dk\/wp-content\/uploads\/2023\/11\/UD_Two_stativ_silvergra_800x800-2.jpg","contentUrl":"https:\/\/shop.bjerring-sales.dk\/wp-content\/uploads\/2023\/11\/UD_Two_stativ_silvergra_800x800-2.jpg","width":800,"height":800},{"@type":"BreadcrumbList","@id":"https:\/\/shop.bjerring-sales.dk\/sv\/produkt\/elektriskt-stativ-updown\/#breadcrumb","itemListElement":[{"@type":"ListItem","position":1,"name":"Hem","item":"https:\/\/shop.bjerring-sales.dk\/"},{"@type":"ListItem","position":2,"name":"Webbutik","item":"https:\/\/shop.bjerring-sales.dk\/butik\/"},{"@type":"ListItem","position":3,"name":"Two &#8211; H\u00f6j &amp; s\u00e4nkbara stativ med 2 motorer"}]},{"@type":"WebSite","@id":"https:\/\/shop.bjerring-sales.dk\/#website","url":"https:\/\/shop.bjerring-sales.dk\/","name":"Bjerring Sales","description":"Furniture for theatres, schools, offices and shopping centres","publisher":{"@id":"https:\/\/shop.bjerring-sales.dk\/#organization"},"potentialAction":[{"@type":"SearchAction","target":{"@type":"EntryPoint","urlTemplate":"https:\/\/shop.bjerring-sales.dk\/?s={search_term_string}"},"query-input":{"@type":"PropertyValueSpecification","valueRequired":true,"valueName":"search_term_string"}}],"inLanguage":"en-GB"},{"@type":"Organization","@id":"https:\/\/shop.bjerring-sales.dk\/#organization","name":"Bjerring Sales","url":"https:\/\/shop.bjerring-sales.dk\/","logo":{"@type":"ImageObject","inLanguage":"en-GB","@id":"https:\/\/shop.bjerring-sales.dk\/#\/schema\/logo\/image\/","url":"https:\/\/shop.bjerring-sales.dk\/wp-content\/uploads\/2023\/01\/logo_sv.png","contentUrl":"https:\/\/shop.bjerring-sales.dk\/wp-content\/uploads\/2023\/01\/logo_sv.png","width":195,"height":68,"caption":"Bjerring-Sales"},"image":{"@id":"https:\/\/shop.bjerring-sales.dk\/#\/schema\/logo\/image\/"}}]}},"_links":{"self":[{"href":"https:\/\/shop.bjerring-sales.dk\/en\/wp-json\/wp\/v2\/product\/63181","targetHints":{"allow":["GET"]}}],"collection":[{"href":"https:\/\/shop.bjerring-sales.dk\/en\/wp-json\/wp\/v2\/product"}],"about":[{"href":"https:\/\/shop.bjerring-sales.dk\/en\/wp-json\/wp\/v2\/types\/product"}],"wp:featuredmedia":[{"embeddable":true,"href":"https:\/\/shop.bjerring-sales.dk\/en\/wp-json\/wp\/v2\/media\/94672"}],"wp:attachment":[{"href":"https:\/\/shop.bjerring-sales.dk\/en\/wp-json\/wp\/v2\/media?parent=63181"}],"wp:term":[{"taxonomy":"product_brand","embeddable":true,"href":"https:\/\/shop.bjerring-sales.dk\/en\/wp-json\/wp\/v2\/product_brand?post=63181"},{"taxonomy":"product_cat","embeddable":true,"href":"https:\/\/shop.bjerring-sales.dk\/en\/wp-json\/wp\/v2\/product_cat?post=63181"},{"taxonomy":"product_tag","embeddable":true,"href":"https:\/\/shop.bjerring-sales.dk\/en\/wp-json\/wp\/v2\/product_tag?post=63181"}],"curies":[{"name":"wp","href":"https:\/\/api.w.org\/{rel}","templated":true}]}}