{"id":62883,"date":"2021-09-12T23:10:14","date_gmt":"2021-09-12T21:10:14","guid":{"rendered":"https:\/\/pule.se\/produkt\/pureis3-den-flexibla-kontorsstolen\/"},"modified":"2026-02-19T14:55:46","modified_gmt":"2026-02-19T13:55:46","slug":"pureis3-den-flexibla-kontorsstolen","status":"publish","type":"product","link":"https:\/\/shop.bjerring-sales.dk\/en\/product\/pureis3-den-flexibla-kontorsstolen\/","title":{"rendered":"PUREis3 \u2013 The flexible office chair"},"content":{"rendered":"<div class=\"wpb-content-wrapper\"><div class=\"vc_row wpb_row vc_row-fluid\"><div class=\"wpb_column vc_column_container vc_col-sm-12\"><div class=\"vc_column-inner\"><div class=\"wpb_wrapper\">\n\t<div class=\"wpb_text_column wpb_content_element\" >\n\t\t<div class=\"wpb_wrapper\">\n\t\t\t<p><span style=\"font-size: 24pt\">PUREis3- An office chair for the flexible office<br \/>\n<\/span>PUREis3 is a flexible office chair designed for users in motion. Unlike other work chairs, PUREis3 has been developed entirely with active people in mind. This method has required a complete reinvention of the classic office chair. The PUREis3 chair adapts to the user&#039;s body and movements without a lot of time-consuming settings.<\/p>\n<p>We stock PUREis3 in black alt. white mesh with black fabric seat with 100,000 martindales. The work chair PUREis3 from Interstuhl is designed by Andreas Krob and Joachim Br\u00fcske.<\/p>\n\n\t\t<\/div>\n\t<\/div>\n<\/div><\/div><\/div><\/div><div class=\"vc_row wpb_row vc_row-fluid\"><div class=\"wpb_column vc_column_container vc_col-sm-6\"><div class=\"vc_column-inner\"><div class=\"wpb_wrapper\">\n\t<div  class=\"wpb_single_image wpb_content_element vc_align_center\">\n\t\t\n\t\t<figure class=\"wpb_wrapper vc_figure\">\n\t\t\t<div class=\"vc_single_image-wrapper vc_box_shadow_border  vc_box_border_grey\"><img loading=\"lazy\" decoding=\"async\" width=\"800\" height=\"550\" src=\"https:\/\/shop.bjerring-sales.dk\/wp-content\/uploads\/2021\/09\/PUREis3_White_002_800x550.jpg\" class=\"vc_single_image-img attachment-full\" alt=\"\" title=\"PUREis3_White_002_800x550\" srcset=\"https:\/\/shop.bjerring-sales.dk\/wp-content\/uploads\/2021\/09\/PUREis3_White_002_800x550.jpg 800w, https:\/\/shop.bjerring-sales.dk\/wp-content\/uploads\/2021\/09\/PUREis3_White_002_800x550-150x103.jpg 150w, https:\/\/shop.bjerring-sales.dk\/wp-content\/uploads\/2021\/09\/PUREis3_White_002_800x550-600x413.jpg 600w, https:\/\/shop.bjerring-sales.dk\/wp-content\/uploads\/2021\/09\/PUREis3_White_002_800x550-300x206.jpg 300w, https:\/\/shop.bjerring-sales.dk\/wp-content\/uploads\/2021\/09\/PUREis3_White_002_800x550-768x528.jpg 768w\" sizes=\"auto, (max-width: 800px) 100vw, 800px\" \/><\/div>\n\t\t<\/figure>\n\t<\/div>\n<\/div><\/div><\/div><div class=\"wpb_column vc_column_container vc_col-sm-6\"><div class=\"vc_column-inner\"><div class=\"wpb_wrapper\">\n\t<div  class=\"wpb_single_image wpb_content_element vc_align_center\">\n\t\t\n\t\t<figure class=\"wpb_wrapper vc_figure\">\n\t\t\t<div class=\"vc_single_image-wrapper vc_box_shadow_border  vc_box_border_grey\"><img loading=\"lazy\" decoding=\"async\" width=\"800\" height=\"550\" src=\"https:\/\/shop.bjerring-sales.dk\/wp-content\/uploads\/2021\/09\/PUREis3_Black_Black_800x550.jpg\" class=\"vc_single_image-img attachment-full\" alt=\"\" title=\"PUREis3_Black_Black_800x550\" srcset=\"https:\/\/shop.bjerring-sales.dk\/wp-content\/uploads\/2021\/09\/PUREis3_Black_Black_800x550.jpg 800w, https:\/\/shop.bjerring-sales.dk\/wp-content\/uploads\/2021\/09\/PUREis3_Black_Black_800x550-150x103.jpg 150w, https:\/\/shop.bjerring-sales.dk\/wp-content\/uploads\/2021\/09\/PUREis3_Black_Black_800x550-600x413.jpg 600w, https:\/\/shop.bjerring-sales.dk\/wp-content\/uploads\/2021\/09\/PUREis3_Black_Black_800x550-300x206.jpg 300w, https:\/\/shop.bjerring-sales.dk\/wp-content\/uploads\/2021\/09\/PUREis3_Black_Black_800x550-768x528.jpg 768w\" sizes=\"auto, (max-width: 800px) 100vw, 800px\" \/><\/div>\n\t\t<\/figure>\n\t<\/div>\n<\/div><\/div><\/div><\/div><div class=\"vc_row wpb_row vc_row-fluid\"><div class=\"wpb_column vc_column_container vc_col-sm-6\"><div class=\"vc_column-inner\"><div class=\"wpb_wrapper\">\n\t<div class=\"wpb_text_column wpb_content_element\" >\n\t\t<div class=\"wpb_wrapper\">\n\t\t\t<p><span style=\"font-size: 18pt\">Areas of use<br \/>\n<\/span>The PUREis3 office chair fits into all forms of office environments. The office chair has a recommended max. load of 120 kg. The fabric has 100,000 martindales and is extremely durable. The manufacturer Interstuhl has really put a lot of energy into thinking about how an office chair should really work. In all its simplicity, it is an advanced office chair that is appreciated by all users. It is best suited for users who are active and move a lot, it comes with the user, which makes it a flexible office chair.<\/p>\n<p><span style=\"font-size: 18pt\">Ergonomics<br \/>\n<\/span>PUREis3 provides a great freedom of movement via &quot;Smart Spring&quot; technology which guarantees that the user remains both active and comfortable. The Smart Spring technology is an innovation from Interstuhl that has become groundbreaking. The &quot;Smart Spring technology&quot; is manufactured with a special composition of polyamide and fiberglass. The composition enables the work chair to adapt to the user&#039;s weight, body and movement in an impressive and dynamic way. Simplified, the office chair becomes an extension of the user, and follows the body&#039;s movements in an ergonomic way.<\/p>\n<p><span style=\"font-size: 18pt\">Dress<\/span><\/p>\n<ul>\n<li>Cloth seat \u201cEra\u201d (Camira) with 100,000 martindales<\/li>\n<li>Back in black mesh fabric (8140)<\/li>\n<\/ul>\n<p><span style=\"font-size: 18pt\">Specifications<\/span><\/p>\n<ul>\n<li>Total dimensions: 1120x655x545 mm<\/li>\n<li>Seat height: 420-520 mm<\/li>\n<li>Seat width: 515 mm<\/li>\n<li>Seat depth: 420 mm<\/li>\n<li>The chair has fixed armrests<\/li>\n<li>Weight: 13 kg<\/li>\n<\/ul>\n\n\t\t<\/div>\n\t<\/div>\n<\/div><\/div><\/div><div class=\"wpb_column vc_column_container vc_col-sm-6\"><div class=\"vc_column-inner\"><div class=\"wpb_wrapper\">\n\t<div class=\"wpb_text_column wpb_content_element\" >\n\t\t<div class=\"wpb_wrapper\">\n\t\t\t<p><span style=\"font-size: 18pt\">Dimensions of packaging<\/span><\/p>\n<ul>\n<li>885x720x570 mm<\/li>\n<\/ul>\n<p><span style=\"font-size: 18pt\">Guarantee<\/span><\/p>\n<ul>\n<li>10 year warranty<\/li>\n<\/ul>\n<p><span style=\"font-size: 18pt\">Certifications<\/span><br \/>\nQuality management system DIN EN ISO 9001:2008, Regulation (EC) No. 1221\/2009 (EMAS); environmental management system DIN EN ISO 14001:2009, OHSAS, EcoVadis Gold, &quot;Gesicherte Nachhaltigkeit&quot; (Guaranteed Sustainability). Quality Office, Blue Angel. EN 1335 for office swivel chairs. GS mark for tested safety, tested for harmful substances and ergonomics, BIFMA-approved.<\/p>\n<p><img loading=\"lazy\" decoding=\"async\" class=\"alignnone size-full wp-image-32454\" src=\"https:\/\/elj.se\/wp-content\/uploads\/2021\/09\/certifikationer.jpg\" alt=\"\" width=\"819\" height=\"79\" \/><\/p>\n\n\t\t<\/div>\n\t<\/div>\n<\/div><\/div><\/div><\/div>\n<\/div>","protected":false},"excerpt":{"rendered":"<p>PUREis3 is a flexible office chair designed for active users. The office chair is stocked in white mesh with a black fabric seat with 100,000 martindales.<\/p>","protected":false},"featured_media":101237,"template":"","meta":{"iawp_total_views":13},"product_brand":[],"product_cat":[5791,5629,5826,5827,6349],"product_tag":[5793,5874,5875,5876],"class_list":{"0":"post-62883","1":"product","2":"type-product","3":"status-publish","4":"has-post-thumbnail","6":"product_cat-stolar","7":"product_cat-kontorsmobler","8":"product_cat-skrivbordsstolar","9":"product_cat-kontorsstolar","10":"product_cat-interstuhl","11":"product_tag-ergonomi","12":"product_tag-arbetsstol","13":"product_tag-kontorsstol","14":"product_tag-interstuhl","16":"first","17":"instock","18":"taxable","19":"shipping-taxable","20":"purchasable","21":"product-type-variable"},"yoast_head":"<!-- This site is optimized with the Yoast SEO plugin v27.0 - https:\/\/yoast.com\/product\/yoast-seo-wordpress\/ -->\n<title>PUREis3 \u2013 Den flexibla kontorsstolen - Bjerring-Sales<\/title>\n<meta name=\"description\" content=\"PUREis3 \u00e4r en flexibel kontorsstol designad f\u00f6r aktiva anv\u00e4ndare. Kontorsstolen lagerh\u00e5lls i svart eller vit mesh med svart tygsits med 100,000 martindales.\" \/>\n<meta name=\"robots\" content=\"index, follow, max-snippet:-1, max-image-preview:large, max-video-preview:-1\" \/>\n<link rel=\"canonical\" href=\"https:\/\/shop.bjerring-sales.dk\/en\/product\/pureis3-den-flexibla-kontorsstolen\/\" \/>\n<meta property=\"og:locale\" content=\"en_GB\" \/>\n<meta property=\"og:type\" content=\"article\" \/>\n<meta property=\"og:title\" content=\"PUREis3 \u2013 Den flexibla kontorsstolen - Bjerring-Sales\" \/>\n<meta property=\"og:description\" content=\"PUREis3 \u00e4r en flexibel kontorsstol designad f\u00f6r aktiva anv\u00e4ndare. Kontorsstolen lagerh\u00e5lls i svart eller vit mesh med svart tygsits med 100,000 martindales.\" \/>\n<meta property=\"og:url\" content=\"https:\/\/shop.bjerring-sales.dk\/en\/product\/pureis3-den-flexibla-kontorsstolen\/\" \/>\n<meta property=\"og:site_name\" content=\"Bjerring-Sales\" \/>\n<meta property=\"article:modified_time\" content=\"2026-02-19T13:55:46+00:00\" \/>\n<meta property=\"og:image\" content=\"https:\/\/shop.bjerring-sales.dk\/wp-content\/uploads\/2026\/02\/PureIS3_Mesh_vit_800x800.jpg\" \/>\n\t<meta property=\"og:image:width\" content=\"800\" \/>\n\t<meta property=\"og:image:height\" content=\"800\" \/>\n\t<meta property=\"og:image:type\" content=\"image\/jpeg\" \/>\n<meta name=\"twitter:card\" content=\"summary_large_image\" \/>\n<meta name=\"twitter:label1\" content=\"Estimated reading time\" \/>\n\t<meta name=\"twitter:data1\" content=\"2 minutes\" \/>\n<script type=\"application\/ld+json\" class=\"yoast-schema-graph\">{\"@context\":\"https:\/\/schema.org\",\"@graph\":[{\"@type\":\"WebPage\",\"@id\":\"https:\/\/shop.bjerring-sales.dk\/sv\/produkt\/pureis3-den-flexibla-kontorsstolen\/\",\"url\":\"https:\/\/shop.bjerring-sales.dk\/sv\/produkt\/pureis3-den-flexibla-kontorsstolen\/\",\"name\":\"PUREis3 \u2013 Den flexibla kontorsstolen - Bjerring-Sales\",\"isPartOf\":{\"@id\":\"https:\/\/shop.bjerring-sales.dk\/#website\"},\"primaryImageOfPage\":{\"@id\":\"https:\/\/shop.bjerring-sales.dk\/sv\/produkt\/pureis3-den-flexibla-kontorsstolen\/#primaryimage\"},\"image\":{\"@id\":\"https:\/\/shop.bjerring-sales.dk\/sv\/produkt\/pureis3-den-flexibla-kontorsstolen\/#primaryimage\"},\"thumbnailUrl\":\"https:\/\/shop.bjerring-sales.dk\/wp-content\/uploads\/2026\/02\/PureIS3_Mesh_vit_800x800.jpg\",\"datePublished\":\"2021-09-12T21:10:14+00:00\",\"dateModified\":\"2026-02-19T13:55:46+00:00\",\"description\":\"PUREis3 \u00e4r en flexibel kontorsstol designad f\u00f6r aktiva anv\u00e4ndare. Kontorsstolen lagerh\u00e5lls i svart eller vit mesh med svart tygsits med 100,000 martindales.\",\"breadcrumb\":{\"@id\":\"https:\/\/shop.bjerring-sales.dk\/sv\/produkt\/pureis3-den-flexibla-kontorsstolen\/#breadcrumb\"},\"inLanguage\":\"en-GB\",\"potentialAction\":[{\"@type\":\"ReadAction\",\"target\":[\"https:\/\/shop.bjerring-sales.dk\/sv\/produkt\/pureis3-den-flexibla-kontorsstolen\/\"]}]},{\"@type\":\"ImageObject\",\"inLanguage\":\"en-GB\",\"@id\":\"https:\/\/shop.bjerring-sales.dk\/sv\/produkt\/pureis3-den-flexibla-kontorsstolen\/#primaryimage\",\"url\":\"https:\/\/shop.bjerring-sales.dk\/wp-content\/uploads\/2026\/02\/PureIS3_Mesh_vit_800x800.jpg\",\"contentUrl\":\"https:\/\/shop.bjerring-sales.dk\/wp-content\/uploads\/2026\/02\/PureIS3_Mesh_vit_800x800.jpg\",\"width\":800,\"height\":800},{\"@type\":\"BreadcrumbList\",\"@id\":\"https:\/\/shop.bjerring-sales.dk\/sv\/produkt\/pureis3-den-flexibla-kontorsstolen\/#breadcrumb\",\"itemListElement\":[{\"@type\":\"ListItem\",\"position\":1,\"name\":\"Hem\",\"item\":\"https:\/\/shop.bjerring-sales.dk\/\"},{\"@type\":\"ListItem\",\"position\":2,\"name\":\"Webbutik\",\"item\":\"https:\/\/shop.bjerring-sales.dk\/butik\/\"},{\"@type\":\"ListItem\",\"position\":3,\"name\":\"PUREis3 \u2013 Den flexibla kontorsstolen\"}]},{\"@type\":\"WebSite\",\"@id\":\"https:\/\/shop.bjerring-sales.dk\/#website\",\"url\":\"https:\/\/shop.bjerring-sales.dk\/\",\"name\":\"Bjerring-Sales\",\"description\":\"M\u00f6bler f\u00f6r teatrar, skolor, kontor och k\u00f6pcentrum\",\"publisher\":{\"@id\":\"https:\/\/shop.bjerring-sales.dk\/#organization\"},\"potentialAction\":[{\"@type\":\"SearchAction\",\"target\":{\"@type\":\"EntryPoint\",\"urlTemplate\":\"https:\/\/shop.bjerring-sales.dk\/?s={search_term_string}\"},\"query-input\":{\"@type\":\"PropertyValueSpecification\",\"valueRequired\":true,\"valueName\":\"search_term_string\"}}],\"inLanguage\":\"en-GB\"},{\"@type\":\"Organization\",\"@id\":\"https:\/\/shop.bjerring-sales.dk\/#organization\",\"name\":\"Bjerring-Sales\",\"url\":\"https:\/\/shop.bjerring-sales.dk\/\",\"logo\":{\"@type\":\"ImageObject\",\"inLanguage\":\"en-GB\",\"@id\":\"https:\/\/shop.bjerring-sales.dk\/#\/schema\/logo\/image\/\",\"url\":\"https:\/\/shop.bjerring-sales.dk\/wp-content\/uploads\/2023\/01\/logo_sv.png\",\"contentUrl\":\"https:\/\/shop.bjerring-sales.dk\/wp-content\/uploads\/2023\/01\/logo_sv.png\",\"width\":195,\"height\":68,\"caption\":\"Bjerring-Sales\"},\"image\":{\"@id\":\"https:\/\/shop.bjerring-sales.dk\/#\/schema\/logo\/image\/\"}}]}<\/script>\n<!-- \/ Yoast SEO plugin. -->","yoast_head_json":{"title":"PUREis3 \u2013 Den flexibla kontorsstolen - Bjerring-Sales","description":"PUREis3 is a flexible office chair designed for active users. The office chair is stocked in black or white mesh with a black fabric seat with 100,000 martindales.","robots":{"index":"index","follow":"follow","max-snippet":"max-snippet:-1","max-image-preview":"max-image-preview:large","max-video-preview":"max-video-preview:-1"},"canonical":"https:\/\/shop.bjerring-sales.dk\/en\/product\/pureis3-den-flexibla-kontorsstolen\/","og_locale":"en_GB","og_type":"article","og_title":"PUREis3 \u2013 Den flexibla kontorsstolen - Bjerring-Sales","og_description":"PUREis3 \u00e4r en flexibel kontorsstol designad f\u00f6r aktiva anv\u00e4ndare. Kontorsstolen lagerh\u00e5lls i svart eller vit mesh med svart tygsits med 100,000 martindales.","og_url":"https:\/\/shop.bjerring-sales.dk\/en\/product\/pureis3-den-flexibla-kontorsstolen\/","og_site_name":"Bjerring-Sales","article_modified_time":"2026-02-19T13:55:46+00:00","og_image":[{"width":800,"height":800,"url":"https:\/\/shop.bjerring-sales.dk\/wp-content\/uploads\/2026\/02\/PureIS3_Mesh_vit_800x800.jpg","type":"image\/jpeg"}],"twitter_card":"summary_large_image","twitter_misc":{"Estimated reading time":"2 minutes"},"schema":{"@context":"https:\/\/schema.org","@graph":[{"@type":"WebPage","@id":"https:\/\/shop.bjerring-sales.dk\/sv\/produkt\/pureis3-den-flexibla-kontorsstolen\/","url":"https:\/\/shop.bjerring-sales.dk\/sv\/produkt\/pureis3-den-flexibla-kontorsstolen\/","name":"PUREis3 \u2013 Den flexibla kontorsstolen - Bjerring-Sales","isPartOf":{"@id":"https:\/\/shop.bjerring-sales.dk\/#website"},"primaryImageOfPage":{"@id":"https:\/\/shop.bjerring-sales.dk\/sv\/produkt\/pureis3-den-flexibla-kontorsstolen\/#primaryimage"},"image":{"@id":"https:\/\/shop.bjerring-sales.dk\/sv\/produkt\/pureis3-den-flexibla-kontorsstolen\/#primaryimage"},"thumbnailUrl":"https:\/\/shop.bjerring-sales.dk\/wp-content\/uploads\/2026\/02\/PureIS3_Mesh_vit_800x800.jpg","datePublished":"2021-09-12T21:10:14+00:00","dateModified":"2026-02-19T13:55:46+00:00","description":"PUREis3 is a flexible office chair designed for active users. The office chair is stocked in black or white mesh with a black fabric seat with 100,000 martindales.","breadcrumb":{"@id":"https:\/\/shop.bjerring-sales.dk\/sv\/produkt\/pureis3-den-flexibla-kontorsstolen\/#breadcrumb"},"inLanguage":"en-GB","potentialAction":[{"@type":"ReadAction","target":["https:\/\/shop.bjerring-sales.dk\/sv\/produkt\/pureis3-den-flexibla-kontorsstolen\/"]}]},{"@type":"ImageObject","inLanguage":"en-GB","@id":"https:\/\/shop.bjerring-sales.dk\/sv\/produkt\/pureis3-den-flexibla-kontorsstolen\/#primaryimage","url":"https:\/\/shop.bjerring-sales.dk\/wp-content\/uploads\/2026\/02\/PureIS3_Mesh_vit_800x800.jpg","contentUrl":"https:\/\/shop.bjerring-sales.dk\/wp-content\/uploads\/2026\/02\/PureIS3_Mesh_vit_800x800.jpg","width":800,"height":800},{"@type":"BreadcrumbList","@id":"https:\/\/shop.bjerring-sales.dk\/sv\/produkt\/pureis3-den-flexibla-kontorsstolen\/#breadcrumb","itemListElement":[{"@type":"ListItem","position":1,"name":"Hem","item":"https:\/\/shop.bjerring-sales.dk\/"},{"@type":"ListItem","position":2,"name":"Webbutik","item":"https:\/\/shop.bjerring-sales.dk\/butik\/"},{"@type":"ListItem","position":3,"name":"PUREis3 \u2013 Den flexibla kontorsstolen"}]},{"@type":"WebSite","@id":"https:\/\/shop.bjerring-sales.dk\/#website","url":"https:\/\/shop.bjerring-sales.dk\/","name":"Bjerring Sales","description":"Furniture for theatres, schools, offices and shopping centres","publisher":{"@id":"https:\/\/shop.bjerring-sales.dk\/#organization"},"potentialAction":[{"@type":"SearchAction","target":{"@type":"EntryPoint","urlTemplate":"https:\/\/shop.bjerring-sales.dk\/?s={search_term_string}"},"query-input":{"@type":"PropertyValueSpecification","valueRequired":true,"valueName":"search_term_string"}}],"inLanguage":"en-GB"},{"@type":"Organization","@id":"https:\/\/shop.bjerring-sales.dk\/#organization","name":"Bjerring Sales","url":"https:\/\/shop.bjerring-sales.dk\/","logo":{"@type":"ImageObject","inLanguage":"en-GB","@id":"https:\/\/shop.bjerring-sales.dk\/#\/schema\/logo\/image\/","url":"https:\/\/shop.bjerring-sales.dk\/wp-content\/uploads\/2023\/01\/logo_sv.png","contentUrl":"https:\/\/shop.bjerring-sales.dk\/wp-content\/uploads\/2023\/01\/logo_sv.png","width":195,"height":68,"caption":"Bjerring-Sales"},"image":{"@id":"https:\/\/shop.bjerring-sales.dk\/#\/schema\/logo\/image\/"}}]}},"_links":{"self":[{"href":"https:\/\/shop.bjerring-sales.dk\/en\/wp-json\/wp\/v2\/product\/62883","targetHints":{"allow":["GET"]}}],"collection":[{"href":"https:\/\/shop.bjerring-sales.dk\/en\/wp-json\/wp\/v2\/product"}],"about":[{"href":"https:\/\/shop.bjerring-sales.dk\/en\/wp-json\/wp\/v2\/types\/product"}],"wp:featuredmedia":[{"embeddable":true,"href":"https:\/\/shop.bjerring-sales.dk\/en\/wp-json\/wp\/v2\/media\/101237"}],"wp:attachment":[{"href":"https:\/\/shop.bjerring-sales.dk\/en\/wp-json\/wp\/v2\/media?parent=62883"}],"wp:term":[{"taxonomy":"product_brand","embeddable":true,"href":"https:\/\/shop.bjerring-sales.dk\/en\/wp-json\/wp\/v2\/product_brand?post=62883"},{"taxonomy":"product_cat","embeddable":true,"href":"https:\/\/shop.bjerring-sales.dk\/en\/wp-json\/wp\/v2\/product_cat?post=62883"},{"taxonomy":"product_tag","embeddable":true,"href":"https:\/\/shop.bjerring-sales.dk\/en\/wp-json\/wp\/v2\/product_tag?post=62883"}],"curies":[{"name":"wp","href":"https:\/\/api.w.org\/{rel}","templated":true}]}}