{"id":62881,"date":"2017-09-18T13:39:14","date_gmt":"2017-09-18T11:39:14","guid":{"rendered":"https:\/\/pule.se\/produkt\/vagn-smart\/"},"modified":"2024-05-29T13:18:26","modified_gmt":"2024-05-29T11:18:26","slug":"vagn-smart","status":"publish","type":"product","link":"https:\/\/shop.bjerring-sales.dk\/en\/product\/vagn-smart\/","title":{"rendered":"Wagon Smart"},"content":{"rendered":"<div class=\"wpb-content-wrapper\"><div class=\"vc_row wpb_row vc_row-fluid\"><div class=\"wpb_column vc_column_container vc_col-sm-12\"><div class=\"vc_column-inner\"><div class=\"wpb_wrapper\">\n\t<div class=\"wpb_text_column wpb_content_element\" >\n\t\t<div class=\"wpb_wrapper\">\n\t\t\t<p><span style=\"font-size: 24pt;\">Store and move your folding Smart chairs easily!<br \/>\n<\/span>Optimize the handling of the connectable and foldable Smart chair together with our high-quality Chair Trolley. It is designed to make transport and storage easier, making it the ideal choice for conferences, trade shows, trainings and other events where the number of chairs varies.<\/p>\n\n\t\t<\/div>\n\t<\/div>\n<\/div><\/div><\/div><\/div><div class=\"vc_row wpb_row vc_row-fluid\"><div class=\"wpb_column vc_column_container vc_col-sm-4\"><div class=\"vc_column-inner\"><div class=\"wpb_wrapper\">\n\t<div  class=\"wpb_single_image wpb_content_element vc_align_center\">\n\t\t\n\t\t<figure class=\"wpb_wrapper vc_figure\">\n\t\t\t<div class=\"vc_single_image-wrapper vc_box_shadow_border  vc_box_border_grey\"><img loading=\"lazy\" decoding=\"async\" width=\"800\" height=\"800\" src=\"https:\/\/shop.bjerring-sales.dk\/wp-content\/uploads\/2017\/09\/Aruba-Set-2-1.jpg\" class=\"vc_single_image-img attachment-full\" alt=\"\" title=\"Aruba-Set-2-1\" srcset=\"https:\/\/shop.bjerring-sales.dk\/wp-content\/uploads\/2017\/09\/Aruba-Set-2-1.jpg 800w, https:\/\/shop.bjerring-sales.dk\/wp-content\/uploads\/2017\/09\/Aruba-Set-2-1-300x300.jpg 300w, https:\/\/shop.bjerring-sales.dk\/wp-content\/uploads\/2017\/09\/Aruba-Set-2-1-150x150.jpg 150w, https:\/\/shop.bjerring-sales.dk\/wp-content\/uploads\/2017\/09\/Aruba-Set-2-1-600x600.jpg 600w, https:\/\/shop.bjerring-sales.dk\/wp-content\/uploads\/2017\/09\/Aruba-Set-2-1-768x768.jpg 768w, https:\/\/shop.bjerring-sales.dk\/wp-content\/uploads\/2017\/09\/Aruba-Set-2-1-12x12.jpg 12w\" sizes=\"auto, (max-width: 800px) 100vw, 800px\" \/><\/div>\n\t\t<\/figure>\n\t<\/div>\n<\/div><\/div><\/div><div class=\"wpb_column vc_column_container vc_col-sm-4\"><div class=\"vc_column-inner\"><div class=\"wpb_wrapper\">\n\t<div  class=\"wpb_single_image wpb_content_element vc_align_center\">\n\t\t\n\t\t<figure class=\"wpb_wrapper vc_figure\">\n\t\t\t<div class=\"vc_single_image-wrapper vc_box_shadow_border  vc_box_border_grey\"><img loading=\"lazy\" decoding=\"async\" width=\"800\" height=\"800\" src=\"https:\/\/shop.bjerring-sales.dk\/wp-content\/uploads\/2017\/09\/Aruba-Set_Balcony.jpg\" class=\"vc_single_image-img attachment-full\" alt=\"\" title=\"Aruba-Set_Balcony\" srcset=\"https:\/\/shop.bjerring-sales.dk\/wp-content\/uploads\/2017\/09\/Aruba-Set_Balcony.jpg 800w, https:\/\/shop.bjerring-sales.dk\/wp-content\/uploads\/2017\/09\/Aruba-Set_Balcony-300x300.jpg 300w, https:\/\/shop.bjerring-sales.dk\/wp-content\/uploads\/2017\/09\/Aruba-Set_Balcony-150x150.jpg 150w, https:\/\/shop.bjerring-sales.dk\/wp-content\/uploads\/2017\/09\/Aruba-Set_Balcony-600x600.jpg 600w, https:\/\/shop.bjerring-sales.dk\/wp-content\/uploads\/2017\/09\/Aruba-Set_Balcony-768x768.jpg 768w, https:\/\/shop.bjerring-sales.dk\/wp-content\/uploads\/2017\/09\/Aruba-Set_Balcony-12x12.jpg 12w\" sizes=\"auto, (max-width: 800px) 100vw, 800px\" \/><\/div>\n\t\t<\/figure>\n\t<\/div>\n<\/div><\/div><\/div><div class=\"wpb_column vc_column_container vc_col-sm-4\"><div class=\"vc_column-inner\"><div class=\"wpb_wrapper\">\n\t<div  class=\"wpb_single_image wpb_content_element vc_align_center\">\n\t\t\n\t\t<figure class=\"wpb_wrapper vc_figure\">\n\t\t\t<div class=\"vc_single_image-wrapper vc_box_shadow_border  vc_box_border_grey\"><img loading=\"lazy\" decoding=\"async\" width=\"800\" height=\"800\" src=\"https:\/\/shop.bjerring-sales.dk\/wp-content\/uploads\/2017\/09\/14.jpg\" class=\"vc_single_image-img attachment-full\" alt=\"\" title=\"14\" srcset=\"https:\/\/shop.bjerring-sales.dk\/wp-content\/uploads\/2017\/09\/14.jpg 800w, https:\/\/shop.bjerring-sales.dk\/wp-content\/uploads\/2017\/09\/14-300x300.jpg 300w, https:\/\/shop.bjerring-sales.dk\/wp-content\/uploads\/2017\/09\/14-150x150.jpg 150w, https:\/\/shop.bjerring-sales.dk\/wp-content\/uploads\/2017\/09\/14-600x600.jpg 600w, https:\/\/shop.bjerring-sales.dk\/wp-content\/uploads\/2017\/09\/14-768x768.jpg 768w, https:\/\/shop.bjerring-sales.dk\/wp-content\/uploads\/2017\/09\/14-12x12.jpg 12w\" sizes=\"auto, (max-width: 800px) 100vw, 800px\" \/><\/div>\n\t\t<\/figure>\n\t<\/div>\n<\/div><\/div><\/div><\/div><div class=\"vc_row wpb_row vc_row-fluid\"><div class=\"wpb_column vc_column_container vc_col-sm-6\"><div class=\"vc_column-inner\"><div class=\"wpb_wrapper\">\n\t<div class=\"wpb_text_column wpb_content_element\" >\n\t\t<div class=\"wpb_wrapper\">\n\t\t\t<p><span style=\"font-size: 18pt;\">Area of use<br \/>\n<\/span>The chair trolley can be used both indoors and outdoors for increased flexibility on different occasions. A practical solution to simplify the staff&#039;s work when handling chairs. The trolley has an impressive capacity and can hold up to 50 Smart chairs. Utilize the cart to quickly and easily transport and store a significant number of chairs.<\/p>\n<p><span style=\"font-size: 18pt;\">Specifications<\/span><\/p>\n<ul>\n<li>Made of high-quality electro-galvanized steel for increased durability and long life<\/li>\n<li>A robust and reliable trolley that can handle the demands that come with transport and storage<\/li>\n<li>Holds up to 50 Smart chairs<\/li>\n<\/ul>\n<p><span style=\"font-size: 18pt;\">Overall measurements<\/span><\/p>\n<ul>\n<li>Length: 1060 mm<\/li>\n<li>Width: 480 mm<\/li>\n<li>Height: 1700 mm<\/li>\n<\/ul>\n\n\t\t<\/div>\n\t<\/div>\n<\/div><\/div><\/div><div class=\"wpb_column vc_column_container vc_col-sm-6\"><div class=\"vc_column-inner\"><div class=\"wpb_wrapper\">\n\t<div class=\"wpb_text_column wpb_content_element\" >\n\t\t<div class=\"wpb_wrapper\">\n\t\t\t<p><span style=\"font-size: 18pt;\">Stand dimensions<\/span><\/p>\n<ul>\n<li>Length: 930 mm<\/li>\n<li>Width: 500 mm<\/li>\n<li>Height: 1500 mm<\/li>\n<li>Inner dimensions of pipe end: 420 mm<\/li>\n<li>Rear angle iron: 460 mm<\/li>\n<\/ul>\n<p><span style=\"font-size: 18pt;\">Weight<\/span><\/p>\n<ul>\n<li>Weight: 21 kg<\/li>\n<\/ul>\n\n\t\t<\/div>\n\t<\/div>\n<\/div><\/div><\/div><\/div>\n<\/div>","protected":false},"excerpt":{"rendered":"<p>A flexible trolley for storage and movement of folding and folding Smart Chairs. Suitable for events, lectures and conferences where the number of chairs varies. Can be used for both indoor and outdoor use. Think of your staff, use good carts!<\/p>","protected":false},"featured_media":95031,"template":"","meta":{"iawp_total_views":2},"product_brand":[],"product_cat":[5879,5878],"product_tag":[6232,6235,6238],"class_list":{"0":"post-62881","1":"product","2":"type-product","3":"status-publish","4":"has-post-thumbnail","6":"product_cat-stolsvagnar","7":"product_cat-vagnar","8":"product_tag-stolsvagn","9":"product_tag-vagn-till-fallbara-stolar","10":"product_tag-vagn-smart","12":"first","13":"instock","14":"taxable","15":"shipping-taxable","16":"purchasable","17":"product-type-simple"},"yoast_head":"<!-- This site is optimized with the Yoast SEO plugin v27.0 - https:\/\/yoast.com\/product\/yoast-seo-wordpress\/ -->\n<title>Vagn Smart - Bjerring-Sales<\/title>\n<meta name=\"description\" content=\"En smidig vagn f\u00f6r f\u00f6rvaring och f\u00f6rflyttning av kopplings- och f\u00e4llbara Smartstolar. Passar f\u00f6r event, f\u00f6rel\u00e4sningar och konferenser d\u00e4r antalet stolar variera.\" \/>\n<meta name=\"robots\" content=\"index, follow, max-snippet:-1, max-image-preview:large, max-video-preview:-1\" \/>\n<link rel=\"canonical\" href=\"https:\/\/shop.bjerring-sales.dk\/en\/product\/vagn-smart\/\" \/>\n<meta property=\"og:locale\" content=\"en_GB\" \/>\n<meta property=\"og:type\" content=\"article\" \/>\n<meta property=\"og:title\" content=\"Vagn Smart - Bjerring-Sales\" \/>\n<meta property=\"og:description\" content=\"En smidig vagn f\u00f6r f\u00f6rvaring och f\u00f6rflyttning av kopplings- och f\u00e4llbara Smartstolar. Passar f\u00f6r event, f\u00f6rel\u00e4sningar och konferenser d\u00e4r antalet stolar variera.\" \/>\n<meta property=\"og:url\" content=\"https:\/\/shop.bjerring-sales.dk\/en\/product\/vagn-smart\/\" \/>\n<meta property=\"og:site_name\" content=\"Bjerring-Sales\" \/>\n<meta property=\"article:modified_time\" content=\"2024-05-29T11:18:26+00:00\" \/>\n<meta property=\"og:image\" content=\"https:\/\/shop.bjerring-sales.dk\/wp-content\/uploads\/2024\/01\/webb-eljvagnsmart.jpg\" \/>\n\t<meta property=\"og:image:width\" content=\"800\" \/>\n\t<meta property=\"og:image:height\" content=\"800\" \/>\n\t<meta property=\"og:image:type\" content=\"image\/jpeg\" \/>\n<meta name=\"twitter:card\" content=\"summary_large_image\" \/>\n<meta name=\"twitter:label1\" content=\"Estimated reading time\" \/>\n\t<meta name=\"twitter:data1\" content=\"2 minutes\" \/>\n<script type=\"application\/ld+json\" class=\"yoast-schema-graph\">{\"@context\":\"https:\/\/schema.org\",\"@graph\":[{\"@type\":\"WebPage\",\"@id\":\"https:\/\/shop.bjerring-sales.dk\/product\/vagn-smart\/\",\"url\":\"https:\/\/shop.bjerring-sales.dk\/product\/vagn-smart\/\",\"name\":\"Vagn Smart - Bjerring-Sales\",\"isPartOf\":{\"@id\":\"https:\/\/shop.bjerring-sales.dk\/#website\"},\"primaryImageOfPage\":{\"@id\":\"https:\/\/shop.bjerring-sales.dk\/product\/vagn-smart\/#primaryimage\"},\"image\":{\"@id\":\"https:\/\/shop.bjerring-sales.dk\/product\/vagn-smart\/#primaryimage\"},\"thumbnailUrl\":\"https:\/\/shop.bjerring-sales.dk\/wp-content\/uploads\/2024\/01\/webb-eljvagnsmart.jpg\",\"datePublished\":\"2017-09-18T11:39:14+00:00\",\"dateModified\":\"2024-05-29T11:18:26+00:00\",\"description\":\"En smidig vagn f\u00f6r f\u00f6rvaring och f\u00f6rflyttning av kopplings- och f\u00e4llbara Smartstolar. Passar f\u00f6r event, f\u00f6rel\u00e4sningar och konferenser d\u00e4r antalet stolar variera.\",\"breadcrumb\":{\"@id\":\"https:\/\/shop.bjerring-sales.dk\/product\/vagn-smart\/#breadcrumb\"},\"inLanguage\":\"en-GB\",\"potentialAction\":[{\"@type\":\"ReadAction\",\"target\":[\"https:\/\/shop.bjerring-sales.dk\/product\/vagn-smart\/\"]}]},{\"@type\":\"ImageObject\",\"inLanguage\":\"en-GB\",\"@id\":\"https:\/\/shop.bjerring-sales.dk\/product\/vagn-smart\/#primaryimage\",\"url\":\"https:\/\/shop.bjerring-sales.dk\/wp-content\/uploads\/2024\/01\/webb-eljvagnsmart.jpg\",\"contentUrl\":\"https:\/\/shop.bjerring-sales.dk\/wp-content\/uploads\/2024\/01\/webb-eljvagnsmart.jpg\",\"width\":800,\"height\":800},{\"@type\":\"BreadcrumbList\",\"@id\":\"https:\/\/shop.bjerring-sales.dk\/product\/vagn-smart\/#breadcrumb\",\"itemListElement\":[{\"@type\":\"ListItem\",\"position\":1,\"name\":\"Hem\",\"item\":\"https:\/\/shop.bjerring-sales.dk\/\"},{\"@type\":\"ListItem\",\"position\":2,\"name\":\"Webbutik\",\"item\":\"https:\/\/shop.bjerring-sales.dk\/butik\/\"},{\"@type\":\"ListItem\",\"position\":3,\"name\":\"Vagn Smart\"}]},{\"@type\":\"WebSite\",\"@id\":\"https:\/\/shop.bjerring-sales.dk\/#website\",\"url\":\"https:\/\/shop.bjerring-sales.dk\/\",\"name\":\"Bjerring-Sales\",\"description\":\"M\u00f6bler f\u00f6r teatrar, skolor, kontor och k\u00f6pcentrum\",\"publisher\":{\"@id\":\"https:\/\/shop.bjerring-sales.dk\/#organization\"},\"potentialAction\":[{\"@type\":\"SearchAction\",\"target\":{\"@type\":\"EntryPoint\",\"urlTemplate\":\"https:\/\/shop.bjerring-sales.dk\/?s={search_term_string}\"},\"query-input\":{\"@type\":\"PropertyValueSpecification\",\"valueRequired\":true,\"valueName\":\"search_term_string\"}}],\"inLanguage\":\"en-GB\"},{\"@type\":\"Organization\",\"@id\":\"https:\/\/shop.bjerring-sales.dk\/#organization\",\"name\":\"Bjerring-Sales\",\"url\":\"https:\/\/shop.bjerring-sales.dk\/\",\"logo\":{\"@type\":\"ImageObject\",\"inLanguage\":\"en-GB\",\"@id\":\"https:\/\/shop.bjerring-sales.dk\/#\/schema\/logo\/image\/\",\"url\":\"https:\/\/shop.bjerring-sales.dk\/wp-content\/uploads\/2023\/01\/logo_sv.png\",\"contentUrl\":\"https:\/\/shop.bjerring-sales.dk\/wp-content\/uploads\/2023\/01\/logo_sv.png\",\"width\":195,\"height\":68,\"caption\":\"Bjerring-Sales\"},\"image\":{\"@id\":\"https:\/\/shop.bjerring-sales.dk\/#\/schema\/logo\/image\/\"}}]}<\/script>\n<!-- \/ Yoast SEO plugin. -->","yoast_head_json":{"title":"Vagn Smart - Bjerring-Sales","description":"En smidig vagn f\u00f6r f\u00f6rvaring och f\u00f6rflyttning av kopplings- och f\u00e4llbara Smartstolar. Passar f\u00f6r event, f\u00f6rel\u00e4sningar och konferenser d\u00e4r antalet stolar variera.","robots":{"index":"index","follow":"follow","max-snippet":"max-snippet:-1","max-image-preview":"max-image-preview:large","max-video-preview":"max-video-preview:-1"},"canonical":"https:\/\/shop.bjerring-sales.dk\/en\/product\/vagn-smart\/","og_locale":"en_GB","og_type":"article","og_title":"Vagn Smart - Bjerring-Sales","og_description":"En smidig vagn f\u00f6r f\u00f6rvaring och f\u00f6rflyttning av kopplings- och f\u00e4llbara Smartstolar. Passar f\u00f6r event, f\u00f6rel\u00e4sningar och konferenser d\u00e4r antalet stolar variera.","og_url":"https:\/\/shop.bjerring-sales.dk\/en\/product\/vagn-smart\/","og_site_name":"Bjerring-Sales","article_modified_time":"2024-05-29T11:18:26+00:00","og_image":[{"width":800,"height":800,"url":"https:\/\/shop.bjerring-sales.dk\/wp-content\/uploads\/2024\/01\/webb-eljvagnsmart.jpg","type":"image\/jpeg"}],"twitter_card":"summary_large_image","twitter_misc":{"Estimated reading time":"2 minutes"},"schema":{"@context":"https:\/\/schema.org","@graph":[{"@type":"WebPage","@id":"https:\/\/shop.bjerring-sales.dk\/product\/vagn-smart\/","url":"https:\/\/shop.bjerring-sales.dk\/product\/vagn-smart\/","name":"Vagn Smart - Bjerring-Sales","isPartOf":{"@id":"https:\/\/shop.bjerring-sales.dk\/#website"},"primaryImageOfPage":{"@id":"https:\/\/shop.bjerring-sales.dk\/product\/vagn-smart\/#primaryimage"},"image":{"@id":"https:\/\/shop.bjerring-sales.dk\/product\/vagn-smart\/#primaryimage"},"thumbnailUrl":"https:\/\/shop.bjerring-sales.dk\/wp-content\/uploads\/2024\/01\/webb-eljvagnsmart.jpg","datePublished":"2017-09-18T11:39:14+00:00","dateModified":"2024-05-29T11:18:26+00:00","description":"En smidig vagn f\u00f6r f\u00f6rvaring och f\u00f6rflyttning av kopplings- och f\u00e4llbara Smartstolar. Passar f\u00f6r event, f\u00f6rel\u00e4sningar och konferenser d\u00e4r antalet stolar variera.","breadcrumb":{"@id":"https:\/\/shop.bjerring-sales.dk\/product\/vagn-smart\/#breadcrumb"},"inLanguage":"en-GB","potentialAction":[{"@type":"ReadAction","target":["https:\/\/shop.bjerring-sales.dk\/product\/vagn-smart\/"]}]},{"@type":"ImageObject","inLanguage":"en-GB","@id":"https:\/\/shop.bjerring-sales.dk\/product\/vagn-smart\/#primaryimage","url":"https:\/\/shop.bjerring-sales.dk\/wp-content\/uploads\/2024\/01\/webb-eljvagnsmart.jpg","contentUrl":"https:\/\/shop.bjerring-sales.dk\/wp-content\/uploads\/2024\/01\/webb-eljvagnsmart.jpg","width":800,"height":800},{"@type":"BreadcrumbList","@id":"https:\/\/shop.bjerring-sales.dk\/product\/vagn-smart\/#breadcrumb","itemListElement":[{"@type":"ListItem","position":1,"name":"Hem","item":"https:\/\/shop.bjerring-sales.dk\/"},{"@type":"ListItem","position":2,"name":"Webbutik","item":"https:\/\/shop.bjerring-sales.dk\/butik\/"},{"@type":"ListItem","position":3,"name":"Vagn Smart"}]},{"@type":"WebSite","@id":"https:\/\/shop.bjerring-sales.dk\/#website","url":"https:\/\/shop.bjerring-sales.dk\/","name":"Bjerring Sales","description":"Furniture for theatres, schools, offices and shopping centres","publisher":{"@id":"https:\/\/shop.bjerring-sales.dk\/#organization"},"potentialAction":[{"@type":"SearchAction","target":{"@type":"EntryPoint","urlTemplate":"https:\/\/shop.bjerring-sales.dk\/?s={search_term_string}"},"query-input":{"@type":"PropertyValueSpecification","valueRequired":true,"valueName":"search_term_string"}}],"inLanguage":"en-GB"},{"@type":"Organization","@id":"https:\/\/shop.bjerring-sales.dk\/#organization","name":"Bjerring Sales","url":"https:\/\/shop.bjerring-sales.dk\/","logo":{"@type":"ImageObject","inLanguage":"en-GB","@id":"https:\/\/shop.bjerring-sales.dk\/#\/schema\/logo\/image\/","url":"https:\/\/shop.bjerring-sales.dk\/wp-content\/uploads\/2023\/01\/logo_sv.png","contentUrl":"https:\/\/shop.bjerring-sales.dk\/wp-content\/uploads\/2023\/01\/logo_sv.png","width":195,"height":68,"caption":"Bjerring-Sales"},"image":{"@id":"https:\/\/shop.bjerring-sales.dk\/#\/schema\/logo\/image\/"}}]}},"_links":{"self":[{"href":"https:\/\/shop.bjerring-sales.dk\/en\/wp-json\/wp\/v2\/product\/62881","targetHints":{"allow":["GET"]}}],"collection":[{"href":"https:\/\/shop.bjerring-sales.dk\/en\/wp-json\/wp\/v2\/product"}],"about":[{"href":"https:\/\/shop.bjerring-sales.dk\/en\/wp-json\/wp\/v2\/types\/product"}],"wp:featuredmedia":[{"embeddable":true,"href":"https:\/\/shop.bjerring-sales.dk\/en\/wp-json\/wp\/v2\/media\/95031"}],"wp:attachment":[{"href":"https:\/\/shop.bjerring-sales.dk\/en\/wp-json\/wp\/v2\/media?parent=62881"}],"wp:term":[{"taxonomy":"product_brand","embeddable":true,"href":"https:\/\/shop.bjerring-sales.dk\/en\/wp-json\/wp\/v2\/product_brand?post=62881"},{"taxonomy":"product_cat","embeddable":true,"href":"https:\/\/shop.bjerring-sales.dk\/en\/wp-json\/wp\/v2\/product_cat?post=62881"},{"taxonomy":"product_tag","embeddable":true,"href":"https:\/\/shop.bjerring-sales.dk\/en\/wp-json\/wp\/v2\/product_tag?post=62881"}],"curies":[{"name":"wp","href":"https:\/\/api.w.org\/{rel}","templated":true}]}}