{"id":62879,"date":"2017-09-18T13:43:28","date_gmt":"2017-09-18T11:43:28","guid":{"rendered":"https:\/\/pule.se\/produkt\/vagn-ark\/"},"modified":"2024-06-06T14:26:56","modified_gmt":"2024-06-06T12:26:56","slug":"vagn-ark","status":"publish","type":"product","link":"https:\/\/shop.bjerring-sales.dk\/en\/product\/vagn-ark\/","title":{"rendered":"Vagn Ark"},"content":{"rendered":"<p>The Ark sheet is a flexible trolley for storage and transport of folding and connectable Sheet Chairs. Suitable for businesses that vary the number of chairs and need practical storage. For both outdoor and indoor use. Think of your staff, use good carts!<\/p>\n<ul>\n<li>Galvanized steel<\/li>\n<li>Holds 30 sheet chairs<\/li>\n<\/ul>","protected":false},"excerpt":{"rendered":"<p>The Ark sheet is a flexible trolley for storage and transport of folding and connectable Sheet Chairs. Suitable for businesses that vary the number of chairs and need practical storage. For both outdoor and indoor use. Think of your staff, use good carts!<\/p>","protected":false},"featured_media":97186,"template":"","meta":{"iawp_total_views":8},"product_brand":[],"product_cat":[5879,5878],"product_tag":[6232,6235,6237],"class_list":{"0":"post-62879","1":"product","2":"type-product","3":"status-publish","4":"has-post-thumbnail","6":"product_cat-stolsvagnar","7":"product_cat-vagnar","8":"product_tag-stolsvagn","9":"product_tag-vagn-till-fallbara-stolar","10":"product_tag-vagn-ark","12":"first","13":"instock","14":"taxable","15":"shipping-taxable","16":"purchasable","17":"product-type-simple"},"yoast_head":"<!-- This site is optimized with the Yoast SEO plugin v27.0 - https:\/\/yoast.com\/product\/yoast-seo-wordpress\/ -->\n<title>Vagn Ark - Bjerring-Sales<\/title>\n<meta name=\"description\" content=\"Vagnen Ark \u00e4r en smidig vagn f\u00f6r f\u00f6rvaring och transport av f\u00e4ll- och kopplingsbara Arkstolar. Passar f\u00f6r verksamheter som varierar antal stolar och beh\u00f6ver praktisk f\u00f6rvaring.\" \/>\n<meta name=\"robots\" content=\"index, follow, max-snippet:-1, max-image-preview:large, max-video-preview:-1\" \/>\n<link rel=\"canonical\" href=\"https:\/\/shop.bjerring-sales.dk\/en\/product\/vagn-ark\/\" \/>\n<meta property=\"og:locale\" content=\"en_GB\" \/>\n<meta property=\"og:type\" content=\"article\" \/>\n<meta property=\"og:title\" content=\"Vagn Ark - Bjerring-Sales\" \/>\n<meta property=\"og:description\" content=\"Vagnen Ark \u00e4r en smidig vagn f\u00f6r f\u00f6rvaring och transport av f\u00e4ll- och kopplingsbara Arkstolar. Passar f\u00f6r verksamheter som varierar antal stolar och beh\u00f6ver praktisk f\u00f6rvaring.\" \/>\n<meta property=\"og:url\" content=\"https:\/\/shop.bjerring-sales.dk\/en\/product\/vagn-ark\/\" \/>\n<meta property=\"og:site_name\" content=\"Bjerring-Sales\" \/>\n<meta property=\"article:modified_time\" content=\"2024-06-06T12:26:56+00:00\" \/>\n<meta property=\"og:image\" content=\"https:\/\/shop.bjerring-sales.dk\/wp-content\/uploads\/2024\/03\/webbeljvagnark.jpg\" \/>\n\t<meta property=\"og:image:width\" content=\"800\" \/>\n\t<meta property=\"og:image:height\" content=\"800\" \/>\n\t<meta property=\"og:image:type\" content=\"image\/jpeg\" \/>\n<meta name=\"twitter:card\" content=\"summary_large_image\" \/>\n<script type=\"application\/ld+json\" class=\"yoast-schema-graph\">{\"@context\":\"https:\/\/schema.org\",\"@graph\":[{\"@type\":\"WebPage\",\"@id\":\"https:\/\/shop.bjerring-sales.dk\/sv\/produkt\/vagn-ark\/\",\"url\":\"https:\/\/shop.bjerring-sales.dk\/sv\/produkt\/vagn-ark\/\",\"name\":\"Vagn Ark - Bjerring-Sales\",\"isPartOf\":{\"@id\":\"https:\/\/shop.bjerring-sales.dk\/#website\"},\"primaryImageOfPage\":{\"@id\":\"https:\/\/shop.bjerring-sales.dk\/sv\/produkt\/vagn-ark\/#primaryimage\"},\"image\":{\"@id\":\"https:\/\/shop.bjerring-sales.dk\/sv\/produkt\/vagn-ark\/#primaryimage\"},\"thumbnailUrl\":\"https:\/\/shop.bjerring-sales.dk\/wp-content\/uploads\/2024\/03\/webbeljvagnark.jpg\",\"datePublished\":\"2017-09-18T11:43:28+00:00\",\"dateModified\":\"2024-06-06T12:26:56+00:00\",\"description\":\"Vagnen Ark \u00e4r en smidig vagn f\u00f6r f\u00f6rvaring och transport av f\u00e4ll- och kopplingsbara Arkstolar. Passar f\u00f6r verksamheter som varierar antal stolar och beh\u00f6ver praktisk f\u00f6rvaring.\",\"breadcrumb\":{\"@id\":\"https:\/\/shop.bjerring-sales.dk\/sv\/produkt\/vagn-ark\/#breadcrumb\"},\"inLanguage\":\"en-GB\",\"potentialAction\":[{\"@type\":\"ReadAction\",\"target\":[\"https:\/\/shop.bjerring-sales.dk\/sv\/produkt\/vagn-ark\/\"]}]},{\"@type\":\"ImageObject\",\"inLanguage\":\"en-GB\",\"@id\":\"https:\/\/shop.bjerring-sales.dk\/sv\/produkt\/vagn-ark\/#primaryimage\",\"url\":\"https:\/\/shop.bjerring-sales.dk\/wp-content\/uploads\/2024\/03\/webbeljvagnark.jpg\",\"contentUrl\":\"https:\/\/shop.bjerring-sales.dk\/wp-content\/uploads\/2024\/03\/webbeljvagnark.jpg\",\"width\":800,\"height\":800},{\"@type\":\"BreadcrumbList\",\"@id\":\"https:\/\/shop.bjerring-sales.dk\/sv\/produkt\/vagn-ark\/#breadcrumb\",\"itemListElement\":[{\"@type\":\"ListItem\",\"position\":1,\"name\":\"Hem\",\"item\":\"https:\/\/shop.bjerring-sales.dk\/\"},{\"@type\":\"ListItem\",\"position\":2,\"name\":\"Webbutik\",\"item\":\"https:\/\/shop.bjerring-sales.dk\/butik\/\"},{\"@type\":\"ListItem\",\"position\":3,\"name\":\"Vagn Ark\"}]},{\"@type\":\"WebSite\",\"@id\":\"https:\/\/shop.bjerring-sales.dk\/#website\",\"url\":\"https:\/\/shop.bjerring-sales.dk\/\",\"name\":\"Bjerring-Sales\",\"description\":\"M\u00f6bler f\u00f6r teatrar, skolor, kontor och k\u00f6pcentrum\",\"publisher\":{\"@id\":\"https:\/\/shop.bjerring-sales.dk\/#organization\"},\"potentialAction\":[{\"@type\":\"SearchAction\",\"target\":{\"@type\":\"EntryPoint\",\"urlTemplate\":\"https:\/\/shop.bjerring-sales.dk\/?s={search_term_string}\"},\"query-input\":{\"@type\":\"PropertyValueSpecification\",\"valueRequired\":true,\"valueName\":\"search_term_string\"}}],\"inLanguage\":\"en-GB\"},{\"@type\":\"Organization\",\"@id\":\"https:\/\/shop.bjerring-sales.dk\/#organization\",\"name\":\"Bjerring-Sales\",\"url\":\"https:\/\/shop.bjerring-sales.dk\/\",\"logo\":{\"@type\":\"ImageObject\",\"inLanguage\":\"en-GB\",\"@id\":\"https:\/\/shop.bjerring-sales.dk\/#\/schema\/logo\/image\/\",\"url\":\"https:\/\/shop.bjerring-sales.dk\/wp-content\/uploads\/2023\/01\/logo_sv.png\",\"contentUrl\":\"https:\/\/shop.bjerring-sales.dk\/wp-content\/uploads\/2023\/01\/logo_sv.png\",\"width\":195,\"height\":68,\"caption\":\"Bjerring-Sales\"},\"image\":{\"@id\":\"https:\/\/shop.bjerring-sales.dk\/#\/schema\/logo\/image\/\"}}]}<\/script>\n<!-- \/ Yoast SEO plugin. -->","yoast_head_json":{"title":"Vagn Ark - Bjerring-Sales","description":"Vagnen Ark \u00e4r en smidig vagn f\u00f6r f\u00f6rvaring och transport av f\u00e4ll- och kopplingsbara Arkstolar. Passar f\u00f6r verksamheter som varierar antal stolar och beh\u00f6ver praktisk f\u00f6rvaring.","robots":{"index":"index","follow":"follow","max-snippet":"max-snippet:-1","max-image-preview":"max-image-preview:large","max-video-preview":"max-video-preview:-1"},"canonical":"https:\/\/shop.bjerring-sales.dk\/en\/product\/vagn-ark\/","og_locale":"en_GB","og_type":"article","og_title":"Vagn Ark - Bjerring-Sales","og_description":"Vagnen Ark \u00e4r en smidig vagn f\u00f6r f\u00f6rvaring och transport av f\u00e4ll- och kopplingsbara Arkstolar. Passar f\u00f6r verksamheter som varierar antal stolar och beh\u00f6ver praktisk f\u00f6rvaring.","og_url":"https:\/\/shop.bjerring-sales.dk\/en\/product\/vagn-ark\/","og_site_name":"Bjerring-Sales","article_modified_time":"2024-06-06T12:26:56+00:00","og_image":[{"width":800,"height":800,"url":"https:\/\/shop.bjerring-sales.dk\/wp-content\/uploads\/2024\/03\/webbeljvagnark.jpg","type":"image\/jpeg"}],"twitter_card":"summary_large_image","schema":{"@context":"https:\/\/schema.org","@graph":[{"@type":"WebPage","@id":"https:\/\/shop.bjerring-sales.dk\/sv\/produkt\/vagn-ark\/","url":"https:\/\/shop.bjerring-sales.dk\/sv\/produkt\/vagn-ark\/","name":"Vagn Ark - Bjerring-Sales","isPartOf":{"@id":"https:\/\/shop.bjerring-sales.dk\/#website"},"primaryImageOfPage":{"@id":"https:\/\/shop.bjerring-sales.dk\/sv\/produkt\/vagn-ark\/#primaryimage"},"image":{"@id":"https:\/\/shop.bjerring-sales.dk\/sv\/produkt\/vagn-ark\/#primaryimage"},"thumbnailUrl":"https:\/\/shop.bjerring-sales.dk\/wp-content\/uploads\/2024\/03\/webbeljvagnark.jpg","datePublished":"2017-09-18T11:43:28+00:00","dateModified":"2024-06-06T12:26:56+00:00","description":"Vagnen Ark \u00e4r en smidig vagn f\u00f6r f\u00f6rvaring och transport av f\u00e4ll- och kopplingsbara Arkstolar. Passar f\u00f6r verksamheter som varierar antal stolar och beh\u00f6ver praktisk f\u00f6rvaring.","breadcrumb":{"@id":"https:\/\/shop.bjerring-sales.dk\/sv\/produkt\/vagn-ark\/#breadcrumb"},"inLanguage":"en-GB","potentialAction":[{"@type":"ReadAction","target":["https:\/\/shop.bjerring-sales.dk\/sv\/produkt\/vagn-ark\/"]}]},{"@type":"ImageObject","inLanguage":"en-GB","@id":"https:\/\/shop.bjerring-sales.dk\/sv\/produkt\/vagn-ark\/#primaryimage","url":"https:\/\/shop.bjerring-sales.dk\/wp-content\/uploads\/2024\/03\/webbeljvagnark.jpg","contentUrl":"https:\/\/shop.bjerring-sales.dk\/wp-content\/uploads\/2024\/03\/webbeljvagnark.jpg","width":800,"height":800},{"@type":"BreadcrumbList","@id":"https:\/\/shop.bjerring-sales.dk\/sv\/produkt\/vagn-ark\/#breadcrumb","itemListElement":[{"@type":"ListItem","position":1,"name":"Hem","item":"https:\/\/shop.bjerring-sales.dk\/"},{"@type":"ListItem","position":2,"name":"Webbutik","item":"https:\/\/shop.bjerring-sales.dk\/butik\/"},{"@type":"ListItem","position":3,"name":"Vagn Ark"}]},{"@type":"WebSite","@id":"https:\/\/shop.bjerring-sales.dk\/#website","url":"https:\/\/shop.bjerring-sales.dk\/","name":"Bjerring Sales","description":"Furniture for theatres, schools, offices and shopping centres","publisher":{"@id":"https:\/\/shop.bjerring-sales.dk\/#organization"},"potentialAction":[{"@type":"SearchAction","target":{"@type":"EntryPoint","urlTemplate":"https:\/\/shop.bjerring-sales.dk\/?s={search_term_string}"},"query-input":{"@type":"PropertyValueSpecification","valueRequired":true,"valueName":"search_term_string"}}],"inLanguage":"en-GB"},{"@type":"Organization","@id":"https:\/\/shop.bjerring-sales.dk\/#organization","name":"Bjerring Sales","url":"https:\/\/shop.bjerring-sales.dk\/","logo":{"@type":"ImageObject","inLanguage":"en-GB","@id":"https:\/\/shop.bjerring-sales.dk\/#\/schema\/logo\/image\/","url":"https:\/\/shop.bjerring-sales.dk\/wp-content\/uploads\/2023\/01\/logo_sv.png","contentUrl":"https:\/\/shop.bjerring-sales.dk\/wp-content\/uploads\/2023\/01\/logo_sv.png","width":195,"height":68,"caption":"Bjerring-Sales"},"image":{"@id":"https:\/\/shop.bjerring-sales.dk\/#\/schema\/logo\/image\/"}}]}},"_links":{"self":[{"href":"https:\/\/shop.bjerring-sales.dk\/en\/wp-json\/wp\/v2\/product\/62879","targetHints":{"allow":["GET"]}}],"collection":[{"href":"https:\/\/shop.bjerring-sales.dk\/en\/wp-json\/wp\/v2\/product"}],"about":[{"href":"https:\/\/shop.bjerring-sales.dk\/en\/wp-json\/wp\/v2\/types\/product"}],"wp:featuredmedia":[{"embeddable":true,"href":"https:\/\/shop.bjerring-sales.dk\/en\/wp-json\/wp\/v2\/media\/97186"}],"wp:attachment":[{"href":"https:\/\/shop.bjerring-sales.dk\/en\/wp-json\/wp\/v2\/media?parent=62879"}],"wp:term":[{"taxonomy":"product_brand","embeddable":true,"href":"https:\/\/shop.bjerring-sales.dk\/en\/wp-json\/wp\/v2\/product_brand?post=62879"},{"taxonomy":"product_cat","embeddable":true,"href":"https:\/\/shop.bjerring-sales.dk\/en\/wp-json\/wp\/v2\/product_cat?post=62879"},{"taxonomy":"product_tag","embeddable":true,"href":"https:\/\/shop.bjerring-sales.dk\/en\/wp-json\/wp\/v2\/product_tag?post=62879"}],"curies":[{"name":"wp","href":"https:\/\/api.w.org\/{rel}","templated":true}]}}