{"id":62780,"date":"2023-04-18T15:45:06","date_gmt":"2023-04-18T13:45:06","guid":{"rendered":"https:\/\/pule.se\/produkt\/stabordsoverdrag\/"},"modified":"2026-04-16T16:24:00","modified_gmt":"2026-04-16T14:24:00","slug":"stabordsoverdrag","status":"publish","type":"product","link":"https:\/\/shop.bjerring-sales.dk\/en\/product\/stabordsoverdrag\/","title":{"rendered":"Standing table cover"},"content":{"rendered":"<div class=\"wpb-content-wrapper\"><div class=\"vc_row wpb_row vc_row-fluid\"><div class=\"wpb_column vc_column_container vc_col-sm-12\"><div class=\"vc_column-inner\"><div class=\"wpb_wrapper\">\n\t<div class=\"wpb_text_column wpb_content_element\" >\n\t\t<div class=\"wpb_wrapper\">\n\t\t\t<p><span style=\"font-size: 24pt\">Standing table cover in stretch fabric for round standing tables<br \/>\n<\/span>Standing table covers for round standing tables in various sizes. They are perfect for fairs, conferences, hotels, party rooms and events. The range also includes stretch top covers that can be quickly changed in the event of stains and can also be printed with a logo\/message for marketing purposes (printing is only done on white stretch fabric). With standing table covers and stretch tops in different colours, you can experiment with different themes and create a more stylish overall look.<\/p>\n\n\t\t<\/div>\n\t<\/div>\n<\/div><\/div><\/div><\/div><div class=\"vc_row wpb_row vc_row-fluid\"><div class=\"wpb_column vc_column_container vc_col-sm-4\"><div class=\"vc_column-inner\"><div class=\"wpb_wrapper\">\n\t<div  class=\"wpb_single_image wpb_content_element vc_align_center\">\n\t\t\n\t\t<figure class=\"wpb_wrapper vc_figure\">\n\t\t\t<div class=\"vc_single_image-wrapper vc_box_shadow_border  vc_box_border_grey\"><img loading=\"lazy\" decoding=\"async\" width=\"800\" height=\"800\" src=\"https:\/\/shop.bjerring-sales.dk\/wp-content\/uploads\/2018\/04\/cocktail-table-red-black.jpg\" class=\"vc_single_image-img attachment-full\" alt=\"\" title=\"cocktail-table-red-black\" srcset=\"https:\/\/shop.bjerring-sales.dk\/wp-content\/uploads\/2018\/04\/cocktail-table-red-black.jpg 800w, https:\/\/shop.bjerring-sales.dk\/wp-content\/uploads\/2018\/04\/cocktail-table-red-black-300x300.jpg 300w, https:\/\/shop.bjerring-sales.dk\/wp-content\/uploads\/2018\/04\/cocktail-table-red-black-150x150.jpg 150w, https:\/\/shop.bjerring-sales.dk\/wp-content\/uploads\/2018\/04\/cocktail-table-red-black-600x600.jpg 600w, https:\/\/shop.bjerring-sales.dk\/wp-content\/uploads\/2018\/04\/cocktail-table-red-black-768x768.jpg 768w\" sizes=\"auto, (max-width: 800px) 100vw, 800px\" \/><\/div>\n\t\t<\/figure>\n\t<\/div>\n<\/div><\/div><\/div><div class=\"wpb_column vc_column_container vc_col-sm-4\"><div class=\"vc_column-inner\"><div class=\"wpb_wrapper\">\n\t<div  class=\"wpb_single_image wpb_content_element vc_align_center\">\n\t\t\n\t\t<figure class=\"wpb_wrapper vc_figure\">\n\t\t\t<div class=\"vc_single_image-wrapper vc_box_shadow_border  vc_box_border_grey\"><img loading=\"lazy\" decoding=\"async\" width=\"800\" height=\"800\" src=\"https:\/\/shop.bjerring-sales.dk\/wp-content\/uploads\/2018\/04\/cocktail-table-7.jpg\" class=\"vc_single_image-img attachment-full\" alt=\"\" title=\"cocktail-table-7\" srcset=\"https:\/\/shop.bjerring-sales.dk\/wp-content\/uploads\/2018\/04\/cocktail-table-7.jpg 800w, https:\/\/shop.bjerring-sales.dk\/wp-content\/uploads\/2018\/04\/cocktail-table-7-300x300.jpg 300w, https:\/\/shop.bjerring-sales.dk\/wp-content\/uploads\/2018\/04\/cocktail-table-7-150x150.jpg 150w, https:\/\/shop.bjerring-sales.dk\/wp-content\/uploads\/2018\/04\/cocktail-table-7-600x600.jpg 600w, https:\/\/shop.bjerring-sales.dk\/wp-content\/uploads\/2018\/04\/cocktail-table-7-768x768.jpg 768w\" sizes=\"auto, (max-width: 800px) 100vw, 800px\" \/><\/div>\n\t\t<\/figure>\n\t<\/div>\n<\/div><\/div><\/div><div class=\"wpb_column vc_column_container vc_col-sm-4\"><div class=\"vc_column-inner\"><div class=\"wpb_wrapper\">\n\t<div  class=\"wpb_single_image wpb_content_element vc_align_center\">\n\t\t\n\t\t<figure class=\"wpb_wrapper vc_figure\">\n\t\t\t<div class=\"vc_single_image-wrapper vc_box_shadow_border  vc_box_border_grey\"><img loading=\"lazy\" decoding=\"async\" width=\"800\" height=\"800\" src=\"https:\/\/shop.bjerring-sales.dk\/wp-content\/uploads\/2018\/04\/cocktail-table-blackwhite.jpg\" class=\"vc_single_image-img attachment-full\" alt=\"\" title=\"cocktail-table-blackwhite\" srcset=\"https:\/\/shop.bjerring-sales.dk\/wp-content\/uploads\/2018\/04\/cocktail-table-blackwhite.jpg 800w, https:\/\/shop.bjerring-sales.dk\/wp-content\/uploads\/2018\/04\/cocktail-table-blackwhite-300x300.jpg 300w, https:\/\/shop.bjerring-sales.dk\/wp-content\/uploads\/2018\/04\/cocktail-table-blackwhite-150x150.jpg 150w, https:\/\/shop.bjerring-sales.dk\/wp-content\/uploads\/2018\/04\/cocktail-table-blackwhite-600x600.jpg 600w, https:\/\/shop.bjerring-sales.dk\/wp-content\/uploads\/2018\/04\/cocktail-table-blackwhite-768x768.jpg 768w\" sizes=\"auto, (max-width: 800px) 100vw, 800px\" \/><\/div>\n\t\t<\/figure>\n\t<\/div>\n<\/div><\/div><\/div><\/div><div class=\"vc_row wpb_row vc_row-fluid\"><div class=\"wpb_column vc_column_container vc_col-sm-12\"><div class=\"vc_column-inner\"><div class=\"wpb_wrapper\">\n\t<div class=\"wpb_text_column wpb_content_element vc_custom_1631915476479\" >\n\t\t<div class=\"wpb_wrapper\">\n\t\t\t<p><span style=\"font-size: 18pt\">Specifications<\/span><\/p>\n\n\t\t<\/div>\n\t<\/div>\n<\/div><\/div><\/div><\/div><div class=\"vc_row wpb_row vc_row-fluid\"><div class=\"wpb_column vc_column_container vc_col-sm-12\"><div class=\"vc_column-inner\"><div class=\"wpb_wrapper\"><div class=\"vc_separator wpb_content_element vc_separator_align_center vc_sep_width_100 vc_sep_pos_align_center vc_separator_no_text vc_sep_color_grey vc_custom_1631915481085\" ><span class=\"vc_sep_holder vc_sep_holder_l\"><span class=\"vc_sep_line\"><\/span><\/span><span class=\"vc_sep_holder vc_sep_holder_r\"><span class=\"vc_sep_line\"><\/span><\/span>\n<\/div><\/div><\/div><\/div><\/div><div class=\"vc_row wpb_row vc_row-fluid\"><div class=\"wpb_column vc_column_container vc_col-sm-6\"><div class=\"vc_column-inner\"><div class=\"wpb_wrapper\">\n\t<div class=\"wpb_text_column wpb_content_element\" >\n\t\t<div class=\"wpb_wrapper\">\n\t\t\t<ul>\n<li>Available in several colors<\/li>\n<li>Tailored covers<\/li>\n<li>Made with 90% polyester and 10% lycra<\/li>\n<\/ul>\n\n\t\t<\/div>\n\t<\/div>\n<\/div><\/div><\/div><div class=\"wpb_column vc_column_container vc_col-sm-6\"><div class=\"vc_column-inner\"><div class=\"wpb_wrapper\">\n\t<div class=\"wpb_text_column wpb_content_element\" >\n\t\t<div class=\"wpb_wrapper\">\n\t\t\t<ul>\n<li>The covers are machine washable<\/li>\n<li>Additional colors and variations are available with three week delivery<\/li>\n<\/ul>\n\n\t\t<\/div>\n\t<\/div>\n<\/div><\/div><\/div><\/div>\n<\/div>","protected":false},"excerpt":{"rendered":"<p>Standing table cover for round folding tables. They are perfect for trade fairs, conferences, hotels, party rooms and events. Stretch top covers can be printed with a logo for advertising (printing is only done on white stretch fabric).<\/p>","protected":false},"featured_media":100385,"template":"","meta":{"iawp_total_views":16},"product_brand":[],"product_cat":[5803,5804],"product_tag":[6137,6138],"class_list":{"0":"post-62780","1":"product","2":"type-product","3":"status-publish","4":"has-post-thumbnail","6":"product_cat-dukar-textilier","7":"product_cat-tillbehor-bord","8":"product_tag-stabordsoverdrag","9":"product_tag-stretchoverdrag","11":"first","12":"instock","13":"taxable","14":"shipping-taxable","15":"purchasable","16":"product-type-variable"},"yoast_head":"<!-- This site is optimized with the Yoast SEO plugin v27.0 - https:\/\/yoast.com\/product\/yoast-seo-wordpress\/ -->\n<title>St\u00e5bords\u00f6verdrag - Bjerring-Sales<\/title>\n<meta name=\"description\" content=\"St\u00e5bords\u00f6verdrag till runda f\u00e4llbara bord. De passar perfekt till m\u00e4ssor, konferenser, hotell, festlokaler och event. Stretchtop\u00f6verdrag kan printas med logga f\u00f6r reklam (tryck g\u00f6rs enbart p\u00e5 vitt stretch-tyg).\" \/>\n<meta name=\"robots\" content=\"index, follow, max-snippet:-1, max-image-preview:large, max-video-preview:-1\" \/>\n<link rel=\"canonical\" href=\"https:\/\/shop.bjerring-sales.dk\/en\/product\/stabordsoverdrag\/\" \/>\n<meta property=\"og:locale\" content=\"en_GB\" \/>\n<meta property=\"og:type\" content=\"article\" \/>\n<meta property=\"og:title\" content=\"St\u00e5bords\u00f6verdrag i stretchtyg till runda st\u00e5bord\" \/>\n<meta property=\"og:description\" content=\"St\u00e5bords\u00f6verdrag till runda f\u00e4llbara bord. De passar perfekt till m\u00e4ssor, konferenser, hotell, festlokaler och event. Stretchtop\u00f6verdrag kan printas med logga f\u00f6r reklam (tryck g\u00f6rs enbart p\u00e5 vitt stretch-tyg).\" \/>\n<meta property=\"og:url\" content=\"https:\/\/shop.bjerring-sales.dk\/en\/product\/stabordsoverdrag\/\" \/>\n<meta property=\"og:site_name\" content=\"Bjerring-Sales\" \/>\n<meta property=\"article:modified_time\" content=\"2026-04-16T14:24:00+00:00\" \/>\n<meta property=\"og:image\" content=\"https:\/\/shop.bjerring-sales.dk\/wp-content\/uploads\/2018\/04\/cocktail-table-red-black.jpg\" \/>\n\t<meta property=\"og:image:width\" content=\"800\" \/>\n\t<meta property=\"og:image:height\" content=\"800\" \/>\n\t<meta property=\"og:image:type\" content=\"image\/jpeg\" \/>\n<meta name=\"twitter:card\" content=\"summary_large_image\" \/>\n<meta name=\"twitter:title\" content=\"St\u00e5bords\u00f6verdrag i stretchtyg till runda st\u00e5bord\" \/>\n<meta name=\"twitter:description\" content=\"St\u00e5bords\u00f6verdrag till runda f\u00e4llbara bord. De passar perfekt till m\u00e4ssor, konferenser, hotell, festlokaler och event. Stretchtop\u00f6verdrag kan printas med logga f\u00f6r reklam (tryck g\u00f6rs enbart p\u00e5 vitt stretch-tyg).\" \/>\n<meta name=\"twitter:image\" content=\"https:\/\/shop.bjerring-sales.dk\/wp-content\/uploads\/2018\/04\/cocktail-table-red-black.jpg\" \/>\n<meta name=\"twitter:label1\" content=\"Estimated reading time\" \/>\n\t<meta name=\"twitter:data1\" content=\"1 minute\" \/>\n<script type=\"application\/ld+json\" class=\"yoast-schema-graph\">{\"@context\":\"https:\/\/schema.org\",\"@graph\":[{\"@type\":\"WebPage\",\"@id\":\"https:\/\/shop.bjerring-sales.dk\/sv\/produkt\/stabordsoverdrag\/\",\"url\":\"https:\/\/shop.bjerring-sales.dk\/sv\/produkt\/stabordsoverdrag\/\",\"name\":\"St\u00e5bords\u00f6verdrag - Bjerring-Sales\",\"isPartOf\":{\"@id\":\"https:\/\/shop.bjerring-sales.dk\/#website\"},\"primaryImageOfPage\":{\"@id\":\"https:\/\/shop.bjerring-sales.dk\/sv\/produkt\/stabordsoverdrag\/#primaryimage\"},\"image\":{\"@id\":\"https:\/\/shop.bjerring-sales.dk\/sv\/produkt\/stabordsoverdrag\/#primaryimage\"},\"thumbnailUrl\":\"https:\/\/shop.bjerring-sales.dk\/wp-content\/uploads\/2025\/02\/TCS-C08047-stabordsoverdrag-morkgron-PSD.jpg\",\"datePublished\":\"2023-04-18T13:45:06+00:00\",\"dateModified\":\"2026-04-16T14:24:00+00:00\",\"description\":\"St\u00e5bords\u00f6verdrag till runda f\u00e4llbara bord. De passar perfekt till m\u00e4ssor, konferenser, hotell, festlokaler och event. Stretchtop\u00f6verdrag kan printas med logga f\u00f6r reklam (tryck g\u00f6rs enbart p\u00e5 vitt stretch-tyg).\",\"breadcrumb\":{\"@id\":\"https:\/\/shop.bjerring-sales.dk\/sv\/produkt\/stabordsoverdrag\/#breadcrumb\"},\"inLanguage\":\"en-GB\",\"potentialAction\":[{\"@type\":\"ReadAction\",\"target\":[\"https:\/\/shop.bjerring-sales.dk\/sv\/produkt\/stabordsoverdrag\/\"]}]},{\"@type\":\"ImageObject\",\"inLanguage\":\"en-GB\",\"@id\":\"https:\/\/shop.bjerring-sales.dk\/sv\/produkt\/stabordsoverdrag\/#primaryimage\",\"url\":\"https:\/\/shop.bjerring-sales.dk\/wp-content\/uploads\/2025\/02\/TCS-C08047-stabordsoverdrag-morkgron-PSD.jpg\",\"contentUrl\":\"https:\/\/shop.bjerring-sales.dk\/wp-content\/uploads\/2025\/02\/TCS-C08047-stabordsoverdrag-morkgron-PSD.jpg\",\"width\":800,\"height\":800},{\"@type\":\"BreadcrumbList\",\"@id\":\"https:\/\/shop.bjerring-sales.dk\/sv\/produkt\/stabordsoverdrag\/#breadcrumb\",\"itemListElement\":[{\"@type\":\"ListItem\",\"position\":1,\"name\":\"Hem\",\"item\":\"https:\/\/shop.bjerring-sales.dk\/\"},{\"@type\":\"ListItem\",\"position\":2,\"name\":\"Webbutik\",\"item\":\"https:\/\/shop.bjerring-sales.dk\/butik\/\"},{\"@type\":\"ListItem\",\"position\":3,\"name\":\"St\u00e5bords\u00f6verdrag\"}]},{\"@type\":\"WebSite\",\"@id\":\"https:\/\/shop.bjerring-sales.dk\/#website\",\"url\":\"https:\/\/shop.bjerring-sales.dk\/\",\"name\":\"Bjerring-Sales\",\"description\":\"M\u00f6bler f\u00f6r teatrar, skolor, kontor och k\u00f6pcentrum\",\"publisher\":{\"@id\":\"https:\/\/shop.bjerring-sales.dk\/#organization\"},\"potentialAction\":[{\"@type\":\"SearchAction\",\"target\":{\"@type\":\"EntryPoint\",\"urlTemplate\":\"https:\/\/shop.bjerring-sales.dk\/?s={search_term_string}\"},\"query-input\":{\"@type\":\"PropertyValueSpecification\",\"valueRequired\":true,\"valueName\":\"search_term_string\"}}],\"inLanguage\":\"en-GB\"},{\"@type\":\"Organization\",\"@id\":\"https:\/\/shop.bjerring-sales.dk\/#organization\",\"name\":\"Bjerring-Sales\",\"url\":\"https:\/\/shop.bjerring-sales.dk\/\",\"logo\":{\"@type\":\"ImageObject\",\"inLanguage\":\"en-GB\",\"@id\":\"https:\/\/shop.bjerring-sales.dk\/#\/schema\/logo\/image\/\",\"url\":\"https:\/\/shop.bjerring-sales.dk\/wp-content\/uploads\/2023\/01\/logo_sv.png\",\"contentUrl\":\"https:\/\/shop.bjerring-sales.dk\/wp-content\/uploads\/2023\/01\/logo_sv.png\",\"width\":195,\"height\":68,\"caption\":\"Bjerring-Sales\"},\"image\":{\"@id\":\"https:\/\/shop.bjerring-sales.dk\/#\/schema\/logo\/image\/\"}}]}<\/script>\n<!-- \/ Yoast SEO plugin. -->","yoast_head_json":{"title":"Standing table cover - Bjerring-Sales","description":"Standing table cover for round folding tables. They are perfect for trade fairs, conferences, hotels, party rooms and events. Stretch top covers can be printed with a logo for advertising (printing is only done on white stretch fabric).","robots":{"index":"index","follow":"follow","max-snippet":"max-snippet:-1","max-image-preview":"max-image-preview:large","max-video-preview":"max-video-preview:-1"},"canonical":"https:\/\/shop.bjerring-sales.dk\/en\/product\/stabordsoverdrag\/","og_locale":"en_GB","og_type":"article","og_title":"St\u00e5bords\u00f6verdrag i stretchtyg till runda st\u00e5bord","og_description":"St\u00e5bords\u00f6verdrag till runda f\u00e4llbara bord. De passar perfekt till m\u00e4ssor, konferenser, hotell, festlokaler och event. Stretchtop\u00f6verdrag kan printas med logga f\u00f6r reklam (tryck g\u00f6rs enbart p\u00e5 vitt stretch-tyg).","og_url":"https:\/\/shop.bjerring-sales.dk\/en\/product\/stabordsoverdrag\/","og_site_name":"Bjerring-Sales","article_modified_time":"2026-04-16T14:24:00+00:00","og_image":[{"width":800,"height":800,"url":"https:\/\/shop.bjerring-sales.dk\/wp-content\/uploads\/2018\/04\/cocktail-table-red-black.jpg","type":"image\/jpeg"}],"twitter_card":"summary_large_image","twitter_title":"St\u00e5bords\u00f6verdrag i stretchtyg till runda st\u00e5bord","twitter_description":"St\u00e5bords\u00f6verdrag till runda f\u00e4llbara bord. De passar perfekt till m\u00e4ssor, konferenser, hotell, festlokaler och event. Stretchtop\u00f6verdrag kan printas med logga f\u00f6r reklam (tryck g\u00f6rs enbart p\u00e5 vitt stretch-tyg).","twitter_image":"https:\/\/shop.bjerring-sales.dk\/wp-content\/uploads\/2018\/04\/cocktail-table-red-black.jpg","twitter_misc":{"Estimated reading time":"1 minute"},"schema":{"@context":"https:\/\/schema.org","@graph":[{"@type":"WebPage","@id":"https:\/\/shop.bjerring-sales.dk\/sv\/produkt\/stabordsoverdrag\/","url":"https:\/\/shop.bjerring-sales.dk\/sv\/produkt\/stabordsoverdrag\/","name":"Standing table cover - Bjerring-Sales","isPartOf":{"@id":"https:\/\/shop.bjerring-sales.dk\/#website"},"primaryImageOfPage":{"@id":"https:\/\/shop.bjerring-sales.dk\/sv\/produkt\/stabordsoverdrag\/#primaryimage"},"image":{"@id":"https:\/\/shop.bjerring-sales.dk\/sv\/produkt\/stabordsoverdrag\/#primaryimage"},"thumbnailUrl":"https:\/\/shop.bjerring-sales.dk\/wp-content\/uploads\/2025\/02\/TCS-C08047-stabordsoverdrag-morkgron-PSD.jpg","datePublished":"2023-04-18T13:45:06+00:00","dateModified":"2026-04-16T14:24:00+00:00","description":"Standing table cover for round folding tables. They are perfect for trade fairs, conferences, hotels, party rooms and events. Stretch top covers can be printed with a logo for advertising (printing is only done on white stretch fabric).","breadcrumb":{"@id":"https:\/\/shop.bjerring-sales.dk\/sv\/produkt\/stabordsoverdrag\/#breadcrumb"},"inLanguage":"en-GB","potentialAction":[{"@type":"ReadAction","target":["https:\/\/shop.bjerring-sales.dk\/sv\/produkt\/stabordsoverdrag\/"]}]},{"@type":"ImageObject","inLanguage":"en-GB","@id":"https:\/\/shop.bjerring-sales.dk\/sv\/produkt\/stabordsoverdrag\/#primaryimage","url":"https:\/\/shop.bjerring-sales.dk\/wp-content\/uploads\/2025\/02\/TCS-C08047-stabordsoverdrag-morkgron-PSD.jpg","contentUrl":"https:\/\/shop.bjerring-sales.dk\/wp-content\/uploads\/2025\/02\/TCS-C08047-stabordsoverdrag-morkgron-PSD.jpg","width":800,"height":800},{"@type":"BreadcrumbList","@id":"https:\/\/shop.bjerring-sales.dk\/sv\/produkt\/stabordsoverdrag\/#breadcrumb","itemListElement":[{"@type":"ListItem","position":1,"name":"Hem","item":"https:\/\/shop.bjerring-sales.dk\/"},{"@type":"ListItem","position":2,"name":"Webbutik","item":"https:\/\/shop.bjerring-sales.dk\/butik\/"},{"@type":"ListItem","position":3,"name":"St\u00e5bords\u00f6verdrag"}]},{"@type":"WebSite","@id":"https:\/\/shop.bjerring-sales.dk\/#website","url":"https:\/\/shop.bjerring-sales.dk\/","name":"Bjerring Sales","description":"Furniture for theatres, schools, offices and shopping centres","publisher":{"@id":"https:\/\/shop.bjerring-sales.dk\/#organization"},"potentialAction":[{"@type":"SearchAction","target":{"@type":"EntryPoint","urlTemplate":"https:\/\/shop.bjerring-sales.dk\/?s={search_term_string}"},"query-input":{"@type":"PropertyValueSpecification","valueRequired":true,"valueName":"search_term_string"}}],"inLanguage":"en-GB"},{"@type":"Organization","@id":"https:\/\/shop.bjerring-sales.dk\/#organization","name":"Bjerring Sales","url":"https:\/\/shop.bjerring-sales.dk\/","logo":{"@type":"ImageObject","inLanguage":"en-GB","@id":"https:\/\/shop.bjerring-sales.dk\/#\/schema\/logo\/image\/","url":"https:\/\/shop.bjerring-sales.dk\/wp-content\/uploads\/2023\/01\/logo_sv.png","contentUrl":"https:\/\/shop.bjerring-sales.dk\/wp-content\/uploads\/2023\/01\/logo_sv.png","width":195,"height":68,"caption":"Bjerring-Sales"},"image":{"@id":"https:\/\/shop.bjerring-sales.dk\/#\/schema\/logo\/image\/"}}]}},"_links":{"self":[{"href":"https:\/\/shop.bjerring-sales.dk\/en\/wp-json\/wp\/v2\/product\/62780","targetHints":{"allow":["GET"]}}],"collection":[{"href":"https:\/\/shop.bjerring-sales.dk\/en\/wp-json\/wp\/v2\/product"}],"about":[{"href":"https:\/\/shop.bjerring-sales.dk\/en\/wp-json\/wp\/v2\/types\/product"}],"wp:featuredmedia":[{"embeddable":true,"href":"https:\/\/shop.bjerring-sales.dk\/en\/wp-json\/wp\/v2\/media\/100385"}],"wp:attachment":[{"href":"https:\/\/shop.bjerring-sales.dk\/en\/wp-json\/wp\/v2\/media?parent=62780"}],"wp:term":[{"taxonomy":"product_brand","embeddable":true,"href":"https:\/\/shop.bjerring-sales.dk\/en\/wp-json\/wp\/v2\/product_brand?post=62780"},{"taxonomy":"product_cat","embeddable":true,"href":"https:\/\/shop.bjerring-sales.dk\/en\/wp-json\/wp\/v2\/product_cat?post=62780"},{"taxonomy":"product_tag","embeddable":true,"href":"https:\/\/shop.bjerring-sales.dk\/en\/wp-json\/wp\/v2\/product_tag?post=62780"}],"curies":[{"name":"wp","href":"https:\/\/api.w.org\/{rel}","templated":true}]}}