{"id":62743,"date":"2018-04-17T11:57:21","date_gmt":"2018-04-17T09:57:21","guid":{"rendered":"https:\/\/pule.se\/produkt\/upis1\/"},"modified":"2026-04-06T12:35:30","modified_gmt":"2026-04-06T10:35:30","slug":"upis1","status":"publish","type":"product","link":"https:\/\/shop.bjerring-sales.dk\/en\/product\/upis1\/","title":{"rendered":"Upis1"},"content":{"rendered":"<div class=\"wpb-content-wrapper\"><div class=\"vc_row wpb_row vc_row-fluid\"><div class=\"wpb_column vc_column_container vc_col-sm-12\"><div class=\"vc_column-inner\"><div class=\"wpb_wrapper\">\n\t<div class=\"wpb_text_column wpb_content_element\" >\n\t\t<div class=\"wpb_wrapper\">\n\t\t\t<p><span style=\"font-size: 24pt\">UPis1 - The smart alternative to the classic work chair!<br \/>\n<\/span>With six color variations, UPis1 is a tastefully designed seating unit that fits into all rooms and offices. In addition, thanks to the infinitely variable height adjustment and balance control, it creates a hassle-free seating comfort that gives you a better posture and more energy on the purchase.<\/p>\n\n\t\t<\/div>\n\t<\/div>\n<\/div><\/div><\/div><\/div><div class=\"vc_row wpb_row vc_row-fluid\"><div class=\"wpb_column vc_column_container vc_col-sm-12\"><div class=\"vc_column-inner\"><div class=\"wpb_wrapper\"><div class=\"vc_separator wpb_content_element vc_separator_align_center vc_sep_width_100 vc_sep_pos_align_center vc_separator_no_text vc_sep_color_grey\" ><span class=\"vc_sep_holder vc_sep_holder_l\"><span class=\"vc_sep_line\"><\/span><\/span><span class=\"vc_sep_holder vc_sep_holder_r\"><span class=\"vc_sep_line\"><\/span><\/span>\n<\/div><\/div><\/div><\/div><\/div><div class=\"vc_row wpb_row vc_row-fluid\"><div class=\"wpb_column vc_column_container vc_col-sm-7\"><div class=\"vc_column-inner\"><div class=\"wpb_wrapper\">\n\t<div class=\"wpb_text_column wpb_content_element\" >\n\t\t<div class=\"wpb_wrapper\">\n\t\t\t<p><span style=\"font-size: 18pt\">Colors<\/span><br \/>\nThe chair is stocked in white, red, black, salmon pink, yellow and turquoise.<\/p>\n<h3><img loading=\"lazy\" decoding=\"async\" class=\"alignnone wp-image-5185 size-full\" src=\"https:\/\/elj.se\/wp-content\/uploads\/2018\/04\/upis1testbild.jpg\" alt=\"\" width=\"1110\" height=\"338\" \/><\/h3>\n<p><span style=\"font-size: 18pt\">Areas of use<\/span><br \/>\nThe chair fits perfectly in hotels and restaurant environments, caf\u00e9s, public environments but also for your home kitchen.<\/p>\n<p><span style=\"font-size: 18pt\">Ergonomics<\/span><br \/>\nThe properties are many where ergonomics is the main argument, therefore it is also an alternative to the classic balance chair, Pilates stool, saddle chair and more. With the red handle, you can easily adjust the height of your UPis1, at the same time as it also works as a handle when you want to move the chair quickly.<\/p>\n<p><span style=\"font-size: 18pt\">Measure<\/span><br \/>\nThe chair has a stepless height adjustment from 450-630 mm.<br \/>\nSeat width: 330 mm.<\/p>\n<p><span style=\"font-size: 18pt\">Dimensions of packaging<\/span><br \/>\n360x350x490 mm<\/p>\n<p><span style=\"font-size: 18pt\">Material<\/span><br \/>\nMade of 50% recycled Polypropylene plastic.<\/p>\n<p><span style=\"font-size: 18pt\">Guarantee<\/span><br \/>\n10 years<\/p>\n\n\t\t<\/div>\n\t<\/div>\n<\/div><\/div><\/div><div class=\"wpb_column vc_column_container vc_col-sm-5\"><div class=\"vc_column-inner vc_custom_1524613512965\"><div class=\"wpb_wrapper\">\n\t<div  class=\"wpb_single_image wpb_content_element vc_align_center vc_custom_1631915009563\">\n\t\t\n\t\t<figure class=\"wpb_wrapper vc_figure\">\n\t\t\t<div class=\"vc_single_image-wrapper   vc_box_border_grey\"><img loading=\"lazy\" decoding=\"async\" width=\"864\" height=\"1340\" src=\"https:\/\/shop.bjerring-sales.dk\/wp-content\/uploads\/2018\/04\/upisteststor-1.jpg\" class=\"vc_single_image-img attachment-full\" alt=\"\" title=\"upteststor\" srcset=\"https:\/\/shop.bjerring-sales.dk\/wp-content\/uploads\/2018\/04\/upisteststor-1.jpg 864w, https:\/\/shop.bjerring-sales.dk\/wp-content\/uploads\/2018\/04\/upisteststor-1-150x233.jpg 150w, https:\/\/shop.bjerring-sales.dk\/wp-content\/uploads\/2018\/04\/upisteststor-1-600x931.jpg 600w, https:\/\/shop.bjerring-sales.dk\/wp-content\/uploads\/2018\/04\/upisteststor-1-193x300.jpg 193w, https:\/\/shop.bjerring-sales.dk\/wp-content\/uploads\/2018\/04\/upisteststor-1-660x1024.jpg 660w, https:\/\/shop.bjerring-sales.dk\/wp-content\/uploads\/2018\/04\/upisteststor-1-768x1191.jpg 768w\" sizes=\"auto, (max-width: 864px) 100vw, 864px\" \/><\/div>\n\t\t<\/figure>\n\t<\/div>\n\n\t<div  class=\"wpb_single_image wpb_content_element vc_align_center\">\n\t\t\n\t\t<figure class=\"wpb_wrapper vc_figure\">\n\t\t\t<div class=\"vc_single_image-wrapper   vc_box_border_grey\"><img loading=\"lazy\" decoding=\"async\" width=\"280\" height=\"214\" src=\"https:\/\/shop.bjerring-sales.dk\/wp-content\/uploads\/2020\/10\/prem-280x214-1.jpg\" class=\"vc_single_image-img attachment-full\" alt=\"\" title=\"prem-280x214\" srcset=\"https:\/\/shop.bjerring-sales.dk\/wp-content\/uploads\/2020\/10\/prem-280x214-1.jpg 280w, https:\/\/shop.bjerring-sales.dk\/wp-content\/uploads\/2020\/10\/prem-280x214-1-150x115.jpg 150w\" sizes=\"auto, (max-width: 280px) 100vw, 280px\" \/><\/div>\n\t\t<\/figure>\n\t<\/div>\n<\/div><\/div><\/div><\/div>\n<\/div>","protected":false},"excerpt":{"rendered":"<p>UPis1 is the smart alternative to the classic work chair! With six color variations, UPis1 is a tastefully designed seating unit that fits into all rooms and offices. In addition, thanks to the infinitely variable height adjustment and balance control, it creates a hassle-free seating comfort that gives you a better posture and more energy on the purchase. Try, have fun and enjoy your UPis1 at work or at home.<\/p>","protected":false},"featured_media":98657,"template":"","meta":{"iawp_total_views":5},"product_brand":[],"product_cat":[5785,5791,5629,5826,5827,6025,5896,6349],"product_tag":[5793,5874,5949,5950,6024,6134],"class_list":{"0":"post-62743","1":"product","2":"type-product","3":"status-publish","4":"has-post-thumbnail","6":"product_cat-hemmakontor","7":"product_cat-stolar","8":"product_cat-kontorsmobler","9":"product_cat-skrivbordsstolar","10":"product_cat-kontorsstolar","11":"product_cat-ergonomiskt-sittande","12":"product_cat-barstolar","13":"product_cat-interstuhl","14":"product_tag-ergonomi","15":"product_tag-arbetsstol","16":"product_tag-barstol","17":"product_tag-balanspall","18":"product_tag-aktivt-sittande","19":"product_tag-upis1","21":"first","22":"instock","23":"taxable","24":"shipping-taxable","25":"purchasable","26":"product-type-variable"},"yoast_head":"<!-- This site is optimized with the Yoast SEO plugin v27.0 - https:\/\/yoast.com\/product\/yoast-seo-wordpress\/ -->\n<title>Upis1 - Bjerring-Sales<\/title>\n<meta name=\"description\" content=\"UPis1 \u00e4r det smarta alternativet till den klassiska arbetsstolen! Med sex f\u00e4rgvariationer \u00e4r UPis1 en smakfullt designad sittm\u00f6bel som passar in i alla rum och kontor.\" \/>\n<meta name=\"robots\" content=\"index, follow, max-snippet:-1, max-image-preview:large, max-video-preview:-1\" \/>\n<link rel=\"canonical\" href=\"https:\/\/shop.bjerring-sales.dk\/en\/product\/upis1\/\" \/>\n<meta property=\"og:locale\" content=\"en_GB\" \/>\n<meta property=\"og:type\" content=\"article\" \/>\n<meta property=\"og:title\" content=\"Upis1 - Bjerring-Sales\" \/>\n<meta property=\"og:description\" content=\"UPis1 \u00e4r det smarta alternativet till den klassiska arbetsstolen! Med sex f\u00e4rgvariationer \u00e4r UPis1 en smakfullt designad sittm\u00f6bel som passar in i alla rum och kontor.\" \/>\n<meta property=\"og:url\" content=\"https:\/\/shop.bjerring-sales.dk\/en\/product\/upis1\/\" \/>\n<meta property=\"og:site_name\" content=\"Bjerring-Sales\" \/>\n<meta property=\"article:modified_time\" content=\"2026-04-06T10:35:30+00:00\" \/>\n<meta property=\"og:image\" content=\"https:\/\/shop.bjerring-sales.dk\/wp-content\/uploads\/2024\/09\/webb-upis1vit.jpg\" \/>\n\t<meta property=\"og:image:width\" content=\"800\" \/>\n\t<meta property=\"og:image:height\" content=\"800\" \/>\n\t<meta property=\"og:image:type\" content=\"image\/jpeg\" \/>\n<meta name=\"twitter:card\" content=\"summary_large_image\" \/>\n<meta name=\"twitter:label1\" content=\"Estimated reading time\" \/>\n\t<meta name=\"twitter:data1\" content=\"2 minutes\" \/>\n<script type=\"application\/ld+json\" class=\"yoast-schema-graph\">{\"@context\":\"https:\/\/schema.org\",\"@graph\":[{\"@type\":\"WebPage\",\"@id\":\"https:\/\/shop.bjerring-sales.dk\/sv\/produkt\/upis1\/\",\"url\":\"https:\/\/shop.bjerring-sales.dk\/sv\/produkt\/upis1\/\",\"name\":\"Upis1 - Bjerring-Sales\",\"isPartOf\":{\"@id\":\"https:\/\/shop.bjerring-sales.dk\/#website\"},\"primaryImageOfPage\":{\"@id\":\"https:\/\/shop.bjerring-sales.dk\/sv\/produkt\/upis1\/#primaryimage\"},\"image\":{\"@id\":\"https:\/\/shop.bjerring-sales.dk\/sv\/produkt\/upis1\/#primaryimage\"},\"thumbnailUrl\":\"https:\/\/shop.bjerring-sales.dk\/wp-content\/uploads\/2024\/09\/webb-upis1vit.jpg\",\"datePublished\":\"2018-04-17T09:57:21+00:00\",\"dateModified\":\"2026-04-06T10:35:30+00:00\",\"description\":\"UPis1 \u00e4r det smarta alternativet till den klassiska arbetsstolen! Med sex f\u00e4rgvariationer \u00e4r UPis1 en smakfullt designad sittm\u00f6bel som passar in i alla rum och kontor.\",\"breadcrumb\":{\"@id\":\"https:\/\/shop.bjerring-sales.dk\/sv\/produkt\/upis1\/#breadcrumb\"},\"inLanguage\":\"en-GB\",\"potentialAction\":[{\"@type\":\"ReadAction\",\"target\":[\"https:\/\/shop.bjerring-sales.dk\/sv\/produkt\/upis1\/\"]}]},{\"@type\":\"ImageObject\",\"inLanguage\":\"en-GB\",\"@id\":\"https:\/\/shop.bjerring-sales.dk\/sv\/produkt\/upis1\/#primaryimage\",\"url\":\"https:\/\/shop.bjerring-sales.dk\/wp-content\/uploads\/2024\/09\/webb-upis1vit.jpg\",\"contentUrl\":\"https:\/\/shop.bjerring-sales.dk\/wp-content\/uploads\/2024\/09\/webb-upis1vit.jpg\",\"width\":800,\"height\":800},{\"@type\":\"BreadcrumbList\",\"@id\":\"https:\/\/shop.bjerring-sales.dk\/sv\/produkt\/upis1\/#breadcrumb\",\"itemListElement\":[{\"@type\":\"ListItem\",\"position\":1,\"name\":\"Hem\",\"item\":\"https:\/\/shop.bjerring-sales.dk\/\"},{\"@type\":\"ListItem\",\"position\":2,\"name\":\"Webbutik\",\"item\":\"https:\/\/shop.bjerring-sales.dk\/butik\/\"},{\"@type\":\"ListItem\",\"position\":3,\"name\":\"Upis1\"}]},{\"@type\":\"WebSite\",\"@id\":\"https:\/\/shop.bjerring-sales.dk\/#website\",\"url\":\"https:\/\/shop.bjerring-sales.dk\/\",\"name\":\"Bjerring-Sales\",\"description\":\"M\u00f6bler f\u00f6r teatrar, skolor, kontor och k\u00f6pcentrum\",\"publisher\":{\"@id\":\"https:\/\/shop.bjerring-sales.dk\/#organization\"},\"potentialAction\":[{\"@type\":\"SearchAction\",\"target\":{\"@type\":\"EntryPoint\",\"urlTemplate\":\"https:\/\/shop.bjerring-sales.dk\/?s={search_term_string}\"},\"query-input\":{\"@type\":\"PropertyValueSpecification\",\"valueRequired\":true,\"valueName\":\"search_term_string\"}}],\"inLanguage\":\"en-GB\"},{\"@type\":\"Organization\",\"@id\":\"https:\/\/shop.bjerring-sales.dk\/#organization\",\"name\":\"Bjerring-Sales\",\"url\":\"https:\/\/shop.bjerring-sales.dk\/\",\"logo\":{\"@type\":\"ImageObject\",\"inLanguage\":\"en-GB\",\"@id\":\"https:\/\/shop.bjerring-sales.dk\/#\/schema\/logo\/image\/\",\"url\":\"https:\/\/shop.bjerring-sales.dk\/wp-content\/uploads\/2023\/01\/logo_sv.png\",\"contentUrl\":\"https:\/\/shop.bjerring-sales.dk\/wp-content\/uploads\/2023\/01\/logo_sv.png\",\"width\":195,\"height\":68,\"caption\":\"Bjerring-Sales\"},\"image\":{\"@id\":\"https:\/\/shop.bjerring-sales.dk\/#\/schema\/logo\/image\/\"}}]}<\/script>\n<!-- \/ Yoast SEO plugin. -->","yoast_head_json":{"title":"Upis1 - Bjerring-Sales","description":"UPis1 \u00e4r det smarta alternativet till den klassiska arbetsstolen! Med sex f\u00e4rgvariationer \u00e4r UPis1 en smakfullt designad sittm\u00f6bel som passar in i alla rum och kontor.","robots":{"index":"index","follow":"follow","max-snippet":"max-snippet:-1","max-image-preview":"max-image-preview:large","max-video-preview":"max-video-preview:-1"},"canonical":"https:\/\/shop.bjerring-sales.dk\/en\/product\/upis1\/","og_locale":"en_GB","og_type":"article","og_title":"Upis1 - Bjerring-Sales","og_description":"UPis1 \u00e4r det smarta alternativet till den klassiska arbetsstolen! Med sex f\u00e4rgvariationer \u00e4r UPis1 en smakfullt designad sittm\u00f6bel som passar in i alla rum och kontor.","og_url":"https:\/\/shop.bjerring-sales.dk\/en\/product\/upis1\/","og_site_name":"Bjerring-Sales","article_modified_time":"2026-04-06T10:35:30+00:00","og_image":[{"width":800,"height":800,"url":"https:\/\/shop.bjerring-sales.dk\/wp-content\/uploads\/2024\/09\/webb-upis1vit.jpg","type":"image\/jpeg"}],"twitter_card":"summary_large_image","twitter_misc":{"Estimated reading time":"2 minutes"},"schema":{"@context":"https:\/\/schema.org","@graph":[{"@type":"WebPage","@id":"https:\/\/shop.bjerring-sales.dk\/sv\/produkt\/upis1\/","url":"https:\/\/shop.bjerring-sales.dk\/sv\/produkt\/upis1\/","name":"Upis1 - Bjerring-Sales","isPartOf":{"@id":"https:\/\/shop.bjerring-sales.dk\/#website"},"primaryImageOfPage":{"@id":"https:\/\/shop.bjerring-sales.dk\/sv\/produkt\/upis1\/#primaryimage"},"image":{"@id":"https:\/\/shop.bjerring-sales.dk\/sv\/produkt\/upis1\/#primaryimage"},"thumbnailUrl":"https:\/\/shop.bjerring-sales.dk\/wp-content\/uploads\/2024\/09\/webb-upis1vit.jpg","datePublished":"2018-04-17T09:57:21+00:00","dateModified":"2026-04-06T10:35:30+00:00","description":"UPis1 \u00e4r det smarta alternativet till den klassiska arbetsstolen! Med sex f\u00e4rgvariationer \u00e4r UPis1 en smakfullt designad sittm\u00f6bel som passar in i alla rum och kontor.","breadcrumb":{"@id":"https:\/\/shop.bjerring-sales.dk\/sv\/produkt\/upis1\/#breadcrumb"},"inLanguage":"en-GB","potentialAction":[{"@type":"ReadAction","target":["https:\/\/shop.bjerring-sales.dk\/sv\/produkt\/upis1\/"]}]},{"@type":"ImageObject","inLanguage":"en-GB","@id":"https:\/\/shop.bjerring-sales.dk\/sv\/produkt\/upis1\/#primaryimage","url":"https:\/\/shop.bjerring-sales.dk\/wp-content\/uploads\/2024\/09\/webb-upis1vit.jpg","contentUrl":"https:\/\/shop.bjerring-sales.dk\/wp-content\/uploads\/2024\/09\/webb-upis1vit.jpg","width":800,"height":800},{"@type":"BreadcrumbList","@id":"https:\/\/shop.bjerring-sales.dk\/sv\/produkt\/upis1\/#breadcrumb","itemListElement":[{"@type":"ListItem","position":1,"name":"Hem","item":"https:\/\/shop.bjerring-sales.dk\/"},{"@type":"ListItem","position":2,"name":"Webbutik","item":"https:\/\/shop.bjerring-sales.dk\/butik\/"},{"@type":"ListItem","position":3,"name":"Upis1"}]},{"@type":"WebSite","@id":"https:\/\/shop.bjerring-sales.dk\/#website","url":"https:\/\/shop.bjerring-sales.dk\/","name":"Bjerring Sales","description":"Furniture for theatres, schools, offices and shopping centres","publisher":{"@id":"https:\/\/shop.bjerring-sales.dk\/#organization"},"potentialAction":[{"@type":"SearchAction","target":{"@type":"EntryPoint","urlTemplate":"https:\/\/shop.bjerring-sales.dk\/?s={search_term_string}"},"query-input":{"@type":"PropertyValueSpecification","valueRequired":true,"valueName":"search_term_string"}}],"inLanguage":"en-GB"},{"@type":"Organization","@id":"https:\/\/shop.bjerring-sales.dk\/#organization","name":"Bjerring Sales","url":"https:\/\/shop.bjerring-sales.dk\/","logo":{"@type":"ImageObject","inLanguage":"en-GB","@id":"https:\/\/shop.bjerring-sales.dk\/#\/schema\/logo\/image\/","url":"https:\/\/shop.bjerring-sales.dk\/wp-content\/uploads\/2023\/01\/logo_sv.png","contentUrl":"https:\/\/shop.bjerring-sales.dk\/wp-content\/uploads\/2023\/01\/logo_sv.png","width":195,"height":68,"caption":"Bjerring-Sales"},"image":{"@id":"https:\/\/shop.bjerring-sales.dk\/#\/schema\/logo\/image\/"}}]}},"_links":{"self":[{"href":"https:\/\/shop.bjerring-sales.dk\/en\/wp-json\/wp\/v2\/product\/62743","targetHints":{"allow":["GET"]}}],"collection":[{"href":"https:\/\/shop.bjerring-sales.dk\/en\/wp-json\/wp\/v2\/product"}],"about":[{"href":"https:\/\/shop.bjerring-sales.dk\/en\/wp-json\/wp\/v2\/types\/product"}],"wp:featuredmedia":[{"embeddable":true,"href":"https:\/\/shop.bjerring-sales.dk\/en\/wp-json\/wp\/v2\/media\/98657"}],"wp:attachment":[{"href":"https:\/\/shop.bjerring-sales.dk\/en\/wp-json\/wp\/v2\/media?parent=62743"}],"wp:term":[{"taxonomy":"product_brand","embeddable":true,"href":"https:\/\/shop.bjerring-sales.dk\/en\/wp-json\/wp\/v2\/product_brand?post=62743"},{"taxonomy":"product_cat","embeddable":true,"href":"https:\/\/shop.bjerring-sales.dk\/en\/wp-json\/wp\/v2\/product_cat?post=62743"},{"taxonomy":"product_tag","embeddable":true,"href":"https:\/\/shop.bjerring-sales.dk\/en\/wp-json\/wp\/v2\/product_tag?post=62743"}],"curies":[{"name":"wp","href":"https:\/\/api.w.org\/{rel}","templated":true}]}}