{"id":62723,"date":"2018-06-04T23:06:57","date_gmt":"2018-06-04T21:06:57","guid":{"rendered":"https:\/\/pule.se\/produkt\/hornskivor\/"},"modified":"2022-12-27T21:30:33","modified_gmt":"2022-12-27T20:30:33","slug":"hornskivor","status":"publish","type":"product","link":"https:\/\/shop.bjerring-sales.dk\/en\/product\/hornskivor\/","title":{"rendered":"Corner boards"},"content":{"rendered":"<p><span style=\"font-size: 24pt\">Create flexible combinations<\/span><br \/>\nCorner panels for Congress Style and Dinner Style to create flexible combinations. Both the Congress and Dinner Style table can be expanded with the possibility of making conference tables, long tables, u-shaped tables and corner tables for the conference and meeting room. This allows you to set up your meeting or conference room in the most appropriate way to meet your needs.<\/p>\n<p>You can also supplement the table with end boards to make it more aesthetically pleasing but above all to create more seating.<\/p>\n<p><strong>NOTE:<\/strong> When ordering end pieces for 120x60cm tables, the tables must be ordered with SISO coupling fittings (Article number KB-SISOP).<\/p>\n<ul>\n<li>Corner boards are available in oak, beech, birch and white<\/li>\n<li>Used for the Congress Style and Dinner Style table<\/li>\n<li>Available in 2 sizes<\/li>\n<\/ul>","protected":false},"excerpt":{"rendered":"<p>Corner tops for Congress Style and Dinner Style tables to create flexible combinations. Provides the opportunity to make long tables, U-shaped tables and angle tables for the conference and meeting room.<\/p>","protected":false},"featured_media":91067,"template":"","meta":{"iawp_total_views":7},"product_brand":[],"product_cat":[5868,5804],"product_tag":[5992,6119,6123,6127,6128],"class_list":{"0":"post-62723","1":"product","2":"type-product","3":"status-publish","4":"has-post-thumbnail","6":"product_cat-bordsskivor","7":"product_cat-tillbehor-bord","8":"product_tag-konferensbord","9":"product_tag-kongress-style","10":"product_tag-dinner-style","11":"product_tag-hornskiva-bord","12":"product_tag-u-bord","14":"first","15":"instock","16":"taxable","17":"shipping-taxable","18":"purchasable","19":"product-type-variable"},"yoast_head":"<!-- This site is optimized with the Yoast SEO plugin v27.0 - https:\/\/yoast.com\/product\/yoast-seo-wordpress\/ -->\n<title>H\u00f6rnskivor - Bjerring-Sales<\/title>\n<meta name=\"description\" content=\"H\u00f6rnskivor till Kongress Style och Dinner Style bord f\u00f6r att skapa flexibla kombinationer. Ger m\u00f6jlighet till att g\u00f6ra l\u00e5ngbord, u-formade bord och vinkelbord f\u00f6r konferens- och m\u00f6tesrummet.\" \/>\n<meta name=\"robots\" content=\"index, follow, max-snippet:-1, max-image-preview:large, max-video-preview:-1\" \/>\n<link rel=\"canonical\" href=\"https:\/\/shop.bjerring-sales.dk\/en\/product\/hornskivor\/\" \/>\n<meta property=\"og:locale\" content=\"en_GB\" \/>\n<meta property=\"og:type\" content=\"article\" \/>\n<meta property=\"og:title\" content=\"H\u00f6rnskivor - Bjerring-Sales\" \/>\n<meta property=\"og:description\" content=\"H\u00f6rnskivor till Kongress Style och Dinner Style bord f\u00f6r att skapa flexibla kombinationer. Ger m\u00f6jlighet till att g\u00f6ra l\u00e5ngbord, u-formade bord och vinkelbord f\u00f6r konferens- och m\u00f6tesrummet.\" \/>\n<meta property=\"og:url\" content=\"https:\/\/shop.bjerring-sales.dk\/en\/product\/hornskivor\/\" \/>\n<meta property=\"og:site_name\" content=\"Bjerring-Sales\" \/>\n<meta property=\"article:modified_time\" content=\"2022-12-27T20:30:33+00:00\" \/>\n<meta property=\"og:image\" content=\"https:\/\/pule.se\/wp-content\/uploads\/2018\/06\/HS_bjork_800x800-2.jpg\" \/>\n\t<meta property=\"og:image:width\" content=\"800\" \/>\n\t<meta property=\"og:image:height\" content=\"800\" \/>\n\t<meta property=\"og:image:type\" content=\"image\/jpeg\" \/>\n<meta name=\"twitter:card\" content=\"summary_large_image\" \/>\n<meta name=\"twitter:label1\" content=\"Estimated reading time\" \/>\n\t<meta name=\"twitter:data1\" content=\"1 minute\" \/>\n<script type=\"application\/ld+json\" class=\"yoast-schema-graph\">{\"@context\":\"https:\/\/schema.org\",\"@graph\":[{\"@type\":\"WebPage\",\"@id\":\"https:\/\/shop.bjerring-sales.dk\/sv\/produkt\/hornskivor\/\",\"url\":\"https:\/\/shop.bjerring-sales.dk\/sv\/produkt\/hornskivor\/\",\"name\":\"H\u00f6rnskivor - Bjerring-Sales\",\"isPartOf\":{\"@id\":\"https:\/\/shop.bjerring-sales.dk\/#website\"},\"primaryImageOfPage\":{\"@id\":\"https:\/\/shop.bjerring-sales.dk\/sv\/produkt\/hornskivor\/#primaryimage\"},\"image\":{\"@id\":\"https:\/\/shop.bjerring-sales.dk\/sv\/produkt\/hornskivor\/#primaryimage\"},\"thumbnailUrl\":\"https:\/\/shop.bjerring-sales.dk\/wp-content\/uploads\/2018\/06\/HS_bjork_800x800-2.jpg\",\"datePublished\":\"2018-06-04T21:06:57+00:00\",\"dateModified\":\"2022-12-27T20:30:33+00:00\",\"description\":\"H\u00f6rnskivor till Kongress Style och Dinner Style bord f\u00f6r att skapa flexibla kombinationer. Ger m\u00f6jlighet till att g\u00f6ra l\u00e5ngbord, u-formade bord och vinkelbord f\u00f6r konferens- och m\u00f6tesrummet.\",\"breadcrumb\":{\"@id\":\"https:\/\/shop.bjerring-sales.dk\/sv\/produkt\/hornskivor\/#breadcrumb\"},\"inLanguage\":\"en-GB\",\"potentialAction\":[{\"@type\":\"ReadAction\",\"target\":[\"https:\/\/shop.bjerring-sales.dk\/sv\/produkt\/hornskivor\/\"]}]},{\"@type\":\"ImageObject\",\"inLanguage\":\"en-GB\",\"@id\":\"https:\/\/shop.bjerring-sales.dk\/sv\/produkt\/hornskivor\/#primaryimage\",\"url\":\"https:\/\/shop.bjerring-sales.dk\/wp-content\/uploads\/2018\/06\/HS_bjork_800x800-2.jpg\",\"contentUrl\":\"https:\/\/shop.bjerring-sales.dk\/wp-content\/uploads\/2018\/06\/HS_bjork_800x800-2.jpg\",\"width\":800,\"height\":800},{\"@type\":\"BreadcrumbList\",\"@id\":\"https:\/\/shop.bjerring-sales.dk\/sv\/produkt\/hornskivor\/#breadcrumb\",\"itemListElement\":[{\"@type\":\"ListItem\",\"position\":1,\"name\":\"Hem\",\"item\":\"https:\/\/shop.bjerring-sales.dk\/\"},{\"@type\":\"ListItem\",\"position\":2,\"name\":\"Webbutik\",\"item\":\"https:\/\/shop.bjerring-sales.dk\/butik\/\"},{\"@type\":\"ListItem\",\"position\":3,\"name\":\"H\u00f6rnskivor\"}]},{\"@type\":\"WebSite\",\"@id\":\"https:\/\/shop.bjerring-sales.dk\/#website\",\"url\":\"https:\/\/shop.bjerring-sales.dk\/\",\"name\":\"Bjerring-Sales\",\"description\":\"M\u00f6bler f\u00f6r teatrar, skolor, kontor och k\u00f6pcentrum\",\"publisher\":{\"@id\":\"https:\/\/shop.bjerring-sales.dk\/#organization\"},\"potentialAction\":[{\"@type\":\"SearchAction\",\"target\":{\"@type\":\"EntryPoint\",\"urlTemplate\":\"https:\/\/shop.bjerring-sales.dk\/?s={search_term_string}\"},\"query-input\":{\"@type\":\"PropertyValueSpecification\",\"valueRequired\":true,\"valueName\":\"search_term_string\"}}],\"inLanguage\":\"en-GB\"},{\"@type\":\"Organization\",\"@id\":\"https:\/\/shop.bjerring-sales.dk\/#organization\",\"name\":\"Bjerring-Sales\",\"url\":\"https:\/\/shop.bjerring-sales.dk\/\",\"logo\":{\"@type\":\"ImageObject\",\"inLanguage\":\"en-GB\",\"@id\":\"https:\/\/shop.bjerring-sales.dk\/#\/schema\/logo\/image\/\",\"url\":\"https:\/\/shop.bjerring-sales.dk\/wp-content\/uploads\/2023\/01\/logo_sv.png\",\"contentUrl\":\"https:\/\/shop.bjerring-sales.dk\/wp-content\/uploads\/2023\/01\/logo_sv.png\",\"width\":195,\"height\":68,\"caption\":\"Bjerring-Sales\"},\"image\":{\"@id\":\"https:\/\/shop.bjerring-sales.dk\/#\/schema\/logo\/image\/\"}}]}<\/script>\n<!-- \/ Yoast SEO plugin. -->","yoast_head_json":{"title":"Corner boards - Bjerring-Sales","description":"Corner tops for Congress Style and Dinner Style tables to create flexible combinations. Provides the opportunity to make long tables, U-shaped tables and angle tables for the conference and meeting room.","robots":{"index":"index","follow":"follow","max-snippet":"max-snippet:-1","max-image-preview":"max-image-preview:large","max-video-preview":"max-video-preview:-1"},"canonical":"https:\/\/shop.bjerring-sales.dk\/en\/product\/hornskivor\/","og_locale":"en_GB","og_type":"article","og_title":"H\u00f6rnskivor - Bjerring-Sales","og_description":"H\u00f6rnskivor till Kongress Style och Dinner Style bord f\u00f6r att skapa flexibla kombinationer. Ger m\u00f6jlighet till att g\u00f6ra l\u00e5ngbord, u-formade bord och vinkelbord f\u00f6r konferens- och m\u00f6tesrummet.","og_url":"https:\/\/shop.bjerring-sales.dk\/en\/product\/hornskivor\/","og_site_name":"Bjerring-Sales","article_modified_time":"2022-12-27T20:30:33+00:00","og_image":[{"width":800,"height":800,"url":"https:\/\/pule.se\/wp-content\/uploads\/2018\/06\/HS_bjork_800x800-2.jpg","type":"image\/jpeg"}],"twitter_card":"summary_large_image","twitter_misc":{"Estimated reading time":"1 minute"},"schema":{"@context":"https:\/\/schema.org","@graph":[{"@type":"WebPage","@id":"https:\/\/shop.bjerring-sales.dk\/sv\/produkt\/hornskivor\/","url":"https:\/\/shop.bjerring-sales.dk\/sv\/produkt\/hornskivor\/","name":"Corner boards - Bjerring-Sales","isPartOf":{"@id":"https:\/\/shop.bjerring-sales.dk\/#website"},"primaryImageOfPage":{"@id":"https:\/\/shop.bjerring-sales.dk\/sv\/produkt\/hornskivor\/#primaryimage"},"image":{"@id":"https:\/\/shop.bjerring-sales.dk\/sv\/produkt\/hornskivor\/#primaryimage"},"thumbnailUrl":"https:\/\/shop.bjerring-sales.dk\/wp-content\/uploads\/2018\/06\/HS_bjork_800x800-2.jpg","datePublished":"2018-06-04T21:06:57+00:00","dateModified":"2022-12-27T20:30:33+00:00","description":"Corner tops for Congress Style and Dinner Style tables to create flexible combinations. Provides the opportunity to make long tables, U-shaped tables and angle tables for the conference and meeting room.","breadcrumb":{"@id":"https:\/\/shop.bjerring-sales.dk\/sv\/produkt\/hornskivor\/#breadcrumb"},"inLanguage":"en-GB","potentialAction":[{"@type":"ReadAction","target":["https:\/\/shop.bjerring-sales.dk\/sv\/produkt\/hornskivor\/"]}]},{"@type":"ImageObject","inLanguage":"en-GB","@id":"https:\/\/shop.bjerring-sales.dk\/sv\/produkt\/hornskivor\/#primaryimage","url":"https:\/\/shop.bjerring-sales.dk\/wp-content\/uploads\/2018\/06\/HS_bjork_800x800-2.jpg","contentUrl":"https:\/\/shop.bjerring-sales.dk\/wp-content\/uploads\/2018\/06\/HS_bjork_800x800-2.jpg","width":800,"height":800},{"@type":"BreadcrumbList","@id":"https:\/\/shop.bjerring-sales.dk\/sv\/produkt\/hornskivor\/#breadcrumb","itemListElement":[{"@type":"ListItem","position":1,"name":"Hem","item":"https:\/\/shop.bjerring-sales.dk\/"},{"@type":"ListItem","position":2,"name":"Webbutik","item":"https:\/\/shop.bjerring-sales.dk\/butik\/"},{"@type":"ListItem","position":3,"name":"H\u00f6rnskivor"}]},{"@type":"WebSite","@id":"https:\/\/shop.bjerring-sales.dk\/#website","url":"https:\/\/shop.bjerring-sales.dk\/","name":"Bjerring Sales","description":"Furniture for theatres, schools, offices and shopping centres","publisher":{"@id":"https:\/\/shop.bjerring-sales.dk\/#organization"},"potentialAction":[{"@type":"SearchAction","target":{"@type":"EntryPoint","urlTemplate":"https:\/\/shop.bjerring-sales.dk\/?s={search_term_string}"},"query-input":{"@type":"PropertyValueSpecification","valueRequired":true,"valueName":"search_term_string"}}],"inLanguage":"en-GB"},{"@type":"Organization","@id":"https:\/\/shop.bjerring-sales.dk\/#organization","name":"Bjerring Sales","url":"https:\/\/shop.bjerring-sales.dk\/","logo":{"@type":"ImageObject","inLanguage":"en-GB","@id":"https:\/\/shop.bjerring-sales.dk\/#\/schema\/logo\/image\/","url":"https:\/\/shop.bjerring-sales.dk\/wp-content\/uploads\/2023\/01\/logo_sv.png","contentUrl":"https:\/\/shop.bjerring-sales.dk\/wp-content\/uploads\/2023\/01\/logo_sv.png","width":195,"height":68,"caption":"Bjerring-Sales"},"image":{"@id":"https:\/\/shop.bjerring-sales.dk\/#\/schema\/logo\/image\/"}}]}},"_links":{"self":[{"href":"https:\/\/shop.bjerring-sales.dk\/en\/wp-json\/wp\/v2\/product\/62723","targetHints":{"allow":["GET"]}}],"collection":[{"href":"https:\/\/shop.bjerring-sales.dk\/en\/wp-json\/wp\/v2\/product"}],"about":[{"href":"https:\/\/shop.bjerring-sales.dk\/en\/wp-json\/wp\/v2\/types\/product"}],"wp:featuredmedia":[{"embeddable":true,"href":"https:\/\/shop.bjerring-sales.dk\/en\/wp-json\/wp\/v2\/media\/91067"}],"wp:attachment":[{"href":"https:\/\/shop.bjerring-sales.dk\/en\/wp-json\/wp\/v2\/media?parent=62723"}],"wp:term":[{"taxonomy":"product_brand","embeddable":true,"href":"https:\/\/shop.bjerring-sales.dk\/en\/wp-json\/wp\/v2\/product_brand?post=62723"},{"taxonomy":"product_cat","embeddable":true,"href":"https:\/\/shop.bjerring-sales.dk\/en\/wp-json\/wp\/v2\/product_cat?post=62723"},{"taxonomy":"product_tag","embeddable":true,"href":"https:\/\/shop.bjerring-sales.dk\/en\/wp-json\/wp\/v2\/product_tag?post=62723"}],"curies":[{"name":"wp","href":"https:\/\/api.w.org\/{rel}","templated":true}]}}