{"id":62689,"date":"2017-09-13T20:48:57","date_gmt":"2017-09-13T18:48:57","guid":{"rendered":"https:\/\/pule.se\/produkt\/vagn-till-bord\/"},"modified":"2026-04-17T15:05:42","modified_gmt":"2026-04-17T13:05:42","slug":"vagn-till-bord","status":"publish","type":"product","link":"https:\/\/shop.bjerring-sales.dk\/en\/product\/vagn-till-bord\/","title":{"rendered":"Trolley to table"},"content":{"rendered":"<div class=\"wpb-content-wrapper\"><div class=\"vc_row wpb_row vc_row-fluid\"><div class=\"wpb_column vc_column_container vc_col-sm-12\"><div class=\"vc_column-inner\"><div class=\"wpb_wrapper\">\n\t<div class=\"wpb_text_column wpb_content_element\" >\n\t\t<div class=\"wpb_wrapper\">\n\t\t\t<p><span style=\"font-size: 24pt\">A practical table trolley for transporting and storing folding tables<br \/>\n<\/span>The table trolley, which is available in different sizes, is a flexible trolley for transporting and storing folding tables, standing tables and educational tables. Perfect for village halls, party rooms, fairs and conferences where the number of tables used varies. See table below to see which cart is used for which table.<\/p>\n\n\t\t<\/div>\n\t<\/div>\n<\/div><\/div><\/div><\/div><div class=\"vc_row wpb_row vc_row-fluid\"><div class=\"wpb_column vc_column_container vc_col-sm-12\"><div class=\"vc_column-inner\"><div class=\"wpb_wrapper\"><div class=\"vc_separator wpb_content_element vc_separator_align_center vc_sep_width_100 vc_sep_pos_align_center vc_separator_no_text vc_sep_color_grey\" ><span class=\"vc_sep_holder vc_sep_holder_l\"><span class=\"vc_sep_line\"><\/span><\/span><span class=\"vc_sep_holder vc_sep_holder_r\"><span class=\"vc_sep_line\"><\/span><\/span>\n<\/div><\/div><\/div><\/div><\/div><div class=\"vc_row wpb_row vc_row-fluid\"><div class=\"wpb_column vc_column_container vc_col-sm-6\"><div class=\"vc_column-inner\"><div class=\"wpb_wrapper\">\n\t<div class=\"wpb_text_column wpb_content_element\" >\n\t\t<div class=\"wpb_wrapper\">\n\t\t\t<p><span style=\"font-size: 18pt\">Specifications<\/span><\/p>\n<ul style=\"list-style-type: circle\">\n<li>Available in 3 different models<\/li>\n<li>Metal stand with 4 wheels<\/li>\n<li>Wooden bottom<\/li>\n<li>Store the tables upright against the short\/long side<\/li>\n<li>Holds 7-17 tables depending on the table model and whether they are stacked on the short side or the long side<\/li>\n<\/ul>\n\n\t\t<\/div>\n\t<\/div>\n<\/div><\/div><\/div><div class=\"wpb_column vc_column_container vc_col-sm-6\"><div class=\"vc_column-inner\"><div class=\"wpb_wrapper\">\n\t<div class=\"wpb_text_column wpb_content_element\" >\n\t\t<div class=\"wpb_wrapper\">\n\t\t\t<p><span style=\"font-size: 18pt\">How many tables can the carts hold?<br \/>\n<\/span>The carts hold 7-17 tables, depending on the table model and whether they are stacked on the short side or the long side<\/p>\n\n\t\t<\/div>\n\t<\/div>\n<\/div><\/div><\/div><\/div><div class=\"vc_row wpb_row vc_row-fluid\"><div class=\"wpb_column vc_column_container vc_col-sm-12\"><div class=\"vc_column-inner\"><div class=\"wpb_wrapper\"><div class=\"vc_separator wpb_content_element vc_separator_align_center vc_sep_width_100 vc_sep_pos_align_center vc_separator_no_text vc_sep_color_grey\" ><span class=\"vc_sep_holder vc_sep_holder_l\"><span class=\"vc_sep_line\"><\/span><\/span><span class=\"vc_sep_holder vc_sep_holder_r\"><span class=\"vc_sep_line\"><\/span><\/span>\n<\/div><\/div><\/div><\/div><\/div><div class=\"vc_row wpb_row vc_row-fluid\"><div class=\"wpb_column vc_column_container vc_col-sm-4\"><div class=\"vc_column-inner\"><div class=\"wpb_wrapper\">\n\t<div class=\"wpb_text_column wpb_content_element\" >\n\t\t<div class=\"wpb_wrapper\">\n\t\t\t<p><span style=\"font-size: 18pt\">Trolley to table 90 cm<\/span><\/p>\n<ul style=\"list-style-type: disc\">\n<li>Dimensions: 97x76x131 cm<\/li>\n<li>Weight: 36 kg<\/li>\n<li>Rec. max. load: 300 kg<\/li>\n<li><strong>Event\/Party table<\/strong>, all sizes: approx. 15-16 pcs<\/li>\n<li><strong>Congress Style\/Dinner Style<\/strong>: 10 sts towards the short side, 8 sts towards the long side<\/li>\n<li><strong>Strong 120\u00d745 cm<\/strong>: 10 pieces<\/li>\n<li><strong>Strong 120\u00d750 cm<\/strong>: 10 pieces<\/li>\n<li><strong>Strong 120\u00d760 cm<\/strong>: 9 pcs<\/li>\n<li><strong>Strong 120\u00d770 cm<\/strong>: 8 pcs<\/li>\n<li><strong>Strong 120\u00d780 cm<\/strong>: 7 pcs<\/li>\n<li><strong>Strong 140\u00d760 cm<\/strong>: 9 pcs<\/li>\n<li><strong>Strong 180\u00d770 cm<\/strong>: 8 pcs<\/li>\n<li><strong>Strong 180\u00d780 cm<\/strong>: 7 pcs<\/li>\n<li><strong>Flip 85 cm<\/strong>: about 10-15 pcs depending on whether you place them on the height or the width<\/li>\n<li><strong>Cafe round<\/strong>: approx. 10 pcs<\/li>\n<\/ul>\n\n\t\t<\/div>\n\t<\/div>\n<\/div><\/div><\/div><div class=\"wpb_column vc_column_container vc_col-sm-4\"><div class=\"vc_column-inner\"><div class=\"wpb_wrapper\">\n\t<div class=\"wpb_text_column wpb_content_element\" >\n\t\t<div class=\"wpb_wrapper\">\n\t\t\t<p><span style=\"font-size: 18pt\">Trolley to table 113 cm<br \/>\n<\/span><\/p>\n<ul style=\"list-style-type: disc\">\n<li>Dimensions: 120x76x131 cm<\/li>\n<li>Weight: 39 kg<\/li>\n<li>Rec. max. load: 300 kg<\/li>\n<li><strong>Congress Style\/Dinner Style<\/strong>: 13 sts stacked against the short side<\/li>\n<li><strong>Event\/Party table<\/strong>, all sizes: approx. 18 pcs<\/li>\n<\/ul>\n\n\t\t<\/div>\n\t<\/div>\n<\/div><\/div><\/div><div class=\"wpb_column vc_column_container vc_col-sm-4\"><div class=\"vc_column-inner\"><div class=\"wpb_wrapper\">\n\t<div class=\"wpb_text_column wpb_content_element\" >\n\t\t<div class=\"wpb_wrapper\">\n\t\t\t<p><span style=\"font-size: 18pt\">Cart to table Exam<br \/>\n<\/span><\/p>\n<ul style=\"list-style-type: disc\">\n<li>Dimensions: 97x76x115 cm<\/li>\n<li>Weight: 35 kg<\/li>\n<li>Rec. max. load: 300 kg<\/li>\n<li><strong>Degree<\/strong>: Holds approx. 11 pcs<\/li>\n<\/ul>\n\n\t\t<\/div>\n\t<\/div>\n<\/div><\/div><\/div><\/div>\n<\/div>","protected":false},"excerpt":{"rendered":"<p>Flexible trolley for transporting and storing folding bar tables and party tables. Ideal for activities such as party rooms, trade fairs and conferences where the number of tables used varies. Think about your staff, use good trolleys and it will be both more fun and easier to transport the tables!<\/p>","protected":false},"featured_media":100335,"template":"","meta":{"iawp_total_views":14},"product_brand":[],"product_cat":[5941,5878],"product_tag":[6241,6243,6244],"class_list":{"0":"post-62689","1":"product","2":"type-product","3":"status-publish","4":"has-post-thumbnail","6":"product_cat-bordsvagnar","7":"product_cat-vagnar","8":"product_tag-bordsvagn","9":"product_tag-vagn-till-bord","10":"product_tag-transportera-bord","12":"first","13":"instock","14":"taxable","15":"shipping-taxable","16":"purchasable","17":"product-type-variable"},"yoast_head":"<!-- This site is optimized with the Yoast SEO plugin v27.0 - https:\/\/yoast.com\/product\/yoast-seo-wordpress\/ -->\n<title>Vagn till bord - Bjerring-Sales<\/title>\n<meta name=\"description\" content=\"Smidig vagn f\u00f6r att transportera och f\u00f6rvara f\u00e4llbara barbord och partybord. Perfekt f\u00f6r verksamheter som festlokaler, m\u00e4ssor och konferenser d\u00e4r antalet bord som anv\u00e4nds varierar.\" \/>\n<meta name=\"robots\" content=\"index, follow, max-snippet:-1, max-image-preview:large, max-video-preview:-1\" \/>\n<link rel=\"canonical\" href=\"https:\/\/shop.bjerring-sales.dk\/en\/product\/vagn-till-bord\/\" \/>\n<meta property=\"og:locale\" content=\"en_GB\" \/>\n<meta property=\"og:type\" content=\"article\" \/>\n<meta property=\"og:title\" content=\"Vagn till bord - Bjerring-Sales\" \/>\n<meta property=\"og:description\" content=\"Smidig vagn f\u00f6r att transportera och f\u00f6rvara f\u00e4llbara barbord och partybord. Perfekt f\u00f6r verksamheter som festlokaler, m\u00e4ssor och konferenser d\u00e4r antalet bord som anv\u00e4nds varierar.\" \/>\n<meta property=\"og:url\" content=\"https:\/\/shop.bjerring-sales.dk\/en\/product\/vagn-till-bord\/\" \/>\n<meta property=\"og:site_name\" content=\"Bjerring-Sales\" \/>\n<meta property=\"article:modified_time\" content=\"2026-04-17T13:05:42+00:00\" \/>\n<meta property=\"og:image\" content=\"https:\/\/shop.bjerring-sales.dk\/wp-content\/uploads\/2025\/01\/ebb-vagnbord.jpg\" \/>\n\t<meta property=\"og:image:width\" content=\"800\" \/>\n\t<meta property=\"og:image:height\" content=\"800\" \/>\n\t<meta property=\"og:image:type\" content=\"image\/jpeg\" \/>\n<meta name=\"twitter:card\" content=\"summary_large_image\" \/>\n<meta name=\"twitter:label1\" content=\"Estimated reading time\" \/>\n\t<meta name=\"twitter:data1\" content=\"2 minutes\" \/>\n<script type=\"application\/ld+json\" class=\"yoast-schema-graph\">{\"@context\":\"https:\/\/schema.org\",\"@graph\":[{\"@type\":\"WebPage\",\"@id\":\"https:\/\/shop.bjerring-sales.dk\/sv\/produkt\/vagn-till-bord\/\",\"url\":\"https:\/\/shop.bjerring-sales.dk\/sv\/produkt\/vagn-till-bord\/\",\"name\":\"Vagn till bord - Bjerring-Sales\",\"isPartOf\":{\"@id\":\"https:\/\/shop.bjerring-sales.dk\/#website\"},\"primaryImageOfPage\":{\"@id\":\"https:\/\/shop.bjerring-sales.dk\/sv\/produkt\/vagn-till-bord\/#primaryimage\"},\"image\":{\"@id\":\"https:\/\/shop.bjerring-sales.dk\/sv\/produkt\/vagn-till-bord\/#primaryimage\"},\"thumbnailUrl\":\"https:\/\/shop.bjerring-sales.dk\/wp-content\/uploads\/2025\/01\/ebb-vagnbord.jpg\",\"datePublished\":\"2017-09-13T18:48:57+00:00\",\"dateModified\":\"2026-04-17T13:05:42+00:00\",\"description\":\"Smidig vagn f\u00f6r att transportera och f\u00f6rvara f\u00e4llbara barbord och partybord. Perfekt f\u00f6r verksamheter som festlokaler, m\u00e4ssor och konferenser d\u00e4r antalet bord som anv\u00e4nds varierar.\",\"breadcrumb\":{\"@id\":\"https:\/\/shop.bjerring-sales.dk\/sv\/produkt\/vagn-till-bord\/#breadcrumb\"},\"inLanguage\":\"en-GB\",\"potentialAction\":[{\"@type\":\"ReadAction\",\"target\":[\"https:\/\/shop.bjerring-sales.dk\/sv\/produkt\/vagn-till-bord\/\"]}]},{\"@type\":\"ImageObject\",\"inLanguage\":\"en-GB\",\"@id\":\"https:\/\/shop.bjerring-sales.dk\/sv\/produkt\/vagn-till-bord\/#primaryimage\",\"url\":\"https:\/\/shop.bjerring-sales.dk\/wp-content\/uploads\/2025\/01\/ebb-vagnbord.jpg\",\"contentUrl\":\"https:\/\/shop.bjerring-sales.dk\/wp-content\/uploads\/2025\/01\/ebb-vagnbord.jpg\",\"width\":800,\"height\":800},{\"@type\":\"BreadcrumbList\",\"@id\":\"https:\/\/shop.bjerring-sales.dk\/sv\/produkt\/vagn-till-bord\/#breadcrumb\",\"itemListElement\":[{\"@type\":\"ListItem\",\"position\":1,\"name\":\"Hem\",\"item\":\"https:\/\/shop.bjerring-sales.dk\/\"},{\"@type\":\"ListItem\",\"position\":2,\"name\":\"Webbutik\",\"item\":\"https:\/\/shop.bjerring-sales.dk\/butik\/\"},{\"@type\":\"ListItem\",\"position\":3,\"name\":\"Vagn till bord\"}]},{\"@type\":\"WebSite\",\"@id\":\"https:\/\/shop.bjerring-sales.dk\/#website\",\"url\":\"https:\/\/shop.bjerring-sales.dk\/\",\"name\":\"Bjerring-Sales\",\"description\":\"M\u00f6bler f\u00f6r teatrar, skolor, kontor och k\u00f6pcentrum\",\"publisher\":{\"@id\":\"https:\/\/shop.bjerring-sales.dk\/#organization\"},\"potentialAction\":[{\"@type\":\"SearchAction\",\"target\":{\"@type\":\"EntryPoint\",\"urlTemplate\":\"https:\/\/shop.bjerring-sales.dk\/?s={search_term_string}\"},\"query-input\":{\"@type\":\"PropertyValueSpecification\",\"valueRequired\":true,\"valueName\":\"search_term_string\"}}],\"inLanguage\":\"en-GB\"},{\"@type\":\"Organization\",\"@id\":\"https:\/\/shop.bjerring-sales.dk\/#organization\",\"name\":\"Bjerring-Sales\",\"url\":\"https:\/\/shop.bjerring-sales.dk\/\",\"logo\":{\"@type\":\"ImageObject\",\"inLanguage\":\"en-GB\",\"@id\":\"https:\/\/shop.bjerring-sales.dk\/#\/schema\/logo\/image\/\",\"url\":\"https:\/\/shop.bjerring-sales.dk\/wp-content\/uploads\/2023\/01\/logo_sv.png\",\"contentUrl\":\"https:\/\/shop.bjerring-sales.dk\/wp-content\/uploads\/2023\/01\/logo_sv.png\",\"width\":195,\"height\":68,\"caption\":\"Bjerring-Sales\"},\"image\":{\"@id\":\"https:\/\/shop.bjerring-sales.dk\/#\/schema\/logo\/image\/\"}}]}<\/script>\n<!-- \/ Yoast SEO plugin. -->","yoast_head_json":{"title":"Vagn till bord - Bjerring-Sales","description":"Smidig vagn f\u00f6r att transportera och f\u00f6rvara f\u00e4llbara barbord och partybord. Perfekt f\u00f6r verksamheter som festlokaler, m\u00e4ssor och konferenser d\u00e4r antalet bord som anv\u00e4nds varierar.","robots":{"index":"index","follow":"follow","max-snippet":"max-snippet:-1","max-image-preview":"max-image-preview:large","max-video-preview":"max-video-preview:-1"},"canonical":"https:\/\/shop.bjerring-sales.dk\/en\/product\/vagn-till-bord\/","og_locale":"en_GB","og_type":"article","og_title":"Vagn till bord - Bjerring-Sales","og_description":"Smidig vagn f\u00f6r att transportera och f\u00f6rvara f\u00e4llbara barbord och partybord. Perfekt f\u00f6r verksamheter som festlokaler, m\u00e4ssor och konferenser d\u00e4r antalet bord som anv\u00e4nds varierar.","og_url":"https:\/\/shop.bjerring-sales.dk\/en\/product\/vagn-till-bord\/","og_site_name":"Bjerring-Sales","article_modified_time":"2026-04-17T13:05:42+00:00","og_image":[{"width":800,"height":800,"url":"https:\/\/shop.bjerring-sales.dk\/wp-content\/uploads\/2025\/01\/ebb-vagnbord.jpg","type":"image\/jpeg"}],"twitter_card":"summary_large_image","twitter_misc":{"Estimated reading time":"2 minutes"},"schema":{"@context":"https:\/\/schema.org","@graph":[{"@type":"WebPage","@id":"https:\/\/shop.bjerring-sales.dk\/sv\/produkt\/vagn-till-bord\/","url":"https:\/\/shop.bjerring-sales.dk\/sv\/produkt\/vagn-till-bord\/","name":"Vagn till bord - Bjerring-Sales","isPartOf":{"@id":"https:\/\/shop.bjerring-sales.dk\/#website"},"primaryImageOfPage":{"@id":"https:\/\/shop.bjerring-sales.dk\/sv\/produkt\/vagn-till-bord\/#primaryimage"},"image":{"@id":"https:\/\/shop.bjerring-sales.dk\/sv\/produkt\/vagn-till-bord\/#primaryimage"},"thumbnailUrl":"https:\/\/shop.bjerring-sales.dk\/wp-content\/uploads\/2025\/01\/ebb-vagnbord.jpg","datePublished":"2017-09-13T18:48:57+00:00","dateModified":"2026-04-17T13:05:42+00:00","description":"Smidig vagn f\u00f6r att transportera och f\u00f6rvara f\u00e4llbara barbord och partybord. Perfekt f\u00f6r verksamheter som festlokaler, m\u00e4ssor och konferenser d\u00e4r antalet bord som anv\u00e4nds varierar.","breadcrumb":{"@id":"https:\/\/shop.bjerring-sales.dk\/sv\/produkt\/vagn-till-bord\/#breadcrumb"},"inLanguage":"en-GB","potentialAction":[{"@type":"ReadAction","target":["https:\/\/shop.bjerring-sales.dk\/sv\/produkt\/vagn-till-bord\/"]}]},{"@type":"ImageObject","inLanguage":"en-GB","@id":"https:\/\/shop.bjerring-sales.dk\/sv\/produkt\/vagn-till-bord\/#primaryimage","url":"https:\/\/shop.bjerring-sales.dk\/wp-content\/uploads\/2025\/01\/ebb-vagnbord.jpg","contentUrl":"https:\/\/shop.bjerring-sales.dk\/wp-content\/uploads\/2025\/01\/ebb-vagnbord.jpg","width":800,"height":800},{"@type":"BreadcrumbList","@id":"https:\/\/shop.bjerring-sales.dk\/sv\/produkt\/vagn-till-bord\/#breadcrumb","itemListElement":[{"@type":"ListItem","position":1,"name":"Hem","item":"https:\/\/shop.bjerring-sales.dk\/"},{"@type":"ListItem","position":2,"name":"Webbutik","item":"https:\/\/shop.bjerring-sales.dk\/butik\/"},{"@type":"ListItem","position":3,"name":"Vagn till bord"}]},{"@type":"WebSite","@id":"https:\/\/shop.bjerring-sales.dk\/#website","url":"https:\/\/shop.bjerring-sales.dk\/","name":"Bjerring Sales","description":"Furniture for theatres, schools, offices and shopping centres","publisher":{"@id":"https:\/\/shop.bjerring-sales.dk\/#organization"},"potentialAction":[{"@type":"SearchAction","target":{"@type":"EntryPoint","urlTemplate":"https:\/\/shop.bjerring-sales.dk\/?s={search_term_string}"},"query-input":{"@type":"PropertyValueSpecification","valueRequired":true,"valueName":"search_term_string"}}],"inLanguage":"en-GB"},{"@type":"Organization","@id":"https:\/\/shop.bjerring-sales.dk\/#organization","name":"Bjerring Sales","url":"https:\/\/shop.bjerring-sales.dk\/","logo":{"@type":"ImageObject","inLanguage":"en-GB","@id":"https:\/\/shop.bjerring-sales.dk\/#\/schema\/logo\/image\/","url":"https:\/\/shop.bjerring-sales.dk\/wp-content\/uploads\/2023\/01\/logo_sv.png","contentUrl":"https:\/\/shop.bjerring-sales.dk\/wp-content\/uploads\/2023\/01\/logo_sv.png","width":195,"height":68,"caption":"Bjerring-Sales"},"image":{"@id":"https:\/\/shop.bjerring-sales.dk\/#\/schema\/logo\/image\/"}}]}},"_links":{"self":[{"href":"https:\/\/shop.bjerring-sales.dk\/en\/wp-json\/wp\/v2\/product\/62689","targetHints":{"allow":["GET"]}}],"collection":[{"href":"https:\/\/shop.bjerring-sales.dk\/en\/wp-json\/wp\/v2\/product"}],"about":[{"href":"https:\/\/shop.bjerring-sales.dk\/en\/wp-json\/wp\/v2\/types\/product"}],"wp:featuredmedia":[{"embeddable":true,"href":"https:\/\/shop.bjerring-sales.dk\/en\/wp-json\/wp\/v2\/media\/100335"}],"wp:attachment":[{"href":"https:\/\/shop.bjerring-sales.dk\/en\/wp-json\/wp\/v2\/media?parent=62689"}],"wp:term":[{"taxonomy":"product_brand","embeddable":true,"href":"https:\/\/shop.bjerring-sales.dk\/en\/wp-json\/wp\/v2\/product_brand?post=62689"},{"taxonomy":"product_cat","embeddable":true,"href":"https:\/\/shop.bjerring-sales.dk\/en\/wp-json\/wp\/v2\/product_cat?post=62689"},{"taxonomy":"product_tag","embeddable":true,"href":"https:\/\/shop.bjerring-sales.dk\/en\/wp-json\/wp\/v2\/product_tag?post=62689"}],"curies":[{"name":"wp","href":"https:\/\/api.w.org\/{rel}","templated":true}]}}