{"id":62684,"date":"2017-09-13T20:56:36","date_gmt":"2017-09-13T18:56:36","guid":{"rendered":"https:\/\/pule.se\/produkt\/vagn-kongress\/"},"modified":"2024-04-05T12:16:22","modified_gmt":"2024-04-05T10:16:22","slug":"vagn-kongress","status":"publish","type":"product","link":"https:\/\/shop.bjerring-sales.dk\/en\/product\/vagn-kongress\/","title":{"rendered":"Wagon Congress"},"content":{"rendered":"<div class=\"wpb-content-wrapper\"><div class=\"vc_row wpb_row vc_row-fluid\"><div class=\"wpb_column vc_column_container vc_col-sm-12\"><div class=\"vc_column-inner\"><div class=\"wpb_wrapper\">\n\t<div class=\"wpb_text_column wpb_content_element\" >\n\t\t<div class=\"wpb_wrapper\">\n\t\t\t<p><span style=\"font-size: 24pt;\">A practical table trolley for Congress Style and Dinner Style<br \/>\n<\/span>The Kongress table trolley is available in 3 different sizes and is a convenient way to transport and store the folding congress tables. Perfect for village halls, party rooms, fairs and conferences where the number of tables used varies. See table below to see which cart is used for which table.<\/p>\n\n\t\t<\/div>\n\t<\/div>\n<\/div><\/div><\/div><\/div><div class=\"vc_row wpb_row vc_row-fluid\"><div class=\"wpb_column vc_column_container vc_col-sm-12\"><div class=\"vc_column-inner\"><div class=\"wpb_wrapper\"><div class=\"vc_separator wpb_content_element vc_separator_align_center vc_sep_width_100 vc_sep_pos_align_center vc_separator_no_text vc_sep_color_grey\" ><span class=\"vc_sep_holder vc_sep_holder_l\"><span class=\"vc_sep_line\"><\/span><\/span><span class=\"vc_sep_holder vc_sep_holder_r\"><span class=\"vc_sep_line\"><\/span><\/span>\n<\/div><\/div><\/div><\/div><\/div><div class=\"vc_row wpb_row vc_row-fluid\"><div class=\"wpb_column vc_column_container vc_col-sm-6\"><div class=\"vc_column-inner\"><div class=\"wpb_wrapper\">\n\t<div class=\"wpb_text_column wpb_content_element\" >\n\t\t<div class=\"wpb_wrapper\">\n\t\t\t<p><span style=\"font-size: 18pt;\">Specifications<\/span><\/p>\n<ul>\n<li>Available in 3 different models 120, 140 &amp; 180. (The 180 cart is a custom item)<\/li>\n<li>4 wheels with ball bearings<\/li>\n<li>Store tables lying down<\/li>\n<li>Suitable for max. 60 cm wide tables<\/li>\n<\/ul>\n\n\t\t<\/div>\n\t<\/div>\n<\/div><\/div><\/div><div class=\"wpb_column vc_column_container vc_col-sm-6\"><div class=\"vc_column-inner\"><div class=\"wpb_wrapper\">\n\t<div class=\"wpb_text_column wpb_content_element\" >\n\t\t<div class=\"wpb_wrapper\">\n\t\t\t<p><span style=\"font-size: 18pt;\">How many tables can the carts hold?<br \/>\n<\/span>The congress wagons hold 13 tables\/wagon.<\/p>\n\n\t\t<\/div>\n\t<\/div>\n<\/div><\/div><\/div><\/div><div class=\"vc_row wpb_row vc_row-fluid\"><div class=\"wpb_column vc_column_container vc_col-sm-12\"><div class=\"vc_column-inner\"><div class=\"wpb_wrapper\"><div class=\"vc_separator wpb_content_element vc_separator_align_center vc_sep_width_100 vc_sep_pos_align_center vc_separator_no_text vc_sep_color_grey\" ><span class=\"vc_sep_holder vc_sep_holder_l\"><span class=\"vc_sep_line\"><\/span><\/span><span class=\"vc_sep_holder vc_sep_holder_r\"><span class=\"vc_sep_line\"><\/span><\/span>\n<\/div><\/div><\/div><\/div><\/div><div class=\"vc_row wpb_row vc_row-fluid\"><div class=\"wpb_column vc_column_container vc_col-sm-4\"><div class=\"vc_column-inner\"><div class=\"wpb_wrapper\">\n\t<div class=\"wpb_text_column wpb_content_element\" >\n\t\t<div class=\"wpb_wrapper\">\n\t\t\t<p><span style=\"font-size: 18pt;\">Trolley to table 120 cm<\/span><\/p>\n<ul>\n<li>Length: 130 cm<\/li>\n<li>Width: 58 cm<\/li>\n<li>Height: 142 cm<\/li>\n<li>Weight: 21 kg<\/li>\n<li>Rec. max. load: 300 kg<\/li>\n<li>The trolley holds: 13 pcs 120 cm Congress Style &amp; Dinner Style<\/li>\n<\/ul>\n\n\t\t<\/div>\n\t<\/div>\n<\/div><\/div><\/div><div class=\"wpb_column vc_column_container vc_col-sm-4\"><div class=\"vc_column-inner\"><div class=\"wpb_wrapper\">\n\t<div class=\"wpb_text_column wpb_content_element\" >\n\t\t<div class=\"wpb_wrapper\">\n\t\t\t<p><span style=\"font-size: 18pt;\">Trolley to table 140 cm<\/span><\/p>\n<ul>\n<li>Length: 150 cm<\/li>\n<li>Width: 58 cm<\/li>\n<li>Height: 142 cm<\/li>\n<li>Weight: 22 kg<\/li>\n<li>Rec. max. load: 300 kg<\/li>\n<li>The trolley holds: 13 pcs 140 cm Congress Style &amp; Dinner Style<\/li>\n<\/ul>\n\n\t\t<\/div>\n\t<\/div>\n<\/div><\/div><\/div><div class=\"wpb_column vc_column_container vc_col-sm-4\"><div class=\"vc_column-inner\"><div class=\"wpb_wrapper\">\n\t<div class=\"wpb_text_column wpb_content_element\" >\n\t\t<div class=\"wpb_wrapper\">\n\t\t\t<p><span style=\"font-size: 18pt;\">Trolley to table 180 cm<\/span><\/p>\n<ul>\n<li>Length: 190 cm<\/li>\n<li>Width: 58 cm<\/li>\n<li>Height: 142 cm<\/li>\n<li>Weight: 25 kg<\/li>\n<li>Rec. max. load: 300 kg<\/li>\n<li>The trolley holds: 13 pcs 180 cm Congress Style &amp; Dinner Style<\/li>\n<\/ul>\n\n\t\t<\/div>\n\t<\/div>\n<\/div><\/div><\/div><\/div>\n<\/div>","protected":false},"excerpt":{"rendered":"<p>Practical and light trolley for storing and transporting folding Congress tables. Ideal for party rooms, trade fairs and conference rooms with varied use of number of tables. Think of your staff, use good carts!<\/p>","protected":false},"featured_media":95039,"template":"","meta":{"iawp_total_views":7},"product_brand":[],"product_cat":[5941,5878],"product_tag":[6119,6241,6242],"class_list":{"0":"post-62684","1":"product","2":"type-product","3":"status-publish","4":"has-post-thumbnail","6":"product_cat-bordsvagnar","7":"product_cat-vagnar","8":"product_tag-kongress-style","9":"product_tag-bordsvagn","10":"product_tag-vagn-kongress","12":"first","13":"instock","14":"taxable","15":"shipping-taxable","16":"purchasable","17":"product-type-variable"},"yoast_head":"<!-- This site is optimized with the Yoast SEO plugin v27.0 - https:\/\/yoast.com\/product\/yoast-seo-wordpress\/ -->\n<title>Vagn Kongress - Bjerring-Sales<\/title>\n<meta name=\"description\" content=\"Praktisk och l\u00e4tt vagn f\u00f6r att f\u00f6rvara och transportera f\u00e4llbara Kongressbord. Perfekt f\u00f6r festlokaler, m\u00e4ssor och konferenslokaler med varierad anv\u00e4ndning av antal bord.\" \/>\n<meta name=\"robots\" content=\"index, follow, max-snippet:-1, max-image-preview:large, max-video-preview:-1\" \/>\n<link rel=\"canonical\" href=\"https:\/\/shop.bjerring-sales.dk\/en\/product\/vagn-kongress\/\" \/>\n<meta property=\"og:locale\" content=\"en_GB\" \/>\n<meta property=\"og:type\" content=\"article\" \/>\n<meta property=\"og:title\" content=\"Vagn Kongress - Bjerring-Sales\" \/>\n<meta property=\"og:description\" content=\"Praktisk och l\u00e4tt vagn f\u00f6r att f\u00f6rvara och transportera f\u00e4llbara Kongressbord. Perfekt f\u00f6r festlokaler, m\u00e4ssor och konferenslokaler med varierad anv\u00e4ndning av antal bord.\" \/>\n<meta property=\"og:url\" content=\"https:\/\/shop.bjerring-sales.dk\/en\/product\/vagn-kongress\/\" \/>\n<meta property=\"og:site_name\" content=\"Bjerring-Sales\" \/>\n<meta property=\"article:modified_time\" content=\"2024-04-05T10:16:22+00:00\" \/>\n<meta property=\"og:image\" content=\"https:\/\/shop.bjerring-sales.dk\/wp-content\/uploads\/2024\/02\/webb-vagnkongress.jpg\" \/>\n\t<meta property=\"og:image:width\" content=\"800\" \/>\n\t<meta property=\"og:image:height\" content=\"800\" \/>\n\t<meta property=\"og:image:type\" content=\"image\/jpeg\" \/>\n<meta name=\"twitter:card\" content=\"summary_large_image\" \/>\n<meta name=\"twitter:label1\" content=\"Estimated reading time\" \/>\n\t<meta name=\"twitter:data1\" content=\"2 minutes\" \/>\n<script type=\"application\/ld+json\" class=\"yoast-schema-graph\">{\"@context\":\"https:\/\/schema.org\",\"@graph\":[{\"@type\":\"WebPage\",\"@id\":\"https:\/\/shop.bjerring-sales.dk\/product\/vagn-kongress\/\",\"url\":\"https:\/\/shop.bjerring-sales.dk\/product\/vagn-kongress\/\",\"name\":\"Vagn Kongress - Bjerring-Sales\",\"isPartOf\":{\"@id\":\"https:\/\/shop.bjerring-sales.dk\/#website\"},\"primaryImageOfPage\":{\"@id\":\"https:\/\/shop.bjerring-sales.dk\/product\/vagn-kongress\/#primaryimage\"},\"image\":{\"@id\":\"https:\/\/shop.bjerring-sales.dk\/product\/vagn-kongress\/#primaryimage\"},\"thumbnailUrl\":\"https:\/\/shop.bjerring-sales.dk\/wp-content\/uploads\/2024\/02\/webb-vagnkongress.jpg\",\"datePublished\":\"2017-09-13T18:56:36+00:00\",\"dateModified\":\"2024-04-05T10:16:22+00:00\",\"description\":\"Praktisk och l\u00e4tt vagn f\u00f6r att f\u00f6rvara och transportera f\u00e4llbara Kongressbord. Perfekt f\u00f6r festlokaler, m\u00e4ssor och konferenslokaler med varierad anv\u00e4ndning av antal bord.\",\"breadcrumb\":{\"@id\":\"https:\/\/shop.bjerring-sales.dk\/product\/vagn-kongress\/#breadcrumb\"},\"inLanguage\":\"en-GB\",\"potentialAction\":[{\"@type\":\"ReadAction\",\"target\":[\"https:\/\/shop.bjerring-sales.dk\/product\/vagn-kongress\/\"]}]},{\"@type\":\"ImageObject\",\"inLanguage\":\"en-GB\",\"@id\":\"https:\/\/shop.bjerring-sales.dk\/product\/vagn-kongress\/#primaryimage\",\"url\":\"https:\/\/shop.bjerring-sales.dk\/wp-content\/uploads\/2024\/02\/webb-vagnkongress.jpg\",\"contentUrl\":\"https:\/\/shop.bjerring-sales.dk\/wp-content\/uploads\/2024\/02\/webb-vagnkongress.jpg\",\"width\":800,\"height\":800},{\"@type\":\"BreadcrumbList\",\"@id\":\"https:\/\/shop.bjerring-sales.dk\/product\/vagn-kongress\/#breadcrumb\",\"itemListElement\":[{\"@type\":\"ListItem\",\"position\":1,\"name\":\"Hem\",\"item\":\"https:\/\/shop.bjerring-sales.dk\/\"},{\"@type\":\"ListItem\",\"position\":2,\"name\":\"Webbutik\",\"item\":\"https:\/\/shop.bjerring-sales.dk\/butik\/\"},{\"@type\":\"ListItem\",\"position\":3,\"name\":\"Vagn Kongress\"}]},{\"@type\":\"WebSite\",\"@id\":\"https:\/\/shop.bjerring-sales.dk\/#website\",\"url\":\"https:\/\/shop.bjerring-sales.dk\/\",\"name\":\"Bjerring-Sales\",\"description\":\"M\u00f6bler f\u00f6r teatrar, skolor, kontor och k\u00f6pcentrum\",\"publisher\":{\"@id\":\"https:\/\/shop.bjerring-sales.dk\/#organization\"},\"potentialAction\":[{\"@type\":\"SearchAction\",\"target\":{\"@type\":\"EntryPoint\",\"urlTemplate\":\"https:\/\/shop.bjerring-sales.dk\/?s={search_term_string}\"},\"query-input\":{\"@type\":\"PropertyValueSpecification\",\"valueRequired\":true,\"valueName\":\"search_term_string\"}}],\"inLanguage\":\"en-GB\"},{\"@type\":\"Organization\",\"@id\":\"https:\/\/shop.bjerring-sales.dk\/#organization\",\"name\":\"Bjerring-Sales\",\"url\":\"https:\/\/shop.bjerring-sales.dk\/\",\"logo\":{\"@type\":\"ImageObject\",\"inLanguage\":\"en-GB\",\"@id\":\"https:\/\/shop.bjerring-sales.dk\/#\/schema\/logo\/image\/\",\"url\":\"https:\/\/shop.bjerring-sales.dk\/wp-content\/uploads\/2023\/01\/logo_sv.png\",\"contentUrl\":\"https:\/\/shop.bjerring-sales.dk\/wp-content\/uploads\/2023\/01\/logo_sv.png\",\"width\":195,\"height\":68,\"caption\":\"Bjerring-Sales\"},\"image\":{\"@id\":\"https:\/\/shop.bjerring-sales.dk\/#\/schema\/logo\/image\/\"}}]}<\/script>\n<!-- \/ Yoast SEO plugin. -->","yoast_head_json":{"title":"Cart Congress - Bjerring-Sales","description":"Practical and lightweight trolley for storing and transporting folding Congress tables. Perfect for party rooms, trade fairs and conference rooms with varied use of tables.","robots":{"index":"index","follow":"follow","max-snippet":"max-snippet:-1","max-image-preview":"max-image-preview:large","max-video-preview":"max-video-preview:-1"},"canonical":"https:\/\/shop.bjerring-sales.dk\/en\/product\/vagn-kongress\/","og_locale":"en_GB","og_type":"article","og_title":"Vagn Kongress - Bjerring-Sales","og_description":"Praktisk och l\u00e4tt vagn f\u00f6r att f\u00f6rvara och transportera f\u00e4llbara Kongressbord. Perfekt f\u00f6r festlokaler, m\u00e4ssor och konferenslokaler med varierad anv\u00e4ndning av antal bord.","og_url":"https:\/\/shop.bjerring-sales.dk\/en\/product\/vagn-kongress\/","og_site_name":"Bjerring-Sales","article_modified_time":"2024-04-05T10:16:22+00:00","og_image":[{"width":800,"height":800,"url":"https:\/\/shop.bjerring-sales.dk\/wp-content\/uploads\/2024\/02\/webb-vagnkongress.jpg","type":"image\/jpeg"}],"twitter_card":"summary_large_image","twitter_misc":{"Estimated reading time":"2 minutes"},"schema":{"@context":"https:\/\/schema.org","@graph":[{"@type":"WebPage","@id":"https:\/\/shop.bjerring-sales.dk\/product\/vagn-kongress\/","url":"https:\/\/shop.bjerring-sales.dk\/product\/vagn-kongress\/","name":"Cart Congress - Bjerring-Sales","isPartOf":{"@id":"https:\/\/shop.bjerring-sales.dk\/#website"},"primaryImageOfPage":{"@id":"https:\/\/shop.bjerring-sales.dk\/product\/vagn-kongress\/#primaryimage"},"image":{"@id":"https:\/\/shop.bjerring-sales.dk\/product\/vagn-kongress\/#primaryimage"},"thumbnailUrl":"https:\/\/shop.bjerring-sales.dk\/wp-content\/uploads\/2024\/02\/webb-vagnkongress.jpg","datePublished":"2017-09-13T18:56:36+00:00","dateModified":"2024-04-05T10:16:22+00:00","description":"Practical and lightweight trolley for storing and transporting folding Congress tables. Perfect for party rooms, trade fairs and conference rooms with varied use of tables.","breadcrumb":{"@id":"https:\/\/shop.bjerring-sales.dk\/product\/vagn-kongress\/#breadcrumb"},"inLanguage":"en-GB","potentialAction":[{"@type":"ReadAction","target":["https:\/\/shop.bjerring-sales.dk\/product\/vagn-kongress\/"]}]},{"@type":"ImageObject","inLanguage":"en-GB","@id":"https:\/\/shop.bjerring-sales.dk\/product\/vagn-kongress\/#primaryimage","url":"https:\/\/shop.bjerring-sales.dk\/wp-content\/uploads\/2024\/02\/webb-vagnkongress.jpg","contentUrl":"https:\/\/shop.bjerring-sales.dk\/wp-content\/uploads\/2024\/02\/webb-vagnkongress.jpg","width":800,"height":800},{"@type":"BreadcrumbList","@id":"https:\/\/shop.bjerring-sales.dk\/product\/vagn-kongress\/#breadcrumb","itemListElement":[{"@type":"ListItem","position":1,"name":"Hem","item":"https:\/\/shop.bjerring-sales.dk\/"},{"@type":"ListItem","position":2,"name":"Webbutik","item":"https:\/\/shop.bjerring-sales.dk\/butik\/"},{"@type":"ListItem","position":3,"name":"Vagn Kongress"}]},{"@type":"WebSite","@id":"https:\/\/shop.bjerring-sales.dk\/#website","url":"https:\/\/shop.bjerring-sales.dk\/","name":"Bjerring Sales","description":"Furniture for theatres, schools, offices and shopping centres","publisher":{"@id":"https:\/\/shop.bjerring-sales.dk\/#organization"},"potentialAction":[{"@type":"SearchAction","target":{"@type":"EntryPoint","urlTemplate":"https:\/\/shop.bjerring-sales.dk\/?s={search_term_string}"},"query-input":{"@type":"PropertyValueSpecification","valueRequired":true,"valueName":"search_term_string"}}],"inLanguage":"en-GB"},{"@type":"Organization","@id":"https:\/\/shop.bjerring-sales.dk\/#organization","name":"Bjerring Sales","url":"https:\/\/shop.bjerring-sales.dk\/","logo":{"@type":"ImageObject","inLanguage":"en-GB","@id":"https:\/\/shop.bjerring-sales.dk\/#\/schema\/logo\/image\/","url":"https:\/\/shop.bjerring-sales.dk\/wp-content\/uploads\/2023\/01\/logo_sv.png","contentUrl":"https:\/\/shop.bjerring-sales.dk\/wp-content\/uploads\/2023\/01\/logo_sv.png","width":195,"height":68,"caption":"Bjerring-Sales"},"image":{"@id":"https:\/\/shop.bjerring-sales.dk\/#\/schema\/logo\/image\/"}}]}},"_links":{"self":[{"href":"https:\/\/shop.bjerring-sales.dk\/en\/wp-json\/wp\/v2\/product\/62684","targetHints":{"allow":["GET"]}}],"collection":[{"href":"https:\/\/shop.bjerring-sales.dk\/en\/wp-json\/wp\/v2\/product"}],"about":[{"href":"https:\/\/shop.bjerring-sales.dk\/en\/wp-json\/wp\/v2\/types\/product"}],"wp:featuredmedia":[{"embeddable":true,"href":"https:\/\/shop.bjerring-sales.dk\/en\/wp-json\/wp\/v2\/media\/95039"}],"wp:attachment":[{"href":"https:\/\/shop.bjerring-sales.dk\/en\/wp-json\/wp\/v2\/media?parent=62684"}],"wp:term":[{"taxonomy":"product_brand","embeddable":true,"href":"https:\/\/shop.bjerring-sales.dk\/en\/wp-json\/wp\/v2\/product_brand?post=62684"},{"taxonomy":"product_cat","embeddable":true,"href":"https:\/\/shop.bjerring-sales.dk\/en\/wp-json\/wp\/v2\/product_cat?post=62684"},{"taxonomy":"product_tag","embeddable":true,"href":"https:\/\/shop.bjerring-sales.dk\/en\/wp-json\/wp\/v2\/product_tag?post=62684"}],"curies":[{"name":"wp","href":"https:\/\/api.w.org\/{rel}","templated":true}]}}