{"id":62679,"date":"2017-09-13T23:18:07","date_gmt":"2017-09-13T21:18:07","guid":{"rendered":"https:\/\/pule.se\/produkt\/vagn-bankett\/"},"modified":"2024-04-21T18:38:18","modified_gmt":"2024-04-21T16:38:18","slug":"vagn-bankett","status":"publish","type":"product","link":"https:\/\/shop.bjerring-sales.dk\/en\/product\/vagn-bankett\/","title":{"rendered":"Carriage Banquet"},"content":{"rendered":"<p>Flexible trolley for storage and transfer for Event and Banquet tables. Suitable for conferences, party rooms and fairs where the number of tables varies at each occasion. Think of your staff, use good carts!<\/p>\n<ul>\n<li>Three sizes, 120 cm, 150 and 160 cm and 180 cm<\/li>\n<li>Stores table edging<\/li>\n<li>Stores 7 Banquet tables or 10 Event tables<\/li>\n<\/ul>","protected":false},"excerpt":{"rendered":"<p>Flexible trolley for storage and transfer for Event and Banquet tables. Suitable for conferences, party rooms and fairs where the number of tables varies at each occasion. Think of your staff, use good carts!<\/p>","protected":false},"featured_media":97187,"template":"","meta":{"iawp_total_views":33},"product_brand":[],"product_cat":[5941,5878],"product_tag":[6239,6240,6241],"class_list":{"0":"post-62679","1":"product","2":"type-product","3":"status-publish","4":"has-post-thumbnail","6":"product_cat-bordsvagnar","7":"product_cat-vagnar","8":"product_tag-vagn-bankett","9":"product_tag-vagn-till-runda-bord","10":"product_tag-bordsvagn","12":"first","13":"instock","14":"taxable","15":"shipping-taxable","16":"purchasable","17":"product-type-variable"},"yoast_head":"<!-- This site is optimized with the Yoast SEO plugin v27.0 - https:\/\/yoast.com\/product\/yoast-seo-wordpress\/ -->\n<title>Vagn Bankett - Bjerring-Sales<\/title>\n<meta name=\"description\" content=\"Smidig vagn f\u00f6r f\u00f6rvaring och f\u00f6rflyttning f\u00f6r Event- och Bankettbord. L\u00e4mpligt f\u00f6r konferenser, festlokaler och m\u00e4ssor d\u00e4r antalet bord varierar vid varje tillf\u00e4lle.\" \/>\n<meta name=\"robots\" content=\"index, follow, max-snippet:-1, max-image-preview:large, max-video-preview:-1\" \/>\n<link rel=\"canonical\" href=\"https:\/\/shop.bjerring-sales.dk\/en\/product\/vagn-bankett\/\" \/>\n<meta property=\"og:locale\" content=\"en_GB\" \/>\n<meta property=\"og:type\" content=\"article\" \/>\n<meta property=\"og:title\" content=\"Vagn Bankett - Bjerring-Sales\" \/>\n<meta property=\"og:description\" content=\"Smidig vagn f\u00f6r f\u00f6rvaring och f\u00f6rflyttning f\u00f6r Event- och Bankettbord. L\u00e4mpligt f\u00f6r konferenser, festlokaler och m\u00e4ssor d\u00e4r antalet bord varierar vid varje tillf\u00e4lle.\" \/>\n<meta property=\"og:url\" content=\"https:\/\/shop.bjerring-sales.dk\/en\/product\/vagn-bankett\/\" \/>\n<meta property=\"og:site_name\" content=\"Bjerring-Sales\" \/>\n<meta property=\"article:modified_time\" content=\"2024-04-21T16:38:18+00:00\" \/>\n<meta property=\"og:image\" content=\"https:\/\/shop.bjerring-sales.dk\/wp-content\/uploads\/2024\/03\/webb-vagnbankett.jpg\" \/>\n\t<meta property=\"og:image:width\" content=\"800\" \/>\n\t<meta property=\"og:image:height\" content=\"800\" \/>\n\t<meta property=\"og:image:type\" content=\"image\/jpeg\" \/>\n<meta name=\"twitter:card\" content=\"summary_large_image\" \/>\n<script type=\"application\/ld+json\" class=\"yoast-schema-graph\">{\"@context\":\"https:\/\/schema.org\",\"@graph\":[{\"@type\":\"WebPage\",\"@id\":\"https:\/\/shop.bjerring-sales.dk\/sv\/produkt\/vagn-bankett\/\",\"url\":\"https:\/\/shop.bjerring-sales.dk\/sv\/produkt\/vagn-bankett\/\",\"name\":\"Vagn Bankett - Bjerring-Sales\",\"isPartOf\":{\"@id\":\"https:\/\/shop.bjerring-sales.dk\/#website\"},\"primaryImageOfPage\":{\"@id\":\"https:\/\/shop.bjerring-sales.dk\/sv\/produkt\/vagn-bankett\/#primaryimage\"},\"image\":{\"@id\":\"https:\/\/shop.bjerring-sales.dk\/sv\/produkt\/vagn-bankett\/#primaryimage\"},\"thumbnailUrl\":\"https:\/\/shop.bjerring-sales.dk\/wp-content\/uploads\/2024\/03\/webb-vagnbankett.jpg\",\"datePublished\":\"2017-09-13T21:18:07+00:00\",\"dateModified\":\"2024-04-21T16:38:18+00:00\",\"description\":\"Smidig vagn f\u00f6r f\u00f6rvaring och f\u00f6rflyttning f\u00f6r Event- och Bankettbord. L\u00e4mpligt f\u00f6r konferenser, festlokaler och m\u00e4ssor d\u00e4r antalet bord varierar vid varje tillf\u00e4lle.\",\"breadcrumb\":{\"@id\":\"https:\/\/shop.bjerring-sales.dk\/sv\/produkt\/vagn-bankett\/#breadcrumb\"},\"inLanguage\":\"en-GB\",\"potentialAction\":[{\"@type\":\"ReadAction\",\"target\":[\"https:\/\/shop.bjerring-sales.dk\/sv\/produkt\/vagn-bankett\/\"]}]},{\"@type\":\"ImageObject\",\"inLanguage\":\"en-GB\",\"@id\":\"https:\/\/shop.bjerring-sales.dk\/sv\/produkt\/vagn-bankett\/#primaryimage\",\"url\":\"https:\/\/shop.bjerring-sales.dk\/wp-content\/uploads\/2024\/03\/webb-vagnbankett.jpg\",\"contentUrl\":\"https:\/\/shop.bjerring-sales.dk\/wp-content\/uploads\/2024\/03\/webb-vagnbankett.jpg\",\"width\":800,\"height\":800},{\"@type\":\"BreadcrumbList\",\"@id\":\"https:\/\/shop.bjerring-sales.dk\/sv\/produkt\/vagn-bankett\/#breadcrumb\",\"itemListElement\":[{\"@type\":\"ListItem\",\"position\":1,\"name\":\"Hem\",\"item\":\"https:\/\/shop.bjerring-sales.dk\/\"},{\"@type\":\"ListItem\",\"position\":2,\"name\":\"Webbutik\",\"item\":\"https:\/\/shop.bjerring-sales.dk\/butik\/\"},{\"@type\":\"ListItem\",\"position\":3,\"name\":\"Vagn Bankett\"}]},{\"@type\":\"WebSite\",\"@id\":\"https:\/\/shop.bjerring-sales.dk\/#website\",\"url\":\"https:\/\/shop.bjerring-sales.dk\/\",\"name\":\"Bjerring-Sales\",\"description\":\"M\u00f6bler f\u00f6r teatrar, skolor, kontor och k\u00f6pcentrum\",\"publisher\":{\"@id\":\"https:\/\/shop.bjerring-sales.dk\/#organization\"},\"potentialAction\":[{\"@type\":\"SearchAction\",\"target\":{\"@type\":\"EntryPoint\",\"urlTemplate\":\"https:\/\/shop.bjerring-sales.dk\/?s={search_term_string}\"},\"query-input\":{\"@type\":\"PropertyValueSpecification\",\"valueRequired\":true,\"valueName\":\"search_term_string\"}}],\"inLanguage\":\"en-GB\"},{\"@type\":\"Organization\",\"@id\":\"https:\/\/shop.bjerring-sales.dk\/#organization\",\"name\":\"Bjerring-Sales\",\"url\":\"https:\/\/shop.bjerring-sales.dk\/\",\"logo\":{\"@type\":\"ImageObject\",\"inLanguage\":\"en-GB\",\"@id\":\"https:\/\/shop.bjerring-sales.dk\/#\/schema\/logo\/image\/\",\"url\":\"https:\/\/shop.bjerring-sales.dk\/wp-content\/uploads\/2023\/01\/logo_sv.png\",\"contentUrl\":\"https:\/\/shop.bjerring-sales.dk\/wp-content\/uploads\/2023\/01\/logo_sv.png\",\"width\":195,\"height\":68,\"caption\":\"Bjerring-Sales\"},\"image\":{\"@id\":\"https:\/\/shop.bjerring-sales.dk\/#\/schema\/logo\/image\/\"}}]}<\/script>\n<!-- \/ Yoast SEO plugin. -->","yoast_head_json":{"title":"Vagn Bankett - Bjerring-Sales","description":"Smidig vagn f\u00f6r f\u00f6rvaring och f\u00f6rflyttning f\u00f6r Event- och Bankettbord. L\u00e4mpligt f\u00f6r konferenser, festlokaler och m\u00e4ssor d\u00e4r antalet bord varierar vid varje tillf\u00e4lle.","robots":{"index":"index","follow":"follow","max-snippet":"max-snippet:-1","max-image-preview":"max-image-preview:large","max-video-preview":"max-video-preview:-1"},"canonical":"https:\/\/shop.bjerring-sales.dk\/en\/product\/vagn-bankett\/","og_locale":"en_GB","og_type":"article","og_title":"Vagn Bankett - Bjerring-Sales","og_description":"Smidig vagn f\u00f6r f\u00f6rvaring och f\u00f6rflyttning f\u00f6r Event- och Bankettbord. L\u00e4mpligt f\u00f6r konferenser, festlokaler och m\u00e4ssor d\u00e4r antalet bord varierar vid varje tillf\u00e4lle.","og_url":"https:\/\/shop.bjerring-sales.dk\/en\/product\/vagn-bankett\/","og_site_name":"Bjerring-Sales","article_modified_time":"2024-04-21T16:38:18+00:00","og_image":[{"width":800,"height":800,"url":"https:\/\/shop.bjerring-sales.dk\/wp-content\/uploads\/2024\/03\/webb-vagnbankett.jpg","type":"image\/jpeg"}],"twitter_card":"summary_large_image","schema":{"@context":"https:\/\/schema.org","@graph":[{"@type":"WebPage","@id":"https:\/\/shop.bjerring-sales.dk\/sv\/produkt\/vagn-bankett\/","url":"https:\/\/shop.bjerring-sales.dk\/sv\/produkt\/vagn-bankett\/","name":"Vagn Bankett - Bjerring-Sales","isPartOf":{"@id":"https:\/\/shop.bjerring-sales.dk\/#website"},"primaryImageOfPage":{"@id":"https:\/\/shop.bjerring-sales.dk\/sv\/produkt\/vagn-bankett\/#primaryimage"},"image":{"@id":"https:\/\/shop.bjerring-sales.dk\/sv\/produkt\/vagn-bankett\/#primaryimage"},"thumbnailUrl":"https:\/\/shop.bjerring-sales.dk\/wp-content\/uploads\/2024\/03\/webb-vagnbankett.jpg","datePublished":"2017-09-13T21:18:07+00:00","dateModified":"2024-04-21T16:38:18+00:00","description":"Smidig vagn f\u00f6r f\u00f6rvaring och f\u00f6rflyttning f\u00f6r Event- och Bankettbord. L\u00e4mpligt f\u00f6r konferenser, festlokaler och m\u00e4ssor d\u00e4r antalet bord varierar vid varje tillf\u00e4lle.","breadcrumb":{"@id":"https:\/\/shop.bjerring-sales.dk\/sv\/produkt\/vagn-bankett\/#breadcrumb"},"inLanguage":"en-GB","potentialAction":[{"@type":"ReadAction","target":["https:\/\/shop.bjerring-sales.dk\/sv\/produkt\/vagn-bankett\/"]}]},{"@type":"ImageObject","inLanguage":"en-GB","@id":"https:\/\/shop.bjerring-sales.dk\/sv\/produkt\/vagn-bankett\/#primaryimage","url":"https:\/\/shop.bjerring-sales.dk\/wp-content\/uploads\/2024\/03\/webb-vagnbankett.jpg","contentUrl":"https:\/\/shop.bjerring-sales.dk\/wp-content\/uploads\/2024\/03\/webb-vagnbankett.jpg","width":800,"height":800},{"@type":"BreadcrumbList","@id":"https:\/\/shop.bjerring-sales.dk\/sv\/produkt\/vagn-bankett\/#breadcrumb","itemListElement":[{"@type":"ListItem","position":1,"name":"Hem","item":"https:\/\/shop.bjerring-sales.dk\/"},{"@type":"ListItem","position":2,"name":"Webbutik","item":"https:\/\/shop.bjerring-sales.dk\/butik\/"},{"@type":"ListItem","position":3,"name":"Vagn Bankett"}]},{"@type":"WebSite","@id":"https:\/\/shop.bjerring-sales.dk\/#website","url":"https:\/\/shop.bjerring-sales.dk\/","name":"Bjerring Sales","description":"Furniture for theatres, schools, offices and shopping centres","publisher":{"@id":"https:\/\/shop.bjerring-sales.dk\/#organization"},"potentialAction":[{"@type":"SearchAction","target":{"@type":"EntryPoint","urlTemplate":"https:\/\/shop.bjerring-sales.dk\/?s={search_term_string}"},"query-input":{"@type":"PropertyValueSpecification","valueRequired":true,"valueName":"search_term_string"}}],"inLanguage":"en-GB"},{"@type":"Organization","@id":"https:\/\/shop.bjerring-sales.dk\/#organization","name":"Bjerring Sales","url":"https:\/\/shop.bjerring-sales.dk\/","logo":{"@type":"ImageObject","inLanguage":"en-GB","@id":"https:\/\/shop.bjerring-sales.dk\/#\/schema\/logo\/image\/","url":"https:\/\/shop.bjerring-sales.dk\/wp-content\/uploads\/2023\/01\/logo_sv.png","contentUrl":"https:\/\/shop.bjerring-sales.dk\/wp-content\/uploads\/2023\/01\/logo_sv.png","width":195,"height":68,"caption":"Bjerring-Sales"},"image":{"@id":"https:\/\/shop.bjerring-sales.dk\/#\/schema\/logo\/image\/"}}]}},"_links":{"self":[{"href":"https:\/\/shop.bjerring-sales.dk\/en\/wp-json\/wp\/v2\/product\/62679","targetHints":{"allow":["GET"]}}],"collection":[{"href":"https:\/\/shop.bjerring-sales.dk\/en\/wp-json\/wp\/v2\/product"}],"about":[{"href":"https:\/\/shop.bjerring-sales.dk\/en\/wp-json\/wp\/v2\/types\/product"}],"wp:featuredmedia":[{"embeddable":true,"href":"https:\/\/shop.bjerring-sales.dk\/en\/wp-json\/wp\/v2\/media\/97187"}],"wp:attachment":[{"href":"https:\/\/shop.bjerring-sales.dk\/en\/wp-json\/wp\/v2\/media?parent=62679"}],"wp:term":[{"taxonomy":"product_brand","embeddable":true,"href":"https:\/\/shop.bjerring-sales.dk\/en\/wp-json\/wp\/v2\/product_brand?post=62679"},{"taxonomy":"product_cat","embeddable":true,"href":"https:\/\/shop.bjerring-sales.dk\/en\/wp-json\/wp\/v2\/product_cat?post=62679"},{"taxonomy":"product_tag","embeddable":true,"href":"https:\/\/shop.bjerring-sales.dk\/en\/wp-json\/wp\/v2\/product_tag?post=62679"}],"curies":[{"name":"wp","href":"https:\/\/api.w.org\/{rel}","templated":true}]}}