{"id":62673,"date":"2017-09-18T14:13:06","date_gmt":"2017-09-18T12:13:06","guid":{"rendered":"https:\/\/pule.se\/produkt\/vagn-rx\/"},"modified":"2022-12-27T20:30:00","modified_gmt":"2022-12-27T19:30:00","slug":"vagn-rx","status":"publish","type":"product","link":"https:\/\/shop.bjerring-sales.dk\/en\/product\/vagn-rx\/","title":{"rendered":"Wagon RX"},"content":{"rendered":"<p>Easy-to-drive trolley for storage and movement of the stackable chair RX002. Convenient for conferences, restaurants, trainings and other events that vary the number of chairs used. Think of your staff, use good carts!<\/p>\n<ul>\n<li>Only sold together with chairs<\/li>\n<li>Protective mat at the bottom<\/li>\n<li>Powder coated steel<\/li>\n<li>Holds 25 chairs<\/li>\n<li>The trolley is only sold in connection with the purchase of chairs<\/li>\n<\/ul>","protected":false},"excerpt":{"rendered":"<p>Only sold together with chairs. Easy-to-drive trolley for storing and moving the stackable chairs RX001 and RX002. Convenient for conferences, restaurants, trainings and other events that vary the number of chairs used. The trolley is only sold in connection with the purchase of chairs.<\/p>","protected":false},"featured_media":72916,"template":"","meta":{"iawp_total_views":6},"product_brand":[],"product_cat":[5879,5878],"product_tag":[6215,6232,6233],"class_list":{"0":"post-62673","1":"product","2":"type-product","3":"status-publish","4":"has-post-thumbnail","6":"product_cat-stolsvagnar","7":"product_cat-vagnar","8":"product_tag-vagn-till-stolar","9":"product_tag-stolsvagn","10":"product_tag-vagn-rx","12":"first","13":"instock","14":"taxable","15":"shipping-taxable","16":"purchasable","17":"product-type-simple"},"yoast_head":"<!-- This site is optimized with the Yoast SEO plugin v27.0 - https:\/\/yoast.com\/product\/yoast-seo-wordpress\/ -->\n<title>Vagn RX - Bjerring-Sales<\/title>\n<meta name=\"description\" content=\"L\u00e4ttk\u00f6rd vagn f\u00f6r f\u00f6rvaring och f\u00f6rflyttning av stapelbara stolarna RX001 och RX002. Smidigt f\u00f6r konferenser, restauranger, utbildningar och andra event som varierar antalet anv\u00e4nda stolar.\" \/>\n<meta name=\"robots\" content=\"index, follow, max-snippet:-1, max-image-preview:large, max-video-preview:-1\" \/>\n<link rel=\"canonical\" href=\"https:\/\/shop.bjerring-sales.dk\/en\/product\/vagn-rx\/\" \/>\n<meta property=\"og:locale\" content=\"en_GB\" \/>\n<meta property=\"og:type\" content=\"article\" \/>\n<meta property=\"og:title\" content=\"Vagn RX - Bjerring-Sales\" \/>\n<meta property=\"og:description\" content=\"L\u00e4ttk\u00f6rd vagn f\u00f6r f\u00f6rvaring och f\u00f6rflyttning av stapelbara stolarna RX001 och RX002. Smidigt f\u00f6r konferenser, restauranger, utbildningar och andra event som varierar antalet anv\u00e4nda stolar.\" \/>\n<meta property=\"og:url\" content=\"https:\/\/shop.bjerring-sales.dk\/en\/product\/vagn-rx\/\" \/>\n<meta property=\"og:site_name\" content=\"Bjerring-Sales\" \/>\n<meta property=\"article:modified_time\" content=\"2022-12-27T19:30:00+00:00\" \/>\n<meta property=\"og:image\" content=\"https:\/\/pule.se\/wp-content\/uploads\/2017\/09\/webb-eljvagnrx-2.jpg\" \/>\n\t<meta property=\"og:image:width\" content=\"800\" \/>\n\t<meta property=\"og:image:height\" content=\"800\" \/>\n\t<meta property=\"og:image:type\" content=\"image\/jpeg\" \/>\n<meta name=\"twitter:card\" content=\"summary_large_image\" \/>\n<meta name=\"twitter:label1\" content=\"Estimated reading time\" \/>\n\t<meta name=\"twitter:data1\" content=\"1 minute\" \/>\n<script type=\"application\/ld+json\" class=\"yoast-schema-graph\">{\"@context\":\"https:\/\/schema.org\",\"@graph\":[{\"@type\":\"WebPage\",\"@id\":\"https:\/\/shop.bjerring-sales.dk\/sv\/produkt\/vagn-rx\/\",\"url\":\"https:\/\/shop.bjerring-sales.dk\/sv\/produkt\/vagn-rx\/\",\"name\":\"Vagn RX - Bjerring-Sales\",\"isPartOf\":{\"@id\":\"https:\/\/shop.bjerring-sales.dk\/#website\"},\"primaryImageOfPage\":{\"@id\":\"https:\/\/shop.bjerring-sales.dk\/sv\/produkt\/vagn-rx\/#primaryimage\"},\"image\":{\"@id\":\"https:\/\/shop.bjerring-sales.dk\/sv\/produkt\/vagn-rx\/#primaryimage\"},\"thumbnailUrl\":\"https:\/\/shop.bjerring-sales.dk\/wp-content\/uploads\/2017\/09\/webb-eljvagnrx-2.jpg\",\"datePublished\":\"2017-09-18T12:13:06+00:00\",\"dateModified\":\"2022-12-27T19:30:00+00:00\",\"description\":\"L\u00e4ttk\u00f6rd vagn f\u00f6r f\u00f6rvaring och f\u00f6rflyttning av stapelbara stolarna RX001 och RX002. Smidigt f\u00f6r konferenser, restauranger, utbildningar och andra event som varierar antalet anv\u00e4nda stolar.\",\"breadcrumb\":{\"@id\":\"https:\/\/shop.bjerring-sales.dk\/sv\/produkt\/vagn-rx\/#breadcrumb\"},\"inLanguage\":\"en-GB\",\"potentialAction\":[{\"@type\":\"ReadAction\",\"target\":[\"https:\/\/shop.bjerring-sales.dk\/sv\/produkt\/vagn-rx\/\"]}]},{\"@type\":\"ImageObject\",\"inLanguage\":\"en-GB\",\"@id\":\"https:\/\/shop.bjerring-sales.dk\/sv\/produkt\/vagn-rx\/#primaryimage\",\"url\":\"https:\/\/shop.bjerring-sales.dk\/wp-content\/uploads\/2017\/09\/webb-eljvagnrx-2.jpg\",\"contentUrl\":\"https:\/\/shop.bjerring-sales.dk\/wp-content\/uploads\/2017\/09\/webb-eljvagnrx-2.jpg\",\"width\":800,\"height\":800},{\"@type\":\"BreadcrumbList\",\"@id\":\"https:\/\/shop.bjerring-sales.dk\/sv\/produkt\/vagn-rx\/#breadcrumb\",\"itemListElement\":[{\"@type\":\"ListItem\",\"position\":1,\"name\":\"Hem\",\"item\":\"https:\/\/shop.bjerring-sales.dk\/\"},{\"@type\":\"ListItem\",\"position\":2,\"name\":\"Webbutik\",\"item\":\"https:\/\/shop.bjerring-sales.dk\/butik\/\"},{\"@type\":\"ListItem\",\"position\":3,\"name\":\"Vagn RX\"}]},{\"@type\":\"WebSite\",\"@id\":\"https:\/\/shop.bjerring-sales.dk\/#website\",\"url\":\"https:\/\/shop.bjerring-sales.dk\/\",\"name\":\"Bjerring-Sales\",\"description\":\"M\u00f6bler f\u00f6r teatrar, skolor, kontor och k\u00f6pcentrum\",\"publisher\":{\"@id\":\"https:\/\/shop.bjerring-sales.dk\/#organization\"},\"potentialAction\":[{\"@type\":\"SearchAction\",\"target\":{\"@type\":\"EntryPoint\",\"urlTemplate\":\"https:\/\/shop.bjerring-sales.dk\/?s={search_term_string}\"},\"query-input\":{\"@type\":\"PropertyValueSpecification\",\"valueRequired\":true,\"valueName\":\"search_term_string\"}}],\"inLanguage\":\"en-GB\"},{\"@type\":\"Organization\",\"@id\":\"https:\/\/shop.bjerring-sales.dk\/#organization\",\"name\":\"Bjerring-Sales\",\"url\":\"https:\/\/shop.bjerring-sales.dk\/\",\"logo\":{\"@type\":\"ImageObject\",\"inLanguage\":\"en-GB\",\"@id\":\"https:\/\/shop.bjerring-sales.dk\/#\/schema\/logo\/image\/\",\"url\":\"https:\/\/shop.bjerring-sales.dk\/wp-content\/uploads\/2023\/01\/logo_sv.png\",\"contentUrl\":\"https:\/\/shop.bjerring-sales.dk\/wp-content\/uploads\/2023\/01\/logo_sv.png\",\"width\":195,\"height\":68,\"caption\":\"Bjerring-Sales\"},\"image\":{\"@id\":\"https:\/\/shop.bjerring-sales.dk\/#\/schema\/logo\/image\/\"}}]}<\/script>\n<!-- \/ Yoast SEO plugin. -->","yoast_head_json":{"title":"Vagn RX - Bjerring-Sales","description":"L\u00e4ttk\u00f6rd vagn f\u00f6r f\u00f6rvaring och f\u00f6rflyttning av stapelbara stolarna RX001 och RX002. Smidigt f\u00f6r konferenser, restauranger, utbildningar och andra event som varierar antalet anv\u00e4nda stolar.","robots":{"index":"index","follow":"follow","max-snippet":"max-snippet:-1","max-image-preview":"max-image-preview:large","max-video-preview":"max-video-preview:-1"},"canonical":"https:\/\/shop.bjerring-sales.dk\/en\/product\/vagn-rx\/","og_locale":"en_GB","og_type":"article","og_title":"Vagn RX - Bjerring-Sales","og_description":"L\u00e4ttk\u00f6rd vagn f\u00f6r f\u00f6rvaring och f\u00f6rflyttning av stapelbara stolarna RX001 och RX002. Smidigt f\u00f6r konferenser, restauranger, utbildningar och andra event som varierar antalet anv\u00e4nda stolar.","og_url":"https:\/\/shop.bjerring-sales.dk\/en\/product\/vagn-rx\/","og_site_name":"Bjerring-Sales","article_modified_time":"2022-12-27T19:30:00+00:00","og_image":[{"width":800,"height":800,"url":"https:\/\/pule.se\/wp-content\/uploads\/2017\/09\/webb-eljvagnrx-2.jpg","type":"image\/jpeg"}],"twitter_card":"summary_large_image","twitter_misc":{"Estimated reading time":"1 minute"},"schema":{"@context":"https:\/\/schema.org","@graph":[{"@type":"WebPage","@id":"https:\/\/shop.bjerring-sales.dk\/sv\/produkt\/vagn-rx\/","url":"https:\/\/shop.bjerring-sales.dk\/sv\/produkt\/vagn-rx\/","name":"Vagn RX - Bjerring-Sales","isPartOf":{"@id":"https:\/\/shop.bjerring-sales.dk\/#website"},"primaryImageOfPage":{"@id":"https:\/\/shop.bjerring-sales.dk\/sv\/produkt\/vagn-rx\/#primaryimage"},"image":{"@id":"https:\/\/shop.bjerring-sales.dk\/sv\/produkt\/vagn-rx\/#primaryimage"},"thumbnailUrl":"https:\/\/shop.bjerring-sales.dk\/wp-content\/uploads\/2017\/09\/webb-eljvagnrx-2.jpg","datePublished":"2017-09-18T12:13:06+00:00","dateModified":"2022-12-27T19:30:00+00:00","description":"L\u00e4ttk\u00f6rd vagn f\u00f6r f\u00f6rvaring och f\u00f6rflyttning av stapelbara stolarna RX001 och RX002. Smidigt f\u00f6r konferenser, restauranger, utbildningar och andra event som varierar antalet anv\u00e4nda stolar.","breadcrumb":{"@id":"https:\/\/shop.bjerring-sales.dk\/sv\/produkt\/vagn-rx\/#breadcrumb"},"inLanguage":"en-GB","potentialAction":[{"@type":"ReadAction","target":["https:\/\/shop.bjerring-sales.dk\/sv\/produkt\/vagn-rx\/"]}]},{"@type":"ImageObject","inLanguage":"en-GB","@id":"https:\/\/shop.bjerring-sales.dk\/sv\/produkt\/vagn-rx\/#primaryimage","url":"https:\/\/shop.bjerring-sales.dk\/wp-content\/uploads\/2017\/09\/webb-eljvagnrx-2.jpg","contentUrl":"https:\/\/shop.bjerring-sales.dk\/wp-content\/uploads\/2017\/09\/webb-eljvagnrx-2.jpg","width":800,"height":800},{"@type":"BreadcrumbList","@id":"https:\/\/shop.bjerring-sales.dk\/sv\/produkt\/vagn-rx\/#breadcrumb","itemListElement":[{"@type":"ListItem","position":1,"name":"Hem","item":"https:\/\/shop.bjerring-sales.dk\/"},{"@type":"ListItem","position":2,"name":"Webbutik","item":"https:\/\/shop.bjerring-sales.dk\/butik\/"},{"@type":"ListItem","position":3,"name":"Vagn RX"}]},{"@type":"WebSite","@id":"https:\/\/shop.bjerring-sales.dk\/#website","url":"https:\/\/shop.bjerring-sales.dk\/","name":"Bjerring Sales","description":"Furniture for theatres, schools, offices and shopping centres","publisher":{"@id":"https:\/\/shop.bjerring-sales.dk\/#organization"},"potentialAction":[{"@type":"SearchAction","target":{"@type":"EntryPoint","urlTemplate":"https:\/\/shop.bjerring-sales.dk\/?s={search_term_string}"},"query-input":{"@type":"PropertyValueSpecification","valueRequired":true,"valueName":"search_term_string"}}],"inLanguage":"en-GB"},{"@type":"Organization","@id":"https:\/\/shop.bjerring-sales.dk\/#organization","name":"Bjerring Sales","url":"https:\/\/shop.bjerring-sales.dk\/","logo":{"@type":"ImageObject","inLanguage":"en-GB","@id":"https:\/\/shop.bjerring-sales.dk\/#\/schema\/logo\/image\/","url":"https:\/\/shop.bjerring-sales.dk\/wp-content\/uploads\/2023\/01\/logo_sv.png","contentUrl":"https:\/\/shop.bjerring-sales.dk\/wp-content\/uploads\/2023\/01\/logo_sv.png","width":195,"height":68,"caption":"Bjerring-Sales"},"image":{"@id":"https:\/\/shop.bjerring-sales.dk\/#\/schema\/logo\/image\/"}}]}},"_links":{"self":[{"href":"https:\/\/shop.bjerring-sales.dk\/en\/wp-json\/wp\/v2\/product\/62673","targetHints":{"allow":["GET"]}}],"collection":[{"href":"https:\/\/shop.bjerring-sales.dk\/en\/wp-json\/wp\/v2\/product"}],"about":[{"href":"https:\/\/shop.bjerring-sales.dk\/en\/wp-json\/wp\/v2\/types\/product"}],"wp:featuredmedia":[{"embeddable":true,"href":"https:\/\/shop.bjerring-sales.dk\/en\/wp-json\/wp\/v2\/media\/72916"}],"wp:attachment":[{"href":"https:\/\/shop.bjerring-sales.dk\/en\/wp-json\/wp\/v2\/media?parent=62673"}],"wp:term":[{"taxonomy":"product_brand","embeddable":true,"href":"https:\/\/shop.bjerring-sales.dk\/en\/wp-json\/wp\/v2\/product_brand?post=62673"},{"taxonomy":"product_cat","embeddable":true,"href":"https:\/\/shop.bjerring-sales.dk\/en\/wp-json\/wp\/v2\/product_cat?post=62673"},{"taxonomy":"product_tag","embeddable":true,"href":"https:\/\/shop.bjerring-sales.dk\/en\/wp-json\/wp\/v2\/product_tag?post=62673"}],"curies":[{"name":"wp","href":"https:\/\/api.w.org\/{rel}","templated":true}]}}