{"id":62555,"date":"2022-12-22T12:00:53","date_gmt":"2022-12-22T11:00:53","guid":{"rendered":"https:\/\/pule.se\/produkt\/bordsskivor\/"},"modified":"2026-04-17T15:43:12","modified_gmt":"2026-04-17T13:43:12","slug":"bordsskivor","status":"publish","type":"product","link":"https:\/\/shop.bjerring-sales.dk\/en\/product\/bordsskivor\/","title":{"rendered":"Rectangular laminate boards"},"content":{"rendered":"<div class=\"wpb-content-wrapper\"><div class=\"vc_row wpb_row vc_row-fluid\"><div class=\"wpb_column vc_column_container vc_col-sm-12\"><div class=\"vc_column-inner\"><div class=\"wpb_wrapper\">\n\t<div class=\"wpb_text_column wpb_content_element\" >\n\t\t<div class=\"wpb_wrapper\">\n\t\t\t<p><span style=\"font-size: 24pt;\">Rectangular laminate table tops are both affordable &amp; durable<br \/>\n<\/span>Laminate table tops are an excellent choice for those who want a durable, affordable and easy-to-maintain surface on their desk. Laminate is a composite material consisting of several layers of pressed paper covered with a protective coating. This makes laminate boards highly resistant to scratches, stains and heat, making them ideal for use in both restaurant and office environments.<\/p>\n<p>Another advantage of laminate boards is that they come in a variety of colors and patterns, so you can choose the style that suits your home. Whether you prefer a classic, natural look or a more modern and trendy style, there is a laminate to suit you. Laminate boards are also easy to clean and maintain. You can easily wipe them with a damp cloth and some mild detergent.<\/p>\n<p>If you want a durable, affordable and easy-to-maintain tabletop, laminate tops are definitely worth considering.<\/p>\n<ul>\n<li>Sustainable<\/li>\n<li>Easy-to-maintain surface<\/li>\n<li>Table tops in white, grey, black, beech, birch, oak, urban oak<\/li>\n<li>Disc thickness: 19 mm. Table top 2000\u00d7100 is 22 mm thick<\/li>\n<\/ul>\n<p><a href=\"https:\/\/shop.bjerring-sales.dk\/wp-content\/uploads\/2022\/12\/allatraslag.jpg\"><img loading=\"lazy\" decoding=\"async\" class=\"alignnone size-full wp-image-102067\" src=\"https:\/\/shop.bjerring-sales.dk\/wp-content\/uploads\/2022\/12\/allatraslag.jpg\" alt=\"\" width=\"1646\" height=\"831\" srcset=\"https:\/\/shop.bjerring-sales.dk\/wp-content\/uploads\/2022\/12\/allatraslag.jpg 1646w, https:\/\/shop.bjerring-sales.dk\/wp-content\/uploads\/2022\/12\/allatraslag-300x151.jpg 300w, https:\/\/shop.bjerring-sales.dk\/wp-content\/uploads\/2022\/12\/allatraslag-1024x517.jpg 1024w, https:\/\/shop.bjerring-sales.dk\/wp-content\/uploads\/2022\/12\/allatraslag-768x388.jpg 768w, https:\/\/shop.bjerring-sales.dk\/wp-content\/uploads\/2022\/12\/allatraslag-1536x775.jpg 1536w, https:\/\/shop.bjerring-sales.dk\/wp-content\/uploads\/2022\/12\/allatraslag-18x9.jpg 18w, https:\/\/shop.bjerring-sales.dk\/wp-content\/uploads\/2022\/12\/allatraslag-600x303.jpg 600w, https:\/\/shop.bjerring-sales.dk\/wp-content\/uploads\/2022\/12\/allatraslag-150x76.jpg 150w\" sizes=\"auto, (max-width: 1646px) 100vw, 1646px\" \/><\/a><\/p>\n\n\t\t<\/div>\n\t<\/div>\n<\/div><\/div><\/div><\/div>\n<\/div>","protected":false},"excerpt":{"rendered":"<p>Laminate table tops are an excellent choice for those who want a durable, affordable and easy-to-maintain surface on their desk. Laminate is a composite material consisting of several layers of pressed paper covered with a protective coating.<\/p>","protected":false},"featured_media":99408,"template":"","meta":{"iawp_total_views":32},"product_brand":[],"product_cat":[5787,5868],"product_tag":[6220,6102,6218,6219],"class_list":{"0":"post-62555","1":"product","2":"type-product","3":"status-publish","4":"has-post-thumbnail","6":"product_cat-bord","7":"product_cat-bordsskivor","8":"product_tag-melamin-skivor","9":"product_tag-bordsskivor","10":"product_tag-rektangulara-skivor","11":"product_tag-laminatskivor","13":"first","14":"instock","15":"taxable","16":"shipping-taxable","17":"purchasable","18":"product-type-variable"},"yoast_head":"<!-- This site is optimized with the Yoast SEO plugin v27.0 - https:\/\/yoast.com\/product\/yoast-seo-wordpress\/ -->\n<title>Rektangul\u00e4ra laminatskivor - Bjerring-Sales<\/title>\n<meta name=\"description\" content=\"Rektangul\u00e4ra bordsskivor i olika storlekar. Beroende p\u00e5 storlek \u00e4r de l\u00e4mpliga att anv\u00e4nda p\u00e5 caf\u00e9er, restauranger, fikarum, hotell, konferenser samt som skrivbord.\" \/>\n<meta name=\"robots\" content=\"index, follow, max-snippet:-1, max-image-preview:large, max-video-preview:-1\" \/>\n<link rel=\"canonical\" href=\"https:\/\/shop.bjerring-sales.dk\/en\/product\/bordsskivor\/\" \/>\n<meta property=\"og:locale\" content=\"en_GB\" \/>\n<meta property=\"og:type\" content=\"article\" \/>\n<meta property=\"og:title\" content=\"Rektangul\u00e4ra bordsskivor i laminat \u00e4r b\u00e5de prisv\u00e4rda &amp; h\u00e5llbara\" \/>\n<meta property=\"og:description\" content=\"Bordsskivor i laminat \u00e4r ett utm\u00e4rkt val f\u00f6r dig som vill ha en h\u00e5llbar, prisv\u00e4rd och l\u00e4ttunderh\u00e5llen yta p\u00e5 ditt skrivbord. Laminat \u00e4r en kompositmaterial som best\u00e5r av flera skikt av pressat papper som t\u00e4cks med en skyddande bel\u00e4ggning. Detta g\u00f6r att laminatskivor \u00e4r mycket motst\u00e5ndskraftiga mot repor, fl\u00e4ckar och v\u00e4rme, vilket g\u00f6r dem idealiska f\u00f6r anv\u00e4ndning i b\u00e5de restaurang och kontorslandskap.\" \/>\n<meta property=\"og:url\" content=\"https:\/\/shop.bjerring-sales.dk\/en\/product\/bordsskivor\/\" \/>\n<meta property=\"og:site_name\" content=\"Bjerring-Sales\" \/>\n<meta property=\"article:modified_time\" content=\"2026-04-17T13:43:12+00:00\" \/>\n<meta property=\"og:image\" content=\"https:\/\/shop.bjerring-sales.dk\/wp-content\/uploads\/2017\/11\/kategori-bordsskivor.jpg\" \/>\n\t<meta property=\"og:image:width\" content=\"800\" \/>\n\t<meta property=\"og:image:height\" content=\"800\" \/>\n\t<meta property=\"og:image:type\" content=\"image\/jpeg\" \/>\n<meta name=\"twitter:card\" content=\"summary_large_image\" \/>\n<meta name=\"twitter:title\" content=\"Rektangul\u00e4ra bordsskivor i laminat \u00e4r b\u00e5de prisv\u00e4rda &amp; h\u00e5llbara\" \/>\n<meta name=\"twitter:description\" content=\"Bordsskivor i laminat \u00e4r ett utm\u00e4rkt val f\u00f6r dig som vill ha en h\u00e5llbar, prisv\u00e4rd och l\u00e4ttunderh\u00e5llen yta p\u00e5 ditt skrivbord. Laminat \u00e4r en kompositmaterial som best\u00e5r av flera skikt av pressat papper som t\u00e4cks med en skyddande bel\u00e4ggning. Detta g\u00f6r att laminatskivor \u00e4r mycket motst\u00e5ndskraftiga mot repor, fl\u00e4ckar och v\u00e4rme, vilket g\u00f6r dem idealiska f\u00f6r anv\u00e4ndning i b\u00e5de restaurang och kontorslandskap.\" \/>\n<meta name=\"twitter:image\" content=\"https:\/\/shop.bjerring-sales.dk\/wp-content\/uploads\/2017\/11\/kategori-bordsskivor.jpg\" \/>\n<meta name=\"twitter:label1\" content=\"Estimated reading time\" \/>\n\t<meta name=\"twitter:data1\" content=\"2 minutes\" \/>\n<script type=\"application\/ld+json\" class=\"yoast-schema-graph\">{\"@context\":\"https:\/\/schema.org\",\"@graph\":[{\"@type\":\"WebPage\",\"@id\":\"https:\/\/shop.bjerring-sales.dk\/product\/bordsskivor\/\",\"url\":\"https:\/\/shop.bjerring-sales.dk\/product\/bordsskivor\/\",\"name\":\"Rektangul\u00e4ra laminatskivor - Bjerring-Sales\",\"isPartOf\":{\"@id\":\"https:\/\/shop.bjerring-sales.dk\/#website\"},\"primaryImageOfPage\":{\"@id\":\"https:\/\/shop.bjerring-sales.dk\/product\/bordsskivor\/#primaryimage\"},\"image\":{\"@id\":\"https:\/\/shop.bjerring-sales.dk\/product\/bordsskivor\/#primaryimage\"},\"thumbnailUrl\":\"https:\/\/shop.bjerring-sales.dk\/wp-content\/uploads\/2024\/10\/Bordsskiva_180x80_urban_oak.jpg\",\"datePublished\":\"2022-12-22T11:00:53+00:00\",\"dateModified\":\"2026-04-17T13:43:12+00:00\",\"description\":\"Rektangul\u00e4ra bordsskivor i olika storlekar. Beroende p\u00e5 storlek \u00e4r de l\u00e4mpliga att anv\u00e4nda p\u00e5 caf\u00e9er, restauranger, fikarum, hotell, konferenser samt som skrivbord.\",\"breadcrumb\":{\"@id\":\"https:\/\/shop.bjerring-sales.dk\/product\/bordsskivor\/#breadcrumb\"},\"inLanguage\":\"en-GB\",\"potentialAction\":[{\"@type\":\"ReadAction\",\"target\":[\"https:\/\/shop.bjerring-sales.dk\/product\/bordsskivor\/\"]}]},{\"@type\":\"ImageObject\",\"inLanguage\":\"en-GB\",\"@id\":\"https:\/\/shop.bjerring-sales.dk\/product\/bordsskivor\/#primaryimage\",\"url\":\"https:\/\/shop.bjerring-sales.dk\/wp-content\/uploads\/2024\/10\/Bordsskiva_180x80_urban_oak.jpg\",\"contentUrl\":\"https:\/\/shop.bjerring-sales.dk\/wp-content\/uploads\/2024\/10\/Bordsskiva_180x80_urban_oak.jpg\",\"width\":800,\"height\":800},{\"@type\":\"BreadcrumbList\",\"@id\":\"https:\/\/shop.bjerring-sales.dk\/product\/bordsskivor\/#breadcrumb\",\"itemListElement\":[{\"@type\":\"ListItem\",\"position\":1,\"name\":\"Hem\",\"item\":\"https:\/\/shop.bjerring-sales.dk\/\"},{\"@type\":\"ListItem\",\"position\":2,\"name\":\"Webbutik\",\"item\":\"https:\/\/shop.bjerring-sales.dk\/butik\/\"},{\"@type\":\"ListItem\",\"position\":3,\"name\":\"Rektangul\u00e4ra laminatskivor\"}]},{\"@type\":\"WebSite\",\"@id\":\"https:\/\/shop.bjerring-sales.dk\/#website\",\"url\":\"https:\/\/shop.bjerring-sales.dk\/\",\"name\":\"Bjerring-Sales\",\"description\":\"M\u00f6bler f\u00f6r teatrar, skolor, kontor och k\u00f6pcentrum\",\"publisher\":{\"@id\":\"https:\/\/shop.bjerring-sales.dk\/#organization\"},\"potentialAction\":[{\"@type\":\"SearchAction\",\"target\":{\"@type\":\"EntryPoint\",\"urlTemplate\":\"https:\/\/shop.bjerring-sales.dk\/?s={search_term_string}\"},\"query-input\":{\"@type\":\"PropertyValueSpecification\",\"valueRequired\":true,\"valueName\":\"search_term_string\"}}],\"inLanguage\":\"en-GB\"},{\"@type\":\"Organization\",\"@id\":\"https:\/\/shop.bjerring-sales.dk\/#organization\",\"name\":\"Bjerring-Sales\",\"url\":\"https:\/\/shop.bjerring-sales.dk\/\",\"logo\":{\"@type\":\"ImageObject\",\"inLanguage\":\"en-GB\",\"@id\":\"https:\/\/shop.bjerring-sales.dk\/#\/schema\/logo\/image\/\",\"url\":\"https:\/\/shop.bjerring-sales.dk\/wp-content\/uploads\/2023\/01\/logo_sv.png\",\"contentUrl\":\"https:\/\/shop.bjerring-sales.dk\/wp-content\/uploads\/2023\/01\/logo_sv.png\",\"width\":195,\"height\":68,\"caption\":\"Bjerring-Sales\"},\"image\":{\"@id\":\"https:\/\/shop.bjerring-sales.dk\/#\/schema\/logo\/image\/\"}}]}<\/script>\n<!-- \/ Yoast SEO plugin. -->","yoast_head_json":{"title":"Rektangul\u00e4ra laminatskivor - Bjerring-Sales","description":"Rektangul\u00e4ra bordsskivor i olika storlekar. Beroende p\u00e5 storlek \u00e4r de l\u00e4mpliga att anv\u00e4nda p\u00e5 caf\u00e9er, restauranger, fikarum, hotell, konferenser samt som skrivbord.","robots":{"index":"index","follow":"follow","max-snippet":"max-snippet:-1","max-image-preview":"max-image-preview:large","max-video-preview":"max-video-preview:-1"},"canonical":"https:\/\/shop.bjerring-sales.dk\/en\/product\/bordsskivor\/","og_locale":"en_GB","og_type":"article","og_title":"Rektangul\u00e4ra bordsskivor i laminat \u00e4r b\u00e5de prisv\u00e4rda & h\u00e5llbara","og_description":"Bordsskivor i laminat \u00e4r ett utm\u00e4rkt val f\u00f6r dig som vill ha en h\u00e5llbar, prisv\u00e4rd och l\u00e4ttunderh\u00e5llen yta p\u00e5 ditt skrivbord. Laminat \u00e4r en kompositmaterial som best\u00e5r av flera skikt av pressat papper som t\u00e4cks med en skyddande bel\u00e4ggning. Detta g\u00f6r att laminatskivor \u00e4r mycket motst\u00e5ndskraftiga mot repor, fl\u00e4ckar och v\u00e4rme, vilket g\u00f6r dem idealiska f\u00f6r anv\u00e4ndning i b\u00e5de restaurang och kontorslandskap.","og_url":"https:\/\/shop.bjerring-sales.dk\/en\/product\/bordsskivor\/","og_site_name":"Bjerring-Sales","article_modified_time":"2026-04-17T13:43:12+00:00","og_image":[{"width":800,"height":800,"url":"https:\/\/shop.bjerring-sales.dk\/wp-content\/uploads\/2017\/11\/kategori-bordsskivor.jpg","type":"image\/jpeg"}],"twitter_card":"summary_large_image","twitter_title":"Rektangul\u00e4ra bordsskivor i laminat \u00e4r b\u00e5de prisv\u00e4rda & h\u00e5llbara","twitter_description":"Bordsskivor i laminat \u00e4r ett utm\u00e4rkt val f\u00f6r dig som vill ha en h\u00e5llbar, prisv\u00e4rd och l\u00e4ttunderh\u00e5llen yta p\u00e5 ditt skrivbord. Laminat \u00e4r en kompositmaterial som best\u00e5r av flera skikt av pressat papper som t\u00e4cks med en skyddande bel\u00e4ggning. Detta g\u00f6r att laminatskivor \u00e4r mycket motst\u00e5ndskraftiga mot repor, fl\u00e4ckar och v\u00e4rme, vilket g\u00f6r dem idealiska f\u00f6r anv\u00e4ndning i b\u00e5de restaurang och kontorslandskap.","twitter_image":"https:\/\/shop.bjerring-sales.dk\/wp-content\/uploads\/2017\/11\/kategori-bordsskivor.jpg","twitter_misc":{"Estimated reading time":"2 minutes"},"schema":{"@context":"https:\/\/schema.org","@graph":[{"@type":"WebPage","@id":"https:\/\/shop.bjerring-sales.dk\/product\/bordsskivor\/","url":"https:\/\/shop.bjerring-sales.dk\/product\/bordsskivor\/","name":"Rektangul\u00e4ra laminatskivor - Bjerring-Sales","isPartOf":{"@id":"https:\/\/shop.bjerring-sales.dk\/#website"},"primaryImageOfPage":{"@id":"https:\/\/shop.bjerring-sales.dk\/product\/bordsskivor\/#primaryimage"},"image":{"@id":"https:\/\/shop.bjerring-sales.dk\/product\/bordsskivor\/#primaryimage"},"thumbnailUrl":"https:\/\/shop.bjerring-sales.dk\/wp-content\/uploads\/2024\/10\/Bordsskiva_180x80_urban_oak.jpg","datePublished":"2022-12-22T11:00:53+00:00","dateModified":"2026-04-17T13:43:12+00:00","description":"Rektangul\u00e4ra bordsskivor i olika storlekar. Beroende p\u00e5 storlek \u00e4r de l\u00e4mpliga att anv\u00e4nda p\u00e5 caf\u00e9er, restauranger, fikarum, hotell, konferenser samt som skrivbord.","breadcrumb":{"@id":"https:\/\/shop.bjerring-sales.dk\/product\/bordsskivor\/#breadcrumb"},"inLanguage":"en-GB","potentialAction":[{"@type":"ReadAction","target":["https:\/\/shop.bjerring-sales.dk\/product\/bordsskivor\/"]}]},{"@type":"ImageObject","inLanguage":"en-GB","@id":"https:\/\/shop.bjerring-sales.dk\/product\/bordsskivor\/#primaryimage","url":"https:\/\/shop.bjerring-sales.dk\/wp-content\/uploads\/2024\/10\/Bordsskiva_180x80_urban_oak.jpg","contentUrl":"https:\/\/shop.bjerring-sales.dk\/wp-content\/uploads\/2024\/10\/Bordsskiva_180x80_urban_oak.jpg","width":800,"height":800},{"@type":"BreadcrumbList","@id":"https:\/\/shop.bjerring-sales.dk\/product\/bordsskivor\/#breadcrumb","itemListElement":[{"@type":"ListItem","position":1,"name":"Hem","item":"https:\/\/shop.bjerring-sales.dk\/"},{"@type":"ListItem","position":2,"name":"Webbutik","item":"https:\/\/shop.bjerring-sales.dk\/butik\/"},{"@type":"ListItem","position":3,"name":"Rektangul\u00e4ra laminatskivor"}]},{"@type":"WebSite","@id":"https:\/\/shop.bjerring-sales.dk\/#website","url":"https:\/\/shop.bjerring-sales.dk\/","name":"Bjerring Sales","description":"Furniture for theatres, schools, offices and shopping centres","publisher":{"@id":"https:\/\/shop.bjerring-sales.dk\/#organization"},"potentialAction":[{"@type":"SearchAction","target":{"@type":"EntryPoint","urlTemplate":"https:\/\/shop.bjerring-sales.dk\/?s={search_term_string}"},"query-input":{"@type":"PropertyValueSpecification","valueRequired":true,"valueName":"search_term_string"}}],"inLanguage":"en-GB"},{"@type":"Organization","@id":"https:\/\/shop.bjerring-sales.dk\/#organization","name":"Bjerring Sales","url":"https:\/\/shop.bjerring-sales.dk\/","logo":{"@type":"ImageObject","inLanguage":"en-GB","@id":"https:\/\/shop.bjerring-sales.dk\/#\/schema\/logo\/image\/","url":"https:\/\/shop.bjerring-sales.dk\/wp-content\/uploads\/2023\/01\/logo_sv.png","contentUrl":"https:\/\/shop.bjerring-sales.dk\/wp-content\/uploads\/2023\/01\/logo_sv.png","width":195,"height":68,"caption":"Bjerring-Sales"},"image":{"@id":"https:\/\/shop.bjerring-sales.dk\/#\/schema\/logo\/image\/"}}]}},"_links":{"self":[{"href":"https:\/\/shop.bjerring-sales.dk\/en\/wp-json\/wp\/v2\/product\/62555","targetHints":{"allow":["GET"]}}],"collection":[{"href":"https:\/\/shop.bjerring-sales.dk\/en\/wp-json\/wp\/v2\/product"}],"about":[{"href":"https:\/\/shop.bjerring-sales.dk\/en\/wp-json\/wp\/v2\/types\/product"}],"wp:featuredmedia":[{"embeddable":true,"href":"https:\/\/shop.bjerring-sales.dk\/en\/wp-json\/wp\/v2\/media\/99408"}],"wp:attachment":[{"href":"https:\/\/shop.bjerring-sales.dk\/en\/wp-json\/wp\/v2\/media?parent=62555"}],"wp:term":[{"taxonomy":"product_brand","embeddable":true,"href":"https:\/\/shop.bjerring-sales.dk\/en\/wp-json\/wp\/v2\/product_brand?post=62555"},{"taxonomy":"product_cat","embeddable":true,"href":"https:\/\/shop.bjerring-sales.dk\/en\/wp-json\/wp\/v2\/product_cat?post=62555"},{"taxonomy":"product_tag","embeddable":true,"href":"https:\/\/shop.bjerring-sales.dk\/en\/wp-json\/wp\/v2\/product_tag?post=62555"}],"curies":[{"name":"wp","href":"https:\/\/api.w.org\/{rel}","templated":true}]}}