{"id":62380,"date":"2018-02-01T00:43:06","date_gmt":"2018-01-31T23:43:06","guid":{"rendered":"https:\/\/pule.se\/produkt\/norman\/"},"modified":"2026-02-17T10:40:33","modified_gmt":"2026-02-17T09:40:33","slug":"norman","status":"publish","type":"product","link":"https:\/\/shop.bjerring-sales.dk\/en\/product\/norman\/","title":{"rendered":"Norman"},"content":{"rendered":"<div class=\"wpb-content-wrapper\"><div class=\"vc_row wpb_row vc_row-fluid\"><div class=\"wpb_column vc_column_container vc_col-sm-12\"><div class=\"vc_column-inner\"><div class=\"wpb_wrapper\">\n\t<div class=\"wpb_text_column wpb_content_element\" >\n\t\t<div class=\"wpb_wrapper\">\n\t\t\t<p><span style=\"font-size: 24pt\">A folding plastic chair from Zown with very good comfort<br \/>\n<\/span>Norman is a stable and durable folding chair and is therefore perfect for e.g. events and parties, but also other events that place high demands on flexibility. The seat and back are made of durable plastic and the stand is a powder-coated tube stand. A good complement to the folding plastic chair Norman is the folding plastic table<span style=\"color: #808080\"> <span style=\"color: #333333\">Event<\/span><\/span> and <span style=\"color: #3366ff\"><span style=\"color: #333333\">Party<\/span><\/span>. The Norman chair is currently available in 3 standard colours, white and light gray and dark grey. The chair is UV- and water-resistant, which makes it suitable for outdoor use. A specially made trolley for the Norman chair is available as an order item. Read more about our custom-made strollers in the Chair strollers category.<\/p>\n\n\t\t<\/div>\n\t<\/div>\n<\/div><\/div><\/div><\/div><div class=\"vc_row wpb_row vc_row-fluid\"><div class=\"wpb_column vc_column_container vc_col-sm-4\"><div class=\"vc_column-inner\"><div class=\"wpb_wrapper\">\n\t<div  class=\"wpb_single_image wpb_content_element vc_align_center\">\n\t\t\n\t\t<figure class=\"wpb_wrapper vc_figure\">\n\t\t\t<div class=\"vc_single_image-wrapper vc_box_shadow_border  vc_box_border_grey\"><img loading=\"lazy\" decoding=\"async\" width=\"800\" height=\"800\" src=\"https:\/\/shop.bjerring-sales.dk\/wp-content\/uploads\/2018\/02\/Bil_Norman_800x800-4.jpg\" class=\"vc_single_image-img attachment-full\" alt=\"\" title=\"Bil_Norman_800x800\" srcset=\"https:\/\/shop.bjerring-sales.dk\/wp-content\/uploads\/2018\/02\/Bil_Norman_800x800-4.jpg 800w, https:\/\/shop.bjerring-sales.dk\/wp-content\/uploads\/2018\/02\/Bil_Norman_800x800-4-300x300.jpg 300w, https:\/\/shop.bjerring-sales.dk\/wp-content\/uploads\/2018\/02\/Bil_Norman_800x800-4-150x150.jpg 150w, https:\/\/shop.bjerring-sales.dk\/wp-content\/uploads\/2018\/02\/Bil_Norman_800x800-4-600x600.jpg 600w, https:\/\/shop.bjerring-sales.dk\/wp-content\/uploads\/2018\/02\/Bil_Norman_800x800-4-768x768.jpg 768w\" sizes=\"auto, (max-width: 800px) 100vw, 800px\" \/><\/div>\n\t\t<\/figure>\n\t<\/div>\n<\/div><\/div><\/div><div class=\"wpb_column vc_column_container vc_col-sm-4\"><div class=\"vc_column-inner\"><div class=\"wpb_wrapper\">\n\t<div  class=\"wpb_single_image wpb_content_element vc_align_center\">\n\t\t\n\t\t<figure class=\"wpb_wrapper vc_figure\">\n\t\t\t<div class=\"vc_single_image-wrapper vc_box_shadow_border  vc_box_border_grey\"><img loading=\"lazy\" decoding=\"async\" width=\"800\" height=\"800\" src=\"https:\/\/shop.bjerring-sales.dk\/wp-content\/uploads\/2018\/02\/Product-in-context_XL180XLMoonNorman-4_800x800.jpg\" class=\"vc_single_image-img attachment-full\" alt=\"\" title=\"Product-in-context_XL180XLMoonNorman-4_800x800\" srcset=\"https:\/\/shop.bjerring-sales.dk\/wp-content\/uploads\/2018\/02\/Product-in-context_XL180XLMoonNorman-4_800x800.jpg 800w, https:\/\/shop.bjerring-sales.dk\/wp-content\/uploads\/2018\/02\/Product-in-context_XL180XLMoonNorman-4_800x800-300x300.jpg 300w, https:\/\/shop.bjerring-sales.dk\/wp-content\/uploads\/2018\/02\/Product-in-context_XL180XLMoonNorman-4_800x800-150x150.jpg 150w, https:\/\/shop.bjerring-sales.dk\/wp-content\/uploads\/2018\/02\/Product-in-context_XL180XLMoonNorman-4_800x800-600x600.jpg 600w, https:\/\/shop.bjerring-sales.dk\/wp-content\/uploads\/2018\/02\/Product-in-context_XL180XLMoonNorman-4_800x800-768x768.jpg 768w\" sizes=\"auto, (max-width: 800px) 100vw, 800px\" \/><\/div>\n\t\t<\/figure>\n\t<\/div>\n<\/div><\/div><\/div><div class=\"wpb_column vc_column_container vc_col-sm-4\"><div class=\"vc_column-inner\"><div class=\"wpb_wrapper\">\n\t<div  class=\"wpb_single_image wpb_content_element vc_align_center\">\n\t\t\n\t\t<figure class=\"wpb_wrapper vc_figure\">\n\t\t\t<div class=\"vc_single_image-wrapper vc_box_shadow_border  vc_box_border_grey\"><img loading=\"lazy\" decoding=\"async\" width=\"800\" height=\"800\" src=\"https:\/\/shop.bjerring-sales.dk\/wp-content\/uploads\/2018\/02\/xProduct-in-context_Planet180Norman-2_800x800.jpg.pagespeed.ic_.ZtbQByEesR.webp\" class=\"vc_single_image-img attachment-full\" alt=\"\" title=\"xProduct-in-context_Planet180Norman-2_800x800.jpg.pagespeed.ic.ZtbQByEesR\" srcset=\"https:\/\/shop.bjerring-sales.dk\/wp-content\/uploads\/2018\/02\/xProduct-in-context_Planet180Norman-2_800x800.jpg.pagespeed.ic_.ZtbQByEesR.webp 800w, https:\/\/shop.bjerring-sales.dk\/wp-content\/uploads\/2018\/02\/xProduct-in-context_Planet180Norman-2_800x800.jpg.pagespeed.ic_.ZtbQByEesR-300x300.webp 300w, https:\/\/shop.bjerring-sales.dk\/wp-content\/uploads\/2018\/02\/xProduct-in-context_Planet180Norman-2_800x800.jpg.pagespeed.ic_.ZtbQByEesR-150x150.webp 150w, https:\/\/shop.bjerring-sales.dk\/wp-content\/uploads\/2018\/02\/xProduct-in-context_Planet180Norman-2_800x800.jpg.pagespeed.ic_.ZtbQByEesR-600x600.webp 600w, https:\/\/shop.bjerring-sales.dk\/wp-content\/uploads\/2018\/02\/xProduct-in-context_Planet180Norman-2_800x800.jpg.pagespeed.ic_.ZtbQByEesR-768x768.webp 768w\" sizes=\"auto, (max-width: 800px) 100vw, 800px\" \/><\/div>\n\t\t<\/figure>\n\t<\/div>\n<\/div><\/div><\/div><\/div><div class=\"vc_row wpb_row vc_row-fluid\"><div class=\"wpb_column vc_column_container vc_col-sm-6\"><div class=\"vc_column-inner\"><div class=\"wpb_wrapper\">\n\t<div class=\"wpb_text_column wpb_content_element\" >\n\t\t<div class=\"wpb_wrapper\">\n\t\t\t<p><span style=\"font-size: 18pt\">Measure<br \/>\n<\/span><\/p>\n<ul>\n<li>Overall dimensions: 860x480x570 mm<\/li>\n<li>Seat height: 450 mm<\/li>\n<li>Seat width: 400 mm<\/li>\n<li>Seat depth: 430 mm<\/li>\n<\/ul>\n<p><span style=\"font-size: 18pt\">Material<\/span><\/p>\n<ul>\n<li>Seat and back in durable polypropylene plastic<\/li>\n<li>Powder-coated steel stand<\/li>\n<li>The chair is UV protected and water resistant<\/li>\n<\/ul>\n\n\t\t<\/div>\n\t<\/div>\n<\/div><\/div><\/div><div class=\"wpb_column vc_column_container vc_col-sm-6\"><div class=\"vc_column-inner\"><div class=\"wpb_wrapper\">\n\t<div class=\"wpb_text_column wpb_content_element\" >\n\t\t<div class=\"wpb_wrapper\">\n\t\t\t<p><span style=\"font-size: 18pt\">Weight<\/span><\/p>\n<ul>\n<li>Weight: 5.1 kg<\/li>\n<li>Max. load: 272 kg<\/li>\n<\/ul>\n<p><span style=\"font-size: 18pt\">Guarantee<br \/>\n<\/span>5 years<\/p>\n\n\t\t<\/div>\n\t<\/div>\n<\/div><\/div><\/div><\/div>\n<\/div>","protected":false},"excerpt":{"rendered":"<p>Norman is a folding plastic chair in a folding model from the manufacturer Zown. Norman is an extremely stable folding chair and is therefore perfect for various events, conferences, and lectures.<\/p>","protected":false},"featured_media":98996,"template":"","meta":{"iawp_total_views":10},"product_brand":[],"product_cat":[5791,5895,6344,6304,6350],"product_tag":[6079,6114,6183,6197,6198,6201],"class_list":{"0":"post-62380","1":"product","2":"type-product","3":"status-publish","4":"has-post-thumbnail","6":"product_cat-stolar","7":"product_cat-fallbara-stolar","8":"product_cat-stolar-utomhus","9":"product_cat-utemobler","10":"product_cat-new-zown-classic","11":"product_tag-new-zown-classic","12":"product_tag-fallbar-stol","13":"product_tag-zown","14":"product_tag-norman-stolen","15":"product_tag-plast-stol","16":"product_tag-klappstol","18":"first","19":"instock","20":"taxable","21":"shipping-taxable","22":"purchasable","23":"product-type-variable"},"yoast_head":"<!-- This site is optimized with the Yoast SEO plugin v27.0 - https:\/\/yoast.com\/product\/yoast-seo-wordpress\/ -->\n<title>Norman - Bjerring-Sales<\/title>\n<meta name=\"description\" content=\"Norman \u00e4r en stabil och t\u00e5lig klappstol och passar d\u00e4rf\u00f6r perfekt till ex. event och fest, men \u00e4ven andra tillst\u00e4llningar som st\u00e4ller h\u00f6ga krav p\u00e5 flexibilitet. Sits och rygg \u00e4r tillverkad i t\u00e5lig plast och stativet \u00e4r en pulverlackad r\u00f6rst\u00e4llning.\" \/>\n<meta name=\"robots\" content=\"index, follow, max-snippet:-1, max-image-preview:large, max-video-preview:-1\" \/>\n<link rel=\"canonical\" href=\"https:\/\/shop.bjerring-sales.dk\/en\/product\/norman\/\" \/>\n<meta property=\"og:locale\" content=\"en_GB\" \/>\n<meta property=\"og:type\" content=\"article\" \/>\n<meta property=\"og:title\" content=\"En f\u00e4llbar plaststol fr\u00e5n Zown med mycket god komfort\" \/>\n<meta property=\"og:description\" content=\"Norman \u00e4r en stabil och t\u00e5lig klappstol och passar d\u00e4rf\u00f6r perfekt till ex. event och fest, men \u00e4ven andra tillst\u00e4llningar som st\u00e4ller h\u00f6ga krav p\u00e5 flexibilitet. Sits och rygg \u00e4r tillverkad i t\u00e5lig plast och stativet \u00e4r en pulverlackad r\u00f6rst\u00e4llning.\" \/>\n<meta property=\"og:url\" content=\"https:\/\/shop.bjerring-sales.dk\/en\/product\/norman\/\" \/>\n<meta property=\"og:site_name\" content=\"Bjerring-Sales\" \/>\n<meta property=\"article:modified_time\" content=\"2026-02-17T09:40:33+00:00\" \/>\n<meta property=\"og:image\" content=\"https:\/\/shop.bjerring-sales.dk\/wp-content\/uploads\/2018\/02\/Product-in-context_XL180XLMoonNorman-4_800x800.jpg\" \/>\n\t<meta property=\"og:image:width\" content=\"800\" \/>\n\t<meta property=\"og:image:height\" content=\"800\" \/>\n\t<meta property=\"og:image:type\" content=\"image\/jpeg\" \/>\n<meta name=\"twitter:card\" content=\"summary_large_image\" \/>\n<meta name=\"twitter:title\" content=\"En f\u00e4llbar plaststol fr\u00e5n Zown med mycket god komfort\" \/>\n<meta name=\"twitter:description\" content=\"Norman \u00e4r en stabil och t\u00e5lig klappstol och passar d\u00e4rf\u00f6r perfekt till ex. event och fest, men \u00e4ven andra tillst\u00e4llningar som st\u00e4ller h\u00f6ga krav p\u00e5 flexibilitet. Sits och rygg \u00e4r tillverkad i t\u00e5lig plast och stativet \u00e4r en pulverlackad r\u00f6rst\u00e4llning.\" \/>\n<meta name=\"twitter:image\" content=\"https:\/\/shop.bjerring-sales.dk\/wp-content\/uploads\/2018\/02\/Product-in-context_XL180XLMoonNorman-4_800x800.jpg\" \/>\n<meta name=\"twitter:label1\" content=\"Estimated reading time\" \/>\n\t<meta name=\"twitter:data1\" content=\"1 minute\" \/>\n<script type=\"application\/ld+json\" class=\"yoast-schema-graph\">{\"@context\":\"https:\/\/schema.org\",\"@graph\":[{\"@type\":\"WebPage\",\"@id\":\"https:\/\/shop.bjerring-sales.dk\/sv\/produkt\/norman\/\",\"url\":\"https:\/\/shop.bjerring-sales.dk\/sv\/produkt\/norman\/\",\"name\":\"Norman - Bjerring-Sales\",\"isPartOf\":{\"@id\":\"https:\/\/shop.bjerring-sales.dk\/#website\"},\"primaryImageOfPage\":{\"@id\":\"https:\/\/shop.bjerring-sales.dk\/sv\/produkt\/norman\/#primaryimage\"},\"image\":{\"@id\":\"https:\/\/shop.bjerring-sales.dk\/sv\/produkt\/norman\/#primaryimage\"},\"thumbnailUrl\":\"https:\/\/shop.bjerring-sales.dk\/wp-content\/uploads\/2024\/10\/Norman-chair-NC-800x800-1.jpg\",\"datePublished\":\"2018-01-31T23:43:06+00:00\",\"dateModified\":\"2026-02-17T09:40:33+00:00\",\"description\":\"Norman \u00e4r en stabil och t\u00e5lig klappstol och passar d\u00e4rf\u00f6r perfekt till ex. event och fest, men \u00e4ven andra tillst\u00e4llningar som st\u00e4ller h\u00f6ga krav p\u00e5 flexibilitet. Sits och rygg \u00e4r tillverkad i t\u00e5lig plast och stativet \u00e4r en pulverlackad r\u00f6rst\u00e4llning.\",\"breadcrumb\":{\"@id\":\"https:\/\/shop.bjerring-sales.dk\/sv\/produkt\/norman\/#breadcrumb\"},\"inLanguage\":\"en-GB\",\"potentialAction\":[{\"@type\":\"ReadAction\",\"target\":[\"https:\/\/shop.bjerring-sales.dk\/sv\/produkt\/norman\/\"]}]},{\"@type\":\"ImageObject\",\"inLanguage\":\"en-GB\",\"@id\":\"https:\/\/shop.bjerring-sales.dk\/sv\/produkt\/norman\/#primaryimage\",\"url\":\"https:\/\/shop.bjerring-sales.dk\/wp-content\/uploads\/2024\/10\/Norman-chair-NC-800x800-1.jpg\",\"contentUrl\":\"https:\/\/shop.bjerring-sales.dk\/wp-content\/uploads\/2024\/10\/Norman-chair-NC-800x800-1.jpg\",\"width\":800,\"height\":800},{\"@type\":\"BreadcrumbList\",\"@id\":\"https:\/\/shop.bjerring-sales.dk\/sv\/produkt\/norman\/#breadcrumb\",\"itemListElement\":[{\"@type\":\"ListItem\",\"position\":1,\"name\":\"Hem\",\"item\":\"https:\/\/shop.bjerring-sales.dk\/\"},{\"@type\":\"ListItem\",\"position\":2,\"name\":\"Webbutik\",\"item\":\"https:\/\/shop.bjerring-sales.dk\/butik\/\"},{\"@type\":\"ListItem\",\"position\":3,\"name\":\"Norman\"}]},{\"@type\":\"WebSite\",\"@id\":\"https:\/\/shop.bjerring-sales.dk\/#website\",\"url\":\"https:\/\/shop.bjerring-sales.dk\/\",\"name\":\"Bjerring-Sales\",\"description\":\"M\u00f6bler f\u00f6r teatrar, skolor, kontor och k\u00f6pcentrum\",\"publisher\":{\"@id\":\"https:\/\/shop.bjerring-sales.dk\/#organization\"},\"potentialAction\":[{\"@type\":\"SearchAction\",\"target\":{\"@type\":\"EntryPoint\",\"urlTemplate\":\"https:\/\/shop.bjerring-sales.dk\/?s={search_term_string}\"},\"query-input\":{\"@type\":\"PropertyValueSpecification\",\"valueRequired\":true,\"valueName\":\"search_term_string\"}}],\"inLanguage\":\"en-GB\"},{\"@type\":\"Organization\",\"@id\":\"https:\/\/shop.bjerring-sales.dk\/#organization\",\"name\":\"Bjerring-Sales\",\"url\":\"https:\/\/shop.bjerring-sales.dk\/\",\"logo\":{\"@type\":\"ImageObject\",\"inLanguage\":\"en-GB\",\"@id\":\"https:\/\/shop.bjerring-sales.dk\/#\/schema\/logo\/image\/\",\"url\":\"https:\/\/shop.bjerring-sales.dk\/wp-content\/uploads\/2023\/01\/logo_sv.png\",\"contentUrl\":\"https:\/\/shop.bjerring-sales.dk\/wp-content\/uploads\/2023\/01\/logo_sv.png\",\"width\":195,\"height\":68,\"caption\":\"Bjerring-Sales\"},\"image\":{\"@id\":\"https:\/\/shop.bjerring-sales.dk\/#\/schema\/logo\/image\/\"}}]}<\/script>\n<!-- \/ Yoast SEO plugin. -->","yoast_head_json":{"title":"Norman - Bjerring-Sales","description":"Norman \u00e4r en stabil och t\u00e5lig klappstol och passar d\u00e4rf\u00f6r perfekt till ex. event och fest, men \u00e4ven andra tillst\u00e4llningar som st\u00e4ller h\u00f6ga krav p\u00e5 flexibilitet. Sits och rygg \u00e4r tillverkad i t\u00e5lig plast och stativet \u00e4r en pulverlackad r\u00f6rst\u00e4llning.","robots":{"index":"index","follow":"follow","max-snippet":"max-snippet:-1","max-image-preview":"max-image-preview:large","max-video-preview":"max-video-preview:-1"},"canonical":"https:\/\/shop.bjerring-sales.dk\/en\/product\/norman\/","og_locale":"en_GB","og_type":"article","og_title":"En f\u00e4llbar plaststol fr\u00e5n Zown med mycket god komfort","og_description":"Norman \u00e4r en stabil och t\u00e5lig klappstol och passar d\u00e4rf\u00f6r perfekt till ex. event och fest, men \u00e4ven andra tillst\u00e4llningar som st\u00e4ller h\u00f6ga krav p\u00e5 flexibilitet. Sits och rygg \u00e4r tillverkad i t\u00e5lig plast och stativet \u00e4r en pulverlackad r\u00f6rst\u00e4llning.","og_url":"https:\/\/shop.bjerring-sales.dk\/en\/product\/norman\/","og_site_name":"Bjerring-Sales","article_modified_time":"2026-02-17T09:40:33+00:00","og_image":[{"width":800,"height":800,"url":"https:\/\/shop.bjerring-sales.dk\/wp-content\/uploads\/2018\/02\/Product-in-context_XL180XLMoonNorman-4_800x800.jpg","type":"image\/jpeg"}],"twitter_card":"summary_large_image","twitter_title":"En f\u00e4llbar plaststol fr\u00e5n Zown med mycket god komfort","twitter_description":"Norman \u00e4r en stabil och t\u00e5lig klappstol och passar d\u00e4rf\u00f6r perfekt till ex. event och fest, men \u00e4ven andra tillst\u00e4llningar som st\u00e4ller h\u00f6ga krav p\u00e5 flexibilitet. Sits och rygg \u00e4r tillverkad i t\u00e5lig plast och stativet \u00e4r en pulverlackad r\u00f6rst\u00e4llning.","twitter_image":"https:\/\/shop.bjerring-sales.dk\/wp-content\/uploads\/2018\/02\/Product-in-context_XL180XLMoonNorman-4_800x800.jpg","twitter_misc":{"Estimated reading time":"1 minute"},"schema":{"@context":"https:\/\/schema.org","@graph":[{"@type":"WebPage","@id":"https:\/\/shop.bjerring-sales.dk\/sv\/produkt\/norman\/","url":"https:\/\/shop.bjerring-sales.dk\/sv\/produkt\/norman\/","name":"Norman - Bjerring-Sales","isPartOf":{"@id":"https:\/\/shop.bjerring-sales.dk\/#website"},"primaryImageOfPage":{"@id":"https:\/\/shop.bjerring-sales.dk\/sv\/produkt\/norman\/#primaryimage"},"image":{"@id":"https:\/\/shop.bjerring-sales.dk\/sv\/produkt\/norman\/#primaryimage"},"thumbnailUrl":"https:\/\/shop.bjerring-sales.dk\/wp-content\/uploads\/2024\/10\/Norman-chair-NC-800x800-1.jpg","datePublished":"2018-01-31T23:43:06+00:00","dateModified":"2026-02-17T09:40:33+00:00","description":"Norman \u00e4r en stabil och t\u00e5lig klappstol och passar d\u00e4rf\u00f6r perfekt till ex. event och fest, men \u00e4ven andra tillst\u00e4llningar som st\u00e4ller h\u00f6ga krav p\u00e5 flexibilitet. Sits och rygg \u00e4r tillverkad i t\u00e5lig plast och stativet \u00e4r en pulverlackad r\u00f6rst\u00e4llning.","breadcrumb":{"@id":"https:\/\/shop.bjerring-sales.dk\/sv\/produkt\/norman\/#breadcrumb"},"inLanguage":"en-GB","potentialAction":[{"@type":"ReadAction","target":["https:\/\/shop.bjerring-sales.dk\/sv\/produkt\/norman\/"]}]},{"@type":"ImageObject","inLanguage":"en-GB","@id":"https:\/\/shop.bjerring-sales.dk\/sv\/produkt\/norman\/#primaryimage","url":"https:\/\/shop.bjerring-sales.dk\/wp-content\/uploads\/2024\/10\/Norman-chair-NC-800x800-1.jpg","contentUrl":"https:\/\/shop.bjerring-sales.dk\/wp-content\/uploads\/2024\/10\/Norman-chair-NC-800x800-1.jpg","width":800,"height":800},{"@type":"BreadcrumbList","@id":"https:\/\/shop.bjerring-sales.dk\/sv\/produkt\/norman\/#breadcrumb","itemListElement":[{"@type":"ListItem","position":1,"name":"Hem","item":"https:\/\/shop.bjerring-sales.dk\/"},{"@type":"ListItem","position":2,"name":"Webbutik","item":"https:\/\/shop.bjerring-sales.dk\/butik\/"},{"@type":"ListItem","position":3,"name":"Norman"}]},{"@type":"WebSite","@id":"https:\/\/shop.bjerring-sales.dk\/#website","url":"https:\/\/shop.bjerring-sales.dk\/","name":"Bjerring Sales","description":"Furniture for theatres, schools, offices and shopping centres","publisher":{"@id":"https:\/\/shop.bjerring-sales.dk\/#organization"},"potentialAction":[{"@type":"SearchAction","target":{"@type":"EntryPoint","urlTemplate":"https:\/\/shop.bjerring-sales.dk\/?s={search_term_string}"},"query-input":{"@type":"PropertyValueSpecification","valueRequired":true,"valueName":"search_term_string"}}],"inLanguage":"en-GB"},{"@type":"Organization","@id":"https:\/\/shop.bjerring-sales.dk\/#organization","name":"Bjerring Sales","url":"https:\/\/shop.bjerring-sales.dk\/","logo":{"@type":"ImageObject","inLanguage":"en-GB","@id":"https:\/\/shop.bjerring-sales.dk\/#\/schema\/logo\/image\/","url":"https:\/\/shop.bjerring-sales.dk\/wp-content\/uploads\/2023\/01\/logo_sv.png","contentUrl":"https:\/\/shop.bjerring-sales.dk\/wp-content\/uploads\/2023\/01\/logo_sv.png","width":195,"height":68,"caption":"Bjerring-Sales"},"image":{"@id":"https:\/\/shop.bjerring-sales.dk\/#\/schema\/logo\/image\/"}}]}},"_links":{"self":[{"href":"https:\/\/shop.bjerring-sales.dk\/en\/wp-json\/wp\/v2\/product\/62380","targetHints":{"allow":["GET"]}}],"collection":[{"href":"https:\/\/shop.bjerring-sales.dk\/en\/wp-json\/wp\/v2\/product"}],"about":[{"href":"https:\/\/shop.bjerring-sales.dk\/en\/wp-json\/wp\/v2\/types\/product"}],"wp:featuredmedia":[{"embeddable":true,"href":"https:\/\/shop.bjerring-sales.dk\/en\/wp-json\/wp\/v2\/media\/98996"}],"wp:attachment":[{"href":"https:\/\/shop.bjerring-sales.dk\/en\/wp-json\/wp\/v2\/media?parent=62380"}],"wp:term":[{"taxonomy":"product_brand","embeddable":true,"href":"https:\/\/shop.bjerring-sales.dk\/en\/wp-json\/wp\/v2\/product_brand?post=62380"},{"taxonomy":"product_cat","embeddable":true,"href":"https:\/\/shop.bjerring-sales.dk\/en\/wp-json\/wp\/v2\/product_cat?post=62380"},{"taxonomy":"product_tag","embeddable":true,"href":"https:\/\/shop.bjerring-sales.dk\/en\/wp-json\/wp\/v2\/product_tag?post=62380"}],"curies":[{"name":"wp","href":"https:\/\/api.w.org\/{rel}","templated":true}]}}