{"id":62335,"date":"2018-02-02T19:23:21","date_gmt":"2018-02-02T18:23:21","guid":{"rendered":"https:\/\/pule.se\/produkt\/bankett\/"},"modified":"2026-04-09T16:14:23","modified_gmt":"2026-04-09T14:14:23","slug":"bankett","status":"publish","type":"product","link":"https:\/\/shop.bjerring-sales.dk\/en\/product\/bankett\/","title":{"rendered":"Banquet"},"content":{"rendered":"<div class=\"wpb-content-wrapper\"><div class=\"vc_row wpb_row vc_row-fluid\"><div class=\"wpb_column vc_column_container vc_col-sm-12\"><div class=\"vc_column-inner\"><div class=\"wpb_wrapper\">\n\t<div class=\"wpb_text_column wpb_content_element\" >\n\t\t<div class=\"wpb_wrapper\">\n\t\t\t<p><span style=\"font-size: 24pt\">The folding table Banquet \u2013 Choose the type of table top and size<br \/>\n<\/span>Our Banquet table combines high quality with a simple and stylish design. We have continuously improved the construction of this table to ensure maximum durability and lightness. Our updated design makes it easy to transport and use, whether in restaurants, lunch rooms, at parties or other events.<\/p>\n\n\t\t<\/div>\n\t<\/div>\n<\/div><\/div><\/div><\/div><div class=\"vc_row wpb_row vc_row-fluid\"><div class=\"wpb_column vc_column_container vc_col-sm-6\"><div class=\"vc_column-inner\"><div class=\"wpb_wrapper\">\n\t<div  class=\"wpb_single_image wpb_content_element vc_align_center\">\n\t\t\n\t\t<figure class=\"wpb_wrapper vc_figure\">\n\t\t\t<div class=\"vc_single_image-wrapper vc_box_shadow_border  vc_box_border_grey\"><img loading=\"lazy\" decoding=\"async\" width=\"800\" height=\"550\" src=\"https:\/\/shop.bjerring-sales.dk\/wp-content\/uploads\/2018\/02\/xgala-1.webp\" class=\"vc_single_image-img attachment-full\" alt=\"\" title=\"xgala-1\" srcset=\"https:\/\/shop.bjerring-sales.dk\/wp-content\/uploads\/2018\/02\/xgala-1.webp 800w, https:\/\/shop.bjerring-sales.dk\/wp-content\/uploads\/2018\/02\/xgala-1-300x206.webp 300w, https:\/\/shop.bjerring-sales.dk\/wp-content\/uploads\/2018\/02\/xgala-1-768x528.webp 768w, https:\/\/shop.bjerring-sales.dk\/wp-content\/uploads\/2018\/02\/xgala-1-18x12.webp 18w, https:\/\/shop.bjerring-sales.dk\/wp-content\/uploads\/2018\/02\/xgala-1-600x413.webp 600w, https:\/\/shop.bjerring-sales.dk\/wp-content\/uploads\/2018\/02\/xgala-1-150x103.webp 150w\" sizes=\"auto, (max-width: 800px) 100vw, 800px\" \/><\/div>\n\t\t<\/figure>\n\t<\/div>\n<\/div><\/div><\/div><div class=\"wpb_column vc_column_container vc_col-sm-6\"><div class=\"vc_column-inner\"><div class=\"wpb_wrapper\">\n\t<div  class=\"wpb_single_image wpb_content_element vc_align_center\">\n\t\t\n\t\t<figure class=\"wpb_wrapper vc_figure\">\n\t\t\t<div class=\"vc_single_image-wrapper vc_box_shadow_border  vc_box_border_grey\"><img loading=\"lazy\" decoding=\"async\" width=\"800\" height=\"550\" src=\"https:\/\/shop.bjerring-sales.dk\/wp-content\/uploads\/2018\/02\/xELJ_BK160-53A.webp\" class=\"vc_single_image-img attachment-full\" alt=\"\" title=\"xELJ_BK160-53A\" srcset=\"https:\/\/shop.bjerring-sales.dk\/wp-content\/uploads\/2018\/02\/xELJ_BK160-53A.webp 800w, https:\/\/shop.bjerring-sales.dk\/wp-content\/uploads\/2018\/02\/xELJ_BK160-53A-300x206.webp 300w, https:\/\/shop.bjerring-sales.dk\/wp-content\/uploads\/2018\/02\/xELJ_BK160-53A-768x528.webp 768w, https:\/\/shop.bjerring-sales.dk\/wp-content\/uploads\/2018\/02\/xELJ_BK160-53A-18x12.webp 18w, https:\/\/shop.bjerring-sales.dk\/wp-content\/uploads\/2018\/02\/xELJ_BK160-53A-600x413.webp 600w, https:\/\/shop.bjerring-sales.dk\/wp-content\/uploads\/2018\/02\/xELJ_BK160-53A-150x103.webp 150w\" sizes=\"auto, (max-width: 800px) 100vw, 800px\" \/><\/div>\n\t\t<\/figure>\n\t<\/div>\n<\/div><\/div><\/div><\/div><div class=\"vc_row wpb_row vc_row-fluid\"><div class=\"wpb_column vc_column_container vc_col-sm-6\"><div class=\"vc_column-inner\"><div class=\"wpb_wrapper\">\n\t<div class=\"wpb_text_column wpb_content_element\" >\n\t\t<div class=\"wpb_wrapper\">\n\t\t\t<p><span style=\"font-size: 18pt\">Use<br \/>\n<\/span>Our Banquet table is available in five different sizes, and you can customize it to your specific needs. Choose between two options for the table top: a white laminate top or a sound-reducing top with a black edge. The table frame is made of a powder-coated steel structure in a stylish gray or black color.<\/p>\n<p>With our Banquet table you get great functionality at a reasonable price. Feel free to explore our other range and invest in high quality tables and chairs. Choose your preferred table top and size to create the perfect experience for your events.<\/p>\n<p><span style=\"font-size: 18pt\">Specifications<\/span><\/p>\n<ul>\n<li>2 different boards \u2013 white laminate, white soft board with black edge strip (sound-absorbing)<\/li>\n<li>Stand in silver gray and black<\/li>\n<li>Stocked in 5 sizes<\/li>\n<\/ul>\n\n\t\t<\/div>\n\t<\/div>\n<\/div><\/div><\/div><div class=\"wpb_column vc_column_container vc_col-sm-6\"><div class=\"vc_column-inner\"><div class=\"wpb_wrapper\">\n\t<div class=\"wpb_text_column wpb_content_element\" >\n\t\t<div class=\"wpb_wrapper\">\n\t\t\t<p><span style=\"font-size: 18pt\">Weights and Measures<\/span><\/p>\n<table>\n<tbody>\n<tr>\n<td><strong>Length<\/strong><\/td>\n<td><strong>Width<\/strong><\/td>\n<td><strong>Height<\/strong><\/td>\n<td><strong>Weight<\/strong><\/td>\n<\/tr>\n<tr>\n<td>\u00d81200 mm (laminate)<\/td>\n<td>\u00d81200mm<\/td>\n<td>740mm<\/td>\n<td>27.5 kg<\/td>\n<\/tr>\n<tr>\n<td>\u00d81200 mm (soundproof)<\/td>\n<td>\u00d81200mm<\/td>\n<td>740mm<\/td>\n<td>24.5 kg<\/td>\n<\/tr>\n<tr>\n<td>\u00d81500 mm (laminate)<\/td>\n<td>\u00d81500mm<\/td>\n<td>740mm<\/td>\n<td>35 kg<\/td>\n<\/tr>\n<tr>\n<td>\u00d81500 mm (soundproof)<\/td>\n<td>\u00d81500mm<\/td>\n<td>740mm<\/td>\n<td>32.5 kg<\/td>\n<\/tr>\n<tr>\n<td>\u00d81600 mm (laminate)<\/td>\n<td>\u00d81600mm<\/td>\n<td>740mm<\/td>\n<td>38.5 kg<\/td>\n<\/tr>\n<tr>\n<td>\u00d81600 mm (soundproof)<\/td>\n<td>\u00d81600mm<\/td>\n<td>740mm<\/td>\n<td>35.5 kg<\/td>\n<\/tr>\n<tr>\n<td>\u00d81700 mm (laminate)<\/td>\n<td>\u00d81700mm<\/td>\n<td>740mm<\/td>\n<td>41.5 kg<\/td>\n<\/tr>\n<tr>\n<td>\u00d81800 mm (soundproof)<\/td>\n<td>\u00d81800mm<\/td>\n<td>740mm<\/td>\n<td>40.5 kg<\/td>\n<\/tr>\n<\/tbody>\n<\/table>\n\n\t\t<\/div>\n\t<\/div>\n<\/div><\/div><\/div><\/div>\n<\/div>","protected":false},"excerpt":{"rendered":"<p>Our Banquet table is available in four different sizes, and you have the option to adapt it to your specific needs. Choose between two options for the tabletop: a white laminate top or a sound-reducing top with black edging.<\/p>","protected":false},"featured_media":99994,"template":"","meta":{"iawp_total_views":10},"product_brand":[],"product_cat":[5787,5863],"product_tag":[6085,6185,6190,6191],"class_list":{"0":"post-62335","1":"product","2":"type-product","3":"status-publish","4":"has-post-thumbnail","6":"product_cat-bord","7":"product_cat-fallbara-bord","8":"product_tag-fallbart-bord","9":"product_tag-runt-bord","10":"product_tag-bankett-bordet","11":"product_tag-ljuddampande-bord","13":"first","14":"instock","15":"taxable","16":"shipping-taxable","17":"purchasable","18":"product-type-variable"},"yoast_head":"<!-- This site is optimized with the Yoast SEO plugin v27.0 - https:\/\/yoast.com\/product\/yoast-seo-wordpress\/ -->\n<title>Bankett - Bjerring-Sales<\/title>\n<meta name=\"description\" content=\"Bankett bordet \u00e4r det perfekta bordet till festen som h\u00e5ller b\u00e5de kvalitetsm\u00e4ssigt och stilm\u00e4ssigt. Vi har hela tiden utvecklat konstruktionen f\u00f6r att optimera bordets b\u00e4rkraft och vikt.\" \/>\n<meta name=\"robots\" content=\"index, follow, max-snippet:-1, max-image-preview:large, max-video-preview:-1\" \/>\n<link rel=\"canonical\" href=\"https:\/\/shop.bjerring-sales.dk\/en\/product\/bankett\/\" \/>\n<meta property=\"og:locale\" content=\"en_GB\" \/>\n<meta property=\"og:type\" content=\"article\" \/>\n<meta property=\"og:title\" content=\"Det f\u00e4llbara bordet Bankett\" \/>\n<meta property=\"og:description\" content=\"Bankett bordet \u00e4r det perfekta bordet till festen som h\u00e5ller b\u00e5de kvalitetsm\u00e4ssigt och stilm\u00e4ssigt. Vi har hela tiden utvecklat konstruktionen f\u00f6r att optimera bordets b\u00e4rkraft och vikt.\" \/>\n<meta property=\"og:url\" content=\"https:\/\/shop.bjerring-sales.dk\/en\/product\/bankett\/\" \/>\n<meta property=\"og:site_name\" content=\"Bjerring-Sales\" \/>\n<meta property=\"article:modified_time\" content=\"2026-04-09T14:14:23+00:00\" \/>\n<meta property=\"og:image\" content=\"https:\/\/shop.bjerring-sales.dk\/wp-content\/uploads\/2018\/02\/xELJ_BK160-53A.webp\" \/>\n\t<meta property=\"og:image:width\" content=\"800\" \/>\n\t<meta property=\"og:image:height\" content=\"550\" \/>\n\t<meta property=\"og:image:type\" content=\"image\/webp\" \/>\n<meta name=\"twitter:card\" content=\"summary_large_image\" \/>\n<meta name=\"twitter:title\" content=\"Det f\u00e4llbara bordet Bankett\" \/>\n<meta name=\"twitter:description\" content=\"Bankett bordet \u00e4r det perfekta bordet till festen som h\u00e5ller b\u00e5de kvalitetsm\u00e4ssigt och stilm\u00e4ssigt. Vi har hela tiden utvecklat konstruktionen f\u00f6r att optimera bordets b\u00e4rkraft och vikt.\" \/>\n<meta name=\"twitter:image\" content=\"https:\/\/shop.bjerring-sales.dk\/wp-content\/uploads\/2018\/02\/xELJ_BK160-53A.webp\" \/>\n<meta name=\"twitter:label1\" content=\"Estimated reading time\" \/>\n\t<meta name=\"twitter:data1\" content=\"2 minutes\" \/>\n<script type=\"application\/ld+json\" class=\"yoast-schema-graph\">{\"@context\":\"https:\/\/schema.org\",\"@graph\":[{\"@type\":\"WebPage\",\"@id\":\"https:\/\/shop.bjerring-sales.dk\/sv\/produkt\/bankett\/\",\"url\":\"https:\/\/shop.bjerring-sales.dk\/sv\/produkt\/bankett\/\",\"name\":\"Bankett - Bjerring-Sales\",\"isPartOf\":{\"@id\":\"https:\/\/shop.bjerring-sales.dk\/#website\"},\"primaryImageOfPage\":{\"@id\":\"https:\/\/shop.bjerring-sales.dk\/sv\/produkt\/bankett\/#primaryimage\"},\"image\":{\"@id\":\"https:\/\/shop.bjerring-sales.dk\/sv\/produkt\/bankett\/#primaryimage\"},\"thumbnailUrl\":\"https:\/\/shop.bjerring-sales.dk\/wp-content\/uploads\/2024\/10\/webb-bankett02-1.jpg\",\"datePublished\":\"2018-02-02T18:23:21+00:00\",\"dateModified\":\"2026-04-09T14:14:23+00:00\",\"description\":\"Bankett bordet \u00e4r det perfekta bordet till festen som h\u00e5ller b\u00e5de kvalitetsm\u00e4ssigt och stilm\u00e4ssigt. Vi har hela tiden utvecklat konstruktionen f\u00f6r att optimera bordets b\u00e4rkraft och vikt.\",\"breadcrumb\":{\"@id\":\"https:\/\/shop.bjerring-sales.dk\/sv\/produkt\/bankett\/#breadcrumb\"},\"inLanguage\":\"en-GB\",\"potentialAction\":[{\"@type\":\"ReadAction\",\"target\":[\"https:\/\/shop.bjerring-sales.dk\/sv\/produkt\/bankett\/\"]}]},{\"@type\":\"ImageObject\",\"inLanguage\":\"en-GB\",\"@id\":\"https:\/\/shop.bjerring-sales.dk\/sv\/produkt\/bankett\/#primaryimage\",\"url\":\"https:\/\/shop.bjerring-sales.dk\/wp-content\/uploads\/2024\/10\/webb-bankett02-1.jpg\",\"contentUrl\":\"https:\/\/shop.bjerring-sales.dk\/wp-content\/uploads\/2024\/10\/webb-bankett02-1.jpg\",\"width\":800,\"height\":800},{\"@type\":\"BreadcrumbList\",\"@id\":\"https:\/\/shop.bjerring-sales.dk\/sv\/produkt\/bankett\/#breadcrumb\",\"itemListElement\":[{\"@type\":\"ListItem\",\"position\":1,\"name\":\"Hem\",\"item\":\"https:\/\/shop.bjerring-sales.dk\/\"},{\"@type\":\"ListItem\",\"position\":2,\"name\":\"Webbutik\",\"item\":\"https:\/\/shop.bjerring-sales.dk\/butik\/\"},{\"@type\":\"ListItem\",\"position\":3,\"name\":\"Bankett\"}]},{\"@type\":\"WebSite\",\"@id\":\"https:\/\/shop.bjerring-sales.dk\/#website\",\"url\":\"https:\/\/shop.bjerring-sales.dk\/\",\"name\":\"Bjerring-Sales\",\"description\":\"M\u00f6bler f\u00f6r teatrar, skolor, kontor och k\u00f6pcentrum\",\"publisher\":{\"@id\":\"https:\/\/shop.bjerring-sales.dk\/#organization\"},\"potentialAction\":[{\"@type\":\"SearchAction\",\"target\":{\"@type\":\"EntryPoint\",\"urlTemplate\":\"https:\/\/shop.bjerring-sales.dk\/?s={search_term_string}\"},\"query-input\":{\"@type\":\"PropertyValueSpecification\",\"valueRequired\":true,\"valueName\":\"search_term_string\"}}],\"inLanguage\":\"en-GB\"},{\"@type\":\"Organization\",\"@id\":\"https:\/\/shop.bjerring-sales.dk\/#organization\",\"name\":\"Bjerring-Sales\",\"url\":\"https:\/\/shop.bjerring-sales.dk\/\",\"logo\":{\"@type\":\"ImageObject\",\"inLanguage\":\"en-GB\",\"@id\":\"https:\/\/shop.bjerring-sales.dk\/#\/schema\/logo\/image\/\",\"url\":\"https:\/\/shop.bjerring-sales.dk\/wp-content\/uploads\/2023\/01\/logo_sv.png\",\"contentUrl\":\"https:\/\/shop.bjerring-sales.dk\/wp-content\/uploads\/2023\/01\/logo_sv.png\",\"width\":195,\"height\":68,\"caption\":\"Bjerring-Sales\"},\"image\":{\"@id\":\"https:\/\/shop.bjerring-sales.dk\/#\/schema\/logo\/image\/\"}}]}<\/script>\n<!-- \/ Yoast SEO plugin. -->","yoast_head_json":{"title":"Bankett - Bjerring-Sales","description":"The banquet table is the perfect table for the party that lasts both in terms of quality and style. We have constantly developed the design to optimize the table&#039;s carrying capacity and weight.","robots":{"index":"index","follow":"follow","max-snippet":"max-snippet:-1","max-image-preview":"max-image-preview:large","max-video-preview":"max-video-preview:-1"},"canonical":"https:\/\/shop.bjerring-sales.dk\/en\/product\/bankett\/","og_locale":"en_GB","og_type":"article","og_title":"Det f\u00e4llbara bordet Bankett","og_description":"Bankett bordet \u00e4r det perfekta bordet till festen som h\u00e5ller b\u00e5de kvalitetsm\u00e4ssigt och stilm\u00e4ssigt. Vi har hela tiden utvecklat konstruktionen f\u00f6r att optimera bordets b\u00e4rkraft och vikt.","og_url":"https:\/\/shop.bjerring-sales.dk\/en\/product\/bankett\/","og_site_name":"Bjerring-Sales","article_modified_time":"2026-04-09T14:14:23+00:00","og_image":[{"width":800,"height":550,"url":"https:\/\/shop.bjerring-sales.dk\/wp-content\/uploads\/2018\/02\/xELJ_BK160-53A.webp","type":"image\/webp"}],"twitter_card":"summary_large_image","twitter_title":"Det f\u00e4llbara bordet Bankett","twitter_description":"Bankett bordet \u00e4r det perfekta bordet till festen som h\u00e5ller b\u00e5de kvalitetsm\u00e4ssigt och stilm\u00e4ssigt. Vi har hela tiden utvecklat konstruktionen f\u00f6r att optimera bordets b\u00e4rkraft och vikt.","twitter_image":"https:\/\/shop.bjerring-sales.dk\/wp-content\/uploads\/2018\/02\/xELJ_BK160-53A.webp","twitter_misc":{"Estimated reading time":"2 minutes"},"schema":{"@context":"https:\/\/schema.org","@graph":[{"@type":"WebPage","@id":"https:\/\/shop.bjerring-sales.dk\/sv\/produkt\/bankett\/","url":"https:\/\/shop.bjerring-sales.dk\/sv\/produkt\/bankett\/","name":"Bankett - Bjerring-Sales","isPartOf":{"@id":"https:\/\/shop.bjerring-sales.dk\/#website"},"primaryImageOfPage":{"@id":"https:\/\/shop.bjerring-sales.dk\/sv\/produkt\/bankett\/#primaryimage"},"image":{"@id":"https:\/\/shop.bjerring-sales.dk\/sv\/produkt\/bankett\/#primaryimage"},"thumbnailUrl":"https:\/\/shop.bjerring-sales.dk\/wp-content\/uploads\/2024\/10\/webb-bankett02-1.jpg","datePublished":"2018-02-02T18:23:21+00:00","dateModified":"2026-04-09T14:14:23+00:00","description":"The banquet table is the perfect table for the party that lasts both in terms of quality and style. We have constantly developed the design to optimize the table&#039;s carrying capacity and weight.","breadcrumb":{"@id":"https:\/\/shop.bjerring-sales.dk\/sv\/produkt\/bankett\/#breadcrumb"},"inLanguage":"en-GB","potentialAction":[{"@type":"ReadAction","target":["https:\/\/shop.bjerring-sales.dk\/sv\/produkt\/bankett\/"]}]},{"@type":"ImageObject","inLanguage":"en-GB","@id":"https:\/\/shop.bjerring-sales.dk\/sv\/produkt\/bankett\/#primaryimage","url":"https:\/\/shop.bjerring-sales.dk\/wp-content\/uploads\/2024\/10\/webb-bankett02-1.jpg","contentUrl":"https:\/\/shop.bjerring-sales.dk\/wp-content\/uploads\/2024\/10\/webb-bankett02-1.jpg","width":800,"height":800},{"@type":"BreadcrumbList","@id":"https:\/\/shop.bjerring-sales.dk\/sv\/produkt\/bankett\/#breadcrumb","itemListElement":[{"@type":"ListItem","position":1,"name":"Hem","item":"https:\/\/shop.bjerring-sales.dk\/"},{"@type":"ListItem","position":2,"name":"Webbutik","item":"https:\/\/shop.bjerring-sales.dk\/butik\/"},{"@type":"ListItem","position":3,"name":"Bankett"}]},{"@type":"WebSite","@id":"https:\/\/shop.bjerring-sales.dk\/#website","url":"https:\/\/shop.bjerring-sales.dk\/","name":"Bjerring Sales","description":"Furniture for theatres, schools, offices and shopping centres","publisher":{"@id":"https:\/\/shop.bjerring-sales.dk\/#organization"},"potentialAction":[{"@type":"SearchAction","target":{"@type":"EntryPoint","urlTemplate":"https:\/\/shop.bjerring-sales.dk\/?s={search_term_string}"},"query-input":{"@type":"PropertyValueSpecification","valueRequired":true,"valueName":"search_term_string"}}],"inLanguage":"en-GB"},{"@type":"Organization","@id":"https:\/\/shop.bjerring-sales.dk\/#organization","name":"Bjerring Sales","url":"https:\/\/shop.bjerring-sales.dk\/","logo":{"@type":"ImageObject","inLanguage":"en-GB","@id":"https:\/\/shop.bjerring-sales.dk\/#\/schema\/logo\/image\/","url":"https:\/\/shop.bjerring-sales.dk\/wp-content\/uploads\/2023\/01\/logo_sv.png","contentUrl":"https:\/\/shop.bjerring-sales.dk\/wp-content\/uploads\/2023\/01\/logo_sv.png","width":195,"height":68,"caption":"Bjerring-Sales"},"image":{"@id":"https:\/\/shop.bjerring-sales.dk\/#\/schema\/logo\/image\/"}}]}},"_links":{"self":[{"href":"https:\/\/shop.bjerring-sales.dk\/en\/wp-json\/wp\/v2\/product\/62335","targetHints":{"allow":["GET"]}}],"collection":[{"href":"https:\/\/shop.bjerring-sales.dk\/en\/wp-json\/wp\/v2\/product"}],"about":[{"href":"https:\/\/shop.bjerring-sales.dk\/en\/wp-json\/wp\/v2\/types\/product"}],"wp:featuredmedia":[{"embeddable":true,"href":"https:\/\/shop.bjerring-sales.dk\/en\/wp-json\/wp\/v2\/media\/99994"}],"wp:attachment":[{"href":"https:\/\/shop.bjerring-sales.dk\/en\/wp-json\/wp\/v2\/media?parent=62335"}],"wp:term":[{"taxonomy":"product_brand","embeddable":true,"href":"https:\/\/shop.bjerring-sales.dk\/en\/wp-json\/wp\/v2\/product_brand?post=62335"},{"taxonomy":"product_cat","embeddable":true,"href":"https:\/\/shop.bjerring-sales.dk\/en\/wp-json\/wp\/v2\/product_cat?post=62335"},{"taxonomy":"product_tag","embeddable":true,"href":"https:\/\/shop.bjerring-sales.dk\/en\/wp-json\/wp\/v2\/product_tag?post=62335"}],"curies":[{"name":"wp","href":"https:\/\/api.w.org\/{rel}","templated":true}]}}